{"id":24527,"date":"2025-04-06T14:42:46","date_gmt":"2025-04-06T20:42:46","guid":{"rendered":"https:\/\/www.mexicanguitarplayers.com\/tienda\/sin categor\u00eda\/soporte-maxima-p-tarola-ss-102\/"},"modified":"2026-05-01T07:29:52","modified_gmt":"2026-05-01T13:29:52","slug":"soporte-maxima-p-tarola-ss-102","status":"publish","type":"product","link":"https:\/\/www.mexicanguitarplayers.com\/en\/tienda\/accesorios\/para-bateria\/hardware-para-bateria\/atriles\/soporte-maxima-p-tarola-ss-102\/","title":{"rendered":"SOPORTE MAXIMA P\/TAROLA     SS-102"},"content":{"rendered":"<div style=\"text-align: justify\">\n<div>\n<h3>M\u00e1xima resistencia.<\/h3>\n<\/div>\n<div>Los instrumentos de M\u00e1xima est\u00e1n especialmente dise\u00f1ados para el m\u00fasico principiante, teniendo en cuenta la comodidad, facilidad y un precio muy asequible. Ideales para aprender y se caracterizan por su resistencia y durabilidad. Los instrumentos de M\u00e1xima marcar\u00e1n la pauta para un gran aprendizaje productivo y divertido. El soporte Maxima SM-616 para tarola cuenta con tres puntos de agarre, mecanismo de inclinaci\u00f3n, patas de doble solera con gomas para evitar deslizamientos, gomas en los puntos de sujeci\u00f3n, ajuste de tensi\u00f3n por medio de presi\u00f3n en los brazos, un ajuste de altura, mariposas met\u00e1licas, tiene un terminado cromado y es estable y seguro.<\/div>\n<div>\n<h4>Characteristics<\/h4>\n<\/div>\n<div>\n<ul style=\"margin: 0px 0px 0px 25px\">\n<li style=\"list-style-type: circle;margin: 5px\">Tres puntos de agarre.<\/li>\n<li style=\"list-style-type: circle;margin: 5px\">Mecanismo de inclinaci\u00f3n.<\/li>\n<li style=\"list-style-type: circle;margin: 5px\">Patas de doble solera con gomas para evitar deslizamientos.<\/li>\n<li style=\"list-style-type: circle;margin: 5px\">Gomas en los puntos de sujeci\u00f3n.<\/li>\n<li style=\"list-style-type: circle;margin: 5px\">Ajuste de tensi\u00f3n por medio de presi\u00f3n en los brazos.<\/li>\n<li style=\"list-style-type: circle;margin: 5px\">Un ajuste de altura.<\/li>\n<li style=\"list-style-type: circle;margin: 5px\">Mariposas met\u00e1licas.<\/li>\n<li style=\"list-style-type: circle;margin: 5px\">Terminado cromado.<\/li>\n<li style=\"list-style-type: circle;margin: 5px\">Estable y seguro.<\/li>\n<\/ul>\n<\/div>\n<\/div>","protected":false},"excerpt":{"rendered":"<p>Atril Maxima para tarola. Modelo: SS-102. Tres puntos de agarre. Mecanismo de inclinaci\u00f3n. Patas de doble solera con gomas para evitar deslizamientos. Gomas enlos puntos de sujeci\u00f3n. Ajuste de tensi\u00f3n por medio de presi\u00f3n en los brazos. Unajuste de altura. Mariposas met\u00e1licas. Terminado cromado. Estable y seguro.&hellip; <a class=\"kt-excerpt-readmore more-link\" href=\"https:\/\/www.mexicanguitarplayers.com\/en\/tienda\/accesorios\/para-bateria\/hardware-para-bateria\/atriles\/soporte-maxima-p-tarola-ss-102\/\">Read more<\/a><\/p>","protected":false},"featured_media":24526,"comment_status":"open","ping_status":"closed","template":"","meta":{"kt_blocks_editor_width":""},"pwb-brand":[288],"product_brand":[],"product_cat":[85,515,435,306],"product_tag":[],"class_list":{"0":"post-24527","1":"product","2":"type-product","3":"status-publish","4":"has-post-thumbnail","6":"pwb-brand-maxima","7":"product_cat-accesorios","8":"product_cat-atriles","9":"product_cat-hardware-para-bateria","10":"product_cat-para-bateria","11":"product_shipping_class-0-5-kg","13":"first","14":"instock","15":"taxable","16":"shipping-taxable","17":"purchasable","18":"product-type-simple"},"yoast_head":"<!-- This site is optimized with the Yoast SEO plugin v27.5 - https:\/\/yoast.com\/product\/yoast-seo-wordpress\/ -->\n<title>SOPORTE MAXIMA P\/TAROLA   SS-102 - Mexican Guitar Players<\/title>\n<meta name=\"description\" content=\"Atril Maxima para tarola. Modelo: SS-102. Tres puntos de agarre. Mecanismo de inclinaci\u00f3n. Patas de doble solera con gomas para evitar deslizamientos. Gomas enlos puntos de sujeci\u00f3n. Ajuste de tensi\u00f3n por medio de presi\u00f3n en los brazos. Unajuste de altura. Mariposas met\u00e1licas. Terminado cromado. Estable y seguro.\" \/>\n<meta name=\"robots\" content=\"index, follow, max-snippet:-1, max-image-preview:large, max-video-preview:-1\" \/>\n<link rel=\"canonical\" href=\"https:\/\/www.mexicanguitarplayers.com\/en\/tienda\/sin%20categor\u00eda\/soporte-maxima-p-tarola-ss-102\/\" \/>\n<meta property=\"og:locale\" content=\"en_US\" \/>\n<meta property=\"og:type\" content=\"article\" \/>\n<meta property=\"og:title\" content=\"SOPORTE MAXIMA P\/TAROLA   SS-102 - Mexican Guitar Players\" \/>\n<meta property=\"og:description\" content=\"Atril Maxima para tarola. Modelo: SS-102. Tres puntos de agarre. Mecanismo de inclinaci\u00f3n. Patas de doble solera con gomas para evitar deslizamientos. Gomas enlos puntos de sujeci\u00f3n. Ajuste de tensi\u00f3n por medio de presi\u00f3n en los brazos. Unajuste de altura. Mariposas met\u00e1licas. Terminado cromado. Estable y seguro.\" \/>\n<meta property=\"og:url\" content=\"https:\/\/www.mexicanguitarplayers.com\/en\/tienda\/sin categor\u00eda\/soporte-maxima-p-tarola-ss-102\/\" \/>\n<meta property=\"og:site_name\" content=\"Mexican Guitar Players\" \/>\n<meta property=\"article:modified_time\" content=\"2026-05-01T13:29:52+00:00\" \/>\n<meta name=\"twitter:card\" content=\"summary_large_image\" \/>\n<meta name=\"twitter:label1\" content=\"Est. reading time\" \/>\n\t<meta name=\"twitter:data1\" content=\"1 minute\" \/>\n<script type=\"application\/ld+json\" class=\"yoast-schema-graph\">{\"@context\":\"https:\\\/\\\/schema.org\",\"@graph\":[{\"@type\":[\"WebPage\",\"ItemPage\"],\"@id\":\"https:\\\/\\\/www.mexicanguitarplayers.com\\\/tienda\\\/sin categor\u00eda\\\/soporte-maxima-p-tarola-ss-102\\\/\",\"url\":\"https:\\\/\\\/www.mexicanguitarplayers.com\\\/tienda\\\/sin categor\u00eda\\\/soporte-maxima-p-tarola-ss-102\\\/\",\"name\":\"SOPORTE MAXIMA P\\\/TAROLA SS-102 - Mexican Guitar Players\",\"isPartOf\":{\"@id\":\"https:\\\/\\\/www.mexicanguitarplayers.com\\\/#website\"},\"primaryImageOfPage\":{\"@id\":\"https:\\\/\\\/www.mexicanguitarplayers.com\\\/tienda\\\/sin categor\u00eda\\\/soporte-maxima-p-tarola-ss-102\\\/#primaryimage\"},\"image\":{\"@id\":\"https:\\\/\\\/www.mexicanguitarplayers.com\\\/tienda\\\/sin categor\u00eda\\\/soporte-maxima-p-tarola-ss-102\\\/#primaryimage\"},\"thumbnailUrl\":\"https:\\\/\\\/www.mexicanguitarplayers.com\\\/wp-content\\\/uploads\\\/2025\\\/04\\\/VAMAXSS102.jpg\",\"datePublished\":\"2025-04-06T20:42:46+00:00\",\"dateModified\":\"2026-05-01T13:29:52+00:00\",\"description\":\"Atril Maxima para tarola. Modelo: SS-102. Tres puntos de agarre. Mecanismo de inclinaci\u00f3n. Patas de doble solera con gomas para evitar deslizamientos. Gomas enlos puntos de sujeci\u00f3n. Ajuste de tensi\u00f3n por medio de presi\u00f3n en los brazos. Unajuste de altura. Mariposas met\u00e1licas. Terminado cromado. Estable y seguro.\",\"breadcrumb\":{\"@id\":\"https:\\\/\\\/www.mexicanguitarplayers.com\\\/tienda\\\/sin categor\u00eda\\\/soporte-maxima-p-tarola-ss-102\\\/#breadcrumb\"},\"inLanguage\":\"en-US\",\"potentialAction\":[{\"@type\":\"ReadAction\",\"target\":[\"https:\\\/\\\/www.mexicanguitarplayers.com\\\/tienda\\\/sin categor\u00eda\\\/soporte-maxima-p-tarola-ss-102\\\/\"]}]},{\"@type\":\"ImageObject\",\"inLanguage\":\"en-US\",\"@id\":\"https:\\\/\\\/www.mexicanguitarplayers.com\\\/tienda\\\/sin categor\u00eda\\\/soporte-maxima-p-tarola-ss-102\\\/#primaryimage\",\"url\":\"https:\\\/\\\/www.mexicanguitarplayers.com\\\/wp-content\\\/uploads\\\/2025\\\/04\\\/VAMAXSS102.jpg\",\"contentUrl\":\"https:\\\/\\\/www.mexicanguitarplayers.com\\\/wp-content\\\/uploads\\\/2025\\\/04\\\/VAMAXSS102.jpg\",\"width\":800,\"height\":1600},{\"@type\":\"BreadcrumbList\",\"@id\":\"https:\\\/\\\/www.mexicanguitarplayers.com\\\/tienda\\\/sin categor\u00eda\\\/soporte-maxima-p-tarola-ss-102\\\/#breadcrumb\",\"itemListElement\":[{\"@type\":\"ListItem\",\"position\":1,\"name\":\"Portada\",\"item\":\"https:\\\/\\\/www.mexicanguitarplayers.com\\\/\"},{\"@type\":\"ListItem\",\"position\":2,\"name\":\"Tienda\",\"item\":\"https:\\\/\\\/www.mexicanguitarplayers.com\\\/tienda\\\/\"},{\"@type\":\"ListItem\",\"position\":3,\"name\":\"SOPORTE MAXIMA P\\\/TAROLA SS-102\"}]},{\"@type\":\"WebSite\",\"@id\":\"https:\\\/\\\/www.mexicanguitarplayers.com\\\/#website\",\"url\":\"https:\\\/\\\/www.mexicanguitarplayers.com\\\/\",\"name\":\"Mexican Guitar Players\",\"description\":\"Website\",\"publisher\":{\"@id\":\"https:\\\/\\\/www.mexicanguitarplayers.com\\\/#organization\"},\"potentialAction\":[{\"@type\":\"SearchAction\",\"target\":{\"@type\":\"EntryPoint\",\"urlTemplate\":\"https:\\\/\\\/www.mexicanguitarplayers.com\\\/?s={search_term_string}\"},\"query-input\":{\"@type\":\"PropertyValueSpecification\",\"valueRequired\":true,\"valueName\":\"search_term_string\"}}],\"inLanguage\":\"en-US\"},{\"@type\":\"Organization\",\"@id\":\"https:\\\/\\\/www.mexicanguitarplayers.com\\\/#organization\",\"name\":\"Mexican Guitar Players\",\"url\":\"https:\\\/\\\/www.mexicanguitarplayers.com\\\/\",\"logo\":{\"@type\":\"ImageObject\",\"inLanguage\":\"en-US\",\"@id\":\"https:\\\/\\\/www.mexicanguitarplayers.com\\\/#\\\/schema\\\/logo\\\/image\\\/\",\"url\":\"\",\"contentUrl\":\"\",\"caption\":\"Mexican Guitar Players\"},\"image\":{\"@id\":\"https:\\\/\\\/www.mexicanguitarplayers.com\\\/#\\\/schema\\\/logo\\\/image\\\/\"}}]}<\/script>\n<!-- \/ Yoast SEO plugin. -->","yoast_head_json":{"title":"SOPORTE MAXIMA P\/TAROLA   SS-102 - Mexican Guitar Players","description":"Atril Maxima para tarola. Modelo: SS-102. Tres puntos de agarre. Mecanismo de inclinaci\u00f3n. Patas de doble solera con gomas para evitar deslizamientos. Gomas enlos puntos de sujeci\u00f3n. Ajuste de tensi\u00f3n por medio de presi\u00f3n en los brazos. Unajuste de altura. Mariposas met\u00e1licas. Terminado cromado. Estable y seguro.","robots":{"index":"index","follow":"follow","max-snippet":"max-snippet:-1","max-image-preview":"max-image-preview:large","max-video-preview":"max-video-preview:-1"},"canonical":"https:\/\/www.mexicanguitarplayers.com\/en\/tienda\/sin categor\u00eda\/soporte-maxima-p-tarola-ss-102\/","og_locale":"en_US","og_type":"article","og_title":"SOPORTE MAXIMA P\/TAROLA   SS-102 - Mexican Guitar Players","og_description":"Atril Maxima para tarola. Modelo: SS-102. Tres puntos de agarre. Mecanismo de inclinaci\u00f3n. Patas de doble solera con gomas para evitar deslizamientos. Gomas enlos puntos de sujeci\u00f3n. Ajuste de tensi\u00f3n por medio de presi\u00f3n en los brazos. Unajuste de altura. Mariposas met\u00e1licas. Terminado cromado. Estable y seguro.","og_url":"https:\/\/www.mexicanguitarplayers.com\/en\/tienda\/sin categor\u00eda\/soporte-maxima-p-tarola-ss-102\/","og_site_name":"Mexican Guitar Players","article_modified_time":"2026-05-01T13:29:52+00:00","twitter_card":"summary_large_image","twitter_misc":{"Est. reading time":"1 minute"},"schema":{"@context":"https:\/\/schema.org","@graph":[{"@type":["WebPage","ItemPage"],"@id":"https:\/\/www.mexicanguitarplayers.com\/tienda\/sin categor\u00eda\/soporte-maxima-p-tarola-ss-102\/","url":"https:\/\/www.mexicanguitarplayers.com\/tienda\/sin categor\u00eda\/soporte-maxima-p-tarola-ss-102\/","name":"SOPORTE MAXIMA P\/TAROLA SS-102 - Mexican Guitar Players","isPartOf":{"@id":"https:\/\/www.mexicanguitarplayers.com\/#website"},"primaryImageOfPage":{"@id":"https:\/\/www.mexicanguitarplayers.com\/tienda\/sin categor\u00eda\/soporte-maxima-p-tarola-ss-102\/#primaryimage"},"image":{"@id":"https:\/\/www.mexicanguitarplayers.com\/tienda\/sin categor\u00eda\/soporte-maxima-p-tarola-ss-102\/#primaryimage"},"thumbnailUrl":"https:\/\/www.mexicanguitarplayers.com\/wp-content\/uploads\/2025\/04\/VAMAXSS102.jpg","datePublished":"2025-04-06T20:42:46+00:00","dateModified":"2026-05-01T13:29:52+00:00","description":"Atril Maxima para tarola. Modelo: SS-102. Tres puntos de agarre. Mecanismo de inclinaci\u00f3n. Patas de doble solera con gomas para evitar deslizamientos. Gomas enlos puntos de sujeci\u00f3n. Ajuste de tensi\u00f3n por medio de presi\u00f3n en los brazos. Unajuste de altura. Mariposas met\u00e1licas. Terminado cromado. Estable y seguro.","breadcrumb":{"@id":"https:\/\/www.mexicanguitarplayers.com\/tienda\/sin categor\u00eda\/soporte-maxima-p-tarola-ss-102\/#breadcrumb"},"inLanguage":"en-US","potentialAction":[{"@type":"ReadAction","target":["https:\/\/www.mexicanguitarplayers.com\/tienda\/sin categor\u00eda\/soporte-maxima-p-tarola-ss-102\/"]}]},{"@type":"ImageObject","inLanguage":"en-US","@id":"https:\/\/www.mexicanguitarplayers.com\/tienda\/sin categor\u00eda\/soporte-maxima-p-tarola-ss-102\/#primaryimage","url":"https:\/\/www.mexicanguitarplayers.com\/wp-content\/uploads\/2025\/04\/VAMAXSS102.jpg","contentUrl":"https:\/\/www.mexicanguitarplayers.com\/wp-content\/uploads\/2025\/04\/VAMAXSS102.jpg","width":800,"height":1600},{"@type":"BreadcrumbList","@id":"https:\/\/www.mexicanguitarplayers.com\/tienda\/sin categor\u00eda\/soporte-maxima-p-tarola-ss-102\/#breadcrumb","itemListElement":[{"@type":"ListItem","position":1,"name":"Portada","item":"https:\/\/www.mexicanguitarplayers.com\/"},{"@type":"ListItem","position":2,"name":"Tienda","item":"https:\/\/www.mexicanguitarplayers.com\/tienda\/"},{"@type":"ListItem","position":3,"name":"SOPORTE MAXIMA P\/TAROLA SS-102"}]},{"@type":"WebSite","@id":"https:\/\/www.mexicanguitarplayers.com\/#website","url":"https:\/\/www.mexicanguitarplayers.com\/","name":"Mexican Guitar Players","description":"Website","publisher":{"@id":"https:\/\/www.mexicanguitarplayers.com\/#organization"},"potentialAction":[{"@type":"SearchAction","target":{"@type":"EntryPoint","urlTemplate":"https:\/\/www.mexicanguitarplayers.com\/?s={search_term_string}"},"query-input":{"@type":"PropertyValueSpecification","valueRequired":true,"valueName":"search_term_string"}}],"inLanguage":"en-US"},{"@type":"Organization","@id":"https:\/\/www.mexicanguitarplayers.com\/#organization","name":"Mexican Guitar Players","url":"https:\/\/www.mexicanguitarplayers.com\/","logo":{"@type":"ImageObject","inLanguage":"en-US","@id":"https:\/\/www.mexicanguitarplayers.com\/#\/schema\/logo\/image\/","url":"","contentUrl":"","caption":"Mexican Guitar Players"},"image":{"@id":"https:\/\/www.mexicanguitarplayers.com\/#\/schema\/logo\/image\/"}}]}},"brands":[{"id":288,"name":"MAXIMUM","slug":"maxima"}],"_links":{"self":[{"href":"https:\/\/www.mexicanguitarplayers.com\/en\/wp-json\/wp\/v2\/product\/24527","targetHints":{"allow":["GET"]}}],"collection":[{"href":"https:\/\/www.mexicanguitarplayers.com\/en\/wp-json\/wp\/v2\/product"}],"about":[{"href":"https:\/\/www.mexicanguitarplayers.com\/en\/wp-json\/wp\/v2\/types\/product"}],"replies":[{"embeddable":true,"href":"https:\/\/www.mexicanguitarplayers.com\/en\/wp-json\/wp\/v2\/comments?post=24527"}],"wp:featuredmedia":[{"embeddable":true,"href":"https:\/\/www.mexicanguitarplayers.com\/en\/wp-json\/wp\/v2\/media\/24526"}],"wp:attachment":[{"href":"https:\/\/www.mexicanguitarplayers.com\/en\/wp-json\/wp\/v2\/media?parent=24527"}],"wp:term":[{"taxonomy":"pwb-brand","embeddable":true,"href":"https:\/\/www.mexicanguitarplayers.com\/en\/wp-json\/wp\/v2\/pwb-brand?post=24527"},{"taxonomy":"product_brand","embeddable":true,"href":"https:\/\/www.mexicanguitarplayers.com\/en\/wp-json\/wp\/v2\/product_brand?post=24527"},{"taxonomy":"product_cat","embeddable":true,"href":"https:\/\/www.mexicanguitarplayers.com\/en\/wp-json\/wp\/v2\/product_cat?post=24527"},{"taxonomy":"product_tag","embeddable":true,"href":"https:\/\/www.mexicanguitarplayers.com\/en\/wp-json\/wp\/v2\/product_tag?post=24527"}],"curies":[{"name":"wp","href":"https:\/\/api.w.org\/{rel}","templated":true}]}}