{"id":24529,"date":"2025-04-06T14:42:50","date_gmt":"2025-04-06T20:42:50","guid":{"rendered":"https:\/\/www.mexicanguitarplayers.com\/tienda\/sin categor\u00eda\/microfono-e-v-mod-n-d478\/"},"modified":"2026-01-22T04:24:09","modified_gmt":"2026-01-22T10:24:09","slug":"microfono-e-v-mod-n-d478","status":"publish","type":"product","link":"https:\/\/www.mexicanguitarplayers.com\/en\/tienda\/audio\/microfonia\/microfonos-alambricos\/microfono-e-v-mod-n-d478\/","title":{"rendered":"MICROFONO E.V.       MOD. N\/D478"},"content":{"rendered":"<div style=\"text-align: justify\">\n<div>\n<h3>Muchos instrumentos, un s\u00f3lo micr\u00f3fono.<\/h3>\n<\/div>\n<div>El N\/D 478 es una excelente opci\u00f3n de micr\u00f3fono para en vivo y estudio, cuenta con la tecnolog\u00eda VOB de Electrovoice  que reduce la distorsi\u00f3n que generan las frecuencias graves.  Este micr\u00f3fono es muy sencillo para mezclar con los dem\u00e1s instrumentos.<\/div>\n<div>\n<h4>Quick look<\/h4>\n<\/div>\n<ul style=\"margin: 0px 0px 0px 25px\">\n<li style=\"list-style-type: circle;margin: 5px\">Tecnolog\u00faa VOB.<\/li>\n<li style=\"list-style-type: circle;margin: 5px\">Polar pattern.<\/li>\n<li style=\"list-style-type: circle;margin: 5px\">Magneto de neodimio.<\/li>\n<li style=\"list-style-type: circle;margin: 5px\">Sistema Warm Grip.<\/li>\n<li style=\"list-style-type: circle;margin: 5px\">Respuesta de frecuencia (campo cercano).<\/li>\n<li style=\"list-style-type: circle;margin: 5px\">Sensibilidad 1 kHz.<\/li>\n<li style=\"list-style-type: circle;margin: 5px\">Weight.<\/li>\n<\/ul>\n<div>\n<div style=\"font-weight: bold\">Tecnolog\u00faa VOB.<\/div>\n<div>\n<p>Tecnolog\u00eda exclusiva VOB para rechazar las frecuencias bajas ocasionadas por el efecto de proximidad<\/p>\n<\/div>\n<div style=\"font-weight: bold\">Polar pattern.<\/div>\n<div>\n<p>Cardioid.<\/p>\n<\/div>\n<div style=\"font-weight: bold\">Magneto de neodimio.<\/div>\n<div>\n<p>Utiliza un magneto de neodimio para una sensibilidad alejada del ruido en la se\u00f1al<\/p>\n<\/div>\n<div style=\"font-weight: bold\">Sistema Warm Grip.<\/div>\n<div>\n<p>Para una mejor sensaci\u00f3n de agarre.<\/p>\n<\/div>\n<div style=\"font-weight: bold\">Respuesta de frecuencia (campo cercano).<\/div>\n<div>\n<p>45 Hz &#8211; 15.000 Hz.<\/p>\n<\/div>\n<div style=\"font-weight: bold\">Sensibilidad 1 kHz.<\/div>\n<div>\n<p>2.9 mV\/pascal.<\/p>\n<\/div>\n<div style=\"font-weight: bold\">Weight.<\/div>\n<div>\n<p>247 g.<\/p>\n<\/div>\n<\/div>\n<div>\n<h4>Characteristics<\/h4>\n<\/div>\n<div>\n<ul style=\"margin: 0px 0px 0px 25px\">\n<li style=\"list-style-type: circle;margin: 5px\">Excelente opci\u00f3n para instrumentos ac\u00fasticos o el\u00e9ctricos ya sea en vivo o estudio.<\/li>\n<\/ul>\n<\/div>\n<\/div>","protected":false},"excerpt":{"rendered":"<p>Micr\u00f3fono din\u00e1mico cardioide para instrumentos y amplificadores, excelente elecci\u00f3n para guitarras y bajos el\u00e9ctricos, toms, tarolas, platillos, contratiempos, alientos y guitarras ac\u00fasticas, elemento din\u00e1mico de neodimio de alta sensibilidad, gran rechazo a la retroalimentaci\u00f3n y aislamiento ac\u00fastico, tecnolog\u00eda VOB que proporciona una respuesta de graves adaptada para un efecto controlado de proximidad, respuesta de frecuencia de audio: 45 &#8211; 15,000 Hz, fabricado con metal, conector XLR, terminado negro no reflectante, peso: 247 g, altura: 181 mm.&hellip; <a class=\"kt-excerpt-readmore more-link\" href=\"https:\/\/www.mexicanguitarplayers.com\/en\/tienda\/audio\/microfonia\/microfonos-alambricos\/microfono-e-v-mod-n-d478\/\">Read more<\/a><\/p>","protected":false},"featured_media":24528,"comment_status":"open","ping_status":"closed","template":"","meta":{"kt_blocks_editor_width":""},"pwb-brand":[535],"product_brand":[],"product_cat":[213,214,215],"product_tag":[],"class_list":{"0":"post-24529","1":"product","2":"type-product","3":"status-publish","4":"has-post-thumbnail","6":"pwb-brand-electrovoice","7":"product_cat-audio","8":"product_cat-microfonia","9":"product_cat-microfonos-alambricos","10":"product_shipping_class-0-5-kg","12":"first","13":"outofstock","14":"taxable","15":"shipping-taxable","16":"purchasable","17":"product-type-simple"},"yoast_head":"<!-- This site is optimized with the Yoast SEO plugin v27.3 - https:\/\/yoast.com\/product\/yoast-seo-wordpress\/ -->\n<title>MICROFONO E.V.    MOD. N\/D478 - Mexican Guitar Players<\/title>\n<meta name=\"description\" content=\"Micr\u00f3fono din\u00e1mico cardioide para instrumentos y amplificadores, excelente elecci\u00f3n para guitarras y bajos el\u00e9ctricos, toms, tarolas, platillos, contratiempos, alientos y guitarras ac\u00fasticas, elemento din\u00e1mico de neodimio de alta sensibilidad, gran rechazo a la retroalimentaci\u00f3n y aislamiento ac\u00fastico, tecnolog\u00eda VOB que proporciona una respuesta de graves adaptada para un efecto controlado de proximidad, respuesta de frecuencia de audio: 45 - 15,000 Hz, fabricado con metal, conector XLR, terminado negro no reflectante, peso: 247 g, altura: 181 mm.\" \/>\n<meta name=\"robots\" content=\"index, follow, max-snippet:-1, max-image-preview:large, max-video-preview:-1\" \/>\n<link rel=\"canonical\" href=\"https:\/\/www.mexicanguitarplayers.com\/en\/tienda\/sin%20categor\u00eda\/microfono-e-v-mod-n-d478\/\" \/>\n<meta property=\"og:locale\" content=\"en_US\" \/>\n<meta property=\"og:type\" content=\"article\" \/>\n<meta property=\"og:title\" content=\"MICROFONO E.V.    MOD. N\/D478 - Mexican Guitar Players\" \/>\n<meta property=\"og:description\" content=\"Micr\u00f3fono din\u00e1mico cardioide para instrumentos y amplificadores, excelente elecci\u00f3n para guitarras y bajos el\u00e9ctricos, toms, tarolas, platillos, contratiempos, alientos y guitarras ac\u00fasticas, elemento din\u00e1mico de neodimio de alta sensibilidad, gran rechazo a la retroalimentaci\u00f3n y aislamiento ac\u00fastico, tecnolog\u00eda VOB que proporciona una respuesta de graves adaptada para un efecto controlado de proximidad, respuesta de frecuencia de audio: 45 - 15,000 Hz, fabricado con metal, conector XLR, terminado negro no reflectante, peso: 247 g, altura: 181 mm.\" \/>\n<meta property=\"og:url\" content=\"https:\/\/www.mexicanguitarplayers.com\/en\/tienda\/sin categor\u00eda\/microfono-e-v-mod-n-d478\/\" \/>\n<meta property=\"og:site_name\" content=\"Mexican Guitar Players\" \/>\n<meta property=\"article:modified_time\" content=\"2026-01-22T10:24:09+00:00\" \/>\n<meta name=\"twitter:card\" content=\"summary_large_image\" \/>\n<meta name=\"twitter:label1\" content=\"Est. reading time\" \/>\n\t<meta name=\"twitter:data1\" content=\"1 minute\" \/>\n<script type=\"application\/ld+json\" class=\"yoast-schema-graph\">{\"@context\":\"https:\\\/\\\/schema.org\",\"@graph\":[{\"@type\":[\"WebPage\",\"ItemPage\"],\"@id\":\"https:\\\/\\\/www.mexicanguitarplayers.com\\\/tienda\\\/sin categor\u00eda\\\/microfono-e-v-mod-n-d478\\\/\",\"url\":\"https:\\\/\\\/www.mexicanguitarplayers.com\\\/tienda\\\/sin categor\u00eda\\\/microfono-e-v-mod-n-d478\\\/\",\"name\":\"MICROFONO E.V. MOD. N\\\/D478 - Mexican Guitar Players\",\"isPartOf\":{\"@id\":\"https:\\\/\\\/www.mexicanguitarplayers.com\\\/#website\"},\"primaryImageOfPage\":{\"@id\":\"https:\\\/\\\/www.mexicanguitarplayers.com\\\/tienda\\\/sin categor\u00eda\\\/microfono-e-v-mod-n-d478\\\/#primaryimage\"},\"image\":{\"@id\":\"https:\\\/\\\/www.mexicanguitarplayers.com\\\/tienda\\\/sin categor\u00eda\\\/microfono-e-v-mod-n-d478\\\/#primaryimage\"},\"thumbnailUrl\":\"https:\\\/\\\/www.mexicanguitarplayers.com\\\/wp-content\\\/uploads\\\/2025\\\/04\\\/IAEVOND478.jpg\",\"datePublished\":\"2025-04-06T20:42:50+00:00\",\"dateModified\":\"2026-01-22T10:24:09+00:00\",\"description\":\"Micr\u00f3fono din\u00e1mico cardioide para instrumentos y amplificadores, excelente elecci\u00f3n para guitarras y bajos el\u00e9ctricos, toms, tarolas, platillos, contratiempos, alientos y guitarras ac\u00fasticas, elemento din\u00e1mico de neodimio de alta sensibilidad, gran rechazo a la retroalimentaci\u00f3n y aislamiento ac\u00fastico, tecnolog\u00eda VOB que proporciona una respuesta de graves adaptada para un efecto controlado de proximidad, respuesta de frecuencia de audio: 45 - 15,000 Hz, fabricado con metal, conector XLR, terminado negro no reflectante, peso: 247 g, altura: 181 mm.\",\"breadcrumb\":{\"@id\":\"https:\\\/\\\/www.mexicanguitarplayers.com\\\/tienda\\\/sin categor\u00eda\\\/microfono-e-v-mod-n-d478\\\/#breadcrumb\"},\"inLanguage\":\"en-US\",\"potentialAction\":[{\"@type\":\"ReadAction\",\"target\":[\"https:\\\/\\\/www.mexicanguitarplayers.com\\\/tienda\\\/sin categor\u00eda\\\/microfono-e-v-mod-n-d478\\\/\"]}]},{\"@type\":\"ImageObject\",\"inLanguage\":\"en-US\",\"@id\":\"https:\\\/\\\/www.mexicanguitarplayers.com\\\/tienda\\\/sin categor\u00eda\\\/microfono-e-v-mod-n-d478\\\/#primaryimage\",\"url\":\"https:\\\/\\\/www.mexicanguitarplayers.com\\\/wp-content\\\/uploads\\\/2025\\\/04\\\/IAEVOND478.jpg\",\"contentUrl\":\"https:\\\/\\\/www.mexicanguitarplayers.com\\\/wp-content\\\/uploads\\\/2025\\\/04\\\/IAEVOND478.jpg\",\"width\":348,\"height\":1280},{\"@type\":\"BreadcrumbList\",\"@id\":\"https:\\\/\\\/www.mexicanguitarplayers.com\\\/tienda\\\/sin categor\u00eda\\\/microfono-e-v-mod-n-d478\\\/#breadcrumb\",\"itemListElement\":[{\"@type\":\"ListItem\",\"position\":1,\"name\":\"Portada\",\"item\":\"https:\\\/\\\/www.mexicanguitarplayers.com\\\/\"},{\"@type\":\"ListItem\",\"position\":2,\"name\":\"Tienda\",\"item\":\"https:\\\/\\\/www.mexicanguitarplayers.com\\\/tienda\\\/\"},{\"@type\":\"ListItem\",\"position\":3,\"name\":\"MICROFONO E.V. MOD. N\\\/D478\"}]},{\"@type\":\"WebSite\",\"@id\":\"https:\\\/\\\/www.mexicanguitarplayers.com\\\/#website\",\"url\":\"https:\\\/\\\/www.mexicanguitarplayers.com\\\/\",\"name\":\"Mexican Guitar Players\",\"description\":\"Website\",\"publisher\":{\"@id\":\"https:\\\/\\\/www.mexicanguitarplayers.com\\\/#organization\"},\"potentialAction\":[{\"@type\":\"SearchAction\",\"target\":{\"@type\":\"EntryPoint\",\"urlTemplate\":\"https:\\\/\\\/www.mexicanguitarplayers.com\\\/?s={search_term_string}\"},\"query-input\":{\"@type\":\"PropertyValueSpecification\",\"valueRequired\":true,\"valueName\":\"search_term_string\"}}],\"inLanguage\":\"en-US\"},{\"@type\":\"Organization\",\"@id\":\"https:\\\/\\\/www.mexicanguitarplayers.com\\\/#organization\",\"name\":\"Mexican Guitar Players\",\"url\":\"https:\\\/\\\/www.mexicanguitarplayers.com\\\/\",\"logo\":{\"@type\":\"ImageObject\",\"inLanguage\":\"en-US\",\"@id\":\"https:\\\/\\\/www.mexicanguitarplayers.com\\\/#\\\/schema\\\/logo\\\/image\\\/\",\"url\":\"\",\"contentUrl\":\"\",\"caption\":\"Mexican Guitar Players\"},\"image\":{\"@id\":\"https:\\\/\\\/www.mexicanguitarplayers.com\\\/#\\\/schema\\\/logo\\\/image\\\/\"}}]}<\/script>\n<!-- \/ Yoast SEO plugin. -->","yoast_head_json":{"title":"MICROFONO E.V.    MOD. N\/D478 - Mexican Guitar Players","description":"Micr\u00f3fono din\u00e1mico cardioide para instrumentos y amplificadores, excelente elecci\u00f3n para guitarras y bajos el\u00e9ctricos, toms, tarolas, platillos, contratiempos, alientos y guitarras ac\u00fasticas, elemento din\u00e1mico de neodimio de alta sensibilidad, gran rechazo a la retroalimentaci\u00f3n y aislamiento ac\u00fastico, tecnolog\u00eda VOB que proporciona una respuesta de graves adaptada para un efecto controlado de proximidad, respuesta de frecuencia de audio: 45 - 15,000 Hz, fabricado con metal, conector XLR, terminado negro no reflectante, peso: 247 g, altura: 181 mm.","robots":{"index":"index","follow":"follow","max-snippet":"max-snippet:-1","max-image-preview":"max-image-preview:large","max-video-preview":"max-video-preview:-1"},"canonical":"https:\/\/www.mexicanguitarplayers.com\/en\/tienda\/sin categor\u00eda\/microfono-e-v-mod-n-d478\/","og_locale":"en_US","og_type":"article","og_title":"MICROFONO E.V.    MOD. N\/D478 - Mexican Guitar Players","og_description":"Micr\u00f3fono din\u00e1mico cardioide para instrumentos y amplificadores, excelente elecci\u00f3n para guitarras y bajos el\u00e9ctricos, toms, tarolas, platillos, contratiempos, alientos y guitarras ac\u00fasticas, elemento din\u00e1mico de neodimio de alta sensibilidad, gran rechazo a la retroalimentaci\u00f3n y aislamiento ac\u00fastico, tecnolog\u00eda VOB que proporciona una respuesta de graves adaptada para un efecto controlado de proximidad, respuesta de frecuencia de audio: 45 - 15,000 Hz, fabricado con metal, conector XLR, terminado negro no reflectante, peso: 247 g, altura: 181 mm.","og_url":"https:\/\/www.mexicanguitarplayers.com\/en\/tienda\/sin categor\u00eda\/microfono-e-v-mod-n-d478\/","og_site_name":"Mexican Guitar Players","article_modified_time":"2026-01-22T10:24:09+00:00","twitter_card":"summary_large_image","twitter_misc":{"Est. reading time":"1 minute"},"schema":{"@context":"https:\/\/schema.org","@graph":[{"@type":["WebPage","ItemPage"],"@id":"https:\/\/www.mexicanguitarplayers.com\/tienda\/sin categor\u00eda\/microfono-e-v-mod-n-d478\/","url":"https:\/\/www.mexicanguitarplayers.com\/tienda\/sin categor\u00eda\/microfono-e-v-mod-n-d478\/","name":"MICROFONO E.V. MOD. N\/D478 - Mexican Guitar Players","isPartOf":{"@id":"https:\/\/www.mexicanguitarplayers.com\/#website"},"primaryImageOfPage":{"@id":"https:\/\/www.mexicanguitarplayers.com\/tienda\/sin categor\u00eda\/microfono-e-v-mod-n-d478\/#primaryimage"},"image":{"@id":"https:\/\/www.mexicanguitarplayers.com\/tienda\/sin categor\u00eda\/microfono-e-v-mod-n-d478\/#primaryimage"},"thumbnailUrl":"https:\/\/www.mexicanguitarplayers.com\/wp-content\/uploads\/2025\/04\/IAEVOND478.jpg","datePublished":"2025-04-06T20:42:50+00:00","dateModified":"2026-01-22T10:24:09+00:00","description":"Micr\u00f3fono din\u00e1mico cardioide para instrumentos y amplificadores, excelente elecci\u00f3n para guitarras y bajos el\u00e9ctricos, toms, tarolas, platillos, contratiempos, alientos y guitarras ac\u00fasticas, elemento din\u00e1mico de neodimio de alta sensibilidad, gran rechazo a la retroalimentaci\u00f3n y aislamiento ac\u00fastico, tecnolog\u00eda VOB que proporciona una respuesta de graves adaptada para un efecto controlado de proximidad, respuesta de frecuencia de audio: 45 - 15,000 Hz, fabricado con metal, conector XLR, terminado negro no reflectante, peso: 247 g, altura: 181 mm.","breadcrumb":{"@id":"https:\/\/www.mexicanguitarplayers.com\/tienda\/sin categor\u00eda\/microfono-e-v-mod-n-d478\/#breadcrumb"},"inLanguage":"en-US","potentialAction":[{"@type":"ReadAction","target":["https:\/\/www.mexicanguitarplayers.com\/tienda\/sin categor\u00eda\/microfono-e-v-mod-n-d478\/"]}]},{"@type":"ImageObject","inLanguage":"en-US","@id":"https:\/\/www.mexicanguitarplayers.com\/tienda\/sin categor\u00eda\/microfono-e-v-mod-n-d478\/#primaryimage","url":"https:\/\/www.mexicanguitarplayers.com\/wp-content\/uploads\/2025\/04\/IAEVOND478.jpg","contentUrl":"https:\/\/www.mexicanguitarplayers.com\/wp-content\/uploads\/2025\/04\/IAEVOND478.jpg","width":348,"height":1280},{"@type":"BreadcrumbList","@id":"https:\/\/www.mexicanguitarplayers.com\/tienda\/sin categor\u00eda\/microfono-e-v-mod-n-d478\/#breadcrumb","itemListElement":[{"@type":"ListItem","position":1,"name":"Portada","item":"https:\/\/www.mexicanguitarplayers.com\/"},{"@type":"ListItem","position":2,"name":"Tienda","item":"https:\/\/www.mexicanguitarplayers.com\/tienda\/"},{"@type":"ListItem","position":3,"name":"MICROFONO E.V. MOD. N\/D478"}]},{"@type":"WebSite","@id":"https:\/\/www.mexicanguitarplayers.com\/#website","url":"https:\/\/www.mexicanguitarplayers.com\/","name":"Mexican Guitar Players","description":"Website","publisher":{"@id":"https:\/\/www.mexicanguitarplayers.com\/#organization"},"potentialAction":[{"@type":"SearchAction","target":{"@type":"EntryPoint","urlTemplate":"https:\/\/www.mexicanguitarplayers.com\/?s={search_term_string}"},"query-input":{"@type":"PropertyValueSpecification","valueRequired":true,"valueName":"search_term_string"}}],"inLanguage":"en-US"},{"@type":"Organization","@id":"https:\/\/www.mexicanguitarplayers.com\/#organization","name":"Mexican Guitar Players","url":"https:\/\/www.mexicanguitarplayers.com\/","logo":{"@type":"ImageObject","inLanguage":"en-US","@id":"https:\/\/www.mexicanguitarplayers.com\/#\/schema\/logo\/image\/","url":"","contentUrl":"","caption":"Mexican Guitar Players"},"image":{"@id":"https:\/\/www.mexicanguitarplayers.com\/#\/schema\/logo\/image\/"}}]}},"brands":[{"id":535,"name":"ELECTROVOICE","slug":"electrovoice"}],"_links":{"self":[{"href":"https:\/\/www.mexicanguitarplayers.com\/en\/wp-json\/wp\/v2\/product\/24529","targetHints":{"allow":["GET"]}}],"collection":[{"href":"https:\/\/www.mexicanguitarplayers.com\/en\/wp-json\/wp\/v2\/product"}],"about":[{"href":"https:\/\/www.mexicanguitarplayers.com\/en\/wp-json\/wp\/v2\/types\/product"}],"replies":[{"embeddable":true,"href":"https:\/\/www.mexicanguitarplayers.com\/en\/wp-json\/wp\/v2\/comments?post=24529"}],"wp:featuredmedia":[{"embeddable":true,"href":"https:\/\/www.mexicanguitarplayers.com\/en\/wp-json\/wp\/v2\/media\/24528"}],"wp:attachment":[{"href":"https:\/\/www.mexicanguitarplayers.com\/en\/wp-json\/wp\/v2\/media?parent=24529"}],"wp:term":[{"taxonomy":"pwb-brand","embeddable":true,"href":"https:\/\/www.mexicanguitarplayers.com\/en\/wp-json\/wp\/v2\/pwb-brand?post=24529"},{"taxonomy":"product_brand","embeddable":true,"href":"https:\/\/www.mexicanguitarplayers.com\/en\/wp-json\/wp\/v2\/product_brand?post=24529"},{"taxonomy":"product_cat","embeddable":true,"href":"https:\/\/www.mexicanguitarplayers.com\/en\/wp-json\/wp\/v2\/product_cat?post=24529"},{"taxonomy":"product_tag","embeddable":true,"href":"https:\/\/www.mexicanguitarplayers.com\/en\/wp-json\/wp\/v2\/product_tag?post=24529"}],"curies":[{"name":"wp","href":"https:\/\/api.w.org\/{rel}","templated":true}]}}