{"id":24629,"date":"2025-04-06T14:53:09","date_gmt":"2025-04-06T20:53:09","guid":{"rendered":"https:\/\/www.mexicanguitarplayers.com\/tienda\/sin categor\u00eda\/lampara-adj-xs-200\/"},"modified":"2026-01-22T04:24:06","modified_gmt":"2026-01-22T10:24:06","slug":"lampara-adj-xs-200","status":"publish","type":"product","link":"https:\/\/www.mexicanguitarplayers.com\/en\/tienda\/iluminacion\/leds\/cabezas-moviles-leds\/lampara-adj-xs-200\/","title":{"rendered":"LAMPARA ADJ XS 200"},"content":{"rendered":"<div style=\"text-align: justify\">\n<div>\n<h3>Potencia y dise\u00f1o.<\/h3>\n<\/div>\n<div>El ADJ XS 200 es la nueva revoluci\u00f3n de luces en movimiento. Cuenta con dos ejes de cabezales y con 360 grados de rotaci\u00f3n continua en ambas direcciones. El XS 200 utiliza 2 LED x 10 vatios que proyectan rayos afilados de luz. Su tama\u00f1o compacto y ligero lo hace ideal para los artistas m\u00f3viles, peque\u00f1os clubes y bares, pistas de patinaje, boleras o cualquier producci\u00f3n m\u00f3vil. El XS 200 crea un efecto visual final que consiste en haces de luz de movimiento r\u00e1pido y cambios de color. En modo de presentaci\u00f3n tiene acceso a 8 programas diferentes incorporados o puede crear su propia paleta de colores por mezcla de color de los LEDs RGBW a trav\u00e9s del control DMX. El Axis 200 viene con 3 modos de funcionamiento diferentes; Modo activado por sonido con ajuste de sensibilidad de sonido, 8 modos de demostraci\u00f3n, o controlado por DMX, que se utiliza para crear sus propios espect\u00e1culos de luces en movimiento o combinaciones de colores. El XS 200 puede ser utilizado como una unidad independiente o en configuraci\u00f3n maestro-esclavo. El Axis 200 es compatible con el UC IR (se vende por separado). El UC IR se utiliza para controlar diversas funciones para el XS 200.<\/div>\n<div>\n<h4>Quick look<\/h4>\n<\/div>\n<ul style=\"margin: 0px 0px 0px 25px\">\n<li style=\"list-style-type: circle;margin: 5px\">3 modos de funcionamiento.<\/li>\n<li style=\"list-style-type: circle;margin: 5px\">2 modos de canal DMX.<\/li>\n<li style=\"list-style-type: circle;margin: 5px\">Vida \u00fatil de los LED.<\/li>\n<li style=\"list-style-type: circle;margin: 5px\">Energy consumption.<\/li>\n<li style=\"list-style-type: circle;margin: 5px\">Entrada y Salida I.E.C. para alimentaci\u00f3n y conexi\u00f3n en cadena.<\/li>\n<li style=\"list-style-type: circle;margin: 5px\">Multi-voltaje.<\/li>\n<li style=\"list-style-type: circle;margin: 5px\">Dimensions.<\/li>\n<li style=\"list-style-type: circle;margin: 5px\">Weight.<\/li>\n<\/ul>\n<div>\n<div style=\"font-weight: bold\">3 modos de funcionamiento.<\/div>\n<div>\n<p>DMX, demostraci\u00f3n, modo activado por sonido.<\/p>\n<\/div>\n<div style=\"font-weight: bold\">2 modos de canal DMX.<\/div>\n<div>\n<p>16  canales y 18 canales.<\/p>\n<\/div>\n<div style=\"font-weight: bold\">Vida \u00fatil de los LED.<\/div>\n<div>\n<p>50,000 horas aproximadas.<\/p>\n<\/div>\n<div style=\"font-weight: bold\">Energy consumption.<\/div>\n<div>\n<p>20W totales.<\/p>\n<\/div>\n<div style=\"font-weight: bold\">Entrada y Salida I.E.C. para alimentaci\u00f3n y conexi\u00f3n en cadena.<\/div>\n<div>\n<p>Conecta hasta 8 dispositivos.<\/p>\n<\/div>\n<div style=\"font-weight: bold\">Multi-voltaje.<\/div>\n<div>\n<p>Entrada IEC &#8211; AC 100-240V 50 \/ 60 Hz.<\/p>\n<\/div>\n<div style=\"font-weight: bold\">Dimensions.<\/div>\n<div>\n<p>142 x 100 x 300 mm.<\/p>\n<\/div>\n<div style=\"font-weight: bold\">Weight.<\/div>\n<div>\n<p>4 kg.<\/p>\n<\/div>\n<\/div>\n<div>\n<h4>Characteristics<\/h4>\n<\/div>\n<div>\n<ul style=\"margin: 0px 0px 0px 25px\">\n<li style=\"list-style-type: circle;margin: 5px\">Eje de cabezas m\u00f3viles \u00fanico.<\/li>\n<li style=\"list-style-type: circle;margin: 5px\">360\u00b0 de rotaci\u00f3n continua, en ambas direcciones.<\/li>\n<li style=\"list-style-type: circle;margin: 5px\">2 x 10W LED RGBW 4-en-1.<\/li>\n<li style=\"list-style-type: circle;margin: 5px\">Control de p\u00edxeles de cada LED.<\/li>\n<li style=\"list-style-type: circle;margin: 5px\">Mezcla de color RGBW en modo DMX.<\/li>\n<li style=\"list-style-type: circle;margin: 5px\">Solitario o configuraci\u00f3n maestro-esclavo.<\/li>\n<li style=\"list-style-type: circle;margin: 5px\">Sistema de men\u00fa de 4 botones y pantalla LED f\u00e1cil de navegar.<\/li>\n<li style=\"list-style-type: circle;margin: 5px\">8 programas incorporados.<\/li>\n<li style=\"list-style-type: circle;margin: 5px\">Conectores DMX XLR de 3 pines.<\/li>\n<li style=\"list-style-type: circle;margin: 5px\">Conexiones I.E.C. Entrada\/Salida.<\/li>\n<li style=\"list-style-type: circle;margin: 5px\">UC IR Compatible (se vende por separado).<\/li>\n<\/ul>\n<\/div>\n<\/div>","protected":false},"excerpt":{"rendered":"<p>Eje de cabezas m\u00f3viles \u00fanico, 360 \u00b0 de rotaci\u00f3n continua, en ambas direcciones,2 x 10W LED RGBW 4-en-1, control de p\u00edxeles de cada LED, mezcla de color RGBW enmodo DMX, 3 modos de funcionamiento: DMX, demostraci\u00f3n, modo activado por sonido, solitario o configuraci\u00f3n maestro-esclavo, 2 modos de Canal DMX:16  canales y18 canales, sistema de men\u00fa de 4 botones y Pantalla LED f\u00e1cil de navegar, 8 programas incorporados, conectores DMX XLR de 3 pines, conexiones I.E.C. Entrada\/Salida, vida \u00fatil de los LED (50,000 hora aproximadas), consumo de energ\u00eda: 20W totales, UC IR Compatible (se vende por separado), entrada y salida I.E.C. para alimentaci\u00f3n y conexi\u00f3n en cadena (Conecta hasta 8 dispositivos), multi-voltaje: Entrada IEC &#8211; AC 100-240V 50 \/ 60Hz, dimensiones: 142 x 100 x 300 mm, peso: 4 kg.&hellip; <a class=\"kt-excerpt-readmore more-link\" href=\"https:\/\/www.mexicanguitarplayers.com\/en\/tienda\/iluminacion\/leds\/cabezas-moviles-leds\/lampara-adj-xs-200\/\">Read more<\/a><\/p>","protected":false},"featured_media":24624,"comment_status":"open","ping_status":"closed","template":"","meta":{"kt_blocks_editor_width":""},"pwb-brand":[556],"product_brand":[],"product_cat":[550,406,547],"product_tag":[],"class_list":{"0":"post-24629","1":"product","2":"type-product","3":"status-publish","4":"has-post-thumbnail","6":"pwb-brand-adj","7":"product_cat-cabezas-moviles-leds","8":"product_cat-iluminacion","9":"product_cat-iluminacion-convencional","10":"product_shipping_class-0-5-kg","12":"first","13":"instock","14":"taxable","15":"shipping-taxable","16":"purchasable","17":"product-type-simple"},"yoast_head":"<!-- This site is optimized with the Yoast SEO plugin v27.3 - https:\/\/yoast.com\/product\/yoast-seo-wordpress\/ -->\n<title>LAMPARA ADJ XS 200 - Mexican Guitar Players<\/title>\n<meta name=\"description\" content=\"Eje de cabezas m\u00f3viles \u00fanico, 360 \u00b0 de rotaci\u00f3n continua, en ambas direcciones,2 x 10W LED RGBW 4-en-1, control de p\u00edxeles de cada LED, mezcla de color RGBW enmodo DMX, 3 modos de funcionamiento: DMX, demostraci\u00f3n, modo activado por sonido, solitario o configuraci\u00f3n maestro-esclavo, 2 modos de Canal DMX:16 canales y18 canales, sistema de men\u00fa de 4 botones y Pantalla LED f\u00e1cil de navegar, 8 programas incorporados, conectores DMX XLR de 3 pines, conexiones I.E.C. Entrada\/Salida, vida \u00fatil de los LED (50,000 hora aproximadas), consumo de energ\u00eda: 20W totales, UC IR Compatible (se vende por separado), entrada y salida I.E.C. para alimentaci\u00f3n y conexi\u00f3n en cadena (Conecta hasta 8 dispositivos), multi-voltaje: Entrada IEC - AC 100-240V 50 \/ 60Hz, dimensiones: 142 x 100 x 300 mm, peso: 4 kg.\" \/>\n<meta name=\"robots\" content=\"index, follow, max-snippet:-1, max-image-preview:large, max-video-preview:-1\" \/>\n<link rel=\"canonical\" href=\"https:\/\/www.mexicanguitarplayers.com\/en\/tienda\/sin%20categor\u00eda\/lampara-adj-xs-200\/\" \/>\n<meta property=\"og:locale\" content=\"en_US\" \/>\n<meta property=\"og:type\" content=\"article\" \/>\n<meta property=\"og:title\" content=\"LAMPARA ADJ XS 200 - Mexican Guitar Players\" \/>\n<meta property=\"og:description\" content=\"Eje de cabezas m\u00f3viles \u00fanico, 360 \u00b0 de rotaci\u00f3n continua, en ambas direcciones,2 x 10W LED RGBW 4-en-1, control de p\u00edxeles de cada LED, mezcla de color RGBW enmodo DMX, 3 modos de funcionamiento: DMX, demostraci\u00f3n, modo activado por sonido, solitario o configuraci\u00f3n maestro-esclavo, 2 modos de Canal DMX:16 canales y18 canales, sistema de men\u00fa de 4 botones y Pantalla LED f\u00e1cil de navegar, 8 programas incorporados, conectores DMX XLR de 3 pines, conexiones I.E.C. Entrada\/Salida, vida \u00fatil de los LED (50,000 hora aproximadas), consumo de energ\u00eda: 20W totales, UC IR Compatible (se vende por separado), entrada y salida I.E.C. para alimentaci\u00f3n y conexi\u00f3n en cadena (Conecta hasta 8 dispositivos), multi-voltaje: Entrada IEC - AC 100-240V 50 \/ 60Hz, dimensiones: 142 x 100 x 300 mm, peso: 4 kg.\" \/>\n<meta property=\"og:url\" content=\"https:\/\/www.mexicanguitarplayers.com\/en\/tienda\/sin categor\u00eda\/lampara-adj-xs-200\/\" \/>\n<meta property=\"og:site_name\" content=\"Mexican Guitar Players\" \/>\n<meta property=\"article:modified_time\" content=\"2026-01-22T10:24:06+00:00\" \/>\n<meta name=\"twitter:card\" content=\"summary_large_image\" \/>\n<meta name=\"twitter:label1\" content=\"Est. reading time\" \/>\n\t<meta name=\"twitter:data1\" content=\"2 minutes\" \/>\n<script type=\"application\/ld+json\" class=\"yoast-schema-graph\">{\"@context\":\"https:\\\/\\\/schema.org\",\"@graph\":[{\"@type\":[\"WebPage\",\"ItemPage\"],\"@id\":\"https:\\\/\\\/www.mexicanguitarplayers.com\\\/tienda\\\/sin categor\u00eda\\\/lampara-adj-xs-200\\\/\",\"url\":\"https:\\\/\\\/www.mexicanguitarplayers.com\\\/tienda\\\/sin categor\u00eda\\\/lampara-adj-xs-200\\\/\",\"name\":\"LAMPARA ADJ XS 200 - Mexican Guitar Players\",\"isPartOf\":{\"@id\":\"https:\\\/\\\/www.mexicanguitarplayers.com\\\/#website\"},\"primaryImageOfPage\":{\"@id\":\"https:\\\/\\\/www.mexicanguitarplayers.com\\\/tienda\\\/sin categor\u00eda\\\/lampara-adj-xs-200\\\/#primaryimage\"},\"image\":{\"@id\":\"https:\\\/\\\/www.mexicanguitarplayers.com\\\/tienda\\\/sin categor\u00eda\\\/lampara-adj-xs-200\\\/#primaryimage\"},\"thumbnailUrl\":\"https:\\\/\\\/www.mexicanguitarplayers.com\\\/wp-content\\\/uploads\\\/2025\\\/04\\\/LUADJXS2200.jpg\",\"datePublished\":\"2025-04-06T20:53:09+00:00\",\"dateModified\":\"2026-01-22T10:24:06+00:00\",\"description\":\"Eje de cabezas m\u00f3viles \u00fanico, 360 \u00b0 de rotaci\u00f3n continua, en ambas direcciones,2 x 10W LED RGBW 4-en-1, control de p\u00edxeles de cada LED, mezcla de color RGBW enmodo DMX, 3 modos de funcionamiento: DMX, demostraci\u00f3n, modo activado por sonido, solitario o configuraci\u00f3n maestro-esclavo, 2 modos de Canal DMX:16 canales y18 canales, sistema de men\u00fa de 4 botones y Pantalla LED f\u00e1cil de navegar, 8 programas incorporados, conectores DMX XLR de 3 pines, conexiones I.E.C. Entrada\\\/Salida, vida \u00fatil de los LED (50,000 hora aproximadas), consumo de energ\u00eda: 20W totales, UC IR Compatible (se vende por separado), entrada y salida I.E.C. para alimentaci\u00f3n y conexi\u00f3n en cadena (Conecta hasta 8 dispositivos), multi-voltaje: Entrada IEC - AC 100-240V 50 \\\/ 60Hz, dimensiones: 142 x 100 x 300 mm, peso: 4 kg.\",\"breadcrumb\":{\"@id\":\"https:\\\/\\\/www.mexicanguitarplayers.com\\\/tienda\\\/sin categor\u00eda\\\/lampara-adj-xs-200\\\/#breadcrumb\"},\"inLanguage\":\"en-US\",\"potentialAction\":[{\"@type\":\"ReadAction\",\"target\":[\"https:\\\/\\\/www.mexicanguitarplayers.com\\\/tienda\\\/sin categor\u00eda\\\/lampara-adj-xs-200\\\/\"]}]},{\"@type\":\"ImageObject\",\"inLanguage\":\"en-US\",\"@id\":\"https:\\\/\\\/www.mexicanguitarplayers.com\\\/tienda\\\/sin categor\u00eda\\\/lampara-adj-xs-200\\\/#primaryimage\",\"url\":\"https:\\\/\\\/www.mexicanguitarplayers.com\\\/wp-content\\\/uploads\\\/2025\\\/04\\\/LUADJXS2200.jpg\",\"contentUrl\":\"https:\\\/\\\/www.mexicanguitarplayers.com\\\/wp-content\\\/uploads\\\/2025\\\/04\\\/LUADJXS2200.jpg\",\"width\":1200,\"height\":1200},{\"@type\":\"BreadcrumbList\",\"@id\":\"https:\\\/\\\/www.mexicanguitarplayers.com\\\/tienda\\\/sin categor\u00eda\\\/lampara-adj-xs-200\\\/#breadcrumb\",\"itemListElement\":[{\"@type\":\"ListItem\",\"position\":1,\"name\":\"Portada\",\"item\":\"https:\\\/\\\/www.mexicanguitarplayers.com\\\/\"},{\"@type\":\"ListItem\",\"position\":2,\"name\":\"Tienda\",\"item\":\"https:\\\/\\\/www.mexicanguitarplayers.com\\\/tienda\\\/\"},{\"@type\":\"ListItem\",\"position\":3,\"name\":\"LAMPARA ADJ XS 200\"}]},{\"@type\":\"WebSite\",\"@id\":\"https:\\\/\\\/www.mexicanguitarplayers.com\\\/#website\",\"url\":\"https:\\\/\\\/www.mexicanguitarplayers.com\\\/\",\"name\":\"Mexican Guitar Players\",\"description\":\"Website\",\"publisher\":{\"@id\":\"https:\\\/\\\/www.mexicanguitarplayers.com\\\/#organization\"},\"potentialAction\":[{\"@type\":\"SearchAction\",\"target\":{\"@type\":\"EntryPoint\",\"urlTemplate\":\"https:\\\/\\\/www.mexicanguitarplayers.com\\\/?s={search_term_string}\"},\"query-input\":{\"@type\":\"PropertyValueSpecification\",\"valueRequired\":true,\"valueName\":\"search_term_string\"}}],\"inLanguage\":\"en-US\"},{\"@type\":\"Organization\",\"@id\":\"https:\\\/\\\/www.mexicanguitarplayers.com\\\/#organization\",\"name\":\"Mexican Guitar Players\",\"url\":\"https:\\\/\\\/www.mexicanguitarplayers.com\\\/\",\"logo\":{\"@type\":\"ImageObject\",\"inLanguage\":\"en-US\",\"@id\":\"https:\\\/\\\/www.mexicanguitarplayers.com\\\/#\\\/schema\\\/logo\\\/image\\\/\",\"url\":\"\",\"contentUrl\":\"\",\"caption\":\"Mexican Guitar Players\"},\"image\":{\"@id\":\"https:\\\/\\\/www.mexicanguitarplayers.com\\\/#\\\/schema\\\/logo\\\/image\\\/\"}}]}<\/script>\n<!-- \/ Yoast SEO plugin. -->","yoast_head_json":{"title":"LAMPARA ADJ XS 200 - Mexican Guitar Players","description":"Eje de cabezas m\u00f3viles \u00fanico, 360 \u00b0 de rotaci\u00f3n continua, en ambas direcciones,2 x 10W LED RGBW 4-en-1, control de p\u00edxeles de cada LED, mezcla de color RGBW enmodo DMX, 3 modos de funcionamiento: DMX, demostraci\u00f3n, modo activado por sonido, solitario o configuraci\u00f3n maestro-esclavo, 2 modos de Canal DMX:16 canales y18 canales, sistema de men\u00fa de 4 botones y Pantalla LED f\u00e1cil de navegar, 8 programas incorporados, conectores DMX XLR de 3 pines, conexiones I.E.C. Entrada\/Salida, vida \u00fatil de los LED (50,000 hora aproximadas), consumo de energ\u00eda: 20W totales, UC IR Compatible (se vende por separado), entrada y salida I.E.C. para alimentaci\u00f3n y conexi\u00f3n en cadena (Conecta hasta 8 dispositivos), multi-voltaje: Entrada IEC - AC 100-240V 50 \/ 60Hz, dimensiones: 142 x 100 x 300 mm, peso: 4 kg.","robots":{"index":"index","follow":"follow","max-snippet":"max-snippet:-1","max-image-preview":"max-image-preview:large","max-video-preview":"max-video-preview:-1"},"canonical":"https:\/\/www.mexicanguitarplayers.com\/en\/tienda\/sin categor\u00eda\/lampara-adj-xs-200\/","og_locale":"en_US","og_type":"article","og_title":"LAMPARA ADJ XS 200 - Mexican Guitar Players","og_description":"Eje de cabezas m\u00f3viles \u00fanico, 360 \u00b0 de rotaci\u00f3n continua, en ambas direcciones,2 x 10W LED RGBW 4-en-1, control de p\u00edxeles de cada LED, mezcla de color RGBW enmodo DMX, 3 modos de funcionamiento: DMX, demostraci\u00f3n, modo activado por sonido, solitario o configuraci\u00f3n maestro-esclavo, 2 modos de Canal DMX:16 canales y18 canales, sistema de men\u00fa de 4 botones y Pantalla LED f\u00e1cil de navegar, 8 programas incorporados, conectores DMX XLR de 3 pines, conexiones I.E.C. Entrada\/Salida, vida \u00fatil de los LED (50,000 hora aproximadas), consumo de energ\u00eda: 20W totales, UC IR Compatible (se vende por separado), entrada y salida I.E.C. para alimentaci\u00f3n y conexi\u00f3n en cadena (Conecta hasta 8 dispositivos), multi-voltaje: Entrada IEC - AC 100-240V 50 \/ 60Hz, dimensiones: 142 x 100 x 300 mm, peso: 4 kg.","og_url":"https:\/\/www.mexicanguitarplayers.com\/en\/tienda\/sin categor\u00eda\/lampara-adj-xs-200\/","og_site_name":"Mexican Guitar Players","article_modified_time":"2026-01-22T10:24:06+00:00","twitter_card":"summary_large_image","twitter_misc":{"Est. reading time":"2 minutes"},"schema":{"@context":"https:\/\/schema.org","@graph":[{"@type":["WebPage","ItemPage"],"@id":"https:\/\/www.mexicanguitarplayers.com\/tienda\/sin categor\u00eda\/lampara-adj-xs-200\/","url":"https:\/\/www.mexicanguitarplayers.com\/tienda\/sin categor\u00eda\/lampara-adj-xs-200\/","name":"LAMPARA ADJ XS 200 - Mexican Guitar Players","isPartOf":{"@id":"https:\/\/www.mexicanguitarplayers.com\/#website"},"primaryImageOfPage":{"@id":"https:\/\/www.mexicanguitarplayers.com\/tienda\/sin categor\u00eda\/lampara-adj-xs-200\/#primaryimage"},"image":{"@id":"https:\/\/www.mexicanguitarplayers.com\/tienda\/sin categor\u00eda\/lampara-adj-xs-200\/#primaryimage"},"thumbnailUrl":"https:\/\/www.mexicanguitarplayers.com\/wp-content\/uploads\/2025\/04\/LUADJXS2200.jpg","datePublished":"2025-04-06T20:53:09+00:00","dateModified":"2026-01-22T10:24:06+00:00","description":"Eje de cabezas m\u00f3viles \u00fanico, 360 \u00b0 de rotaci\u00f3n continua, en ambas direcciones,2 x 10W LED RGBW 4-en-1, control de p\u00edxeles de cada LED, mezcla de color RGBW enmodo DMX, 3 modos de funcionamiento: DMX, demostraci\u00f3n, modo activado por sonido, solitario o configuraci\u00f3n maestro-esclavo, 2 modos de Canal DMX:16 canales y18 canales, sistema de men\u00fa de 4 botones y Pantalla LED f\u00e1cil de navegar, 8 programas incorporados, conectores DMX XLR de 3 pines, conexiones I.E.C. Entrada\/Salida, vida \u00fatil de los LED (50,000 hora aproximadas), consumo de energ\u00eda: 20W totales, UC IR Compatible (se vende por separado), entrada y salida I.E.C. para alimentaci\u00f3n y conexi\u00f3n en cadena (Conecta hasta 8 dispositivos), multi-voltaje: Entrada IEC - AC 100-240V 50 \/ 60Hz, dimensiones: 142 x 100 x 300 mm, peso: 4 kg.","breadcrumb":{"@id":"https:\/\/www.mexicanguitarplayers.com\/tienda\/sin categor\u00eda\/lampara-adj-xs-200\/#breadcrumb"},"inLanguage":"en-US","potentialAction":[{"@type":"ReadAction","target":["https:\/\/www.mexicanguitarplayers.com\/tienda\/sin categor\u00eda\/lampara-adj-xs-200\/"]}]},{"@type":"ImageObject","inLanguage":"en-US","@id":"https:\/\/www.mexicanguitarplayers.com\/tienda\/sin categor\u00eda\/lampara-adj-xs-200\/#primaryimage","url":"https:\/\/www.mexicanguitarplayers.com\/wp-content\/uploads\/2025\/04\/LUADJXS2200.jpg","contentUrl":"https:\/\/www.mexicanguitarplayers.com\/wp-content\/uploads\/2025\/04\/LUADJXS2200.jpg","width":1200,"height":1200},{"@type":"BreadcrumbList","@id":"https:\/\/www.mexicanguitarplayers.com\/tienda\/sin categor\u00eda\/lampara-adj-xs-200\/#breadcrumb","itemListElement":[{"@type":"ListItem","position":1,"name":"Portada","item":"https:\/\/www.mexicanguitarplayers.com\/"},{"@type":"ListItem","position":2,"name":"Tienda","item":"https:\/\/www.mexicanguitarplayers.com\/tienda\/"},{"@type":"ListItem","position":3,"name":"LAMPARA ADJ XS 200"}]},{"@type":"WebSite","@id":"https:\/\/www.mexicanguitarplayers.com\/#website","url":"https:\/\/www.mexicanguitarplayers.com\/","name":"Mexican Guitar Players","description":"Website","publisher":{"@id":"https:\/\/www.mexicanguitarplayers.com\/#organization"},"potentialAction":[{"@type":"SearchAction","target":{"@type":"EntryPoint","urlTemplate":"https:\/\/www.mexicanguitarplayers.com\/?s={search_term_string}"},"query-input":{"@type":"PropertyValueSpecification","valueRequired":true,"valueName":"search_term_string"}}],"inLanguage":"en-US"},{"@type":"Organization","@id":"https:\/\/www.mexicanguitarplayers.com\/#organization","name":"Mexican Guitar Players","url":"https:\/\/www.mexicanguitarplayers.com\/","logo":{"@type":"ImageObject","inLanguage":"en-US","@id":"https:\/\/www.mexicanguitarplayers.com\/#\/schema\/logo\/image\/","url":"","contentUrl":"","caption":"Mexican Guitar Players"},"image":{"@id":"https:\/\/www.mexicanguitarplayers.com\/#\/schema\/logo\/image\/"}}]}},"brands":[{"id":556,"name":"ADJ","slug":"adj"}],"_links":{"self":[{"href":"https:\/\/www.mexicanguitarplayers.com\/en\/wp-json\/wp\/v2\/product\/24629","targetHints":{"allow":["GET"]}}],"collection":[{"href":"https:\/\/www.mexicanguitarplayers.com\/en\/wp-json\/wp\/v2\/product"}],"about":[{"href":"https:\/\/www.mexicanguitarplayers.com\/en\/wp-json\/wp\/v2\/types\/product"}],"replies":[{"embeddable":true,"href":"https:\/\/www.mexicanguitarplayers.com\/en\/wp-json\/wp\/v2\/comments?post=24629"}],"wp:featuredmedia":[{"embeddable":true,"href":"https:\/\/www.mexicanguitarplayers.com\/en\/wp-json\/wp\/v2\/media\/24624"}],"wp:attachment":[{"href":"https:\/\/www.mexicanguitarplayers.com\/en\/wp-json\/wp\/v2\/media?parent=24629"}],"wp:term":[{"taxonomy":"pwb-brand","embeddable":true,"href":"https:\/\/www.mexicanguitarplayers.com\/en\/wp-json\/wp\/v2\/pwb-brand?post=24629"},{"taxonomy":"product_brand","embeddable":true,"href":"https:\/\/www.mexicanguitarplayers.com\/en\/wp-json\/wp\/v2\/product_brand?post=24629"},{"taxonomy":"product_cat","embeddable":true,"href":"https:\/\/www.mexicanguitarplayers.com\/en\/wp-json\/wp\/v2\/product_cat?post=24629"},{"taxonomy":"product_tag","embeddable":true,"href":"https:\/\/www.mexicanguitarplayers.com\/en\/wp-json\/wp\/v2\/product_tag?post=24629"}],"curies":[{"name":"wp","href":"https:\/\/api.w.org\/{rel}","templated":true}]}}