{"id":24635,"date":"2025-04-06T14:53:48","date_gmt":"2025-04-06T20:53:48","guid":{"rendered":"https:\/\/www.mexicanguitarplayers.com\/tienda\/sin categor\u00eda\/piano-casio-digital-cdp-s160bk\/"},"modified":"2026-04-01T22:15:22","modified_gmt":"2026-04-02T04:15:22","slug":"piano-casio-digital-cdp-s160bk","status":"publish","type":"product","link":"https:\/\/www.mexicanguitarplayers.com\/en\/tienda\/teclas\/pianos\/pianos-digitales\/piano-casio-digital-cdp-s160bk\/","title":{"rendered":"PIANO CASIO DIGITAL       CDP-S160BK"},"content":{"rendered":"<div style=\"text-align: justify\">\n<div>\n<h3>Simple, pero elegante<\/h3>\n<\/div>\n<div>La tecnolog\u00eda de montaje de alta densidad patentada de CASIO, con componentes miniaturizados y una estructura interna que permite ahorrar espacio, es clave para la estructura delgada de este piano. Hay dos colores: negro y rojo. El audaz esquema de un solo color y la est\u00e9tica del dise\u00f1o minimalista brindan una experiencia de piano simple y elegante. La serie CDP-S es compacta, ligera y port\u00e1til. Dado que puede funcionar con bater\u00edas o alimentaci\u00f3n de CA, puedes tocarlo no solo como quieras, sino tambi\u00e9n donde lo desees. Cambios de timbre natural para una paleta con expresiones variadas. Diez tonos esenciales, incluidos pianos de cola y pianos el\u00e9ctricos, est\u00e1n a la espera para que los descubra. Los cambios sutiles en respuesta a la velocidad y el tiempo en los tonos del piano se han vuelto a\u00fan m\u00e1s naturales, lo que ampl\u00eda su rango de expresi\u00f3n. El mecanismo de teclado compacto ofrece una sensaci\u00f3n c\u00f3moda al tocar el piano. La serie CDP-S es perfecta para una amplia variedad de g\u00e9neros musicales. La funci\u00f3n Teclado con acci\u00f3n de martillo a escala II, que es un mecanismo de acci\u00f3n con un peso de martillo similar al de un piano de cola, alojado en un cuerpo compacto, permite un gran equilibrio entre tama\u00f1o delgado y un toque eficiente. El acabado de textura fina en la superficie de la tecla evita el deslizamiento causado por la sudoraci\u00f3n y las teclas se sienten c\u00f3modas para las yemas de los dedos, incluso durante sesiones largas. El CDP-S160 es compatible con el soporte de tres pedales fijo CS-470P y la unidad de tres pedales SP-34 (ambos se venden por separado), adecuados para la pr\u00e1ctica y la interpretaci\u00f3n del piano. El pedal de sustain puede despisarse ligeramente para producir un sonido medio amortiguado. Las notaciones de funciones que aparecen encima de las teclas facilitan ver qu\u00e9 teclas presionar para cambiar los ajustes, tales como tonos y tempos. Practica y realiza presentaciones con un tiempo preciso. Varios temperamentos para cualquier ocasi\u00f3n. Adem\u00e1s de la afinaci\u00f3n est\u00e1ndar del temperamento igual, hay 16 temperamentos alternativos (afinaciones de escalas) disponibles. En el modo Dueto, las secciones izquierda y derecha del teclado se pueden ajustar para que tengan la misma gama tonal. Es excelente cuando hay dos int\u00e9rpretes, como un padre y su hijo o un profesor y su alumno, que practican juntos. La funci\u00f3n Grabador MIDI permite grabar las interpretaciones en la memoria interna del piano y reproducirlas, lo que resulta \u00fatil durante las lecciones o solo para divertirse. Divi\u00e9rtete el doble con la aplicaci\u00f3n Chordana Play para piano. El CDP-S160 se puede controlar sin problemas desde la aplicaci\u00f3n gratuita Chordana Play para piano para tel\u00e9fonos inteligentes y tabletas. Cambia r\u00e1pida y f\u00e1cilmente los ajustes como tono, respuesta t\u00e1ctil y metr\u00f3nomo.<\/div>\n<div>\n<h4>Vistazo rapido<\/h4>\n<\/div>\n<ul style=\"margin: 0px 0px 0px 25px\">\n<li style=\"list-style-type: circle;margin: 5px\">Teclado.<\/li>\n<li style=\"list-style-type: circle;margin: 5px\">N\u00famero de teclas.<\/li>\n<li style=\"list-style-type: circle;margin: 5px\">Sensibilidad al tacto.<\/li>\n<li style=\"list-style-type: circle;margin: 5px\">Polifon\u00eda M\u00e1xima.<\/li>\n<li style=\"list-style-type: circle;margin: 5px\">Cantidad de tonos.<\/li>\n<li style=\"list-style-type: circle;margin: 5px\">Melod\u00edas de Demostraci\u00f3n.<\/li>\n<li style=\"list-style-type: circle;margin: 5px\">Grabador MIDI.<\/li>\n<li style=\"list-style-type: circle;margin: 5px\">Pedal.<\/li>\n<li style=\"list-style-type: circle;margin: 5px\">Parlante.<\/li>\n<li style=\"list-style-type: circle;margin: 5px\">Amplificadores.<\/li>\n<li style=\"list-style-type: circle;margin: 5px\">Fuente de alimentaci\u00f3n.<\/li>\n<li style=\"list-style-type: circle;margin: 5px\">Consumo de energ\u00eda.<\/li>\n<li style=\"list-style-type: circle;margin: 5px\">Dimensiones.<\/li>\n<li style=\"list-style-type: circle;margin: 5px\">Peso.<\/li>\n<li style=\"list-style-type: circle;margin: 5px\">Color.<\/li>\n<li style=\"list-style-type: circle;margin: 5px\">Accesorios incluidos.<\/li>\n<li style=\"list-style-type: circle;margin: 5px\">Efectos.<\/li>\n<li style=\"list-style-type: circle;margin: 5px\">Estratificador\/divisi\u00f3n.<\/li>\n<li style=\"list-style-type: circle;margin: 5px\">Transposici\u00f3n.<\/li>\n<li style=\"list-style-type: circle;margin: 5px\">Control de afinamiento.<\/li>\n<li style=\"list-style-type: circle;margin: 5px\">Escalas.<\/li>\n<li style=\"list-style-type: circle;margin: 5px\">Metr\u00f3nomo.<\/li>\n<li style=\"list-style-type: circle;margin: 5px\">Modo Dueto.<\/li>\n<li style=\"list-style-type: circle;margin: 5px\">Otros.<\/li>\n<li style=\"list-style-type: circle;margin: 5px\">Puerto USB.<\/li>\n<li style=\"list-style-type: circle;margin: 5px\">Entrada de audio.<\/li>\n<li style=\"list-style-type: circle;margin: 5px\">Pedal.<\/li>\n<li style=\"list-style-type: circle;margin: 5px\">Conector para unidad de 3 pedales.<\/li>\n<li style=\"list-style-type: circle;margin: 5px\">Salida de aud\u00edfonos.<\/li>\n<li style=\"list-style-type: circle;margin: 5px\">Conexi\u00f3n con la aplicaci\u00f3n.<\/li>\n<li style=\"list-style-type: circle;margin: 5px\">MIDI.<\/li>\n<\/ul>\n<div>\n<div style=\"font-weight: bold\">Teclado.<\/div>\n<div>\n<p>Teclado con acci\u00f3n de martillo a escala II.<\/p>\n<\/div>\n<div style=\"font-weight: bold\">N\u00famero de teclas.<\/div>\n<div>\n<p>88.<\/p>\n<\/div>\n<div style=\"font-weight: bold\">Sensibilidad al tacto.<\/div>\n<div>\n<p>3 niveles de sensibilidad, desactivados.<\/p>\n<\/div>\n<div style=\"font-weight: bold\">Polifon\u00eda M\u00e1xima.<\/div>\n<div>\n<p>64.<\/p>\n<\/div>\n<div style=\"font-weight: bold\">Cantidad de tonos.<\/div>\n<div>\n<p>10.<\/p>\n<\/div>\n<div style=\"font-weight: bold\">Melod\u00edas de Demostraci\u00f3n.<\/div>\n<div>\n<p>2.<\/p>\n<\/div>\n<div style=\"font-weight: bold\">Grabador MIDI.<\/div>\n<div>\n<p>1 pista, 1 canci\u00f3n, aproximadamente 2500 notas, grabaci\u00f3n en tiempo real.<\/p>\n<\/div>\n<div style=\"font-weight: bold\">Pedal.<\/div>\n<div>\n<p>Incluido: SP-3 \u00d7 1 (terminal \u00d7 2), unidad opcional con 3 pedales: SP-34, CS-470P (sordina, suave, sostenuto), funcionamiento del pedal media sordina: s\u00ed (con unidad opcional con 3 pedales).<\/p>\n<\/div>\n<div style=\"font-weight: bold\">Parlante.<\/div>\n<div>\n[12 cm \u00d7 6 cm (ovalado)] \u00d7 2, 2 altavoces.<\/p>\n<\/div>\n<div style=\"font-weight: bold\">Amplificadores.<\/div>\n<div>\n<p>8W+8W.<\/p>\n<\/div>\n<div style=\"font-weight: bold\">Fuente de alimentaci\u00f3n.<\/div>\n<div>\n<p>2 v\u00edas. [Bater\u00edas] 6 bater\u00edas alcalinas de tama\u00f1o AA, aproximadamente 13 horas. [Adaptador de CA] AD-A12150LW (CC de 12 V).<\/p>\n<\/div>\n<div style=\"font-weight: bold\">Consumo de energ\u00eda.<\/div>\n<div>\n<p>8W.<\/p>\n<\/div>\n<div style=\"font-weight: bold\">Dimensiones.<\/div>\n<div>\n<p>1322 x 232 x 99 mm (sin atril de m\u00fasica).<\/p>\n<\/div>\n<div style=\"font-weight: bold\">Peso.<\/div>\n<div>\n<p>10.5 kg.<\/p>\n<\/div>\n<div style=\"font-weight: bold\">Color.<\/div>\n<div>\n<p>Negro.<\/p>\n<\/div>\n<div style=\"font-weight: bold\">Accesorios incluidos.<\/div>\n<div>\n<p>Pedal (SP-3), atril, adaptador de CA (AD-A12150LW).<\/p>\n<\/div>\n<div style=\"font-weight: bold\">Efectos.<\/div>\n<div>\n<p>Reverberaci\u00f3n (4 tipos), coro (4 tipos).<\/p>\n<\/div>\n<div style=\"font-weight: bold\">Estratificador\/divisi\u00f3n.<\/div>\n<div>\n<p>S\u00ed (capa).<\/p>\n<\/div>\n<div style=\"font-weight: bold\">Transposici\u00f3n.<\/div>\n<div>\n<p>-12 semitonos ~ 0 ~ +12 semitonos.<\/p>\n<\/div>\n<div style=\"font-weight: bold\">Control de afinamiento.<\/div>\n<div>\n<p>A4 = 415,5 Hz ~ 440,0 Hz ~ 465,9 Hz.<\/p>\n<\/div>\n<div style=\"font-weight: bold\">Escalas.<\/div>\n<div>\n<p>Temperamento igual + 16 variaciones.<\/p>\n<\/div>\n<div style=\"font-weight: bold\">Metr\u00f3nomo.<\/div>\n<div>\n<p>De 0 a 9 compases; intervalo de tempo: de 20 a 255.<\/p>\n<\/div>\n<div style=\"font-weight: bold\">Modo Dueto.<\/div>\n<div>\n<p>S\u00ed.<\/p>\n<\/div>\n<div style=\"font-weight: bold\">Otros.<\/div>\n<div>\n<p>Apagado autom\u00e1tico.<\/p>\n<\/div>\n<div style=\"font-weight: bold\">Puerto USB.<\/div>\n<div>\n<p>Tipo B.<\/p>\n<\/div>\n<div style=\"font-weight: bold\">Entrada de audio.<\/div>\n<div>\n<p>Mini conector est\u00e1ndar.<\/p>\n<\/div>\n<div style=\"font-weight: bold\">Pedal.<\/div>\n<div>\n<p>1 (con sordina).<\/p>\n<\/div>\n<div style=\"font-weight: bold\">Conector para unidad de 3 pedales.<\/div>\n<div>\n<p>S\u00ed (para SP-34).<\/p>\n<\/div>\n<div style=\"font-weight: bold\">Salida de aud\u00edfonos.<\/div>\n<div>\n<p>1 terminal de SALIDA m\u00faltiple (miniconector est\u00e9reo).<\/p>\n<\/div>\n<div style=\"font-weight: bold\">Conexi\u00f3n con la aplicaci\u00f3n.<\/div>\n<div>\n<p>S\u00ed (Chordana Play para piano).<\/p>\n<\/div>\n<div style=\"font-weight: bold\">MIDI.<\/div>\n<div>\n<p>S\u00ed (con puerto USB).<\/p>\n<\/div>\n<\/div>\n<\/div>\n","protected":false},"excerpt":{"rendered":"<p>Piano digital de 88 teclas con acci\u00f3n de martillo a escala II, tres niveles de sensibilidad, polifon\u00eda m\u00e1xima de 64 notas, 10 tonos, 2 melod\u00edas de demostraci\u00f3n, grabador MIDI, incluye pedal SP-3, tambi\u00e9n es compatible con los pedales SP-34 y CS-470P (no incluidos), 2 altavoces de 12 x 6 cm de 8 + 8 W de potencia, funciona con 6 bater\u00edas alcalinas de tama\u00f1o AA o adaptador de CA AD-A12150LW, consumo de energ\u00eda: 8 W, efectos: reverberaci\u00f3n (4 tipos), coro (4 tipos), estratificador\/divisi\u00f3n, transposici\u00f3n: -12 semitonos ~ 0 ~ +12 semitonos, control de afinamiento: A4 = 415,5 Hz ~ 440,0 Hz ~ 465,9 Hz, metr\u00f3nomo: De 0 a 9 compases; intervalo de tempo: de 20 a 255, modo dueto, apagado autom\u00e1tico, entrada de audio: jack mini conector est\u00e1ndar, salida de aud\u00edfonos, conexi\u00f3n con la aplicaci\u00f3n Chordana Play para piano, MIDI por medio de USB, dimensiones: 1322 x 232 x 99 mm (sin atril de m\u00fasica), peso: 10,5 kg.&hellip; <a class=\"kt-excerpt-readmore more-link\" href=\"https:\/\/www.mexicanguitarplayers.com\/en\/tienda\/teclas\/pianos\/pianos-digitales\/piano-casio-digital-cdp-s160bk\/\">Read more<\/a><\/p>","protected":false},"featured_media":24630,"comment_status":"open","ping_status":"closed","template":"","meta":{"kt_blocks_editor_width":""},"pwb-brand":[274],"product_brand":[],"product_cat":[377,378,376],"product_tag":[],"class_list":{"0":"post-24635","1":"product","2":"type-product","3":"status-publish","4":"has-post-thumbnail","6":"pwb-brand-casio","7":"product_cat-pianos","8":"product_cat-pianos-digitales","9":"product_cat-teclas","10":"product_shipping_class-10-15-kg","12":"first","13":"instock","14":"taxable","15":"shipping-taxable","16":"purchasable","17":"product-type-simple"},"yoast_head":"<!-- This site is optimized with the Yoast SEO plugin v27.3 - https:\/\/yoast.com\/product\/yoast-seo-wordpress\/ -->\n<title>PIANO CASIO DIGITAL    CDP-S160BK - Mexican Guitar Players<\/title>\n<meta name=\"description\" content=\"Piano digital de 88 teclas con acci\u00f3n de martillo a escala II, tres niveles de sensibilidad, polifon\u00eda m\u00e1xima de 64 notas, 10 tonos, 2 melod\u00edas de demostraci\u00f3n, grabador MIDI, incluye pedal SP-3, tambi\u00e9n es compatible con los pedales SP-34 y CS-470P (no incluidos), 2 altavoces de 12 x 6 cm de 8 + 8 W de potencia, funciona con 6 bater\u00edas alcalinas de tama\u00f1o AA o adaptador de CA AD-A12150LW, consumo de energ\u00eda: 8 W, efectos: reverberaci\u00f3n (4 tipos), coro (4 tipos), estratificador\/divisi\u00f3n, transposici\u00f3n: -12 semitonos ~ 0 ~ +12 semitonos, control de afinamiento: A4 = 415,5 Hz ~ 440,0 Hz ~ 465,9 Hz, metr\u00f3nomo: De 0 a 9 compases; intervalo de tempo: de 20 a 255, modo dueto, apagado autom\u00e1tico, entrada de audio: jack mini conector est\u00e1ndar, salida de aud\u00edfonos, conexi\u00f3n con la aplicaci\u00f3n Chordana Play para piano, MIDI por medio de USB, dimensiones: 1322 x 232 x 99 mm (sin atril de m\u00fasica), peso: 10,5 kg.\" \/>\n<meta name=\"robots\" content=\"index, follow, max-snippet:-1, max-image-preview:large, max-video-preview:-1\" \/>\n<link rel=\"canonical\" href=\"https:\/\/www.mexicanguitarplayers.com\/en\/tienda\/sin%20categor\u00eda\/piano-casio-digital-cdp-s160bk\/\" \/>\n<meta property=\"og:locale\" content=\"en_US\" \/>\n<meta property=\"og:type\" content=\"article\" \/>\n<meta property=\"og:title\" content=\"PIANO CASIO DIGITAL    CDP-S160BK - Mexican Guitar Players\" \/>\n<meta property=\"og:description\" content=\"Piano digital de 88 teclas con acci\u00f3n de martillo a escala II, tres niveles de sensibilidad, polifon\u00eda m\u00e1xima de 64 notas, 10 tonos, 2 melod\u00edas de demostraci\u00f3n, grabador MIDI, incluye pedal SP-3, tambi\u00e9n es compatible con los pedales SP-34 y CS-470P (no incluidos), 2 altavoces de 12 x 6 cm de 8 + 8 W de potencia, funciona con 6 bater\u00edas alcalinas de tama\u00f1o AA o adaptador de CA AD-A12150LW, consumo de energ\u00eda: 8 W, efectos: reverberaci\u00f3n (4 tipos), coro (4 tipos), estratificador\/divisi\u00f3n, transposici\u00f3n: -12 semitonos ~ 0 ~ +12 semitonos, control de afinamiento: A4 = 415,5 Hz ~ 440,0 Hz ~ 465,9 Hz, metr\u00f3nomo: De 0 a 9 compases; intervalo de tempo: de 20 a 255, modo dueto, apagado autom\u00e1tico, entrada de audio: jack mini conector est\u00e1ndar, salida de aud\u00edfonos, conexi\u00f3n con la aplicaci\u00f3n Chordana Play para piano, MIDI por medio de USB, dimensiones: 1322 x 232 x 99 mm (sin atril de m\u00fasica), peso: 10,5 kg.\" \/>\n<meta property=\"og:url\" content=\"https:\/\/www.mexicanguitarplayers.com\/en\/tienda\/sin categor\u00eda\/piano-casio-digital-cdp-s160bk\/\" \/>\n<meta property=\"og:site_name\" content=\"Mexican Guitar Players\" \/>\n<meta property=\"article:modified_time\" content=\"2026-04-02T04:15:22+00:00\" \/>\n<meta name=\"twitter:card\" content=\"summary_large_image\" \/>\n<meta name=\"twitter:label1\" content=\"Est. reading time\" \/>\n\t<meta name=\"twitter:data1\" content=\"4 minutes\" \/>\n<script type=\"application\/ld+json\" class=\"yoast-schema-graph\">{\"@context\":\"https:\\\/\\\/schema.org\",\"@graph\":[{\"@type\":[\"WebPage\",\"ItemPage\"],\"@id\":\"https:\\\/\\\/www.mexicanguitarplayers.com\\\/tienda\\\/sin categor\u00eda\\\/piano-casio-digital-cdp-s160bk\\\/\",\"url\":\"https:\\\/\\\/www.mexicanguitarplayers.com\\\/tienda\\\/sin categor\u00eda\\\/piano-casio-digital-cdp-s160bk\\\/\",\"name\":\"PIANO CASIO DIGITAL CDP-S160BK - Mexican Guitar Players\",\"isPartOf\":{\"@id\":\"https:\\\/\\\/www.mexicanguitarplayers.com\\\/#website\"},\"primaryImageOfPage\":{\"@id\":\"https:\\\/\\\/www.mexicanguitarplayers.com\\\/tienda\\\/sin categor\u00eda\\\/piano-casio-digital-cdp-s160bk\\\/#primaryimage\"},\"image\":{\"@id\":\"https:\\\/\\\/www.mexicanguitarplayers.com\\\/tienda\\\/sin categor\u00eda\\\/piano-casio-digital-cdp-s160bk\\\/#primaryimage\"},\"thumbnailUrl\":\"https:\\\/\\\/www.mexicanguitarplayers.com\\\/wp-content\\\/uploads\\\/2025\\\/04\\\/ITCASCDPS160.jpg\",\"datePublished\":\"2025-04-06T20:53:48+00:00\",\"dateModified\":\"2026-04-02T04:15:22+00:00\",\"description\":\"Piano digital de 88 teclas con acci\u00f3n de martillo a escala II, tres niveles de sensibilidad, polifon\u00eda m\u00e1xima de 64 notas, 10 tonos, 2 melod\u00edas de demostraci\u00f3n, grabador MIDI, incluye pedal SP-3, tambi\u00e9n es compatible con los pedales SP-34 y CS-470P (no incluidos), 2 altavoces de 12 x 6 cm de 8 + 8 W de potencia, funciona con 6 bater\u00edas alcalinas de tama\u00f1o AA o adaptador de CA AD-A12150LW, consumo de energ\u00eda: 8 W, efectos: reverberaci\u00f3n (4 tipos), coro (4 tipos), estratificador\\\/divisi\u00f3n, transposici\u00f3n: -12 semitonos ~ 0 ~ +12 semitonos, control de afinamiento: A4 = 415,5 Hz ~ 440,0 Hz ~ 465,9 Hz, metr\u00f3nomo: De 0 a 9 compases; intervalo de tempo: de 20 a 255, modo dueto, apagado autom\u00e1tico, entrada de audio: jack mini conector est\u00e1ndar, salida de aud\u00edfonos, conexi\u00f3n con la aplicaci\u00f3n Chordana Play para piano, MIDI por medio de USB, dimensiones: 1322 x 232 x 99 mm (sin atril de m\u00fasica), peso: 10,5 kg.\",\"breadcrumb\":{\"@id\":\"https:\\\/\\\/www.mexicanguitarplayers.com\\\/tienda\\\/sin categor\u00eda\\\/piano-casio-digital-cdp-s160bk\\\/#breadcrumb\"},\"inLanguage\":\"en-US\",\"potentialAction\":[{\"@type\":\"ReadAction\",\"target\":[\"https:\\\/\\\/www.mexicanguitarplayers.com\\\/tienda\\\/sin categor\u00eda\\\/piano-casio-digital-cdp-s160bk\\\/\"]}]},{\"@type\":\"ImageObject\",\"inLanguage\":\"en-US\",\"@id\":\"https:\\\/\\\/www.mexicanguitarplayers.com\\\/tienda\\\/sin categor\u00eda\\\/piano-casio-digital-cdp-s160bk\\\/#primaryimage\",\"url\":\"https:\\\/\\\/www.mexicanguitarplayers.com\\\/wp-content\\\/uploads\\\/2025\\\/04\\\/ITCASCDPS160.jpg\",\"contentUrl\":\"https:\\\/\\\/www.mexicanguitarplayers.com\\\/wp-content\\\/uploads\\\/2025\\\/04\\\/ITCASCDPS160.jpg\",\"width\":1600,\"height\":800},{\"@type\":\"BreadcrumbList\",\"@id\":\"https:\\\/\\\/www.mexicanguitarplayers.com\\\/tienda\\\/sin categor\u00eda\\\/piano-casio-digital-cdp-s160bk\\\/#breadcrumb\",\"itemListElement\":[{\"@type\":\"ListItem\",\"position\":1,\"name\":\"Portada\",\"item\":\"https:\\\/\\\/www.mexicanguitarplayers.com\\\/\"},{\"@type\":\"ListItem\",\"position\":2,\"name\":\"Tienda\",\"item\":\"https:\\\/\\\/www.mexicanguitarplayers.com\\\/tienda\\\/\"},{\"@type\":\"ListItem\",\"position\":3,\"name\":\"PIANO CASIO DIGITAL CDP-S160BK\"}]},{\"@type\":\"WebSite\",\"@id\":\"https:\\\/\\\/www.mexicanguitarplayers.com\\\/#website\",\"url\":\"https:\\\/\\\/www.mexicanguitarplayers.com\\\/\",\"name\":\"Mexican Guitar Players\",\"description\":\"Website\",\"publisher\":{\"@id\":\"https:\\\/\\\/www.mexicanguitarplayers.com\\\/#organization\"},\"potentialAction\":[{\"@type\":\"SearchAction\",\"target\":{\"@type\":\"EntryPoint\",\"urlTemplate\":\"https:\\\/\\\/www.mexicanguitarplayers.com\\\/?s={search_term_string}\"},\"query-input\":{\"@type\":\"PropertyValueSpecification\",\"valueRequired\":true,\"valueName\":\"search_term_string\"}}],\"inLanguage\":\"en-US\"},{\"@type\":\"Organization\",\"@id\":\"https:\\\/\\\/www.mexicanguitarplayers.com\\\/#organization\",\"name\":\"Mexican Guitar Players\",\"url\":\"https:\\\/\\\/www.mexicanguitarplayers.com\\\/\",\"logo\":{\"@type\":\"ImageObject\",\"inLanguage\":\"en-US\",\"@id\":\"https:\\\/\\\/www.mexicanguitarplayers.com\\\/#\\\/schema\\\/logo\\\/image\\\/\",\"url\":\"\",\"contentUrl\":\"\",\"caption\":\"Mexican Guitar Players\"},\"image\":{\"@id\":\"https:\\\/\\\/www.mexicanguitarplayers.com\\\/#\\\/schema\\\/logo\\\/image\\\/\"}}]}<\/script>\n<!-- \/ Yoast SEO plugin. -->","yoast_head_json":{"title":"PIANO CASIO DIGITAL    CDP-S160BK - Mexican Guitar Players","description":"Piano digital de 88 teclas con acci\u00f3n de martillo a escala II, tres niveles de sensibilidad, polifon\u00eda m\u00e1xima de 64 notas, 10 tonos, 2 melod\u00edas de demostraci\u00f3n, grabador MIDI, incluye pedal SP-3, tambi\u00e9n es compatible con los pedales SP-34 y CS-470P (no incluidos), 2 altavoces de 12 x 6 cm de 8 + 8 W de potencia, funciona con 6 bater\u00edas alcalinas de tama\u00f1o AA o adaptador de CA AD-A12150LW, consumo de energ\u00eda: 8 W, efectos: reverberaci\u00f3n (4 tipos), coro (4 tipos), estratificador\/divisi\u00f3n, transposici\u00f3n: -12 semitonos ~ 0 ~ +12 semitonos, control de afinamiento: A4 = 415,5 Hz ~ 440,0 Hz ~ 465,9 Hz, metr\u00f3nomo: De 0 a 9 compases; intervalo de tempo: de 20 a 255, modo dueto, apagado autom\u00e1tico, entrada de audio: jack mini conector est\u00e1ndar, salida de aud\u00edfonos, conexi\u00f3n con la aplicaci\u00f3n Chordana Play para piano, MIDI por medio de USB, dimensiones: 1322 x 232 x 99 mm (sin atril de m\u00fasica), peso: 10,5 kg.","robots":{"index":"index","follow":"follow","max-snippet":"max-snippet:-1","max-image-preview":"max-image-preview:large","max-video-preview":"max-video-preview:-1"},"canonical":"https:\/\/www.mexicanguitarplayers.com\/en\/tienda\/sin categor\u00eda\/piano-casio-digital-cdp-s160bk\/","og_locale":"en_US","og_type":"article","og_title":"PIANO CASIO DIGITAL    CDP-S160BK - Mexican Guitar Players","og_description":"Piano digital de 88 teclas con acci\u00f3n de martillo a escala II, tres niveles de sensibilidad, polifon\u00eda m\u00e1xima de 64 notas, 10 tonos, 2 melod\u00edas de demostraci\u00f3n, grabador MIDI, incluye pedal SP-3, tambi\u00e9n es compatible con los pedales SP-34 y CS-470P (no incluidos), 2 altavoces de 12 x 6 cm de 8 + 8 W de potencia, funciona con 6 bater\u00edas alcalinas de tama\u00f1o AA o adaptador de CA AD-A12150LW, consumo de energ\u00eda: 8 W, efectos: reverberaci\u00f3n (4 tipos), coro (4 tipos), estratificador\/divisi\u00f3n, transposici\u00f3n: -12 semitonos ~ 0 ~ +12 semitonos, control de afinamiento: A4 = 415,5 Hz ~ 440,0 Hz ~ 465,9 Hz, metr\u00f3nomo: De 0 a 9 compases; intervalo de tempo: de 20 a 255, modo dueto, apagado autom\u00e1tico, entrada de audio: jack mini conector est\u00e1ndar, salida de aud\u00edfonos, conexi\u00f3n con la aplicaci\u00f3n Chordana Play para piano, MIDI por medio de USB, dimensiones: 1322 x 232 x 99 mm (sin atril de m\u00fasica), peso: 10,5 kg.","og_url":"https:\/\/www.mexicanguitarplayers.com\/en\/tienda\/sin categor\u00eda\/piano-casio-digital-cdp-s160bk\/","og_site_name":"Mexican Guitar Players","article_modified_time":"2026-04-02T04:15:22+00:00","twitter_card":"summary_large_image","twitter_misc":{"Est. reading time":"4 minutes"},"schema":{"@context":"https:\/\/schema.org","@graph":[{"@type":["WebPage","ItemPage"],"@id":"https:\/\/www.mexicanguitarplayers.com\/tienda\/sin categor\u00eda\/piano-casio-digital-cdp-s160bk\/","url":"https:\/\/www.mexicanguitarplayers.com\/tienda\/sin categor\u00eda\/piano-casio-digital-cdp-s160bk\/","name":"PIANO CASIO DIGITAL CDP-S160BK - Mexican Guitar Players","isPartOf":{"@id":"https:\/\/www.mexicanguitarplayers.com\/#website"},"primaryImageOfPage":{"@id":"https:\/\/www.mexicanguitarplayers.com\/tienda\/sin categor\u00eda\/piano-casio-digital-cdp-s160bk\/#primaryimage"},"image":{"@id":"https:\/\/www.mexicanguitarplayers.com\/tienda\/sin categor\u00eda\/piano-casio-digital-cdp-s160bk\/#primaryimage"},"thumbnailUrl":"https:\/\/www.mexicanguitarplayers.com\/wp-content\/uploads\/2025\/04\/ITCASCDPS160.jpg","datePublished":"2025-04-06T20:53:48+00:00","dateModified":"2026-04-02T04:15:22+00:00","description":"Piano digital de 88 teclas con acci\u00f3n de martillo a escala II, tres niveles de sensibilidad, polifon\u00eda m\u00e1xima de 64 notas, 10 tonos, 2 melod\u00edas de demostraci\u00f3n, grabador MIDI, incluye pedal SP-3, tambi\u00e9n es compatible con los pedales SP-34 y CS-470P (no incluidos), 2 altavoces de 12 x 6 cm de 8 + 8 W de potencia, funciona con 6 bater\u00edas alcalinas de tama\u00f1o AA o adaptador de CA AD-A12150LW, consumo de energ\u00eda: 8 W, efectos: reverberaci\u00f3n (4 tipos), coro (4 tipos), estratificador\/divisi\u00f3n, transposici\u00f3n: -12 semitonos ~ 0 ~ +12 semitonos, control de afinamiento: A4 = 415,5 Hz ~ 440,0 Hz ~ 465,9 Hz, metr\u00f3nomo: De 0 a 9 compases; intervalo de tempo: de 20 a 255, modo dueto, apagado autom\u00e1tico, entrada de audio: jack mini conector est\u00e1ndar, salida de aud\u00edfonos, conexi\u00f3n con la aplicaci\u00f3n Chordana Play para piano, MIDI por medio de USB, dimensiones: 1322 x 232 x 99 mm (sin atril de m\u00fasica), peso: 10,5 kg.","breadcrumb":{"@id":"https:\/\/www.mexicanguitarplayers.com\/tienda\/sin categor\u00eda\/piano-casio-digital-cdp-s160bk\/#breadcrumb"},"inLanguage":"en-US","potentialAction":[{"@type":"ReadAction","target":["https:\/\/www.mexicanguitarplayers.com\/tienda\/sin categor\u00eda\/piano-casio-digital-cdp-s160bk\/"]}]},{"@type":"ImageObject","inLanguage":"en-US","@id":"https:\/\/www.mexicanguitarplayers.com\/tienda\/sin categor\u00eda\/piano-casio-digital-cdp-s160bk\/#primaryimage","url":"https:\/\/www.mexicanguitarplayers.com\/wp-content\/uploads\/2025\/04\/ITCASCDPS160.jpg","contentUrl":"https:\/\/www.mexicanguitarplayers.com\/wp-content\/uploads\/2025\/04\/ITCASCDPS160.jpg","width":1600,"height":800},{"@type":"BreadcrumbList","@id":"https:\/\/www.mexicanguitarplayers.com\/tienda\/sin categor\u00eda\/piano-casio-digital-cdp-s160bk\/#breadcrumb","itemListElement":[{"@type":"ListItem","position":1,"name":"Portada","item":"https:\/\/www.mexicanguitarplayers.com\/"},{"@type":"ListItem","position":2,"name":"Tienda","item":"https:\/\/www.mexicanguitarplayers.com\/tienda\/"},{"@type":"ListItem","position":3,"name":"PIANO CASIO DIGITAL CDP-S160BK"}]},{"@type":"WebSite","@id":"https:\/\/www.mexicanguitarplayers.com\/#website","url":"https:\/\/www.mexicanguitarplayers.com\/","name":"Mexican Guitar Players","description":"Website","publisher":{"@id":"https:\/\/www.mexicanguitarplayers.com\/#organization"},"potentialAction":[{"@type":"SearchAction","target":{"@type":"EntryPoint","urlTemplate":"https:\/\/www.mexicanguitarplayers.com\/?s={search_term_string}"},"query-input":{"@type":"PropertyValueSpecification","valueRequired":true,"valueName":"search_term_string"}}],"inLanguage":"en-US"},{"@type":"Organization","@id":"https:\/\/www.mexicanguitarplayers.com\/#organization","name":"Mexican Guitar Players","url":"https:\/\/www.mexicanguitarplayers.com\/","logo":{"@type":"ImageObject","inLanguage":"en-US","@id":"https:\/\/www.mexicanguitarplayers.com\/#\/schema\/logo\/image\/","url":"","contentUrl":"","caption":"Mexican Guitar Players"},"image":{"@id":"https:\/\/www.mexicanguitarplayers.com\/#\/schema\/logo\/image\/"}}]}},"brands":[{"id":274,"name":"CASIO","slug":"casio"}],"_links":{"self":[{"href":"https:\/\/www.mexicanguitarplayers.com\/en\/wp-json\/wp\/v2\/product\/24635","targetHints":{"allow":["GET"]}}],"collection":[{"href":"https:\/\/www.mexicanguitarplayers.com\/en\/wp-json\/wp\/v2\/product"}],"about":[{"href":"https:\/\/www.mexicanguitarplayers.com\/en\/wp-json\/wp\/v2\/types\/product"}],"replies":[{"embeddable":true,"href":"https:\/\/www.mexicanguitarplayers.com\/en\/wp-json\/wp\/v2\/comments?post=24635"}],"wp:featuredmedia":[{"embeddable":true,"href":"https:\/\/www.mexicanguitarplayers.com\/en\/wp-json\/wp\/v2\/media\/24630"}],"wp:attachment":[{"href":"https:\/\/www.mexicanguitarplayers.com\/en\/wp-json\/wp\/v2\/media?parent=24635"}],"wp:term":[{"taxonomy":"pwb-brand","embeddable":true,"href":"https:\/\/www.mexicanguitarplayers.com\/en\/wp-json\/wp\/v2\/pwb-brand?post=24635"},{"taxonomy":"product_brand","embeddable":true,"href":"https:\/\/www.mexicanguitarplayers.com\/en\/wp-json\/wp\/v2\/product_brand?post=24635"},{"taxonomy":"product_cat","embeddable":true,"href":"https:\/\/www.mexicanguitarplayers.com\/en\/wp-json\/wp\/v2\/product_cat?post=24635"},{"taxonomy":"product_tag","embeddable":true,"href":"https:\/\/www.mexicanguitarplayers.com\/en\/wp-json\/wp\/v2\/product_tag?post=24635"}],"curies":[{"name":"wp","href":"https:\/\/api.w.org\/{rel}","templated":true}]}}