{"id":24731,"date":"2025-04-06T15:02:59","date_gmt":"2025-04-06T21:02:59","guid":{"rendered":"https:\/\/www.mexicanguitarplayers.com\/tienda\/sin categor\u00eda\/combo-bugera-p-guitarra-mod-v55-infiniu\/"},"modified":"2026-04-10T04:46:54","modified_gmt":"2026-04-10T10:46:54","slug":"combo-bugera-p-guitarra-mod-v55-infiniu","status":"publish","type":"product","link":"https:\/\/www.mexicanguitarplayers.com\/en\/tienda\/cuerdas\/combos\/combos-para-guitarra\/combo-bugera-p-guitarra-mod-v55-infiniu\/","title":{"rendered":"COMBO BUGERA P\/GUITARRA MOD. V55 INFINIU"},"content":{"rendered":"<div style=\"text-align: justify\">\n<div>\n<h3>A vintage sound with modern features.<\/h3>\n<\/div>\n<div>Based on the original V55, this 2-channel, 55-watt combo not only exudes a vintage sound, it also has modern features that will jump-start your sound into the sonic stratosphere. Loaded with 3 12ZX7 preamp bulbs and 2 6L6 power bulbs, this combo gives you 2 independent channels and selectable reverbs, both switchable from an included footswitch. Coupled with this, our revolutionary bulb life multiplier technology and an incredible 12 \u2033 Turbosound loudspeaker and the Vintage V55 Infinium will become an extraordinarily versatile machine that is incredibly suited to the studio, stage, rehearsal room and concert hall. .<\/div>\n<div>\n<h4>Quick look<\/h4>\n<\/div>\n<ul style=\"margin: 0px 0px 0px 25px\">\n<li style=\"list-style-type: circle;margin: 5px\">Bulb life multiplier technology.<\/li>\n<li style=\"list-style-type: circle;margin: 5px\">Channels.<\/li>\n<li style=\"list-style-type: circle;margin: 5px\">Power.<\/li>\n<li style=\"list-style-type: circle;margin: 5px\">Speaker.<\/li>\n<li style=\"list-style-type: circle;margin: 5px\">Reverb.<\/li>\n<li style=\"list-style-type: circle;margin: 5px\">Equalizer<\/li>\n<li style=\"list-style-type: circle;margin: 5px\">Bulbs<\/li>\n<li style=\"list-style-type: circle;margin: 5px\">Dimensions.<\/li>\n<li style=\"list-style-type: circle;margin: 5px\">Weight.<\/li>\n<\/ul>\n<div>\n<div style=\"font-weight: bold\">Bulb life multiplier technology.<\/div>\n<div>\n<p>&#8211; Extiende la vida de los bulbos de potencia hasta 20 veces. &#8211; Ofrece una gran fiabilidad y un sonido consistente a lo largo de la vida \u00fatil de los bulbos. &#8211; No requerir\u00e1s obtener parejas caras de bulbos. &#8211; Permite mezclar y emparejar cualquier combinaci\u00f3n de tipos de bulbos compatibles y marcas. &#8211; Supervisa el rendimiento de cada bulbo de potencia y muestra los bulbos defectuosos para permitir una sustituci\u00f3n f\u00e1cil e individual.<\/p>\n<\/div>\n<div style=\"font-weight: bold\">Channels.<\/div>\n<div>\n<p>2.<\/p>\n<\/div>\n<div style=\"font-weight: bold\">Power.<\/div>\n<div>\n<p>55 watts.<\/p>\n<\/div>\n<div style=\"font-weight: bold\">Speaker.<\/div>\n<div>\n<p>1 12 \u2033 inch Turbosound speaker.<\/p>\n<\/div>\n<div style=\"font-weight: bold\">Reverb.<\/div>\n<div>\n<p>Built-in high definition reverb with dedicated reverb control.<\/p>\n<\/div>\n<div style=\"font-weight: bold\">Equalizer<\/div>\n<div>\n<p>Vintage 3-band EQ section with dedicated Bass, Mid and Treble and Presence controls.<\/p>\n<\/div>\n<div style=\"font-weight: bold\">Bulbs<\/div>\n<div>\n<p>Preamp: 3 bulbos 12AX7. Potencia: 2 bulbos 6L6.<\/p>\n<\/div>\n<div style=\"font-weight: bold\">Dimensions.<\/div>\n<div>\n<p>Altura: 546.1 mm. Ancho: 596.9 mm. Profundidad: 269.4 mm.<\/p>\n<\/div>\n<div style=\"font-weight: bold\">Weight.<\/div>\n<div>\n<p>22.9 kg.<\/p>\n<\/div>\n<\/div>\n<div>\n<h4>Characteristics<\/h4>\n<\/div>\n<div>\n<ul style=\"margin: 0px 0px 0px 25px\">\n<li style=\"list-style-type: circle;margin: 5px\">Vintage look and feel.<\/li>\n<\/ul>\n<\/div>\n<\/div>","protected":false},"excerpt":{"rendered":"<p>Combo de bulbos para guitarra, potencia: 55 watts, 1 altavoz Turbosound de 12\u201d pulgadas, 2 canales, reverb, ecualizador de 3 bandas (presence), 3 bulbos 12AX7 de preamp, 2 bulbos 6L6 de potencia, dulces arm\u00f3nicos, distorsi\u00f3n c\u00e1lida, switch para seleccionar entre operaci\u00f3n tr\u00edodo o p\u00e9ntodo, footswitch, loop de efectos, salida para 4, 8 o 16 ohms, dimensiones: 546.1 x  596.9 x  269.24 mm, peso: 22.9 kg.&hellip; <a class=\"kt-excerpt-readmore more-link\" href=\"https:\/\/www.mexicanguitarplayers.com\/en\/tienda\/cuerdas\/combos\/combos-para-guitarra\/combo-bugera-p-guitarra-mod-v55-infiniu\/\">Read more<\/a><\/p>","protected":false},"featured_media":24726,"comment_status":"open","ping_status":"closed","template":"","meta":{"kt_blocks_editor_width":""},"pwb-brand":[173],"product_brand":[],"product_cat":[236,237,224],"product_tag":[],"class_list":{"0":"post-24731","1":"product","2":"type-product","3":"status-publish","4":"has-post-thumbnail","6":"pwb-brand-bugera","7":"product_cat-combos","8":"product_cat-combos-para-guitarra","9":"product_cat-cuerdas","10":"product_shipping_class-25-30-kg","12":"first","13":"outofstock","14":"taxable","15":"shipping-taxable","16":"purchasable","17":"product-type-simple"},"yoast_head":"<!-- This site is optimized with the Yoast SEO plugin v27.5 - https:\/\/yoast.com\/product\/yoast-seo-wordpress\/ -->\n<title>COMBO BUGERA P\/GUITARRA MOD. V55 INFINIU - Mexican Guitar Players<\/title>\n<meta name=\"description\" content=\"Combo de bulbos para guitarra, potencia: 55 watts, 1 altavoz Turbosound de 12\u201d pulgadas, 2 canales, reverb, ecualizador de 3 bandas (presence), 3 bulbos 12AX7 de preamp, 2 bulbos 6L6 de potencia, dulces arm\u00f3nicos, distorsi\u00f3n c\u00e1lida, switch para seleccionar entre operaci\u00f3n tr\u00edodo o p\u00e9ntodo, footswitch, loop de efectos, salida para 4, 8 o 16 ohms, dimensiones: 546.1 x 596.9 x 269.24 mm, peso: 22.9 kg.\" \/>\n<meta name=\"robots\" content=\"index, follow, max-snippet:-1, max-image-preview:large, max-video-preview:-1\" \/>\n<link rel=\"canonical\" href=\"https:\/\/www.mexicanguitarplayers.com\/en\/tienda\/sin%20categor\u00eda\/combo-bugera-p-guitarra-mod-v55-infiniu\/\" \/>\n<meta property=\"og:locale\" content=\"en_US\" \/>\n<meta property=\"og:type\" content=\"article\" \/>\n<meta property=\"og:title\" content=\"COMBO BUGERA P\/GUITARRA MOD. V55 INFINIU - Mexican Guitar Players\" \/>\n<meta property=\"og:description\" content=\"Combo de bulbos para guitarra, potencia: 55 watts, 1 altavoz Turbosound de 12\u201d pulgadas, 2 canales, reverb, ecualizador de 3 bandas (presence), 3 bulbos 12AX7 de preamp, 2 bulbos 6L6 de potencia, dulces arm\u00f3nicos, distorsi\u00f3n c\u00e1lida, switch para seleccionar entre operaci\u00f3n tr\u00edodo o p\u00e9ntodo, footswitch, loop de efectos, salida para 4, 8 o 16 ohms, dimensiones: 546.1 x 596.9 x 269.24 mm, peso: 22.9 kg.\" \/>\n<meta property=\"og:url\" content=\"https:\/\/www.mexicanguitarplayers.com\/en\/tienda\/sin categor\u00eda\/combo-bugera-p-guitarra-mod-v55-infiniu\/\" \/>\n<meta property=\"og:site_name\" content=\"Mexican Guitar Players\" \/>\n<meta property=\"article:modified_time\" content=\"2026-04-10T10:46:54+00:00\" \/>\n<meta name=\"twitter:card\" content=\"summary_large_image\" \/>\n<meta name=\"twitter:label1\" content=\"Est. reading time\" \/>\n\t<meta name=\"twitter:data1\" content=\"1 minute\" \/>\n<script type=\"application\/ld+json\" class=\"yoast-schema-graph\">{\"@context\":\"https:\\\/\\\/schema.org\",\"@graph\":[{\"@type\":[\"WebPage\",\"ItemPage\"],\"@id\":\"https:\\\/\\\/www.mexicanguitarplayers.com\\\/tienda\\\/sin categor\u00eda\\\/combo-bugera-p-guitarra-mod-v55-infiniu\\\/\",\"url\":\"https:\\\/\\\/www.mexicanguitarplayers.com\\\/tienda\\\/sin categor\u00eda\\\/combo-bugera-p-guitarra-mod-v55-infiniu\\\/\",\"name\":\"COMBO BUGERA P\\\/GUITARRA MOD. V55 INFINIU - Mexican Guitar Players\",\"isPartOf\":{\"@id\":\"https:\\\/\\\/www.mexicanguitarplayers.com\\\/#website\"},\"primaryImageOfPage\":{\"@id\":\"https:\\\/\\\/www.mexicanguitarplayers.com\\\/tienda\\\/sin categor\u00eda\\\/combo-bugera-p-guitarra-mod-v55-infiniu\\\/#primaryimage\"},\"image\":{\"@id\":\"https:\\\/\\\/www.mexicanguitarplayers.com\\\/tienda\\\/sin categor\u00eda\\\/combo-bugera-p-guitarra-mod-v55-infiniu\\\/#primaryimage\"},\"thumbnailUrl\":\"https:\\\/\\\/www.mexicanguitarplayers.com\\\/wp-content\\\/uploads\\\/2025\\\/04\\\/ICBUGV55INFINI.jpg\",\"datePublished\":\"2025-04-06T21:02:59+00:00\",\"dateModified\":\"2026-04-10T10:46:54+00:00\",\"description\":\"Combo de bulbos para guitarra, potencia: 55 watts, 1 altavoz Turbosound de 12\u201d pulgadas, 2 canales, reverb, ecualizador de 3 bandas (presence), 3 bulbos 12AX7 de preamp, 2 bulbos 6L6 de potencia, dulces arm\u00f3nicos, distorsi\u00f3n c\u00e1lida, switch para seleccionar entre operaci\u00f3n tr\u00edodo o p\u00e9ntodo, footswitch, loop de efectos, salida para 4, 8 o 16 ohms, dimensiones: 546.1 x 596.9 x 269.24 mm, peso: 22.9 kg.\",\"breadcrumb\":{\"@id\":\"https:\\\/\\\/www.mexicanguitarplayers.com\\\/tienda\\\/sin categor\u00eda\\\/combo-bugera-p-guitarra-mod-v55-infiniu\\\/#breadcrumb\"},\"inLanguage\":\"en-US\",\"potentialAction\":[{\"@type\":\"ReadAction\",\"target\":[\"https:\\\/\\\/www.mexicanguitarplayers.com\\\/tienda\\\/sin categor\u00eda\\\/combo-bugera-p-guitarra-mod-v55-infiniu\\\/\"]}]},{\"@type\":\"ImageObject\",\"inLanguage\":\"en-US\",\"@id\":\"https:\\\/\\\/www.mexicanguitarplayers.com\\\/tienda\\\/sin categor\u00eda\\\/combo-bugera-p-guitarra-mod-v55-infiniu\\\/#primaryimage\",\"url\":\"https:\\\/\\\/www.mexicanguitarplayers.com\\\/wp-content\\\/uploads\\\/2025\\\/04\\\/ICBUGV55INFINI.jpg\",\"contentUrl\":\"https:\\\/\\\/www.mexicanguitarplayers.com\\\/wp-content\\\/uploads\\\/2025\\\/04\\\/ICBUGV55INFINI.jpg\",\"width\":1200,\"height\":1200},{\"@type\":\"BreadcrumbList\",\"@id\":\"https:\\\/\\\/www.mexicanguitarplayers.com\\\/tienda\\\/sin categor\u00eda\\\/combo-bugera-p-guitarra-mod-v55-infiniu\\\/#breadcrumb\",\"itemListElement\":[{\"@type\":\"ListItem\",\"position\":1,\"name\":\"Portada\",\"item\":\"https:\\\/\\\/www.mexicanguitarplayers.com\\\/\"},{\"@type\":\"ListItem\",\"position\":2,\"name\":\"Tienda\",\"item\":\"https:\\\/\\\/www.mexicanguitarplayers.com\\\/tienda\\\/\"},{\"@type\":\"ListItem\",\"position\":3,\"name\":\"COMBO BUGERA P\\\/GUITARRA MOD. V55 INFINIU\"}]},{\"@type\":\"WebSite\",\"@id\":\"https:\\\/\\\/www.mexicanguitarplayers.com\\\/#website\",\"url\":\"https:\\\/\\\/www.mexicanguitarplayers.com\\\/\",\"name\":\"Mexican Guitar Players\",\"description\":\"Website\",\"publisher\":{\"@id\":\"https:\\\/\\\/www.mexicanguitarplayers.com\\\/#organization\"},\"potentialAction\":[{\"@type\":\"SearchAction\",\"target\":{\"@type\":\"EntryPoint\",\"urlTemplate\":\"https:\\\/\\\/www.mexicanguitarplayers.com\\\/?s={search_term_string}\"},\"query-input\":{\"@type\":\"PropertyValueSpecification\",\"valueRequired\":true,\"valueName\":\"search_term_string\"}}],\"inLanguage\":\"en-US\"},{\"@type\":\"Organization\",\"@id\":\"https:\\\/\\\/www.mexicanguitarplayers.com\\\/#organization\",\"name\":\"Mexican Guitar Players\",\"url\":\"https:\\\/\\\/www.mexicanguitarplayers.com\\\/\",\"logo\":{\"@type\":\"ImageObject\",\"inLanguage\":\"en-US\",\"@id\":\"https:\\\/\\\/www.mexicanguitarplayers.com\\\/#\\\/schema\\\/logo\\\/image\\\/\",\"url\":\"\",\"contentUrl\":\"\",\"caption\":\"Mexican Guitar Players\"},\"image\":{\"@id\":\"https:\\\/\\\/www.mexicanguitarplayers.com\\\/#\\\/schema\\\/logo\\\/image\\\/\"}}]}<\/script>\n<!-- \/ Yoast SEO plugin. -->","yoast_head_json":{"title":"COMBO BUGERA P\/GUITARRA MOD. V55 INFINIU - Mexican Guitar Players","description":"Combo de bulbos para guitarra, potencia: 55 watts, 1 altavoz Turbosound de 12\u201d pulgadas, 2 canales, reverb, ecualizador de 3 bandas (presence), 3 bulbos 12AX7 de preamp, 2 bulbos 6L6 de potencia, dulces arm\u00f3nicos, distorsi\u00f3n c\u00e1lida, switch para seleccionar entre operaci\u00f3n tr\u00edodo o p\u00e9ntodo, footswitch, loop de efectos, salida para 4, 8 o 16 ohms, dimensiones: 546.1 x 596.9 x 269.24 mm, peso: 22.9 kg.","robots":{"index":"index","follow":"follow","max-snippet":"max-snippet:-1","max-image-preview":"max-image-preview:large","max-video-preview":"max-video-preview:-1"},"canonical":"https:\/\/www.mexicanguitarplayers.com\/en\/tienda\/sin categor\u00eda\/combo-bugera-p-guitarra-mod-v55-infiniu\/","og_locale":"en_US","og_type":"article","og_title":"COMBO BUGERA P\/GUITARRA MOD. V55 INFINIU - Mexican Guitar Players","og_description":"Combo de bulbos para guitarra, potencia: 55 watts, 1 altavoz Turbosound de 12\u201d pulgadas, 2 canales, reverb, ecualizador de 3 bandas (presence), 3 bulbos 12AX7 de preamp, 2 bulbos 6L6 de potencia, dulces arm\u00f3nicos, distorsi\u00f3n c\u00e1lida, switch para seleccionar entre operaci\u00f3n tr\u00edodo o p\u00e9ntodo, footswitch, loop de efectos, salida para 4, 8 o 16 ohms, dimensiones: 546.1 x 596.9 x 269.24 mm, peso: 22.9 kg.","og_url":"https:\/\/www.mexicanguitarplayers.com\/en\/tienda\/sin categor\u00eda\/combo-bugera-p-guitarra-mod-v55-infiniu\/","og_site_name":"Mexican Guitar Players","article_modified_time":"2026-04-10T10:46:54+00:00","twitter_card":"summary_large_image","twitter_misc":{"Est. reading time":"1 minute"},"schema":{"@context":"https:\/\/schema.org","@graph":[{"@type":["WebPage","ItemPage"],"@id":"https:\/\/www.mexicanguitarplayers.com\/tienda\/sin categor\u00eda\/combo-bugera-p-guitarra-mod-v55-infiniu\/","url":"https:\/\/www.mexicanguitarplayers.com\/tienda\/sin categor\u00eda\/combo-bugera-p-guitarra-mod-v55-infiniu\/","name":"COMBO BUGERA P\/GUITARRA MOD. V55 INFINIU - Mexican Guitar Players","isPartOf":{"@id":"https:\/\/www.mexicanguitarplayers.com\/#website"},"primaryImageOfPage":{"@id":"https:\/\/www.mexicanguitarplayers.com\/tienda\/sin categor\u00eda\/combo-bugera-p-guitarra-mod-v55-infiniu\/#primaryimage"},"image":{"@id":"https:\/\/www.mexicanguitarplayers.com\/tienda\/sin categor\u00eda\/combo-bugera-p-guitarra-mod-v55-infiniu\/#primaryimage"},"thumbnailUrl":"https:\/\/www.mexicanguitarplayers.com\/wp-content\/uploads\/2025\/04\/ICBUGV55INFINI.jpg","datePublished":"2025-04-06T21:02:59+00:00","dateModified":"2026-04-10T10:46:54+00:00","description":"Combo de bulbos para guitarra, potencia: 55 watts, 1 altavoz Turbosound de 12\u201d pulgadas, 2 canales, reverb, ecualizador de 3 bandas (presence), 3 bulbos 12AX7 de preamp, 2 bulbos 6L6 de potencia, dulces arm\u00f3nicos, distorsi\u00f3n c\u00e1lida, switch para seleccionar entre operaci\u00f3n tr\u00edodo o p\u00e9ntodo, footswitch, loop de efectos, salida para 4, 8 o 16 ohms, dimensiones: 546.1 x 596.9 x 269.24 mm, peso: 22.9 kg.","breadcrumb":{"@id":"https:\/\/www.mexicanguitarplayers.com\/tienda\/sin categor\u00eda\/combo-bugera-p-guitarra-mod-v55-infiniu\/#breadcrumb"},"inLanguage":"en-US","potentialAction":[{"@type":"ReadAction","target":["https:\/\/www.mexicanguitarplayers.com\/tienda\/sin categor\u00eda\/combo-bugera-p-guitarra-mod-v55-infiniu\/"]}]},{"@type":"ImageObject","inLanguage":"en-US","@id":"https:\/\/www.mexicanguitarplayers.com\/tienda\/sin categor\u00eda\/combo-bugera-p-guitarra-mod-v55-infiniu\/#primaryimage","url":"https:\/\/www.mexicanguitarplayers.com\/wp-content\/uploads\/2025\/04\/ICBUGV55INFINI.jpg","contentUrl":"https:\/\/www.mexicanguitarplayers.com\/wp-content\/uploads\/2025\/04\/ICBUGV55INFINI.jpg","width":1200,"height":1200},{"@type":"BreadcrumbList","@id":"https:\/\/www.mexicanguitarplayers.com\/tienda\/sin categor\u00eda\/combo-bugera-p-guitarra-mod-v55-infiniu\/#breadcrumb","itemListElement":[{"@type":"ListItem","position":1,"name":"Portada","item":"https:\/\/www.mexicanguitarplayers.com\/"},{"@type":"ListItem","position":2,"name":"Tienda","item":"https:\/\/www.mexicanguitarplayers.com\/tienda\/"},{"@type":"ListItem","position":3,"name":"COMBO BUGERA P\/GUITARRA MOD. V55 INFINIU"}]},{"@type":"WebSite","@id":"https:\/\/www.mexicanguitarplayers.com\/#website","url":"https:\/\/www.mexicanguitarplayers.com\/","name":"Mexican Guitar Players","description":"Website","publisher":{"@id":"https:\/\/www.mexicanguitarplayers.com\/#organization"},"potentialAction":[{"@type":"SearchAction","target":{"@type":"EntryPoint","urlTemplate":"https:\/\/www.mexicanguitarplayers.com\/?s={search_term_string}"},"query-input":{"@type":"PropertyValueSpecification","valueRequired":true,"valueName":"search_term_string"}}],"inLanguage":"en-US"},{"@type":"Organization","@id":"https:\/\/www.mexicanguitarplayers.com\/#organization","name":"Mexican Guitar Players","url":"https:\/\/www.mexicanguitarplayers.com\/","logo":{"@type":"ImageObject","inLanguage":"en-US","@id":"https:\/\/www.mexicanguitarplayers.com\/#\/schema\/logo\/image\/","url":"","contentUrl":"","caption":"Mexican Guitar Players"},"image":{"@id":"https:\/\/www.mexicanguitarplayers.com\/#\/schema\/logo\/image\/"}}]}},"brands":[{"id":173,"name":"BUGERA","slug":"bugera"}],"_links":{"self":[{"href":"https:\/\/www.mexicanguitarplayers.com\/en\/wp-json\/wp\/v2\/product\/24731","targetHints":{"allow":["GET"]}}],"collection":[{"href":"https:\/\/www.mexicanguitarplayers.com\/en\/wp-json\/wp\/v2\/product"}],"about":[{"href":"https:\/\/www.mexicanguitarplayers.com\/en\/wp-json\/wp\/v2\/types\/product"}],"replies":[{"embeddable":true,"href":"https:\/\/www.mexicanguitarplayers.com\/en\/wp-json\/wp\/v2\/comments?post=24731"}],"wp:featuredmedia":[{"embeddable":true,"href":"https:\/\/www.mexicanguitarplayers.com\/en\/wp-json\/wp\/v2\/media\/24726"}],"wp:attachment":[{"href":"https:\/\/www.mexicanguitarplayers.com\/en\/wp-json\/wp\/v2\/media?parent=24731"}],"wp:term":[{"taxonomy":"pwb-brand","embeddable":true,"href":"https:\/\/www.mexicanguitarplayers.com\/en\/wp-json\/wp\/v2\/pwb-brand?post=24731"},{"taxonomy":"product_brand","embeddable":true,"href":"https:\/\/www.mexicanguitarplayers.com\/en\/wp-json\/wp\/v2\/product_brand?post=24731"},{"taxonomy":"product_cat","embeddable":true,"href":"https:\/\/www.mexicanguitarplayers.com\/en\/wp-json\/wp\/v2\/product_cat?post=24731"},{"taxonomy":"product_tag","embeddable":true,"href":"https:\/\/www.mexicanguitarplayers.com\/en\/wp-json\/wp\/v2\/product_tag?post=24731"}],"curies":[{"name":"wp","href":"https:\/\/api.w.org\/{rel}","templated":true}]}}