{"id":24817,"date":"2025-04-06T15:07:46","date_gmt":"2025-04-06T21:07:46","guid":{"rendered":"https:\/\/www.mexicanguitarplayers.com\/tienda\/sin categor\u00eda\/sintetizador-behringer-mod-system-55\/"},"modified":"2026-04-10T04:46:44","modified_gmt":"2026-04-10T10:46:44","slug":"sintetizador-behringer-mod-system-55","status":"publish","type":"product","link":"https:\/\/www.mexicanguitarplayers.com\/en\/tienda\/teclas\/sintetizador-y-controlador\/sintetizador\/sintetizador-behringer-mod-system-55\/","title":{"rendered":"SINTETIZADOR BEHRINGER MOD. SYSTEM 55"},"content":{"rendered":"<div style=\"text-align: justify\">\n<div>\n<h3>SINTETIZADOR BEHRINGER MOD. SYSTEM 55<\/h3>\n<\/div>\n<div>El SYSTEM 55 es una herramienta incre\u00edble para aquellos que desean el \u00faltimo sintetizador modular capaz de marcar completamente la pr\u00f3xima pel\u00edcula cyberpunk o de ciencia ficci\u00f3n de principio a fin. Este conjunto completo est\u00e1 equipado con un 914 FIXED FILTER BANK que presenta 12 filtros de paso de banda activos que van desde 125 Hz hasta 5.6 kHz, con filtros adicionales de paso bajo y paso alto, y un m\u00f3dulo de FILTRO 923 con filtros separados de paso bajo y paso alto, cada uno con sus propios controles de corte de frecuencia dedicados y jacks para ruido rosa y blanco. Pero eso es solo el comienzo, con el SYSTEM 55 viene con muchos m\u00e1s m\u00f3dulos, seguramente tendr\u00e1s horas y horas de diversi\u00f3n creando ritmos en los que simplemente puedes perderte.<\/div>\n<div>\n<h4>Characteristics<\/h4>\n<\/div>\n<div>\n<ul style=\"margin: 0px 0px 0px 25px\">\n<li style=\"list-style-type: circle;margin: 5px\">Control de voltaje (tono)<\/li>\n<li style=\"list-style-type: circle;margin: 5px\">Audio<\/li>\n<li style=\"list-style-type: circle;margin: 5px\">Control de voltaje (amplitud)<\/li>\n<li style=\"list-style-type: circle;margin: 5px\">Control de voltaje (modulaci\u00f3n)<\/li>\n<\/ul>\n<\/div>\n<\/div>","protected":false},"excerpt":{"rendered":"<p>El SYSTEM 55 es un sintetizador modular preensamblado que cuenta con 38 m\u00f3dulos con un sonido vintage de los a\u00f1os 70. Este sistema incluye una amplia variedad de componentes esenciales para la s\u00edntesis modular, como filtros, amplificadores controlados por voltaje, generadores de envolvente, osciladores, secuenciadores y m\u00e1s. Adem\u00e1s, viene con m\u00f3dulos de interfaz MIDI a CV para permitir el control a trav\u00e9s de teclados MIDI o DAW, as\u00ed como salidas V-trig o S-trig para compatibilidad con otros m\u00f3dulos Eurorack. El sistema tambi\u00e9n incluye paneles en blanco para expansi\u00f3n futura y viene en dos estuches EURORACK GO que incluyen fuentes de alimentaci\u00f3n y soportes para unirlos f\u00e1cilmente para una configuraci\u00f3n conveniente de parches.&hellip; <a class=\"kt-excerpt-readmore more-link\" href=\"https:\/\/www.mexicanguitarplayers.com\/en\/tienda\/teclas\/sintetizador-y-controlador\/sintetizador\/sintetizador-behringer-mod-system-55\/\">Read more<\/a><\/p>","protected":false},"featured_media":24812,"comment_status":"open","ping_status":"closed","template":"","meta":{"kt_blocks_editor_width":""},"pwb-brand":[171],"product_brand":[],"product_cat":[393,386,376],"product_tag":[],"class_list":{"0":"post-24817","1":"product","2":"type-product","3":"status-publish","4":"has-post-thumbnail","6":"pwb-brand-behringer","7":"product_cat-sintetizador","8":"product_cat-sintetizador-y-controlador","9":"product_cat-teclas","10":"product_shipping_class-15-20-kg","12":"first","13":"outofstock","14":"taxable","15":"shipping-taxable","16":"purchasable","17":"product-type-simple"},"yoast_head":"<!-- This site is optimized with the Yoast SEO plugin v27.6 - https:\/\/yoast.com\/product\/yoast-seo-wordpress\/ -->\n<title>SINTETIZADOR BEHRINGER MOD. SYSTEM 55 - Mexican Guitar Players<\/title>\n<meta name=\"description\" content=\"El SYSTEM 55 es un sintetizador modular preensamblado que cuenta con 38 m\u00f3dulos con un sonido vintage de los a\u00f1os 70. Este sistema incluye una amplia variedad de componentes esenciales para la s\u00edntesis modular, como filtros, amplificadores controlados por voltaje, generadores de envolvente, osciladores, secuenciadores y m\u00e1s. Adem\u00e1s, viene con m\u00f3dulos de interfaz MIDI a CV para permitir el control a trav\u00e9s de teclados MIDI o DAW, as\u00ed como salidas V-trig o S-trig para compatibilidad con otros m\u00f3dulos Eurorack. El sistema tambi\u00e9n incluye paneles en blanco para expansi\u00f3n futura y viene en dos estuches EURORACK GO que incluyen fuentes de alimentaci\u00f3n y soportes para unirlos f\u00e1cilmente para una configuraci\u00f3n conveniente de parches.\" \/>\n<meta name=\"robots\" content=\"index, follow, max-snippet:-1, max-image-preview:large, max-video-preview:-1\" \/>\n<link rel=\"canonical\" href=\"https:\/\/www.mexicanguitarplayers.com\/en\/tienda\/sin%20categor\u00eda\/sintetizador-behringer-mod-system-55\/\" \/>\n<meta property=\"og:locale\" content=\"en_US\" \/>\n<meta property=\"og:type\" content=\"article\" \/>\n<meta property=\"og:title\" content=\"SINTETIZADOR BEHRINGER MOD. SYSTEM 55 - Mexican Guitar Players\" \/>\n<meta property=\"og:description\" content=\"El SYSTEM 55 es un sintetizador modular preensamblado que cuenta con 38 m\u00f3dulos con un sonido vintage de los a\u00f1os 70. Este sistema incluye una amplia variedad de componentes esenciales para la s\u00edntesis modular, como filtros, amplificadores controlados por voltaje, generadores de envolvente, osciladores, secuenciadores y m\u00e1s. Adem\u00e1s, viene con m\u00f3dulos de interfaz MIDI a CV para permitir el control a trav\u00e9s de teclados MIDI o DAW, as\u00ed como salidas V-trig o S-trig para compatibilidad con otros m\u00f3dulos Eurorack. El sistema tambi\u00e9n incluye paneles en blanco para expansi\u00f3n futura y viene en dos estuches EURORACK GO que incluyen fuentes de alimentaci\u00f3n y soportes para unirlos f\u00e1cilmente para una configuraci\u00f3n conveniente de parches.\" \/>\n<meta property=\"og:url\" content=\"https:\/\/www.mexicanguitarplayers.com\/en\/tienda\/sin categor\u00eda\/sintetizador-behringer-mod-system-55\/\" \/>\n<meta property=\"og:site_name\" content=\"Mexican Guitar Players\" \/>\n<meta property=\"article:modified_time\" content=\"2026-04-10T10:46:44+00:00\" \/>\n<meta name=\"twitter:card\" content=\"summary_large_image\" \/>\n<meta name=\"twitter:label1\" content=\"Est. reading time\" \/>\n\t<meta name=\"twitter:data1\" content=\"1 minute\" \/>\n<script type=\"application\/ld+json\" class=\"yoast-schema-graph\">{\"@context\":\"https:\\\/\\\/schema.org\",\"@graph\":[{\"@type\":[\"WebPage\",\"ItemPage\"],\"@id\":\"https:\\\/\\\/www.mexicanguitarplayers.com\\\/tienda\\\/sin categor\u00eda\\\/sintetizador-behringer-mod-system-55\\\/\",\"url\":\"https:\\\/\\\/www.mexicanguitarplayers.com\\\/tienda\\\/sin categor\u00eda\\\/sintetizador-behringer-mod-system-55\\\/\",\"name\":\"SINTETIZADOR BEHRINGER MOD. SYSTEM 55 - Mexican Guitar Players\",\"isPartOf\":{\"@id\":\"https:\\\/\\\/www.mexicanguitarplayers.com\\\/#website\"},\"primaryImageOfPage\":{\"@id\":\"https:\\\/\\\/www.mexicanguitarplayers.com\\\/tienda\\\/sin categor\u00eda\\\/sintetizador-behringer-mod-system-55\\\/#primaryimage\"},\"image\":{\"@id\":\"https:\\\/\\\/www.mexicanguitarplayers.com\\\/tienda\\\/sin categor\u00eda\\\/sintetizador-behringer-mod-system-55\\\/#primaryimage\"},\"thumbnailUrl\":\"https:\\\/\\\/www.mexicanguitarplayers.com\\\/wp-content\\\/uploads\\\/2025\\\/04\\\/ITBEHSYSTEM55.jpg\",\"datePublished\":\"2025-04-06T21:07:46+00:00\",\"dateModified\":\"2026-04-10T10:46:44+00:00\",\"description\":\"El SYSTEM 55 es un sintetizador modular preensamblado que cuenta con 38 m\u00f3dulos con un sonido vintage de los a\u00f1os 70. Este sistema incluye una amplia variedad de componentes esenciales para la s\u00edntesis modular, como filtros, amplificadores controlados por voltaje, generadores de envolvente, osciladores, secuenciadores y m\u00e1s. Adem\u00e1s, viene con m\u00f3dulos de interfaz MIDI a CV para permitir el control a trav\u00e9s de teclados MIDI o DAW, as\u00ed como salidas V-trig o S-trig para compatibilidad con otros m\u00f3dulos Eurorack. El sistema tambi\u00e9n incluye paneles en blanco para expansi\u00f3n futura y viene en dos estuches EURORACK GO que incluyen fuentes de alimentaci\u00f3n y soportes para unirlos f\u00e1cilmente para una configuraci\u00f3n conveniente de parches.\",\"breadcrumb\":{\"@id\":\"https:\\\/\\\/www.mexicanguitarplayers.com\\\/tienda\\\/sin categor\u00eda\\\/sintetizador-behringer-mod-system-55\\\/#breadcrumb\"},\"inLanguage\":\"en-US\",\"potentialAction\":[{\"@type\":\"ReadAction\",\"target\":[\"https:\\\/\\\/www.mexicanguitarplayers.com\\\/tienda\\\/sin categor\u00eda\\\/sintetizador-behringer-mod-system-55\\\/\"]}]},{\"@type\":\"ImageObject\",\"inLanguage\":\"en-US\",\"@id\":\"https:\\\/\\\/www.mexicanguitarplayers.com\\\/tienda\\\/sin categor\u00eda\\\/sintetizador-behringer-mod-system-55\\\/#primaryimage\",\"url\":\"https:\\\/\\\/www.mexicanguitarplayers.com\\\/wp-content\\\/uploads\\\/2025\\\/04\\\/ITBEHSYSTEM55.jpg\",\"contentUrl\":\"https:\\\/\\\/www.mexicanguitarplayers.com\\\/wp-content\\\/uploads\\\/2025\\\/04\\\/ITBEHSYSTEM55.jpg\",\"width\":1200,\"height\":1200},{\"@type\":\"BreadcrumbList\",\"@id\":\"https:\\\/\\\/www.mexicanguitarplayers.com\\\/tienda\\\/sin categor\u00eda\\\/sintetizador-behringer-mod-system-55\\\/#breadcrumb\",\"itemListElement\":[{\"@type\":\"ListItem\",\"position\":1,\"name\":\"Portada\",\"item\":\"https:\\\/\\\/www.mexicanguitarplayers.com\\\/\"},{\"@type\":\"ListItem\",\"position\":2,\"name\":\"Tienda\",\"item\":\"https:\\\/\\\/www.mexicanguitarplayers.com\\\/tienda\\\/\"},{\"@type\":\"ListItem\",\"position\":3,\"name\":\"SINTETIZADOR BEHRINGER MOD. SYSTEM 55\"}]},{\"@type\":\"WebSite\",\"@id\":\"https:\\\/\\\/www.mexicanguitarplayers.com\\\/#website\",\"url\":\"https:\\\/\\\/www.mexicanguitarplayers.com\\\/\",\"name\":\"Mexican Guitar Players\",\"description\":\"Website\",\"publisher\":{\"@id\":\"https:\\\/\\\/www.mexicanguitarplayers.com\\\/#organization\"},\"potentialAction\":[{\"@type\":\"SearchAction\",\"target\":{\"@type\":\"EntryPoint\",\"urlTemplate\":\"https:\\\/\\\/www.mexicanguitarplayers.com\\\/?s={search_term_string}\"},\"query-input\":{\"@type\":\"PropertyValueSpecification\",\"valueRequired\":true,\"valueName\":\"search_term_string\"}}],\"inLanguage\":\"en-US\"},{\"@type\":\"Organization\",\"@id\":\"https:\\\/\\\/www.mexicanguitarplayers.com\\\/#organization\",\"name\":\"Mexican Guitar Players\",\"url\":\"https:\\\/\\\/www.mexicanguitarplayers.com\\\/\",\"logo\":{\"@type\":\"ImageObject\",\"inLanguage\":\"en-US\",\"@id\":\"https:\\\/\\\/www.mexicanguitarplayers.com\\\/#\\\/schema\\\/logo\\\/image\\\/\",\"url\":\"\",\"contentUrl\":\"\",\"caption\":\"Mexican Guitar Players\"},\"image\":{\"@id\":\"https:\\\/\\\/www.mexicanguitarplayers.com\\\/#\\\/schema\\\/logo\\\/image\\\/\"}}]}<\/script>\n<!-- \/ Yoast SEO plugin. -->","yoast_head_json":{"title":"SINTETIZADOR BEHRINGER MOD. SYSTEM 55 - Mexican Guitar Players","description":"El SYSTEM 55 es un sintetizador modular preensamblado que cuenta con 38 m\u00f3dulos con un sonido vintage de los a\u00f1os 70. Este sistema incluye una amplia variedad de componentes esenciales para la s\u00edntesis modular, como filtros, amplificadores controlados por voltaje, generadores de envolvente, osciladores, secuenciadores y m\u00e1s. Adem\u00e1s, viene con m\u00f3dulos de interfaz MIDI a CV para permitir el control a trav\u00e9s de teclados MIDI o DAW, as\u00ed como salidas V-trig o S-trig para compatibilidad con otros m\u00f3dulos Eurorack. El sistema tambi\u00e9n incluye paneles en blanco para expansi\u00f3n futura y viene en dos estuches EURORACK GO que incluyen fuentes de alimentaci\u00f3n y soportes para unirlos f\u00e1cilmente para una configuraci\u00f3n conveniente de parches.","robots":{"index":"index","follow":"follow","max-snippet":"max-snippet:-1","max-image-preview":"max-image-preview:large","max-video-preview":"max-video-preview:-1"},"canonical":"https:\/\/www.mexicanguitarplayers.com\/en\/tienda\/sin categor\u00eda\/sintetizador-behringer-mod-system-55\/","og_locale":"en_US","og_type":"article","og_title":"SINTETIZADOR BEHRINGER MOD. SYSTEM 55 - Mexican Guitar Players","og_description":"El SYSTEM 55 es un sintetizador modular preensamblado que cuenta con 38 m\u00f3dulos con un sonido vintage de los a\u00f1os 70. Este sistema incluye una amplia variedad de componentes esenciales para la s\u00edntesis modular, como filtros, amplificadores controlados por voltaje, generadores de envolvente, osciladores, secuenciadores y m\u00e1s. Adem\u00e1s, viene con m\u00f3dulos de interfaz MIDI a CV para permitir el control a trav\u00e9s de teclados MIDI o DAW, as\u00ed como salidas V-trig o S-trig para compatibilidad con otros m\u00f3dulos Eurorack. El sistema tambi\u00e9n incluye paneles en blanco para expansi\u00f3n futura y viene en dos estuches EURORACK GO que incluyen fuentes de alimentaci\u00f3n y soportes para unirlos f\u00e1cilmente para una configuraci\u00f3n conveniente de parches.","og_url":"https:\/\/www.mexicanguitarplayers.com\/en\/tienda\/sin categor\u00eda\/sintetizador-behringer-mod-system-55\/","og_site_name":"Mexican Guitar Players","article_modified_time":"2026-04-10T10:46:44+00:00","twitter_card":"summary_large_image","twitter_misc":{"Est. reading time":"1 minute"},"schema":{"@context":"https:\/\/schema.org","@graph":[{"@type":["WebPage","ItemPage"],"@id":"https:\/\/www.mexicanguitarplayers.com\/tienda\/sin categor\u00eda\/sintetizador-behringer-mod-system-55\/","url":"https:\/\/www.mexicanguitarplayers.com\/tienda\/sin categor\u00eda\/sintetizador-behringer-mod-system-55\/","name":"SINTETIZADOR BEHRINGER MOD. SYSTEM 55 - Mexican Guitar Players","isPartOf":{"@id":"https:\/\/www.mexicanguitarplayers.com\/#website"},"primaryImageOfPage":{"@id":"https:\/\/www.mexicanguitarplayers.com\/tienda\/sin categor\u00eda\/sintetizador-behringer-mod-system-55\/#primaryimage"},"image":{"@id":"https:\/\/www.mexicanguitarplayers.com\/tienda\/sin categor\u00eda\/sintetizador-behringer-mod-system-55\/#primaryimage"},"thumbnailUrl":"https:\/\/www.mexicanguitarplayers.com\/wp-content\/uploads\/2025\/04\/ITBEHSYSTEM55.jpg","datePublished":"2025-04-06T21:07:46+00:00","dateModified":"2026-04-10T10:46:44+00:00","description":"El SYSTEM 55 es un sintetizador modular preensamblado que cuenta con 38 m\u00f3dulos con un sonido vintage de los a\u00f1os 70. Este sistema incluye una amplia variedad de componentes esenciales para la s\u00edntesis modular, como filtros, amplificadores controlados por voltaje, generadores de envolvente, osciladores, secuenciadores y m\u00e1s. Adem\u00e1s, viene con m\u00f3dulos de interfaz MIDI a CV para permitir el control a trav\u00e9s de teclados MIDI o DAW, as\u00ed como salidas V-trig o S-trig para compatibilidad con otros m\u00f3dulos Eurorack. El sistema tambi\u00e9n incluye paneles en blanco para expansi\u00f3n futura y viene en dos estuches EURORACK GO que incluyen fuentes de alimentaci\u00f3n y soportes para unirlos f\u00e1cilmente para una configuraci\u00f3n conveniente de parches.","breadcrumb":{"@id":"https:\/\/www.mexicanguitarplayers.com\/tienda\/sin categor\u00eda\/sintetizador-behringer-mod-system-55\/#breadcrumb"},"inLanguage":"en-US","potentialAction":[{"@type":"ReadAction","target":["https:\/\/www.mexicanguitarplayers.com\/tienda\/sin categor\u00eda\/sintetizador-behringer-mod-system-55\/"]}]},{"@type":"ImageObject","inLanguage":"en-US","@id":"https:\/\/www.mexicanguitarplayers.com\/tienda\/sin categor\u00eda\/sintetizador-behringer-mod-system-55\/#primaryimage","url":"https:\/\/www.mexicanguitarplayers.com\/wp-content\/uploads\/2025\/04\/ITBEHSYSTEM55.jpg","contentUrl":"https:\/\/www.mexicanguitarplayers.com\/wp-content\/uploads\/2025\/04\/ITBEHSYSTEM55.jpg","width":1200,"height":1200},{"@type":"BreadcrumbList","@id":"https:\/\/www.mexicanguitarplayers.com\/tienda\/sin categor\u00eda\/sintetizador-behringer-mod-system-55\/#breadcrumb","itemListElement":[{"@type":"ListItem","position":1,"name":"Portada","item":"https:\/\/www.mexicanguitarplayers.com\/"},{"@type":"ListItem","position":2,"name":"Tienda","item":"https:\/\/www.mexicanguitarplayers.com\/tienda\/"},{"@type":"ListItem","position":3,"name":"SINTETIZADOR BEHRINGER MOD. SYSTEM 55"}]},{"@type":"WebSite","@id":"https:\/\/www.mexicanguitarplayers.com\/#website","url":"https:\/\/www.mexicanguitarplayers.com\/","name":"Mexican Guitar Players","description":"Website","publisher":{"@id":"https:\/\/www.mexicanguitarplayers.com\/#organization"},"potentialAction":[{"@type":"SearchAction","target":{"@type":"EntryPoint","urlTemplate":"https:\/\/www.mexicanguitarplayers.com\/?s={search_term_string}"},"query-input":{"@type":"PropertyValueSpecification","valueRequired":true,"valueName":"search_term_string"}}],"inLanguage":"en-US"},{"@type":"Organization","@id":"https:\/\/www.mexicanguitarplayers.com\/#organization","name":"Mexican Guitar Players","url":"https:\/\/www.mexicanguitarplayers.com\/","logo":{"@type":"ImageObject","inLanguage":"en-US","@id":"https:\/\/www.mexicanguitarplayers.com\/#\/schema\/logo\/image\/","url":"","contentUrl":"","caption":"Mexican Guitar Players"},"image":{"@id":"https:\/\/www.mexicanguitarplayers.com\/#\/schema\/logo\/image\/"}}]}},"brands":[{"id":171,"name":"BEHRINGER","slug":"behringer"}],"_links":{"self":[{"href":"https:\/\/www.mexicanguitarplayers.com\/en\/wp-json\/wp\/v2\/product\/24817","targetHints":{"allow":["GET"]}}],"collection":[{"href":"https:\/\/www.mexicanguitarplayers.com\/en\/wp-json\/wp\/v2\/product"}],"about":[{"href":"https:\/\/www.mexicanguitarplayers.com\/en\/wp-json\/wp\/v2\/types\/product"}],"replies":[{"embeddable":true,"href":"https:\/\/www.mexicanguitarplayers.com\/en\/wp-json\/wp\/v2\/comments?post=24817"}],"wp:featuredmedia":[{"embeddable":true,"href":"https:\/\/www.mexicanguitarplayers.com\/en\/wp-json\/wp\/v2\/media\/24812"}],"wp:attachment":[{"href":"https:\/\/www.mexicanguitarplayers.com\/en\/wp-json\/wp\/v2\/media?parent=24817"}],"wp:term":[{"taxonomy":"pwb-brand","embeddable":true,"href":"https:\/\/www.mexicanguitarplayers.com\/en\/wp-json\/wp\/v2\/pwb-brand?post=24817"},{"taxonomy":"product_brand","embeddable":true,"href":"https:\/\/www.mexicanguitarplayers.com\/en\/wp-json\/wp\/v2\/product_brand?post=24817"},{"taxonomy":"product_cat","embeddable":true,"href":"https:\/\/www.mexicanguitarplayers.com\/en\/wp-json\/wp\/v2\/product_cat?post=24817"},{"taxonomy":"product_tag","embeddable":true,"href":"https:\/\/www.mexicanguitarplayers.com\/en\/wp-json\/wp\/v2\/product_tag?post=24817"}],"curies":[{"name":"wp","href":"https:\/\/api.w.org\/{rel}","templated":true}]}}