{"id":24821,"date":"2025-04-06T15:07:57","date_gmt":"2025-04-06T21:07:57","guid":{"rendered":"https:\/\/www.mexicanguitarplayers.com\/tienda\/sin categor\u00eda\/cable-behringer-p-instrumento-mod-gic-60-4sr\/"},"modified":"2026-01-01T06:42:26","modified_gmt":"2026-01-01T12:42:26","slug":"cable-behringer-p-instrumento-mod-gic-60-4sr","status":"publish","type":"product","link":"https:\/\/www.mexicanguitarplayers.com\/en\/tienda\/audio\/cables\/cables-armados\/cables-de-parcheo\/cable-behringer-p-instrumento-mod-gic-60-4sr\/","title":{"rendered":"CABLE BEHRINGER P\/INSTRUMENTO MOD. GIC-60 4SR"},"content":{"rendered":"<div style=\"text-align: justify\">\n<div>\n<h3>Respuesta extendida y din\u00e1mica.<\/h3>\n<\/div>\n<div>Tu instrumento debe ser escuchado. Comparte tu pasi\u00f3n con la ayuda del GIC-60-4SR. Conecta tu instrumento directamente a cualquier entrada de audio TRS y est\u00e1 optimizado para guitarras, teclados y amplificadores.<\/div>\n<div>\n<h4>Quick look<\/h4>\n<\/div>\n<ul style=\"margin: 0px 0px 0px 25px\">\n<li style=\"list-style-type: circle;margin: 5px\">Serie EUROLINK GOLD.<\/li>\n<li style=\"list-style-type: circle;margin: 5px\">Cable balanceado.<\/li>\n<li style=\"list-style-type: circle;margin: 5px\">Conectores TRS.<\/li>\n<\/ul>\n<div>\n<div style=\"font-weight: bold\">Serie EUROLINK GOLD.<\/div>\n<div>\n<p>Estos cables est\u00e1n disponibles en dos longitudes diferentes, 60 cm y 90 cm.<\/p>\n<\/div>\n<div style=\"font-weight: bold\">Cable balanceado.<\/div>\n<div>\n<p>Cuenta con un cable balanceado de 1 x 0.22 mm\u00b2 con una espiral densa para una transmisi\u00f3n de se\u00f1al sin ruido y un di\u00e1metro total de 6 mm con una funda aislante para una m\u00e1xima durabilidad.<\/p>\n<\/div>\n<div style=\"font-weight: bold\">Conectores TRS.<\/div>\n<div>\n<p>Con conectores TRS 1\/4&#8243; angulados, este cable presenta puntos de contacto superiores y carcasas de metal que aseguran que tus conexiones ser\u00e1n muy duraderas.<\/p>\n<\/div>\n<\/div>\n<\/div>","protected":false},"excerpt":{"rendered":"<p>Cable de parcheo de instrumentos Gold Performance de 60 cm, conectores TRS 1\/4\u201d angulados, libre de ox\u00edgeno para mayor respuesta y din\u00e1mica, perfecto para pedales de efectos y amplificadores de instrumentos, baja capacitancia con n\u00facleo de cobre para transmisi\u00f3n de se\u00f1al pura, cable equilibrado de 2 x 0.23 mm\u00b2 con blindaje en espiral denso para una transmisi\u00f3n de se\u00f1al sin ruido, conectores TRS 1\/4\u201d angulados con puntos de contacto superiores y carcasa de metal para una durabilidad excepcional, 6 mm de di\u00e1metro con funda aislante y m\u00e1xima durabilidad.&hellip; <a class=\"kt-excerpt-readmore more-link\" href=\"https:\/\/www.mexicanguitarplayers.com\/en\/tienda\/audio\/cables\/cables-armados\/cables-de-parcheo\/cable-behringer-p-instrumento-mod-gic-60-4sr\/\">Read more<\/a><\/p>","protected":false},"featured_media":24818,"comment_status":"open","ping_status":"closed","template":"","meta":{"kt_blocks_editor_width":""},"pwb-brand":[171],"product_brand":[],"product_cat":[213,358,359,361],"product_tag":[],"class_list":{"0":"post-24821","1":"product","2":"type-product","3":"status-publish","4":"has-post-thumbnail","6":"pwb-brand-behringer","7":"product_cat-audio","8":"product_cat-cables","9":"product_cat-cables-armados","10":"product_cat-cables-de-parcheo","11":"product_shipping_class-0-5-kg","13":"first","14":"instock","15":"taxable","16":"shipping-taxable","17":"purchasable","18":"product-type-simple"},"yoast_head":"<!-- This site is optimized with the Yoast SEO plugin v27.3 - https:\/\/yoast.com\/product\/yoast-seo-wordpress\/ -->\n<title>CABLE BEHRINGER P\/INSTRUMENTO MOD. GIC-60 4SR - Mexican Guitar Players<\/title>\n<meta name=\"description\" content=\"Cable de parcheo de instrumentos Gold Performance de 60 cm, conectores TRS 1\/4\u201d angulados, libre de ox\u00edgeno para mayor respuesta y din\u00e1mica, perfecto para pedales de efectos y amplificadores de instrumentos, baja capacitancia con n\u00facleo de cobre para transmisi\u00f3n de se\u00f1al pura, cable equilibrado de 2 x 0.23 mm\u00b2 con blindaje en espiral denso para una transmisi\u00f3n de se\u00f1al sin ruido, conectores TRS 1\/4\u201d angulados con puntos de contacto superiores y carcasa de metal para una durabilidad excepcional, 6 mm de di\u00e1metro con funda aislante y m\u00e1xima durabilidad.\" \/>\n<meta name=\"robots\" content=\"index, follow, max-snippet:-1, max-image-preview:large, max-video-preview:-1\" \/>\n<link rel=\"canonical\" href=\"https:\/\/www.mexicanguitarplayers.com\/en\/tienda\/sin%20categor\u00eda\/cable-behringer-p-instrumento-mod-gic-60-4sr\/\" \/>\n<meta property=\"og:locale\" content=\"en_US\" \/>\n<meta property=\"og:type\" content=\"article\" \/>\n<meta property=\"og:title\" content=\"CABLE BEHRINGER P\/INSTRUMENTO MOD. GIC-60 4SR - Mexican Guitar Players\" \/>\n<meta property=\"og:description\" content=\"Cable de parcheo de instrumentos Gold Performance de 60 cm, conectores TRS 1\/4\u201d angulados, libre de ox\u00edgeno para mayor respuesta y din\u00e1mica, perfecto para pedales de efectos y amplificadores de instrumentos, baja capacitancia con n\u00facleo de cobre para transmisi\u00f3n de se\u00f1al pura, cable equilibrado de 2 x 0.23 mm\u00b2 con blindaje en espiral denso para una transmisi\u00f3n de se\u00f1al sin ruido, conectores TRS 1\/4\u201d angulados con puntos de contacto superiores y carcasa de metal para una durabilidad excepcional, 6 mm de di\u00e1metro con funda aislante y m\u00e1xima durabilidad.\" \/>\n<meta property=\"og:url\" content=\"https:\/\/www.mexicanguitarplayers.com\/en\/tienda\/sin categor\u00eda\/cable-behringer-p-instrumento-mod-gic-60-4sr\/\" \/>\n<meta property=\"og:site_name\" content=\"Mexican Guitar Players\" \/>\n<meta property=\"article:modified_time\" content=\"2026-01-01T12:42:26+00:00\" \/>\n<meta name=\"twitter:card\" content=\"summary_large_image\" \/>\n<meta name=\"twitter:label1\" content=\"Est. reading time\" \/>\n\t<meta name=\"twitter:data1\" content=\"1 minute\" \/>\n<script type=\"application\/ld+json\" class=\"yoast-schema-graph\">{\"@context\":\"https:\\\/\\\/schema.org\",\"@graph\":[{\"@type\":[\"WebPage\",\"ItemPage\"],\"@id\":\"https:\\\/\\\/www.mexicanguitarplayers.com\\\/tienda\\\/sin categor\u00eda\\\/cable-behringer-p-instrumento-mod-gic-60-4sr\\\/\",\"url\":\"https:\\\/\\\/www.mexicanguitarplayers.com\\\/tienda\\\/sin categor\u00eda\\\/cable-behringer-p-instrumento-mod-gic-60-4sr\\\/\",\"name\":\"CABLE BEHRINGER P\\\/INSTRUMENTO MOD. GIC-60 4SR - Mexican Guitar Players\",\"isPartOf\":{\"@id\":\"https:\\\/\\\/www.mexicanguitarplayers.com\\\/#website\"},\"primaryImageOfPage\":{\"@id\":\"https:\\\/\\\/www.mexicanguitarplayers.com\\\/tienda\\\/sin categor\u00eda\\\/cable-behringer-p-instrumento-mod-gic-60-4sr\\\/#primaryimage\"},\"image\":{\"@id\":\"https:\\\/\\\/www.mexicanguitarplayers.com\\\/tienda\\\/sin categor\u00eda\\\/cable-behringer-p-instrumento-mod-gic-60-4sr\\\/#primaryimage\"},\"thumbnailUrl\":\"https:\\\/\\\/www.mexicanguitarplayers.com\\\/wp-content\\\/uploads\\\/2025\\\/04\\\/RABEHGIC604SR.jpg\",\"datePublished\":\"2025-04-06T21:07:57+00:00\",\"dateModified\":\"2026-01-01T12:42:26+00:00\",\"description\":\"Cable de parcheo de instrumentos Gold Performance de 60 cm, conectores TRS 1\\\/4\u201d angulados, libre de ox\u00edgeno para mayor respuesta y din\u00e1mica, perfecto para pedales de efectos y amplificadores de instrumentos, baja capacitancia con n\u00facleo de cobre para transmisi\u00f3n de se\u00f1al pura, cable equilibrado de 2 x 0.23 mm\u00b2 con blindaje en espiral denso para una transmisi\u00f3n de se\u00f1al sin ruido, conectores TRS 1\\\/4\u201d angulados con puntos de contacto superiores y carcasa de metal para una durabilidad excepcional, 6 mm de di\u00e1metro con funda aislante y m\u00e1xima durabilidad.\",\"breadcrumb\":{\"@id\":\"https:\\\/\\\/www.mexicanguitarplayers.com\\\/tienda\\\/sin categor\u00eda\\\/cable-behringer-p-instrumento-mod-gic-60-4sr\\\/#breadcrumb\"},\"inLanguage\":\"en-US\",\"potentialAction\":[{\"@type\":\"ReadAction\",\"target\":[\"https:\\\/\\\/www.mexicanguitarplayers.com\\\/tienda\\\/sin categor\u00eda\\\/cable-behringer-p-instrumento-mod-gic-60-4sr\\\/\"]}]},{\"@type\":\"ImageObject\",\"inLanguage\":\"en-US\",\"@id\":\"https:\\\/\\\/www.mexicanguitarplayers.com\\\/tienda\\\/sin categor\u00eda\\\/cable-behringer-p-instrumento-mod-gic-60-4sr\\\/#primaryimage\",\"url\":\"https:\\\/\\\/www.mexicanguitarplayers.com\\\/wp-content\\\/uploads\\\/2025\\\/04\\\/RABEHGIC604SR.jpg\",\"contentUrl\":\"https:\\\/\\\/www.mexicanguitarplayers.com\\\/wp-content\\\/uploads\\\/2025\\\/04\\\/RABEHGIC604SR.jpg\",\"width\":1200,\"height\":1200},{\"@type\":\"BreadcrumbList\",\"@id\":\"https:\\\/\\\/www.mexicanguitarplayers.com\\\/tienda\\\/sin categor\u00eda\\\/cable-behringer-p-instrumento-mod-gic-60-4sr\\\/#breadcrumb\",\"itemListElement\":[{\"@type\":\"ListItem\",\"position\":1,\"name\":\"Portada\",\"item\":\"https:\\\/\\\/www.mexicanguitarplayers.com\\\/\"},{\"@type\":\"ListItem\",\"position\":2,\"name\":\"Tienda\",\"item\":\"https:\\\/\\\/www.mexicanguitarplayers.com\\\/tienda\\\/\"},{\"@type\":\"ListItem\",\"position\":3,\"name\":\"CABLE BEHRINGER P\\\/INSTRUMENTO MOD. GIC-60 4SR\"}]},{\"@type\":\"WebSite\",\"@id\":\"https:\\\/\\\/www.mexicanguitarplayers.com\\\/#website\",\"url\":\"https:\\\/\\\/www.mexicanguitarplayers.com\\\/\",\"name\":\"Mexican Guitar Players\",\"description\":\"Website\",\"publisher\":{\"@id\":\"https:\\\/\\\/www.mexicanguitarplayers.com\\\/#organization\"},\"potentialAction\":[{\"@type\":\"SearchAction\",\"target\":{\"@type\":\"EntryPoint\",\"urlTemplate\":\"https:\\\/\\\/www.mexicanguitarplayers.com\\\/?s={search_term_string}\"},\"query-input\":{\"@type\":\"PropertyValueSpecification\",\"valueRequired\":true,\"valueName\":\"search_term_string\"}}],\"inLanguage\":\"en-US\"},{\"@type\":\"Organization\",\"@id\":\"https:\\\/\\\/www.mexicanguitarplayers.com\\\/#organization\",\"name\":\"Mexican Guitar Players\",\"url\":\"https:\\\/\\\/www.mexicanguitarplayers.com\\\/\",\"logo\":{\"@type\":\"ImageObject\",\"inLanguage\":\"en-US\",\"@id\":\"https:\\\/\\\/www.mexicanguitarplayers.com\\\/#\\\/schema\\\/logo\\\/image\\\/\",\"url\":\"\",\"contentUrl\":\"\",\"caption\":\"Mexican Guitar Players\"},\"image\":{\"@id\":\"https:\\\/\\\/www.mexicanguitarplayers.com\\\/#\\\/schema\\\/logo\\\/image\\\/\"}}]}<\/script>\n<!-- \/ Yoast SEO plugin. -->","yoast_head_json":{"title":"CABLE BEHRINGER P\/INSTRUMENTO MOD. GIC-60 4SR - Mexican Guitar Players","description":"Cable de parcheo de instrumentos Gold Performance de 60 cm, conectores TRS 1\/4\u201d angulados, libre de ox\u00edgeno para mayor respuesta y din\u00e1mica, perfecto para pedales de efectos y amplificadores de instrumentos, baja capacitancia con n\u00facleo de cobre para transmisi\u00f3n de se\u00f1al pura, cable equilibrado de 2 x 0.23 mm\u00b2 con blindaje en espiral denso para una transmisi\u00f3n de se\u00f1al sin ruido, conectores TRS 1\/4\u201d angulados con puntos de contacto superiores y carcasa de metal para una durabilidad excepcional, 6 mm de di\u00e1metro con funda aislante y m\u00e1xima durabilidad.","robots":{"index":"index","follow":"follow","max-snippet":"max-snippet:-1","max-image-preview":"max-image-preview:large","max-video-preview":"max-video-preview:-1"},"canonical":"https:\/\/www.mexicanguitarplayers.com\/en\/tienda\/sin categor\u00eda\/cable-behringer-p-instrumento-mod-gic-60-4sr\/","og_locale":"en_US","og_type":"article","og_title":"CABLE BEHRINGER P\/INSTRUMENTO MOD. GIC-60 4SR - Mexican Guitar Players","og_description":"Cable de parcheo de instrumentos Gold Performance de 60 cm, conectores TRS 1\/4\u201d angulados, libre de ox\u00edgeno para mayor respuesta y din\u00e1mica, perfecto para pedales de efectos y amplificadores de instrumentos, baja capacitancia con n\u00facleo de cobre para transmisi\u00f3n de se\u00f1al pura, cable equilibrado de 2 x 0.23 mm\u00b2 con blindaje en espiral denso para una transmisi\u00f3n de se\u00f1al sin ruido, conectores TRS 1\/4\u201d angulados con puntos de contacto superiores y carcasa de metal para una durabilidad excepcional, 6 mm de di\u00e1metro con funda aislante y m\u00e1xima durabilidad.","og_url":"https:\/\/www.mexicanguitarplayers.com\/en\/tienda\/sin categor\u00eda\/cable-behringer-p-instrumento-mod-gic-60-4sr\/","og_site_name":"Mexican Guitar Players","article_modified_time":"2026-01-01T12:42:26+00:00","twitter_card":"summary_large_image","twitter_misc":{"Est. reading time":"1 minute"},"schema":{"@context":"https:\/\/schema.org","@graph":[{"@type":["WebPage","ItemPage"],"@id":"https:\/\/www.mexicanguitarplayers.com\/tienda\/sin categor\u00eda\/cable-behringer-p-instrumento-mod-gic-60-4sr\/","url":"https:\/\/www.mexicanguitarplayers.com\/tienda\/sin categor\u00eda\/cable-behringer-p-instrumento-mod-gic-60-4sr\/","name":"CABLE BEHRINGER P\/INSTRUMENTO MOD. GIC-60 4SR - Mexican Guitar Players","isPartOf":{"@id":"https:\/\/www.mexicanguitarplayers.com\/#website"},"primaryImageOfPage":{"@id":"https:\/\/www.mexicanguitarplayers.com\/tienda\/sin categor\u00eda\/cable-behringer-p-instrumento-mod-gic-60-4sr\/#primaryimage"},"image":{"@id":"https:\/\/www.mexicanguitarplayers.com\/tienda\/sin categor\u00eda\/cable-behringer-p-instrumento-mod-gic-60-4sr\/#primaryimage"},"thumbnailUrl":"https:\/\/www.mexicanguitarplayers.com\/wp-content\/uploads\/2025\/04\/RABEHGIC604SR.jpg","datePublished":"2025-04-06T21:07:57+00:00","dateModified":"2026-01-01T12:42:26+00:00","description":"Cable de parcheo de instrumentos Gold Performance de 60 cm, conectores TRS 1\/4\u201d angulados, libre de ox\u00edgeno para mayor respuesta y din\u00e1mica, perfecto para pedales de efectos y amplificadores de instrumentos, baja capacitancia con n\u00facleo de cobre para transmisi\u00f3n de se\u00f1al pura, cable equilibrado de 2 x 0.23 mm\u00b2 con blindaje en espiral denso para una transmisi\u00f3n de se\u00f1al sin ruido, conectores TRS 1\/4\u201d angulados con puntos de contacto superiores y carcasa de metal para una durabilidad excepcional, 6 mm de di\u00e1metro con funda aislante y m\u00e1xima durabilidad.","breadcrumb":{"@id":"https:\/\/www.mexicanguitarplayers.com\/tienda\/sin categor\u00eda\/cable-behringer-p-instrumento-mod-gic-60-4sr\/#breadcrumb"},"inLanguage":"en-US","potentialAction":[{"@type":"ReadAction","target":["https:\/\/www.mexicanguitarplayers.com\/tienda\/sin categor\u00eda\/cable-behringer-p-instrumento-mod-gic-60-4sr\/"]}]},{"@type":"ImageObject","inLanguage":"en-US","@id":"https:\/\/www.mexicanguitarplayers.com\/tienda\/sin categor\u00eda\/cable-behringer-p-instrumento-mod-gic-60-4sr\/#primaryimage","url":"https:\/\/www.mexicanguitarplayers.com\/wp-content\/uploads\/2025\/04\/RABEHGIC604SR.jpg","contentUrl":"https:\/\/www.mexicanguitarplayers.com\/wp-content\/uploads\/2025\/04\/RABEHGIC604SR.jpg","width":1200,"height":1200},{"@type":"BreadcrumbList","@id":"https:\/\/www.mexicanguitarplayers.com\/tienda\/sin categor\u00eda\/cable-behringer-p-instrumento-mod-gic-60-4sr\/#breadcrumb","itemListElement":[{"@type":"ListItem","position":1,"name":"Portada","item":"https:\/\/www.mexicanguitarplayers.com\/"},{"@type":"ListItem","position":2,"name":"Tienda","item":"https:\/\/www.mexicanguitarplayers.com\/tienda\/"},{"@type":"ListItem","position":3,"name":"CABLE BEHRINGER P\/INSTRUMENTO MOD. GIC-60 4SR"}]},{"@type":"WebSite","@id":"https:\/\/www.mexicanguitarplayers.com\/#website","url":"https:\/\/www.mexicanguitarplayers.com\/","name":"Mexican Guitar Players","description":"Website","publisher":{"@id":"https:\/\/www.mexicanguitarplayers.com\/#organization"},"potentialAction":[{"@type":"SearchAction","target":{"@type":"EntryPoint","urlTemplate":"https:\/\/www.mexicanguitarplayers.com\/?s={search_term_string}"},"query-input":{"@type":"PropertyValueSpecification","valueRequired":true,"valueName":"search_term_string"}}],"inLanguage":"en-US"},{"@type":"Organization","@id":"https:\/\/www.mexicanguitarplayers.com\/#organization","name":"Mexican Guitar Players","url":"https:\/\/www.mexicanguitarplayers.com\/","logo":{"@type":"ImageObject","inLanguage":"en-US","@id":"https:\/\/www.mexicanguitarplayers.com\/#\/schema\/logo\/image\/","url":"","contentUrl":"","caption":"Mexican Guitar Players"},"image":{"@id":"https:\/\/www.mexicanguitarplayers.com\/#\/schema\/logo\/image\/"}}]}},"brands":[{"id":171,"name":"BEHRINGER","slug":"behringer"}],"_links":{"self":[{"href":"https:\/\/www.mexicanguitarplayers.com\/en\/wp-json\/wp\/v2\/product\/24821","targetHints":{"allow":["GET"]}}],"collection":[{"href":"https:\/\/www.mexicanguitarplayers.com\/en\/wp-json\/wp\/v2\/product"}],"about":[{"href":"https:\/\/www.mexicanguitarplayers.com\/en\/wp-json\/wp\/v2\/types\/product"}],"replies":[{"embeddable":true,"href":"https:\/\/www.mexicanguitarplayers.com\/en\/wp-json\/wp\/v2\/comments?post=24821"}],"wp:featuredmedia":[{"embeddable":true,"href":"https:\/\/www.mexicanguitarplayers.com\/en\/wp-json\/wp\/v2\/media\/24818"}],"wp:attachment":[{"href":"https:\/\/www.mexicanguitarplayers.com\/en\/wp-json\/wp\/v2\/media?parent=24821"}],"wp:term":[{"taxonomy":"pwb-brand","embeddable":true,"href":"https:\/\/www.mexicanguitarplayers.com\/en\/wp-json\/wp\/v2\/pwb-brand?post=24821"},{"taxonomy":"product_brand","embeddable":true,"href":"https:\/\/www.mexicanguitarplayers.com\/en\/wp-json\/wp\/v2\/product_brand?post=24821"},{"taxonomy":"product_cat","embeddable":true,"href":"https:\/\/www.mexicanguitarplayers.com\/en\/wp-json\/wp\/v2\/product_cat?post=24821"},{"taxonomy":"product_tag","embeddable":true,"href":"https:\/\/www.mexicanguitarplayers.com\/en\/wp-json\/wp\/v2\/product_tag?post=24821"}],"curies":[{"name":"wp","href":"https:\/\/api.w.org\/{rel}","templated":true}]}}