{"id":24856,"date":"2025-04-06T15:10:14","date_gmt":"2025-04-06T21:10:14","guid":{"rendered":"https:\/\/www.mexicanguitarplayers.com\/tienda\/sin categor\u00eda\/fuente-de-alimentacion-aislada-nux-zeus\/"},"modified":"2026-04-10T04:46:42","modified_gmt":"2026-04-10T10:46:42","slug":"fuente-de-alimentacion-aislada-nux-zeus","status":"publish","type":"product","link":"https:\/\/www.mexicanguitarplayers.com\/en\/tienda\/accesorios\/para-guitarras\/pedales-conmutacion\/fuente-de-alimentacion-aislada-nux-zeus\/","title":{"rendered":"FUENTE DE ALIMENTACI\u00d3N AISLADA NUX ZEUS"},"content":{"rendered":"<div style=\"text-align: justify\">\n<div>\n<h3>FUENTE DE ALIMENTACI\u00d3N AISLADA NUX ZEUS<\/h3>\n<\/div>\n<div>Zeus era el dios del cielo y el trueno. Su poder m\u00e1s famoso es la capacidad de lanzar rayos. Por eso nombramos la fuente de alimentaci\u00f3n ~ ZEUS. Zeus proporciona 10 salidas de corriente continua aisladas de alto voltaje. Equipa 10 transformadores de alimentaci\u00f3n conmutados aislados para ofrecer una fuente limpia y estable para tus pedales. Como m\u00fasico moderno, a los guitarristas les gustan los efectos digitales posteriores como Eventide\u00ae, Strymon\u00ae, &#8230;etc. Por eso, Zeus viene con 3 salidas de corriente ajustables de alto voltaje (9v\/500ma | 12v\/300ma | 18v\/200ma), y 1 salida de corriente ajustable (6v~9v~12v). Esto significa que puedes usar Fuzz o Phaser con la salida ajustable para encontrar el mejor sonido. Para m\u00fasicos trabajadores, Zeus tiene un puerto USB para cargar tu dispositivo m\u00f3vil. La entrada de corriente alterna universal de Zeus te permite trabajar en todo el mundo sin cometer ning\u00fan error de corriente alterna. Es confiable y duradero para alimentar tus pedales. <\/div>\n<div>\n<h4>Characteristics<\/h4>\n<\/div>\n<div>\n<ul style=\"margin: 0px 0px 0px 25px\">\n<li style=\"list-style-type: circle;margin: 5px\">Entrada de corriente alterna<\/li>\n<li style=\"list-style-type: circle;margin: 5px\">Salidas de corriente continua<\/li>\n<li style=\"list-style-type: circle;margin: 5px\">Cables de corriente continua:<\/li>\n<li style=\"list-style-type: circle;margin: 5px\">Dimensions<\/li>\n<li style=\"list-style-type: circle;margin: 5px\">Weight<\/li>\n<\/ul>\n<\/div>\n<\/div>","protected":false},"excerpt":{"rendered":"<p>La fuente de alimentaci\u00f3n ZEUS de NUX ofrece 10 salidas de corriente continua aisladas de alto voltaje, equipadas con transformadores de alimentaci\u00f3n conmutados para una fuente estable y limpia. Incluye 3 salidas ajustables de alto voltaje (9V\/500mA, 12V\/300mA, 18V\/200mA) y 1 salida ajustable (6V~9V~12V) para adaptarse a una variedad de efectos digitales. Tambi\u00e9n cuenta con un puerto USB para cargar dispositivos m\u00f3viles y una entrada de corriente alterna universal para su uso en cualquier parte del mundo. Compatible con Fuzz, Phaser y otros efectos, es una opci\u00f3n confiable para m\u00fasicos que buscan potencia limpia y versatilidad.&hellip; <a class=\"kt-excerpt-readmore more-link\" href=\"https:\/\/www.mexicanguitarplayers.com\/en\/tienda\/accesorios\/para-guitarras\/pedales-conmutacion\/fuente-de-alimentacion-aislada-nux-zeus\/\">Read more<\/a><\/p>","protected":false},"featured_media":24850,"comment_status":"open","ping_status":"closed","template":"","meta":{"kt_blocks_editor_width":""},"pwb-brand":[177],"product_brand":[],"product_cat":[85,336,503],"product_tag":[],"class_list":{"0":"post-24856","1":"product","2":"type-product","3":"status-publish","4":"has-post-thumbnail","6":"pwb-brand-nux","7":"product_cat-accesorios","8":"product_cat-para-guitarras","9":"product_cat-pedales-conmutacion","10":"product_shipping_class-0-5-kg","12":"first","13":"outofstock","14":"taxable","15":"shipping-taxable","16":"purchasable","17":"product-type-simple"},"yoast_head":"<!-- This site is optimized with the Yoast SEO plugin v27.6 - https:\/\/yoast.com\/product\/yoast-seo-wordpress\/ -->\n<title>FUENTE DE ALIMENTACI\u00d3N AISLADA NUX ZEUS - Mexican Guitar Players<\/title>\n<meta name=\"description\" content=\"La fuente de alimentaci\u00f3n ZEUS de NUX ofrece 10 salidas de corriente continua aisladas de alto voltaje, equipadas con transformadores de alimentaci\u00f3n conmutados para una fuente estable y limpia. Incluye 3 salidas ajustables de alto voltaje (9V\/500mA, 12V\/300mA, 18V\/200mA) y 1 salida ajustable (6V~9V~12V) para adaptarse a una variedad de efectos digitales. Tambi\u00e9n cuenta con un puerto USB para cargar dispositivos m\u00f3viles y una entrada de corriente alterna universal para su uso en cualquier parte del mundo. Compatible con Fuzz, Phaser y otros efectos, es una opci\u00f3n confiable para m\u00fasicos que buscan potencia limpia y versatilidad.\" \/>\n<meta name=\"robots\" content=\"index, follow, max-snippet:-1, max-image-preview:large, max-video-preview:-1\" \/>\n<link rel=\"canonical\" href=\"https:\/\/www.mexicanguitarplayers.com\/en\/tienda\/sin%20categor\u00eda\/fuente-de-alimentacion-aislada-nux-zeus\/\" \/>\n<meta property=\"og:locale\" content=\"en_US\" \/>\n<meta property=\"og:type\" content=\"article\" \/>\n<meta property=\"og:title\" content=\"FUENTE DE ALIMENTACI\u00d3N AISLADA NUX ZEUS - Mexican Guitar Players\" \/>\n<meta property=\"og:description\" content=\"La fuente de alimentaci\u00f3n ZEUS de NUX ofrece 10 salidas de corriente continua aisladas de alto voltaje, equipadas con transformadores de alimentaci\u00f3n conmutados para una fuente estable y limpia. Incluye 3 salidas ajustables de alto voltaje (9V\/500mA, 12V\/300mA, 18V\/200mA) y 1 salida ajustable (6V~9V~12V) para adaptarse a una variedad de efectos digitales. Tambi\u00e9n cuenta con un puerto USB para cargar dispositivos m\u00f3viles y una entrada de corriente alterna universal para su uso en cualquier parte del mundo. Compatible con Fuzz, Phaser y otros efectos, es una opci\u00f3n confiable para m\u00fasicos que buscan potencia limpia y versatilidad.\" \/>\n<meta property=\"og:url\" content=\"https:\/\/www.mexicanguitarplayers.com\/en\/tienda\/sin categor\u00eda\/fuente-de-alimentacion-aislada-nux-zeus\/\" \/>\n<meta property=\"og:site_name\" content=\"Mexican Guitar Players\" \/>\n<meta property=\"article:modified_time\" content=\"2026-04-10T10:46:42+00:00\" \/>\n<meta name=\"twitter:card\" content=\"summary_large_image\" \/>\n<meta name=\"twitter:label1\" content=\"Est. reading time\" \/>\n\t<meta name=\"twitter:data1\" content=\"1 minute\" \/>\n<script type=\"application\/ld+json\" class=\"yoast-schema-graph\">{\"@context\":\"https:\\\/\\\/schema.org\",\"@graph\":[{\"@type\":[\"WebPage\",\"ItemPage\"],\"@id\":\"https:\\\/\\\/www.mexicanguitarplayers.com\\\/tienda\\\/sin categor\u00eda\\\/fuente-de-alimentacion-aislada-nux-zeus\\\/\",\"url\":\"https:\\\/\\\/www.mexicanguitarplayers.com\\\/tienda\\\/sin categor\u00eda\\\/fuente-de-alimentacion-aislada-nux-zeus\\\/\",\"name\":\"FUENTE DE ALIMENTACI\u00d3N AISLADA NUX ZEUS - Mexican Guitar Players\",\"isPartOf\":{\"@id\":\"https:\\\/\\\/www.mexicanguitarplayers.com\\\/#website\"},\"primaryImageOfPage\":{\"@id\":\"https:\\\/\\\/www.mexicanguitarplayers.com\\\/tienda\\\/sin categor\u00eda\\\/fuente-de-alimentacion-aislada-nux-zeus\\\/#primaryimage\"},\"image\":{\"@id\":\"https:\\\/\\\/www.mexicanguitarplayers.com\\\/tienda\\\/sin categor\u00eda\\\/fuente-de-alimentacion-aislada-nux-zeus\\\/#primaryimage\"},\"thumbnailUrl\":\"https:\\\/\\\/www.mexicanguitarplayers.com\\\/wp-content\\\/uploads\\\/2025\\\/04\\\/RANUXZEUS.jpg\",\"datePublished\":\"2025-04-06T21:10:14+00:00\",\"dateModified\":\"2026-04-10T10:46:42+00:00\",\"description\":\"La fuente de alimentaci\u00f3n ZEUS de NUX ofrece 10 salidas de corriente continua aisladas de alto voltaje, equipadas con transformadores de alimentaci\u00f3n conmutados para una fuente estable y limpia. Incluye 3 salidas ajustables de alto voltaje (9V\\\/500mA, 12V\\\/300mA, 18V\\\/200mA) y 1 salida ajustable (6V~9V~12V) para adaptarse a una variedad de efectos digitales. Tambi\u00e9n cuenta con un puerto USB para cargar dispositivos m\u00f3viles y una entrada de corriente alterna universal para su uso en cualquier parte del mundo. Compatible con Fuzz, Phaser y otros efectos, es una opci\u00f3n confiable para m\u00fasicos que buscan potencia limpia y versatilidad.\",\"breadcrumb\":{\"@id\":\"https:\\\/\\\/www.mexicanguitarplayers.com\\\/tienda\\\/sin categor\u00eda\\\/fuente-de-alimentacion-aislada-nux-zeus\\\/#breadcrumb\"},\"inLanguage\":\"en-US\",\"potentialAction\":[{\"@type\":\"ReadAction\",\"target\":[\"https:\\\/\\\/www.mexicanguitarplayers.com\\\/tienda\\\/sin categor\u00eda\\\/fuente-de-alimentacion-aislada-nux-zeus\\\/\"]}]},{\"@type\":\"ImageObject\",\"inLanguage\":\"en-US\",\"@id\":\"https:\\\/\\\/www.mexicanguitarplayers.com\\\/tienda\\\/sin categor\u00eda\\\/fuente-de-alimentacion-aislada-nux-zeus\\\/#primaryimage\",\"url\":\"https:\\\/\\\/www.mexicanguitarplayers.com\\\/wp-content\\\/uploads\\\/2025\\\/04\\\/RANUXZEUS.jpg\",\"contentUrl\":\"https:\\\/\\\/www.mexicanguitarplayers.com\\\/wp-content\\\/uploads\\\/2025\\\/04\\\/RANUXZEUS.jpg\",\"width\":1600,\"height\":800},{\"@type\":\"BreadcrumbList\",\"@id\":\"https:\\\/\\\/www.mexicanguitarplayers.com\\\/tienda\\\/sin categor\u00eda\\\/fuente-de-alimentacion-aislada-nux-zeus\\\/#breadcrumb\",\"itemListElement\":[{\"@type\":\"ListItem\",\"position\":1,\"name\":\"Portada\",\"item\":\"https:\\\/\\\/www.mexicanguitarplayers.com\\\/\"},{\"@type\":\"ListItem\",\"position\":2,\"name\":\"Tienda\",\"item\":\"https:\\\/\\\/www.mexicanguitarplayers.com\\\/tienda\\\/\"},{\"@type\":\"ListItem\",\"position\":3,\"name\":\"FUENTE DE ALIMENTACI\u00d3N AISLADA NUX ZEUS\"}]},{\"@type\":\"WebSite\",\"@id\":\"https:\\\/\\\/www.mexicanguitarplayers.com\\\/#website\",\"url\":\"https:\\\/\\\/www.mexicanguitarplayers.com\\\/\",\"name\":\"Mexican Guitar Players\",\"description\":\"Website\",\"publisher\":{\"@id\":\"https:\\\/\\\/www.mexicanguitarplayers.com\\\/#organization\"},\"potentialAction\":[{\"@type\":\"SearchAction\",\"target\":{\"@type\":\"EntryPoint\",\"urlTemplate\":\"https:\\\/\\\/www.mexicanguitarplayers.com\\\/?s={search_term_string}\"},\"query-input\":{\"@type\":\"PropertyValueSpecification\",\"valueRequired\":true,\"valueName\":\"search_term_string\"}}],\"inLanguage\":\"en-US\"},{\"@type\":\"Organization\",\"@id\":\"https:\\\/\\\/www.mexicanguitarplayers.com\\\/#organization\",\"name\":\"Mexican Guitar Players\",\"url\":\"https:\\\/\\\/www.mexicanguitarplayers.com\\\/\",\"logo\":{\"@type\":\"ImageObject\",\"inLanguage\":\"en-US\",\"@id\":\"https:\\\/\\\/www.mexicanguitarplayers.com\\\/#\\\/schema\\\/logo\\\/image\\\/\",\"url\":\"\",\"contentUrl\":\"\",\"caption\":\"Mexican Guitar Players\"},\"image\":{\"@id\":\"https:\\\/\\\/www.mexicanguitarplayers.com\\\/#\\\/schema\\\/logo\\\/image\\\/\"}}]}<\/script>\n<!-- \/ Yoast SEO plugin. -->","yoast_head_json":{"title":"FUENTE DE ALIMENTACI\u00d3N AISLADA NUX ZEUS - Mexican Guitar Players","description":"La fuente de alimentaci\u00f3n ZEUS de NUX ofrece 10 salidas de corriente continua aisladas de alto voltaje, equipadas con transformadores de alimentaci\u00f3n conmutados para una fuente estable y limpia. Incluye 3 salidas ajustables de alto voltaje (9V\/500mA, 12V\/300mA, 18V\/200mA) y 1 salida ajustable (6V~9V~12V) para adaptarse a una variedad de efectos digitales. Tambi\u00e9n cuenta con un puerto USB para cargar dispositivos m\u00f3viles y una entrada de corriente alterna universal para su uso en cualquier parte del mundo. Compatible con Fuzz, Phaser y otros efectos, es una opci\u00f3n confiable para m\u00fasicos que buscan potencia limpia y versatilidad.","robots":{"index":"index","follow":"follow","max-snippet":"max-snippet:-1","max-image-preview":"max-image-preview:large","max-video-preview":"max-video-preview:-1"},"canonical":"https:\/\/www.mexicanguitarplayers.com\/en\/tienda\/sin categor\u00eda\/fuente-de-alimentacion-aislada-nux-zeus\/","og_locale":"en_US","og_type":"article","og_title":"FUENTE DE ALIMENTACI\u00d3N AISLADA NUX ZEUS - Mexican Guitar Players","og_description":"La fuente de alimentaci\u00f3n ZEUS de NUX ofrece 10 salidas de corriente continua aisladas de alto voltaje, equipadas con transformadores de alimentaci\u00f3n conmutados para una fuente estable y limpia. Incluye 3 salidas ajustables de alto voltaje (9V\/500mA, 12V\/300mA, 18V\/200mA) y 1 salida ajustable (6V~9V~12V) para adaptarse a una variedad de efectos digitales. Tambi\u00e9n cuenta con un puerto USB para cargar dispositivos m\u00f3viles y una entrada de corriente alterna universal para su uso en cualquier parte del mundo. Compatible con Fuzz, Phaser y otros efectos, es una opci\u00f3n confiable para m\u00fasicos que buscan potencia limpia y versatilidad.","og_url":"https:\/\/www.mexicanguitarplayers.com\/en\/tienda\/sin categor\u00eda\/fuente-de-alimentacion-aislada-nux-zeus\/","og_site_name":"Mexican Guitar Players","article_modified_time":"2026-04-10T10:46:42+00:00","twitter_card":"summary_large_image","twitter_misc":{"Est. reading time":"1 minute"},"schema":{"@context":"https:\/\/schema.org","@graph":[{"@type":["WebPage","ItemPage"],"@id":"https:\/\/www.mexicanguitarplayers.com\/tienda\/sin categor\u00eda\/fuente-de-alimentacion-aislada-nux-zeus\/","url":"https:\/\/www.mexicanguitarplayers.com\/tienda\/sin categor\u00eda\/fuente-de-alimentacion-aislada-nux-zeus\/","name":"FUENTE DE ALIMENTACI\u00d3N AISLADA NUX ZEUS - Mexican Guitar Players","isPartOf":{"@id":"https:\/\/www.mexicanguitarplayers.com\/#website"},"primaryImageOfPage":{"@id":"https:\/\/www.mexicanguitarplayers.com\/tienda\/sin categor\u00eda\/fuente-de-alimentacion-aislada-nux-zeus\/#primaryimage"},"image":{"@id":"https:\/\/www.mexicanguitarplayers.com\/tienda\/sin categor\u00eda\/fuente-de-alimentacion-aislada-nux-zeus\/#primaryimage"},"thumbnailUrl":"https:\/\/www.mexicanguitarplayers.com\/wp-content\/uploads\/2025\/04\/RANUXZEUS.jpg","datePublished":"2025-04-06T21:10:14+00:00","dateModified":"2026-04-10T10:46:42+00:00","description":"La fuente de alimentaci\u00f3n ZEUS de NUX ofrece 10 salidas de corriente continua aisladas de alto voltaje, equipadas con transformadores de alimentaci\u00f3n conmutados para una fuente estable y limpia. Incluye 3 salidas ajustables de alto voltaje (9V\/500mA, 12V\/300mA, 18V\/200mA) y 1 salida ajustable (6V~9V~12V) para adaptarse a una variedad de efectos digitales. Tambi\u00e9n cuenta con un puerto USB para cargar dispositivos m\u00f3viles y una entrada de corriente alterna universal para su uso en cualquier parte del mundo. Compatible con Fuzz, Phaser y otros efectos, es una opci\u00f3n confiable para m\u00fasicos que buscan potencia limpia y versatilidad.","breadcrumb":{"@id":"https:\/\/www.mexicanguitarplayers.com\/tienda\/sin categor\u00eda\/fuente-de-alimentacion-aislada-nux-zeus\/#breadcrumb"},"inLanguage":"en-US","potentialAction":[{"@type":"ReadAction","target":["https:\/\/www.mexicanguitarplayers.com\/tienda\/sin categor\u00eda\/fuente-de-alimentacion-aislada-nux-zeus\/"]}]},{"@type":"ImageObject","inLanguage":"en-US","@id":"https:\/\/www.mexicanguitarplayers.com\/tienda\/sin categor\u00eda\/fuente-de-alimentacion-aislada-nux-zeus\/#primaryimage","url":"https:\/\/www.mexicanguitarplayers.com\/wp-content\/uploads\/2025\/04\/RANUXZEUS.jpg","contentUrl":"https:\/\/www.mexicanguitarplayers.com\/wp-content\/uploads\/2025\/04\/RANUXZEUS.jpg","width":1600,"height":800},{"@type":"BreadcrumbList","@id":"https:\/\/www.mexicanguitarplayers.com\/tienda\/sin categor\u00eda\/fuente-de-alimentacion-aislada-nux-zeus\/#breadcrumb","itemListElement":[{"@type":"ListItem","position":1,"name":"Portada","item":"https:\/\/www.mexicanguitarplayers.com\/"},{"@type":"ListItem","position":2,"name":"Tienda","item":"https:\/\/www.mexicanguitarplayers.com\/tienda\/"},{"@type":"ListItem","position":3,"name":"FUENTE DE ALIMENTACI\u00d3N AISLADA NUX ZEUS"}]},{"@type":"WebSite","@id":"https:\/\/www.mexicanguitarplayers.com\/#website","url":"https:\/\/www.mexicanguitarplayers.com\/","name":"Mexican Guitar Players","description":"Website","publisher":{"@id":"https:\/\/www.mexicanguitarplayers.com\/#organization"},"potentialAction":[{"@type":"SearchAction","target":{"@type":"EntryPoint","urlTemplate":"https:\/\/www.mexicanguitarplayers.com\/?s={search_term_string}"},"query-input":{"@type":"PropertyValueSpecification","valueRequired":true,"valueName":"search_term_string"}}],"inLanguage":"en-US"},{"@type":"Organization","@id":"https:\/\/www.mexicanguitarplayers.com\/#organization","name":"Mexican Guitar Players","url":"https:\/\/www.mexicanguitarplayers.com\/","logo":{"@type":"ImageObject","inLanguage":"en-US","@id":"https:\/\/www.mexicanguitarplayers.com\/#\/schema\/logo\/image\/","url":"","contentUrl":"","caption":"Mexican Guitar Players"},"image":{"@id":"https:\/\/www.mexicanguitarplayers.com\/#\/schema\/logo\/image\/"}}]}},"brands":[{"id":177,"name":"NUX","slug":"nux"}],"_links":{"self":[{"href":"https:\/\/www.mexicanguitarplayers.com\/en\/wp-json\/wp\/v2\/product\/24856","targetHints":{"allow":["GET"]}}],"collection":[{"href":"https:\/\/www.mexicanguitarplayers.com\/en\/wp-json\/wp\/v2\/product"}],"about":[{"href":"https:\/\/www.mexicanguitarplayers.com\/en\/wp-json\/wp\/v2\/types\/product"}],"replies":[{"embeddable":true,"href":"https:\/\/www.mexicanguitarplayers.com\/en\/wp-json\/wp\/v2\/comments?post=24856"}],"wp:featuredmedia":[{"embeddable":true,"href":"https:\/\/www.mexicanguitarplayers.com\/en\/wp-json\/wp\/v2\/media\/24850"}],"wp:attachment":[{"href":"https:\/\/www.mexicanguitarplayers.com\/en\/wp-json\/wp\/v2\/media?parent=24856"}],"wp:term":[{"taxonomy":"pwb-brand","embeddable":true,"href":"https:\/\/www.mexicanguitarplayers.com\/en\/wp-json\/wp\/v2\/pwb-brand?post=24856"},{"taxonomy":"product_brand","embeddable":true,"href":"https:\/\/www.mexicanguitarplayers.com\/en\/wp-json\/wp\/v2\/product_brand?post=24856"},{"taxonomy":"product_cat","embeddable":true,"href":"https:\/\/www.mexicanguitarplayers.com\/en\/wp-json\/wp\/v2\/product_cat?post=24856"},{"taxonomy":"product_tag","embeddable":true,"href":"https:\/\/www.mexicanguitarplayers.com\/en\/wp-json\/wp\/v2\/product_tag?post=24856"}],"curies":[{"name":"wp","href":"https:\/\/api.w.org\/{rel}","templated":true}]}}