{"id":24883,"date":"2025-04-06T15:11:42","date_gmt":"2025-04-06T21:11:42","guid":{"rendered":"https:\/\/www.mexicanguitarplayers.com\/tienda\/sin categor\u00eda\/encordadura-daddario-mod-exl-220-5\/"},"modified":"2026-05-01T07:29:39","modified_gmt":"2026-05-01T13:29:39","slug":"encordadura-daddario-mod-exl-220-5","status":"publish","type":"product","link":"https:\/\/www.mexicanguitarplayers.com\/en\/tienda\/accesorios\/estuches-y-fundas\/para-bajo-estuches-y-fundas\/encordadura-daddario-mod-exl-220-5\/","title":{"rendered":"ENCORDADURA DADDARIO MOD. EXL-220-5"},"content":{"rendered":"<div style=\"text-align: justify\">\n<div>\n<h3>Una gran sensaci\u00f3n al tocar.<\/h3>\n<\/div>\n<div>EXL220-5 de D\u2019Addario es la versi\u00f3n de 5 cuerdas del exitoso juego de cuerdas EXL220. Con la adici\u00f3n de la cuerda calibre .125 para Si menor, esta encordadura ofrece a los bajistas una mayor flexibilidad que las est\u00e1ndar para bajo y conserva la combinaci\u00f3n caracter\u00edstica de tono y sensaci\u00f3n al tacto que proporcionan todas las encordaduras para bajo XL con entorchado en n\u00edquel. Son aptas para bajos de escala larga con una longitud de escala de la cuerda de hasta 36 1\/4 pulgadas.  Las cuerdas entorchadas en n\u00edquel XL de D&#8217;Addario para bajo el\u00e9ctrico son mundialmente conocidas como &#8220;la opci\u00f3n de los bajistas&#8221; entre m\u00fasicos de este instrumento de todos los g\u00e9neros y estilos. Todas las cuerdas XL se someten a un proceso de entorchado de precisi\u00f3n en nuestras exclusivas m\u00e1quinas controladas digitalmente, lo que garantiza que cada cuerda tenga una entonaci\u00f3n excelente, bases claras y consistencia inigualable. Cada cuerda est\u00e1 entorchada con un cable de recubrimiento de acero niquelado, conocido por su caracter\u00edstico tono brillante y excelente magnetismo, que crea un tono vers\u00e1til y atractivo en todo el mundo para todos los estilos de ejecuci\u00f3n.<\/div>\n<div>\n<h4>Quick look<\/h4>\n<\/div>\n<ul style=\"margin: 0px 0px 0px 25px\">\n<li style=\"list-style-type: circle;margin: 5px\">Calibre liviano.<\/li>\n<li style=\"list-style-type: circle;margin: 5px\">Entorchado.<\/li>\n<li style=\"list-style-type: circle;margin: 5px\">Scale.<\/li>\n<li style=\"list-style-type: circle;margin: 5px\">Calibre.<\/li>\n<\/ul>\n<div>\n<div style=\"font-weight: bold\">Calibre liviano.<\/div>\n<div>\n<p>Ofrece m\u00e1s flexibilidad mientras mantiene el tono esencial.<\/p>\n<\/div>\n<div style=\"font-weight: bold\">Entorchado.<\/div>\n<div>\n<p>Entorchado redondo con acero niquelado para proporcionar un tono brillante caracter\u00edstico con bases claras.<\/p>\n<\/div>\n<div style=\"font-weight: bold\">Scale.<\/div>\n<div>\n<p>Aptas para bajos de escala larga con una longitud de escala de la cuerda de hasta 36 1\/4 pulgadas.<\/p>\n<\/div>\n<div style=\"font-weight: bold\">Calibre.<\/div>\n<div>\n<p>Calibres de las cuerdas: Entorchado .040, .060, .075, .095, .125<\/p>\n<\/div>\n<\/div>\n<div>\n<h4>Characteristics<\/h4>\n<\/div>\n<div>\n<ul style=\"margin: 0px 0px 0px 25px\">\n<li style=\"list-style-type: circle;margin: 5px\">Ecological and corrosion resistant package to preserve the freshness of the strings.<\/li>\n<li style=\"list-style-type: circle;margin: 5px\">Fabricado en USA para ofrecer la m\u00e1xima calidad y rendimiento.<\/li>\n<\/ul>\n<\/div>\n<\/div>","protected":false},"excerpt":{"rendered":"<p>Encordadura para bajo de 5 cuerdas con entorchado redondo  con acero niquelado, extra blandas, escala larga, mayor flexibilidad en el toque, calibre s\u00faper ligero, tono brillante, fabricada en USA, calibres: .040, .060, .075, .095, .125.&hellip; <a class=\"kt-excerpt-readmore more-link\" href=\"https:\/\/www.mexicanguitarplayers.com\/en\/tienda\/accesorios\/estuches-y-fundas\/para-bajo-estuches-y-fundas\/encordadura-daddario-mod-exl-220-5\/\">Read more<\/a><\/p>","protected":false},"featured_media":24882,"comment_status":"open","ping_status":"closed","template":"","meta":{"kt_blocks_editor_width":""},"pwb-brand":[347],"product_brand":[],"product_cat":[85,337,578],"product_tag":[],"class_list":{"0":"post-24883","1":"product","2":"type-product","3":"status-publish","4":"has-post-thumbnail","6":"pwb-brand-d-addario","7":"product_cat-accesorios","8":"product_cat-cuerdas-y-encordaduras","9":"product_cat-para-bajo-estuches-y-fundas","10":"product_shipping_class-0-5-kg-cuerdas","12":"first","13":"instock","14":"taxable","15":"shipping-taxable","16":"purchasable","17":"product-type-simple"},"yoast_head":"<!-- This site is optimized with the Yoast SEO plugin v27.5 - https:\/\/yoast.com\/product\/yoast-seo-wordpress\/ -->\n<title>ENCORDADURA DADDARIO MOD. EXL-220-5 - Mexican Guitar Players<\/title>\n<meta name=\"description\" content=\"Encordadura para bajo de 5 cuerdas con entorchado redondo con acero niquelado, extra blandas, escala larga, mayor flexibilidad en el toque, calibre s\u00faper ligero, tono brillante, fabricada en USA, calibres: .040, .060, .075, .095, .125.\" \/>\n<meta name=\"robots\" content=\"index, follow, max-snippet:-1, max-image-preview:large, max-video-preview:-1\" \/>\n<link rel=\"canonical\" href=\"https:\/\/www.mexicanguitarplayers.com\/en\/tienda\/sin%20categor\u00eda\/encordadura-daddario-mod-exl-220-5\/\" \/>\n<meta property=\"og:locale\" content=\"en_US\" \/>\n<meta property=\"og:type\" content=\"article\" \/>\n<meta property=\"og:title\" content=\"ENCORDADURA DADDARIO MOD. EXL-220-5 - Mexican Guitar Players\" \/>\n<meta property=\"og:description\" content=\"Encordadura para bajo de 5 cuerdas con entorchado redondo con acero niquelado, extra blandas, escala larga, mayor flexibilidad en el toque, calibre s\u00faper ligero, tono brillante, fabricada en USA, calibres: .040, .060, .075, .095, .125.\" \/>\n<meta property=\"og:url\" content=\"https:\/\/www.mexicanguitarplayers.com\/en\/tienda\/sin categor\u00eda\/encordadura-daddario-mod-exl-220-5\/\" \/>\n<meta property=\"og:site_name\" content=\"Mexican Guitar Players\" \/>\n<meta property=\"article:modified_time\" content=\"2026-05-01T13:29:39+00:00\" \/>\n<meta name=\"twitter:card\" content=\"summary_large_image\" \/>\n<meta name=\"twitter:label1\" content=\"Est. reading time\" \/>\n\t<meta name=\"twitter:data1\" content=\"1 minute\" \/>\n<script type=\"application\/ld+json\" class=\"yoast-schema-graph\">{\"@context\":\"https:\\\/\\\/schema.org\",\"@graph\":[{\"@type\":[\"WebPage\",\"ItemPage\"],\"@id\":\"https:\\\/\\\/www.mexicanguitarplayers.com\\\/tienda\\\/sin categor\u00eda\\\/encordadura-daddario-mod-exl-220-5\\\/\",\"url\":\"https:\\\/\\\/www.mexicanguitarplayers.com\\\/tienda\\\/sin categor\u00eda\\\/encordadura-daddario-mod-exl-220-5\\\/\",\"name\":\"ENCORDADURA DADDARIO MOD. EXL-220-5 - Mexican Guitar Players\",\"isPartOf\":{\"@id\":\"https:\\\/\\\/www.mexicanguitarplayers.com\\\/#website\"},\"primaryImageOfPage\":{\"@id\":\"https:\\\/\\\/www.mexicanguitarplayers.com\\\/tienda\\\/sin categor\u00eda\\\/encordadura-daddario-mod-exl-220-5\\\/#primaryimage\"},\"image\":{\"@id\":\"https:\\\/\\\/www.mexicanguitarplayers.com\\\/tienda\\\/sin categor\u00eda\\\/encordadura-daddario-mod-exl-220-5\\\/#primaryimage\"},\"thumbnailUrl\":\"https:\\\/\\\/www.mexicanguitarplayers.com\\\/wp-content\\\/uploads\\\/2025\\\/04\\\/RADADEXL2205.jpg\",\"datePublished\":\"2025-04-06T21:11:42+00:00\",\"dateModified\":\"2026-05-01T13:29:39+00:00\",\"description\":\"Encordadura para bajo de 5 cuerdas con entorchado redondo con acero niquelado, extra blandas, escala larga, mayor flexibilidad en el toque, calibre s\u00faper ligero, tono brillante, fabricada en USA, calibres: .040, .060, .075, .095, .125.\",\"breadcrumb\":{\"@id\":\"https:\\\/\\\/www.mexicanguitarplayers.com\\\/tienda\\\/sin categor\u00eda\\\/encordadura-daddario-mod-exl-220-5\\\/#breadcrumb\"},\"inLanguage\":\"en-US\",\"potentialAction\":[{\"@type\":\"ReadAction\",\"target\":[\"https:\\\/\\\/www.mexicanguitarplayers.com\\\/tienda\\\/sin categor\u00eda\\\/encordadura-daddario-mod-exl-220-5\\\/\"]}]},{\"@type\":\"ImageObject\",\"inLanguage\":\"en-US\",\"@id\":\"https:\\\/\\\/www.mexicanguitarplayers.com\\\/tienda\\\/sin categor\u00eda\\\/encordadura-daddario-mod-exl-220-5\\\/#primaryimage\",\"url\":\"https:\\\/\\\/www.mexicanguitarplayers.com\\\/wp-content\\\/uploads\\\/2025\\\/04\\\/RADADEXL2205.jpg\",\"contentUrl\":\"https:\\\/\\\/www.mexicanguitarplayers.com\\\/wp-content\\\/uploads\\\/2025\\\/04\\\/RADADEXL2205.jpg\",\"width\":1200,\"height\":1200},{\"@type\":\"BreadcrumbList\",\"@id\":\"https:\\\/\\\/www.mexicanguitarplayers.com\\\/tienda\\\/sin categor\u00eda\\\/encordadura-daddario-mod-exl-220-5\\\/#breadcrumb\",\"itemListElement\":[{\"@type\":\"ListItem\",\"position\":1,\"name\":\"Portada\",\"item\":\"https:\\\/\\\/www.mexicanguitarplayers.com\\\/\"},{\"@type\":\"ListItem\",\"position\":2,\"name\":\"Tienda\",\"item\":\"https:\\\/\\\/www.mexicanguitarplayers.com\\\/tienda\\\/\"},{\"@type\":\"ListItem\",\"position\":3,\"name\":\"ENCORDADURA DADDARIO MOD. EXL-220-5\"}]},{\"@type\":\"WebSite\",\"@id\":\"https:\\\/\\\/www.mexicanguitarplayers.com\\\/#website\",\"url\":\"https:\\\/\\\/www.mexicanguitarplayers.com\\\/\",\"name\":\"Mexican Guitar Players\",\"description\":\"Website\",\"publisher\":{\"@id\":\"https:\\\/\\\/www.mexicanguitarplayers.com\\\/#organization\"},\"potentialAction\":[{\"@type\":\"SearchAction\",\"target\":{\"@type\":\"EntryPoint\",\"urlTemplate\":\"https:\\\/\\\/www.mexicanguitarplayers.com\\\/?s={search_term_string}\"},\"query-input\":{\"@type\":\"PropertyValueSpecification\",\"valueRequired\":true,\"valueName\":\"search_term_string\"}}],\"inLanguage\":\"en-US\"},{\"@type\":\"Organization\",\"@id\":\"https:\\\/\\\/www.mexicanguitarplayers.com\\\/#organization\",\"name\":\"Mexican Guitar Players\",\"url\":\"https:\\\/\\\/www.mexicanguitarplayers.com\\\/\",\"logo\":{\"@type\":\"ImageObject\",\"inLanguage\":\"en-US\",\"@id\":\"https:\\\/\\\/www.mexicanguitarplayers.com\\\/#\\\/schema\\\/logo\\\/image\\\/\",\"url\":\"\",\"contentUrl\":\"\",\"caption\":\"Mexican Guitar Players\"},\"image\":{\"@id\":\"https:\\\/\\\/www.mexicanguitarplayers.com\\\/#\\\/schema\\\/logo\\\/image\\\/\"}}]}<\/script>\n<!-- \/ Yoast SEO plugin. -->","yoast_head_json":{"title":"ENCORDADURA DADDARIO MOD. EXL-220-5 - Mexican Guitar Players","description":"Encordadura para bajo de 5 cuerdas con entorchado redondo con acero niquelado, extra blandas, escala larga, mayor flexibilidad en el toque, calibre s\u00faper ligero, tono brillante, fabricada en USA, calibres: .040, .060, .075, .095, .125.","robots":{"index":"index","follow":"follow","max-snippet":"max-snippet:-1","max-image-preview":"max-image-preview:large","max-video-preview":"max-video-preview:-1"},"canonical":"https:\/\/www.mexicanguitarplayers.com\/en\/tienda\/sin categor\u00eda\/encordadura-daddario-mod-exl-220-5\/","og_locale":"en_US","og_type":"article","og_title":"ENCORDADURA DADDARIO MOD. EXL-220-5 - Mexican Guitar Players","og_description":"Encordadura para bajo de 5 cuerdas con entorchado redondo con acero niquelado, extra blandas, escala larga, mayor flexibilidad en el toque, calibre s\u00faper ligero, tono brillante, fabricada en USA, calibres: .040, .060, .075, .095, .125.","og_url":"https:\/\/www.mexicanguitarplayers.com\/en\/tienda\/sin categor\u00eda\/encordadura-daddario-mod-exl-220-5\/","og_site_name":"Mexican Guitar Players","article_modified_time":"2026-05-01T13:29:39+00:00","twitter_card":"summary_large_image","twitter_misc":{"Est. reading time":"1 minute"},"schema":{"@context":"https:\/\/schema.org","@graph":[{"@type":["WebPage","ItemPage"],"@id":"https:\/\/www.mexicanguitarplayers.com\/tienda\/sin categor\u00eda\/encordadura-daddario-mod-exl-220-5\/","url":"https:\/\/www.mexicanguitarplayers.com\/tienda\/sin categor\u00eda\/encordadura-daddario-mod-exl-220-5\/","name":"ENCORDADURA DADDARIO MOD. EXL-220-5 - Mexican Guitar Players","isPartOf":{"@id":"https:\/\/www.mexicanguitarplayers.com\/#website"},"primaryImageOfPage":{"@id":"https:\/\/www.mexicanguitarplayers.com\/tienda\/sin categor\u00eda\/encordadura-daddario-mod-exl-220-5\/#primaryimage"},"image":{"@id":"https:\/\/www.mexicanguitarplayers.com\/tienda\/sin categor\u00eda\/encordadura-daddario-mod-exl-220-5\/#primaryimage"},"thumbnailUrl":"https:\/\/www.mexicanguitarplayers.com\/wp-content\/uploads\/2025\/04\/RADADEXL2205.jpg","datePublished":"2025-04-06T21:11:42+00:00","dateModified":"2026-05-01T13:29:39+00:00","description":"Encordadura para bajo de 5 cuerdas con entorchado redondo con acero niquelado, extra blandas, escala larga, mayor flexibilidad en el toque, calibre s\u00faper ligero, tono brillante, fabricada en USA, calibres: .040, .060, .075, .095, .125.","breadcrumb":{"@id":"https:\/\/www.mexicanguitarplayers.com\/tienda\/sin categor\u00eda\/encordadura-daddario-mod-exl-220-5\/#breadcrumb"},"inLanguage":"en-US","potentialAction":[{"@type":"ReadAction","target":["https:\/\/www.mexicanguitarplayers.com\/tienda\/sin categor\u00eda\/encordadura-daddario-mod-exl-220-5\/"]}]},{"@type":"ImageObject","inLanguage":"en-US","@id":"https:\/\/www.mexicanguitarplayers.com\/tienda\/sin categor\u00eda\/encordadura-daddario-mod-exl-220-5\/#primaryimage","url":"https:\/\/www.mexicanguitarplayers.com\/wp-content\/uploads\/2025\/04\/RADADEXL2205.jpg","contentUrl":"https:\/\/www.mexicanguitarplayers.com\/wp-content\/uploads\/2025\/04\/RADADEXL2205.jpg","width":1200,"height":1200},{"@type":"BreadcrumbList","@id":"https:\/\/www.mexicanguitarplayers.com\/tienda\/sin categor\u00eda\/encordadura-daddario-mod-exl-220-5\/#breadcrumb","itemListElement":[{"@type":"ListItem","position":1,"name":"Portada","item":"https:\/\/www.mexicanguitarplayers.com\/"},{"@type":"ListItem","position":2,"name":"Tienda","item":"https:\/\/www.mexicanguitarplayers.com\/tienda\/"},{"@type":"ListItem","position":3,"name":"ENCORDADURA DADDARIO MOD. EXL-220-5"}]},{"@type":"WebSite","@id":"https:\/\/www.mexicanguitarplayers.com\/#website","url":"https:\/\/www.mexicanguitarplayers.com\/","name":"Mexican Guitar Players","description":"Website","publisher":{"@id":"https:\/\/www.mexicanguitarplayers.com\/#organization"},"potentialAction":[{"@type":"SearchAction","target":{"@type":"EntryPoint","urlTemplate":"https:\/\/www.mexicanguitarplayers.com\/?s={search_term_string}"},"query-input":{"@type":"PropertyValueSpecification","valueRequired":true,"valueName":"search_term_string"}}],"inLanguage":"en-US"},{"@type":"Organization","@id":"https:\/\/www.mexicanguitarplayers.com\/#organization","name":"Mexican Guitar Players","url":"https:\/\/www.mexicanguitarplayers.com\/","logo":{"@type":"ImageObject","inLanguage":"en-US","@id":"https:\/\/www.mexicanguitarplayers.com\/#\/schema\/logo\/image\/","url":"","contentUrl":"","caption":"Mexican Guitar Players"},"image":{"@id":"https:\/\/www.mexicanguitarplayers.com\/#\/schema\/logo\/image\/"}}]}},"brands":[{"id":347,"name":"D ADDARIO","slug":"d-addario"}],"_links":{"self":[{"href":"https:\/\/www.mexicanguitarplayers.com\/en\/wp-json\/wp\/v2\/product\/24883","targetHints":{"allow":["GET"]}}],"collection":[{"href":"https:\/\/www.mexicanguitarplayers.com\/en\/wp-json\/wp\/v2\/product"}],"about":[{"href":"https:\/\/www.mexicanguitarplayers.com\/en\/wp-json\/wp\/v2\/types\/product"}],"replies":[{"embeddable":true,"href":"https:\/\/www.mexicanguitarplayers.com\/en\/wp-json\/wp\/v2\/comments?post=24883"}],"wp:featuredmedia":[{"embeddable":true,"href":"https:\/\/www.mexicanguitarplayers.com\/en\/wp-json\/wp\/v2\/media\/24882"}],"wp:attachment":[{"href":"https:\/\/www.mexicanguitarplayers.com\/en\/wp-json\/wp\/v2\/media?parent=24883"}],"wp:term":[{"taxonomy":"pwb-brand","embeddable":true,"href":"https:\/\/www.mexicanguitarplayers.com\/en\/wp-json\/wp\/v2\/pwb-brand?post=24883"},{"taxonomy":"product_brand","embeddable":true,"href":"https:\/\/www.mexicanguitarplayers.com\/en\/wp-json\/wp\/v2\/product_brand?post=24883"},{"taxonomy":"product_cat","embeddable":true,"href":"https:\/\/www.mexicanguitarplayers.com\/en\/wp-json\/wp\/v2\/product_cat?post=24883"},{"taxonomy":"product_tag","embeddable":true,"href":"https:\/\/www.mexicanguitarplayers.com\/en\/wp-json\/wp\/v2\/product_tag?post=24883"}],"curies":[{"name":"wp","href":"https:\/\/api.w.org\/{rel}","templated":true}]}}