{"id":24916,"date":"2025-04-06T15:13:21","date_gmt":"2025-04-06T21:13:21","guid":{"rendered":"https:\/\/www.mexicanguitarplayers.com\/tienda\/sin categor\u00eda\/bafle-audiocenter-subwoofer-mod-k-la118dsp\/"},"modified":"2026-04-10T04:46:34","modified_gmt":"2026-04-10T10:46:34","slug":"bafle-audiocenter-subwoofer-mod-k-la118dsp","status":"publish","type":"product","link":"https:\/\/www.mexicanguitarplayers.com\/en\/tienda\/audio\/bafles-y-bocinas\/bafles\/bafles-activos\/bafle-audiocenter-subwoofer-mod-k-la118dsp\/","title":{"rendered":"BAFLE AUDIOCENTER SUBWOOFER MOD K-LA118DSP"},"content":{"rendered":"<div style=\"text-align: justify\">\n<div>\n<h3>Novedoso subwoofer de alta tecnolog\u00eda.<\/h3>\n<\/div>\n<div>K-LA118-DSP es un subwoofer activo controlado por DSP y est\u00e1 dise\u00f1ado para cumplir con los altos requisitos de rendimiento de giras, renta e instalaciones fijas. K-LA118-DSP cuenta con un driver Audiocenter personalizado de 18&#8243; con bobina m\u00f3vil de 4&#8243;. 3 filtros pasa-bajos seleccionables por el usuario (80 Hz, 100 Hz y 120 Hz) est\u00e1n disponibles para que los usuarios elijan de acuerdo a diferentes entornos y estilos musicales. K-LA118-DSP combina perfectamente con todos los altavoces de gama completa de Audiocenter, extendiendo el ancho de banda de la respuesta de frecuencia y ofrece un sonido de graves potente e impresionante. K-LA118-DSP tiene un dise\u00f1o de doble apertura de media f\u00f3rmula y doble salida. Con filtro de paso de banda de sexto orden, el dise\u00f1o del gabinete del K-LA118-DSP puede disminuir la interferencia de HF y mejorar el rendimiento.  K-LA118-DSP se combina en modularizaci\u00f3n, lo que es adecuado para cualquier sala de espect\u00e1culos. Tambi\u00e9n se puede usar junto con otros altavoces otras marcas.<\/div>\n<div>\n<h4>Quick look<\/h4>\n<\/div>\n<ul style=\"margin: 0px 0px 0px 25px\">\n<li style=\"list-style-type: circle;margin: 5px\">Kind.<\/li>\n<li style=\"list-style-type: circle;margin: 5px\">Respuesta de frecuencia (-6 dB c\u00e1mara anecoica).<\/li>\n<li style=\"list-style-type: circle;margin: 5px\">Maximum SPL.<\/li>\n<li style=\"list-style-type: circle;margin: 5px\">Driver LF.<\/li>\n<li style=\"list-style-type: circle;margin: 5px\">Circuito de amplificador.<\/li>\n<li style=\"list-style-type: circle;margin: 5px\">Potencia RMS.<\/li>\n<li style=\"list-style-type: circle;margin: 5px\">Respuesta de frecuencia de amplificador (1W, 8 ohms, 2 canales).<\/li>\n<li style=\"list-style-type: circle;margin: 5px\">Distorsi\u00f3n de intermodulaci\u00f3n.<\/li>\n<li style=\"list-style-type: circle;margin: 5px\">Distorsi\u00f3n arm\u00f3nica total.<\/li>\n<li style=\"list-style-type: circle;margin: 5px\">Protecci\u00f3n.<\/li>\n<li style=\"list-style-type: circle;margin: 5px\">Sistema de enfriamiento.<\/li>\n<li style=\"list-style-type: circle;margin: 5px\">Procesador.<\/li>\n<li style=\"list-style-type: circle;margin: 5px\">Preajustes.<\/li>\n<li style=\"list-style-type: circle;margin: 5px\">Crossover.<\/li>\n<li style=\"list-style-type: circle;margin: 5px\">Entrada de se\u00f1al.<\/li>\n<li style=\"list-style-type: circle;margin: 5px\">Salida de se\u00f1al.<\/li>\n<li style=\"list-style-type: circle;margin: 5px\">Power input.<\/li>\n<li style=\"list-style-type: circle;margin: 5px\">Tensi\u00f3n de funcionamiento.<\/li>\n<li style=\"list-style-type: circle;margin: 5px\">Material del gabinete.<\/li>\n<li style=\"list-style-type: circle;margin: 5px\">Dimensions.<\/li>\n<li style=\"list-style-type: circle;margin: 5px\">Weight.<\/li>\n<\/ul>\n<div>\n<div style=\"font-weight: bold\">Kind.<\/div>\n<div>\n<p>Subwoofer compacto activo controlado por DSP.<\/p>\n<\/div>\n<div style=\"font-weight: bold\">Respuesta de frecuencia (-6 dB c\u00e1mara anecoica).<\/div>\n<div>\n<p>32 Hz &#8211; 150 Hz.<\/p>\n<\/div>\n<div style=\"font-weight: bold\">Maximum SPL.<\/div>\n<div>\n<p>137 dB.<\/p>\n<\/div>\n<div style=\"font-weight: bold\">Driver LF.<\/div>\n<div>\n<p>Driver Audiocenter personalizado de ferrita con bobina m\u00f3vil de 4&#8243;.<\/p>\n<\/div>\n<div style=\"font-weight: bold\">Circuito de amplificador.<\/div>\n<div>\n<p>Clase D.<\/p>\n<\/div>\n<div style=\"font-weight: bold\">Potencia RMS.<\/div>\n<div>\n<p>1600 W.<\/p>\n<\/div>\n<div style=\"font-weight: bold\">Respuesta de frecuencia de amplificador (1W, 8 ohms, 2 canales).<\/div>\n<div>\n<p>20 Hz &#8211; 6 kHz (\u00b10.5 dB).<\/p>\n<\/div>\n<div style=\"font-weight: bold\">Distorsi\u00f3n de intermodulaci\u00f3n.<\/div>\n<div>\n<p>&lt;0.05%.<\/p>\n<\/div>\n<div style=\"font-weight: bold\">Distorsi\u00f3n arm\u00f3nica total.<\/div>\n<div>\n<p>&lt;0.05%.<\/p>\n<\/div>\n<div style=\"font-weight: bold\">Protecci\u00f3n.<\/div>\n<div>\n<p>Protecci\u00f3n DC, corto circuito, sobrecalentamiento, sobrecarga de entrada, sobrecarga de salida, arranque suave, sobretensi\u00f3n y subtensi\u00f3n.<\/p>\n<\/div>\n<div style=\"font-weight: bold\">Sistema de enfriamiento.<\/div>\n<div>\n<p>Enfriamiento con ventiladores.<\/p>\n<\/div>\n<div style=\"font-weight: bold\">Procesador.<\/div>\n<div>\n<p>Frecuencia de muestreo de se\u00f1al de 96 kHz, precisi\u00f3n de 56 bits.<\/p>\n<\/div>\n<div style=\"font-weight: bold\">Preajustes.<\/div>\n<div>\n<p>80 Hz, 100 Hz, 120 Hz.<\/p>\n<\/div>\n<div style=\"font-weight: bold\">Crossover.<\/div>\n<div>\n<p>Controlado por DSP-<\/p>\n<\/div>\n<div style=\"font-weight: bold\">Entrada de se\u00f1al.<\/div>\n<div>\n<p>1 XLR hembra.<\/p>\n<\/div>\n<div style=\"font-weight: bold\">Salida de se\u00f1al.<\/div>\n<div>\n<p>1 XLR macho.<\/p>\n<\/div>\n<div style=\"font-weight: bold\">Power input.<\/div>\n<div>\n<p>Conector de alimentaci\u00f3n SVP593MA-BL.<\/p>\n<\/div>\n<div style=\"font-weight: bold\">Tensi\u00f3n de funcionamiento.<\/div>\n<div>\n<p>230V-50 Hz \/ 120V-60 Hz.<\/p>\n<\/div>\n<div style=\"font-weight: bold\">Material del gabinete.<\/div>\n<div>\n<p>CNC hecho de excelente madera.<\/p>\n<\/div>\n<div style=\"font-weight: bold\">Dimensions.<\/div>\n<div>\n<p>590 \u00d7 639 \u00d7 800 mm.<\/p>\n<\/div>\n<div style=\"font-weight: bold\">Weight.<\/div>\n<div>\n<p>63 kg.<\/p>\n<\/div>\n<\/div>\n<\/div>","protected":false},"excerpt":{"rendered":"<p>Subwoofer activo controlado por DSP, driver Audiocenter personalizado de 18\u201d con bobina m\u00f3vil de 4\u201d, 3 filtros pasa-bajos seleccionables por el usuario (80 Hz, 100 Hz y 120 Hz), frecuencia de muestreo de se\u00f1al de 96 kHz con precisi\u00f3n de 56 bits, modo standby autom\u00e1tico si no hay entrada de se\u00f1al durante 15 minutos, amplificador clase D, sistema de enfriamiento avanzado en el driver, gabinete CNC de excelente madera, completos accesorios adecuados para diferentes aplicaciones, dimensiones: 590 \u00d7 639 \u00d7 800 mm, peso: 63 kg.&hellip; <a class=\"kt-excerpt-readmore more-link\" href=\"https:\/\/www.mexicanguitarplayers.com\/en\/tienda\/audio\/bafles-y-bocinas\/bafles\/bafles-activos\/bafle-audiocenter-subwoofer-mod-k-la118dsp\/\">Read more<\/a><\/p>","protected":false},"featured_media":24915,"comment_status":"open","ping_status":"closed","template":"","meta":{"kt_blocks_editor_width":""},"pwb-brand":[525],"product_brand":[],"product_cat":[213,222,472,221],"product_tag":[],"class_list":{"0":"post-24916","1":"product","2":"type-product","3":"status-publish","4":"has-post-thumbnail","6":"pwb-brand-audiocenter","7":"product_cat-audio","8":"product_cat-bafles","9":"product_cat-bafles-activos","10":"product_cat-bafles-y-bocinas","12":"first","13":"outofstock","14":"taxable","15":"shipping-taxable","16":"purchasable","17":"product-type-simple"},"yoast_head":"<!-- This site is optimized with the Yoast SEO plugin v27.6 - https:\/\/yoast.com\/product\/yoast-seo-wordpress\/ -->\n<title>BAFLE AUDIOCENTER SUBWOOFER MOD K-LA118DSP - Mexican Guitar Players<\/title>\n<meta name=\"description\" content=\"Subwoofer activo controlado por DSP, driver Audiocenter personalizado de 18\u201d con bobina m\u00f3vil de 4\u201d, 3 filtros pasa-bajos seleccionables por el usuario (80 Hz, 100 Hz y 120 Hz), frecuencia de muestreo de se\u00f1al de 96 kHz con precisi\u00f3n de 56 bits, modo standby autom\u00e1tico si no hay entrada de se\u00f1al durante 15 minutos, amplificador clase D, sistema de enfriamiento avanzado en el driver, gabinete CNC de excelente madera, completos accesorios adecuados para diferentes aplicaciones, dimensiones: 590 \u00d7 639 \u00d7 800 mm, peso: 63 kg.\" \/>\n<meta name=\"robots\" content=\"index, follow, max-snippet:-1, max-image-preview:large, max-video-preview:-1\" \/>\n<link rel=\"canonical\" href=\"https:\/\/www.mexicanguitarplayers.com\/en\/tienda\/sin%20categor\u00eda\/bafle-audiocenter-subwoofer-mod-k-la118dsp\/\" \/>\n<meta property=\"og:locale\" content=\"en_US\" \/>\n<meta property=\"og:type\" content=\"article\" \/>\n<meta property=\"og:title\" content=\"BAFLE AUDIOCENTER SUBWOOFER MOD K-LA118DSP - Mexican Guitar Players\" \/>\n<meta property=\"og:description\" content=\"Subwoofer activo controlado por DSP, driver Audiocenter personalizado de 18\u201d con bobina m\u00f3vil de 4\u201d, 3 filtros pasa-bajos seleccionables por el usuario (80 Hz, 100 Hz y 120 Hz), frecuencia de muestreo de se\u00f1al de 96 kHz con precisi\u00f3n de 56 bits, modo standby autom\u00e1tico si no hay entrada de se\u00f1al durante 15 minutos, amplificador clase D, sistema de enfriamiento avanzado en el driver, gabinete CNC de excelente madera, completos accesorios adecuados para diferentes aplicaciones, dimensiones: 590 \u00d7 639 \u00d7 800 mm, peso: 63 kg.\" \/>\n<meta property=\"og:url\" content=\"https:\/\/www.mexicanguitarplayers.com\/en\/tienda\/sin categor\u00eda\/bafle-audiocenter-subwoofer-mod-k-la118dsp\/\" \/>\n<meta property=\"og:site_name\" content=\"Mexican Guitar Players\" \/>\n<meta property=\"article:modified_time\" content=\"2026-04-10T10:46:34+00:00\" \/>\n<meta name=\"twitter:card\" content=\"summary_large_image\" \/>\n<meta name=\"twitter:label1\" content=\"Est. reading time\" \/>\n\t<meta name=\"twitter:data1\" content=\"2 minutes\" \/>\n<script type=\"application\/ld+json\" class=\"yoast-schema-graph\">{\"@context\":\"https:\\\/\\\/schema.org\",\"@graph\":[{\"@type\":[\"WebPage\",\"ItemPage\"],\"@id\":\"https:\\\/\\\/www.mexicanguitarplayers.com\\\/tienda\\\/sin categor\u00eda\\\/bafle-audiocenter-subwoofer-mod-k-la118dsp\\\/\",\"url\":\"https:\\\/\\\/www.mexicanguitarplayers.com\\\/tienda\\\/sin categor\u00eda\\\/bafle-audiocenter-subwoofer-mod-k-la118dsp\\\/\",\"name\":\"BAFLE AUDIOCENTER SUBWOOFER MOD K-LA118DSP - Mexican Guitar Players\",\"isPartOf\":{\"@id\":\"https:\\\/\\\/www.mexicanguitarplayers.com\\\/#website\"},\"primaryImageOfPage\":{\"@id\":\"https:\\\/\\\/www.mexicanguitarplayers.com\\\/tienda\\\/sin categor\u00eda\\\/bafle-audiocenter-subwoofer-mod-k-la118dsp\\\/#primaryimage\"},\"image\":{\"@id\":\"https:\\\/\\\/www.mexicanguitarplayers.com\\\/tienda\\\/sin categor\u00eda\\\/bafle-audiocenter-subwoofer-mod-k-la118dsp\\\/#primaryimage\"},\"thumbnailUrl\":\"https:\\\/\\\/www.mexicanguitarplayers.com\\\/wp-content\\\/uploads\\\/2025\\\/04\\\/IAACTKLA118DSP.jpg\",\"datePublished\":\"2025-04-06T21:13:21+00:00\",\"dateModified\":\"2026-04-10T10:46:34+00:00\",\"description\":\"Subwoofer activo controlado por DSP, driver Audiocenter personalizado de 18\u201d con bobina m\u00f3vil de 4\u201d, 3 filtros pasa-bajos seleccionables por el usuario (80 Hz, 100 Hz y 120 Hz), frecuencia de muestreo de se\u00f1al de 96 kHz con precisi\u00f3n de 56 bits, modo standby autom\u00e1tico si no hay entrada de se\u00f1al durante 15 minutos, amplificador clase D, sistema de enfriamiento avanzado en el driver, gabinete CNC de excelente madera, completos accesorios adecuados para diferentes aplicaciones, dimensiones: 590 \u00d7 639 \u00d7 800 mm, peso: 63 kg.\",\"breadcrumb\":{\"@id\":\"https:\\\/\\\/www.mexicanguitarplayers.com\\\/tienda\\\/sin categor\u00eda\\\/bafle-audiocenter-subwoofer-mod-k-la118dsp\\\/#breadcrumb\"},\"inLanguage\":\"en-US\",\"potentialAction\":[{\"@type\":\"ReadAction\",\"target\":[\"https:\\\/\\\/www.mexicanguitarplayers.com\\\/tienda\\\/sin categor\u00eda\\\/bafle-audiocenter-subwoofer-mod-k-la118dsp\\\/\"]}]},{\"@type\":\"ImageObject\",\"inLanguage\":\"en-US\",\"@id\":\"https:\\\/\\\/www.mexicanguitarplayers.com\\\/tienda\\\/sin categor\u00eda\\\/bafle-audiocenter-subwoofer-mod-k-la118dsp\\\/#primaryimage\",\"url\":\"https:\\\/\\\/www.mexicanguitarplayers.com\\\/wp-content\\\/uploads\\\/2025\\\/04\\\/IAACTKLA118DSP.jpg\",\"contentUrl\":\"https:\\\/\\\/www.mexicanguitarplayers.com\\\/wp-content\\\/uploads\\\/2025\\\/04\\\/IAACTKLA118DSP.jpg\",\"width\":1200,\"height\":1200},{\"@type\":\"BreadcrumbList\",\"@id\":\"https:\\\/\\\/www.mexicanguitarplayers.com\\\/tienda\\\/sin categor\u00eda\\\/bafle-audiocenter-subwoofer-mod-k-la118dsp\\\/#breadcrumb\",\"itemListElement\":[{\"@type\":\"ListItem\",\"position\":1,\"name\":\"Portada\",\"item\":\"https:\\\/\\\/www.mexicanguitarplayers.com\\\/\"},{\"@type\":\"ListItem\",\"position\":2,\"name\":\"Tienda\",\"item\":\"https:\\\/\\\/www.mexicanguitarplayers.com\\\/tienda\\\/\"},{\"@type\":\"ListItem\",\"position\":3,\"name\":\"BAFLE AUDIOCENTER SUBWOOFER MOD K-LA118DSP\"}]},{\"@type\":\"WebSite\",\"@id\":\"https:\\\/\\\/www.mexicanguitarplayers.com\\\/#website\",\"url\":\"https:\\\/\\\/www.mexicanguitarplayers.com\\\/\",\"name\":\"Mexican Guitar Players\",\"description\":\"Website\",\"publisher\":{\"@id\":\"https:\\\/\\\/www.mexicanguitarplayers.com\\\/#organization\"},\"potentialAction\":[{\"@type\":\"SearchAction\",\"target\":{\"@type\":\"EntryPoint\",\"urlTemplate\":\"https:\\\/\\\/www.mexicanguitarplayers.com\\\/?s={search_term_string}\"},\"query-input\":{\"@type\":\"PropertyValueSpecification\",\"valueRequired\":true,\"valueName\":\"search_term_string\"}}],\"inLanguage\":\"en-US\"},{\"@type\":\"Organization\",\"@id\":\"https:\\\/\\\/www.mexicanguitarplayers.com\\\/#organization\",\"name\":\"Mexican Guitar Players\",\"url\":\"https:\\\/\\\/www.mexicanguitarplayers.com\\\/\",\"logo\":{\"@type\":\"ImageObject\",\"inLanguage\":\"en-US\",\"@id\":\"https:\\\/\\\/www.mexicanguitarplayers.com\\\/#\\\/schema\\\/logo\\\/image\\\/\",\"url\":\"\",\"contentUrl\":\"\",\"caption\":\"Mexican Guitar Players\"},\"image\":{\"@id\":\"https:\\\/\\\/www.mexicanguitarplayers.com\\\/#\\\/schema\\\/logo\\\/image\\\/\"}}]}<\/script>\n<!-- \/ Yoast SEO plugin. -->","yoast_head_json":{"title":"BAFLE AUDIOCENTER SUBWOOFER MOD K-LA118DSP - Mexican Guitar Players","description":"Subwoofer activo controlado por DSP, driver Audiocenter personalizado de 18\u201d con bobina m\u00f3vil de 4\u201d, 3 filtros pasa-bajos seleccionables por el usuario (80 Hz, 100 Hz y 120 Hz), frecuencia de muestreo de se\u00f1al de 96 kHz con precisi\u00f3n de 56 bits, modo standby autom\u00e1tico si no hay entrada de se\u00f1al durante 15 minutos, amplificador clase D, sistema de enfriamiento avanzado en el driver, gabinete CNC de excelente madera, completos accesorios adecuados para diferentes aplicaciones, dimensiones: 590 \u00d7 639 \u00d7 800 mm, peso: 63 kg.","robots":{"index":"index","follow":"follow","max-snippet":"max-snippet:-1","max-image-preview":"max-image-preview:large","max-video-preview":"max-video-preview:-1"},"canonical":"https:\/\/www.mexicanguitarplayers.com\/en\/tienda\/sin categor\u00eda\/bafle-audiocenter-subwoofer-mod-k-la118dsp\/","og_locale":"en_US","og_type":"article","og_title":"BAFLE AUDIOCENTER SUBWOOFER MOD K-LA118DSP - Mexican Guitar Players","og_description":"Subwoofer activo controlado por DSP, driver Audiocenter personalizado de 18\u201d con bobina m\u00f3vil de 4\u201d, 3 filtros pasa-bajos seleccionables por el usuario (80 Hz, 100 Hz y 120 Hz), frecuencia de muestreo de se\u00f1al de 96 kHz con precisi\u00f3n de 56 bits, modo standby autom\u00e1tico si no hay entrada de se\u00f1al durante 15 minutos, amplificador clase D, sistema de enfriamiento avanzado en el driver, gabinete CNC de excelente madera, completos accesorios adecuados para diferentes aplicaciones, dimensiones: 590 \u00d7 639 \u00d7 800 mm, peso: 63 kg.","og_url":"https:\/\/www.mexicanguitarplayers.com\/en\/tienda\/sin categor\u00eda\/bafle-audiocenter-subwoofer-mod-k-la118dsp\/","og_site_name":"Mexican Guitar Players","article_modified_time":"2026-04-10T10:46:34+00:00","twitter_card":"summary_large_image","twitter_misc":{"Est. reading time":"2 minutes"},"schema":{"@context":"https:\/\/schema.org","@graph":[{"@type":["WebPage","ItemPage"],"@id":"https:\/\/www.mexicanguitarplayers.com\/tienda\/sin categor\u00eda\/bafle-audiocenter-subwoofer-mod-k-la118dsp\/","url":"https:\/\/www.mexicanguitarplayers.com\/tienda\/sin categor\u00eda\/bafle-audiocenter-subwoofer-mod-k-la118dsp\/","name":"BAFLE AUDIOCENTER SUBWOOFER MOD K-LA118DSP - Mexican Guitar Players","isPartOf":{"@id":"https:\/\/www.mexicanguitarplayers.com\/#website"},"primaryImageOfPage":{"@id":"https:\/\/www.mexicanguitarplayers.com\/tienda\/sin categor\u00eda\/bafle-audiocenter-subwoofer-mod-k-la118dsp\/#primaryimage"},"image":{"@id":"https:\/\/www.mexicanguitarplayers.com\/tienda\/sin categor\u00eda\/bafle-audiocenter-subwoofer-mod-k-la118dsp\/#primaryimage"},"thumbnailUrl":"https:\/\/www.mexicanguitarplayers.com\/wp-content\/uploads\/2025\/04\/IAACTKLA118DSP.jpg","datePublished":"2025-04-06T21:13:21+00:00","dateModified":"2026-04-10T10:46:34+00:00","description":"Subwoofer activo controlado por DSP, driver Audiocenter personalizado de 18\u201d con bobina m\u00f3vil de 4\u201d, 3 filtros pasa-bajos seleccionables por el usuario (80 Hz, 100 Hz y 120 Hz), frecuencia de muestreo de se\u00f1al de 96 kHz con precisi\u00f3n de 56 bits, modo standby autom\u00e1tico si no hay entrada de se\u00f1al durante 15 minutos, amplificador clase D, sistema de enfriamiento avanzado en el driver, gabinete CNC de excelente madera, completos accesorios adecuados para diferentes aplicaciones, dimensiones: 590 \u00d7 639 \u00d7 800 mm, peso: 63 kg.","breadcrumb":{"@id":"https:\/\/www.mexicanguitarplayers.com\/tienda\/sin categor\u00eda\/bafle-audiocenter-subwoofer-mod-k-la118dsp\/#breadcrumb"},"inLanguage":"en-US","potentialAction":[{"@type":"ReadAction","target":["https:\/\/www.mexicanguitarplayers.com\/tienda\/sin categor\u00eda\/bafle-audiocenter-subwoofer-mod-k-la118dsp\/"]}]},{"@type":"ImageObject","inLanguage":"en-US","@id":"https:\/\/www.mexicanguitarplayers.com\/tienda\/sin categor\u00eda\/bafle-audiocenter-subwoofer-mod-k-la118dsp\/#primaryimage","url":"https:\/\/www.mexicanguitarplayers.com\/wp-content\/uploads\/2025\/04\/IAACTKLA118DSP.jpg","contentUrl":"https:\/\/www.mexicanguitarplayers.com\/wp-content\/uploads\/2025\/04\/IAACTKLA118DSP.jpg","width":1200,"height":1200},{"@type":"BreadcrumbList","@id":"https:\/\/www.mexicanguitarplayers.com\/tienda\/sin categor\u00eda\/bafle-audiocenter-subwoofer-mod-k-la118dsp\/#breadcrumb","itemListElement":[{"@type":"ListItem","position":1,"name":"Portada","item":"https:\/\/www.mexicanguitarplayers.com\/"},{"@type":"ListItem","position":2,"name":"Tienda","item":"https:\/\/www.mexicanguitarplayers.com\/tienda\/"},{"@type":"ListItem","position":3,"name":"BAFLE AUDIOCENTER SUBWOOFER MOD K-LA118DSP"}]},{"@type":"WebSite","@id":"https:\/\/www.mexicanguitarplayers.com\/#website","url":"https:\/\/www.mexicanguitarplayers.com\/","name":"Mexican Guitar Players","description":"Website","publisher":{"@id":"https:\/\/www.mexicanguitarplayers.com\/#organization"},"potentialAction":[{"@type":"SearchAction","target":{"@type":"EntryPoint","urlTemplate":"https:\/\/www.mexicanguitarplayers.com\/?s={search_term_string}"},"query-input":{"@type":"PropertyValueSpecification","valueRequired":true,"valueName":"search_term_string"}}],"inLanguage":"en-US"},{"@type":"Organization","@id":"https:\/\/www.mexicanguitarplayers.com\/#organization","name":"Mexican Guitar Players","url":"https:\/\/www.mexicanguitarplayers.com\/","logo":{"@type":"ImageObject","inLanguage":"en-US","@id":"https:\/\/www.mexicanguitarplayers.com\/#\/schema\/logo\/image\/","url":"","contentUrl":"","caption":"Mexican Guitar Players"},"image":{"@id":"https:\/\/www.mexicanguitarplayers.com\/#\/schema\/logo\/image\/"}}]}},"brands":[{"id":525,"name":"AUDIOCENTER","slug":"audiocenter"}],"_links":{"self":[{"href":"https:\/\/www.mexicanguitarplayers.com\/en\/wp-json\/wp\/v2\/product\/24916","targetHints":{"allow":["GET"]}}],"collection":[{"href":"https:\/\/www.mexicanguitarplayers.com\/en\/wp-json\/wp\/v2\/product"}],"about":[{"href":"https:\/\/www.mexicanguitarplayers.com\/en\/wp-json\/wp\/v2\/types\/product"}],"replies":[{"embeddable":true,"href":"https:\/\/www.mexicanguitarplayers.com\/en\/wp-json\/wp\/v2\/comments?post=24916"}],"wp:featuredmedia":[{"embeddable":true,"href":"https:\/\/www.mexicanguitarplayers.com\/en\/wp-json\/wp\/v2\/media\/24915"}],"wp:attachment":[{"href":"https:\/\/www.mexicanguitarplayers.com\/en\/wp-json\/wp\/v2\/media?parent=24916"}],"wp:term":[{"taxonomy":"pwb-brand","embeddable":true,"href":"https:\/\/www.mexicanguitarplayers.com\/en\/wp-json\/wp\/v2\/pwb-brand?post=24916"},{"taxonomy":"product_brand","embeddable":true,"href":"https:\/\/www.mexicanguitarplayers.com\/en\/wp-json\/wp\/v2\/product_brand?post=24916"},{"taxonomy":"product_cat","embeddable":true,"href":"https:\/\/www.mexicanguitarplayers.com\/en\/wp-json\/wp\/v2\/product_cat?post=24916"},{"taxonomy":"product_tag","embeddable":true,"href":"https:\/\/www.mexicanguitarplayers.com\/en\/wp-json\/wp\/v2\/product_tag?post=24916"}],"curies":[{"name":"wp","href":"https:\/\/api.w.org\/{rel}","templated":true}]}}