{"id":24920,"date":"2025-04-06T15:13:33","date_gmt":"2025-04-06T21:13:33","guid":{"rendered":"https:\/\/www.mexicanguitarplayers.com\/tienda\/sin categor\u00eda\/piano-casio-digital-px-s1100rd\/"},"modified":"2026-04-01T04:15:41","modified_gmt":"2026-04-01T10:15:41","slug":"piano-casio-digital-px-s1100rd","status":"publish","type":"product","link":"https:\/\/www.mexicanguitarplayers.com\/en\/tienda\/teclas\/pianos\/pianos-digitales\/piano-casio-digital-px-s1100rd\/","title":{"rendered":"PIANO CASIO DIGITAL       PX-S1100RD"},"content":{"rendered":"<div style=\"text-align: justify\">\n<div>\n<h3>Un espacio musical para ti.<\/h3>\n<\/div>\n<div>Colorea tu espacio favorito con la m\u00fasica de tus dedos. El piano Privia PX-S1100 da vida a tu habitaci\u00f3n con un gran sonido. Una evoluci\u00f3n en el dise\u00f1o, el sonido y la facilidad de uso del PX-S1100 para una experiencia de rendimiento excepcional. Expr\u00e9sate libremente a trav\u00e9s de tu interpretaci\u00f3n. Un dise\u00f1o delgado y distintivo, simple y minimalista, perfecto para cualquier espacio, est\u00e1 pensado para combinar con una gran variedad de tama\u00f1os de salas e interiores. Es el piano digital de 88 teclas m\u00e1s delgado del mundo con acci\u00f3n de martillo. Cuenta con una profundidad de tan solo 232 mm, cabe en tu sala de estar, dormitorio o en cualquier otro lugar, para un espacio vital lleno de m\u00fasica. El dise\u00f1o minimalista y el panel superior plano en forma de espejo con controles t\u00e1ctiles, ofrecen un aspecto sofisticado. El llamativo logo dorado en la superficie del cuerpo, agrega un toque extra de elegancia. El elegante color de un tono est\u00e1 dise\u00f1ado para integrarse en cualquier habitaci\u00f3n o servir como un acento elegante. Hay tres variantes de color: negro, blanco y rojo. Los colores blanco y negro combinan bien con los interiores, mientras que el rojo se puede usar para proporcionar un acento de color atrevido. Elije tu color favorito y comb\u00ednalo con tu habitaci\u00f3n y estilo interior. Experimenta el toque expresivo, desde las notas bajas hasta las agudas y pi\u00e9rdete en tu interpretaci\u00f3n. La tecnolog\u00eda de Casio, condensada en un cuerpo delgado que ofrece un rendimiento excepcional como instrumento. Captura a\u00fan m\u00e1s bellamente el sonido de un piano de cola. El cuerpo grande y la estructura compleja de un piano de cola crean una gama de resonancias que le dan un sonido rico, detallado y \u00fanico. La fuente de sonido Morphing AiR multidimensional original de Casio, genera con precisi\u00f3n las resonancias \u00fanicas de un piano de cola. El piano Privia PX-S1100 ofrece un sonido v\u00edvido y arm\u00f3nicamente rico, gracias a los densos matices de cada cuerda individual para las 88 teclas afinadas para su exclusivo sistema de altavoces. Los cambios expresivos en el timbre, creados por la respuesta del instrumento a la velocidad de la tecla y al cambio temporal est\u00e1n finamente controlados, lo que te brinda la libertad de expresarte verdaderamente en todos los sentidos de ejecuci\u00f3n, desde suave y matizado hasta din\u00e1mico y poderoso. El sistema de altavoces de un piano digital es uno de los factores m\u00e1s importantes para determinar el realismo del sonido del piano. El sistema de altavoces del Privia PX-S1100 cuenta con un diafragma reforzado para agudos m\u00e1s limpios y ricos y un dise\u00f1o de estructura interna mejorada para graves m\u00e1s din\u00e1micos. El resultado es un sonido bien equilibrado con un fuerte sonido sentido de presencia y localizaci\u00f3n que captura todos los matices de tu interpretaci\u00f3n.<\/div>\n<div>\n<h4>Quick look<\/h4>\n<\/div>\n<ul style=\"margin: 0px 0px 0px 25px\">\n<li style=\"list-style-type: circle;margin: 5px\">Teclado.<\/li>\n<li style=\"list-style-type: circle;margin: 5px\">Tonos.<\/li>\n<li style=\"list-style-type: circle;margin: 5px\">Simulador ac\u00fastico.<\/li>\n<li style=\"list-style-type: circle;margin: 5px\">Efectos digitales.<\/li>\n<li style=\"list-style-type: circle;margin: 5px\">Canciones.<\/li>\n<li style=\"list-style-type: circle;margin: 5px\">Caracter\u00edsticas adicionales.<\/li>\n<li style=\"list-style-type: circle;margin: 5px\">Midi.<\/li>\n<li style=\"list-style-type: circle;margin: 5px\">Conectividad y almacenamiento.<\/li>\n<li style=\"list-style-type: circle;margin: 5px\">Altavoces y amplificadores.<\/li>\n<li style=\"list-style-type: circle;margin: 5px\">Power supply.<\/li>\n<li style=\"list-style-type: circle;margin: 5px\">Dimensions.<\/li>\n<li style=\"list-style-type: circle;margin: 5px\">Weight.<\/li>\n<li style=\"list-style-type: circle;margin: 5px\">Accessories included.<\/li>\n<\/ul>\n<div>\n<div style=\"font-weight: bold\">Teclado.<\/div>\n<div>\n<p>88 teclas. Teclado inteligente con acci\u00f3n de martillo en escala. Respuesta al tacto: 5 niveles de sensibilidad, desactivado. Escala digital de 88 teclas. Respuesta de martillo. Respuesta Key Off.<\/p>\n<\/div>\n<div style=\"font-weight: bold\">Tonos.<\/div>\n<div>\n<p>Polifon\u00eda m\u00e1xima: 192. Tonos incorporados: 18. Fuente de sonido: Multi Dimensional Morphing AiR. Capa. Divisor.<\/p>\n<\/div>\n<div style=\"font-weight: bold\">Simulador ac\u00fastico.<\/div>\n<div>\n<p>Resonancia de cuerdas: 4 tipos, off. Resonancia de amortiguador: 4 tipo, off. Ruido de tecla de acci\u00f3n: 4 tipos. Ruido de amortiguador: 4 tipos, off.<\/p>\n<\/div>\n<div style=\"font-weight: bold\">Efectos digitales.<\/div>\n<div>\n<p>Modo de sonido  Hall Simulator \/ Reverb: Hall Simulator 4. Modo de sonido Surround: 2. Chorus: 4. Brillantez. DSP: S\u00ed (Prestablecido para algunos tonos).<\/p>\n<\/div>\n<div style=\"font-weight: bold\">Canciones.<\/div>\n<div>\n<p>Biblioteca musical: 60. Funci\u00f3n de lecci\u00f3n: Parte ON\/OFF. Funci\u00f3n de lecci\u00f3n (parte seleccionada): Mano derecha o mano izquierda. Canciones demo: 1. Expansi\u00f3n de canciones (canciones de usuario): 10.<\/p>\n<\/div>\n<div style=\"font-weight: bold\">Caracter\u00edsticas adicionales.<\/div>\n<div>\n<p>Conexi\u00f3n a App: Chordana Play para Piano ver.2.4. Bluetooth: Wireless MIDI &amp; Adaptador de audio (WU-BT10) incluido. Bluetooth Version 5.0, Bluetooth Audio Profile: A2DP, Codec: SBC. Perfil Bluetooth MIDI: GATT (MIDI sobre Bluetooth\u00ae Low Energy). MIDI Recorder \/ Playback: 2 tracks (1 System track+1 track), 1 song. MIDI Recorder \/ Playback Capacidad: Aproximadamente 10,000 notas. Audio Recorder \/ Playback: M\u00e1x. 99 canciones, aproximadamente 25 min por canci\u00f3n. Modo de dueto. Cambio de octava: -2 octavas a 0 a +2 octavas. Metr\u00f3nomo: 0 a 9 beats; rango de tempo: 20 a 255. Pedales: Incluido: SP-3, unidad de 3 pedales opcional: SP-34 (damper, soft, sostenuto). Pedales Half-Damper Pedal: (Unidad opcional de 3 pedales). Transposici\u00f3n de teclas: -12 semitonos a 0 a +12 semitonos. Control de afinaci\u00f3n: A4 = 415.5 Hz a 440.0 Hz a 465.9 Hz. Afinaci\u00f3n de escala (temperamento): Temperamento igual + 16 variaciones. Bloqueo de operaci\u00f3n. Otros: Bot\u00f3n t\u00e1ctil: 6 (bot\u00f3n de selecci\u00f3n de tono: 1), Auto Power Off.<\/p>\n<\/div>\n<div style=\"font-weight: bold\">Midi.<\/div>\n<div>\n<p>Yes.<\/p>\n<\/div>\n<div style=\"font-weight: bold\">Conectividad y almacenamiento.<\/div>\n<div>\n<p>Salida de aud\u00edfonos: 2 (mini jack est\u00e9reo) Pedales: 1 (Damper). Conector para unidad de 3 pedales: S\u00ed (SP-34). Salida de l\u00ednea: 2 L\/MONO, R (Jack est\u00e1ndar). USB Tipo A: Wireless MIDI &amp; Adaptador de Audio. USB Tipo B.<\/p>\n<\/div>\n<div style=\"font-weight: bold\">Altavoces y amplificadores.<\/div>\n<div>\n<p>Tama\u00f1o de los altavoces: 2 altavoces ovalados de 16 cm \u00d7 8 cm. N\u00famero de altavoces: 2. Amplificadores: 8W + 8W.<\/p>\n<\/div>\n<div style=\"font-weight: bold\">Power supply.<\/div>\n<div>\n<p>Adaptador AC: AD-A12150LW. Unidad de bater\u00eda: 6 pilas AA. Duraci\u00f3n contin\u00faa de la bater\u00eda: Aproximadamente 4 horas.<\/p>\n<\/div>\n<div style=\"font-weight: bold\">Dimensions.<\/div>\n<div>\n<p>1,322 x 232 x 102 mm.<\/p>\n<\/div>\n<div style=\"font-weight: bold\">Weight.<\/div>\n<div>\n<p>11.2 kg.<\/p>\n<\/div>\n<div style=\"font-weight: bold\">Accessories included.<\/div>\n<div>\n<p>Wireless MIDI &amp; Adaptador de Audio (WU-BT10), Pedal (SP-3), Soporte de partituras, Adaptador AC (AD-A12150LW).<\/p>\n<\/div>\n<\/div>\n<\/div>","protected":false},"excerpt":{"rendered":"<p>Piano digital delgado y minimalista de 88 teclas con acci\u00f3n de martillo en escala, 5 niveles de sensibilidad, respuesta de martillo, polifon\u00eda m\u00e1xima: 192, tonos incorporados: 18, fuente de sonido Multi Dimensional Morphing AiR, simulador ac\u00fastico, efectos digitales: Hall Simulator \/ Reverb, modo de sonido Surround, chorus, brillantez y DSP prestablecido para algunos tonos, 60 canciones, funci\u00f3n de lecci\u00f3n, 1 canci\u00f3n demo, 10 canciones de usuario, conexi\u00f3n a App Chordana Play, Wireless MIDI, Bluetooth 5.0, grabaci\u00f3n y reproducci\u00f3n MIDI, grabaci\u00f3n y reproducci\u00f3n de audio (99 canciones), modo de dueto, cambio de octava, metr\u00f3nomo, transposici\u00f3n de teclas, control de afinaci\u00f3n, bloqueo de operaci\u00f3n, bot\u00f3n t\u00e1ctil, dos salidas de aud\u00edfonos, conector para unidad de 3 pedales (pedal no incluido), USB Tipo A y USB Tipo B, 2 altavoces ovalados de 16 cm \u00d7 8 cm, amplificadores de 8W + 8W, fuente de alimentaci\u00f3n: Adaptador AC: AD-A12150LW o 6 pilas AA, dimensiones: 1,322 x 232 x 102 mm, peso: 11.2 kg, incluye Wireless MIDI y adaptador de audio, Pedal SP-3, soporte de partituras y adaptadora AC.&hellip; <a class=\"kt-excerpt-readmore more-link\" href=\"https:\/\/www.mexicanguitarplayers.com\/en\/tienda\/teclas\/pianos\/pianos-digitales\/piano-casio-digital-px-s1100rd\/\">Read more<\/a><\/p>","protected":false},"featured_media":24917,"comment_status":"open","ping_status":"closed","template":"","meta":{"kt_blocks_editor_width":""},"pwb-brand":[274],"product_brand":[],"product_cat":[377,378,376],"product_tag":[],"class_list":{"0":"post-24920","1":"product","2":"type-product","3":"status-publish","4":"has-post-thumbnail","6":"pwb-brand-casio","7":"product_cat-pianos","8":"product_cat-pianos-digitales","9":"product_cat-teclas","10":"product_shipping_class-15-20-kg","12":"first","13":"instock","14":"taxable","15":"shipping-taxable","16":"purchasable","17":"product-type-simple"},"yoast_head":"<!-- This site is optimized with the Yoast SEO plugin v27.3 - https:\/\/yoast.com\/product\/yoast-seo-wordpress\/ -->\n<title>PIANO CASIO DIGITAL    PX-S1100RD - Mexican Guitar Players<\/title>\n<meta name=\"description\" content=\"Piano digital delgado y minimalista de 88 teclas con acci\u00f3n de martillo en escala, 5 niveles de sensibilidad, respuesta de martillo, polifon\u00eda m\u00e1xima: 192, tonos incorporados: 18, fuente de sonido Multi Dimensional Morphing AiR, simulador ac\u00fastico, efectos digitales: Hall Simulator \/ Reverb, modo de sonido Surround, chorus, brillantez y DSP prestablecido para algunos tonos, 60 canciones, funci\u00f3n de lecci\u00f3n, 1 canci\u00f3n demo, 10 canciones de usuario, conexi\u00f3n a App Chordana Play, Wireless MIDI, Bluetooth 5.0, grabaci\u00f3n y reproducci\u00f3n MIDI, grabaci\u00f3n y reproducci\u00f3n de audio (99 canciones), modo de dueto, cambio de octava, metr\u00f3nomo, transposici\u00f3n de teclas, control de afinaci\u00f3n, bloqueo de operaci\u00f3n, bot\u00f3n t\u00e1ctil, dos salidas de aud\u00edfonos, conector para unidad de 3 pedales (pedal no incluido), USB Tipo A y USB Tipo B, 2 altavoces ovalados de 16 cm \u00d7 8 cm, amplificadores de 8W + 8W, fuente de alimentaci\u00f3n: Adaptador AC: AD-A12150LW o 6 pilas AA, dimensiones: 1,322 x 232 x 102 mm, peso: 11.2 kg, incluye Wireless MIDI y adaptador de audio, Pedal SP-3, soporte de partituras y adaptadora AC.\" \/>\n<meta name=\"robots\" content=\"index, follow, max-snippet:-1, max-image-preview:large, max-video-preview:-1\" \/>\n<link rel=\"canonical\" href=\"https:\/\/www.mexicanguitarplayers.com\/en\/tienda\/sin%20categor\u00eda\/piano-casio-digital-px-s1100rd\/\" \/>\n<meta property=\"og:locale\" content=\"en_US\" \/>\n<meta property=\"og:type\" content=\"article\" \/>\n<meta property=\"og:title\" content=\"PIANO CASIO DIGITAL    PX-S1100RD - Mexican Guitar Players\" \/>\n<meta property=\"og:description\" content=\"Piano digital delgado y minimalista de 88 teclas con acci\u00f3n de martillo en escala, 5 niveles de sensibilidad, respuesta de martillo, polifon\u00eda m\u00e1xima: 192, tonos incorporados: 18, fuente de sonido Multi Dimensional Morphing AiR, simulador ac\u00fastico, efectos digitales: Hall Simulator \/ Reverb, modo de sonido Surround, chorus, brillantez y DSP prestablecido para algunos tonos, 60 canciones, funci\u00f3n de lecci\u00f3n, 1 canci\u00f3n demo, 10 canciones de usuario, conexi\u00f3n a App Chordana Play, Wireless MIDI, Bluetooth 5.0, grabaci\u00f3n y reproducci\u00f3n MIDI, grabaci\u00f3n y reproducci\u00f3n de audio (99 canciones), modo de dueto, cambio de octava, metr\u00f3nomo, transposici\u00f3n de teclas, control de afinaci\u00f3n, bloqueo de operaci\u00f3n, bot\u00f3n t\u00e1ctil, dos salidas de aud\u00edfonos, conector para unidad de 3 pedales (pedal no incluido), USB Tipo A y USB Tipo B, 2 altavoces ovalados de 16 cm \u00d7 8 cm, amplificadores de 8W + 8W, fuente de alimentaci\u00f3n: Adaptador AC: AD-A12150LW o 6 pilas AA, dimensiones: 1,322 x 232 x 102 mm, peso: 11.2 kg, incluye Wireless MIDI y adaptador de audio, Pedal SP-3, soporte de partituras y adaptadora AC.\" \/>\n<meta property=\"og:url\" content=\"https:\/\/www.mexicanguitarplayers.com\/en\/tienda\/sin categor\u00eda\/piano-casio-digital-px-s1100rd\/\" \/>\n<meta property=\"og:site_name\" content=\"Mexican Guitar Players\" \/>\n<meta property=\"article:modified_time\" content=\"2026-04-01T10:15:41+00:00\" \/>\n<meta name=\"twitter:card\" content=\"summary_large_image\" \/>\n<meta name=\"twitter:label1\" content=\"Est. reading time\" \/>\n\t<meta name=\"twitter:data1\" content=\"5 minutes\" \/>\n<script type=\"application\/ld+json\" class=\"yoast-schema-graph\">{\"@context\":\"https:\\\/\\\/schema.org\",\"@graph\":[{\"@type\":[\"WebPage\",\"ItemPage\"],\"@id\":\"https:\\\/\\\/www.mexicanguitarplayers.com\\\/tienda\\\/sin categor\u00eda\\\/piano-casio-digital-px-s1100rd\\\/\",\"url\":\"https:\\\/\\\/www.mexicanguitarplayers.com\\\/tienda\\\/sin categor\u00eda\\\/piano-casio-digital-px-s1100rd\\\/\",\"name\":\"PIANO CASIO DIGITAL PX-S1100RD - Mexican Guitar Players\",\"isPartOf\":{\"@id\":\"https:\\\/\\\/www.mexicanguitarplayers.com\\\/#website\"},\"primaryImageOfPage\":{\"@id\":\"https:\\\/\\\/www.mexicanguitarplayers.com\\\/tienda\\\/sin categor\u00eda\\\/piano-casio-digital-px-s1100rd\\\/#primaryimage\"},\"image\":{\"@id\":\"https:\\\/\\\/www.mexicanguitarplayers.com\\\/tienda\\\/sin categor\u00eda\\\/piano-casio-digital-px-s1100rd\\\/#primaryimage\"},\"thumbnailUrl\":\"https:\\\/\\\/www.mexicanguitarplayers.com\\\/wp-content\\\/uploads\\\/2025\\\/04\\\/ITCASPXS1100RD.jpg\",\"datePublished\":\"2025-04-06T21:13:33+00:00\",\"dateModified\":\"2026-04-01T10:15:41+00:00\",\"description\":\"Piano digital delgado y minimalista de 88 teclas con acci\u00f3n de martillo en escala, 5 niveles de sensibilidad, respuesta de martillo, polifon\u00eda m\u00e1xima: 192, tonos incorporados: 18, fuente de sonido Multi Dimensional Morphing AiR, simulador ac\u00fastico, efectos digitales: Hall Simulator \\\/ Reverb, modo de sonido Surround, chorus, brillantez y DSP prestablecido para algunos tonos, 60 canciones, funci\u00f3n de lecci\u00f3n, 1 canci\u00f3n demo, 10 canciones de usuario, conexi\u00f3n a App Chordana Play, Wireless MIDI, Bluetooth 5.0, grabaci\u00f3n y reproducci\u00f3n MIDI, grabaci\u00f3n y reproducci\u00f3n de audio (99 canciones), modo de dueto, cambio de octava, metr\u00f3nomo, transposici\u00f3n de teclas, control de afinaci\u00f3n, bloqueo de operaci\u00f3n, bot\u00f3n t\u00e1ctil, dos salidas de aud\u00edfonos, conector para unidad de 3 pedales (pedal no incluido), USB Tipo A y USB Tipo B, 2 altavoces ovalados de 16 cm \u00d7 8 cm, amplificadores de 8W + 8W, fuente de alimentaci\u00f3n: Adaptador AC: AD-A12150LW o 6 pilas AA, dimensiones: 1,322 x 232 x 102 mm, peso: 11.2 kg, incluye Wireless MIDI y adaptador de audio, Pedal SP-3, soporte de partituras y adaptadora AC.\",\"breadcrumb\":{\"@id\":\"https:\\\/\\\/www.mexicanguitarplayers.com\\\/tienda\\\/sin categor\u00eda\\\/piano-casio-digital-px-s1100rd\\\/#breadcrumb\"},\"inLanguage\":\"en-US\",\"potentialAction\":[{\"@type\":\"ReadAction\",\"target\":[\"https:\\\/\\\/www.mexicanguitarplayers.com\\\/tienda\\\/sin categor\u00eda\\\/piano-casio-digital-px-s1100rd\\\/\"]}]},{\"@type\":\"ImageObject\",\"inLanguage\":\"en-US\",\"@id\":\"https:\\\/\\\/www.mexicanguitarplayers.com\\\/tienda\\\/sin categor\u00eda\\\/piano-casio-digital-px-s1100rd\\\/#primaryimage\",\"url\":\"https:\\\/\\\/www.mexicanguitarplayers.com\\\/wp-content\\\/uploads\\\/2025\\\/04\\\/ITCASPXS1100RD.jpg\",\"contentUrl\":\"https:\\\/\\\/www.mexicanguitarplayers.com\\\/wp-content\\\/uploads\\\/2025\\\/04\\\/ITCASPXS1100RD.jpg\",\"width\":1600,\"height\":800},{\"@type\":\"BreadcrumbList\",\"@id\":\"https:\\\/\\\/www.mexicanguitarplayers.com\\\/tienda\\\/sin categor\u00eda\\\/piano-casio-digital-px-s1100rd\\\/#breadcrumb\",\"itemListElement\":[{\"@type\":\"ListItem\",\"position\":1,\"name\":\"Portada\",\"item\":\"https:\\\/\\\/www.mexicanguitarplayers.com\\\/\"},{\"@type\":\"ListItem\",\"position\":2,\"name\":\"Tienda\",\"item\":\"https:\\\/\\\/www.mexicanguitarplayers.com\\\/tienda\\\/\"},{\"@type\":\"ListItem\",\"position\":3,\"name\":\"PIANO CASIO DIGITAL PX-S1100RD\"}]},{\"@type\":\"WebSite\",\"@id\":\"https:\\\/\\\/www.mexicanguitarplayers.com\\\/#website\",\"url\":\"https:\\\/\\\/www.mexicanguitarplayers.com\\\/\",\"name\":\"Mexican Guitar Players\",\"description\":\"Website\",\"publisher\":{\"@id\":\"https:\\\/\\\/www.mexicanguitarplayers.com\\\/#organization\"},\"potentialAction\":[{\"@type\":\"SearchAction\",\"target\":{\"@type\":\"EntryPoint\",\"urlTemplate\":\"https:\\\/\\\/www.mexicanguitarplayers.com\\\/?s={search_term_string}\"},\"query-input\":{\"@type\":\"PropertyValueSpecification\",\"valueRequired\":true,\"valueName\":\"search_term_string\"}}],\"inLanguage\":\"en-US\"},{\"@type\":\"Organization\",\"@id\":\"https:\\\/\\\/www.mexicanguitarplayers.com\\\/#organization\",\"name\":\"Mexican Guitar Players\",\"url\":\"https:\\\/\\\/www.mexicanguitarplayers.com\\\/\",\"logo\":{\"@type\":\"ImageObject\",\"inLanguage\":\"en-US\",\"@id\":\"https:\\\/\\\/www.mexicanguitarplayers.com\\\/#\\\/schema\\\/logo\\\/image\\\/\",\"url\":\"\",\"contentUrl\":\"\",\"caption\":\"Mexican Guitar Players\"},\"image\":{\"@id\":\"https:\\\/\\\/www.mexicanguitarplayers.com\\\/#\\\/schema\\\/logo\\\/image\\\/\"}}]}<\/script>\n<!-- \/ Yoast SEO plugin. -->","yoast_head_json":{"title":"PIANO CASIO DIGITAL    PX-S1100RD - Mexican Guitar Players","description":"Piano digital delgado y minimalista de 88 teclas con acci\u00f3n de martillo en escala, 5 niveles de sensibilidad, respuesta de martillo, polifon\u00eda m\u00e1xima: 192, tonos incorporados: 18, fuente de sonido Multi Dimensional Morphing AiR, simulador ac\u00fastico, efectos digitales: Hall Simulator \/ Reverb, modo de sonido Surround, chorus, brillantez y DSP prestablecido para algunos tonos, 60 canciones, funci\u00f3n de lecci\u00f3n, 1 canci\u00f3n demo, 10 canciones de usuario, conexi\u00f3n a App Chordana Play, Wireless MIDI, Bluetooth 5.0, grabaci\u00f3n y reproducci\u00f3n MIDI, grabaci\u00f3n y reproducci\u00f3n de audio (99 canciones), modo de dueto, cambio de octava, metr\u00f3nomo, transposici\u00f3n de teclas, control de afinaci\u00f3n, bloqueo de operaci\u00f3n, bot\u00f3n t\u00e1ctil, dos salidas de aud\u00edfonos, conector para unidad de 3 pedales (pedal no incluido), USB Tipo A y USB Tipo B, 2 altavoces ovalados de 16 cm \u00d7 8 cm, amplificadores de 8W + 8W, fuente de alimentaci\u00f3n: Adaptador AC: AD-A12150LW o 6 pilas AA, dimensiones: 1,322 x 232 x 102 mm, peso: 11.2 kg, incluye Wireless MIDI y adaptador de audio, Pedal SP-3, soporte de partituras y adaptadora AC.","robots":{"index":"index","follow":"follow","max-snippet":"max-snippet:-1","max-image-preview":"max-image-preview:large","max-video-preview":"max-video-preview:-1"},"canonical":"https:\/\/www.mexicanguitarplayers.com\/en\/tienda\/sin categor\u00eda\/piano-casio-digital-px-s1100rd\/","og_locale":"en_US","og_type":"article","og_title":"PIANO CASIO DIGITAL    PX-S1100RD - Mexican Guitar Players","og_description":"Piano digital delgado y minimalista de 88 teclas con acci\u00f3n de martillo en escala, 5 niveles de sensibilidad, respuesta de martillo, polifon\u00eda m\u00e1xima: 192, tonos incorporados: 18, fuente de sonido Multi Dimensional Morphing AiR, simulador ac\u00fastico, efectos digitales: Hall Simulator \/ Reverb, modo de sonido Surround, chorus, brillantez y DSP prestablecido para algunos tonos, 60 canciones, funci\u00f3n de lecci\u00f3n, 1 canci\u00f3n demo, 10 canciones de usuario, conexi\u00f3n a App Chordana Play, Wireless MIDI, Bluetooth 5.0, grabaci\u00f3n y reproducci\u00f3n MIDI, grabaci\u00f3n y reproducci\u00f3n de audio (99 canciones), modo de dueto, cambio de octava, metr\u00f3nomo, transposici\u00f3n de teclas, control de afinaci\u00f3n, bloqueo de operaci\u00f3n, bot\u00f3n t\u00e1ctil, dos salidas de aud\u00edfonos, conector para unidad de 3 pedales (pedal no incluido), USB Tipo A y USB Tipo B, 2 altavoces ovalados de 16 cm \u00d7 8 cm, amplificadores de 8W + 8W, fuente de alimentaci\u00f3n: Adaptador AC: AD-A12150LW o 6 pilas AA, dimensiones: 1,322 x 232 x 102 mm, peso: 11.2 kg, incluye Wireless MIDI y adaptador de audio, Pedal SP-3, soporte de partituras y adaptadora AC.","og_url":"https:\/\/www.mexicanguitarplayers.com\/en\/tienda\/sin categor\u00eda\/piano-casio-digital-px-s1100rd\/","og_site_name":"Mexican Guitar Players","article_modified_time":"2026-04-01T10:15:41+00:00","twitter_card":"summary_large_image","twitter_misc":{"Est. reading time":"5 minutes"},"schema":{"@context":"https:\/\/schema.org","@graph":[{"@type":["WebPage","ItemPage"],"@id":"https:\/\/www.mexicanguitarplayers.com\/tienda\/sin categor\u00eda\/piano-casio-digital-px-s1100rd\/","url":"https:\/\/www.mexicanguitarplayers.com\/tienda\/sin categor\u00eda\/piano-casio-digital-px-s1100rd\/","name":"PIANO CASIO DIGITAL PX-S1100RD - Mexican Guitar Players","isPartOf":{"@id":"https:\/\/www.mexicanguitarplayers.com\/#website"},"primaryImageOfPage":{"@id":"https:\/\/www.mexicanguitarplayers.com\/tienda\/sin categor\u00eda\/piano-casio-digital-px-s1100rd\/#primaryimage"},"image":{"@id":"https:\/\/www.mexicanguitarplayers.com\/tienda\/sin categor\u00eda\/piano-casio-digital-px-s1100rd\/#primaryimage"},"thumbnailUrl":"https:\/\/www.mexicanguitarplayers.com\/wp-content\/uploads\/2025\/04\/ITCASPXS1100RD.jpg","datePublished":"2025-04-06T21:13:33+00:00","dateModified":"2026-04-01T10:15:41+00:00","description":"Piano digital delgado y minimalista de 88 teclas con acci\u00f3n de martillo en escala, 5 niveles de sensibilidad, respuesta de martillo, polifon\u00eda m\u00e1xima: 192, tonos incorporados: 18, fuente de sonido Multi Dimensional Morphing AiR, simulador ac\u00fastico, efectos digitales: Hall Simulator \/ Reverb, modo de sonido Surround, chorus, brillantez y DSP prestablecido para algunos tonos, 60 canciones, funci\u00f3n de lecci\u00f3n, 1 canci\u00f3n demo, 10 canciones de usuario, conexi\u00f3n a App Chordana Play, Wireless MIDI, Bluetooth 5.0, grabaci\u00f3n y reproducci\u00f3n MIDI, grabaci\u00f3n y reproducci\u00f3n de audio (99 canciones), modo de dueto, cambio de octava, metr\u00f3nomo, transposici\u00f3n de teclas, control de afinaci\u00f3n, bloqueo de operaci\u00f3n, bot\u00f3n t\u00e1ctil, dos salidas de aud\u00edfonos, conector para unidad de 3 pedales (pedal no incluido), USB Tipo A y USB Tipo B, 2 altavoces ovalados de 16 cm \u00d7 8 cm, amplificadores de 8W + 8W, fuente de alimentaci\u00f3n: Adaptador AC: AD-A12150LW o 6 pilas AA, dimensiones: 1,322 x 232 x 102 mm, peso: 11.2 kg, incluye Wireless MIDI y adaptador de audio, Pedal SP-3, soporte de partituras y adaptadora AC.","breadcrumb":{"@id":"https:\/\/www.mexicanguitarplayers.com\/tienda\/sin categor\u00eda\/piano-casio-digital-px-s1100rd\/#breadcrumb"},"inLanguage":"en-US","potentialAction":[{"@type":"ReadAction","target":["https:\/\/www.mexicanguitarplayers.com\/tienda\/sin categor\u00eda\/piano-casio-digital-px-s1100rd\/"]}]},{"@type":"ImageObject","inLanguage":"en-US","@id":"https:\/\/www.mexicanguitarplayers.com\/tienda\/sin categor\u00eda\/piano-casio-digital-px-s1100rd\/#primaryimage","url":"https:\/\/www.mexicanguitarplayers.com\/wp-content\/uploads\/2025\/04\/ITCASPXS1100RD.jpg","contentUrl":"https:\/\/www.mexicanguitarplayers.com\/wp-content\/uploads\/2025\/04\/ITCASPXS1100RD.jpg","width":1600,"height":800},{"@type":"BreadcrumbList","@id":"https:\/\/www.mexicanguitarplayers.com\/tienda\/sin categor\u00eda\/piano-casio-digital-px-s1100rd\/#breadcrumb","itemListElement":[{"@type":"ListItem","position":1,"name":"Portada","item":"https:\/\/www.mexicanguitarplayers.com\/"},{"@type":"ListItem","position":2,"name":"Tienda","item":"https:\/\/www.mexicanguitarplayers.com\/tienda\/"},{"@type":"ListItem","position":3,"name":"PIANO CASIO DIGITAL PX-S1100RD"}]},{"@type":"WebSite","@id":"https:\/\/www.mexicanguitarplayers.com\/#website","url":"https:\/\/www.mexicanguitarplayers.com\/","name":"Mexican Guitar Players","description":"Website","publisher":{"@id":"https:\/\/www.mexicanguitarplayers.com\/#organization"},"potentialAction":[{"@type":"SearchAction","target":{"@type":"EntryPoint","urlTemplate":"https:\/\/www.mexicanguitarplayers.com\/?s={search_term_string}"},"query-input":{"@type":"PropertyValueSpecification","valueRequired":true,"valueName":"search_term_string"}}],"inLanguage":"en-US"},{"@type":"Organization","@id":"https:\/\/www.mexicanguitarplayers.com\/#organization","name":"Mexican Guitar Players","url":"https:\/\/www.mexicanguitarplayers.com\/","logo":{"@type":"ImageObject","inLanguage":"en-US","@id":"https:\/\/www.mexicanguitarplayers.com\/#\/schema\/logo\/image\/","url":"","contentUrl":"","caption":"Mexican Guitar Players"},"image":{"@id":"https:\/\/www.mexicanguitarplayers.com\/#\/schema\/logo\/image\/"}}]}},"brands":[{"id":274,"name":"CASIO","slug":"casio"}],"_links":{"self":[{"href":"https:\/\/www.mexicanguitarplayers.com\/en\/wp-json\/wp\/v2\/product\/24920","targetHints":{"allow":["GET"]}}],"collection":[{"href":"https:\/\/www.mexicanguitarplayers.com\/en\/wp-json\/wp\/v2\/product"}],"about":[{"href":"https:\/\/www.mexicanguitarplayers.com\/en\/wp-json\/wp\/v2\/types\/product"}],"replies":[{"embeddable":true,"href":"https:\/\/www.mexicanguitarplayers.com\/en\/wp-json\/wp\/v2\/comments?post=24920"}],"wp:featuredmedia":[{"embeddable":true,"href":"https:\/\/www.mexicanguitarplayers.com\/en\/wp-json\/wp\/v2\/media\/24917"}],"wp:attachment":[{"href":"https:\/\/www.mexicanguitarplayers.com\/en\/wp-json\/wp\/v2\/media?parent=24920"}],"wp:term":[{"taxonomy":"pwb-brand","embeddable":true,"href":"https:\/\/www.mexicanguitarplayers.com\/en\/wp-json\/wp\/v2\/pwb-brand?post=24920"},{"taxonomy":"product_brand","embeddable":true,"href":"https:\/\/www.mexicanguitarplayers.com\/en\/wp-json\/wp\/v2\/product_brand?post=24920"},{"taxonomy":"product_cat","embeddable":true,"href":"https:\/\/www.mexicanguitarplayers.com\/en\/wp-json\/wp\/v2\/product_cat?post=24920"},{"taxonomy":"product_tag","embeddable":true,"href":"https:\/\/www.mexicanguitarplayers.com\/en\/wp-json\/wp\/v2\/product_tag?post=24920"}],"curies":[{"name":"wp","href":"https:\/\/api.w.org\/{rel}","templated":true}]}}