{"id":24931,"date":"2025-04-06T15:14:18","date_gmt":"2025-04-06T21:14:18","guid":{"rendered":"https:\/\/www.mexicanguitarplayers.com\/tienda\/sin categor\u00eda\/interfaz-boya-mod-by-am1\/"},"modified":"2025-04-28T13:15:27","modified_gmt":"2025-04-28T19:15:27","slug":"interfaz-boya-mod-by-am1","status":"publish","type":"product","link":"https:\/\/www.mexicanguitarplayers.com\/en\/tienda\/audio\/interfaces\/interfaz-boya-mod-by-am1\/","title":{"rendered":"INTERFAZ BOYA MOD. BY-AM1"},"content":{"rendered":"<div style=\"text-align: justify\">\n<div>\n<h3>Una gran interfaz para tus micr\u00f3fonos.<\/h3>\n<\/div>\n<div>El BY-AM1 es una mezcladora de audio de dos canales que te proporciona una soluci\u00f3n de mezcla de audio compacta para dispositivos de entrada de l\u00ednea de 6.35 mm o cualquier micr\u00f3fono XLR, lo que te permite montar y controlar f\u00e1cilmente los dispositivos de entrada y transmisor tu se\u00f1al a la salida de la computadora. Gracias a las entradas combo de 6.35\/XLR incorporadas, es conveniente adaptar la se\u00f1al  directamente desde micr\u00f3fonos XLR o instrumentos el\u00e9ctricos como guitarra o bajo. Puede admitir audio con tasas de muestreo de 44.1 kHz a 192 kHz sin ning\u00fan compromiso cuando se conecta a dispositivos de entrada de instrumentos y micr\u00f3fonos XLR. Gracias al conector de monitor de aud\u00edfonos de 6.35 mm y al adaptador de audio de 6.35 mm a 3.5 mm suministrado, puedes escuchar tu se\u00f1al de entrada en vivo sin eco o latencia que distraiga por medio de los aud\u00edfonos. Puedes proporcionar alimentaci\u00f3n phantom de 48V para micr\u00f3fono XLR pasivo. El tornillo de montaje incorporado de 1\/4&#8243; en la base, se puede conectar al tr\u00edpode y otros accesorios.<\/div>\n<div>\n<h4>Quick look<\/h4>\n<\/div>\n<ul style=\"margin: 0px 0px 0px 25px\">\n<li style=\"list-style-type: circle;margin: 5px\">Entradas de micr\u00f3fono.<\/li>\n<li style=\"list-style-type: circle;margin: 5px\">Entradas de l\u00ednea.<\/li>\n<li style=\"list-style-type: circle;margin: 5px\">Entradas de instrumento.<\/li>\n<li style=\"list-style-type: circle;margin: 5px\">Headphone output.<\/li>\n<li style=\"list-style-type: circle;margin: 5px\">Salida de l\u00ednea \/ monitores.<\/li>\n<li style=\"list-style-type: circle;margin: 5px\">Energy.<\/li>\n<li style=\"list-style-type: circle;margin: 5px\">Dimensions.<\/li>\n<li style=\"list-style-type: circle;margin: 5px\">Weight.<\/li>\n<\/ul>\n<div>\n<div style=\"font-weight: bold\">Entradas de micr\u00f3fono.<\/div>\n<div>\n<p>Respuesta de frecuencia: 20 Hz &#8211; 20 kHz \u00b10.1 dB. Nivel de entrada m\u00e1ximo: 9 dBu (a ganancia m\u00ednima).<\/p>\n<\/div>\n<div style=\"font-weight: bold\">Entradas de l\u00ednea.<\/div>\n<div>\n<p>Entradas de l\u00ednea<\/p>\n<\/div>\n<div style=\"font-weight: bold\">Entradas de instrumento.<\/div>\n<div>\n<p>Respuesta de frecuencia: 20 Hz &#8211; 20 kHz \u00b10.1 dB. Nivel de entrada m\u00e1ximo: 8 dBu (a ganancia m\u00ednima).<\/p>\n<\/div>\n<div style=\"font-weight: bold\">Headphone output.<\/div>\n<div>\n<p>Respuesta de frecuencia: 75 dB. Distorsi\u00f3n arm\u00f3nica total: &lt;0.01%. Relaci\u00f3n se\u00f1al a ruido: 6 dBu. Nivel de entrada m\u00e1ximo: &lt;10 ohms. Tasas de muestreo: 44.1 kHz, 48 kHz, 88.2 kHz, 96 kHz, 176.4 kHz, 192 kHz. Conexi\u00f3n USB: USB 2.0 (conector USB-B).<\/p>\n<\/div>\n<div style=\"font-weight: bold\">Salida de l\u00ednea \/ monitores.<\/div>\n<div>\n<p>Respuesta de frecuencia: 80 dBU. Distorsi\u00f3n arm\u00f3nica total: &lt;0.01%. Relaci\u00f3n se\u00f1al a ruido: 10 dBu. Nivel de entrada m\u00e1ximo: 470 ohms.<\/p>\n<\/div>\n<div style=\"font-weight: bold\">Energy.<\/div>\n<div>\n<p>Alimentado por medio de la computadora. Fuente de alimentaci\u00f3n: Alimentaci\u00f3n phantom de 48V.<\/p>\n<\/div>\n<div style=\"font-weight: bold\">Dimensions.<\/div>\n<div>\n<p>160 x 105 x 41.5 mm.<\/p>\n<\/div>\n<div style=\"font-weight: bold\">Weight.<\/div>\n<div>\n<p>408.5 g.<\/p>\n<\/div>\n<\/div>\n<\/div>","protected":false},"excerpt":{"rendered":"<p>Mezcladora de audio de dos canales para micr\u00f3fonos XLR din\u00e1micos o de condensador, de nivel de l\u00ednea o se\u00f1ales de instrumentos, compatible con computadoras, laptops y bafles, monitor de aud\u00edfonos sin latencia, entradas combo de 6.35 mm a XLR, salidas de audio de 6.35 mm, conexi\u00f3n USB 2.0, alimentaci\u00f3n phantom de 48V por medio de la entrada XLR, orificio roscado de 1\/4\u201d para montaje en tr\u00edpode, incluye cable USB-A a USB-B de 2 metros y adaptador de audio TRRS de 6.35 mm a 3.5 mm, dimensiones: 160 x 105 x 41.5 mm, peso: 408.5 g.&hellip; <a class=\"kt-excerpt-readmore more-link\" href=\"https:\/\/www.mexicanguitarplayers.com\/en\/tienda\/audio\/interfaces\/interfaz-boya-mod-by-am1\/\">Read more<\/a><\/p>","protected":false},"featured_media":24921,"comment_status":"open","ping_status":"closed","template":"","meta":{"kt_blocks_editor_width":""},"pwb-brand":[228],"product_brand":[],"product_cat":[213,233],"product_tag":[],"class_list":{"0":"post-24931","1":"product","2":"type-product","3":"status-publish","4":"has-post-thumbnail","6":"pwb-brand-boya","7":"product_cat-audio","8":"product_cat-interfaces","9":"product_shipping_class-0-5-kg","11":"first","12":"outofstock","13":"taxable","14":"shipping-taxable","15":"purchasable","16":"product-type-simple"},"yoast_head":"<!-- This site is optimized with the Yoast SEO plugin v27.6 - https:\/\/yoast.com\/product\/yoast-seo-wordpress\/ -->\n<title>INTERFAZ BOYA MOD. BY-AM1 - Mexican Guitar Players<\/title>\n<meta name=\"description\" content=\"Mezcladora de audio de dos canales para micr\u00f3fonos XLR din\u00e1micos o de condensador, de nivel de l\u00ednea o se\u00f1ales de instrumentos, compatible con computadoras, laptops y bafles, monitor de aud\u00edfonos sin latencia, entradas combo de 6.35 mm a XLR, salidas de audio de 6.35 mm, conexi\u00f3n USB 2.0, alimentaci\u00f3n phantom de 48V por medio de la entrada XLR, orificio roscado de 1\/4\u201d para montaje en tr\u00edpode, incluye cable USB-A a USB-B de 2 metros y adaptador de audio TRRS de 6.35 mm a 3.5 mm, dimensiones: 160 x 105 x 41.5 mm, peso: 408.5 g.\" \/>\n<meta name=\"robots\" content=\"index, follow, max-snippet:-1, max-image-preview:large, max-video-preview:-1\" \/>\n<link rel=\"canonical\" href=\"https:\/\/www.mexicanguitarplayers.com\/en\/tienda\/sin%20categor\u00eda\/interfaz-boya-mod-by-am1\/\" \/>\n<meta property=\"og:locale\" content=\"en_US\" \/>\n<meta property=\"og:type\" content=\"article\" \/>\n<meta property=\"og:title\" content=\"INTERFAZ BOYA MOD. BY-AM1 - Mexican Guitar Players\" \/>\n<meta property=\"og:description\" content=\"Mezcladora de audio de dos canales para micr\u00f3fonos XLR din\u00e1micos o de condensador, de nivel de l\u00ednea o se\u00f1ales de instrumentos, compatible con computadoras, laptops y bafles, monitor de aud\u00edfonos sin latencia, entradas combo de 6.35 mm a XLR, salidas de audio de 6.35 mm, conexi\u00f3n USB 2.0, alimentaci\u00f3n phantom de 48V por medio de la entrada XLR, orificio roscado de 1\/4\u201d para montaje en tr\u00edpode, incluye cable USB-A a USB-B de 2 metros y adaptador de audio TRRS de 6.35 mm a 3.5 mm, dimensiones: 160 x 105 x 41.5 mm, peso: 408.5 g.\" \/>\n<meta property=\"og:url\" content=\"https:\/\/www.mexicanguitarplayers.com\/en\/tienda\/sin categor\u00eda\/interfaz-boya-mod-by-am1\/\" \/>\n<meta property=\"og:site_name\" content=\"Mexican Guitar Players\" \/>\n<meta property=\"article:modified_time\" content=\"2025-04-28T19:15:27+00:00\" \/>\n<meta name=\"twitter:card\" content=\"summary_large_image\" \/>\n<meta name=\"twitter:label1\" content=\"Est. reading time\" \/>\n\t<meta name=\"twitter:data1\" content=\"2 minutes\" \/>\n<script type=\"application\/ld+json\" class=\"yoast-schema-graph\">{\"@context\":\"https:\\\/\\\/schema.org\",\"@graph\":[{\"@type\":[\"WebPage\",\"ItemPage\"],\"@id\":\"https:\\\/\\\/www.mexicanguitarplayers.com\\\/tienda\\\/sin categor\u00eda\\\/interfaz-boya-mod-by-am1\\\/\",\"url\":\"https:\\\/\\\/www.mexicanguitarplayers.com\\\/tienda\\\/sin categor\u00eda\\\/interfaz-boya-mod-by-am1\\\/\",\"name\":\"INTERFAZ BOYA MOD. BY-AM1 - Mexican Guitar Players\",\"isPartOf\":{\"@id\":\"https:\\\/\\\/www.mexicanguitarplayers.com\\\/#website\"},\"primaryImageOfPage\":{\"@id\":\"https:\\\/\\\/www.mexicanguitarplayers.com\\\/tienda\\\/sin categor\u00eda\\\/interfaz-boya-mod-by-am1\\\/#primaryimage\"},\"image\":{\"@id\":\"https:\\\/\\\/www.mexicanguitarplayers.com\\\/tienda\\\/sin categor\u00eda\\\/interfaz-boya-mod-by-am1\\\/#primaryimage\"},\"thumbnailUrl\":\"https:\\\/\\\/www.mexicanguitarplayers.com\\\/wp-content\\\/uploads\\\/2025\\\/04\\\/IABOYBYAM1.jpg\",\"datePublished\":\"2025-04-06T21:14:18+00:00\",\"dateModified\":\"2025-04-28T19:15:27+00:00\",\"description\":\"Mezcladora de audio de dos canales para micr\u00f3fonos XLR din\u00e1micos o de condensador, de nivel de l\u00ednea o se\u00f1ales de instrumentos, compatible con computadoras, laptops y bafles, monitor de aud\u00edfonos sin latencia, entradas combo de 6.35 mm a XLR, salidas de audio de 6.35 mm, conexi\u00f3n USB 2.0, alimentaci\u00f3n phantom de 48V por medio de la entrada XLR, orificio roscado de 1\\\/4\u201d para montaje en tr\u00edpode, incluye cable USB-A a USB-B de 2 metros y adaptador de audio TRRS de 6.35 mm a 3.5 mm, dimensiones: 160 x 105 x 41.5 mm, peso: 408.5 g.\",\"breadcrumb\":{\"@id\":\"https:\\\/\\\/www.mexicanguitarplayers.com\\\/tienda\\\/sin categor\u00eda\\\/interfaz-boya-mod-by-am1\\\/#breadcrumb\"},\"inLanguage\":\"en-US\",\"potentialAction\":[{\"@type\":\"ReadAction\",\"target\":[\"https:\\\/\\\/www.mexicanguitarplayers.com\\\/tienda\\\/sin categor\u00eda\\\/interfaz-boya-mod-by-am1\\\/\"]}]},{\"@type\":\"ImageObject\",\"inLanguage\":\"en-US\",\"@id\":\"https:\\\/\\\/www.mexicanguitarplayers.com\\\/tienda\\\/sin categor\u00eda\\\/interfaz-boya-mod-by-am1\\\/#primaryimage\",\"url\":\"https:\\\/\\\/www.mexicanguitarplayers.com\\\/wp-content\\\/uploads\\\/2025\\\/04\\\/IABOYBYAM1.jpg\",\"contentUrl\":\"https:\\\/\\\/www.mexicanguitarplayers.com\\\/wp-content\\\/uploads\\\/2025\\\/04\\\/IABOYBYAM1.jpg\",\"width\":1600,\"height\":800},{\"@type\":\"BreadcrumbList\",\"@id\":\"https:\\\/\\\/www.mexicanguitarplayers.com\\\/tienda\\\/sin categor\u00eda\\\/interfaz-boya-mod-by-am1\\\/#breadcrumb\",\"itemListElement\":[{\"@type\":\"ListItem\",\"position\":1,\"name\":\"Portada\",\"item\":\"https:\\\/\\\/www.mexicanguitarplayers.com\\\/\"},{\"@type\":\"ListItem\",\"position\":2,\"name\":\"Tienda\",\"item\":\"https:\\\/\\\/www.mexicanguitarplayers.com\\\/tienda\\\/\"},{\"@type\":\"ListItem\",\"position\":3,\"name\":\"INTERFAZ BOYA MOD. BY-AM1\"}]},{\"@type\":\"WebSite\",\"@id\":\"https:\\\/\\\/www.mexicanguitarplayers.com\\\/#website\",\"url\":\"https:\\\/\\\/www.mexicanguitarplayers.com\\\/\",\"name\":\"Mexican Guitar Players\",\"description\":\"Website\",\"publisher\":{\"@id\":\"https:\\\/\\\/www.mexicanguitarplayers.com\\\/#organization\"},\"potentialAction\":[{\"@type\":\"SearchAction\",\"target\":{\"@type\":\"EntryPoint\",\"urlTemplate\":\"https:\\\/\\\/www.mexicanguitarplayers.com\\\/?s={search_term_string}\"},\"query-input\":{\"@type\":\"PropertyValueSpecification\",\"valueRequired\":true,\"valueName\":\"search_term_string\"}}],\"inLanguage\":\"en-US\"},{\"@type\":\"Organization\",\"@id\":\"https:\\\/\\\/www.mexicanguitarplayers.com\\\/#organization\",\"name\":\"Mexican Guitar Players\",\"url\":\"https:\\\/\\\/www.mexicanguitarplayers.com\\\/\",\"logo\":{\"@type\":\"ImageObject\",\"inLanguage\":\"en-US\",\"@id\":\"https:\\\/\\\/www.mexicanguitarplayers.com\\\/#\\\/schema\\\/logo\\\/image\\\/\",\"url\":\"\",\"contentUrl\":\"\",\"caption\":\"Mexican Guitar Players\"},\"image\":{\"@id\":\"https:\\\/\\\/www.mexicanguitarplayers.com\\\/#\\\/schema\\\/logo\\\/image\\\/\"}}]}<\/script>\n<!-- \/ Yoast SEO plugin. -->","yoast_head_json":{"title":"INTERFAZ BOYA MOD. BY-AM1 - Mexican Guitar Players","description":"Mezcladora de audio de dos canales para micr\u00f3fonos XLR din\u00e1micos o de condensador, de nivel de l\u00ednea o se\u00f1ales de instrumentos, compatible con computadoras, laptops y bafles, monitor de aud\u00edfonos sin latencia, entradas combo de 6.35 mm a XLR, salidas de audio de 6.35 mm, conexi\u00f3n USB 2.0, alimentaci\u00f3n phantom de 48V por medio de la entrada XLR, orificio roscado de 1\/4\u201d para montaje en tr\u00edpode, incluye cable USB-A a USB-B de 2 metros y adaptador de audio TRRS de 6.35 mm a 3.5 mm, dimensiones: 160 x 105 x 41.5 mm, peso: 408.5 g.","robots":{"index":"index","follow":"follow","max-snippet":"max-snippet:-1","max-image-preview":"max-image-preview:large","max-video-preview":"max-video-preview:-1"},"canonical":"https:\/\/www.mexicanguitarplayers.com\/en\/tienda\/sin categor\u00eda\/interfaz-boya-mod-by-am1\/","og_locale":"en_US","og_type":"article","og_title":"INTERFAZ BOYA MOD. BY-AM1 - Mexican Guitar Players","og_description":"Mezcladora de audio de dos canales para micr\u00f3fonos XLR din\u00e1micos o de condensador, de nivel de l\u00ednea o se\u00f1ales de instrumentos, compatible con computadoras, laptops y bafles, monitor de aud\u00edfonos sin latencia, entradas combo de 6.35 mm a XLR, salidas de audio de 6.35 mm, conexi\u00f3n USB 2.0, alimentaci\u00f3n phantom de 48V por medio de la entrada XLR, orificio roscado de 1\/4\u201d para montaje en tr\u00edpode, incluye cable USB-A a USB-B de 2 metros y adaptador de audio TRRS de 6.35 mm a 3.5 mm, dimensiones: 160 x 105 x 41.5 mm, peso: 408.5 g.","og_url":"https:\/\/www.mexicanguitarplayers.com\/en\/tienda\/sin categor\u00eda\/interfaz-boya-mod-by-am1\/","og_site_name":"Mexican Guitar Players","article_modified_time":"2025-04-28T19:15:27+00:00","twitter_card":"summary_large_image","twitter_misc":{"Est. reading time":"2 minutes"},"schema":{"@context":"https:\/\/schema.org","@graph":[{"@type":["WebPage","ItemPage"],"@id":"https:\/\/www.mexicanguitarplayers.com\/tienda\/sin categor\u00eda\/interfaz-boya-mod-by-am1\/","url":"https:\/\/www.mexicanguitarplayers.com\/tienda\/sin categor\u00eda\/interfaz-boya-mod-by-am1\/","name":"INTERFAZ BOYA MOD. BY-AM1 - Mexican Guitar Players","isPartOf":{"@id":"https:\/\/www.mexicanguitarplayers.com\/#website"},"primaryImageOfPage":{"@id":"https:\/\/www.mexicanguitarplayers.com\/tienda\/sin categor\u00eda\/interfaz-boya-mod-by-am1\/#primaryimage"},"image":{"@id":"https:\/\/www.mexicanguitarplayers.com\/tienda\/sin categor\u00eda\/interfaz-boya-mod-by-am1\/#primaryimage"},"thumbnailUrl":"https:\/\/www.mexicanguitarplayers.com\/wp-content\/uploads\/2025\/04\/IABOYBYAM1.jpg","datePublished":"2025-04-06T21:14:18+00:00","dateModified":"2025-04-28T19:15:27+00:00","description":"Mezcladora de audio de dos canales para micr\u00f3fonos XLR din\u00e1micos o de condensador, de nivel de l\u00ednea o se\u00f1ales de instrumentos, compatible con computadoras, laptops y bafles, monitor de aud\u00edfonos sin latencia, entradas combo de 6.35 mm a XLR, salidas de audio de 6.35 mm, conexi\u00f3n USB 2.0, alimentaci\u00f3n phantom de 48V por medio de la entrada XLR, orificio roscado de 1\/4\u201d para montaje en tr\u00edpode, incluye cable USB-A a USB-B de 2 metros y adaptador de audio TRRS de 6.35 mm a 3.5 mm, dimensiones: 160 x 105 x 41.5 mm, peso: 408.5 g.","breadcrumb":{"@id":"https:\/\/www.mexicanguitarplayers.com\/tienda\/sin categor\u00eda\/interfaz-boya-mod-by-am1\/#breadcrumb"},"inLanguage":"en-US","potentialAction":[{"@type":"ReadAction","target":["https:\/\/www.mexicanguitarplayers.com\/tienda\/sin categor\u00eda\/interfaz-boya-mod-by-am1\/"]}]},{"@type":"ImageObject","inLanguage":"en-US","@id":"https:\/\/www.mexicanguitarplayers.com\/tienda\/sin categor\u00eda\/interfaz-boya-mod-by-am1\/#primaryimage","url":"https:\/\/www.mexicanguitarplayers.com\/wp-content\/uploads\/2025\/04\/IABOYBYAM1.jpg","contentUrl":"https:\/\/www.mexicanguitarplayers.com\/wp-content\/uploads\/2025\/04\/IABOYBYAM1.jpg","width":1600,"height":800},{"@type":"BreadcrumbList","@id":"https:\/\/www.mexicanguitarplayers.com\/tienda\/sin categor\u00eda\/interfaz-boya-mod-by-am1\/#breadcrumb","itemListElement":[{"@type":"ListItem","position":1,"name":"Portada","item":"https:\/\/www.mexicanguitarplayers.com\/"},{"@type":"ListItem","position":2,"name":"Tienda","item":"https:\/\/www.mexicanguitarplayers.com\/tienda\/"},{"@type":"ListItem","position":3,"name":"INTERFAZ BOYA MOD. BY-AM1"}]},{"@type":"WebSite","@id":"https:\/\/www.mexicanguitarplayers.com\/#website","url":"https:\/\/www.mexicanguitarplayers.com\/","name":"Mexican Guitar Players","description":"Website","publisher":{"@id":"https:\/\/www.mexicanguitarplayers.com\/#organization"},"potentialAction":[{"@type":"SearchAction","target":{"@type":"EntryPoint","urlTemplate":"https:\/\/www.mexicanguitarplayers.com\/?s={search_term_string}"},"query-input":{"@type":"PropertyValueSpecification","valueRequired":true,"valueName":"search_term_string"}}],"inLanguage":"en-US"},{"@type":"Organization","@id":"https:\/\/www.mexicanguitarplayers.com\/#organization","name":"Mexican Guitar Players","url":"https:\/\/www.mexicanguitarplayers.com\/","logo":{"@type":"ImageObject","inLanguage":"en-US","@id":"https:\/\/www.mexicanguitarplayers.com\/#\/schema\/logo\/image\/","url":"","contentUrl":"","caption":"Mexican Guitar Players"},"image":{"@id":"https:\/\/www.mexicanguitarplayers.com\/#\/schema\/logo\/image\/"}}]}},"brands":[{"id":228,"name":"BUOY","slug":"boya"}],"_links":{"self":[{"href":"https:\/\/www.mexicanguitarplayers.com\/en\/wp-json\/wp\/v2\/product\/24931","targetHints":{"allow":["GET"]}}],"collection":[{"href":"https:\/\/www.mexicanguitarplayers.com\/en\/wp-json\/wp\/v2\/product"}],"about":[{"href":"https:\/\/www.mexicanguitarplayers.com\/en\/wp-json\/wp\/v2\/types\/product"}],"replies":[{"embeddable":true,"href":"https:\/\/www.mexicanguitarplayers.com\/en\/wp-json\/wp\/v2\/comments?post=24931"}],"wp:featuredmedia":[{"embeddable":true,"href":"https:\/\/www.mexicanguitarplayers.com\/en\/wp-json\/wp\/v2\/media\/24921"}],"wp:attachment":[{"href":"https:\/\/www.mexicanguitarplayers.com\/en\/wp-json\/wp\/v2\/media?parent=24931"}],"wp:term":[{"taxonomy":"pwb-brand","embeddable":true,"href":"https:\/\/www.mexicanguitarplayers.com\/en\/wp-json\/wp\/v2\/pwb-brand?post=24931"},{"taxonomy":"product_brand","embeddable":true,"href":"https:\/\/www.mexicanguitarplayers.com\/en\/wp-json\/wp\/v2\/product_brand?post=24931"},{"taxonomy":"product_cat","embeddable":true,"href":"https:\/\/www.mexicanguitarplayers.com\/en\/wp-json\/wp\/v2\/product_cat?post=24931"},{"taxonomy":"product_tag","embeddable":true,"href":"https:\/\/www.mexicanguitarplayers.com\/en\/wp-json\/wp\/v2\/product_tag?post=24931"}],"curies":[{"name":"wp","href":"https:\/\/api.w.org\/{rel}","templated":true}]}}