{"id":24948,"date":"2025-04-06T15:15:24","date_gmt":"2025-04-06T21:15:24","guid":{"rendered":"https:\/\/www.mexicanguitarplayers.com\/tienda\/sin categor\u00eda\/microfono-behringer-mod-bu200\/"},"modified":"2026-05-01T07:29:35","modified_gmt":"2026-05-01T13:29:35","slug":"microfono-behringer-mod-bu200","status":"publish","type":"product","link":"https:\/\/www.mexicanguitarplayers.com\/en\/tienda\/audio\/microfonia\/microfonos-alambricos\/para-estudio\/microfono-behringer-mod-bu200\/","title":{"rendered":"MICROFONO BEHRINGER MOD. BU200"},"content":{"rendered":"<div style=\"text-align: justify\">\n<div>\n<h3>MICROFONO BEHRINGER MOD. BU200<\/h3>\n<\/div>\n<div>\u00a1El BU200 es el sue\u00f1o hecho realidad para los entusiastas del streaming! Con su dise\u00f1o de ultra bajo ruido, este micr\u00f3fono de condensador de calidad de estudio es una excelente opci\u00f3n para cualquier escenario de transmisi\u00f3n. Nuestro BU200 ofrece un rendimiento incre\u00edble de alta calidad y es lo suficientemente resistente como para aguantar con una montura de choque de alta calidad.<\/div>\n<div>\n<h4>Characteristics<\/h4>\n<\/div>\n<div>\n<ul style=\"margin: 0px 0px 0px 25px\">\n<li style=\"list-style-type: circle;margin: 5px\">Tipo de transductor<\/li>\n<li style=\"list-style-type: circle;margin: 5px\">Tama\u00f1o del diafragma<\/li>\n<li style=\"list-style-type: circle;margin: 5px\">patr\u00f3n polar<\/li>\n<li style=\"list-style-type: circle;margin: 5px\">Sensibilidad<\/li>\n<li style=\"list-style-type: circle;margin: 5px\">Rango de frecuencia<\/li>\n<li style=\"list-style-type: circle;margin: 5px\">SPL m\u00e1ximo<\/li>\n<li style=\"list-style-type: circle;margin: 5px\">Resoluci\u00f3n<\/li>\n<li style=\"list-style-type: circle;margin: 5px\">relaci\u00f3n se\u00f1al\/ruido<\/li>\n<li style=\"list-style-type: circle;margin: 5px\">Interfaz<\/li>\n<\/ul>\n<\/div>\n<\/div>","protected":false},"excerpt":{"rendered":"<p>El micr\u00f3fono USB BU200 es ideal para aplicaciones vocales e instrumentales, ofreciendo una proyecci\u00f3n de sonido transparente de calidad de estudio. Perfecto para streamers, podcasters, jugadores, grabaciones y llamadas VoIP, este micr\u00f3fono cuenta con un patr\u00f3n polar cardioide que minimiza el ruido de fondo y la retroalimentaci\u00f3n. Adem\u00e1s, es f\u00e1cil de configurar gracias a su funci\u00f3n \u201dplug and play\u201d en computadoras de escritorio, laptops y otros dispositivos de audio con USB. Con controles de ganancia para una respuesta de frecuencia excepcional y audio de alta resoluci\u00f3n, este micr\u00f3fono tambi\u00e9n incluye un circuito integrado de reducci\u00f3n de ruido para una relaci\u00f3n se\u00f1al-ruido optimizada. Con un dise\u00f1o resistente de metal y un filtro pop incorporado, viene completo con un soporte de escritorio con montura de choque resistente, un cable de conexi\u00f3n USB de alta calidad y una bolsa con cierre incluida para mayor conveniencia.&hellip; <a class=\"kt-excerpt-readmore more-link\" href=\"https:\/\/www.mexicanguitarplayers.com\/en\/tienda\/audio\/microfonia\/microfonos-alambricos\/para-estudio\/microfono-behringer-mod-bu200\/\">Read more<\/a><\/p>","protected":false},"featured_media":24940,"comment_status":"open","ping_status":"closed","template":"","meta":{"kt_blocks_editor_width":""},"pwb-brand":[171],"product_brand":[],"product_cat":[213,214,215,227],"product_tag":[],"class_list":{"0":"post-24948","1":"product","2":"type-product","3":"status-publish","4":"has-post-thumbnail","6":"pwb-brand-behringer","7":"product_cat-audio","8":"product_cat-microfonia","9":"product_cat-microfonos-alambricos","10":"product_cat-para-estudio","11":"product_shipping_class-0-5-kg","13":"first","14":"instock","15":"taxable","16":"shipping-taxable","17":"purchasable","18":"product-type-simple"},"yoast_head":"<!-- This site is optimized with the Yoast SEO plugin v27.5 - https:\/\/yoast.com\/product\/yoast-seo-wordpress\/ -->\n<title>MICROFONO BEHRINGER MOD. BU200 - Mexican Guitar Players<\/title>\n<meta name=\"description\" content=\"El micr\u00f3fono USB BU200 es ideal para aplicaciones vocales e instrumentales, ofreciendo una proyecci\u00f3n de sonido transparente de calidad de estudio. Perfecto para streamers, podcasters, jugadores, grabaciones y llamadas VoIP, este micr\u00f3fono cuenta con un patr\u00f3n polar cardioide que minimiza el ruido de fondo y la retroalimentaci\u00f3n. Adem\u00e1s, es f\u00e1cil de configurar gracias a su funci\u00f3n \u201dplug and play\u201d en computadoras de escritorio, laptops y otros dispositivos de audio con USB. Con controles de ganancia para una respuesta de frecuencia excepcional y audio de alta resoluci\u00f3n, este micr\u00f3fono tambi\u00e9n incluye un circuito integrado de reducci\u00f3n de ruido para una relaci\u00f3n se\u00f1al-ruido optimizada. Con un dise\u00f1o resistente de metal y un filtro pop incorporado, viene completo con un soporte de escritorio con montura de choque resistente, un cable de conexi\u00f3n USB de alta calidad y una bolsa con cierre incluida para mayor conveniencia.\" \/>\n<meta name=\"robots\" content=\"index, follow, max-snippet:-1, max-image-preview:large, max-video-preview:-1\" \/>\n<link rel=\"canonical\" href=\"https:\/\/www.mexicanguitarplayers.com\/en\/tienda\/sin%20categor\u00eda\/microfono-behringer-mod-bu200\/\" \/>\n<meta property=\"og:locale\" content=\"en_US\" \/>\n<meta property=\"og:type\" content=\"article\" \/>\n<meta property=\"og:title\" content=\"MICROFONO BEHRINGER MOD. BU200 - Mexican Guitar Players\" \/>\n<meta property=\"og:description\" content=\"El micr\u00f3fono USB BU200 es ideal para aplicaciones vocales e instrumentales, ofreciendo una proyecci\u00f3n de sonido transparente de calidad de estudio. Perfecto para streamers, podcasters, jugadores, grabaciones y llamadas VoIP, este micr\u00f3fono cuenta con un patr\u00f3n polar cardioide que minimiza el ruido de fondo y la retroalimentaci\u00f3n. Adem\u00e1s, es f\u00e1cil de configurar gracias a su funci\u00f3n \u201dplug and play\u201d en computadoras de escritorio, laptops y otros dispositivos de audio con USB. Con controles de ganancia para una respuesta de frecuencia excepcional y audio de alta resoluci\u00f3n, este micr\u00f3fono tambi\u00e9n incluye un circuito integrado de reducci\u00f3n de ruido para una relaci\u00f3n se\u00f1al-ruido optimizada. Con un dise\u00f1o resistente de metal y un filtro pop incorporado, viene completo con un soporte de escritorio con montura de choque resistente, un cable de conexi\u00f3n USB de alta calidad y una bolsa con cierre incluida para mayor conveniencia.\" \/>\n<meta property=\"og:url\" content=\"https:\/\/www.mexicanguitarplayers.com\/en\/tienda\/sin categor\u00eda\/microfono-behringer-mod-bu200\/\" \/>\n<meta property=\"og:site_name\" content=\"Mexican Guitar Players\" \/>\n<meta property=\"article:modified_time\" content=\"2026-05-01T13:29:35+00:00\" \/>\n<meta name=\"twitter:card\" content=\"summary_large_image\" \/>\n<script type=\"application\/ld+json\" class=\"yoast-schema-graph\">{\"@context\":\"https:\\\/\\\/schema.org\",\"@graph\":[{\"@type\":[\"WebPage\",\"ItemPage\"],\"@id\":\"https:\\\/\\\/www.mexicanguitarplayers.com\\\/tienda\\\/sin categor\u00eda\\\/microfono-behringer-mod-bu200\\\/\",\"url\":\"https:\\\/\\\/www.mexicanguitarplayers.com\\\/tienda\\\/sin categor\u00eda\\\/microfono-behringer-mod-bu200\\\/\",\"name\":\"MICROFONO BEHRINGER MOD. BU200 - Mexican Guitar Players\",\"isPartOf\":{\"@id\":\"https:\\\/\\\/www.mexicanguitarplayers.com\\\/#website\"},\"primaryImageOfPage\":{\"@id\":\"https:\\\/\\\/www.mexicanguitarplayers.com\\\/tienda\\\/sin categor\u00eda\\\/microfono-behringer-mod-bu200\\\/#primaryimage\"},\"image\":{\"@id\":\"https:\\\/\\\/www.mexicanguitarplayers.com\\\/tienda\\\/sin categor\u00eda\\\/microfono-behringer-mod-bu200\\\/#primaryimage\"},\"thumbnailUrl\":\"https:\\\/\\\/www.mexicanguitarplayers.com\\\/wp-content\\\/uploads\\\/2025\\\/04\\\/IABEHBU200.jpg\",\"datePublished\":\"2025-04-06T21:15:24+00:00\",\"dateModified\":\"2026-05-01T13:29:35+00:00\",\"description\":\"El micr\u00f3fono USB BU200 es ideal para aplicaciones vocales e instrumentales, ofreciendo una proyecci\u00f3n de sonido transparente de calidad de estudio. Perfecto para streamers, podcasters, jugadores, grabaciones y llamadas VoIP, este micr\u00f3fono cuenta con un patr\u00f3n polar cardioide que minimiza el ruido de fondo y la retroalimentaci\u00f3n. Adem\u00e1s, es f\u00e1cil de configurar gracias a su funci\u00f3n \u201dplug and play\u201d en computadoras de escritorio, laptops y otros dispositivos de audio con USB. Con controles de ganancia para una respuesta de frecuencia excepcional y audio de alta resoluci\u00f3n, este micr\u00f3fono tambi\u00e9n incluye un circuito integrado de reducci\u00f3n de ruido para una relaci\u00f3n se\u00f1al-ruido optimizada. Con un dise\u00f1o resistente de metal y un filtro pop incorporado, viene completo con un soporte de escritorio con montura de choque resistente, un cable de conexi\u00f3n USB de alta calidad y una bolsa con cierre incluida para mayor conveniencia.\",\"breadcrumb\":{\"@id\":\"https:\\\/\\\/www.mexicanguitarplayers.com\\\/tienda\\\/sin categor\u00eda\\\/microfono-behringer-mod-bu200\\\/#breadcrumb\"},\"inLanguage\":\"en-US\",\"potentialAction\":[{\"@type\":\"ReadAction\",\"target\":[\"https:\\\/\\\/www.mexicanguitarplayers.com\\\/tienda\\\/sin categor\u00eda\\\/microfono-behringer-mod-bu200\\\/\"]}]},{\"@type\":\"ImageObject\",\"inLanguage\":\"en-US\",\"@id\":\"https:\\\/\\\/www.mexicanguitarplayers.com\\\/tienda\\\/sin categor\u00eda\\\/microfono-behringer-mod-bu200\\\/#primaryimage\",\"url\":\"https:\\\/\\\/www.mexicanguitarplayers.com\\\/wp-content\\\/uploads\\\/2025\\\/04\\\/IABEHBU200.jpg\",\"contentUrl\":\"https:\\\/\\\/www.mexicanguitarplayers.com\\\/wp-content\\\/uploads\\\/2025\\\/04\\\/IABEHBU200.jpg\",\"width\":1200,\"height\":1200},{\"@type\":\"BreadcrumbList\",\"@id\":\"https:\\\/\\\/www.mexicanguitarplayers.com\\\/tienda\\\/sin categor\u00eda\\\/microfono-behringer-mod-bu200\\\/#breadcrumb\",\"itemListElement\":[{\"@type\":\"ListItem\",\"position\":1,\"name\":\"Portada\",\"item\":\"https:\\\/\\\/www.mexicanguitarplayers.com\\\/\"},{\"@type\":\"ListItem\",\"position\":2,\"name\":\"Tienda\",\"item\":\"https:\\\/\\\/www.mexicanguitarplayers.com\\\/tienda\\\/\"},{\"@type\":\"ListItem\",\"position\":3,\"name\":\"MICROFONO BEHRINGER MOD. BU200\"}]},{\"@type\":\"WebSite\",\"@id\":\"https:\\\/\\\/www.mexicanguitarplayers.com\\\/#website\",\"url\":\"https:\\\/\\\/www.mexicanguitarplayers.com\\\/\",\"name\":\"Mexican Guitar Players\",\"description\":\"Website\",\"publisher\":{\"@id\":\"https:\\\/\\\/www.mexicanguitarplayers.com\\\/#organization\"},\"potentialAction\":[{\"@type\":\"SearchAction\",\"target\":{\"@type\":\"EntryPoint\",\"urlTemplate\":\"https:\\\/\\\/www.mexicanguitarplayers.com\\\/?s={search_term_string}\"},\"query-input\":{\"@type\":\"PropertyValueSpecification\",\"valueRequired\":true,\"valueName\":\"search_term_string\"}}],\"inLanguage\":\"en-US\"},{\"@type\":\"Organization\",\"@id\":\"https:\\\/\\\/www.mexicanguitarplayers.com\\\/#organization\",\"name\":\"Mexican Guitar Players\",\"url\":\"https:\\\/\\\/www.mexicanguitarplayers.com\\\/\",\"logo\":{\"@type\":\"ImageObject\",\"inLanguage\":\"en-US\",\"@id\":\"https:\\\/\\\/www.mexicanguitarplayers.com\\\/#\\\/schema\\\/logo\\\/image\\\/\",\"url\":\"\",\"contentUrl\":\"\",\"caption\":\"Mexican Guitar Players\"},\"image\":{\"@id\":\"https:\\\/\\\/www.mexicanguitarplayers.com\\\/#\\\/schema\\\/logo\\\/image\\\/\"}}]}<\/script>\n<!-- \/ Yoast SEO plugin. -->","yoast_head_json":{"title":"MICROFONO BEHRINGER MOD. BU200 - Mexican Guitar Players","description":"El micr\u00f3fono USB BU200 es ideal para aplicaciones vocales e instrumentales, ofreciendo una proyecci\u00f3n de sonido transparente de calidad de estudio. Perfecto para streamers, podcasters, jugadores, grabaciones y llamadas VoIP, este micr\u00f3fono cuenta con un patr\u00f3n polar cardioide que minimiza el ruido de fondo y la retroalimentaci\u00f3n. Adem\u00e1s, es f\u00e1cil de configurar gracias a su funci\u00f3n \u201dplug and play\u201d en computadoras de escritorio, laptops y otros dispositivos de audio con USB. Con controles de ganancia para una respuesta de frecuencia excepcional y audio de alta resoluci\u00f3n, este micr\u00f3fono tambi\u00e9n incluye un circuito integrado de reducci\u00f3n de ruido para una relaci\u00f3n se\u00f1al-ruido optimizada. Con un dise\u00f1o resistente de metal y un filtro pop incorporado, viene completo con un soporte de escritorio con montura de choque resistente, un cable de conexi\u00f3n USB de alta calidad y una bolsa con cierre incluida para mayor conveniencia.","robots":{"index":"index","follow":"follow","max-snippet":"max-snippet:-1","max-image-preview":"max-image-preview:large","max-video-preview":"max-video-preview:-1"},"canonical":"https:\/\/www.mexicanguitarplayers.com\/en\/tienda\/sin categor\u00eda\/microfono-behringer-mod-bu200\/","og_locale":"en_US","og_type":"article","og_title":"MICROFONO BEHRINGER MOD. BU200 - Mexican Guitar Players","og_description":"El micr\u00f3fono USB BU200 es ideal para aplicaciones vocales e instrumentales, ofreciendo una proyecci\u00f3n de sonido transparente de calidad de estudio. Perfecto para streamers, podcasters, jugadores, grabaciones y llamadas VoIP, este micr\u00f3fono cuenta con un patr\u00f3n polar cardioide que minimiza el ruido de fondo y la retroalimentaci\u00f3n. Adem\u00e1s, es f\u00e1cil de configurar gracias a su funci\u00f3n \u201dplug and play\u201d en computadoras de escritorio, laptops y otros dispositivos de audio con USB. Con controles de ganancia para una respuesta de frecuencia excepcional y audio de alta resoluci\u00f3n, este micr\u00f3fono tambi\u00e9n incluye un circuito integrado de reducci\u00f3n de ruido para una relaci\u00f3n se\u00f1al-ruido optimizada. Con un dise\u00f1o resistente de metal y un filtro pop incorporado, viene completo con un soporte de escritorio con montura de choque resistente, un cable de conexi\u00f3n USB de alta calidad y una bolsa con cierre incluida para mayor conveniencia.","og_url":"https:\/\/www.mexicanguitarplayers.com\/en\/tienda\/sin categor\u00eda\/microfono-behringer-mod-bu200\/","og_site_name":"Mexican Guitar Players","article_modified_time":"2026-05-01T13:29:35+00:00","twitter_card":"summary_large_image","schema":{"@context":"https:\/\/schema.org","@graph":[{"@type":["WebPage","ItemPage"],"@id":"https:\/\/www.mexicanguitarplayers.com\/tienda\/sin categor\u00eda\/microfono-behringer-mod-bu200\/","url":"https:\/\/www.mexicanguitarplayers.com\/tienda\/sin categor\u00eda\/microfono-behringer-mod-bu200\/","name":"MICROFONO BEHRINGER MOD. BU200 - Mexican Guitar Players","isPartOf":{"@id":"https:\/\/www.mexicanguitarplayers.com\/#website"},"primaryImageOfPage":{"@id":"https:\/\/www.mexicanguitarplayers.com\/tienda\/sin categor\u00eda\/microfono-behringer-mod-bu200\/#primaryimage"},"image":{"@id":"https:\/\/www.mexicanguitarplayers.com\/tienda\/sin categor\u00eda\/microfono-behringer-mod-bu200\/#primaryimage"},"thumbnailUrl":"https:\/\/www.mexicanguitarplayers.com\/wp-content\/uploads\/2025\/04\/IABEHBU200.jpg","datePublished":"2025-04-06T21:15:24+00:00","dateModified":"2026-05-01T13:29:35+00:00","description":"El micr\u00f3fono USB BU200 es ideal para aplicaciones vocales e instrumentales, ofreciendo una proyecci\u00f3n de sonido transparente de calidad de estudio. Perfecto para streamers, podcasters, jugadores, grabaciones y llamadas VoIP, este micr\u00f3fono cuenta con un patr\u00f3n polar cardioide que minimiza el ruido de fondo y la retroalimentaci\u00f3n. Adem\u00e1s, es f\u00e1cil de configurar gracias a su funci\u00f3n \u201dplug and play\u201d en computadoras de escritorio, laptops y otros dispositivos de audio con USB. Con controles de ganancia para una respuesta de frecuencia excepcional y audio de alta resoluci\u00f3n, este micr\u00f3fono tambi\u00e9n incluye un circuito integrado de reducci\u00f3n de ruido para una relaci\u00f3n se\u00f1al-ruido optimizada. Con un dise\u00f1o resistente de metal y un filtro pop incorporado, viene completo con un soporte de escritorio con montura de choque resistente, un cable de conexi\u00f3n USB de alta calidad y una bolsa con cierre incluida para mayor conveniencia.","breadcrumb":{"@id":"https:\/\/www.mexicanguitarplayers.com\/tienda\/sin categor\u00eda\/microfono-behringer-mod-bu200\/#breadcrumb"},"inLanguage":"en-US","potentialAction":[{"@type":"ReadAction","target":["https:\/\/www.mexicanguitarplayers.com\/tienda\/sin categor\u00eda\/microfono-behringer-mod-bu200\/"]}]},{"@type":"ImageObject","inLanguage":"en-US","@id":"https:\/\/www.mexicanguitarplayers.com\/tienda\/sin categor\u00eda\/microfono-behringer-mod-bu200\/#primaryimage","url":"https:\/\/www.mexicanguitarplayers.com\/wp-content\/uploads\/2025\/04\/IABEHBU200.jpg","contentUrl":"https:\/\/www.mexicanguitarplayers.com\/wp-content\/uploads\/2025\/04\/IABEHBU200.jpg","width":1200,"height":1200},{"@type":"BreadcrumbList","@id":"https:\/\/www.mexicanguitarplayers.com\/tienda\/sin categor\u00eda\/microfono-behringer-mod-bu200\/#breadcrumb","itemListElement":[{"@type":"ListItem","position":1,"name":"Portada","item":"https:\/\/www.mexicanguitarplayers.com\/"},{"@type":"ListItem","position":2,"name":"Tienda","item":"https:\/\/www.mexicanguitarplayers.com\/tienda\/"},{"@type":"ListItem","position":3,"name":"MICROFONO BEHRINGER MOD. BU200"}]},{"@type":"WebSite","@id":"https:\/\/www.mexicanguitarplayers.com\/#website","url":"https:\/\/www.mexicanguitarplayers.com\/","name":"Mexican Guitar Players","description":"Website","publisher":{"@id":"https:\/\/www.mexicanguitarplayers.com\/#organization"},"potentialAction":[{"@type":"SearchAction","target":{"@type":"EntryPoint","urlTemplate":"https:\/\/www.mexicanguitarplayers.com\/?s={search_term_string}"},"query-input":{"@type":"PropertyValueSpecification","valueRequired":true,"valueName":"search_term_string"}}],"inLanguage":"en-US"},{"@type":"Organization","@id":"https:\/\/www.mexicanguitarplayers.com\/#organization","name":"Mexican Guitar Players","url":"https:\/\/www.mexicanguitarplayers.com\/","logo":{"@type":"ImageObject","inLanguage":"en-US","@id":"https:\/\/www.mexicanguitarplayers.com\/#\/schema\/logo\/image\/","url":"","contentUrl":"","caption":"Mexican Guitar Players"},"image":{"@id":"https:\/\/www.mexicanguitarplayers.com\/#\/schema\/logo\/image\/"}}]}},"brands":[{"id":171,"name":"BEHRINGER","slug":"behringer"}],"_links":{"self":[{"href":"https:\/\/www.mexicanguitarplayers.com\/en\/wp-json\/wp\/v2\/product\/24948","targetHints":{"allow":["GET"]}}],"collection":[{"href":"https:\/\/www.mexicanguitarplayers.com\/en\/wp-json\/wp\/v2\/product"}],"about":[{"href":"https:\/\/www.mexicanguitarplayers.com\/en\/wp-json\/wp\/v2\/types\/product"}],"replies":[{"embeddable":true,"href":"https:\/\/www.mexicanguitarplayers.com\/en\/wp-json\/wp\/v2\/comments?post=24948"}],"wp:featuredmedia":[{"embeddable":true,"href":"https:\/\/www.mexicanguitarplayers.com\/en\/wp-json\/wp\/v2\/media\/24940"}],"wp:attachment":[{"href":"https:\/\/www.mexicanguitarplayers.com\/en\/wp-json\/wp\/v2\/media?parent=24948"}],"wp:term":[{"taxonomy":"pwb-brand","embeddable":true,"href":"https:\/\/www.mexicanguitarplayers.com\/en\/wp-json\/wp\/v2\/pwb-brand?post=24948"},{"taxonomy":"product_brand","embeddable":true,"href":"https:\/\/www.mexicanguitarplayers.com\/en\/wp-json\/wp\/v2\/product_brand?post=24948"},{"taxonomy":"product_cat","embeddable":true,"href":"https:\/\/www.mexicanguitarplayers.com\/en\/wp-json\/wp\/v2\/product_cat?post=24948"},{"taxonomy":"product_tag","embeddable":true,"href":"https:\/\/www.mexicanguitarplayers.com\/en\/wp-json\/wp\/v2\/product_tag?post=24948"}],"curies":[{"name":"wp","href":"https:\/\/api.w.org\/{rel}","templated":true}]}}