{"id":25008,"date":"2025-04-06T15:19:19","date_gmt":"2025-04-06T21:19:19","guid":{"rendered":"https:\/\/www.mexicanguitarplayers.com\/tienda\/sin categor\u00eda\/guitarra-washburn-e-acustica-wld20sce\/"},"modified":"2026-04-27T13:15:12","modified_gmt":"2026-04-27T19:15:12","slug":"guitarra-washburn-e-acustica-wld20sce","status":"publish","type":"product","link":"https:\/\/www.mexicanguitarplayers.com\/en\/tienda\/cuerdas\/guitarras-cuerdas\/acusticas\/guitarras-electro-acusticas\/guitarra-washburn-e-acustica-wld20sce\/","title":{"rendered":"GUITARRA WASHBURN E\/ACUSTICA    WLD20SCE"},"content":{"rendered":"<div style=\"text-align: justify\">\n<div>\n<h3>Asequible y elegante con una mezcla s\u00f3lido de excelente madera y un gran tono.<\/h3>\n<\/div>\n<div>Como parte de la serie Woodline 10 de Washburn, WLD10SCE es una guitarra electroac\u00fastica dreadnought cutaway de tapa de abeto sitka s\u00f3lido que ofrece la perfecci\u00f3n para compositores y guitarristas ac\u00fasticos que tocan con los dedos, ya sea en iglesias o en escenarios. Cuenta con una caja de abeto sitka s\u00f3lido y aros y fondo de palo de rosa, lo que proporciona un excelente toque de elegancia, l\u00edder en su clase y que se encuentra s\u00f3lo en instrumentos hechos a mano. Las propiedades de amortiguaci\u00f3n de la cejuela y la montura maximizan el tono y el car\u00e1cter de tu guitarra. El preamplificador Fishman Presys+ 301T con afinador incorporado crea un tono ac\u00fastico de sonido natural en situaciones de shows en vivo. La serie Woodline 10 de Washburn es un equilibrio perfecto entre asequibilidad, elegancia, sonido y estabilidad. La construcci\u00f3n con placas de sonido selectas y curadas adecuadamente con refuerzo scalloped-X, cejuela y montura NuBone y cuerdas de la m\u00e1s alta calidad, resultan en uno de los mejores instrumentos musicales al mejor precio.<\/div>\n<div>\n<h4>Quick look<\/h4>\n<\/div>\n<ul style=\"margin: 0px 0px 0px 25px\">\n<li style=\"list-style-type: circle;margin: 5px\">Cuerpo.<\/li>\n<li style=\"list-style-type: circle;margin: 5px\">Arm.<\/li>\n<li style=\"list-style-type: circle;margin: 5px\">Electr\u00f3nica.<\/li>\n<li style=\"list-style-type: circle;margin: 5px\">Otros.<\/li>\n<\/ul>\n<div>\n<div style=\"font-weight: bold\">Cuerpo.<\/div>\n<div>\n<p>Tipo de cuerpo: Dreadnought. Cutaway: S\u00ed. Tapa: Abeto sitka s\u00f3lido. Aros y fondo: Palo de rosa. Refuerzo: Cathedral Peak Advanced X-scalloped. Terminado: Satinado.<\/p>\n<\/div>\n<div style=\"font-weight: bold\">Arm.<\/div>\n<div>\n<p>Diapas\u00f3n de palo de rosa. Brazo de caoba. Escala: 25.4&#8243;. 20 trastes. Montura y cejuela de Graph Tech NuBone  de 1.75&#8243; de ancho. Alma de 2 v\u00edas. Incrustaciones de puntos.<\/p>\n<\/div>\n<div style=\"font-weight: bold\">Electr\u00f3nica.<\/div>\n<div>\n<p>Pickup\/preamp: Fishman. Configuraci\u00f3n: Sidemounted preamp. Ecualizador de 3 bandas. Filtro de retroalimentaci\u00f3n: Phase. Afinador integrado.<\/p>\n<\/div>\n<div style=\"font-weight: bold\">Otros.<\/div>\n<div>\n<p>Maquinaria diecast cromada. Puente de palo de rosa.<\/p>\n<\/div>\n<\/div>\n<\/div>","protected":false},"excerpt":{"rendered":"<p>Guitarra electroac\u00fastica dreadnought, cutaway, cuerpo de abeto sitka s\u00f3lido, aros y fondo de palo de rosa, refuerzo Cathedral Peak Advanced X-scalloped, terminado satinado, diapas\u00f3n de palo de rosa, brazo de caoba, puente de palo de rosa escala: 25.4\u201d, 20 trastes, montura y cejuela de Graph Tech NuBone  de 1.75\u201d de ancho, alma de 2 v\u00edas, incrustaciones de puntos, preamplificador Fishman, ecualizador de 3 bandas, filtro de retroalimentaci\u00f3n y afinador integrado, maquinaria diecast cromada.&hellip; <a class=\"kt-excerpt-readmore more-link\" href=\"https:\/\/www.mexicanguitarplayers.com\/en\/tienda\/cuerdas\/guitarras-cuerdas\/acusticas\/guitarras-electro-acusticas\/guitarra-washburn-e-acustica-wld20sce\/\">Read more<\/a><\/p>","protected":false},"featured_media":25007,"comment_status":"open","ping_status":"closed","template":"","meta":{"kt_blocks_editor_width":""},"pwb-brand":[178],"product_brand":[],"product_cat":[315,224,312,316],"product_tag":[],"class_list":{"0":"post-25008","1":"product","2":"type-product","3":"status-publish","4":"has-post-thumbnail","6":"pwb-brand-washburn","7":"product_cat-acusticas","8":"product_cat-cuerdas","9":"product_cat-guitarras-cuerdas","10":"product_cat-guitarras-electro-acusticas","11":"product_shipping_class-0-5-kg","13":"first","14":"outofstock","15":"taxable","16":"shipping-taxable","17":"purchasable","18":"product-type-simple"},"yoast_head":"<!-- This site is optimized with the Yoast SEO plugin v27.6 - https:\/\/yoast.com\/product\/yoast-seo-wordpress\/ -->\n<title>GUITARRA WASHBURN E\/ACUSTICA  WLD20SCE - Mexican Guitar Players<\/title>\n<meta name=\"description\" content=\"Guitarra electroac\u00fastica dreadnought, cutaway, cuerpo de abeto sitka s\u00f3lido, aros y fondo de palo de rosa, refuerzo Cathedral Peak Advanced X-scalloped, terminado satinado, diapas\u00f3n de palo de rosa, brazo de caoba, puente de palo de rosa escala: 25.4\u201d, 20 trastes, montura y cejuela de Graph Tech NuBone de 1.75\u201d de ancho, alma de 2 v\u00edas, incrustaciones de puntos, preamplificador Fishman, ecualizador de 3 bandas, filtro de retroalimentaci\u00f3n y afinador integrado, maquinaria diecast cromada.\" \/>\n<meta name=\"robots\" content=\"index, follow, max-snippet:-1, max-image-preview:large, max-video-preview:-1\" \/>\n<link rel=\"canonical\" href=\"https:\/\/www.mexicanguitarplayers.com\/en\/tienda\/sin%20categor\u00eda\/guitarra-washburn-e-acustica-wld20sce\/\" \/>\n<meta property=\"og:locale\" content=\"en_US\" \/>\n<meta property=\"og:type\" content=\"article\" \/>\n<meta property=\"og:title\" content=\"GUITARRA WASHBURN E\/ACUSTICA  WLD20SCE - Mexican Guitar Players\" \/>\n<meta property=\"og:description\" content=\"Guitarra electroac\u00fastica dreadnought, cutaway, cuerpo de abeto sitka s\u00f3lido, aros y fondo de palo de rosa, refuerzo Cathedral Peak Advanced X-scalloped, terminado satinado, diapas\u00f3n de palo de rosa, brazo de caoba, puente de palo de rosa escala: 25.4\u201d, 20 trastes, montura y cejuela de Graph Tech NuBone de 1.75\u201d de ancho, alma de 2 v\u00edas, incrustaciones de puntos, preamplificador Fishman, ecualizador de 3 bandas, filtro de retroalimentaci\u00f3n y afinador integrado, maquinaria diecast cromada.\" \/>\n<meta property=\"og:url\" content=\"https:\/\/www.mexicanguitarplayers.com\/en\/tienda\/sin categor\u00eda\/guitarra-washburn-e-acustica-wld20sce\/\" \/>\n<meta property=\"og:site_name\" content=\"Mexican Guitar Players\" \/>\n<meta property=\"article:modified_time\" content=\"2026-04-27T19:15:12+00:00\" \/>\n<meta name=\"twitter:card\" content=\"summary_large_image\" \/>\n<meta name=\"twitter:label1\" content=\"Est. reading time\" \/>\n\t<meta name=\"twitter:data1\" content=\"1 minute\" \/>\n<script type=\"application\/ld+json\" class=\"yoast-schema-graph\">{\"@context\":\"https:\\\/\\\/schema.org\",\"@graph\":[{\"@type\":[\"WebPage\",\"ItemPage\"],\"@id\":\"https:\\\/\\\/www.mexicanguitarplayers.com\\\/tienda\\\/sin categor\u00eda\\\/guitarra-washburn-e-acustica-wld20sce\\\/\",\"url\":\"https:\\\/\\\/www.mexicanguitarplayers.com\\\/tienda\\\/sin categor\u00eda\\\/guitarra-washburn-e-acustica-wld20sce\\\/\",\"name\":\"GUITARRA WASHBURN E\\\/ACUSTICA WLD20SCE - Mexican Guitar Players\",\"isPartOf\":{\"@id\":\"https:\\\/\\\/www.mexicanguitarplayers.com\\\/#website\"},\"primaryImageOfPage\":{\"@id\":\"https:\\\/\\\/www.mexicanguitarplayers.com\\\/tienda\\\/sin categor\u00eda\\\/guitarra-washburn-e-acustica-wld20sce\\\/#primaryimage\"},\"image\":{\"@id\":\"https:\\\/\\\/www.mexicanguitarplayers.com\\\/tienda\\\/sin categor\u00eda\\\/guitarra-washburn-e-acustica-wld20sce\\\/#primaryimage\"},\"thumbnailUrl\":\"https:\\\/\\\/www.mexicanguitarplayers.com\\\/wp-content\\\/uploads\\\/2025\\\/04\\\/ISWASWLD20SCE.jpg\",\"datePublished\":\"2025-04-06T21:19:19+00:00\",\"dateModified\":\"2026-04-27T19:15:12+00:00\",\"description\":\"Guitarra electroac\u00fastica dreadnought, cutaway, cuerpo de abeto sitka s\u00f3lido, aros y fondo de palo de rosa, refuerzo Cathedral Peak Advanced X-scalloped, terminado satinado, diapas\u00f3n de palo de rosa, brazo de caoba, puente de palo de rosa escala: 25.4\u201d, 20 trastes, montura y cejuela de Graph Tech NuBone de 1.75\u201d de ancho, alma de 2 v\u00edas, incrustaciones de puntos, preamplificador Fishman, ecualizador de 3 bandas, filtro de retroalimentaci\u00f3n y afinador integrado, maquinaria diecast cromada.\",\"breadcrumb\":{\"@id\":\"https:\\\/\\\/www.mexicanguitarplayers.com\\\/tienda\\\/sin categor\u00eda\\\/guitarra-washburn-e-acustica-wld20sce\\\/#breadcrumb\"},\"inLanguage\":\"en-US\",\"potentialAction\":[{\"@type\":\"ReadAction\",\"target\":[\"https:\\\/\\\/www.mexicanguitarplayers.com\\\/tienda\\\/sin categor\u00eda\\\/guitarra-washburn-e-acustica-wld20sce\\\/\"]}]},{\"@type\":\"ImageObject\",\"inLanguage\":\"en-US\",\"@id\":\"https:\\\/\\\/www.mexicanguitarplayers.com\\\/tienda\\\/sin categor\u00eda\\\/guitarra-washburn-e-acustica-wld20sce\\\/#primaryimage\",\"url\":\"https:\\\/\\\/www.mexicanguitarplayers.com\\\/wp-content\\\/uploads\\\/2025\\\/04\\\/ISWASWLD20SCE.jpg\",\"contentUrl\":\"https:\\\/\\\/www.mexicanguitarplayers.com\\\/wp-content\\\/uploads\\\/2025\\\/04\\\/ISWASWLD20SCE.jpg\",\"width\":1600,\"height\":800},{\"@type\":\"BreadcrumbList\",\"@id\":\"https:\\\/\\\/www.mexicanguitarplayers.com\\\/tienda\\\/sin categor\u00eda\\\/guitarra-washburn-e-acustica-wld20sce\\\/#breadcrumb\",\"itemListElement\":[{\"@type\":\"ListItem\",\"position\":1,\"name\":\"Portada\",\"item\":\"https:\\\/\\\/www.mexicanguitarplayers.com\\\/\"},{\"@type\":\"ListItem\",\"position\":2,\"name\":\"Tienda\",\"item\":\"https:\\\/\\\/www.mexicanguitarplayers.com\\\/tienda\\\/\"},{\"@type\":\"ListItem\",\"position\":3,\"name\":\"GUITARRA WASHBURN E\\\/ACUSTICA WLD20SCE\"}]},{\"@type\":\"WebSite\",\"@id\":\"https:\\\/\\\/www.mexicanguitarplayers.com\\\/#website\",\"url\":\"https:\\\/\\\/www.mexicanguitarplayers.com\\\/\",\"name\":\"Mexican Guitar Players\",\"description\":\"Website\",\"publisher\":{\"@id\":\"https:\\\/\\\/www.mexicanguitarplayers.com\\\/#organization\"},\"potentialAction\":[{\"@type\":\"SearchAction\",\"target\":{\"@type\":\"EntryPoint\",\"urlTemplate\":\"https:\\\/\\\/www.mexicanguitarplayers.com\\\/?s={search_term_string}\"},\"query-input\":{\"@type\":\"PropertyValueSpecification\",\"valueRequired\":true,\"valueName\":\"search_term_string\"}}],\"inLanguage\":\"en-US\"},{\"@type\":\"Organization\",\"@id\":\"https:\\\/\\\/www.mexicanguitarplayers.com\\\/#organization\",\"name\":\"Mexican Guitar Players\",\"url\":\"https:\\\/\\\/www.mexicanguitarplayers.com\\\/\",\"logo\":{\"@type\":\"ImageObject\",\"inLanguage\":\"en-US\",\"@id\":\"https:\\\/\\\/www.mexicanguitarplayers.com\\\/#\\\/schema\\\/logo\\\/image\\\/\",\"url\":\"\",\"contentUrl\":\"\",\"caption\":\"Mexican Guitar Players\"},\"image\":{\"@id\":\"https:\\\/\\\/www.mexicanguitarplayers.com\\\/#\\\/schema\\\/logo\\\/image\\\/\"}}]}<\/script>\n<!-- \/ Yoast SEO plugin. -->","yoast_head_json":{"title":"GUITARRA WASHBURN E\/ACUSTICA  WLD20SCE - Mexican Guitar Players","description":"Guitarra electroac\u00fastica dreadnought, cutaway, cuerpo de abeto sitka s\u00f3lido, aros y fondo de palo de rosa, refuerzo Cathedral Peak Advanced X-scalloped, terminado satinado, diapas\u00f3n de palo de rosa, brazo de caoba, puente de palo de rosa escala: 25.4\u201d, 20 trastes, montura y cejuela de Graph Tech NuBone de 1.75\u201d de ancho, alma de 2 v\u00edas, incrustaciones de puntos, preamplificador Fishman, ecualizador de 3 bandas, filtro de retroalimentaci\u00f3n y afinador integrado, maquinaria diecast cromada.","robots":{"index":"index","follow":"follow","max-snippet":"max-snippet:-1","max-image-preview":"max-image-preview:large","max-video-preview":"max-video-preview:-1"},"canonical":"https:\/\/www.mexicanguitarplayers.com\/en\/tienda\/sin categor\u00eda\/guitarra-washburn-e-acustica-wld20sce\/","og_locale":"en_US","og_type":"article","og_title":"GUITARRA WASHBURN E\/ACUSTICA  WLD20SCE - Mexican Guitar Players","og_description":"Guitarra electroac\u00fastica dreadnought, cutaway, cuerpo de abeto sitka s\u00f3lido, aros y fondo de palo de rosa, refuerzo Cathedral Peak Advanced X-scalloped, terminado satinado, diapas\u00f3n de palo de rosa, brazo de caoba, puente de palo de rosa escala: 25.4\u201d, 20 trastes, montura y cejuela de Graph Tech NuBone de 1.75\u201d de ancho, alma de 2 v\u00edas, incrustaciones de puntos, preamplificador Fishman, ecualizador de 3 bandas, filtro de retroalimentaci\u00f3n y afinador integrado, maquinaria diecast cromada.","og_url":"https:\/\/www.mexicanguitarplayers.com\/en\/tienda\/sin categor\u00eda\/guitarra-washburn-e-acustica-wld20sce\/","og_site_name":"Mexican Guitar Players","article_modified_time":"2026-04-27T19:15:12+00:00","twitter_card":"summary_large_image","twitter_misc":{"Est. reading time":"1 minute"},"schema":{"@context":"https:\/\/schema.org","@graph":[{"@type":["WebPage","ItemPage"],"@id":"https:\/\/www.mexicanguitarplayers.com\/tienda\/sin categor\u00eda\/guitarra-washburn-e-acustica-wld20sce\/","url":"https:\/\/www.mexicanguitarplayers.com\/tienda\/sin categor\u00eda\/guitarra-washburn-e-acustica-wld20sce\/","name":"GUITARRA WASHBURN E\/ACUSTICA WLD20SCE - Mexican Guitar Players","isPartOf":{"@id":"https:\/\/www.mexicanguitarplayers.com\/#website"},"primaryImageOfPage":{"@id":"https:\/\/www.mexicanguitarplayers.com\/tienda\/sin categor\u00eda\/guitarra-washburn-e-acustica-wld20sce\/#primaryimage"},"image":{"@id":"https:\/\/www.mexicanguitarplayers.com\/tienda\/sin categor\u00eda\/guitarra-washburn-e-acustica-wld20sce\/#primaryimage"},"thumbnailUrl":"https:\/\/www.mexicanguitarplayers.com\/wp-content\/uploads\/2025\/04\/ISWASWLD20SCE.jpg","datePublished":"2025-04-06T21:19:19+00:00","dateModified":"2026-04-27T19:15:12+00:00","description":"Guitarra electroac\u00fastica dreadnought, cutaway, cuerpo de abeto sitka s\u00f3lido, aros y fondo de palo de rosa, refuerzo Cathedral Peak Advanced X-scalloped, terminado satinado, diapas\u00f3n de palo de rosa, brazo de caoba, puente de palo de rosa escala: 25.4\u201d, 20 trastes, montura y cejuela de Graph Tech NuBone de 1.75\u201d de ancho, alma de 2 v\u00edas, incrustaciones de puntos, preamplificador Fishman, ecualizador de 3 bandas, filtro de retroalimentaci\u00f3n y afinador integrado, maquinaria diecast cromada.","breadcrumb":{"@id":"https:\/\/www.mexicanguitarplayers.com\/tienda\/sin categor\u00eda\/guitarra-washburn-e-acustica-wld20sce\/#breadcrumb"},"inLanguage":"en-US","potentialAction":[{"@type":"ReadAction","target":["https:\/\/www.mexicanguitarplayers.com\/tienda\/sin categor\u00eda\/guitarra-washburn-e-acustica-wld20sce\/"]}]},{"@type":"ImageObject","inLanguage":"en-US","@id":"https:\/\/www.mexicanguitarplayers.com\/tienda\/sin categor\u00eda\/guitarra-washburn-e-acustica-wld20sce\/#primaryimage","url":"https:\/\/www.mexicanguitarplayers.com\/wp-content\/uploads\/2025\/04\/ISWASWLD20SCE.jpg","contentUrl":"https:\/\/www.mexicanguitarplayers.com\/wp-content\/uploads\/2025\/04\/ISWASWLD20SCE.jpg","width":1600,"height":800},{"@type":"BreadcrumbList","@id":"https:\/\/www.mexicanguitarplayers.com\/tienda\/sin categor\u00eda\/guitarra-washburn-e-acustica-wld20sce\/#breadcrumb","itemListElement":[{"@type":"ListItem","position":1,"name":"Portada","item":"https:\/\/www.mexicanguitarplayers.com\/"},{"@type":"ListItem","position":2,"name":"Tienda","item":"https:\/\/www.mexicanguitarplayers.com\/tienda\/"},{"@type":"ListItem","position":3,"name":"GUITARRA WASHBURN E\/ACUSTICA WLD20SCE"}]},{"@type":"WebSite","@id":"https:\/\/www.mexicanguitarplayers.com\/#website","url":"https:\/\/www.mexicanguitarplayers.com\/","name":"Mexican Guitar Players","description":"Website","publisher":{"@id":"https:\/\/www.mexicanguitarplayers.com\/#organization"},"potentialAction":[{"@type":"SearchAction","target":{"@type":"EntryPoint","urlTemplate":"https:\/\/www.mexicanguitarplayers.com\/?s={search_term_string}"},"query-input":{"@type":"PropertyValueSpecification","valueRequired":true,"valueName":"search_term_string"}}],"inLanguage":"en-US"},{"@type":"Organization","@id":"https:\/\/www.mexicanguitarplayers.com\/#organization","name":"Mexican Guitar Players","url":"https:\/\/www.mexicanguitarplayers.com\/","logo":{"@type":"ImageObject","inLanguage":"en-US","@id":"https:\/\/www.mexicanguitarplayers.com\/#\/schema\/logo\/image\/","url":"","contentUrl":"","caption":"Mexican Guitar Players"},"image":{"@id":"https:\/\/www.mexicanguitarplayers.com\/#\/schema\/logo\/image\/"}}]}},"brands":[{"id":178,"name":"WASHBURN","slug":"washburn"}],"_links":{"self":[{"href":"https:\/\/www.mexicanguitarplayers.com\/en\/wp-json\/wp\/v2\/product\/25008","targetHints":{"allow":["GET"]}}],"collection":[{"href":"https:\/\/www.mexicanguitarplayers.com\/en\/wp-json\/wp\/v2\/product"}],"about":[{"href":"https:\/\/www.mexicanguitarplayers.com\/en\/wp-json\/wp\/v2\/types\/product"}],"replies":[{"embeddable":true,"href":"https:\/\/www.mexicanguitarplayers.com\/en\/wp-json\/wp\/v2\/comments?post=25008"}],"wp:featuredmedia":[{"embeddable":true,"href":"https:\/\/www.mexicanguitarplayers.com\/en\/wp-json\/wp\/v2\/media\/25007"}],"wp:attachment":[{"href":"https:\/\/www.mexicanguitarplayers.com\/en\/wp-json\/wp\/v2\/media?parent=25008"}],"wp:term":[{"taxonomy":"pwb-brand","embeddable":true,"href":"https:\/\/www.mexicanguitarplayers.com\/en\/wp-json\/wp\/v2\/pwb-brand?post=25008"},{"taxonomy":"product_brand","embeddable":true,"href":"https:\/\/www.mexicanguitarplayers.com\/en\/wp-json\/wp\/v2\/product_brand?post=25008"},{"taxonomy":"product_cat","embeddable":true,"href":"https:\/\/www.mexicanguitarplayers.com\/en\/wp-json\/wp\/v2\/product_cat?post=25008"},{"taxonomy":"product_tag","embeddable":true,"href":"https:\/\/www.mexicanguitarplayers.com\/en\/wp-json\/wp\/v2\/product_tag?post=25008"}],"curies":[{"name":"wp","href":"https:\/\/api.w.org\/{rel}","templated":true}]}}