{"id":25033,"date":"2025-04-06T15:20:31","date_gmt":"2025-04-06T21:20:31","guid":{"rendered":"https:\/\/www.mexicanguitarplayers.com\/tienda\/sin categor\u00eda\/cajon-meinlc-percusiones-pbasscaj-kit\/"},"modified":"2025-04-06T15:20:31","modified_gmt":"2025-04-06T21:20:31","slug":"cajon-meinlc-percusiones-pbasscaj-kit","status":"publish","type":"product","link":"https:\/\/www.mexicanguitarplayers.com\/en\/tienda\/percusiones\/percusiones-mayores\/cajones\/cajon-meinlc-percusiones-pbasscaj-kit\/","title":{"rendered":"CAJON MEINLC\/PERCUSIONES  PBASSCAJ-KIT"},"content":{"rendered":"<div style=\"text-align: justify\">\n<div>\n<h3>El kit cocktail m\u00e1s vers\u00e1til.<\/h3>\n<\/div>\n<div>Una versi\u00f3n ac\u00fastica de un kit cocktail. Este kit de Meinl ofrece a los percusionistas una amplia gama de sonidos, desde graves y tarolas hasta bongos, cajones y toms, todos con instrumentos de madera estilo caj\u00f3n. En el centro de este kit est\u00e1 el caj\u00f3n Cocktail de Meinl, que se toca como un bombo. Dise\u00f1ado para ser montado en el caj\u00f3n, se encuentran la tarola Pickup Snare, el Bongo Cajon con notas altas y graves y el Pickup Tom Tap, que se unen para brindarte un sonido completo de un set de caj\u00f3n. Cada uno de estos tres complementos incluye su propia varilla en forma de L que se adhiere al caj\u00f3n con sus montajes de eye-bolts est\u00e1ndar. Adem\u00e1s de los tambores de estilo caj\u00f3n, este kit tambi\u00e9n viene con un pedal y una suave baqueta de espuma adem\u00e1s de escobillas especiales Husk, seguras para usarse en los acabados de madera. Las escobillas ofrecen un sonido de percusi\u00f3n suave pero preciso. Cada tambor en el Kit Cocktail est\u00e1 equipado con su propia pastilla piezo y jack de salida de alta calidad para que pueda conectarse y subir el volumen en todo el set cuando requieras amplificaci\u00f3n adicional (no se incluyen cables).<\/div>\n<div>\n<h4>Quick look<\/h4>\n<\/div>\n<ul style=\"margin: 0px 0px 0px 25px\">\n<li style=\"list-style-type: circle;margin: 5px\">Accessories included.<\/li>\n<\/ul>\n<div>\n<div style=\"font-weight: bold\">Accessories included.<\/div>\n<div>\n<p>Caj\u00f3n Cocktail (se toca como un bombo). Tarola Pickup Snare. Bongo Cajon. Pickup Tom Tap. 3 varillas en forma de L sus montajes eye-bolt est\u00e1ndar. Pedal. Una baqueta suave de espuma. Escobillas especiales Husk.<\/p>\n<\/div>\n<\/div>\n<div>\n<h4>Characteristics<\/h4>\n<\/div>\n<div>\n<ul style=\"margin: 0px 0px 0px 25px\">\n<li style=\"list-style-type: circle;margin: 5px\">Kit de caj\u00f3n.<\/li>\n<li style=\"list-style-type: circle;margin: 5px\">Amplia gama de sonidos.<\/li>\n<li style=\"list-style-type: circle;margin: 5px\">Cada tambor cuenta con su propia pastilla piezo y jack de salida.<\/li>\n<li style=\"list-style-type: circle;margin: 5px\">No se incluyen cables).<\/li>\n<\/ul>\n<\/div>\n<\/div>","protected":false},"excerpt":{"rendered":"<p>Kit de caj\u00f3n, amplia gama de sonidos, desde graves y tarolas hasta bongos, cajones y toms, incluye un caj\u00f3n Cocktail (se toca como un bombo), tarola Pickup Snare, Bongo Cajon y Pickup Tom Tap, se incluyen 3 varillas en forma de L con sus montajes de eye-bolts est\u00e1ndar, pedal, una baqueta suave de espuma y escobillas especiales Husk, cada tambor cuenta con su propia pastilla piezo y jack de salida de alta calidad (no se incluyen cables).&hellip; <a class=\"kt-excerpt-readmore more-link\" href=\"https:\/\/www.mexicanguitarplayers.com\/en\/tienda\/percusiones\/percusiones-mayores\/cajones\/cajon-meinlc-percusiones-pbasscaj-kit\/\">Read more<\/a><\/p>","protected":false},"featured_media":25031,"comment_status":"open","ping_status":"closed","template":"","meta":{"kt_blocks_editor_width":""},"pwb-brand":[290],"product_brand":[],"product_cat":[268,208,267],"product_tag":[],"class_list":{"0":"post-25033","1":"product","2":"type-product","3":"status-publish","4":"has-post-thumbnail","6":"pwb-brand-meinl","7":"product_cat-cajones","8":"product_cat-percusiones","9":"product_cat-percusiones-mayores","10":"product_shipping_class-0-5-kg","12":"first","13":"outofstock","14":"taxable","15":"shipping-taxable","16":"purchasable","17":"product-type-simple"},"yoast_head":"<!-- This site is optimized with the Yoast SEO plugin v27.3 - https:\/\/yoast.com\/product\/yoast-seo-wordpress\/ -->\n<title>CAJON MEINLC\/PERCUSIONES PBASSCAJ-KIT - Mexican Guitar Players<\/title>\n<meta name=\"description\" content=\"Kit de caj\u00f3n, amplia gama de sonidos, desde graves y tarolas hasta bongos, cajones y toms, incluye un caj\u00f3n Cocktail (se toca como un bombo), tarola Pickup Snare, Bongo Cajon y Pickup Tom Tap, se incluyen 3 varillas en forma de L con sus montajes de eye-bolts est\u00e1ndar, pedal, una baqueta suave de espuma y escobillas especiales Husk, cada tambor cuenta con su propia pastilla piezo y jack de salida de alta calidad (no se incluyen cables).\" \/>\n<meta name=\"robots\" content=\"index, follow, max-snippet:-1, max-image-preview:large, max-video-preview:-1\" \/>\n<link rel=\"canonical\" href=\"https:\/\/www.mexicanguitarplayers.com\/en\/tienda\/sin%20categor\u00eda\/cajon-meinlc-percusiones-pbasscaj-kit\/\" \/>\n<meta property=\"og:locale\" content=\"en_US\" \/>\n<meta property=\"og:type\" content=\"article\" \/>\n<meta property=\"og:title\" content=\"CAJON MEINLC\/PERCUSIONES PBASSCAJ-KIT - Mexican Guitar Players\" \/>\n<meta property=\"og:description\" content=\"Kit de caj\u00f3n, amplia gama de sonidos, desde graves y tarolas hasta bongos, cajones y toms, incluye un caj\u00f3n Cocktail (se toca como un bombo), tarola Pickup Snare, Bongo Cajon y Pickup Tom Tap, se incluyen 3 varillas en forma de L con sus montajes de eye-bolts est\u00e1ndar, pedal, una baqueta suave de espuma y escobillas especiales Husk, cada tambor cuenta con su propia pastilla piezo y jack de salida de alta calidad (no se incluyen cables).\" \/>\n<meta property=\"og:url\" content=\"https:\/\/www.mexicanguitarplayers.com\/en\/tienda\/sin categor\u00eda\/cajon-meinlc-percusiones-pbasscaj-kit\/\" \/>\n<meta property=\"og:site_name\" content=\"Mexican Guitar Players\" \/>\n<meta name=\"twitter:card\" content=\"summary_large_image\" \/>\n<meta name=\"twitter:label1\" content=\"Est. reading time\" \/>\n\t<meta name=\"twitter:data1\" content=\"1 minute\" \/>\n<script type=\"application\/ld+json\" class=\"yoast-schema-graph\">{\"@context\":\"https:\\\/\\\/schema.org\",\"@graph\":[{\"@type\":[\"WebPage\",\"ItemPage\"],\"@id\":\"https:\\\/\\\/www.mexicanguitarplayers.com\\\/tienda\\\/sin categor\u00eda\\\/cajon-meinlc-percusiones-pbasscaj-kit\\\/\",\"url\":\"https:\\\/\\\/www.mexicanguitarplayers.com\\\/tienda\\\/sin categor\u00eda\\\/cajon-meinlc-percusiones-pbasscaj-kit\\\/\",\"name\":\"CAJON MEINLC\\\/PERCUSIONES PBASSCAJ-KIT - Mexican Guitar Players\",\"isPartOf\":{\"@id\":\"https:\\\/\\\/www.mexicanguitarplayers.com\\\/#website\"},\"primaryImageOfPage\":{\"@id\":\"https:\\\/\\\/www.mexicanguitarplayers.com\\\/tienda\\\/sin categor\u00eda\\\/cajon-meinlc-percusiones-pbasscaj-kit\\\/#primaryimage\"},\"image\":{\"@id\":\"https:\\\/\\\/www.mexicanguitarplayers.com\\\/tienda\\\/sin categor\u00eda\\\/cajon-meinlc-percusiones-pbasscaj-kit\\\/#primaryimage\"},\"thumbnailUrl\":\"https:\\\/\\\/www.mexicanguitarplayers.com\\\/wp-content\\\/uploads\\\/2025\\\/04\\\/IPMEIPBASSCAJK.jpg\",\"datePublished\":\"2025-04-06T21:20:31+00:00\",\"description\":\"Kit de caj\u00f3n, amplia gama de sonidos, desde graves y tarolas hasta bongos, cajones y toms, incluye un caj\u00f3n Cocktail (se toca como un bombo), tarola Pickup Snare, Bongo Cajon y Pickup Tom Tap, se incluyen 3 varillas en forma de L con sus montajes de eye-bolts est\u00e1ndar, pedal, una baqueta suave de espuma y escobillas especiales Husk, cada tambor cuenta con su propia pastilla piezo y jack de salida de alta calidad (no se incluyen cables).\",\"breadcrumb\":{\"@id\":\"https:\\\/\\\/www.mexicanguitarplayers.com\\\/tienda\\\/sin categor\u00eda\\\/cajon-meinlc-percusiones-pbasscaj-kit\\\/#breadcrumb\"},\"inLanguage\":\"en-US\",\"potentialAction\":[{\"@type\":\"ReadAction\",\"target\":[\"https:\\\/\\\/www.mexicanguitarplayers.com\\\/tienda\\\/sin categor\u00eda\\\/cajon-meinlc-percusiones-pbasscaj-kit\\\/\"]}]},{\"@type\":\"ImageObject\",\"inLanguage\":\"en-US\",\"@id\":\"https:\\\/\\\/www.mexicanguitarplayers.com\\\/tienda\\\/sin categor\u00eda\\\/cajon-meinlc-percusiones-pbasscaj-kit\\\/#primaryimage\",\"url\":\"https:\\\/\\\/www.mexicanguitarplayers.com\\\/wp-content\\\/uploads\\\/2025\\\/04\\\/IPMEIPBASSCAJK.jpg\",\"contentUrl\":\"https:\\\/\\\/www.mexicanguitarplayers.com\\\/wp-content\\\/uploads\\\/2025\\\/04\\\/IPMEIPBASSCAJK.jpg\",\"width\":1200,\"height\":1200},{\"@type\":\"BreadcrumbList\",\"@id\":\"https:\\\/\\\/www.mexicanguitarplayers.com\\\/tienda\\\/sin categor\u00eda\\\/cajon-meinlc-percusiones-pbasscaj-kit\\\/#breadcrumb\",\"itemListElement\":[{\"@type\":\"ListItem\",\"position\":1,\"name\":\"Portada\",\"item\":\"https:\\\/\\\/www.mexicanguitarplayers.com\\\/\"},{\"@type\":\"ListItem\",\"position\":2,\"name\":\"Tienda\",\"item\":\"https:\\\/\\\/www.mexicanguitarplayers.com\\\/tienda\\\/\"},{\"@type\":\"ListItem\",\"position\":3,\"name\":\"CAJON MEINLC\\\/PERCUSIONES PBASSCAJ-KIT\"}]},{\"@type\":\"WebSite\",\"@id\":\"https:\\\/\\\/www.mexicanguitarplayers.com\\\/#website\",\"url\":\"https:\\\/\\\/www.mexicanguitarplayers.com\\\/\",\"name\":\"Mexican Guitar Players\",\"description\":\"Website\",\"publisher\":{\"@id\":\"https:\\\/\\\/www.mexicanguitarplayers.com\\\/#organization\"},\"potentialAction\":[{\"@type\":\"SearchAction\",\"target\":{\"@type\":\"EntryPoint\",\"urlTemplate\":\"https:\\\/\\\/www.mexicanguitarplayers.com\\\/?s={search_term_string}\"},\"query-input\":{\"@type\":\"PropertyValueSpecification\",\"valueRequired\":true,\"valueName\":\"search_term_string\"}}],\"inLanguage\":\"en-US\"},{\"@type\":\"Organization\",\"@id\":\"https:\\\/\\\/www.mexicanguitarplayers.com\\\/#organization\",\"name\":\"Mexican Guitar Players\",\"url\":\"https:\\\/\\\/www.mexicanguitarplayers.com\\\/\",\"logo\":{\"@type\":\"ImageObject\",\"inLanguage\":\"en-US\",\"@id\":\"https:\\\/\\\/www.mexicanguitarplayers.com\\\/#\\\/schema\\\/logo\\\/image\\\/\",\"url\":\"\",\"contentUrl\":\"\",\"caption\":\"Mexican Guitar Players\"},\"image\":{\"@id\":\"https:\\\/\\\/www.mexicanguitarplayers.com\\\/#\\\/schema\\\/logo\\\/image\\\/\"}}]}<\/script>\n<!-- \/ Yoast SEO plugin. -->","yoast_head_json":{"title":"CAJON MEINLC\/PERCUSIONES PBASSCAJ-KIT - Mexican Guitar Players","description":"Kit de caj\u00f3n, amplia gama de sonidos, desde graves y tarolas hasta bongos, cajones y toms, incluye un caj\u00f3n Cocktail (se toca como un bombo), tarola Pickup Snare, Bongo Cajon y Pickup Tom Tap, se incluyen 3 varillas en forma de L con sus montajes de eye-bolts est\u00e1ndar, pedal, una baqueta suave de espuma y escobillas especiales Husk, cada tambor cuenta con su propia pastilla piezo y jack de salida de alta calidad (no se incluyen cables).","robots":{"index":"index","follow":"follow","max-snippet":"max-snippet:-1","max-image-preview":"max-image-preview:large","max-video-preview":"max-video-preview:-1"},"canonical":"https:\/\/www.mexicanguitarplayers.com\/en\/tienda\/sin categor\u00eda\/cajon-meinlc-percusiones-pbasscaj-kit\/","og_locale":"en_US","og_type":"article","og_title":"CAJON MEINLC\/PERCUSIONES PBASSCAJ-KIT - Mexican Guitar Players","og_description":"Kit de caj\u00f3n, amplia gama de sonidos, desde graves y tarolas hasta bongos, cajones y toms, incluye un caj\u00f3n Cocktail (se toca como un bombo), tarola Pickup Snare, Bongo Cajon y Pickup Tom Tap, se incluyen 3 varillas en forma de L con sus montajes de eye-bolts est\u00e1ndar, pedal, una baqueta suave de espuma y escobillas especiales Husk, cada tambor cuenta con su propia pastilla piezo y jack de salida de alta calidad (no se incluyen cables).","og_url":"https:\/\/www.mexicanguitarplayers.com\/en\/tienda\/sin categor\u00eda\/cajon-meinlc-percusiones-pbasscaj-kit\/","og_site_name":"Mexican Guitar Players","twitter_card":"summary_large_image","twitter_misc":{"Est. reading time":"1 minute"},"schema":{"@context":"https:\/\/schema.org","@graph":[{"@type":["WebPage","ItemPage"],"@id":"https:\/\/www.mexicanguitarplayers.com\/tienda\/sin categor\u00eda\/cajon-meinlc-percusiones-pbasscaj-kit\/","url":"https:\/\/www.mexicanguitarplayers.com\/tienda\/sin categor\u00eda\/cajon-meinlc-percusiones-pbasscaj-kit\/","name":"CAJON MEINLC\/PERCUSIONES PBASSCAJ-KIT - Mexican Guitar Players","isPartOf":{"@id":"https:\/\/www.mexicanguitarplayers.com\/#website"},"primaryImageOfPage":{"@id":"https:\/\/www.mexicanguitarplayers.com\/tienda\/sin categor\u00eda\/cajon-meinlc-percusiones-pbasscaj-kit\/#primaryimage"},"image":{"@id":"https:\/\/www.mexicanguitarplayers.com\/tienda\/sin categor\u00eda\/cajon-meinlc-percusiones-pbasscaj-kit\/#primaryimage"},"thumbnailUrl":"https:\/\/www.mexicanguitarplayers.com\/wp-content\/uploads\/2025\/04\/IPMEIPBASSCAJK.jpg","datePublished":"2025-04-06T21:20:31+00:00","description":"Kit de caj\u00f3n, amplia gama de sonidos, desde graves y tarolas hasta bongos, cajones y toms, incluye un caj\u00f3n Cocktail (se toca como un bombo), tarola Pickup Snare, Bongo Cajon y Pickup Tom Tap, se incluyen 3 varillas en forma de L con sus montajes de eye-bolts est\u00e1ndar, pedal, una baqueta suave de espuma y escobillas especiales Husk, cada tambor cuenta con su propia pastilla piezo y jack de salida de alta calidad (no se incluyen cables).","breadcrumb":{"@id":"https:\/\/www.mexicanguitarplayers.com\/tienda\/sin categor\u00eda\/cajon-meinlc-percusiones-pbasscaj-kit\/#breadcrumb"},"inLanguage":"en-US","potentialAction":[{"@type":"ReadAction","target":["https:\/\/www.mexicanguitarplayers.com\/tienda\/sin categor\u00eda\/cajon-meinlc-percusiones-pbasscaj-kit\/"]}]},{"@type":"ImageObject","inLanguage":"en-US","@id":"https:\/\/www.mexicanguitarplayers.com\/tienda\/sin categor\u00eda\/cajon-meinlc-percusiones-pbasscaj-kit\/#primaryimage","url":"https:\/\/www.mexicanguitarplayers.com\/wp-content\/uploads\/2025\/04\/IPMEIPBASSCAJK.jpg","contentUrl":"https:\/\/www.mexicanguitarplayers.com\/wp-content\/uploads\/2025\/04\/IPMEIPBASSCAJK.jpg","width":1200,"height":1200},{"@type":"BreadcrumbList","@id":"https:\/\/www.mexicanguitarplayers.com\/tienda\/sin categor\u00eda\/cajon-meinlc-percusiones-pbasscaj-kit\/#breadcrumb","itemListElement":[{"@type":"ListItem","position":1,"name":"Portada","item":"https:\/\/www.mexicanguitarplayers.com\/"},{"@type":"ListItem","position":2,"name":"Tienda","item":"https:\/\/www.mexicanguitarplayers.com\/tienda\/"},{"@type":"ListItem","position":3,"name":"CAJON MEINLC\/PERCUSIONES PBASSCAJ-KIT"}]},{"@type":"WebSite","@id":"https:\/\/www.mexicanguitarplayers.com\/#website","url":"https:\/\/www.mexicanguitarplayers.com\/","name":"Mexican Guitar Players","description":"Website","publisher":{"@id":"https:\/\/www.mexicanguitarplayers.com\/#organization"},"potentialAction":[{"@type":"SearchAction","target":{"@type":"EntryPoint","urlTemplate":"https:\/\/www.mexicanguitarplayers.com\/?s={search_term_string}"},"query-input":{"@type":"PropertyValueSpecification","valueRequired":true,"valueName":"search_term_string"}}],"inLanguage":"en-US"},{"@type":"Organization","@id":"https:\/\/www.mexicanguitarplayers.com\/#organization","name":"Mexican Guitar Players","url":"https:\/\/www.mexicanguitarplayers.com\/","logo":{"@type":"ImageObject","inLanguage":"en-US","@id":"https:\/\/www.mexicanguitarplayers.com\/#\/schema\/logo\/image\/","url":"","contentUrl":"","caption":"Mexican Guitar Players"},"image":{"@id":"https:\/\/www.mexicanguitarplayers.com\/#\/schema\/logo\/image\/"}}]}},"brands":[{"id":290,"name":"MEINL","slug":"meinl"}],"_links":{"self":[{"href":"https:\/\/www.mexicanguitarplayers.com\/en\/wp-json\/wp\/v2\/product\/25033","targetHints":{"allow":["GET"]}}],"collection":[{"href":"https:\/\/www.mexicanguitarplayers.com\/en\/wp-json\/wp\/v2\/product"}],"about":[{"href":"https:\/\/www.mexicanguitarplayers.com\/en\/wp-json\/wp\/v2\/types\/product"}],"replies":[{"embeddable":true,"href":"https:\/\/www.mexicanguitarplayers.com\/en\/wp-json\/wp\/v2\/comments?post=25033"}],"wp:featuredmedia":[{"embeddable":true,"href":"https:\/\/www.mexicanguitarplayers.com\/en\/wp-json\/wp\/v2\/media\/25031"}],"wp:attachment":[{"href":"https:\/\/www.mexicanguitarplayers.com\/en\/wp-json\/wp\/v2\/media?parent=25033"}],"wp:term":[{"taxonomy":"pwb-brand","embeddable":true,"href":"https:\/\/www.mexicanguitarplayers.com\/en\/wp-json\/wp\/v2\/pwb-brand?post=25033"},{"taxonomy":"product_brand","embeddable":true,"href":"https:\/\/www.mexicanguitarplayers.com\/en\/wp-json\/wp\/v2\/product_brand?post=25033"},{"taxonomy":"product_cat","embeddable":true,"href":"https:\/\/www.mexicanguitarplayers.com\/en\/wp-json\/wp\/v2\/product_cat?post=25033"},{"taxonomy":"product_tag","embeddable":true,"href":"https:\/\/www.mexicanguitarplayers.com\/en\/wp-json\/wp\/v2\/product_tag?post=25033"}],"curies":[{"name":"wp","href":"https:\/\/api.w.org\/{rel}","templated":true}]}}