{"id":25078,"date":"2025-04-06T15:22:55","date_gmt":"2025-04-06T21:22:55","guid":{"rendered":"https:\/\/www.mexicanguitarplayers.com\/tienda\/sin categor\u00eda\/microfibra-music-nomad-p-limpieza-mn241\/"},"modified":"2026-04-10T04:46:18","modified_gmt":"2026-04-10T10:46:18","slug":"microfibra-music-nomad-p-limpieza-mn241","status":"publish","type":"product","link":"https:\/\/www.mexicanguitarplayers.com\/en\/tienda\/accesorios\/para-bateria\/cuidado-y-proteccion\/microfibra-music-nomad-p-limpieza-mn241\/","title":{"rendered":"MICROFIBRA MUSIC NOMAD P\/LIMPIEZA MN241"},"content":{"rendered":"<div style=\"text-align: justify\">\n<div>\n<h3>Si vas a tener uno, este es ese UNO.<\/h3>\n<\/div>\n<div>Ya sea practicando en casa o tocando en vivo, limpiar tu guitarra o bajo antes, durante y despu\u00e9s de tocar, es fundamental para preservar y mantener su cuerpo, brazo y cuerdas con un rendimiento y apariencia \u00f3ptimos. La microfibra Beyond Plush de Music Nomad ofrece caracter\u00edsticas y beneficios incomparables. No se pasa por alto ning\u00fan detalle, comenzando con las fibras de felpa m\u00e1s profundas y definitivas para atrapar y alejar el polvo de la superficie. El polvo que se deposita en tu cuerpo, puede rayar el terminado al frotarlo. Las fibras de felpa son extremadamente efectivas para limpiar suavemente las huellas dactilares, la suciedad y el sudor. \u00bfCuello pegajoso? La acumulaci\u00f3n vive en todo tu instrumento, pero el uso de la tela Beyond Plush puede reducir o eliminar esa sensaci\u00f3n. Dale la vuelta al pa\u00f1o para usar la microfibra de gamuza de perfil bajo para limpiar tus cuerdas. Con 90,000 fibras por pulgada cuadrada y una construcci\u00f3n sin pelusa, la fibra de gamuza est\u00e1 dise\u00f1ada para limpiar el sudor, la grasa de los dedos y la acumulaci\u00f3n de suciedad que ataca las cuerdas y reduce la vida \u00fatil y el tono de las cuerdas. Incluso usamos un ribete de microfibra suave para evitar que el acabado se raye. Mantenlo cerca y \u00fasalo con frecuencia para lucir, sonar y tocar mejor.<\/div>\n<div>\n<h4>Quick look<\/h4>\n<\/div>\n<ul style=\"margin: 0px 0px 0px 25px\">\n<li style=\"list-style-type: circle;margin: 5px\">Kind.<\/li>\n<li style=\"list-style-type: circle;margin: 5px\">Uso.<\/li>\n<li style=\"list-style-type: circle;margin: 5px\">Protecci\u00f3n.<\/li>\n<li style=\"list-style-type: circle;margin: 5px\">Dimensions.<\/li>\n<\/ul>\n<div>\n<div style=\"font-weight: bold\">Kind.<\/div>\n<div>\n<p>Microfibra 2 en 1. Una cara de microfibra ultra felpa para cuerpo y brazo. Otra cara de microfibra de ante de pelo corto para las cuerdas.<\/p>\n<\/div>\n<div style=\"font-weight: bold\">Uso.<\/div>\n<div>\n<p>Utiliza antes, durante y despu\u00e9s de tocar.<\/p>\n<\/div>\n<div style=\"font-weight: bold\">Protecci\u00f3n.<\/div>\n<div>\n<p>Protege el cuerpo y el brazo de la suciedad, mejora la vida y el tono de las cuerdas.<\/p>\n<\/div>\n<div style=\"font-weight: bold\">Dimensions.<\/div>\n<div>\n<p>12\u201d x 12\u201d.<\/p>\n<\/div>\n<\/div>\n<\/div>","protected":false},"excerpt":{"rendered":"<p>Microfibra 2 en 1 Beyond Push, una cara de microfibra ultra felpa para cuerpo y brazo y otra cara de microfibra de ante de pelo corto para las cuerdas, utiliza antes, durante y despu\u00e9s de tocar, protege el cuerpo y el brazo de la suciedad, mejora la vida y el tono de las cuerdas, dimensiones: 12\u201d x 12\u201d.&hellip; <a class=\"kt-excerpt-readmore more-link\" href=\"https:\/\/www.mexicanguitarplayers.com\/en\/tienda\/accesorios\/para-bateria\/cuidado-y-proteccion\/microfibra-music-nomad-p-limpieza-mn241\/\">Read more<\/a><\/p>","protected":false},"featured_media":25072,"comment_status":"open","ping_status":"closed","template":"","meta":{"kt_blocks_editor_width":""},"pwb-brand":[622],"product_brand":[],"product_cat":[85,421,336],"product_tag":[],"class_list":{"0":"post-25078","1":"product","2":"type-product","3":"status-publish","4":"has-post-thumbnail","6":"pwb-brand-music-nomad","7":"product_cat-accesorios","8":"product_cat-cuidado-y-proteccion","9":"product_cat-para-guitarras","10":"product_shipping_class-0-5-kg","12":"first","13":"outofstock","14":"taxable","15":"shipping-taxable","16":"purchasable","17":"product-type-simple"},"yoast_head":"<!-- This site is optimized with the Yoast SEO plugin v27.5 - https:\/\/yoast.com\/product\/yoast-seo-wordpress\/ -->\n<title>MICROFIBRA MUSIC NOMAD P\/LIMPIEZA MN241 - Mexican Guitar Players<\/title>\n<meta name=\"description\" content=\"Microfibra 2 en 1 Beyond Push, una cara de microfibra ultra felpa para cuerpo y brazo y otra cara de microfibra de ante de pelo corto para las cuerdas, utiliza antes, durante y despu\u00e9s de tocar, protege el cuerpo y el brazo de la suciedad, mejora la vida y el tono de las cuerdas, dimensiones: 12\u201d x 12\u201d.\" \/>\n<meta name=\"robots\" content=\"index, follow, max-snippet:-1, max-image-preview:large, max-video-preview:-1\" \/>\n<link rel=\"canonical\" href=\"https:\/\/www.mexicanguitarplayers.com\/en\/tienda\/sin%20categor\u00eda\/microfibra-music-nomad-p-limpieza-mn241\/\" \/>\n<meta property=\"og:locale\" content=\"en_US\" \/>\n<meta property=\"og:type\" content=\"article\" \/>\n<meta property=\"og:title\" content=\"MICROFIBRA MUSIC NOMAD P\/LIMPIEZA MN241 - Mexican Guitar Players\" \/>\n<meta property=\"og:description\" content=\"Microfibra 2 en 1 Beyond Push, una cara de microfibra ultra felpa para cuerpo y brazo y otra cara de microfibra de ante de pelo corto para las cuerdas, utiliza antes, durante y despu\u00e9s de tocar, protege el cuerpo y el brazo de la suciedad, mejora la vida y el tono de las cuerdas, dimensiones: 12\u201d x 12\u201d.\" \/>\n<meta property=\"og:url\" content=\"https:\/\/www.mexicanguitarplayers.com\/en\/tienda\/sin categor\u00eda\/microfibra-music-nomad-p-limpieza-mn241\/\" \/>\n<meta property=\"og:site_name\" content=\"Mexican Guitar Players\" \/>\n<meta property=\"article:modified_time\" content=\"2026-04-10T10:46:18+00:00\" \/>\n<meta name=\"twitter:card\" content=\"summary_large_image\" \/>\n<meta name=\"twitter:label1\" content=\"Est. reading time\" \/>\n\t<meta name=\"twitter:data1\" content=\"2 minutes\" \/>\n<script type=\"application\/ld+json\" class=\"yoast-schema-graph\">{\"@context\":\"https:\\\/\\\/schema.org\",\"@graph\":[{\"@type\":[\"WebPage\",\"ItemPage\"],\"@id\":\"https:\\\/\\\/www.mexicanguitarplayers.com\\\/tienda\\\/sin categor\u00eda\\\/microfibra-music-nomad-p-limpieza-mn241\\\/\",\"url\":\"https:\\\/\\\/www.mexicanguitarplayers.com\\\/tienda\\\/sin categor\u00eda\\\/microfibra-music-nomad-p-limpieza-mn241\\\/\",\"name\":\"MICROFIBRA MUSIC NOMAD P\\\/LIMPIEZA MN241 - Mexican Guitar Players\",\"isPartOf\":{\"@id\":\"https:\\\/\\\/www.mexicanguitarplayers.com\\\/#website\"},\"primaryImageOfPage\":{\"@id\":\"https:\\\/\\\/www.mexicanguitarplayers.com\\\/tienda\\\/sin categor\u00eda\\\/microfibra-music-nomad-p-limpieza-mn241\\\/#primaryimage\"},\"image\":{\"@id\":\"https:\\\/\\\/www.mexicanguitarplayers.com\\\/tienda\\\/sin categor\u00eda\\\/microfibra-music-nomad-p-limpieza-mn241\\\/#primaryimage\"},\"thumbnailUrl\":\"https:\\\/\\\/www.mexicanguitarplayers.com\\\/wp-content\\\/uploads\\\/2025\\\/04\\\/RAMNDMN241.jpg\",\"datePublished\":\"2025-04-06T21:22:55+00:00\",\"dateModified\":\"2026-04-10T10:46:18+00:00\",\"description\":\"Microfibra 2 en 1 Beyond Push, una cara de microfibra ultra felpa para cuerpo y brazo y otra cara de microfibra de ante de pelo corto para las cuerdas, utiliza antes, durante y despu\u00e9s de tocar, protege el cuerpo y el brazo de la suciedad, mejora la vida y el tono de las cuerdas, dimensiones: 12\u201d x 12\u201d.\",\"breadcrumb\":{\"@id\":\"https:\\\/\\\/www.mexicanguitarplayers.com\\\/tienda\\\/sin categor\u00eda\\\/microfibra-music-nomad-p-limpieza-mn241\\\/#breadcrumb\"},\"inLanguage\":\"en-US\",\"potentialAction\":[{\"@type\":\"ReadAction\",\"target\":[\"https:\\\/\\\/www.mexicanguitarplayers.com\\\/tienda\\\/sin categor\u00eda\\\/microfibra-music-nomad-p-limpieza-mn241\\\/\"]}]},{\"@type\":\"ImageObject\",\"inLanguage\":\"en-US\",\"@id\":\"https:\\\/\\\/www.mexicanguitarplayers.com\\\/tienda\\\/sin categor\u00eda\\\/microfibra-music-nomad-p-limpieza-mn241\\\/#primaryimage\",\"url\":\"https:\\\/\\\/www.mexicanguitarplayers.com\\\/wp-content\\\/uploads\\\/2025\\\/04\\\/RAMNDMN241.jpg\",\"contentUrl\":\"https:\\\/\\\/www.mexicanguitarplayers.com\\\/wp-content\\\/uploads\\\/2025\\\/04\\\/RAMNDMN241.jpg\",\"width\":1200,\"height\":1200},{\"@type\":\"BreadcrumbList\",\"@id\":\"https:\\\/\\\/www.mexicanguitarplayers.com\\\/tienda\\\/sin categor\u00eda\\\/microfibra-music-nomad-p-limpieza-mn241\\\/#breadcrumb\",\"itemListElement\":[{\"@type\":\"ListItem\",\"position\":1,\"name\":\"Portada\",\"item\":\"https:\\\/\\\/www.mexicanguitarplayers.com\\\/\"},{\"@type\":\"ListItem\",\"position\":2,\"name\":\"Tienda\",\"item\":\"https:\\\/\\\/www.mexicanguitarplayers.com\\\/tienda\\\/\"},{\"@type\":\"ListItem\",\"position\":3,\"name\":\"MICROFIBRA MUSIC NOMAD P\\\/LIMPIEZA MN241\"}]},{\"@type\":\"WebSite\",\"@id\":\"https:\\\/\\\/www.mexicanguitarplayers.com\\\/#website\",\"url\":\"https:\\\/\\\/www.mexicanguitarplayers.com\\\/\",\"name\":\"Mexican Guitar Players\",\"description\":\"Website\",\"publisher\":{\"@id\":\"https:\\\/\\\/www.mexicanguitarplayers.com\\\/#organization\"},\"potentialAction\":[{\"@type\":\"SearchAction\",\"target\":{\"@type\":\"EntryPoint\",\"urlTemplate\":\"https:\\\/\\\/www.mexicanguitarplayers.com\\\/?s={search_term_string}\"},\"query-input\":{\"@type\":\"PropertyValueSpecification\",\"valueRequired\":true,\"valueName\":\"search_term_string\"}}],\"inLanguage\":\"en-US\"},{\"@type\":\"Organization\",\"@id\":\"https:\\\/\\\/www.mexicanguitarplayers.com\\\/#organization\",\"name\":\"Mexican Guitar Players\",\"url\":\"https:\\\/\\\/www.mexicanguitarplayers.com\\\/\",\"logo\":{\"@type\":\"ImageObject\",\"inLanguage\":\"en-US\",\"@id\":\"https:\\\/\\\/www.mexicanguitarplayers.com\\\/#\\\/schema\\\/logo\\\/image\\\/\",\"url\":\"\",\"contentUrl\":\"\",\"caption\":\"Mexican Guitar Players\"},\"image\":{\"@id\":\"https:\\\/\\\/www.mexicanguitarplayers.com\\\/#\\\/schema\\\/logo\\\/image\\\/\"}}]}<\/script>\n<!-- \/ Yoast SEO plugin. -->","yoast_head_json":{"title":"MICROFIBRA MUSIC NOMAD P\/LIMPIEZA MN241 - Mexican Guitar Players","description":"Microfibra 2 en 1 Beyond Push, una cara de microfibra ultra felpa para cuerpo y brazo y otra cara de microfibra de ante de pelo corto para las cuerdas, utiliza antes, durante y despu\u00e9s de tocar, protege el cuerpo y el brazo de la suciedad, mejora la vida y el tono de las cuerdas, dimensiones: 12\u201d x 12\u201d.","robots":{"index":"index","follow":"follow","max-snippet":"max-snippet:-1","max-image-preview":"max-image-preview:large","max-video-preview":"max-video-preview:-1"},"canonical":"https:\/\/www.mexicanguitarplayers.com\/en\/tienda\/sin categor\u00eda\/microfibra-music-nomad-p-limpieza-mn241\/","og_locale":"en_US","og_type":"article","og_title":"MICROFIBRA MUSIC NOMAD P\/LIMPIEZA MN241 - Mexican Guitar Players","og_description":"Microfibra 2 en 1 Beyond Push, una cara de microfibra ultra felpa para cuerpo y brazo y otra cara de microfibra de ante de pelo corto para las cuerdas, utiliza antes, durante y despu\u00e9s de tocar, protege el cuerpo y el brazo de la suciedad, mejora la vida y el tono de las cuerdas, dimensiones: 12\u201d x 12\u201d.","og_url":"https:\/\/www.mexicanguitarplayers.com\/en\/tienda\/sin categor\u00eda\/microfibra-music-nomad-p-limpieza-mn241\/","og_site_name":"Mexican Guitar Players","article_modified_time":"2026-04-10T10:46:18+00:00","twitter_card":"summary_large_image","twitter_misc":{"Est. reading time":"2 minutes"},"schema":{"@context":"https:\/\/schema.org","@graph":[{"@type":["WebPage","ItemPage"],"@id":"https:\/\/www.mexicanguitarplayers.com\/tienda\/sin categor\u00eda\/microfibra-music-nomad-p-limpieza-mn241\/","url":"https:\/\/www.mexicanguitarplayers.com\/tienda\/sin categor\u00eda\/microfibra-music-nomad-p-limpieza-mn241\/","name":"MICROFIBRA MUSIC NOMAD P\/LIMPIEZA MN241 - Mexican Guitar Players","isPartOf":{"@id":"https:\/\/www.mexicanguitarplayers.com\/#website"},"primaryImageOfPage":{"@id":"https:\/\/www.mexicanguitarplayers.com\/tienda\/sin categor\u00eda\/microfibra-music-nomad-p-limpieza-mn241\/#primaryimage"},"image":{"@id":"https:\/\/www.mexicanguitarplayers.com\/tienda\/sin categor\u00eda\/microfibra-music-nomad-p-limpieza-mn241\/#primaryimage"},"thumbnailUrl":"https:\/\/www.mexicanguitarplayers.com\/wp-content\/uploads\/2025\/04\/RAMNDMN241.jpg","datePublished":"2025-04-06T21:22:55+00:00","dateModified":"2026-04-10T10:46:18+00:00","description":"Microfibra 2 en 1 Beyond Push, una cara de microfibra ultra felpa para cuerpo y brazo y otra cara de microfibra de ante de pelo corto para las cuerdas, utiliza antes, durante y despu\u00e9s de tocar, protege el cuerpo y el brazo de la suciedad, mejora la vida y el tono de las cuerdas, dimensiones: 12\u201d x 12\u201d.","breadcrumb":{"@id":"https:\/\/www.mexicanguitarplayers.com\/tienda\/sin categor\u00eda\/microfibra-music-nomad-p-limpieza-mn241\/#breadcrumb"},"inLanguage":"en-US","potentialAction":[{"@type":"ReadAction","target":["https:\/\/www.mexicanguitarplayers.com\/tienda\/sin categor\u00eda\/microfibra-music-nomad-p-limpieza-mn241\/"]}]},{"@type":"ImageObject","inLanguage":"en-US","@id":"https:\/\/www.mexicanguitarplayers.com\/tienda\/sin categor\u00eda\/microfibra-music-nomad-p-limpieza-mn241\/#primaryimage","url":"https:\/\/www.mexicanguitarplayers.com\/wp-content\/uploads\/2025\/04\/RAMNDMN241.jpg","contentUrl":"https:\/\/www.mexicanguitarplayers.com\/wp-content\/uploads\/2025\/04\/RAMNDMN241.jpg","width":1200,"height":1200},{"@type":"BreadcrumbList","@id":"https:\/\/www.mexicanguitarplayers.com\/tienda\/sin categor\u00eda\/microfibra-music-nomad-p-limpieza-mn241\/#breadcrumb","itemListElement":[{"@type":"ListItem","position":1,"name":"Portada","item":"https:\/\/www.mexicanguitarplayers.com\/"},{"@type":"ListItem","position":2,"name":"Tienda","item":"https:\/\/www.mexicanguitarplayers.com\/tienda\/"},{"@type":"ListItem","position":3,"name":"MICROFIBRA MUSIC NOMAD P\/LIMPIEZA MN241"}]},{"@type":"WebSite","@id":"https:\/\/www.mexicanguitarplayers.com\/#website","url":"https:\/\/www.mexicanguitarplayers.com\/","name":"Mexican Guitar Players","description":"Website","publisher":{"@id":"https:\/\/www.mexicanguitarplayers.com\/#organization"},"potentialAction":[{"@type":"SearchAction","target":{"@type":"EntryPoint","urlTemplate":"https:\/\/www.mexicanguitarplayers.com\/?s={search_term_string}"},"query-input":{"@type":"PropertyValueSpecification","valueRequired":true,"valueName":"search_term_string"}}],"inLanguage":"en-US"},{"@type":"Organization","@id":"https:\/\/www.mexicanguitarplayers.com\/#organization","name":"Mexican Guitar Players","url":"https:\/\/www.mexicanguitarplayers.com\/","logo":{"@type":"ImageObject","inLanguage":"en-US","@id":"https:\/\/www.mexicanguitarplayers.com\/#\/schema\/logo\/image\/","url":"","contentUrl":"","caption":"Mexican Guitar Players"},"image":{"@id":"https:\/\/www.mexicanguitarplayers.com\/#\/schema\/logo\/image\/"}}]}},"brands":[{"id":622,"name":"MUSIC NOMAD","slug":"music-nomad"}],"_links":{"self":[{"href":"https:\/\/www.mexicanguitarplayers.com\/en\/wp-json\/wp\/v2\/product\/25078","targetHints":{"allow":["GET"]}}],"collection":[{"href":"https:\/\/www.mexicanguitarplayers.com\/en\/wp-json\/wp\/v2\/product"}],"about":[{"href":"https:\/\/www.mexicanguitarplayers.com\/en\/wp-json\/wp\/v2\/types\/product"}],"replies":[{"embeddable":true,"href":"https:\/\/www.mexicanguitarplayers.com\/en\/wp-json\/wp\/v2\/comments?post=25078"}],"wp:featuredmedia":[{"embeddable":true,"href":"https:\/\/www.mexicanguitarplayers.com\/en\/wp-json\/wp\/v2\/media\/25072"}],"wp:attachment":[{"href":"https:\/\/www.mexicanguitarplayers.com\/en\/wp-json\/wp\/v2\/media?parent=25078"}],"wp:term":[{"taxonomy":"pwb-brand","embeddable":true,"href":"https:\/\/www.mexicanguitarplayers.com\/en\/wp-json\/wp\/v2\/pwb-brand?post=25078"},{"taxonomy":"product_brand","embeddable":true,"href":"https:\/\/www.mexicanguitarplayers.com\/en\/wp-json\/wp\/v2\/product_brand?post=25078"},{"taxonomy":"product_cat","embeddable":true,"href":"https:\/\/www.mexicanguitarplayers.com\/en\/wp-json\/wp\/v2\/product_cat?post=25078"},{"taxonomy":"product_tag","embeddable":true,"href":"https:\/\/www.mexicanguitarplayers.com\/en\/wp-json\/wp\/v2\/product_tag?post=25078"}],"curies":[{"name":"wp","href":"https:\/\/api.w.org\/{rel}","templated":true}]}}