{"id":25105,"date":"2025-04-06T15:24:32","date_gmt":"2025-04-06T21:24:32","guid":{"rendered":"https:\/\/www.mexicanguitarplayers.com\/tienda\/sin categor\u00eda\/deslizador-slide-planet-waves-pwgs-sm\/"},"modified":"2026-03-26T16:15:23","modified_gmt":"2026-03-26T22:15:23","slug":"deslizador-slide-planet-waves-pwgs-sm","status":"publish","type":"product","link":"https:\/\/www.mexicanguitarplayers.com\/en\/tienda\/accesorios\/para-guitarras\/slides\/deslizador-slide-planet-waves-pwgs-sm\/","title":{"rendered":"DESLIZADOR SLIDE PLANET WAVES PWGS-SM"},"content":{"rendered":"<div style=\"text-align: justify\">\n<div>\n<h3>\u00a1El mejor slide para tu guitarra!  <\/h3>\n<\/div>\n<div>Los deslizadores de vidrio de Planet Waves est\u00e1n fabricados en borosilicato para proporcionar mayor durabilidad, suavidad y tono. El deslizador peque\u00f1o es perfecto para guitarristas a los que les gusta usar el deslizador en el dedo me\u00f1ique. Cada deslizador de vidrio de Planet Waves se somete a un tratamiento t\u00e9rmico para darle bordes uniformes y un acabado perfecto, lo que permite que el deslizador resbale sobre las cuerdas, mientras el espesor del vidrio de 4 mm produce un tono c\u00e1lido y grueso. Estos deslizadores se encuentran disponibles en tama\u00f1o peque\u00f1o, mediano y grande.<\/div>\n<div>\n<h4>Quick look<\/h4>\n<\/div>\n<ul style=\"margin: 0px 0px 0px 25px\">\n<li style=\"list-style-type: circle;margin: 5px\">Dise\u00f1o especial.<\/li>\n<li style=\"list-style-type: circle;margin: 5px\">Espesor.<\/li>\n<li style=\"list-style-type: circle;margin: 5px\">Longitud mediana.<\/li>\n<li style=\"list-style-type: circle;margin: 5px\">Material.<\/li>\n<li style=\"list-style-type: circle;margin: 5px\">Terminado.<\/li>\n<\/ul>\n<div>\n<div style=\"font-weight: bold\">Dise\u00f1o especial.<\/div>\n<div>\n<p>Est\u00e1 dise\u00f1ado de manera tradicional para que su sonido sea lo m\u00e1s puro y n\u00edtido, adem\u00e1s de contar con acabados especiales para tu mayor comodidad.<\/p>\n<\/div>\n<div style=\"font-weight: bold\">Espesor.<\/div>\n<div>\n<p>Su espesor de 4 mm produce un tono c\u00e1lido y grueso y efecto sostenido.<\/p>\n<\/div>\n<div style=\"font-weight: bold\">Longitud mediana.<\/div>\n<div>\n<p>Longitud: 51 mm.Di\u00e1metro interno de 21,5 mm.<\/p>\n<\/div>\n<div style=\"font-weight: bold\">Material.<\/div>\n<div>\n<p>Fabricado con borosilicato para proporcionar durabilidad, suavidad y tono mejorados.<\/p>\n<\/div>\n<div style=\"font-weight: bold\">Terminado.<\/div>\n<div>\n<p>Su acabado perfecto y su superficie extra suave se deslizan sobre las cuerdas.<\/p>\n<\/div>\n<\/div>\n<div>\n<h4>Characteristics<\/h4>\n<\/div>\n<div>\n<ul style=\"margin: 0px 0px 0px 25px\">\n<li style=\"list-style-type: circle;margin: 5px\">Tratado con calor para suavizar las orillas.<\/li>\n<\/ul>\n<\/div>\n<\/div>","protected":false},"excerpt":{"rendered":"<p>Deslizador de vidrio de Planet Waves, tama\u00f1o mediano, fabricado en borosilicatopara proporcionar mayor durabilidad, suavidad y tono, vidrio de 4 mm de espesor,superficie extra suave para deslizarse sin problemas sobre las cuerdas, longitud de 51 mm, di\u00e1metro interno de 21,5 mm.&hellip; <a class=\"kt-excerpt-readmore more-link\" href=\"https:\/\/www.mexicanguitarplayers.com\/en\/tienda\/accesorios\/para-guitarras\/slides\/deslizador-slide-planet-waves-pwgs-sm\/\">Read more<\/a><\/p>","protected":false},"featured_media":25104,"comment_status":"open","ping_status":"closed","template":"","meta":{"kt_blocks_editor_width":""},"pwb-brand":[604],"product_brand":[],"product_cat":[85,336,635],"product_tag":[],"class_list":{"0":"post-25105","1":"product","2":"type-product","3":"status-publish","4":"has-post-thumbnail","6":"pwb-brand-planet-waves","7":"product_cat-accesorios","8":"product_cat-para-guitarras","9":"product_cat-slides","10":"product_shipping_class-0-5-kg","12":"first","13":"instock","14":"taxable","15":"shipping-taxable","16":"purchasable","17":"product-type-simple"},"yoast_head":"<!-- This site is optimized with the Yoast SEO plugin v27.3 - https:\/\/yoast.com\/product\/yoast-seo-wordpress\/ -->\n<title>DESLIZADOR SLIDE PLANET WAVES PWGS-SM - Mexican Guitar Players<\/title>\n<meta name=\"description\" content=\"Deslizador de vidrio de Planet Waves, tama\u00f1o mediano, fabricado en borosilicatopara proporcionar mayor durabilidad, suavidad y tono, vidrio de 4 mm de espesor,superficie extra suave para deslizarse sin problemas sobre las cuerdas, longitud de 51 mm, di\u00e1metro interno de 21,5 mm.\" \/>\n<meta name=\"robots\" content=\"index, follow, max-snippet:-1, max-image-preview:large, max-video-preview:-1\" \/>\n<link rel=\"canonical\" href=\"https:\/\/www.mexicanguitarplayers.com\/en\/tienda\/sin%20categor\u00eda\/deslizador-slide-planet-waves-pwgs-sm\/\" \/>\n<meta property=\"og:locale\" content=\"en_US\" \/>\n<meta property=\"og:type\" content=\"article\" \/>\n<meta property=\"og:title\" content=\"DESLIZADOR SLIDE PLANET WAVES PWGS-SM - Mexican Guitar Players\" \/>\n<meta property=\"og:description\" content=\"Deslizador de vidrio de Planet Waves, tama\u00f1o mediano, fabricado en borosilicatopara proporcionar mayor durabilidad, suavidad y tono, vidrio de 4 mm de espesor,superficie extra suave para deslizarse sin problemas sobre las cuerdas, longitud de 51 mm, di\u00e1metro interno de 21,5 mm.\" \/>\n<meta property=\"og:url\" content=\"https:\/\/www.mexicanguitarplayers.com\/en\/tienda\/sin categor\u00eda\/deslizador-slide-planet-waves-pwgs-sm\/\" \/>\n<meta property=\"og:site_name\" content=\"Mexican Guitar Players\" \/>\n<meta property=\"article:modified_time\" content=\"2026-03-26T22:15:23+00:00\" \/>\n<meta name=\"twitter:card\" content=\"summary_large_image\" \/>\n<meta name=\"twitter:label1\" content=\"Est. reading time\" \/>\n\t<meta name=\"twitter:data1\" content=\"1 minute\" \/>\n<script type=\"application\/ld+json\" class=\"yoast-schema-graph\">{\"@context\":\"https:\\\/\\\/schema.org\",\"@graph\":[{\"@type\":[\"WebPage\",\"ItemPage\"],\"@id\":\"https:\\\/\\\/www.mexicanguitarplayers.com\\\/tienda\\\/sin categor\u00eda\\\/deslizador-slide-planet-waves-pwgs-sm\\\/\",\"url\":\"https:\\\/\\\/www.mexicanguitarplayers.com\\\/tienda\\\/sin categor\u00eda\\\/deslizador-slide-planet-waves-pwgs-sm\\\/\",\"name\":\"DESLIZADOR SLIDE PLANET WAVES PWGS-SM - Mexican Guitar Players\",\"isPartOf\":{\"@id\":\"https:\\\/\\\/www.mexicanguitarplayers.com\\\/#website\"},\"primaryImageOfPage\":{\"@id\":\"https:\\\/\\\/www.mexicanguitarplayers.com\\\/tienda\\\/sin categor\u00eda\\\/deslizador-slide-planet-waves-pwgs-sm\\\/#primaryimage\"},\"image\":{\"@id\":\"https:\\\/\\\/www.mexicanguitarplayers.com\\\/tienda\\\/sin categor\u00eda\\\/deslizador-slide-planet-waves-pwgs-sm\\\/#primaryimage\"},\"thumbnailUrl\":\"https:\\\/\\\/www.mexicanguitarplayers.com\\\/wp-content\\\/uploads\\\/2025\\\/04\\\/RAPWAPWGSSM.jpg\",\"datePublished\":\"2025-04-06T21:24:32+00:00\",\"dateModified\":\"2026-03-26T22:15:23+00:00\",\"description\":\"Deslizador de vidrio de Planet Waves, tama\u00f1o mediano, fabricado en borosilicatopara proporcionar mayor durabilidad, suavidad y tono, vidrio de 4 mm de espesor,superficie extra suave para deslizarse sin problemas sobre las cuerdas, longitud de 51 mm, di\u00e1metro interno de 21,5 mm.\",\"breadcrumb\":{\"@id\":\"https:\\\/\\\/www.mexicanguitarplayers.com\\\/tienda\\\/sin categor\u00eda\\\/deslizador-slide-planet-waves-pwgs-sm\\\/#breadcrumb\"},\"inLanguage\":\"en-US\",\"potentialAction\":[{\"@type\":\"ReadAction\",\"target\":[\"https:\\\/\\\/www.mexicanguitarplayers.com\\\/tienda\\\/sin categor\u00eda\\\/deslizador-slide-planet-waves-pwgs-sm\\\/\"]}]},{\"@type\":\"ImageObject\",\"inLanguage\":\"en-US\",\"@id\":\"https:\\\/\\\/www.mexicanguitarplayers.com\\\/tienda\\\/sin categor\u00eda\\\/deslizador-slide-planet-waves-pwgs-sm\\\/#primaryimage\",\"url\":\"https:\\\/\\\/www.mexicanguitarplayers.com\\\/wp-content\\\/uploads\\\/2025\\\/04\\\/RAPWAPWGSSM.jpg\",\"contentUrl\":\"https:\\\/\\\/www.mexicanguitarplayers.com\\\/wp-content\\\/uploads\\\/2025\\\/04\\\/RAPWAPWGSSM.jpg\",\"width\":800,\"height\":1600},{\"@type\":\"BreadcrumbList\",\"@id\":\"https:\\\/\\\/www.mexicanguitarplayers.com\\\/tienda\\\/sin categor\u00eda\\\/deslizador-slide-planet-waves-pwgs-sm\\\/#breadcrumb\",\"itemListElement\":[{\"@type\":\"ListItem\",\"position\":1,\"name\":\"Portada\",\"item\":\"https:\\\/\\\/www.mexicanguitarplayers.com\\\/\"},{\"@type\":\"ListItem\",\"position\":2,\"name\":\"Tienda\",\"item\":\"https:\\\/\\\/www.mexicanguitarplayers.com\\\/tienda\\\/\"},{\"@type\":\"ListItem\",\"position\":3,\"name\":\"DESLIZADOR SLIDE PLANET WAVES PWGS-SM\"}]},{\"@type\":\"WebSite\",\"@id\":\"https:\\\/\\\/www.mexicanguitarplayers.com\\\/#website\",\"url\":\"https:\\\/\\\/www.mexicanguitarplayers.com\\\/\",\"name\":\"Mexican Guitar Players\",\"description\":\"Website\",\"publisher\":{\"@id\":\"https:\\\/\\\/www.mexicanguitarplayers.com\\\/#organization\"},\"potentialAction\":[{\"@type\":\"SearchAction\",\"target\":{\"@type\":\"EntryPoint\",\"urlTemplate\":\"https:\\\/\\\/www.mexicanguitarplayers.com\\\/?s={search_term_string}\"},\"query-input\":{\"@type\":\"PropertyValueSpecification\",\"valueRequired\":true,\"valueName\":\"search_term_string\"}}],\"inLanguage\":\"en-US\"},{\"@type\":\"Organization\",\"@id\":\"https:\\\/\\\/www.mexicanguitarplayers.com\\\/#organization\",\"name\":\"Mexican Guitar Players\",\"url\":\"https:\\\/\\\/www.mexicanguitarplayers.com\\\/\",\"logo\":{\"@type\":\"ImageObject\",\"inLanguage\":\"en-US\",\"@id\":\"https:\\\/\\\/www.mexicanguitarplayers.com\\\/#\\\/schema\\\/logo\\\/image\\\/\",\"url\":\"\",\"contentUrl\":\"\",\"caption\":\"Mexican Guitar Players\"},\"image\":{\"@id\":\"https:\\\/\\\/www.mexicanguitarplayers.com\\\/#\\\/schema\\\/logo\\\/image\\\/\"}}]}<\/script>\n<!-- \/ Yoast SEO plugin. -->","yoast_head_json":{"title":"DESLIZADOR SLIDE PLANET WAVES PWGS-SM - Mexican Guitar Players","description":"Deslizador de vidrio de Planet Waves, tama\u00f1o mediano, fabricado en borosilicatopara proporcionar mayor durabilidad, suavidad y tono, vidrio de 4 mm de espesor,superficie extra suave para deslizarse sin problemas sobre las cuerdas, longitud de 51 mm, di\u00e1metro interno de 21,5 mm.","robots":{"index":"index","follow":"follow","max-snippet":"max-snippet:-1","max-image-preview":"max-image-preview:large","max-video-preview":"max-video-preview:-1"},"canonical":"https:\/\/www.mexicanguitarplayers.com\/en\/tienda\/sin categor\u00eda\/deslizador-slide-planet-waves-pwgs-sm\/","og_locale":"en_US","og_type":"article","og_title":"DESLIZADOR SLIDE PLANET WAVES PWGS-SM - Mexican Guitar Players","og_description":"Deslizador de vidrio de Planet Waves, tama\u00f1o mediano, fabricado en borosilicatopara proporcionar mayor durabilidad, suavidad y tono, vidrio de 4 mm de espesor,superficie extra suave para deslizarse sin problemas sobre las cuerdas, longitud de 51 mm, di\u00e1metro interno de 21,5 mm.","og_url":"https:\/\/www.mexicanguitarplayers.com\/en\/tienda\/sin categor\u00eda\/deslizador-slide-planet-waves-pwgs-sm\/","og_site_name":"Mexican Guitar Players","article_modified_time":"2026-03-26T22:15:23+00:00","twitter_card":"summary_large_image","twitter_misc":{"Est. reading time":"1 minute"},"schema":{"@context":"https:\/\/schema.org","@graph":[{"@type":["WebPage","ItemPage"],"@id":"https:\/\/www.mexicanguitarplayers.com\/tienda\/sin categor\u00eda\/deslizador-slide-planet-waves-pwgs-sm\/","url":"https:\/\/www.mexicanguitarplayers.com\/tienda\/sin categor\u00eda\/deslizador-slide-planet-waves-pwgs-sm\/","name":"DESLIZADOR SLIDE PLANET WAVES PWGS-SM - Mexican Guitar Players","isPartOf":{"@id":"https:\/\/www.mexicanguitarplayers.com\/#website"},"primaryImageOfPage":{"@id":"https:\/\/www.mexicanguitarplayers.com\/tienda\/sin categor\u00eda\/deslizador-slide-planet-waves-pwgs-sm\/#primaryimage"},"image":{"@id":"https:\/\/www.mexicanguitarplayers.com\/tienda\/sin categor\u00eda\/deslizador-slide-planet-waves-pwgs-sm\/#primaryimage"},"thumbnailUrl":"https:\/\/www.mexicanguitarplayers.com\/wp-content\/uploads\/2025\/04\/RAPWAPWGSSM.jpg","datePublished":"2025-04-06T21:24:32+00:00","dateModified":"2026-03-26T22:15:23+00:00","description":"Deslizador de vidrio de Planet Waves, tama\u00f1o mediano, fabricado en borosilicatopara proporcionar mayor durabilidad, suavidad y tono, vidrio de 4 mm de espesor,superficie extra suave para deslizarse sin problemas sobre las cuerdas, longitud de 51 mm, di\u00e1metro interno de 21,5 mm.","breadcrumb":{"@id":"https:\/\/www.mexicanguitarplayers.com\/tienda\/sin categor\u00eda\/deslizador-slide-planet-waves-pwgs-sm\/#breadcrumb"},"inLanguage":"en-US","potentialAction":[{"@type":"ReadAction","target":["https:\/\/www.mexicanguitarplayers.com\/tienda\/sin categor\u00eda\/deslizador-slide-planet-waves-pwgs-sm\/"]}]},{"@type":"ImageObject","inLanguage":"en-US","@id":"https:\/\/www.mexicanguitarplayers.com\/tienda\/sin categor\u00eda\/deslizador-slide-planet-waves-pwgs-sm\/#primaryimage","url":"https:\/\/www.mexicanguitarplayers.com\/wp-content\/uploads\/2025\/04\/RAPWAPWGSSM.jpg","contentUrl":"https:\/\/www.mexicanguitarplayers.com\/wp-content\/uploads\/2025\/04\/RAPWAPWGSSM.jpg","width":800,"height":1600},{"@type":"BreadcrumbList","@id":"https:\/\/www.mexicanguitarplayers.com\/tienda\/sin categor\u00eda\/deslizador-slide-planet-waves-pwgs-sm\/#breadcrumb","itemListElement":[{"@type":"ListItem","position":1,"name":"Portada","item":"https:\/\/www.mexicanguitarplayers.com\/"},{"@type":"ListItem","position":2,"name":"Tienda","item":"https:\/\/www.mexicanguitarplayers.com\/tienda\/"},{"@type":"ListItem","position":3,"name":"DESLIZADOR SLIDE PLANET WAVES PWGS-SM"}]},{"@type":"WebSite","@id":"https:\/\/www.mexicanguitarplayers.com\/#website","url":"https:\/\/www.mexicanguitarplayers.com\/","name":"Mexican Guitar Players","description":"Website","publisher":{"@id":"https:\/\/www.mexicanguitarplayers.com\/#organization"},"potentialAction":[{"@type":"SearchAction","target":{"@type":"EntryPoint","urlTemplate":"https:\/\/www.mexicanguitarplayers.com\/?s={search_term_string}"},"query-input":{"@type":"PropertyValueSpecification","valueRequired":true,"valueName":"search_term_string"}}],"inLanguage":"en-US"},{"@type":"Organization","@id":"https:\/\/www.mexicanguitarplayers.com\/#organization","name":"Mexican Guitar Players","url":"https:\/\/www.mexicanguitarplayers.com\/","logo":{"@type":"ImageObject","inLanguage":"en-US","@id":"https:\/\/www.mexicanguitarplayers.com\/#\/schema\/logo\/image\/","url":"","contentUrl":"","caption":"Mexican Guitar Players"},"image":{"@id":"https:\/\/www.mexicanguitarplayers.com\/#\/schema\/logo\/image\/"}}]}},"brands":[{"id":604,"name":"PLANET WAVES","slug":"planet-waves"}],"_links":{"self":[{"href":"https:\/\/www.mexicanguitarplayers.com\/en\/wp-json\/wp\/v2\/product\/25105","targetHints":{"allow":["GET"]}}],"collection":[{"href":"https:\/\/www.mexicanguitarplayers.com\/en\/wp-json\/wp\/v2\/product"}],"about":[{"href":"https:\/\/www.mexicanguitarplayers.com\/en\/wp-json\/wp\/v2\/types\/product"}],"replies":[{"embeddable":true,"href":"https:\/\/www.mexicanguitarplayers.com\/en\/wp-json\/wp\/v2\/comments?post=25105"}],"wp:featuredmedia":[{"embeddable":true,"href":"https:\/\/www.mexicanguitarplayers.com\/en\/wp-json\/wp\/v2\/media\/25104"}],"wp:attachment":[{"href":"https:\/\/www.mexicanguitarplayers.com\/en\/wp-json\/wp\/v2\/media?parent=25105"}],"wp:term":[{"taxonomy":"pwb-brand","embeddable":true,"href":"https:\/\/www.mexicanguitarplayers.com\/en\/wp-json\/wp\/v2\/pwb-brand?post=25105"},{"taxonomy":"product_brand","embeddable":true,"href":"https:\/\/www.mexicanguitarplayers.com\/en\/wp-json\/wp\/v2\/product_brand?post=25105"},{"taxonomy":"product_cat","embeddable":true,"href":"https:\/\/www.mexicanguitarplayers.com\/en\/wp-json\/wp\/v2\/product_cat?post=25105"},{"taxonomy":"product_tag","embeddable":true,"href":"https:\/\/www.mexicanguitarplayers.com\/en\/wp-json\/wp\/v2\/product_tag?post=25105"}],"curies":[{"name":"wp","href":"https:\/\/api.w.org\/{rel}","templated":true}]}}