{"id":25142,"date":"2025-04-06T15:27:01","date_gmt":"2025-04-06T21:27:01","guid":{"rendered":"https:\/\/www.mexicanguitarplayers.com\/tienda\/sin categor\u00eda\/amplificador-ashdown-p-bajo-abm-1200-evo\/"},"modified":"2025-04-06T15:27:01","modified_gmt":"2025-04-06T21:27:01","slug":"amplificador-ashdown-p-bajo-abm-1200-evo","status":"publish","type":"product","link":"https:\/\/www.mexicanguitarplayers.com\/en\/tienda\/cuerdas\/amplificadores-cuerdas\/amps-para-bajo\/amplificador-ashdown-p-bajo-abm-1200-evo\/","title":{"rendered":"AMPLIFICADOR ASHDOWN P\/BAJO ABM-1200-EVO"},"content":{"rendered":"<div style=\"text-align: justify\">\n<div>\n<h3>Obt\u00e9n el sonido l\u00edder para bajo.<\/h3>\n<\/div>\n<div>El ABM 1200 EVO IV equipa el preamplificador ABM con una etapa de potencia de 1200W. Inmediatamente identificable en escenarios alrededor del mundo gracias a su resplandeciente medidor VU, el ABM de Ashdown ha sido la firma favorita de bajistas profesionales durante la mayor parte de los \u00faltimos 20 a\u00f1os. Ahora en esta quinta encarnaci\u00f3n, el ABM EVO IV combina una sofisticada pre amplificaci\u00f3n l\u00edder en su clase con un rendimiento mejorado y un nuevo ecualizador de 9 bandas y est\u00e1 disponible en tres versiones de cabezales, dos de 600W y uno de 1200W.<\/div>\n<div>\n<h4>Quick look<\/h4>\n<\/div>\n<ul style=\"margin: 0px 0px 0px 25px\">\n<li style=\"list-style-type: circle;margin: 5px\">Output power.<\/li>\n<li style=\"list-style-type: circle;margin: 5px\">Requerimientos de energ\u00eda.<\/li>\n<li style=\"list-style-type: circle;margin: 5px\">Salidas de altavoz.<\/li>\n<li style=\"list-style-type: circle;margin: 5px\">Frequency response.<\/li>\n<li style=\"list-style-type: circle;margin: 5px\">Entrada de instrumento alta.<\/li>\n<li style=\"list-style-type: circle;margin: 5px\">Entrada de instrumento baja.<\/li>\n<li style=\"list-style-type: circle;margin: 5px\">Salida de l\u00ednea.<\/li>\n<li style=\"list-style-type: circle;margin: 5px\">DI output.<\/li>\n<li style=\"list-style-type: circle;margin: 5px\">Salida de afinador.<\/li>\n<li style=\"list-style-type: circle;margin: 5px\">Impedance.<\/li>\n<li style=\"list-style-type: circle;margin: 5px\">Env\u00edo de efectos.<\/li>\n<li style=\"list-style-type: circle;margin: 5px\">Retorno de efectos.<\/li>\n<li style=\"list-style-type: circle;margin: 5px\">Bulbos de salida,<\/li>\n<li style=\"list-style-type: circle;margin: 5px\">Dimensions.<\/li>\n<li style=\"list-style-type: circle;margin: 5px\">Weight.<\/li>\n<\/ul>\n<div>\n<div style=\"font-weight: bold\">Output power.<\/div>\n<div>\n<p>600W + 600W.<\/p>\n<\/div>\n<div style=\"font-weight: bold\">Requerimientos de energ\u00eda.<\/div>\n<div>\n<p>115-230V.<\/p>\n<\/div>\n<div style=\"font-weight: bold\">Salidas de altavoz.<\/div>\n<div>\n<p>4 salidas Jack\/Speakon.<\/p>\n<\/div>\n<div style=\"font-weight: bold\">Frequency response.<\/div>\n<div>\n<p>3 dB @ 17 Hz &#8211; 30 kHz.<\/p>\n<\/div>\n<div style=\"font-weight: bold\">Entrada de instrumento alta.<\/div>\n<div>\n<p>Impedancia 3.9 mili-ohms, rango de entrada 150mV.<\/p>\n<\/div>\n<div style=\"font-weight: bold\">Entrada de instrumento baja.<\/div>\n<div>\n<p>Impedancia 10 kilo-ohms, rango de entrada 300mV &#8211; 40V p-p.<\/p>\n<\/div>\n<div style=\"font-weight: bold\">Salida de l\u00ednea.<\/div>\n<div>\n<p>Impedancia 22 kilo-ohms, nivel de entrada 0 dBu nominal.<\/p>\n<\/div>\n<div style=\"font-weight: bold\">DI output.<\/div>\n<div>\n<p>600 ohms balanceado, nivel 0 dBu nominal.<\/p>\n<\/div>\n<div style=\"font-weight: bold\">Salida de afinador.<\/div>\n<div>\n<p>Impedancia 22 kilo-ohms, nivel 0 dBu nominal.<\/p>\n<\/div>\n<div style=\"font-weight: bold\">Impedance.<\/div>\n<div>\n<p>M\u00ednimo 4 ohms por lado.<\/p>\n<\/div>\n<div style=\"font-weight: bold\">Env\u00edo de efectos.<\/div>\n<div>\n<p>Impedancia 22 kilo-ohms, nivel 0 dBu nominal.<\/p>\n<\/div>\n<div style=\"font-weight: bold\">Retorno de efectos.<\/div>\n<div>\n<p>Impedancia 22 kilo-ohms, nivel de entrada 0 dBu nominal.<\/p>\n<\/div>\n<div style=\"font-weight: bold\">Bulbos de salida,<\/div>\n<div>\n<p>1 x 12AX7.<\/p>\n<\/div>\n<div style=\"font-weight: bold\">Dimensions.<\/div>\n<div>\n<p>155 x 610 x 360 mm.<\/p>\n<\/div>\n<div style=\"font-weight: bold\">Weight.<\/div>\n<div>\n<p>21 kg.<\/p>\n<\/div>\n<\/div>\n<\/div>","protected":false},"excerpt":{"rendered":"<p>Amplificador de bulbos para bajo, potencia de salida: 600W+600W, salidas de altavoz: 4 jacks\/Speakon, respuesta de frecuencia: -3 dB @ 17 Hz &#8211; 30 kHz, impedancia: m\u00ednimo 4 ohms por lado, un bulbo 12AX7 de salida, dimensiones: 155 x 610 x 360 mm, peso: 21 kg.&hellip; <a class=\"kt-excerpt-readmore more-link\" href=\"https:\/\/www.mexicanguitarplayers.com\/en\/tienda\/cuerdas\/amplificadores-cuerdas\/amps-para-bajo\/amplificador-ashdown-p-bajo-abm-1200-evo\/\">Read more<\/a><\/p>","protected":false},"featured_media":25135,"comment_status":"open","ping_status":"closed","template":"","meta":{"kt_blocks_editor_width":""},"pwb-brand":[257],"product_brand":[],"product_cat":[219,254,224],"product_tag":[],"class_list":{"0":"post-25142","1":"product","2":"type-product","3":"status-publish","4":"has-post-thumbnail","6":"pwb-brand-ashdown","7":"product_cat-amplificadores-audio","8":"product_cat-amps-para-bajo","9":"product_cat-cuerdas","10":"product_shipping_class-15-20-kg","12":"first","13":"outofstock","14":"taxable","15":"shipping-taxable","16":"purchasable","17":"product-type-simple"},"yoast_head":"<!-- This site is optimized with the Yoast SEO plugin v27.3 - https:\/\/yoast.com\/product\/yoast-seo-wordpress\/ -->\n<title>AMPLIFICADOR ASHDOWN P\/BAJO ABM-1200-EVO - Mexican Guitar Players<\/title>\n<meta name=\"description\" content=\"Amplificador de bulbos para bajo, potencia de salida: 600W+600W, salidas de altavoz: 4 jacks\/Speakon, respuesta de frecuencia: -3 dB @ 17 Hz - 30 kHz, impedancia: m\u00ednimo 4 ohms por lado, un bulbo 12AX7 de salida, dimensiones: 155 x 610 x 360 mm, peso: 21 kg.\" \/>\n<meta name=\"robots\" content=\"index, follow, max-snippet:-1, max-image-preview:large, max-video-preview:-1\" \/>\n<link rel=\"canonical\" href=\"https:\/\/www.mexicanguitarplayers.com\/en\/tienda\/sin%20categor\u00eda\/amplificador-ashdown-p-bajo-abm-1200-evo\/\" \/>\n<meta property=\"og:locale\" content=\"en_US\" \/>\n<meta property=\"og:type\" content=\"article\" \/>\n<meta property=\"og:title\" content=\"AMPLIFICADOR ASHDOWN P\/BAJO ABM-1200-EVO - Mexican Guitar Players\" \/>\n<meta property=\"og:description\" content=\"Amplificador de bulbos para bajo, potencia de salida: 600W+600W, salidas de altavoz: 4 jacks\/Speakon, respuesta de frecuencia: -3 dB @ 17 Hz - 30 kHz, impedancia: m\u00ednimo 4 ohms por lado, un bulbo 12AX7 de salida, dimensiones: 155 x 610 x 360 mm, peso: 21 kg.\" \/>\n<meta property=\"og:url\" content=\"https:\/\/www.mexicanguitarplayers.com\/en\/tienda\/sin categor\u00eda\/amplificador-ashdown-p-bajo-abm-1200-evo\/\" \/>\n<meta property=\"og:site_name\" content=\"Mexican Guitar Players\" \/>\n<meta name=\"twitter:card\" content=\"summary_large_image\" \/>\n<meta name=\"twitter:label1\" content=\"Est. reading time\" \/>\n\t<meta name=\"twitter:data1\" content=\"1 minute\" \/>\n<script type=\"application\/ld+json\" class=\"yoast-schema-graph\">{\"@context\":\"https:\\\/\\\/schema.org\",\"@graph\":[{\"@type\":[\"WebPage\",\"ItemPage\"],\"@id\":\"https:\\\/\\\/www.mexicanguitarplayers.com\\\/tienda\\\/sin categor\u00eda\\\/amplificador-ashdown-p-bajo-abm-1200-evo\\\/\",\"url\":\"https:\\\/\\\/www.mexicanguitarplayers.com\\\/tienda\\\/sin categor\u00eda\\\/amplificador-ashdown-p-bajo-abm-1200-evo\\\/\",\"name\":\"AMPLIFICADOR ASHDOWN P\\\/BAJO ABM-1200-EVO - Mexican Guitar Players\",\"isPartOf\":{\"@id\":\"https:\\\/\\\/www.mexicanguitarplayers.com\\\/#website\"},\"primaryImageOfPage\":{\"@id\":\"https:\\\/\\\/www.mexicanguitarplayers.com\\\/tienda\\\/sin categor\u00eda\\\/amplificador-ashdown-p-bajo-abm-1200-evo\\\/#primaryimage\"},\"image\":{\"@id\":\"https:\\\/\\\/www.mexicanguitarplayers.com\\\/tienda\\\/sin categor\u00eda\\\/amplificador-ashdown-p-bajo-abm-1200-evo\\\/#primaryimage\"},\"thumbnailUrl\":\"https:\\\/\\\/www.mexicanguitarplayers.com\\\/wp-content\\\/uploads\\\/2025\\\/04\\\/ICASOABM1200IV.jpg\",\"datePublished\":\"2025-04-06T21:27:01+00:00\",\"description\":\"Amplificador de bulbos para bajo, potencia de salida: 600W+600W, salidas de altavoz: 4 jacks\\\/Speakon, respuesta de frecuencia: -3 dB @ 17 Hz - 30 kHz, impedancia: m\u00ednimo 4 ohms por lado, un bulbo 12AX7 de salida, dimensiones: 155 x 610 x 360 mm, peso: 21 kg.\",\"breadcrumb\":{\"@id\":\"https:\\\/\\\/www.mexicanguitarplayers.com\\\/tienda\\\/sin categor\u00eda\\\/amplificador-ashdown-p-bajo-abm-1200-evo\\\/#breadcrumb\"},\"inLanguage\":\"en-US\",\"potentialAction\":[{\"@type\":\"ReadAction\",\"target\":[\"https:\\\/\\\/www.mexicanguitarplayers.com\\\/tienda\\\/sin categor\u00eda\\\/amplificador-ashdown-p-bajo-abm-1200-evo\\\/\"]}]},{\"@type\":\"ImageObject\",\"inLanguage\":\"en-US\",\"@id\":\"https:\\\/\\\/www.mexicanguitarplayers.com\\\/tienda\\\/sin categor\u00eda\\\/amplificador-ashdown-p-bajo-abm-1200-evo\\\/#primaryimage\",\"url\":\"https:\\\/\\\/www.mexicanguitarplayers.com\\\/wp-content\\\/uploads\\\/2025\\\/04\\\/ICASOABM1200IV.jpg\",\"contentUrl\":\"https:\\\/\\\/www.mexicanguitarplayers.com\\\/wp-content\\\/uploads\\\/2025\\\/04\\\/ICASOABM1200IV.jpg\",\"width\":1600,\"height\":800},{\"@type\":\"BreadcrumbList\",\"@id\":\"https:\\\/\\\/www.mexicanguitarplayers.com\\\/tienda\\\/sin categor\u00eda\\\/amplificador-ashdown-p-bajo-abm-1200-evo\\\/#breadcrumb\",\"itemListElement\":[{\"@type\":\"ListItem\",\"position\":1,\"name\":\"Portada\",\"item\":\"https:\\\/\\\/www.mexicanguitarplayers.com\\\/\"},{\"@type\":\"ListItem\",\"position\":2,\"name\":\"Tienda\",\"item\":\"https:\\\/\\\/www.mexicanguitarplayers.com\\\/tienda\\\/\"},{\"@type\":\"ListItem\",\"position\":3,\"name\":\"AMPLIFICADOR ASHDOWN P\\\/BAJO ABM-1200-EVO\"}]},{\"@type\":\"WebSite\",\"@id\":\"https:\\\/\\\/www.mexicanguitarplayers.com\\\/#website\",\"url\":\"https:\\\/\\\/www.mexicanguitarplayers.com\\\/\",\"name\":\"Mexican Guitar Players\",\"description\":\"Website\",\"publisher\":{\"@id\":\"https:\\\/\\\/www.mexicanguitarplayers.com\\\/#organization\"},\"potentialAction\":[{\"@type\":\"SearchAction\",\"target\":{\"@type\":\"EntryPoint\",\"urlTemplate\":\"https:\\\/\\\/www.mexicanguitarplayers.com\\\/?s={search_term_string}\"},\"query-input\":{\"@type\":\"PropertyValueSpecification\",\"valueRequired\":true,\"valueName\":\"search_term_string\"}}],\"inLanguage\":\"en-US\"},{\"@type\":\"Organization\",\"@id\":\"https:\\\/\\\/www.mexicanguitarplayers.com\\\/#organization\",\"name\":\"Mexican Guitar Players\",\"url\":\"https:\\\/\\\/www.mexicanguitarplayers.com\\\/\",\"logo\":{\"@type\":\"ImageObject\",\"inLanguage\":\"en-US\",\"@id\":\"https:\\\/\\\/www.mexicanguitarplayers.com\\\/#\\\/schema\\\/logo\\\/image\\\/\",\"url\":\"\",\"contentUrl\":\"\",\"caption\":\"Mexican Guitar Players\"},\"image\":{\"@id\":\"https:\\\/\\\/www.mexicanguitarplayers.com\\\/#\\\/schema\\\/logo\\\/image\\\/\"}}]}<\/script>\n<!-- \/ Yoast SEO plugin. -->","yoast_head_json":{"title":"AMPLIFICADOR ASHDOWN P\/BAJO ABM-1200-EVO - Mexican Guitar Players","description":"Amplificador de bulbos para bajo, potencia de salida: 600W+600W, salidas de altavoz: 4 jacks\/Speakon, respuesta de frecuencia: -3 dB @ 17 Hz - 30 kHz, impedancia: m\u00ednimo 4 ohms por lado, un bulbo 12AX7 de salida, dimensiones: 155 x 610 x 360 mm, peso: 21 kg.","robots":{"index":"index","follow":"follow","max-snippet":"max-snippet:-1","max-image-preview":"max-image-preview:large","max-video-preview":"max-video-preview:-1"},"canonical":"https:\/\/www.mexicanguitarplayers.com\/en\/tienda\/sin categor\u00eda\/amplificador-ashdown-p-bajo-abm-1200-evo\/","og_locale":"en_US","og_type":"article","og_title":"AMPLIFICADOR ASHDOWN P\/BAJO ABM-1200-EVO - Mexican Guitar Players","og_description":"Amplificador de bulbos para bajo, potencia de salida: 600W+600W, salidas de altavoz: 4 jacks\/Speakon, respuesta de frecuencia: -3 dB @ 17 Hz - 30 kHz, impedancia: m\u00ednimo 4 ohms por lado, un bulbo 12AX7 de salida, dimensiones: 155 x 610 x 360 mm, peso: 21 kg.","og_url":"https:\/\/www.mexicanguitarplayers.com\/en\/tienda\/sin categor\u00eda\/amplificador-ashdown-p-bajo-abm-1200-evo\/","og_site_name":"Mexican Guitar Players","twitter_card":"summary_large_image","twitter_misc":{"Est. reading time":"1 minute"},"schema":{"@context":"https:\/\/schema.org","@graph":[{"@type":["WebPage","ItemPage"],"@id":"https:\/\/www.mexicanguitarplayers.com\/tienda\/sin categor\u00eda\/amplificador-ashdown-p-bajo-abm-1200-evo\/","url":"https:\/\/www.mexicanguitarplayers.com\/tienda\/sin categor\u00eda\/amplificador-ashdown-p-bajo-abm-1200-evo\/","name":"AMPLIFICADOR ASHDOWN P\/BAJO ABM-1200-EVO - Mexican Guitar Players","isPartOf":{"@id":"https:\/\/www.mexicanguitarplayers.com\/#website"},"primaryImageOfPage":{"@id":"https:\/\/www.mexicanguitarplayers.com\/tienda\/sin categor\u00eda\/amplificador-ashdown-p-bajo-abm-1200-evo\/#primaryimage"},"image":{"@id":"https:\/\/www.mexicanguitarplayers.com\/tienda\/sin categor\u00eda\/amplificador-ashdown-p-bajo-abm-1200-evo\/#primaryimage"},"thumbnailUrl":"https:\/\/www.mexicanguitarplayers.com\/wp-content\/uploads\/2025\/04\/ICASOABM1200IV.jpg","datePublished":"2025-04-06T21:27:01+00:00","description":"Amplificador de bulbos para bajo, potencia de salida: 600W+600W, salidas de altavoz: 4 jacks\/Speakon, respuesta de frecuencia: -3 dB @ 17 Hz - 30 kHz, impedancia: m\u00ednimo 4 ohms por lado, un bulbo 12AX7 de salida, dimensiones: 155 x 610 x 360 mm, peso: 21 kg.","breadcrumb":{"@id":"https:\/\/www.mexicanguitarplayers.com\/tienda\/sin categor\u00eda\/amplificador-ashdown-p-bajo-abm-1200-evo\/#breadcrumb"},"inLanguage":"en-US","potentialAction":[{"@type":"ReadAction","target":["https:\/\/www.mexicanguitarplayers.com\/tienda\/sin categor\u00eda\/amplificador-ashdown-p-bajo-abm-1200-evo\/"]}]},{"@type":"ImageObject","inLanguage":"en-US","@id":"https:\/\/www.mexicanguitarplayers.com\/tienda\/sin categor\u00eda\/amplificador-ashdown-p-bajo-abm-1200-evo\/#primaryimage","url":"https:\/\/www.mexicanguitarplayers.com\/wp-content\/uploads\/2025\/04\/ICASOABM1200IV.jpg","contentUrl":"https:\/\/www.mexicanguitarplayers.com\/wp-content\/uploads\/2025\/04\/ICASOABM1200IV.jpg","width":1600,"height":800},{"@type":"BreadcrumbList","@id":"https:\/\/www.mexicanguitarplayers.com\/tienda\/sin categor\u00eda\/amplificador-ashdown-p-bajo-abm-1200-evo\/#breadcrumb","itemListElement":[{"@type":"ListItem","position":1,"name":"Portada","item":"https:\/\/www.mexicanguitarplayers.com\/"},{"@type":"ListItem","position":2,"name":"Tienda","item":"https:\/\/www.mexicanguitarplayers.com\/tienda\/"},{"@type":"ListItem","position":3,"name":"AMPLIFICADOR ASHDOWN P\/BAJO ABM-1200-EVO"}]},{"@type":"WebSite","@id":"https:\/\/www.mexicanguitarplayers.com\/#website","url":"https:\/\/www.mexicanguitarplayers.com\/","name":"Mexican Guitar Players","description":"Website","publisher":{"@id":"https:\/\/www.mexicanguitarplayers.com\/#organization"},"potentialAction":[{"@type":"SearchAction","target":{"@type":"EntryPoint","urlTemplate":"https:\/\/www.mexicanguitarplayers.com\/?s={search_term_string}"},"query-input":{"@type":"PropertyValueSpecification","valueRequired":true,"valueName":"search_term_string"}}],"inLanguage":"en-US"},{"@type":"Organization","@id":"https:\/\/www.mexicanguitarplayers.com\/#organization","name":"Mexican Guitar Players","url":"https:\/\/www.mexicanguitarplayers.com\/","logo":{"@type":"ImageObject","inLanguage":"en-US","@id":"https:\/\/www.mexicanguitarplayers.com\/#\/schema\/logo\/image\/","url":"","contentUrl":"","caption":"Mexican Guitar Players"},"image":{"@id":"https:\/\/www.mexicanguitarplayers.com\/#\/schema\/logo\/image\/"}}]}},"brands":[{"id":257,"name":"ASHDOWN","slug":"ashdown"}],"_links":{"self":[{"href":"https:\/\/www.mexicanguitarplayers.com\/en\/wp-json\/wp\/v2\/product\/25142","targetHints":{"allow":["GET"]}}],"collection":[{"href":"https:\/\/www.mexicanguitarplayers.com\/en\/wp-json\/wp\/v2\/product"}],"about":[{"href":"https:\/\/www.mexicanguitarplayers.com\/en\/wp-json\/wp\/v2\/types\/product"}],"replies":[{"embeddable":true,"href":"https:\/\/www.mexicanguitarplayers.com\/en\/wp-json\/wp\/v2\/comments?post=25142"}],"wp:featuredmedia":[{"embeddable":true,"href":"https:\/\/www.mexicanguitarplayers.com\/en\/wp-json\/wp\/v2\/media\/25135"}],"wp:attachment":[{"href":"https:\/\/www.mexicanguitarplayers.com\/en\/wp-json\/wp\/v2\/media?parent=25142"}],"wp:term":[{"taxonomy":"pwb-brand","embeddable":true,"href":"https:\/\/www.mexicanguitarplayers.com\/en\/wp-json\/wp\/v2\/pwb-brand?post=25142"},{"taxonomy":"product_brand","embeddable":true,"href":"https:\/\/www.mexicanguitarplayers.com\/en\/wp-json\/wp\/v2\/product_brand?post=25142"},{"taxonomy":"product_cat","embeddable":true,"href":"https:\/\/www.mexicanguitarplayers.com\/en\/wp-json\/wp\/v2\/product_cat?post=25142"},{"taxonomy":"product_tag","embeddable":true,"href":"https:\/\/www.mexicanguitarplayers.com\/en\/wp-json\/wp\/v2\/product_tag?post=25142"}],"curies":[{"name":"wp","href":"https:\/\/api.w.org\/{rel}","templated":true}]}}