{"id":25182,"date":"2025-04-06T15:38:48","date_gmt":"2025-04-06T21:38:48","guid":{"rendered":"https:\/\/www.mexicanguitarplayers.com\/tienda\/sin categor\u00eda\/bocina-beyma-12-mod-12xa30nd\/"},"modified":"2025-07-01T04:29:39","modified_gmt":"2025-07-01T10:29:39","slug":"bocina-beyma-12-mod-12xa30nd","status":"publish","type":"product","link":"https:\/\/www.mexicanguitarplayers.com\/en\/tienda\/audio\/bafles-y-bocinas\/bocinas-y-componentes\/medios\/bocina-beyma-12-mod-12xa30nd\/","title":{"rendered":"BOCINA BEYMA  12     MOD. 12XA30ND"},"content":{"rendered":"<div style=\"text-align: justify\">\n<div>\n<h3>El mejor sonido.<\/h3>\n<\/div>\n<div>El atlavoz coaxial 12XA30ND de Beyma incluye un woofer de 12&#8243; pulgadas y un driver de compresi\u00f3n de alta frecuencia de 2&#8243; pulgadas, ambos drivers utilizan imanes ligeros de neodimio,el driver HF cuenta con una bobina m\u00f3vil de aluminio con una combinaci\u00f3n de domo de titanio y marco de poli\u00e9ster que produce un sonido extremadamente suave, maneja una poderosa potencia de 350W ASE y 700W prograa, es adecuada para gabintes compactos y ofrece un sonido muy c\u00e1lido y suave hasta para el escucha m\u00e1s exigente.<\/div>\n<div>\n<h4>Quick look<\/h4>\n<\/div>\n<ul style=\"margin: 0px 0px 0px 25px\">\n<li style=\"list-style-type: circle;margin: 5px\">Baja frecuencia.<\/li>\n<li style=\"list-style-type: circle;margin: 5px\">Alta frecuencia.<\/li>\n<li style=\"list-style-type: circle;margin: 5px\">Informaci\u00f3n de montaje.<\/li>\n<li style=\"list-style-type: circle;margin: 5px\">Materiales baja frecuencia.<\/li>\n<li style=\"list-style-type: circle;margin: 5px\">Materiales alta frecuencia.<\/li>\n<li style=\"list-style-type: circle;margin: 5px\">Par\u00e1metros.<\/li>\n<\/ul>\n<div>\n<div style=\"font-weight: bold\">Baja frecuencia.<\/div>\n<div>\n<p>Di\u00e1metro: 12\u201d pulgadas (300 mm). Impedancia: 8 ohms. Potencia: AES: 350W \/ Programa: 700W. Rango de frecuencia: 35 Hz &#8211; 4 kHz. Sensibilidad: 98 dB. Bobina m\u00f3vil: 4\u201d (100 mm). Volumen recomendado del gabinete: 1.49-3.53 pies c\u00fabicos. Factor BL: 18.2 N\/A. Masa m\u00f3vil: .072 kg. Longitud del bobinado: 16 mm. Altura del entrehierro: 9 mm. Da\u00f1o X (pico a pico): 28 mm. Peso magn\u00e9tico: 4.2 kg.<\/p>\n<\/div>\n<div style=\"font-weight: bold\">Alta frecuencia.<\/div>\n<div>\n<p>Impedancia: 16 ohms. Impedancia m\u00ednima: 13.5 ohms @ 3.5 kHz. Potencia AES: 90W @ 1 kHz. Rango de frecuencia: 500 Hz &#8211; 20 kHz. Sensibilidad (1W\/1m): 105 dB SPL. Di\u00e1metro de la bobina m\u00f3vil: 2.87\u201d (72.2 mm). Densidad de flujo: 1.6T. Factor BL: 15.3 N\/A. Dispersi\u00f3n: 80\u00b0 c\u00f3nico.<\/p>\n<\/div>\n<div style=\"font-weight: bold\">Informaci\u00f3n de montaje.<\/div>\n<div>\n<p>Di\u00e1metro total 12.28\u201d (312 mm). Di\u00e1metro del c\u00edrculo del perno: 11.61\u201d (295 mm). Di\u00e1metro del corte del agujero montaje frontal: 11.18\u201d (284 mm). Di\u00e1metro del corte del agujero montaje posterior: 11.18\u201d (284 mm). Agujeros de montaje: 8. Volumen desplazado por el driver: 0.23 pies c\u00fabicos (6.5 litros). Profundidad total: 5.98\u201d (152 mm). Peso: 6.3 kg.<\/p>\n<\/div>\n<div style=\"font-weight: bold\">Materiales baja frecuencia.<\/div>\n<div>\n<p>Canasta: Aluminio fundido. Cono: Papel. Marco: Tela plastificada. Bobina m\u00f3vil: Cinta borde de aluminio. Im\u00e1n: Neodimio.<\/p>\n<\/div>\n<div style=\"font-weight: bold\">Materiales alta frecuencia.<\/div>\n<div>\n<p>Diafragma: Titanio. Bobina m\u00f3vil: Cinta borde de aluminio. Domo: Titanio. Marco: Poli\u00e9ster. Embobinador: Poliamida.<\/p>\n<\/div>\n<div style=\"font-weight: bold\">Par\u00e1metros.<\/div>\n<div>\n<p>FS (Frecuencia de resonancia): 35 Hz. Resistencia: 6.8 ohms. QMS (Factor de calidad mec\u00e1nica): 7.98. QES (Factor de calidad el\u00e9ctrica): .22. QTS (Factor de calidad total): .21. VAS (Volumen de aire equivalente a CMS): 6.07  pies c\u00fabicos (172 litros). XMAX (Desplazamiento m\u00e1ximo): 4 mm. \u00c1rea de superficie efectiva: .053 m2. Eficiencia de referencia: 4%. Volumen de desplazamiento: 210 cm3. Inductancia de la bobina m\u00f3vil (Le @ 1kHz): 1.3mH.<\/p>\n<\/div>\n<\/div>\n<\/div>","protected":false},"excerpt":{"rendered":"<p>Altavoz de 12\u201d pulgadas (300 mm), especificaciones de baja frecuencia: impedancia: 8 ohms, potencia AES: 300W, potencia programa: 700W, rango de frecuencia: 35 Hz &#8211; 4 kHz, sensibilidad: 98 dB, di\u00e1metro de la bobina m\u00f3vil: 4\u201d (100 mm), longitud del bobinado: 16 mm, altura del entrehierro: 9 mm, especificaciones de alta frecuencia: impedancia: 16 ohms, impedancia m\u00ednima: 13.5 ohms @ 3.5 kHz, potencia AES: 90W, rango de frecuencia: 500 Hz &#8211; 20 kHz, sensibilidad: 105 dB, bobina m\u00f3vil: 2.87\u201d (72.2 mm), dispersi\u00f3n: 80\u00b0 c\u00f3nico, peso: 6.3 kg.&hellip; <a class=\"kt-excerpt-readmore more-link\" href=\"https:\/\/www.mexicanguitarplayers.com\/en\/tienda\/audio\/bafles-y-bocinas\/bocinas-y-componentes\/medios\/bocina-beyma-12-mod-12xa30nd\/\">Read more<\/a><\/p>","protected":false},"featured_media":25181,"comment_status":"open","ping_status":"closed","template":"","meta":{"kt_blocks_editor_width":""},"pwb-brand":[477],"product_brand":[],"product_cat":[213,221,474,534],"product_tag":[],"class_list":{"0":"post-25182","1":"product","2":"type-product","3":"status-publish","4":"has-post-thumbnail","6":"pwb-brand-beyma","7":"product_cat-audio","8":"product_cat-bafles-y-bocinas","9":"product_cat-bocinas-y-componentes","10":"product_cat-medios","11":"product_shipping_class-5-10-kg","13":"first","14":"outofstock","15":"taxable","16":"shipping-taxable","17":"purchasable","18":"product-type-simple"},"yoast_head":"<!-- This site is optimized with the Yoast SEO plugin v27.3 - https:\/\/yoast.com\/product\/yoast-seo-wordpress\/ -->\n<title>BOCINA BEYMA 12   MOD. 12XA30ND - Mexican Guitar Players<\/title>\n<meta name=\"description\" content=\"Altavoz de 12\u201d pulgadas (300 mm), especificaciones de baja frecuencia: impedancia: 8 ohms, potencia AES: 300W, potencia programa: 700W, rango de frecuencia: 35 Hz - 4 kHz, sensibilidad: 98 dB, di\u00e1metro de la bobina m\u00f3vil: 4\u201d (100 mm), longitud del bobinado: 16 mm, altura del entrehierro: 9 mm, especificaciones de alta frecuencia: impedancia: 16 ohms, impedancia m\u00ednima: 13.5 ohms @ 3.5 kHz, potencia AES: 90W, rango de frecuencia: 500 Hz - 20 kHz, sensibilidad: 105 dB, bobina m\u00f3vil: 2.87\u201d (72.2 mm), dispersi\u00f3n: 80\u00b0 c\u00f3nico, peso: 6.3 kg.\" \/>\n<meta name=\"robots\" content=\"index, follow, max-snippet:-1, max-image-preview:large, max-video-preview:-1\" \/>\n<link rel=\"canonical\" href=\"https:\/\/www.mexicanguitarplayers.com\/en\/tienda\/sin%20categor\u00eda\/bocina-beyma-12-mod-12xa30nd\/\" \/>\n<meta property=\"og:locale\" content=\"en_US\" \/>\n<meta property=\"og:type\" content=\"article\" \/>\n<meta property=\"og:title\" content=\"BOCINA BEYMA 12   MOD. 12XA30ND - Mexican Guitar Players\" \/>\n<meta property=\"og:description\" content=\"Altavoz de 12\u201d pulgadas (300 mm), especificaciones de baja frecuencia: impedancia: 8 ohms, potencia AES: 300W, potencia programa: 700W, rango de frecuencia: 35 Hz - 4 kHz, sensibilidad: 98 dB, di\u00e1metro de la bobina m\u00f3vil: 4\u201d (100 mm), longitud del bobinado: 16 mm, altura del entrehierro: 9 mm, especificaciones de alta frecuencia: impedancia: 16 ohms, impedancia m\u00ednima: 13.5 ohms @ 3.5 kHz, potencia AES: 90W, rango de frecuencia: 500 Hz - 20 kHz, sensibilidad: 105 dB, bobina m\u00f3vil: 2.87\u201d (72.2 mm), dispersi\u00f3n: 80\u00b0 c\u00f3nico, peso: 6.3 kg.\" \/>\n<meta property=\"og:url\" content=\"https:\/\/www.mexicanguitarplayers.com\/en\/tienda\/sin categor\u00eda\/bocina-beyma-12-mod-12xa30nd\/\" \/>\n<meta property=\"og:site_name\" content=\"Mexican Guitar Players\" \/>\n<meta property=\"article:modified_time\" content=\"2025-07-01T10:29:39+00:00\" \/>\n<meta name=\"twitter:card\" content=\"summary_large_image\" \/>\n<meta name=\"twitter:label1\" content=\"Est. reading time\" \/>\n\t<meta name=\"twitter:data1\" content=\"2 minutes\" \/>\n<script type=\"application\/ld+json\" class=\"yoast-schema-graph\">{\"@context\":\"https:\\\/\\\/schema.org\",\"@graph\":[{\"@type\":[\"WebPage\",\"ItemPage\"],\"@id\":\"https:\\\/\\\/www.mexicanguitarplayers.com\\\/tienda\\\/sin categor\u00eda\\\/bocina-beyma-12-mod-12xa30nd\\\/\",\"url\":\"https:\\\/\\\/www.mexicanguitarplayers.com\\\/tienda\\\/sin categor\u00eda\\\/bocina-beyma-12-mod-12xa30nd\\\/\",\"name\":\"BOCINA BEYMA 12 MOD. 12XA30ND - Mexican Guitar Players\",\"isPartOf\":{\"@id\":\"https:\\\/\\\/www.mexicanguitarplayers.com\\\/#website\"},\"primaryImageOfPage\":{\"@id\":\"https:\\\/\\\/www.mexicanguitarplayers.com\\\/tienda\\\/sin categor\u00eda\\\/bocina-beyma-12-mod-12xa30nd\\\/#primaryimage\"},\"image\":{\"@id\":\"https:\\\/\\\/www.mexicanguitarplayers.com\\\/tienda\\\/sin categor\u00eda\\\/bocina-beyma-12-mod-12xa30nd\\\/#primaryimage\"},\"thumbnailUrl\":\"https:\\\/\\\/www.mexicanguitarplayers.com\\\/wp-content\\\/uploads\\\/2025\\\/04\\\/IABEY12XA30ND.jpg\",\"datePublished\":\"2025-04-06T21:38:48+00:00\",\"dateModified\":\"2025-07-01T10:29:39+00:00\",\"description\":\"Altavoz de 12\u201d pulgadas (300 mm), especificaciones de baja frecuencia: impedancia: 8 ohms, potencia AES: 300W, potencia programa: 700W, rango de frecuencia: 35 Hz - 4 kHz, sensibilidad: 98 dB, di\u00e1metro de la bobina m\u00f3vil: 4\u201d (100 mm), longitud del bobinado: 16 mm, altura del entrehierro: 9 mm, especificaciones de alta frecuencia: impedancia: 16 ohms, impedancia m\u00ednima: 13.5 ohms @ 3.5 kHz, potencia AES: 90W, rango de frecuencia: 500 Hz - 20 kHz, sensibilidad: 105 dB, bobina m\u00f3vil: 2.87\u201d (72.2 mm), dispersi\u00f3n: 80\u00b0 c\u00f3nico, peso: 6.3 kg.\",\"breadcrumb\":{\"@id\":\"https:\\\/\\\/www.mexicanguitarplayers.com\\\/tienda\\\/sin categor\u00eda\\\/bocina-beyma-12-mod-12xa30nd\\\/#breadcrumb\"},\"inLanguage\":\"en-US\",\"potentialAction\":[{\"@type\":\"ReadAction\",\"target\":[\"https:\\\/\\\/www.mexicanguitarplayers.com\\\/tienda\\\/sin categor\u00eda\\\/bocina-beyma-12-mod-12xa30nd\\\/\"]}]},{\"@type\":\"ImageObject\",\"inLanguage\":\"en-US\",\"@id\":\"https:\\\/\\\/www.mexicanguitarplayers.com\\\/tienda\\\/sin categor\u00eda\\\/bocina-beyma-12-mod-12xa30nd\\\/#primaryimage\",\"url\":\"https:\\\/\\\/www.mexicanguitarplayers.com\\\/wp-content\\\/uploads\\\/2025\\\/04\\\/IABEY12XA30ND.jpg\",\"contentUrl\":\"https:\\\/\\\/www.mexicanguitarplayers.com\\\/wp-content\\\/uploads\\\/2025\\\/04\\\/IABEY12XA30ND.jpg\",\"width\":1200,\"height\":1200},{\"@type\":\"BreadcrumbList\",\"@id\":\"https:\\\/\\\/www.mexicanguitarplayers.com\\\/tienda\\\/sin categor\u00eda\\\/bocina-beyma-12-mod-12xa30nd\\\/#breadcrumb\",\"itemListElement\":[{\"@type\":\"ListItem\",\"position\":1,\"name\":\"Portada\",\"item\":\"https:\\\/\\\/www.mexicanguitarplayers.com\\\/\"},{\"@type\":\"ListItem\",\"position\":2,\"name\":\"Tienda\",\"item\":\"https:\\\/\\\/www.mexicanguitarplayers.com\\\/tienda\\\/\"},{\"@type\":\"ListItem\",\"position\":3,\"name\":\"BOCINA BEYMA 12 MOD. 12XA30ND\"}]},{\"@type\":\"WebSite\",\"@id\":\"https:\\\/\\\/www.mexicanguitarplayers.com\\\/#website\",\"url\":\"https:\\\/\\\/www.mexicanguitarplayers.com\\\/\",\"name\":\"Mexican Guitar Players\",\"description\":\"Website\",\"publisher\":{\"@id\":\"https:\\\/\\\/www.mexicanguitarplayers.com\\\/#organization\"},\"potentialAction\":[{\"@type\":\"SearchAction\",\"target\":{\"@type\":\"EntryPoint\",\"urlTemplate\":\"https:\\\/\\\/www.mexicanguitarplayers.com\\\/?s={search_term_string}\"},\"query-input\":{\"@type\":\"PropertyValueSpecification\",\"valueRequired\":true,\"valueName\":\"search_term_string\"}}],\"inLanguage\":\"en-US\"},{\"@type\":\"Organization\",\"@id\":\"https:\\\/\\\/www.mexicanguitarplayers.com\\\/#organization\",\"name\":\"Mexican Guitar Players\",\"url\":\"https:\\\/\\\/www.mexicanguitarplayers.com\\\/\",\"logo\":{\"@type\":\"ImageObject\",\"inLanguage\":\"en-US\",\"@id\":\"https:\\\/\\\/www.mexicanguitarplayers.com\\\/#\\\/schema\\\/logo\\\/image\\\/\",\"url\":\"\",\"contentUrl\":\"\",\"caption\":\"Mexican Guitar Players\"},\"image\":{\"@id\":\"https:\\\/\\\/www.mexicanguitarplayers.com\\\/#\\\/schema\\\/logo\\\/image\\\/\"}}]}<\/script>\n<!-- \/ Yoast SEO plugin. -->","yoast_head_json":{"title":"BOCINA BEYMA 12   MOD. 12XA30ND - Mexican Guitar Players","description":"Altavoz de 12\u201d pulgadas (300 mm), especificaciones de baja frecuencia: impedancia: 8 ohms, potencia AES: 300W, potencia programa: 700W, rango de frecuencia: 35 Hz - 4 kHz, sensibilidad: 98 dB, di\u00e1metro de la bobina m\u00f3vil: 4\u201d (100 mm), longitud del bobinado: 16 mm, altura del entrehierro: 9 mm, especificaciones de alta frecuencia: impedancia: 16 ohms, impedancia m\u00ednima: 13.5 ohms @ 3.5 kHz, potencia AES: 90W, rango de frecuencia: 500 Hz - 20 kHz, sensibilidad: 105 dB, bobina m\u00f3vil: 2.87\u201d (72.2 mm), dispersi\u00f3n: 80\u00b0 c\u00f3nico, peso: 6.3 kg.","robots":{"index":"index","follow":"follow","max-snippet":"max-snippet:-1","max-image-preview":"max-image-preview:large","max-video-preview":"max-video-preview:-1"},"canonical":"https:\/\/www.mexicanguitarplayers.com\/en\/tienda\/sin categor\u00eda\/bocina-beyma-12-mod-12xa30nd\/","og_locale":"en_US","og_type":"article","og_title":"BOCINA BEYMA 12   MOD. 12XA30ND - Mexican Guitar Players","og_description":"Altavoz de 12\u201d pulgadas (300 mm), especificaciones de baja frecuencia: impedancia: 8 ohms, potencia AES: 300W, potencia programa: 700W, rango de frecuencia: 35 Hz - 4 kHz, sensibilidad: 98 dB, di\u00e1metro de la bobina m\u00f3vil: 4\u201d (100 mm), longitud del bobinado: 16 mm, altura del entrehierro: 9 mm, especificaciones de alta frecuencia: impedancia: 16 ohms, impedancia m\u00ednima: 13.5 ohms @ 3.5 kHz, potencia AES: 90W, rango de frecuencia: 500 Hz - 20 kHz, sensibilidad: 105 dB, bobina m\u00f3vil: 2.87\u201d (72.2 mm), dispersi\u00f3n: 80\u00b0 c\u00f3nico, peso: 6.3 kg.","og_url":"https:\/\/www.mexicanguitarplayers.com\/en\/tienda\/sin categor\u00eda\/bocina-beyma-12-mod-12xa30nd\/","og_site_name":"Mexican Guitar Players","article_modified_time":"2025-07-01T10:29:39+00:00","twitter_card":"summary_large_image","twitter_misc":{"Est. reading time":"2 minutes"},"schema":{"@context":"https:\/\/schema.org","@graph":[{"@type":["WebPage","ItemPage"],"@id":"https:\/\/www.mexicanguitarplayers.com\/tienda\/sin categor\u00eda\/bocina-beyma-12-mod-12xa30nd\/","url":"https:\/\/www.mexicanguitarplayers.com\/tienda\/sin categor\u00eda\/bocina-beyma-12-mod-12xa30nd\/","name":"BOCINA BEYMA 12 MOD. 12XA30ND - Mexican Guitar Players","isPartOf":{"@id":"https:\/\/www.mexicanguitarplayers.com\/#website"},"primaryImageOfPage":{"@id":"https:\/\/www.mexicanguitarplayers.com\/tienda\/sin categor\u00eda\/bocina-beyma-12-mod-12xa30nd\/#primaryimage"},"image":{"@id":"https:\/\/www.mexicanguitarplayers.com\/tienda\/sin categor\u00eda\/bocina-beyma-12-mod-12xa30nd\/#primaryimage"},"thumbnailUrl":"https:\/\/www.mexicanguitarplayers.com\/wp-content\/uploads\/2025\/04\/IABEY12XA30ND.jpg","datePublished":"2025-04-06T21:38:48+00:00","dateModified":"2025-07-01T10:29:39+00:00","description":"Altavoz de 12\u201d pulgadas (300 mm), especificaciones de baja frecuencia: impedancia: 8 ohms, potencia AES: 300W, potencia programa: 700W, rango de frecuencia: 35 Hz - 4 kHz, sensibilidad: 98 dB, di\u00e1metro de la bobina m\u00f3vil: 4\u201d (100 mm), longitud del bobinado: 16 mm, altura del entrehierro: 9 mm, especificaciones de alta frecuencia: impedancia: 16 ohms, impedancia m\u00ednima: 13.5 ohms @ 3.5 kHz, potencia AES: 90W, rango de frecuencia: 500 Hz - 20 kHz, sensibilidad: 105 dB, bobina m\u00f3vil: 2.87\u201d (72.2 mm), dispersi\u00f3n: 80\u00b0 c\u00f3nico, peso: 6.3 kg.","breadcrumb":{"@id":"https:\/\/www.mexicanguitarplayers.com\/tienda\/sin categor\u00eda\/bocina-beyma-12-mod-12xa30nd\/#breadcrumb"},"inLanguage":"en-US","potentialAction":[{"@type":"ReadAction","target":["https:\/\/www.mexicanguitarplayers.com\/tienda\/sin categor\u00eda\/bocina-beyma-12-mod-12xa30nd\/"]}]},{"@type":"ImageObject","inLanguage":"en-US","@id":"https:\/\/www.mexicanguitarplayers.com\/tienda\/sin categor\u00eda\/bocina-beyma-12-mod-12xa30nd\/#primaryimage","url":"https:\/\/www.mexicanguitarplayers.com\/wp-content\/uploads\/2025\/04\/IABEY12XA30ND.jpg","contentUrl":"https:\/\/www.mexicanguitarplayers.com\/wp-content\/uploads\/2025\/04\/IABEY12XA30ND.jpg","width":1200,"height":1200},{"@type":"BreadcrumbList","@id":"https:\/\/www.mexicanguitarplayers.com\/tienda\/sin categor\u00eda\/bocina-beyma-12-mod-12xa30nd\/#breadcrumb","itemListElement":[{"@type":"ListItem","position":1,"name":"Portada","item":"https:\/\/www.mexicanguitarplayers.com\/"},{"@type":"ListItem","position":2,"name":"Tienda","item":"https:\/\/www.mexicanguitarplayers.com\/tienda\/"},{"@type":"ListItem","position":3,"name":"BOCINA BEYMA 12 MOD. 12XA30ND"}]},{"@type":"WebSite","@id":"https:\/\/www.mexicanguitarplayers.com\/#website","url":"https:\/\/www.mexicanguitarplayers.com\/","name":"Mexican Guitar Players","description":"Website","publisher":{"@id":"https:\/\/www.mexicanguitarplayers.com\/#organization"},"potentialAction":[{"@type":"SearchAction","target":{"@type":"EntryPoint","urlTemplate":"https:\/\/www.mexicanguitarplayers.com\/?s={search_term_string}"},"query-input":{"@type":"PropertyValueSpecification","valueRequired":true,"valueName":"search_term_string"}}],"inLanguage":"en-US"},{"@type":"Organization","@id":"https:\/\/www.mexicanguitarplayers.com\/#organization","name":"Mexican Guitar Players","url":"https:\/\/www.mexicanguitarplayers.com\/","logo":{"@type":"ImageObject","inLanguage":"en-US","@id":"https:\/\/www.mexicanguitarplayers.com\/#\/schema\/logo\/image\/","url":"","contentUrl":"","caption":"Mexican Guitar Players"},"image":{"@id":"https:\/\/www.mexicanguitarplayers.com\/#\/schema\/logo\/image\/"}}]}},"brands":[{"id":477,"name":"BEYMA","slug":"beyma"}],"_links":{"self":[{"href":"https:\/\/www.mexicanguitarplayers.com\/en\/wp-json\/wp\/v2\/product\/25182","targetHints":{"allow":["GET"]}}],"collection":[{"href":"https:\/\/www.mexicanguitarplayers.com\/en\/wp-json\/wp\/v2\/product"}],"about":[{"href":"https:\/\/www.mexicanguitarplayers.com\/en\/wp-json\/wp\/v2\/types\/product"}],"replies":[{"embeddable":true,"href":"https:\/\/www.mexicanguitarplayers.com\/en\/wp-json\/wp\/v2\/comments?post=25182"}],"wp:featuredmedia":[{"embeddable":true,"href":"https:\/\/www.mexicanguitarplayers.com\/en\/wp-json\/wp\/v2\/media\/25181"}],"wp:attachment":[{"href":"https:\/\/www.mexicanguitarplayers.com\/en\/wp-json\/wp\/v2\/media?parent=25182"}],"wp:term":[{"taxonomy":"pwb-brand","embeddable":true,"href":"https:\/\/www.mexicanguitarplayers.com\/en\/wp-json\/wp\/v2\/pwb-brand?post=25182"},{"taxonomy":"product_brand","embeddable":true,"href":"https:\/\/www.mexicanguitarplayers.com\/en\/wp-json\/wp\/v2\/product_brand?post=25182"},{"taxonomy":"product_cat","embeddable":true,"href":"https:\/\/www.mexicanguitarplayers.com\/en\/wp-json\/wp\/v2\/product_cat?post=25182"},{"taxonomy":"product_tag","embeddable":true,"href":"https:\/\/www.mexicanguitarplayers.com\/en\/wp-json\/wp\/v2\/product_tag?post=25182"}],"curies":[{"name":"wp","href":"https:\/\/api.w.org\/{rel}","templated":true}]}}