{"id":25231,"date":"2025-04-06T15:46:03","date_gmt":"2025-04-06T21:46:03","guid":{"rendered":"https:\/\/www.mexicanguitarplayers.com\/tienda\/sin categor\u00eda\/driver-eighteen-1-mod-hd1050\/"},"modified":"2026-01-14T04:30:57","modified_gmt":"2026-01-14T10:30:57","slug":"driver-eighteen-1-mod-hd1050","status":"publish","type":"product","link":"https:\/\/www.mexicanguitarplayers.com\/en\/tienda\/audio\/bafles-y-bocinas\/bocinas-y-componentes\/agudos\/driver-eighteen-1-mod-hd1050\/","title":{"rendered":"DRIVER EIGHTEEN 1    MOD. HD1050"},"content":{"rendered":"<div style=\"text-align: justify\">\n<div>\n<h3>Los mejores agudos.<\/h3>\n<\/div>\n<div>El driver de compresi\u00f3n de alta frecuencia HD1050 de salida de 1&#8243; pulgada, fue dise\u00f1ado para su uso en sistemas de audio de alta calidad. Equipado con la arquitectura patentada Phase Plug de Eighteen Sound, el HD1050 ha sido dise\u00f1ado para brindar una consistencia de fabricaci\u00f3n de alto nivel y un frente de onda coherente suave en la entrada de la bocina en todo el rango de frecuencia de trabajo. Phase Plug con sus aberturas cortas y su alto valor de tasa de destellos, asegura una baja distorsi\u00f3n y demuestra mejoras notables en la reproducci\u00f3n de frecuencias medias altas. El conjunto del diafragma est\u00e1 compuesto por una c\u00fapula de titanio emparedada a una unidad de suspensi\u00f3n de poli\u00e9ster tratada patentada. Ha sido dise\u00f1ado para mantener una baja resonancia, reduciendo el valor del punto m\u00ednimo de crossover a 1.4 kHz. Una bobina m\u00f3vil de aluminio de borde enrollado con embobinador Nomex patentado, tiene un valor 30% m\u00e1s alto de alargamiento por tracci\u00f3n a una temperatura operativa de trabajo (200\u00b0C) en comparaci\u00f3n con Kapton. Esta caracter\u00edstica permite un control adecuado de la transferencia de energ\u00eda desde la bobina m\u00f3vil al domo en condiciones reales de trabajo. Adem\u00e1s, este material embobinador patentado, tambi\u00e9n es adecuado para su uso en entornos con mayor contenido de humedad. El potente conjunto de im\u00e1n cer\u00e1mico HD1050 ha sido dise\u00f1ado para obtener 16 KGauss en el entrehierro y dentro de una estructura compacta de motor de ferrita.<\/div>\n<div>\n<h4>Quick look<\/h4>\n<\/div>\n<ul style=\"margin: 0px 0px 0px 25px\">\n<li style=\"list-style-type: circle;margin: 5px\">Di\u00e1metro de la garganta.<\/li>\n<li style=\"list-style-type: circle;margin: 5px\">Impedance.<\/li>\n<li style=\"list-style-type: circle;margin: 5px\">Resistencia DC.<\/li>\n<li style=\"list-style-type: circle;margin: 5px\">Impedancia m\u00ednima.<\/li>\n<li style=\"list-style-type: circle;margin: 5px\">Power.<\/li>\n<li style=\"list-style-type: circle;margin: 5px\">Sensitivity.<\/li>\n<li style=\"list-style-type: circle;margin: 5px\">Rango de frecuencia.<\/li>\n<li style=\"list-style-type: circle;margin: 5px\">Frecuencia de crossover recomendada.<\/li>\n<li style=\"list-style-type: circle;margin: 5px\">Material del diafragma.<\/li>\n<li style=\"list-style-type: circle;margin: 5px\">Di\u00e1metro de la bobina de altavoz.<\/li>\n<li style=\"list-style-type: circle;margin: 5px\">Material de la bobina de altavoz.<\/li>\n<li style=\"list-style-type: circle;margin: 5px\">Material magn\u00e9tico.<\/li>\n<li style=\"list-style-type: circle;margin: 5px\">Densidad de flujo.<\/li>\n<li style=\"list-style-type: circle;margin: 5px\">Factor BL.<\/li>\n<li style=\"list-style-type: circle;margin: 5px\">Polaridad.<\/li>\n<li style=\"list-style-type: circle;margin: 5px\">Di\u00e1metro total.<\/li>\n<li style=\"list-style-type: circle;margin: 5px\">Profundidad total.<\/li>\n<li style=\"list-style-type: circle;margin: 5px\">Peso neto.<\/li>\n<\/ul>\n<div>\n<div style=\"font-weight: bold\">Di\u00e1metro de la garganta.<\/div>\n<div>\n<p>1&#8243; pulgada (25.4 mm).<\/p>\n<\/div>\n<div style=\"font-weight: bold\">Impedance.<\/div>\n<div>\n<p>8 ohms.<\/p>\n<\/div>\n<div style=\"font-weight: bold\">Resistencia DC.<\/div>\n<div>\n<p>5.3 ohms.<\/p>\n<\/div>\n<div style=\"font-weight: bold\">Impedancia m\u00ednima.<\/div>\n<div>\n<p>7 ohms a 4000 Hz.<\/p>\n<\/div>\n<div style=\"font-weight: bold\">Power.<\/div>\n<div>\n<p>AES: 50 Watts por encima de los 1.6 kHz. PROGRAMA: 100 Watts por encima de los 1.6 kHz.<\/p>\n<\/div>\n<div style=\"font-weight: bold\">Sensitivity.<\/div>\n<div>\n<p>107 dB.<\/p>\n<\/div>\n<div style=\"font-weight: bold\">Rango de frecuencia.<\/div>\n<div>\n<p>1600 Hz \u00f7 20 kHz.<\/p>\n<\/div>\n<div style=\"font-weight: bold\">Frecuencia de crossover recomendada.<\/div>\n<div>\n<p>1600 Hz (12 dB \/ pendiente octava).<\/p>\n<\/div>\n<div style=\"font-weight: bold\">Material del diafragma.<\/div>\n<div>\n<p>Titanio &#8211; PEN.<\/p>\n<\/div>\n<div style=\"font-weight: bold\">Di\u00e1metro de la bobina de altavoz.<\/div>\n<div>\n<p>1 \u00be\u201d pulgadas (44.4 mm).<\/p>\n<\/div>\n<div style=\"font-weight: bold\">Material de la bobina de altavoz.<\/div>\n<div>\n<p>Borde de aluminio de cuerda.<\/p>\n<\/div>\n<div style=\"font-weight: bold\">Material magn\u00e9tico.<\/div>\n<div>\n<p>Ferrita.<\/p>\n<\/div>\n<div style=\"font-weight: bold\">Densidad de flujo.<\/div>\n<div>\n<p>1.6 T.<\/p>\n<\/div>\n<div style=\"font-weight: bold\">Factor BL.<\/div>\n<div>\n<p>7.4 N\/A.<\/p>\n<\/div>\n<div style=\"font-weight: bold\">Polaridad.<\/div>\n<div>\n<p>Se\u00f1al positiva en terminal + que proporciona presi\u00f3n positiva en la garganta.<\/p>\n<\/div>\n<div style=\"font-weight: bold\">Di\u00e1metro total.<\/div>\n<div>\n<p>4.3&#8243; pulgadas (110 mm).<\/p>\n<\/div>\n<div style=\"font-weight: bold\">Profundidad total.<\/div>\n<div>\n<p>2.38&#8243; pulgadas (60.5 mm).<\/p>\n<\/div>\n<div style=\"font-weight: bold\">Peso neto.<\/div>\n<div>\n<p>1.8 Kg.<\/p>\n<\/div>\n<\/div>\n<\/div>","protected":false},"excerpt":{"rendered":"<p>Driver de ferrita para altas frecuencias, garganta de 1\u201d pulgada (25.4 mm), impedancia: 8 ohms, potencia AES: 50W por encima de los 1.6 kHz, potencia programa: 100W por encima de los 1.6 kHz, sensibilidad: 107 dB, rango de frecuencia: 1,600 Hz &#8211; 20 kHz, diafragma de Titanio \u2013 PEN,  bobina de aluminio de 1\u00be\u201d pulgadas (44.4 mm), dise\u00f1o patentado de plug de fase, peso: 1.8 kg.&hellip; <a class=\"kt-excerpt-readmore more-link\" href=\"https:\/\/www.mexicanguitarplayers.com\/en\/tienda\/audio\/bafles-y-bocinas\/bocinas-y-componentes\/agudos\/driver-eighteen-1-mod-hd1050\/\">Read more<\/a><\/p>","protected":false},"featured_media":25224,"comment_status":"open","ping_status":"closed","template":"","meta":{"kt_blocks_editor_width":""},"pwb-brand":[533],"product_brand":[],"product_cat":[530,213,221,474],"product_tag":[],"class_list":{"0":"post-25231","1":"product","2":"type-product","3":"status-publish","4":"has-post-thumbnail","6":"pwb-brand-eighteen-sound","7":"product_cat-agudos","8":"product_cat-audio","9":"product_cat-bafles-y-bocinas","10":"product_cat-bocinas-y-componentes","11":"product_shipping_class-0-5-kg","13":"first","14":"instock","15":"taxable","16":"shipping-taxable","17":"purchasable","18":"product-type-simple"},"yoast_head":"<!-- This site is optimized with the Yoast SEO plugin v27.3 - https:\/\/yoast.com\/product\/yoast-seo-wordpress\/ -->\n<title>DRIVER EIGHTEEN 1  MOD. HD1050 - Mexican Guitar Players<\/title>\n<meta name=\"description\" content=\"Driver de ferrita para altas frecuencias, garganta de 1\u201d pulgada (25.4 mm), impedancia: 8 ohms, potencia AES: 50W por encima de los 1.6 kHz, potencia programa: 100W por encima de los 1.6 kHz, sensibilidad: 107 dB, rango de frecuencia: 1,600 Hz - 20 kHz, diafragma de Titanio \u2013 PEN, bobina de aluminio de 1\u00be\u201d pulgadas (44.4 mm), dise\u00f1o patentado de plug de fase, peso: 1.8 kg.\" \/>\n<meta name=\"robots\" content=\"index, follow, max-snippet:-1, max-image-preview:large, max-video-preview:-1\" \/>\n<link rel=\"canonical\" href=\"https:\/\/www.mexicanguitarplayers.com\/en\/tienda\/sin%20categor\u00eda\/driver-eighteen-1-mod-hd1050\/\" \/>\n<meta property=\"og:locale\" content=\"en_US\" \/>\n<meta property=\"og:type\" content=\"article\" \/>\n<meta property=\"og:title\" content=\"DRIVER EIGHTEEN 1  MOD. HD1050 - Mexican Guitar Players\" \/>\n<meta property=\"og:description\" content=\"Driver de ferrita para altas frecuencias, garganta de 1\u201d pulgada (25.4 mm), impedancia: 8 ohms, potencia AES: 50W por encima de los 1.6 kHz, potencia programa: 100W por encima de los 1.6 kHz, sensibilidad: 107 dB, rango de frecuencia: 1,600 Hz - 20 kHz, diafragma de Titanio \u2013 PEN, bobina de aluminio de 1\u00be\u201d pulgadas (44.4 mm), dise\u00f1o patentado de plug de fase, peso: 1.8 kg.\" \/>\n<meta property=\"og:url\" content=\"https:\/\/www.mexicanguitarplayers.com\/en\/tienda\/sin categor\u00eda\/driver-eighteen-1-mod-hd1050\/\" \/>\n<meta property=\"og:site_name\" content=\"Mexican Guitar Players\" \/>\n<meta property=\"article:modified_time\" content=\"2026-01-14T10:30:57+00:00\" \/>\n<meta name=\"twitter:card\" content=\"summary_large_image\" \/>\n<meta name=\"twitter:label1\" content=\"Est. reading time\" \/>\n\t<meta name=\"twitter:data1\" content=\"2 minutes\" \/>\n<script type=\"application\/ld+json\" class=\"yoast-schema-graph\">{\"@context\":\"https:\\\/\\\/schema.org\",\"@graph\":[{\"@type\":[\"WebPage\",\"ItemPage\"],\"@id\":\"https:\\\/\\\/www.mexicanguitarplayers.com\\\/tienda\\\/sin categor\u00eda\\\/driver-eighteen-1-mod-hd1050\\\/\",\"url\":\"https:\\\/\\\/www.mexicanguitarplayers.com\\\/tienda\\\/sin categor\u00eda\\\/driver-eighteen-1-mod-hd1050\\\/\",\"name\":\"DRIVER EIGHTEEN 1 MOD. HD1050 - Mexican Guitar Players\",\"isPartOf\":{\"@id\":\"https:\\\/\\\/www.mexicanguitarplayers.com\\\/#website\"},\"primaryImageOfPage\":{\"@id\":\"https:\\\/\\\/www.mexicanguitarplayers.com\\\/tienda\\\/sin categor\u00eda\\\/driver-eighteen-1-mod-hd1050\\\/#primaryimage\"},\"image\":{\"@id\":\"https:\\\/\\\/www.mexicanguitarplayers.com\\\/tienda\\\/sin categor\u00eda\\\/driver-eighteen-1-mod-hd1050\\\/#primaryimage\"},\"thumbnailUrl\":\"https:\\\/\\\/www.mexicanguitarplayers.com\\\/wp-content\\\/uploads\\\/2025\\\/04\\\/IAEIGHD1050.jpg\",\"datePublished\":\"2025-04-06T21:46:03+00:00\",\"dateModified\":\"2026-01-14T10:30:57+00:00\",\"description\":\"Driver de ferrita para altas frecuencias, garganta de 1\u201d pulgada (25.4 mm), impedancia: 8 ohms, potencia AES: 50W por encima de los 1.6 kHz, potencia programa: 100W por encima de los 1.6 kHz, sensibilidad: 107 dB, rango de frecuencia: 1,600 Hz - 20 kHz, diafragma de Titanio \u2013 PEN, bobina de aluminio de 1\u00be\u201d pulgadas (44.4 mm), dise\u00f1o patentado de plug de fase, peso: 1.8 kg.\",\"breadcrumb\":{\"@id\":\"https:\\\/\\\/www.mexicanguitarplayers.com\\\/tienda\\\/sin categor\u00eda\\\/driver-eighteen-1-mod-hd1050\\\/#breadcrumb\"},\"inLanguage\":\"en-US\",\"potentialAction\":[{\"@type\":\"ReadAction\",\"target\":[\"https:\\\/\\\/www.mexicanguitarplayers.com\\\/tienda\\\/sin categor\u00eda\\\/driver-eighteen-1-mod-hd1050\\\/\"]}]},{\"@type\":\"ImageObject\",\"inLanguage\":\"en-US\",\"@id\":\"https:\\\/\\\/www.mexicanguitarplayers.com\\\/tienda\\\/sin categor\u00eda\\\/driver-eighteen-1-mod-hd1050\\\/#primaryimage\",\"url\":\"https:\\\/\\\/www.mexicanguitarplayers.com\\\/wp-content\\\/uploads\\\/2025\\\/04\\\/IAEIGHD1050.jpg\",\"contentUrl\":\"https:\\\/\\\/www.mexicanguitarplayers.com\\\/wp-content\\\/uploads\\\/2025\\\/04\\\/IAEIGHD1050.jpg\",\"width\":1200,\"height\":1200},{\"@type\":\"BreadcrumbList\",\"@id\":\"https:\\\/\\\/www.mexicanguitarplayers.com\\\/tienda\\\/sin categor\u00eda\\\/driver-eighteen-1-mod-hd1050\\\/#breadcrumb\",\"itemListElement\":[{\"@type\":\"ListItem\",\"position\":1,\"name\":\"Portada\",\"item\":\"https:\\\/\\\/www.mexicanguitarplayers.com\\\/\"},{\"@type\":\"ListItem\",\"position\":2,\"name\":\"Tienda\",\"item\":\"https:\\\/\\\/www.mexicanguitarplayers.com\\\/tienda\\\/\"},{\"@type\":\"ListItem\",\"position\":3,\"name\":\"DRIVER EIGHTEEN 1 MOD. HD1050\"}]},{\"@type\":\"WebSite\",\"@id\":\"https:\\\/\\\/www.mexicanguitarplayers.com\\\/#website\",\"url\":\"https:\\\/\\\/www.mexicanguitarplayers.com\\\/\",\"name\":\"Mexican Guitar Players\",\"description\":\"Website\",\"publisher\":{\"@id\":\"https:\\\/\\\/www.mexicanguitarplayers.com\\\/#organization\"},\"potentialAction\":[{\"@type\":\"SearchAction\",\"target\":{\"@type\":\"EntryPoint\",\"urlTemplate\":\"https:\\\/\\\/www.mexicanguitarplayers.com\\\/?s={search_term_string}\"},\"query-input\":{\"@type\":\"PropertyValueSpecification\",\"valueRequired\":true,\"valueName\":\"search_term_string\"}}],\"inLanguage\":\"en-US\"},{\"@type\":\"Organization\",\"@id\":\"https:\\\/\\\/www.mexicanguitarplayers.com\\\/#organization\",\"name\":\"Mexican Guitar Players\",\"url\":\"https:\\\/\\\/www.mexicanguitarplayers.com\\\/\",\"logo\":{\"@type\":\"ImageObject\",\"inLanguage\":\"en-US\",\"@id\":\"https:\\\/\\\/www.mexicanguitarplayers.com\\\/#\\\/schema\\\/logo\\\/image\\\/\",\"url\":\"\",\"contentUrl\":\"\",\"caption\":\"Mexican Guitar Players\"},\"image\":{\"@id\":\"https:\\\/\\\/www.mexicanguitarplayers.com\\\/#\\\/schema\\\/logo\\\/image\\\/\"}}]}<\/script>\n<!-- \/ Yoast SEO plugin. -->","yoast_head_json":{"title":"DRIVER EIGHTEEN 1  MOD. HD1050 - Mexican Guitar Players","description":"Driver de ferrita para altas frecuencias, garganta de 1\u201d pulgada (25.4 mm), impedancia: 8 ohms, potencia AES: 50W por encima de los 1.6 kHz, potencia programa: 100W por encima de los 1.6 kHz, sensibilidad: 107 dB, rango de frecuencia: 1,600 Hz - 20 kHz, diafragma de Titanio \u2013 PEN, bobina de aluminio de 1\u00be\u201d pulgadas (44.4 mm), dise\u00f1o patentado de plug de fase, peso: 1.8 kg.","robots":{"index":"index","follow":"follow","max-snippet":"max-snippet:-1","max-image-preview":"max-image-preview:large","max-video-preview":"max-video-preview:-1"},"canonical":"https:\/\/www.mexicanguitarplayers.com\/en\/tienda\/sin categor\u00eda\/driver-eighteen-1-mod-hd1050\/","og_locale":"en_US","og_type":"article","og_title":"DRIVER EIGHTEEN 1  MOD. HD1050 - Mexican Guitar Players","og_description":"Driver de ferrita para altas frecuencias, garganta de 1\u201d pulgada (25.4 mm), impedancia: 8 ohms, potencia AES: 50W por encima de los 1.6 kHz, potencia programa: 100W por encima de los 1.6 kHz, sensibilidad: 107 dB, rango de frecuencia: 1,600 Hz - 20 kHz, diafragma de Titanio \u2013 PEN, bobina de aluminio de 1\u00be\u201d pulgadas (44.4 mm), dise\u00f1o patentado de plug de fase, peso: 1.8 kg.","og_url":"https:\/\/www.mexicanguitarplayers.com\/en\/tienda\/sin categor\u00eda\/driver-eighteen-1-mod-hd1050\/","og_site_name":"Mexican Guitar Players","article_modified_time":"2026-01-14T10:30:57+00:00","twitter_card":"summary_large_image","twitter_misc":{"Est. reading time":"2 minutes"},"schema":{"@context":"https:\/\/schema.org","@graph":[{"@type":["WebPage","ItemPage"],"@id":"https:\/\/www.mexicanguitarplayers.com\/tienda\/sin categor\u00eda\/driver-eighteen-1-mod-hd1050\/","url":"https:\/\/www.mexicanguitarplayers.com\/tienda\/sin categor\u00eda\/driver-eighteen-1-mod-hd1050\/","name":"DRIVER EIGHTEEN 1 MOD. HD1050 - Mexican Guitar Players","isPartOf":{"@id":"https:\/\/www.mexicanguitarplayers.com\/#website"},"primaryImageOfPage":{"@id":"https:\/\/www.mexicanguitarplayers.com\/tienda\/sin categor\u00eda\/driver-eighteen-1-mod-hd1050\/#primaryimage"},"image":{"@id":"https:\/\/www.mexicanguitarplayers.com\/tienda\/sin categor\u00eda\/driver-eighteen-1-mod-hd1050\/#primaryimage"},"thumbnailUrl":"https:\/\/www.mexicanguitarplayers.com\/wp-content\/uploads\/2025\/04\/IAEIGHD1050.jpg","datePublished":"2025-04-06T21:46:03+00:00","dateModified":"2026-01-14T10:30:57+00:00","description":"Driver de ferrita para altas frecuencias, garganta de 1\u201d pulgada (25.4 mm), impedancia: 8 ohms, potencia AES: 50W por encima de los 1.6 kHz, potencia programa: 100W por encima de los 1.6 kHz, sensibilidad: 107 dB, rango de frecuencia: 1,600 Hz - 20 kHz, diafragma de Titanio \u2013 PEN, bobina de aluminio de 1\u00be\u201d pulgadas (44.4 mm), dise\u00f1o patentado de plug de fase, peso: 1.8 kg.","breadcrumb":{"@id":"https:\/\/www.mexicanguitarplayers.com\/tienda\/sin categor\u00eda\/driver-eighteen-1-mod-hd1050\/#breadcrumb"},"inLanguage":"en-US","potentialAction":[{"@type":"ReadAction","target":["https:\/\/www.mexicanguitarplayers.com\/tienda\/sin categor\u00eda\/driver-eighteen-1-mod-hd1050\/"]}]},{"@type":"ImageObject","inLanguage":"en-US","@id":"https:\/\/www.mexicanguitarplayers.com\/tienda\/sin categor\u00eda\/driver-eighteen-1-mod-hd1050\/#primaryimage","url":"https:\/\/www.mexicanguitarplayers.com\/wp-content\/uploads\/2025\/04\/IAEIGHD1050.jpg","contentUrl":"https:\/\/www.mexicanguitarplayers.com\/wp-content\/uploads\/2025\/04\/IAEIGHD1050.jpg","width":1200,"height":1200},{"@type":"BreadcrumbList","@id":"https:\/\/www.mexicanguitarplayers.com\/tienda\/sin categor\u00eda\/driver-eighteen-1-mod-hd1050\/#breadcrumb","itemListElement":[{"@type":"ListItem","position":1,"name":"Portada","item":"https:\/\/www.mexicanguitarplayers.com\/"},{"@type":"ListItem","position":2,"name":"Tienda","item":"https:\/\/www.mexicanguitarplayers.com\/tienda\/"},{"@type":"ListItem","position":3,"name":"DRIVER EIGHTEEN 1 MOD. HD1050"}]},{"@type":"WebSite","@id":"https:\/\/www.mexicanguitarplayers.com\/#website","url":"https:\/\/www.mexicanguitarplayers.com\/","name":"Mexican Guitar Players","description":"Website","publisher":{"@id":"https:\/\/www.mexicanguitarplayers.com\/#organization"},"potentialAction":[{"@type":"SearchAction","target":{"@type":"EntryPoint","urlTemplate":"https:\/\/www.mexicanguitarplayers.com\/?s={search_term_string}"},"query-input":{"@type":"PropertyValueSpecification","valueRequired":true,"valueName":"search_term_string"}}],"inLanguage":"en-US"},{"@type":"Organization","@id":"https:\/\/www.mexicanguitarplayers.com\/#organization","name":"Mexican Guitar Players","url":"https:\/\/www.mexicanguitarplayers.com\/","logo":{"@type":"ImageObject","inLanguage":"en-US","@id":"https:\/\/www.mexicanguitarplayers.com\/#\/schema\/logo\/image\/","url":"","contentUrl":"","caption":"Mexican Guitar Players"},"image":{"@id":"https:\/\/www.mexicanguitarplayers.com\/#\/schema\/logo\/image\/"}}]}},"brands":[{"id":533,"name":"EIGHTEEN SOUND","slug":"eighteen-sound"}],"_links":{"self":[{"href":"https:\/\/www.mexicanguitarplayers.com\/en\/wp-json\/wp\/v2\/product\/25231","targetHints":{"allow":["GET"]}}],"collection":[{"href":"https:\/\/www.mexicanguitarplayers.com\/en\/wp-json\/wp\/v2\/product"}],"about":[{"href":"https:\/\/www.mexicanguitarplayers.com\/en\/wp-json\/wp\/v2\/types\/product"}],"replies":[{"embeddable":true,"href":"https:\/\/www.mexicanguitarplayers.com\/en\/wp-json\/wp\/v2\/comments?post=25231"}],"wp:featuredmedia":[{"embeddable":true,"href":"https:\/\/www.mexicanguitarplayers.com\/en\/wp-json\/wp\/v2\/media\/25224"}],"wp:attachment":[{"href":"https:\/\/www.mexicanguitarplayers.com\/en\/wp-json\/wp\/v2\/media?parent=25231"}],"wp:term":[{"taxonomy":"pwb-brand","embeddable":true,"href":"https:\/\/www.mexicanguitarplayers.com\/en\/wp-json\/wp\/v2\/pwb-brand?post=25231"},{"taxonomy":"product_brand","embeddable":true,"href":"https:\/\/www.mexicanguitarplayers.com\/en\/wp-json\/wp\/v2\/product_brand?post=25231"},{"taxonomy":"product_cat","embeddable":true,"href":"https:\/\/www.mexicanguitarplayers.com\/en\/wp-json\/wp\/v2\/product_cat?post=25231"},{"taxonomy":"product_tag","embeddable":true,"href":"https:\/\/www.mexicanguitarplayers.com\/en\/wp-json\/wp\/v2\/product_tag?post=25231"}],"curies":[{"name":"wp","href":"https:\/\/api.w.org\/{rel}","templated":true}]}}