{"id":25236,"date":"2025-04-06T15:46:16","date_gmt":"2025-04-06T21:46:16","guid":{"rendered":"https:\/\/www.mexicanguitarplayers.com\/tienda\/sin categor\u00eda\/pedal-source-audio-programmable-eq\/"},"modified":"2026-04-10T04:46:00","modified_gmt":"2026-04-10T10:46:00","slug":"pedal-source-audio-programmable-eq","status":"publish","type":"product","link":"https:\/\/www.mexicanguitarplayers.com\/en\/tienda\/cuerdas\/efectos\/efectos-individuales\/pedal-source-audio-programmable-eq\/","title":{"rendered":"PEDAL SOURCE AUDIO PROGRAMMABLE EQ"},"content":{"rendered":"<div style=\"text-align: justify\">\n<div>\n<h3>La mejor ecualizaci\u00f3n programable.<\/h3>\n<\/div>\n<div>El EQ programable de Source Audio es una actualizaci\u00f3n completamente moderna y altamente racionalizada a los pedales tradicionales de ecualizador.  Este compacto y robusto stompbox con carcasa de aluminio proporciona acceso r\u00e1pido y manos libres a cuatro ajustes de ecualizaci\u00f3n programados por el usuario. Sea cual sea el instrumento, el estilo o el g\u00e9nero, el EQ programable de Source Audio es la herramienta esencial de tono y escultura para tu show en vivo. El EQ programable contiene m\u00e1s o menos 18 dB de rango en siete bandas de frecuencia, adem\u00e1s de una banda de frecuencia adicional a 62 Hz, accesible a trav\u00e9s de la funci\u00f3n Octave Extend. La activaci\u00f3n del Octave Extend sistem\u00e1ticamente optimiza el espectro de frecuencia del pedal para adaptarse al rango de frecuencias espec\u00edfico del bajo. Una vez que hayas marcado el tono deseado de guitarra o bajo, gu\u00e1rdalo en uno de los cuatro ajustes programables por el usuario. Cada preajuste es f\u00e1cilmente accesible a trav\u00e9s de la funci\u00f3n de desplazamiento de pedal de manos libres. Simplemente mant\u00e9n presionado el switch del pedal y deja que el pedal se desplace por cada selecci\u00f3n a una velocidad ajustable. La entrada MIDI del pedal tambi\u00e9n proporciona acceso remoto para preselecciones de conmutaci\u00f3n, control de par\u00e1metros y engaging\/bypassing del efecto. Ejecuta una se\u00f1al MINI desde tu Source Audio Soleman, Disaster Area DMC, Voodoo Lab Ground Control o cualquier otro controlador MIDI y amplia enormemente tu horizonte de tonos dentro de cada preajuste. El EQ programable ofrece un boost limpio sustancial de hasta 12 dB. Utiliza el boost limpio para un aumento de volumen totalmente transparente o ve m\u00e1s lejos y da a tu amplificador el empuj\u00f3n frontal necesario para una ruptura natural agresiva. La funci\u00f3n Bypass universal ofrece tanto true bypass o basado en rel\u00e9s como bypass anal\u00f3gico con b\u00fafer. L true bypass basado en rel\u00e9 proporciona una se\u00f1al de hardwire completamente no afectada en el modo bypass, mientras que el bypass buffered an\u00e1logo utiliza conmutaci\u00f3n anal\u00f3gica y proporciona una impedancia de entrada consistente y salida buffered. Como bonus, la funci\u00f3n auto-scrolling que se desplaza autom\u00e1ticamente entre los 4 preajustes a una velocidad ajustable, crea efectos \u00fanicos y dram\u00e1ticos, similar a las unidades de secuenciador o tr\u00e9molo. El pedal funciona con una bater\u00eda de 9V incluida o con una fuente de alimentaci\u00f3n externa universal.<\/div>\n<div>\n<h4>Quick look<\/h4>\n<\/div>\n<ul style=\"margin: 0px 0px 0px 25px\">\n<li style=\"list-style-type: circle;margin: 5px\">Preajustes de usuario.<\/li>\n<li style=\"list-style-type: circle;margin: 5px\">Funci\u00f3n Octave Extend.<\/li>\n<li style=\"list-style-type: circle;margin: 5px\">Footprint peque\u00f1o.<\/li>\n<li style=\"list-style-type: circle;margin: 5px\">Funci\u00f3n auto-scrolling.<\/li>\n<li style=\"list-style-type: circle;margin: 5px\">Bypass universal.<\/li>\n<li style=\"list-style-type: circle;margin: 5px\">Entrada MIDI.<\/li>\n<li style=\"list-style-type: circle;margin: 5px\">DSP de \u00faltima generaci\u00f3n.<\/li>\n<li style=\"list-style-type: circle;margin: 5px\">Dimensions.<\/li>\n<li style=\"list-style-type: circle;margin: 5px\">Energy.<\/li>\n<\/ul>\n<div>\n<div style=\"font-weight: bold\">Preajustes de usuario.<\/div>\n<div>\n<p>4 preajustes de usuario programables independientes f\u00e1cilmente recuperables por medio de footswitch.<\/p>\n<\/div>\n<div style=\"font-weight: bold\">Funci\u00f3n Octave Extend.<\/div>\n<div>\n<p>Optimiza el EQ para graves con una banda de frecuencia adicional de 62 Hz.<\/p>\n<\/div>\n<div style=\"font-weight: bold\">Footprint peque\u00f1o.<\/div>\n<div>\n<p>Una carcasa de aluminio diecast compacta y robusta.<\/p>\n<\/div>\n<div style=\"font-weight: bold\">Funci\u00f3n auto-scrolling.<\/div>\n<div>\n<p>Se desplaza autom\u00e1ticamente a trav\u00e9s de los 4 preajustes para crear efectos \u00fanicos y din\u00e1micos, similares a las unidades de secuenciador o tr\u00e9molo.<\/p>\n<\/div>\n<div style=\"font-weight: bold\">Bypass universal.<\/div>\n<div>\n<p>Escoge entre Hardwire \u201cTrue\u201d Bypass, utilizando un rel\u00e9 de se\u00f1al peque\u00f1a para mejorar la confiabilidad y las capacidades de conmutaci\u00f3n remota o Buffered Bypass, utilizando conmutaci\u00f3n anal\u00f3gica para una impedancia de entrada consistente y salida de b\u00fafer.<\/p>\n<\/div>\n<div style=\"font-weight: bold\">Entrada MIDI.<\/div>\n<div>\n<p>Recupera preajustes, par\u00e1metros de control activar\/desactivar remotamente a trav\u00e9s de MIDI.<\/p>\n<\/div>\n<div style=\"font-weight: bold\">DSP de \u00faltima generaci\u00f3n.<\/div>\n<div>\n<p>Nuestro DSP propietario (Digital Signal Processor) de 6 bits y conversores de 24 bits de gran pureza.<\/p>\n<\/div>\n<div style=\"font-weight: bold\">Dimensions.<\/div>\n<div>\n<p>11.4 x 6.4 x 5.1 cm.<\/p>\n<\/div>\n<div style=\"font-weight: bold\">Energy.<\/div>\n<div>\n<p>Funciona con una pila de 9V (incluida) o con una fuente de alimentaci\u00f3n (no incluida).<\/p>\n<\/div>\n<\/div>\n<div>\n<h4>Characteristics<\/h4>\n<\/div>\n<div>\n<ul style=\"margin: 0px 0px 0px 25px\">\n<li style=\"list-style-type: circle;margin: 5px\">Rango de \u00b118 dB sobre 7 bandas de frecuencia.<\/li>\n<li style=\"list-style-type: circle;margin: 5px\">Clean boost de 12 dB.<\/li>\n<\/ul>\n<\/div>\n<\/div>","protected":false},"excerpt":{"rendered":"<p>Pedal de ecualizaci\u00f3n programable, rango de \u00b118 dB sobre 7 bandas de frecuencia, 4 preajustes de usuario programables independientes f\u00e1cilmente recuperables por medio de footswitch, funci\u00f3n Octave Extend: Optimiza el EQ para graves con una banda de frecuencia adicional de 62 Hz, carcasa de aluminio diecast compacta y robusta, clean boost de 12 dB, funci\u00f3n auto-scrolling: Se desplaza autom\u00e1ticamente a trav\u00e9s de los 4 preajustes para crear efectos \u00fanicos y din\u00e1micos, similares a las unidades de secuenciador o tr\u00e9molo, bypass universal: Escoge entre Hardwire \u201cTrue\u201d Bypass, utilizando un rel\u00e9 de se\u00f1al peque\u00f1a para mejorar la confiabilidad y las capacidades de conmutaci\u00f3n remota o Buffered Bypass, utilizando conmutaci\u00f3n anal\u00f3gica para una impedancia de entrada consistente y salida de b\u00fafer, entrada MIDI que recupera preajustes y par\u00e1metros de control, DSP de \u00faltima generaci\u00f3n, dimensiones: 11.4 x 6.4 x 5.1 cm, funciona con una pila de 9V (incluida) o con una fuente de alimentaci\u00f3n (no incluida).&hellip; <a class=\"kt-excerpt-readmore more-link\" href=\"https:\/\/www.mexicanguitarplayers.com\/en\/tienda\/cuerdas\/efectos\/efectos-individuales\/pedal-source-audio-programmable-eq\/\">Read more<\/a><\/p>","protected":false},"featured_media":25234,"comment_status":"open","ping_status":"closed","template":"","meta":{"kt_blocks_editor_width":""},"pwb-brand":[608],"product_brand":[],"product_cat":[224,241,504],"product_tag":[],"class_list":{"0":"post-25236","1":"product","2":"type-product","3":"status-publish","4":"has-post-thumbnail","6":"pwb-brand-source-audio","7":"product_cat-cuerdas","8":"product_cat-efectos","9":"product_cat-efectos-individuales","10":"product_shipping_class-0-5-kg","12":"first","13":"outofstock","14":"taxable","15":"shipping-taxable","16":"purchasable","17":"product-type-simple"},"yoast_head":"<!-- This site is optimized with the Yoast SEO plugin v27.5 - https:\/\/yoast.com\/product\/yoast-seo-wordpress\/ -->\n<title>PEDAL SOURCE AUDIO PROGRAMMABLE EQ - Mexican Guitar Players<\/title>\n<meta name=\"description\" content=\"Pedal de ecualizaci\u00f3n programable, rango de \u00b118 dB sobre 7 bandas de frecuencia, 4 preajustes de usuario programables independientes f\u00e1cilmente recuperables por medio de footswitch, funci\u00f3n Octave Extend: Optimiza el EQ para graves con una banda de frecuencia adicional de 62 Hz, carcasa de aluminio diecast compacta y robusta, clean boost de 12 dB, funci\u00f3n auto-scrolling: Se desplaza autom\u00e1ticamente a trav\u00e9s de los 4 preajustes para crear efectos \u00fanicos y din\u00e1micos, similares a las unidades de secuenciador o tr\u00e9molo, bypass universal: Escoge entre Hardwire \u201cTrue\u201d Bypass, utilizando un rel\u00e9 de se\u00f1al peque\u00f1a para mejorar la confiabilidad y las capacidades de conmutaci\u00f3n remota o Buffered Bypass, utilizando conmutaci\u00f3n anal\u00f3gica para una impedancia de entrada consistente y salida de b\u00fafer, entrada MIDI que recupera preajustes y par\u00e1metros de control, DSP de \u00faltima generaci\u00f3n, dimensiones: 11.4 x 6.4 x 5.1 cm, funciona con una pila de 9V (incluida) o con una fuente de alimentaci\u00f3n (no incluida).\" \/>\n<meta name=\"robots\" content=\"index, follow, max-snippet:-1, max-image-preview:large, max-video-preview:-1\" \/>\n<link rel=\"canonical\" href=\"https:\/\/www.mexicanguitarplayers.com\/en\/tienda\/sin%20categor\u00eda\/pedal-source-audio-programmable-eq\/\" \/>\n<meta property=\"og:locale\" content=\"en_US\" \/>\n<meta property=\"og:type\" content=\"article\" \/>\n<meta property=\"og:title\" content=\"PEDAL SOURCE AUDIO PROGRAMMABLE EQ - Mexican Guitar Players\" \/>\n<meta property=\"og:description\" content=\"Pedal de ecualizaci\u00f3n programable, rango de \u00b118 dB sobre 7 bandas de frecuencia, 4 preajustes de usuario programables independientes f\u00e1cilmente recuperables por medio de footswitch, funci\u00f3n Octave Extend: Optimiza el EQ para graves con una banda de frecuencia adicional de 62 Hz, carcasa de aluminio diecast compacta y robusta, clean boost de 12 dB, funci\u00f3n auto-scrolling: Se desplaza autom\u00e1ticamente a trav\u00e9s de los 4 preajustes para crear efectos \u00fanicos y din\u00e1micos, similares a las unidades de secuenciador o tr\u00e9molo, bypass universal: Escoge entre Hardwire \u201cTrue\u201d Bypass, utilizando un rel\u00e9 de se\u00f1al peque\u00f1a para mejorar la confiabilidad y las capacidades de conmutaci\u00f3n remota o Buffered Bypass, utilizando conmutaci\u00f3n anal\u00f3gica para una impedancia de entrada consistente y salida de b\u00fafer, entrada MIDI que recupera preajustes y par\u00e1metros de control, DSP de \u00faltima generaci\u00f3n, dimensiones: 11.4 x 6.4 x 5.1 cm, funciona con una pila de 9V (incluida) o con una fuente de alimentaci\u00f3n (no incluida).\" \/>\n<meta property=\"og:url\" content=\"https:\/\/www.mexicanguitarplayers.com\/en\/tienda\/sin categor\u00eda\/pedal-source-audio-programmable-eq\/\" \/>\n<meta property=\"og:site_name\" content=\"Mexican Guitar Players\" \/>\n<meta property=\"article:modified_time\" content=\"2026-04-10T10:46:00+00:00\" \/>\n<meta name=\"twitter:card\" content=\"summary_large_image\" \/>\n<meta name=\"twitter:label1\" content=\"Est. reading time\" \/>\n\t<meta name=\"twitter:data1\" content=\"3 minutes\" \/>\n<script type=\"application\/ld+json\" class=\"yoast-schema-graph\">{\"@context\":\"https:\\\/\\\/schema.org\",\"@graph\":[{\"@type\":[\"WebPage\",\"ItemPage\"],\"@id\":\"https:\\\/\\\/www.mexicanguitarplayers.com\\\/tienda\\\/sin categor\u00eda\\\/pedal-source-audio-programmable-eq\\\/\",\"url\":\"https:\\\/\\\/www.mexicanguitarplayers.com\\\/tienda\\\/sin categor\u00eda\\\/pedal-source-audio-programmable-eq\\\/\",\"name\":\"PEDAL SOURCE AUDIO PROGRAMMABLE EQ - Mexican Guitar Players\",\"isPartOf\":{\"@id\":\"https:\\\/\\\/www.mexicanguitarplayers.com\\\/#website\"},\"primaryImageOfPage\":{\"@id\":\"https:\\\/\\\/www.mexicanguitarplayers.com\\\/tienda\\\/sin categor\u00eda\\\/pedal-source-audio-programmable-eq\\\/#primaryimage\"},\"image\":{\"@id\":\"https:\\\/\\\/www.mexicanguitarplayers.com\\\/tienda\\\/sin categor\u00eda\\\/pedal-source-audio-programmable-eq\\\/#primaryimage\"},\"thumbnailUrl\":\"https:\\\/\\\/www.mexicanguitarplayers.com\\\/wp-content\\\/uploads\\\/2025\\\/04\\\/VASIOSA170.jpg\",\"datePublished\":\"2025-04-06T21:46:16+00:00\",\"dateModified\":\"2026-04-10T10:46:00+00:00\",\"description\":\"Pedal de ecualizaci\u00f3n programable, rango de \u00b118 dB sobre 7 bandas de frecuencia, 4 preajustes de usuario programables independientes f\u00e1cilmente recuperables por medio de footswitch, funci\u00f3n Octave Extend: Optimiza el EQ para graves con una banda de frecuencia adicional de 62 Hz, carcasa de aluminio diecast compacta y robusta, clean boost de 12 dB, funci\u00f3n auto-scrolling: Se desplaza autom\u00e1ticamente a trav\u00e9s de los 4 preajustes para crear efectos \u00fanicos y din\u00e1micos, similares a las unidades de secuenciador o tr\u00e9molo, bypass universal: Escoge entre Hardwire \u201cTrue\u201d Bypass, utilizando un rel\u00e9 de se\u00f1al peque\u00f1a para mejorar la confiabilidad y las capacidades de conmutaci\u00f3n remota o Buffered Bypass, utilizando conmutaci\u00f3n anal\u00f3gica para una impedancia de entrada consistente y salida de b\u00fafer, entrada MIDI que recupera preajustes y par\u00e1metros de control, DSP de \u00faltima generaci\u00f3n, dimensiones: 11.4 x 6.4 x 5.1 cm, funciona con una pila de 9V (incluida) o con una fuente de alimentaci\u00f3n (no incluida).\",\"breadcrumb\":{\"@id\":\"https:\\\/\\\/www.mexicanguitarplayers.com\\\/tienda\\\/sin categor\u00eda\\\/pedal-source-audio-programmable-eq\\\/#breadcrumb\"},\"inLanguage\":\"en-US\",\"potentialAction\":[{\"@type\":\"ReadAction\",\"target\":[\"https:\\\/\\\/www.mexicanguitarplayers.com\\\/tienda\\\/sin categor\u00eda\\\/pedal-source-audio-programmable-eq\\\/\"]}]},{\"@type\":\"ImageObject\",\"inLanguage\":\"en-US\",\"@id\":\"https:\\\/\\\/www.mexicanguitarplayers.com\\\/tienda\\\/sin categor\u00eda\\\/pedal-source-audio-programmable-eq\\\/#primaryimage\",\"url\":\"https:\\\/\\\/www.mexicanguitarplayers.com\\\/wp-content\\\/uploads\\\/2025\\\/04\\\/VASIOSA170.jpg\",\"contentUrl\":\"https:\\\/\\\/www.mexicanguitarplayers.com\\\/wp-content\\\/uploads\\\/2025\\\/04\\\/VASIOSA170.jpg\",\"width\":800,\"height\":1600},{\"@type\":\"BreadcrumbList\",\"@id\":\"https:\\\/\\\/www.mexicanguitarplayers.com\\\/tienda\\\/sin categor\u00eda\\\/pedal-source-audio-programmable-eq\\\/#breadcrumb\",\"itemListElement\":[{\"@type\":\"ListItem\",\"position\":1,\"name\":\"Portada\",\"item\":\"https:\\\/\\\/www.mexicanguitarplayers.com\\\/\"},{\"@type\":\"ListItem\",\"position\":2,\"name\":\"Tienda\",\"item\":\"https:\\\/\\\/www.mexicanguitarplayers.com\\\/tienda\\\/\"},{\"@type\":\"ListItem\",\"position\":3,\"name\":\"PEDAL SOURCE AUDIO PROGRAMMABLE EQ\"}]},{\"@type\":\"WebSite\",\"@id\":\"https:\\\/\\\/www.mexicanguitarplayers.com\\\/#website\",\"url\":\"https:\\\/\\\/www.mexicanguitarplayers.com\\\/\",\"name\":\"Mexican Guitar Players\",\"description\":\"Website\",\"publisher\":{\"@id\":\"https:\\\/\\\/www.mexicanguitarplayers.com\\\/#organization\"},\"potentialAction\":[{\"@type\":\"SearchAction\",\"target\":{\"@type\":\"EntryPoint\",\"urlTemplate\":\"https:\\\/\\\/www.mexicanguitarplayers.com\\\/?s={search_term_string}\"},\"query-input\":{\"@type\":\"PropertyValueSpecification\",\"valueRequired\":true,\"valueName\":\"search_term_string\"}}],\"inLanguage\":\"en-US\"},{\"@type\":\"Organization\",\"@id\":\"https:\\\/\\\/www.mexicanguitarplayers.com\\\/#organization\",\"name\":\"Mexican Guitar Players\",\"url\":\"https:\\\/\\\/www.mexicanguitarplayers.com\\\/\",\"logo\":{\"@type\":\"ImageObject\",\"inLanguage\":\"en-US\",\"@id\":\"https:\\\/\\\/www.mexicanguitarplayers.com\\\/#\\\/schema\\\/logo\\\/image\\\/\",\"url\":\"\",\"contentUrl\":\"\",\"caption\":\"Mexican Guitar Players\"},\"image\":{\"@id\":\"https:\\\/\\\/www.mexicanguitarplayers.com\\\/#\\\/schema\\\/logo\\\/image\\\/\"}}]}<\/script>\n<!-- \/ Yoast SEO plugin. -->","yoast_head_json":{"title":"PEDAL SOURCE AUDIO PROGRAMMABLE EQ - Mexican Guitar Players","description":"Pedal de ecualizaci\u00f3n programable, rango de \u00b118 dB sobre 7 bandas de frecuencia, 4 preajustes de usuario programables independientes f\u00e1cilmente recuperables por medio de footswitch, funci\u00f3n Octave Extend: Optimiza el EQ para graves con una banda de frecuencia adicional de 62 Hz, carcasa de aluminio diecast compacta y robusta, clean boost de 12 dB, funci\u00f3n auto-scrolling: Se desplaza autom\u00e1ticamente a trav\u00e9s de los 4 preajustes para crear efectos \u00fanicos y din\u00e1micos, similares a las unidades de secuenciador o tr\u00e9molo, bypass universal: Escoge entre Hardwire \u201cTrue\u201d Bypass, utilizando un rel\u00e9 de se\u00f1al peque\u00f1a para mejorar la confiabilidad y las capacidades de conmutaci\u00f3n remota o Buffered Bypass, utilizando conmutaci\u00f3n anal\u00f3gica para una impedancia de entrada consistente y salida de b\u00fafer, entrada MIDI que recupera preajustes y par\u00e1metros de control, DSP de \u00faltima generaci\u00f3n, dimensiones: 11.4 x 6.4 x 5.1 cm, funciona con una pila de 9V (incluida) o con una fuente de alimentaci\u00f3n (no incluida).","robots":{"index":"index","follow":"follow","max-snippet":"max-snippet:-1","max-image-preview":"max-image-preview:large","max-video-preview":"max-video-preview:-1"},"canonical":"https:\/\/www.mexicanguitarplayers.com\/en\/tienda\/sin categor\u00eda\/pedal-source-audio-programmable-eq\/","og_locale":"en_US","og_type":"article","og_title":"PEDAL SOURCE AUDIO PROGRAMMABLE EQ - Mexican Guitar Players","og_description":"Pedal de ecualizaci\u00f3n programable, rango de \u00b118 dB sobre 7 bandas de frecuencia, 4 preajustes de usuario programables independientes f\u00e1cilmente recuperables por medio de footswitch, funci\u00f3n Octave Extend: Optimiza el EQ para graves con una banda de frecuencia adicional de 62 Hz, carcasa de aluminio diecast compacta y robusta, clean boost de 12 dB, funci\u00f3n auto-scrolling: Se desplaza autom\u00e1ticamente a trav\u00e9s de los 4 preajustes para crear efectos \u00fanicos y din\u00e1micos, similares a las unidades de secuenciador o tr\u00e9molo, bypass universal: Escoge entre Hardwire \u201cTrue\u201d Bypass, utilizando un rel\u00e9 de se\u00f1al peque\u00f1a para mejorar la confiabilidad y las capacidades de conmutaci\u00f3n remota o Buffered Bypass, utilizando conmutaci\u00f3n anal\u00f3gica para una impedancia de entrada consistente y salida de b\u00fafer, entrada MIDI que recupera preajustes y par\u00e1metros de control, DSP de \u00faltima generaci\u00f3n, dimensiones: 11.4 x 6.4 x 5.1 cm, funciona con una pila de 9V (incluida) o con una fuente de alimentaci\u00f3n (no incluida).","og_url":"https:\/\/www.mexicanguitarplayers.com\/en\/tienda\/sin categor\u00eda\/pedal-source-audio-programmable-eq\/","og_site_name":"Mexican Guitar Players","article_modified_time":"2026-04-10T10:46:00+00:00","twitter_card":"summary_large_image","twitter_misc":{"Est. reading time":"3 minutes"},"schema":{"@context":"https:\/\/schema.org","@graph":[{"@type":["WebPage","ItemPage"],"@id":"https:\/\/www.mexicanguitarplayers.com\/tienda\/sin categor\u00eda\/pedal-source-audio-programmable-eq\/","url":"https:\/\/www.mexicanguitarplayers.com\/tienda\/sin categor\u00eda\/pedal-source-audio-programmable-eq\/","name":"PEDAL SOURCE AUDIO PROGRAMMABLE EQ - Mexican Guitar Players","isPartOf":{"@id":"https:\/\/www.mexicanguitarplayers.com\/#website"},"primaryImageOfPage":{"@id":"https:\/\/www.mexicanguitarplayers.com\/tienda\/sin categor\u00eda\/pedal-source-audio-programmable-eq\/#primaryimage"},"image":{"@id":"https:\/\/www.mexicanguitarplayers.com\/tienda\/sin categor\u00eda\/pedal-source-audio-programmable-eq\/#primaryimage"},"thumbnailUrl":"https:\/\/www.mexicanguitarplayers.com\/wp-content\/uploads\/2025\/04\/VASIOSA170.jpg","datePublished":"2025-04-06T21:46:16+00:00","dateModified":"2026-04-10T10:46:00+00:00","description":"Pedal de ecualizaci\u00f3n programable, rango de \u00b118 dB sobre 7 bandas de frecuencia, 4 preajustes de usuario programables independientes f\u00e1cilmente recuperables por medio de footswitch, funci\u00f3n Octave Extend: Optimiza el EQ para graves con una banda de frecuencia adicional de 62 Hz, carcasa de aluminio diecast compacta y robusta, clean boost de 12 dB, funci\u00f3n auto-scrolling: Se desplaza autom\u00e1ticamente a trav\u00e9s de los 4 preajustes para crear efectos \u00fanicos y din\u00e1micos, similares a las unidades de secuenciador o tr\u00e9molo, bypass universal: Escoge entre Hardwire \u201cTrue\u201d Bypass, utilizando un rel\u00e9 de se\u00f1al peque\u00f1a para mejorar la confiabilidad y las capacidades de conmutaci\u00f3n remota o Buffered Bypass, utilizando conmutaci\u00f3n anal\u00f3gica para una impedancia de entrada consistente y salida de b\u00fafer, entrada MIDI que recupera preajustes y par\u00e1metros de control, DSP de \u00faltima generaci\u00f3n, dimensiones: 11.4 x 6.4 x 5.1 cm, funciona con una pila de 9V (incluida) o con una fuente de alimentaci\u00f3n (no incluida).","breadcrumb":{"@id":"https:\/\/www.mexicanguitarplayers.com\/tienda\/sin categor\u00eda\/pedal-source-audio-programmable-eq\/#breadcrumb"},"inLanguage":"en-US","potentialAction":[{"@type":"ReadAction","target":["https:\/\/www.mexicanguitarplayers.com\/tienda\/sin categor\u00eda\/pedal-source-audio-programmable-eq\/"]}]},{"@type":"ImageObject","inLanguage":"en-US","@id":"https:\/\/www.mexicanguitarplayers.com\/tienda\/sin categor\u00eda\/pedal-source-audio-programmable-eq\/#primaryimage","url":"https:\/\/www.mexicanguitarplayers.com\/wp-content\/uploads\/2025\/04\/VASIOSA170.jpg","contentUrl":"https:\/\/www.mexicanguitarplayers.com\/wp-content\/uploads\/2025\/04\/VASIOSA170.jpg","width":800,"height":1600},{"@type":"BreadcrumbList","@id":"https:\/\/www.mexicanguitarplayers.com\/tienda\/sin categor\u00eda\/pedal-source-audio-programmable-eq\/#breadcrumb","itemListElement":[{"@type":"ListItem","position":1,"name":"Portada","item":"https:\/\/www.mexicanguitarplayers.com\/"},{"@type":"ListItem","position":2,"name":"Tienda","item":"https:\/\/www.mexicanguitarplayers.com\/tienda\/"},{"@type":"ListItem","position":3,"name":"PEDAL SOURCE AUDIO PROGRAMMABLE EQ"}]},{"@type":"WebSite","@id":"https:\/\/www.mexicanguitarplayers.com\/#website","url":"https:\/\/www.mexicanguitarplayers.com\/","name":"Mexican Guitar Players","description":"Website","publisher":{"@id":"https:\/\/www.mexicanguitarplayers.com\/#organization"},"potentialAction":[{"@type":"SearchAction","target":{"@type":"EntryPoint","urlTemplate":"https:\/\/www.mexicanguitarplayers.com\/?s={search_term_string}"},"query-input":{"@type":"PropertyValueSpecification","valueRequired":true,"valueName":"search_term_string"}}],"inLanguage":"en-US"},{"@type":"Organization","@id":"https:\/\/www.mexicanguitarplayers.com\/#organization","name":"Mexican Guitar Players","url":"https:\/\/www.mexicanguitarplayers.com\/","logo":{"@type":"ImageObject","inLanguage":"en-US","@id":"https:\/\/www.mexicanguitarplayers.com\/#\/schema\/logo\/image\/","url":"","contentUrl":"","caption":"Mexican Guitar Players"},"image":{"@id":"https:\/\/www.mexicanguitarplayers.com\/#\/schema\/logo\/image\/"}}]}},"brands":[{"id":608,"name":"AUDIO SOURCE","slug":"source-audio"}],"_links":{"self":[{"href":"https:\/\/www.mexicanguitarplayers.com\/en\/wp-json\/wp\/v2\/product\/25236","targetHints":{"allow":["GET"]}}],"collection":[{"href":"https:\/\/www.mexicanguitarplayers.com\/en\/wp-json\/wp\/v2\/product"}],"about":[{"href":"https:\/\/www.mexicanguitarplayers.com\/en\/wp-json\/wp\/v2\/types\/product"}],"replies":[{"embeddable":true,"href":"https:\/\/www.mexicanguitarplayers.com\/en\/wp-json\/wp\/v2\/comments?post=25236"}],"wp:featuredmedia":[{"embeddable":true,"href":"https:\/\/www.mexicanguitarplayers.com\/en\/wp-json\/wp\/v2\/media\/25234"}],"wp:attachment":[{"href":"https:\/\/www.mexicanguitarplayers.com\/en\/wp-json\/wp\/v2\/media?parent=25236"}],"wp:term":[{"taxonomy":"pwb-brand","embeddable":true,"href":"https:\/\/www.mexicanguitarplayers.com\/en\/wp-json\/wp\/v2\/pwb-brand?post=25236"},{"taxonomy":"product_brand","embeddable":true,"href":"https:\/\/www.mexicanguitarplayers.com\/en\/wp-json\/wp\/v2\/product_brand?post=25236"},{"taxonomy":"product_cat","embeddable":true,"href":"https:\/\/www.mexicanguitarplayers.com\/en\/wp-json\/wp\/v2\/product_cat?post=25236"},{"taxonomy":"product_tag","embeddable":true,"href":"https:\/\/www.mexicanguitarplayers.com\/en\/wp-json\/wp\/v2\/product_tag?post=25236"}],"curies":[{"name":"wp","href":"https:\/\/api.w.org\/{rel}","templated":true}]}}