{"id":25248,"date":"2025-04-06T15:48:28","date_gmt":"2025-04-06T21:48:28","guid":{"rendered":"https:\/\/www.mexicanguitarplayers.com\/tienda\/sin categor\u00eda\/pastilla-dimarzio-humbucker-p-brazo-pandemonium-2\/"},"modified":"2026-04-10T04:45:59","modified_gmt":"2026-04-10T10:45:59","slug":"pastilla-dimarzio-humbucker-p-brazo-pandemonium-2","status":"publish","type":"product","link":"https:\/\/www.mexicanguitarplayers.com\/en\/tienda\/accesorios\/para-guitarras\/pastillas-para-guitarra-electrica\/pastilla-dimarzio-humbucker-p-brazo-pandemonium-2\/","title":{"rendered":"DIMARZIO HUMBUCKER PICKUP FOR PANDEMONIUM ARM"},"content":{"rendered":"<div style=\"text-align: justify\">\n<div>\n<h3>La pieza que te faltaba para un buen hard rock.<\/h3>\n<\/div>\n<div>La sensacional guitarrista Nita Strauss es conocida por el hard rock. Ella quer\u00eda una versi\u00f3n moderna de un sonido de rock cl\u00e1sico. Cuando est\u00e1s de gira tocando en diferentes lugares tanto como Nita, descubres exactamente qu\u00e9 funciona y qu\u00e9 no. Puedes estar seguro de que el modelo de brazo de la pastilla Pandemonium funcionar\u00e1 porque est\u00e1 100% probado por Nita. Las pastillas humbucking Pandemonium de DiMarzio cuentan con una rejilla de pastilla con el dise\u00f1o cortado completamente a trav\u00e9s de la cubierta negra met\u00e1lica, lo que permite que puedan verse las bobinas Duble Cream. El modelo para brazo de la pastilla Pandemonium est\u00e1 disponible solamente en espaciado-F. Las bobinas en el modelo Pandemonium para brazo est\u00e1 ajustadas lo suficientemente separadas para crear medios limpios y abiertos con agudos y graves dulces. Puede ir desde suaves solos hasta acordes pr\u00edstinos y din\u00e1micos.<\/div>\n<div>\n<h4>Quick look<\/h4>\n<\/div>\n<ul style=\"margin: 0px 0px 0px 25px\">\n<li style=\"list-style-type: circle;margin: 5px\">Modelo.<\/li>\n<li style=\"list-style-type: circle;margin: 5px\">Posici\u00f3n.<\/li>\n<li style=\"list-style-type: circle;margin: 5px\">Espaciado.<\/li>\n<li style=\"list-style-type: circle;margin: 5px\">Alambrado.<\/li>\n<li style=\"list-style-type: circle;margin: 5px\">Im\u00e1n.<\/li>\n<li style=\"list-style-type: circle;margin: 5px\">Resistencia.<\/li>\n<\/ul>\n<div>\n<div style=\"font-weight: bold\">Modelo.<\/div>\n<div>\n<p>Pandemonium.<\/p>\n<\/div>\n<div style=\"font-weight: bold\">Posici\u00f3n.<\/div>\n<div>\n<p>Arm.<\/p>\n<\/div>\n<div style=\"font-weight: bold\">Espaciado.<\/div>\n<div>\n<p>F-Spaced.<\/p>\n<\/div>\n<div style=\"font-weight: bold\">Alambrado.<\/div>\n<div>\n<p>4 conductores.<\/p>\n<\/div>\n<div style=\"font-weight: bold\">Im\u00e1n.<\/div>\n<div>\n<p>Cer\u00e1mica.<\/p>\n<\/div>\n<div style=\"font-weight: bold\">Resistencia.<\/div>\n<div>\n<p>12.24 kilo-ohms.<\/p>\n<\/div>\n<\/div>\n<\/div>","protected":false},"excerpt":{"rendered":"<p>Pastilla humbucker para guitarra el\u00e9ctrica de 6 cuerdas, modelo Pandemonium, posici\u00f3n: brazo, alambrado: 4 conductores, im\u00e1n: cer\u00e1mica, espaciado: F-Spaced, resistencia: 12.24 kilo-ohms, parrilla personalizada dise\u00f1ada especialmente para Nita Strauss, medios limpios y abiertos con altibajos dulces, puede ir desde solos suaves hasta acordes pr\u00edstinos y din\u00e1micos.&hellip; <a class=\"kt-excerpt-readmore more-link\" href=\"https:\/\/www.mexicanguitarplayers.com\/en\/tienda\/accesorios\/para-guitarras\/pastillas-para-guitarra-electrica\/pastilla-dimarzio-humbucker-p-brazo-pandemonium-2\/\">Read more<\/a><\/p>","protected":false},"featured_media":25244,"comment_status":"open","ping_status":"closed","template":"","meta":{"kt_blocks_editor_width":""},"pwb-brand":[355],"product_brand":[],"product_cat":[85,336,353],"product_tag":[],"class_list":{"0":"post-25248","1":"product","2":"type-product","3":"status-publish","4":"has-post-thumbnail","6":"pwb-brand-dimarzio","7":"product_cat-accesorios","8":"product_cat-para-guitarras","9":"product_cat-pastillas-para-guitarra-electrica","10":"product_shipping_class-0-5-kg","12":"first","13":"outofstock","14":"taxable","15":"shipping-taxable","16":"purchasable","17":"product-type-simple"},"yoast_head":"<!-- This site is optimized with the Yoast SEO plugin v27.6 - https:\/\/yoast.com\/product\/yoast-seo-wordpress\/ -->\n<title>PASTILLA DIMARZIO HUMBUCKER P\/BRAZO PANDEMONIUM - Mexican Guitar Players<\/title>\n<meta name=\"description\" content=\"Pastilla humbucker para guitarra el\u00e9ctrica de 6 cuerdas, modelo Pandemonium, posici\u00f3n: brazo, alambrado: 4 conductores, im\u00e1n: cer\u00e1mica, espaciado: F-Spaced, resistencia: 12.24 kilo-ohms, parrilla personalizada dise\u00f1ada especialmente para Nita Strauss, medios limpios y abiertos con altibajos dulces, puede ir desde solos suaves hasta acordes pr\u00edstinos y din\u00e1micos.\" \/>\n<meta name=\"robots\" content=\"index, follow, max-snippet:-1, max-image-preview:large, max-video-preview:-1\" \/>\n<link rel=\"canonical\" href=\"https:\/\/www.mexicanguitarplayers.com\/en\/tienda\/sin%20categor\u00eda\/pastilla-dimarzio-humbucker-p-brazo-pandemonium-2\/\" \/>\n<meta property=\"og:locale\" content=\"en_US\" \/>\n<meta property=\"og:type\" content=\"article\" \/>\n<meta property=\"og:title\" content=\"PASTILLA DIMARZIO HUMBUCKER P\/BRAZO PANDEMONIUM - Mexican Guitar Players\" \/>\n<meta property=\"og:description\" content=\"Pastilla humbucker para guitarra el\u00e9ctrica de 6 cuerdas, modelo Pandemonium, posici\u00f3n: brazo, alambrado: 4 conductores, im\u00e1n: cer\u00e1mica, espaciado: F-Spaced, resistencia: 12.24 kilo-ohms, parrilla personalizada dise\u00f1ada especialmente para Nita Strauss, medios limpios y abiertos con altibajos dulces, puede ir desde solos suaves hasta acordes pr\u00edstinos y din\u00e1micos.\" \/>\n<meta property=\"og:url\" content=\"https:\/\/www.mexicanguitarplayers.com\/en\/tienda\/sin categor\u00eda\/pastilla-dimarzio-humbucker-p-brazo-pandemonium-2\/\" \/>\n<meta property=\"og:site_name\" content=\"Mexican Guitar Players\" \/>\n<meta property=\"article:modified_time\" content=\"2026-04-10T10:45:59+00:00\" \/>\n<meta name=\"twitter:card\" content=\"summary_large_image\" \/>\n<meta name=\"twitter:label1\" content=\"Est. reading time\" \/>\n\t<meta name=\"twitter:data1\" content=\"1 minute\" \/>\n<script type=\"application\/ld+json\" class=\"yoast-schema-graph\">{\"@context\":\"https:\\\/\\\/schema.org\",\"@graph\":[{\"@type\":[\"WebPage\",\"ItemPage\"],\"@id\":\"https:\\\/\\\/www.mexicanguitarplayers.com\\\/tienda\\\/sin categor\u00eda\\\/pastilla-dimarzio-humbucker-p-brazo-pandemonium-2\\\/\",\"url\":\"https:\\\/\\\/www.mexicanguitarplayers.com\\\/tienda\\\/sin categor\u00eda\\\/pastilla-dimarzio-humbucker-p-brazo-pandemonium-2\\\/\",\"name\":\"PASTILLA DIMARZIO HUMBUCKER P\\\/BRAZO PANDEMONIUM - Mexican Guitar Players\",\"isPartOf\":{\"@id\":\"https:\\\/\\\/www.mexicanguitarplayers.com\\\/#website\"},\"primaryImageOfPage\":{\"@id\":\"https:\\\/\\\/www.mexicanguitarplayers.com\\\/tienda\\\/sin categor\u00eda\\\/pastilla-dimarzio-humbucker-p-brazo-pandemonium-2\\\/#primaryimage\"},\"image\":{\"@id\":\"https:\\\/\\\/www.mexicanguitarplayers.com\\\/tienda\\\/sin categor\u00eda\\\/pastilla-dimarzio-humbucker-p-brazo-pandemonium-2\\\/#primaryimage\"},\"thumbnailUrl\":\"https:\\\/\\\/www.mexicanguitarplayers.com\\\/wp-content\\\/uploads\\\/2025\\\/04\\\/RADIMDP276FSP.jpg\",\"datePublished\":\"2025-04-06T21:48:28+00:00\",\"dateModified\":\"2026-04-10T10:45:59+00:00\",\"description\":\"Pastilla humbucker para guitarra el\u00e9ctrica de 6 cuerdas, modelo Pandemonium, posici\u00f3n: brazo, alambrado: 4 conductores, im\u00e1n: cer\u00e1mica, espaciado: F-Spaced, resistencia: 12.24 kilo-ohms, parrilla personalizada dise\u00f1ada especialmente para Nita Strauss, medios limpios y abiertos con altibajos dulces, puede ir desde solos suaves hasta acordes pr\u00edstinos y din\u00e1micos.\",\"breadcrumb\":{\"@id\":\"https:\\\/\\\/www.mexicanguitarplayers.com\\\/tienda\\\/sin categor\u00eda\\\/pastilla-dimarzio-humbucker-p-brazo-pandemonium-2\\\/#breadcrumb\"},\"inLanguage\":\"en-US\",\"potentialAction\":[{\"@type\":\"ReadAction\",\"target\":[\"https:\\\/\\\/www.mexicanguitarplayers.com\\\/tienda\\\/sin categor\u00eda\\\/pastilla-dimarzio-humbucker-p-brazo-pandemonium-2\\\/\"]}]},{\"@type\":\"ImageObject\",\"inLanguage\":\"en-US\",\"@id\":\"https:\\\/\\\/www.mexicanguitarplayers.com\\\/tienda\\\/sin categor\u00eda\\\/pastilla-dimarzio-humbucker-p-brazo-pandemonium-2\\\/#primaryimage\",\"url\":\"https:\\\/\\\/www.mexicanguitarplayers.com\\\/wp-content\\\/uploads\\\/2025\\\/04\\\/RADIMDP276FSP.jpg\",\"contentUrl\":\"https:\\\/\\\/www.mexicanguitarplayers.com\\\/wp-content\\\/uploads\\\/2025\\\/04\\\/RADIMDP276FSP.jpg\",\"width\":1600,\"height\":800},{\"@type\":\"BreadcrumbList\",\"@id\":\"https:\\\/\\\/www.mexicanguitarplayers.com\\\/tienda\\\/sin categor\u00eda\\\/pastilla-dimarzio-humbucker-p-brazo-pandemonium-2\\\/#breadcrumb\",\"itemListElement\":[{\"@type\":\"ListItem\",\"position\":1,\"name\":\"Portada\",\"item\":\"https:\\\/\\\/www.mexicanguitarplayers.com\\\/\"},{\"@type\":\"ListItem\",\"position\":2,\"name\":\"Tienda\",\"item\":\"https:\\\/\\\/www.mexicanguitarplayers.com\\\/tienda\\\/\"},{\"@type\":\"ListItem\",\"position\":3,\"name\":\"PASTILLA DIMARZIO HUMBUCKER P\\\/BRAZO PANDEMONIUM\"}]},{\"@type\":\"WebSite\",\"@id\":\"https:\\\/\\\/www.mexicanguitarplayers.com\\\/#website\",\"url\":\"https:\\\/\\\/www.mexicanguitarplayers.com\\\/\",\"name\":\"Mexican Guitar Players\",\"description\":\"Website\",\"publisher\":{\"@id\":\"https:\\\/\\\/www.mexicanguitarplayers.com\\\/#organization\"},\"potentialAction\":[{\"@type\":\"SearchAction\",\"target\":{\"@type\":\"EntryPoint\",\"urlTemplate\":\"https:\\\/\\\/www.mexicanguitarplayers.com\\\/?s={search_term_string}\"},\"query-input\":{\"@type\":\"PropertyValueSpecification\",\"valueRequired\":true,\"valueName\":\"search_term_string\"}}],\"inLanguage\":\"en-US\"},{\"@type\":\"Organization\",\"@id\":\"https:\\\/\\\/www.mexicanguitarplayers.com\\\/#organization\",\"name\":\"Mexican Guitar Players\",\"url\":\"https:\\\/\\\/www.mexicanguitarplayers.com\\\/\",\"logo\":{\"@type\":\"ImageObject\",\"inLanguage\":\"en-US\",\"@id\":\"https:\\\/\\\/www.mexicanguitarplayers.com\\\/#\\\/schema\\\/logo\\\/image\\\/\",\"url\":\"\",\"contentUrl\":\"\",\"caption\":\"Mexican Guitar Players\"},\"image\":{\"@id\":\"https:\\\/\\\/www.mexicanguitarplayers.com\\\/#\\\/schema\\\/logo\\\/image\\\/\"}}]}<\/script>\n<!-- \/ Yoast SEO plugin. -->","yoast_head_json":{"title":"PASTILLA DIMARZIO HUMBUCKER P\/BRAZO PANDEMONIUM - Mexican Guitar Players","description":"Humbucker Pickup for 6 String Electric Guitar, Pandemonium Model, Position: Neck, Wiring: 4 Conductor, Magnet: Ceramic, Spacing: F-Spaced, Resistance: 12.24 kilo-ohms, Custom Grill Designed Especially for Nita Strauss, Clean Open Middle with sweet highs and lows, it can range from smooth solos to pristine, dynamic chords.","robots":{"index":"index","follow":"follow","max-snippet":"max-snippet:-1","max-image-preview":"max-image-preview:large","max-video-preview":"max-video-preview:-1"},"canonical":"https:\/\/www.mexicanguitarplayers.com\/en\/tienda\/sin categor\u00eda\/pastilla-dimarzio-humbucker-p-brazo-pandemonium-2\/","og_locale":"en_US","og_type":"article","og_title":"PASTILLA DIMARZIO HUMBUCKER P\/BRAZO PANDEMONIUM - Mexican Guitar Players","og_description":"Pastilla humbucker para guitarra el\u00e9ctrica de 6 cuerdas, modelo Pandemonium, posici\u00f3n: brazo, alambrado: 4 conductores, im\u00e1n: cer\u00e1mica, espaciado: F-Spaced, resistencia: 12.24 kilo-ohms, parrilla personalizada dise\u00f1ada especialmente para Nita Strauss, medios limpios y abiertos con altibajos dulces, puede ir desde solos suaves hasta acordes pr\u00edstinos y din\u00e1micos.","og_url":"https:\/\/www.mexicanguitarplayers.com\/en\/tienda\/sin categor\u00eda\/pastilla-dimarzio-humbucker-p-brazo-pandemonium-2\/","og_site_name":"Mexican Guitar Players","article_modified_time":"2026-04-10T10:45:59+00:00","twitter_card":"summary_large_image","twitter_misc":{"Est. reading time":"1 minute"},"schema":{"@context":"https:\/\/schema.org","@graph":[{"@type":["WebPage","ItemPage"],"@id":"https:\/\/www.mexicanguitarplayers.com\/tienda\/sin categor\u00eda\/pastilla-dimarzio-humbucker-p-brazo-pandemonium-2\/","url":"https:\/\/www.mexicanguitarplayers.com\/tienda\/sin categor\u00eda\/pastilla-dimarzio-humbucker-p-brazo-pandemonium-2\/","name":"PASTILLA DIMARZIO HUMBUCKER P\/BRAZO PANDEMONIUM - Mexican Guitar Players","isPartOf":{"@id":"https:\/\/www.mexicanguitarplayers.com\/#website"},"primaryImageOfPage":{"@id":"https:\/\/www.mexicanguitarplayers.com\/tienda\/sin categor\u00eda\/pastilla-dimarzio-humbucker-p-brazo-pandemonium-2\/#primaryimage"},"image":{"@id":"https:\/\/www.mexicanguitarplayers.com\/tienda\/sin categor\u00eda\/pastilla-dimarzio-humbucker-p-brazo-pandemonium-2\/#primaryimage"},"thumbnailUrl":"https:\/\/www.mexicanguitarplayers.com\/wp-content\/uploads\/2025\/04\/RADIMDP276FSP.jpg","datePublished":"2025-04-06T21:48:28+00:00","dateModified":"2026-04-10T10:45:59+00:00","description":"Humbucker Pickup for 6 String Electric Guitar, Pandemonium Model, Position: Neck, Wiring: 4 Conductor, Magnet: Ceramic, Spacing: F-Spaced, Resistance: 12.24 kilo-ohms, Custom Grill Designed Especially for Nita Strauss, Clean Open Middle with sweet highs and lows, it can range from smooth solos to pristine, dynamic chords.","breadcrumb":{"@id":"https:\/\/www.mexicanguitarplayers.com\/tienda\/sin categor\u00eda\/pastilla-dimarzio-humbucker-p-brazo-pandemonium-2\/#breadcrumb"},"inLanguage":"en-US","potentialAction":[{"@type":"ReadAction","target":["https:\/\/www.mexicanguitarplayers.com\/tienda\/sin categor\u00eda\/pastilla-dimarzio-humbucker-p-brazo-pandemonium-2\/"]}]},{"@type":"ImageObject","inLanguage":"en-US","@id":"https:\/\/www.mexicanguitarplayers.com\/tienda\/sin categor\u00eda\/pastilla-dimarzio-humbucker-p-brazo-pandemonium-2\/#primaryimage","url":"https:\/\/www.mexicanguitarplayers.com\/wp-content\/uploads\/2025\/04\/RADIMDP276FSP.jpg","contentUrl":"https:\/\/www.mexicanguitarplayers.com\/wp-content\/uploads\/2025\/04\/RADIMDP276FSP.jpg","width":1600,"height":800},{"@type":"BreadcrumbList","@id":"https:\/\/www.mexicanguitarplayers.com\/tienda\/sin categor\u00eda\/pastilla-dimarzio-humbucker-p-brazo-pandemonium-2\/#breadcrumb","itemListElement":[{"@type":"ListItem","position":1,"name":"Portada","item":"https:\/\/www.mexicanguitarplayers.com\/"},{"@type":"ListItem","position":2,"name":"Tienda","item":"https:\/\/www.mexicanguitarplayers.com\/tienda\/"},{"@type":"ListItem","position":3,"name":"PASTILLA DIMARZIO HUMBUCKER P\/BRAZO PANDEMONIUM"}]},{"@type":"WebSite","@id":"https:\/\/www.mexicanguitarplayers.com\/#website","url":"https:\/\/www.mexicanguitarplayers.com\/","name":"Mexican Guitar Players","description":"Website","publisher":{"@id":"https:\/\/www.mexicanguitarplayers.com\/#organization"},"potentialAction":[{"@type":"SearchAction","target":{"@type":"EntryPoint","urlTemplate":"https:\/\/www.mexicanguitarplayers.com\/?s={search_term_string}"},"query-input":{"@type":"PropertyValueSpecification","valueRequired":true,"valueName":"search_term_string"}}],"inLanguage":"en-US"},{"@type":"Organization","@id":"https:\/\/www.mexicanguitarplayers.com\/#organization","name":"Mexican Guitar Players","url":"https:\/\/www.mexicanguitarplayers.com\/","logo":{"@type":"ImageObject","inLanguage":"en-US","@id":"https:\/\/www.mexicanguitarplayers.com\/#\/schema\/logo\/image\/","url":"","contentUrl":"","caption":"Mexican Guitar Players"},"image":{"@id":"https:\/\/www.mexicanguitarplayers.com\/#\/schema\/logo\/image\/"}}]}},"brands":[{"id":355,"name":"DIMARZIO","slug":"dimarzio"}],"_links":{"self":[{"href":"https:\/\/www.mexicanguitarplayers.com\/en\/wp-json\/wp\/v2\/product\/25248","targetHints":{"allow":["GET"]}}],"collection":[{"href":"https:\/\/www.mexicanguitarplayers.com\/en\/wp-json\/wp\/v2\/product"}],"about":[{"href":"https:\/\/www.mexicanguitarplayers.com\/en\/wp-json\/wp\/v2\/types\/product"}],"replies":[{"embeddable":true,"href":"https:\/\/www.mexicanguitarplayers.com\/en\/wp-json\/wp\/v2\/comments?post=25248"}],"wp:featuredmedia":[{"embeddable":true,"href":"https:\/\/www.mexicanguitarplayers.com\/en\/wp-json\/wp\/v2\/media\/25244"}],"wp:attachment":[{"href":"https:\/\/www.mexicanguitarplayers.com\/en\/wp-json\/wp\/v2\/media?parent=25248"}],"wp:term":[{"taxonomy":"pwb-brand","embeddable":true,"href":"https:\/\/www.mexicanguitarplayers.com\/en\/wp-json\/wp\/v2\/pwb-brand?post=25248"},{"taxonomy":"product_brand","embeddable":true,"href":"https:\/\/www.mexicanguitarplayers.com\/en\/wp-json\/wp\/v2\/product_brand?post=25248"},{"taxonomy":"product_cat","embeddable":true,"href":"https:\/\/www.mexicanguitarplayers.com\/en\/wp-json\/wp\/v2\/product_cat?post=25248"},{"taxonomy":"product_tag","embeddable":true,"href":"https:\/\/www.mexicanguitarplayers.com\/en\/wp-json\/wp\/v2\/product_tag?post=25248"}],"curies":[{"name":"wp","href":"https:\/\/api.w.org\/{rel}","templated":true}]}}