{"id":25257,"date":"2025-04-06T15:49:06","date_gmt":"2025-04-06T21:49:06","guid":{"rendered":"https:\/\/www.mexicanguitarplayers.com\/tienda\/sin categor\u00eda\/bafle-turbosound-c-poder-sub-tbv118l-an\/"},"modified":"2026-02-18T04:23:56","modified_gmt":"2026-02-18T10:23:56","slug":"bafle-turbosound-c-poder-sub-tbv118l-an","status":"publish","type":"product","link":"https:\/\/www.mexicanguitarplayers.com\/en\/tienda\/audio\/bafles-y-bocinas\/bafles\/bafles-activos\/bafle-turbosound-c-poder-sub-tbv118l-an\/","title":{"rendered":"BAFLE TURBOSOUND C\/PODER SUB. TBV118L-AN"},"content":{"rendered":"<div style=\"text-align: justify\">\n<div>\n<h3>El gran sonido de Turbosound.<\/h3>\n<\/div>\n<div>El TBV118l-AN es un subwoofer amplificado compacto de 18\u201d pulgadas y cuenta con una potencia de 3000 watts, ideal para aplicaciones vocales y aplicaciones de refuerzo sonoro en sistemas de audio fijo, port\u00e1til y touring. Dise\u00f1ado para trabajar individualmente sin un controlador, el TBV118L-AN proporciona un rendimiento \u00f3ptimo para aplicaciones de FOH, offstage fill, in-fill est\u00e9reo o fill distribuido en un amplio rango de lugares, incluyendo clubes nocturnos, salas de concierto, casas de culto y mucho m\u00e1s.  Drivers personalizados. Turbosound es reconocido en el mundo por su dise\u00f1ar y construir algunos de los m\u00e1s ic\u00f3nicos bafles y subwoofers. Cuidamos y nos orgullecemos meticulosamente en mantener esa reputaci\u00f3n al utilizar s\u00f3lo los controladores dise\u00f1ados espec\u00edficamente para cada aplicaci\u00f3n, es lo que nos diferencia de la competencia. El TVB118L-AN cuenta con un driver de baja frecuencia de neodimio de 18\u201d pulgadas  que utiliza un dise\u00f1o de bobina m\u00f3vil doble para una capacidad de alta potencia y una frecuencia de salida grave extendida. Por su tama\u00f1o y ancho de banda operativo, el TBV118L-AN ofrece una salida extremadamente alta y virtualmente libre de distorsiones para un rendimiento de baja frecuencia de clase mundial que resistir\u00e1 la prueba del tiempo. Clase D &#8211; Potencia masiva, sonido perfecto. Equipado con un ligero y eficiente amplificador Klark Teknik Clase D, el subwoofer TBV118L-AN proporciona una impresionante salida de potencia de 3000 watts en un paquete altamente portable y ligero. La amplificaci\u00f3n Clase D hace toda la diferencia, ofreciendo lo  em eficiencia energ\u00e9tica y eliminando la necesidad de fuentes de alimentaci\u00f3n pesadas y disipadores de calor de gran tama\u00f1o. DSP integrado. Un alto grado de control sobre el rendimiento de los sistemas de altavoces se maneja por un sofisticado pero sencillo procesador de se\u00f1al digital (DSP) Klark Teknik, el cual proporciona ecualizaci\u00f3n din\u00e1mica y una limitaci\u00f3n transparente para obtener la m\u00e1xima potencia y definici\u00f3n en altos niveles de salida y una gran fiabilidad a largo plazo. Conectividad ULTRANET. La conectividad Ultranet se proporciona por dos conectores locking etherCON. Hasta 16 canales independientes de audio digital de 24 bits y control de datos se transmiten por medio de un cable CAT5 entre dispositivos compatibles, incluyendo mezcladoras, I\/O stage boxes, bafles amplificados y sistemas de monitoreo personal. El enrutamiento simplificado de los cables y la facilidad de configuraci\u00f3n se traducen directamente en un ahorro considerable de tiempo durante la instalaci\u00f3n.<\/div>\n<div>\n<h4>Quick look<\/h4>\n<\/div>\n<ul style=\"margin: 0px 0px 0px 25px\">\n<li style=\"list-style-type: circle;margin: 5px\">Frequency response.<\/li>\n<li style=\"list-style-type: circle;margin: 5px\">Dispersi\u00f3n nominal.<\/li>\n<li style=\"list-style-type: circle;margin: 5px\">Maximum SPL.<\/li>\n<li style=\"list-style-type: circle;margin: 5px\">Tipo de crossover.<\/li>\n<li style=\"list-style-type: circle;margin: 5px\">Transductores.<\/li>\n<li style=\"list-style-type: circle;margin: 5px\">Limitador.<\/li>\n<li style=\"list-style-type: circle;margin: 5px\">Potencia m\u00e1xima de salida.<\/li>\n<li style=\"list-style-type: circle;margin: 5px\">Tipo de amplificador.<\/li>\n<li style=\"list-style-type: circle;margin: 5px\">Protecci\u00f3n.<\/li>\n<li style=\"list-style-type: circle;margin: 5px\">Connectors.<\/li>\n<li style=\"list-style-type: circle;margin: 5px\">Entrada\/Link Ultranet.<\/li>\n<li style=\"list-style-type: circle;margin: 5px\">Controls<\/li>\n<li style=\"list-style-type: circle;margin: 5px\">Funciones DSP de usuario.<\/li>\n<li style=\"list-style-type: circle;margin: 5px\">Red digital Ultranet.<\/li>\n<li style=\"list-style-type: circle;margin: 5px\">Power supply.<\/li>\n<li style=\"list-style-type: circle;margin: 5px\">Gabinete.<\/li>\n<\/ul>\n<div>\n<div style=\"font-weight: bold\">Frequency response.<\/div>\n<div>\n<p>(\u00b13 dB): 45 Hz &#8211; 200 Hz. (-10 dB): 31 Hz &#8211; 300 Hz.<\/p>\n<\/div>\n<div style=\"font-weight: bold\">Dispersi\u00f3n nominal.<\/div>\n<div>\n<p>100\u00b0 H x 15\u00b0 V @ -6 dB puntos.<\/p>\n<\/div>\n<div style=\"font-weight: bold\">Maximum SPL.<\/div>\n<div>\n<p>133 dB pico.<\/p>\n<\/div>\n<div style=\"font-weight: bold\">Tipo de crossover.<\/div>\n<div>\n<p>Activo.<\/p>\n<\/div>\n<div style=\"font-weight: bold\">Transductores.<\/div>\n<div>\n<p>Driver LF: 1 x 18&#8243; (460 mm).<\/p>\n<\/div>\n<div style=\"font-weight: bold\">Limitador.<\/div>\n<div>\n<p>Pico y RMS.<\/p>\n<\/div>\n<div style=\"font-weight: bold\">Potencia m\u00e1xima de salida.<\/div>\n<div>\n<p>3000 watts.<\/p>\n<\/div>\n<div style=\"font-weight: bold\">Tipo de amplificador.<\/div>\n<div>\n<p>Clase D.<\/p>\n<\/div>\n<div style=\"font-weight: bold\">Protecci\u00f3n.<\/div>\n<div>\n<p>Corto circuito y t\u00e9rmica.<\/p>\n<\/div>\n<div style=\"font-weight: bold\">Connectors.<\/div>\n<div>\n<p>Entrada A\/B: 1 x combo jack\/XLR, 1 x XLR Sensibilidad: -1 dBu. Impedancia de entrada: 40 kilo-ohms balanceado. Nivel de entrada m\u00e1ximo: +18 dBu.<\/p>\n<\/div>\n<div style=\"font-weight: bold\">Entrada\/Link Ultranet.<\/div>\n<div>\n<p>2 x RJ45 \/ Neutrik etherCON. Fuente de alimentaci\u00f3n: powerCON\u2020 20A y Link 15A.<\/p>\n<\/div>\n<div style=\"font-weight: bold\">Controls<\/div>\n<div>\n<p>Codificador push DSP giratorio y control de nivel. Botones para Process, Setup, Exit, Enter.<\/p>\n<\/div>\n<div style=\"font-weight: bold\">Funciones DSP de usuario.<\/div>\n<div>\n<p>Preajustes de EQ de f\u00e1brica: Positioning, FBQ. Display LCD: 128 x 32, azul, retro iluminado. Delay: 0 &#8211; 300 ms. Ecualizaci\u00f3n: High y low shelving EQ \/ 2 ecualizadores param\u00e9tricos. Limitador: Limitador de entrada Zero Attack. Preajustes: 20 preajustes en total, 19 ajustes definibles por el usuario. Crossover: High pass L-R 24 dB\/oct. Protecci\u00f3n: Funci\u00f3n lock-para todos los ajustes.<\/p>\n<\/div>\n<div style=\"font-weight: bold\">Red digital Ultranet.<\/div>\n<div>\n<p>Procesamiento digital. Conversi\u00f3n A\/D: 24-bit, 44.1\/ 48 kHz simple rate. Sistema. Se\u00f1al, latencia: 16 canales \/ &lt; 0.9 ms. Cableado. Cables CAT5 blindado. Longitud de cable: M\u00e1ximo 75 metros.<\/p>\n<\/div>\n<div style=\"font-weight: bold\">Power supply.<\/div>\n<div>\n<p>Consumo de corriente: Entrada: 20A m\u00e1ximo, Salida link: 15A m\u00e1ximo. Consumo de energ\u00eda: 200 watts @ 1\/8 potencia m\u00e1xima para producto individual. Voltaje: 100-120 V~,50\/60 Hz.<\/p>\n<\/div>\n<div style=\"font-weight: bold\">Gabinete.<\/div>\n<div>\n<p>Dimensiones: 513 x 598 x 751 mm. Peso: 38.5 kg. Construcci\u00f3n: Contrachapado de 18 mm. Terminado: Pintura negra semi mate. Rejilla: Acero perforado con pintura en polvo. Hardware de suspensi\u00f3n: Sistema de suspensi\u00f3n integral y 4 puntos M10.<\/p>\n<\/div>\n<\/div>\n<\/div>","protected":false},"excerpt":{"rendered":"<p>Subwoofer activo de 18\u201d pulgadas con tecnolog\u00eda Klark Teknik y red Ultranet, ideal para aplicaciones portables, de instalaci\u00f3n y touring, potencia de 3,000 watts con tecnolog\u00eda Clase D, procesamiento de se\u00f1al digital Klark Teknik para un control total del sistema, driver de neodimio de 18\u201d pulgadas, bobina m\u00f3vil dual para alta potencia y salida de baja frecuencia extendida, software descargable para control remoto por medio de PC, dise\u00f1o de puerto r\u00e9flex para graves con baja distorsi\u00f3n, gabinete de contrachapado de 18 mm (3\/4\u201d pulgada) con terminado en pintura negro mate, hardware integral de suspensi\u00f3n, m\u00faltiples puntos de montaje M10 internos que permiten suspensi\u00f3n eyebolt en cualquier orientaci\u00f3n, rejilla de malla de acero perforada con pintura en polvo, montaje en poste roscado de 20 mm para soportar altavoces sat\u00e9lite, manijas durables para una f\u00e1cil transportaci\u00f3n y manejo, entradas MIAIN y Link en conectores powerCON, dise\u00f1ado y fabricado en U.K.&hellip; <a class=\"kt-excerpt-readmore more-link\" href=\"https:\/\/www.mexicanguitarplayers.com\/en\/tienda\/audio\/bafles-y-bocinas\/bafles\/bafles-activos\/bafle-turbosound-c-poder-sub-tbv118l-an\/\">Read more<\/a><\/p>","protected":false},"featured_media":25253,"comment_status":"open","ping_status":"closed","template":"","meta":{"kt_blocks_editor_width":""},"pwb-brand":[498],"product_brand":[],"product_cat":[213,222,472,221],"product_tag":[],"class_list":{"0":"post-25257","1":"product","2":"type-product","3":"status-publish","4":"has-post-thumbnail","6":"pwb-brand-turbosound","7":"product_cat-audio","8":"product_cat-bafles","9":"product_cat-bafles-activos","10":"product_cat-bafles-y-bocinas","12":"first","13":"instock","14":"taxable","15":"shipping-taxable","16":"purchasable","17":"product-type-simple"},"yoast_head":"<!-- This site is optimized with the Yoast SEO plugin v27.3 - https:\/\/yoast.com\/product\/yoast-seo-wordpress\/ -->\n<title>BAFLE TURBOSOUND C\/PODER SUB. TBV118L-AN - Mexican Guitar Players<\/title>\n<meta name=\"description\" content=\"Subwoofer activo de 18\u201d pulgadas con tecnolog\u00eda Klark Teknik y red Ultranet, ideal para aplicaciones portables, de instalaci\u00f3n y touring, potencia de 3,000 watts con tecnolog\u00eda Clase D, procesamiento de se\u00f1al digital Klark Teknik para un control total del sistema, driver de neodimio de 18\u201d pulgadas, bobina m\u00f3vil dual para alta potencia y salida de baja frecuencia extendida, software descargable para control remoto por medio de PC, dise\u00f1o de puerto r\u00e9flex para graves con baja distorsi\u00f3n, gabinete de contrachapado de 18 mm (3\/4\u201d pulgada) con terminado en pintura negro mate, hardware integral de suspensi\u00f3n, m\u00faltiples puntos de montaje M10 internos que permiten suspensi\u00f3n eyebolt en cualquier orientaci\u00f3n, rejilla de malla de acero perforada con pintura en polvo, montaje en poste roscado de 20 mm para soportar altavoces sat\u00e9lite, manijas durables para una f\u00e1cil transportaci\u00f3n y manejo, entradas MIAIN y Link en conectores powerCON, dise\u00f1ado y fabricado en U.K.\" \/>\n<meta name=\"robots\" content=\"index, follow, max-snippet:-1, max-image-preview:large, max-video-preview:-1\" \/>\n<link rel=\"canonical\" href=\"https:\/\/www.mexicanguitarplayers.com\/en\/tienda\/sin%20categor\u00eda\/bafle-turbosound-c-poder-sub-tbv118l-an\/\" \/>\n<meta property=\"og:locale\" content=\"en_US\" \/>\n<meta property=\"og:type\" content=\"article\" \/>\n<meta property=\"og:title\" content=\"BAFLE TURBOSOUND C\/PODER SUB. TBV118L-AN - Mexican Guitar Players\" \/>\n<meta property=\"og:description\" content=\"Subwoofer activo de 18\u201d pulgadas con tecnolog\u00eda Klark Teknik y red Ultranet, ideal para aplicaciones portables, de instalaci\u00f3n y touring, potencia de 3,000 watts con tecnolog\u00eda Clase D, procesamiento de se\u00f1al digital Klark Teknik para un control total del sistema, driver de neodimio de 18\u201d pulgadas, bobina m\u00f3vil dual para alta potencia y salida de baja frecuencia extendida, software descargable para control remoto por medio de PC, dise\u00f1o de puerto r\u00e9flex para graves con baja distorsi\u00f3n, gabinete de contrachapado de 18 mm (3\/4\u201d pulgada) con terminado en pintura negro mate, hardware integral de suspensi\u00f3n, m\u00faltiples puntos de montaje M10 internos que permiten suspensi\u00f3n eyebolt en cualquier orientaci\u00f3n, rejilla de malla de acero perforada con pintura en polvo, montaje en poste roscado de 20 mm para soportar altavoces sat\u00e9lite, manijas durables para una f\u00e1cil transportaci\u00f3n y manejo, entradas MIAIN y Link en conectores powerCON, dise\u00f1ado y fabricado en U.K.\" \/>\n<meta property=\"og:url\" content=\"https:\/\/www.mexicanguitarplayers.com\/en\/tienda\/sin categor\u00eda\/bafle-turbosound-c-poder-sub-tbv118l-an\/\" \/>\n<meta property=\"og:site_name\" content=\"Mexican Guitar Players\" \/>\n<meta property=\"article:modified_time\" content=\"2026-02-18T10:23:56+00:00\" \/>\n<meta name=\"twitter:card\" content=\"summary_large_image\" \/>\n<meta name=\"twitter:label1\" content=\"Est. reading time\" \/>\n\t<meta name=\"twitter:data1\" content=\"4 minutes\" \/>\n<script type=\"application\/ld+json\" class=\"yoast-schema-graph\">{\"@context\":\"https:\\\/\\\/schema.org\",\"@graph\":[{\"@type\":[\"WebPage\",\"ItemPage\"],\"@id\":\"https:\\\/\\\/www.mexicanguitarplayers.com\\\/tienda\\\/sin categor\u00eda\\\/bafle-turbosound-c-poder-sub-tbv118l-an\\\/\",\"url\":\"https:\\\/\\\/www.mexicanguitarplayers.com\\\/tienda\\\/sin categor\u00eda\\\/bafle-turbosound-c-poder-sub-tbv118l-an\\\/\",\"name\":\"BAFLE TURBOSOUND C\\\/PODER SUB. TBV118L-AN - Mexican Guitar Players\",\"isPartOf\":{\"@id\":\"https:\\\/\\\/www.mexicanguitarplayers.com\\\/#website\"},\"primaryImageOfPage\":{\"@id\":\"https:\\\/\\\/www.mexicanguitarplayers.com\\\/tienda\\\/sin categor\u00eda\\\/bafle-turbosound-c-poder-sub-tbv118l-an\\\/#primaryimage\"},\"image\":{\"@id\":\"https:\\\/\\\/www.mexicanguitarplayers.com\\\/tienda\\\/sin categor\u00eda\\\/bafle-turbosound-c-poder-sub-tbv118l-an\\\/#primaryimage\"},\"thumbnailUrl\":\"https:\\\/\\\/www.mexicanguitarplayers.com\\\/wp-content\\\/uploads\\\/2025\\\/04\\\/IATURTBV118LAN.jpg\",\"datePublished\":\"2025-04-06T21:49:06+00:00\",\"dateModified\":\"2026-02-18T10:23:56+00:00\",\"description\":\"Subwoofer activo de 18\u201d pulgadas con tecnolog\u00eda Klark Teknik y red Ultranet, ideal para aplicaciones portables, de instalaci\u00f3n y touring, potencia de 3,000 watts con tecnolog\u00eda Clase D, procesamiento de se\u00f1al digital Klark Teknik para un control total del sistema, driver de neodimio de 18\u201d pulgadas, bobina m\u00f3vil dual para alta potencia y salida de baja frecuencia extendida, software descargable para control remoto por medio de PC, dise\u00f1o de puerto r\u00e9flex para graves con baja distorsi\u00f3n, gabinete de contrachapado de 18 mm (3\\\/4\u201d pulgada) con terminado en pintura negro mate, hardware integral de suspensi\u00f3n, m\u00faltiples puntos de montaje M10 internos que permiten suspensi\u00f3n eyebolt en cualquier orientaci\u00f3n, rejilla de malla de acero perforada con pintura en polvo, montaje en poste roscado de 20 mm para soportar altavoces sat\u00e9lite, manijas durables para una f\u00e1cil transportaci\u00f3n y manejo, entradas MIAIN y Link en conectores powerCON, dise\u00f1ado y fabricado en U.K.\",\"breadcrumb\":{\"@id\":\"https:\\\/\\\/www.mexicanguitarplayers.com\\\/tienda\\\/sin categor\u00eda\\\/bafle-turbosound-c-poder-sub-tbv118l-an\\\/#breadcrumb\"},\"inLanguage\":\"en-US\",\"potentialAction\":[{\"@type\":\"ReadAction\",\"target\":[\"https:\\\/\\\/www.mexicanguitarplayers.com\\\/tienda\\\/sin categor\u00eda\\\/bafle-turbosound-c-poder-sub-tbv118l-an\\\/\"]}]},{\"@type\":\"ImageObject\",\"inLanguage\":\"en-US\",\"@id\":\"https:\\\/\\\/www.mexicanguitarplayers.com\\\/tienda\\\/sin categor\u00eda\\\/bafle-turbosound-c-poder-sub-tbv118l-an\\\/#primaryimage\",\"url\":\"https:\\\/\\\/www.mexicanguitarplayers.com\\\/wp-content\\\/uploads\\\/2025\\\/04\\\/IATURTBV118LAN.jpg\",\"contentUrl\":\"https:\\\/\\\/www.mexicanguitarplayers.com\\\/wp-content\\\/uploads\\\/2025\\\/04\\\/IATURTBV118LAN.jpg\",\"width\":1200,\"height\":1200},{\"@type\":\"BreadcrumbList\",\"@id\":\"https:\\\/\\\/www.mexicanguitarplayers.com\\\/tienda\\\/sin categor\u00eda\\\/bafle-turbosound-c-poder-sub-tbv118l-an\\\/#breadcrumb\",\"itemListElement\":[{\"@type\":\"ListItem\",\"position\":1,\"name\":\"Portada\",\"item\":\"https:\\\/\\\/www.mexicanguitarplayers.com\\\/\"},{\"@type\":\"ListItem\",\"position\":2,\"name\":\"Tienda\",\"item\":\"https:\\\/\\\/www.mexicanguitarplayers.com\\\/tienda\\\/\"},{\"@type\":\"ListItem\",\"position\":3,\"name\":\"BAFLE TURBOSOUND C\\\/PODER SUB. TBV118L-AN\"}]},{\"@type\":\"WebSite\",\"@id\":\"https:\\\/\\\/www.mexicanguitarplayers.com\\\/#website\",\"url\":\"https:\\\/\\\/www.mexicanguitarplayers.com\\\/\",\"name\":\"Mexican Guitar Players\",\"description\":\"Website\",\"publisher\":{\"@id\":\"https:\\\/\\\/www.mexicanguitarplayers.com\\\/#organization\"},\"potentialAction\":[{\"@type\":\"SearchAction\",\"target\":{\"@type\":\"EntryPoint\",\"urlTemplate\":\"https:\\\/\\\/www.mexicanguitarplayers.com\\\/?s={search_term_string}\"},\"query-input\":{\"@type\":\"PropertyValueSpecification\",\"valueRequired\":true,\"valueName\":\"search_term_string\"}}],\"inLanguage\":\"en-US\"},{\"@type\":\"Organization\",\"@id\":\"https:\\\/\\\/www.mexicanguitarplayers.com\\\/#organization\",\"name\":\"Mexican Guitar Players\",\"url\":\"https:\\\/\\\/www.mexicanguitarplayers.com\\\/\",\"logo\":{\"@type\":\"ImageObject\",\"inLanguage\":\"en-US\",\"@id\":\"https:\\\/\\\/www.mexicanguitarplayers.com\\\/#\\\/schema\\\/logo\\\/image\\\/\",\"url\":\"\",\"contentUrl\":\"\",\"caption\":\"Mexican Guitar Players\"},\"image\":{\"@id\":\"https:\\\/\\\/www.mexicanguitarplayers.com\\\/#\\\/schema\\\/logo\\\/image\\\/\"}}]}<\/script>\n<!-- \/ Yoast SEO plugin. -->","yoast_head_json":{"title":"BAFLE TURBOSOUND C\/PODER SUB. TBV118L-AN - Mexican Guitar Players","description":"Subwoofer activo de 18\u201d pulgadas con tecnolog\u00eda Klark Teknik y red Ultranet, ideal para aplicaciones portables, de instalaci\u00f3n y touring, potencia de 3,000 watts con tecnolog\u00eda Clase D, procesamiento de se\u00f1al digital Klark Teknik para un control total del sistema, driver de neodimio de 18\u201d pulgadas, bobina m\u00f3vil dual para alta potencia y salida de baja frecuencia extendida, software descargable para control remoto por medio de PC, dise\u00f1o de puerto r\u00e9flex para graves con baja distorsi\u00f3n, gabinete de contrachapado de 18 mm (3\/4\u201d pulgada) con terminado en pintura negro mate, hardware integral de suspensi\u00f3n, m\u00faltiples puntos de montaje M10 internos que permiten suspensi\u00f3n eyebolt en cualquier orientaci\u00f3n, rejilla de malla de acero perforada con pintura en polvo, montaje en poste roscado de 20 mm para soportar altavoces sat\u00e9lite, manijas durables para una f\u00e1cil transportaci\u00f3n y manejo, entradas MIAIN y Link en conectores powerCON, dise\u00f1ado y fabricado en U.K.","robots":{"index":"index","follow":"follow","max-snippet":"max-snippet:-1","max-image-preview":"max-image-preview:large","max-video-preview":"max-video-preview:-1"},"canonical":"https:\/\/www.mexicanguitarplayers.com\/en\/tienda\/sin categor\u00eda\/bafle-turbosound-c-poder-sub-tbv118l-an\/","og_locale":"en_US","og_type":"article","og_title":"BAFLE TURBOSOUND C\/PODER SUB. TBV118L-AN - Mexican Guitar Players","og_description":"Subwoofer activo de 18\u201d pulgadas con tecnolog\u00eda Klark Teknik y red Ultranet, ideal para aplicaciones portables, de instalaci\u00f3n y touring, potencia de 3,000 watts con tecnolog\u00eda Clase D, procesamiento de se\u00f1al digital Klark Teknik para un control total del sistema, driver de neodimio de 18\u201d pulgadas, bobina m\u00f3vil dual para alta potencia y salida de baja frecuencia extendida, software descargable para control remoto por medio de PC, dise\u00f1o de puerto r\u00e9flex para graves con baja distorsi\u00f3n, gabinete de contrachapado de 18 mm (3\/4\u201d pulgada) con terminado en pintura negro mate, hardware integral de suspensi\u00f3n, m\u00faltiples puntos de montaje M10 internos que permiten suspensi\u00f3n eyebolt en cualquier orientaci\u00f3n, rejilla de malla de acero perforada con pintura en polvo, montaje en poste roscado de 20 mm para soportar altavoces sat\u00e9lite, manijas durables para una f\u00e1cil transportaci\u00f3n y manejo, entradas MIAIN y Link en conectores powerCON, dise\u00f1ado y fabricado en U.K.","og_url":"https:\/\/www.mexicanguitarplayers.com\/en\/tienda\/sin categor\u00eda\/bafle-turbosound-c-poder-sub-tbv118l-an\/","og_site_name":"Mexican Guitar Players","article_modified_time":"2026-02-18T10:23:56+00:00","twitter_card":"summary_large_image","twitter_misc":{"Est. reading time":"4 minutes"},"schema":{"@context":"https:\/\/schema.org","@graph":[{"@type":["WebPage","ItemPage"],"@id":"https:\/\/www.mexicanguitarplayers.com\/tienda\/sin categor\u00eda\/bafle-turbosound-c-poder-sub-tbv118l-an\/","url":"https:\/\/www.mexicanguitarplayers.com\/tienda\/sin categor\u00eda\/bafle-turbosound-c-poder-sub-tbv118l-an\/","name":"BAFLE TURBOSOUND C\/PODER SUB. TBV118L-AN - Mexican Guitar Players","isPartOf":{"@id":"https:\/\/www.mexicanguitarplayers.com\/#website"},"primaryImageOfPage":{"@id":"https:\/\/www.mexicanguitarplayers.com\/tienda\/sin categor\u00eda\/bafle-turbosound-c-poder-sub-tbv118l-an\/#primaryimage"},"image":{"@id":"https:\/\/www.mexicanguitarplayers.com\/tienda\/sin categor\u00eda\/bafle-turbosound-c-poder-sub-tbv118l-an\/#primaryimage"},"thumbnailUrl":"https:\/\/www.mexicanguitarplayers.com\/wp-content\/uploads\/2025\/04\/IATURTBV118LAN.jpg","datePublished":"2025-04-06T21:49:06+00:00","dateModified":"2026-02-18T10:23:56+00:00","description":"Subwoofer activo de 18\u201d pulgadas con tecnolog\u00eda Klark Teknik y red Ultranet, ideal para aplicaciones portables, de instalaci\u00f3n y touring, potencia de 3,000 watts con tecnolog\u00eda Clase D, procesamiento de se\u00f1al digital Klark Teknik para un control total del sistema, driver de neodimio de 18\u201d pulgadas, bobina m\u00f3vil dual para alta potencia y salida de baja frecuencia extendida, software descargable para control remoto por medio de PC, dise\u00f1o de puerto r\u00e9flex para graves con baja distorsi\u00f3n, gabinete de contrachapado de 18 mm (3\/4\u201d pulgada) con terminado en pintura negro mate, hardware integral de suspensi\u00f3n, m\u00faltiples puntos de montaje M10 internos que permiten suspensi\u00f3n eyebolt en cualquier orientaci\u00f3n, rejilla de malla de acero perforada con pintura en polvo, montaje en poste roscado de 20 mm para soportar altavoces sat\u00e9lite, manijas durables para una f\u00e1cil transportaci\u00f3n y manejo, entradas MIAIN y Link en conectores powerCON, dise\u00f1ado y fabricado en U.K.","breadcrumb":{"@id":"https:\/\/www.mexicanguitarplayers.com\/tienda\/sin categor\u00eda\/bafle-turbosound-c-poder-sub-tbv118l-an\/#breadcrumb"},"inLanguage":"en-US","potentialAction":[{"@type":"ReadAction","target":["https:\/\/www.mexicanguitarplayers.com\/tienda\/sin categor\u00eda\/bafle-turbosound-c-poder-sub-tbv118l-an\/"]}]},{"@type":"ImageObject","inLanguage":"en-US","@id":"https:\/\/www.mexicanguitarplayers.com\/tienda\/sin categor\u00eda\/bafle-turbosound-c-poder-sub-tbv118l-an\/#primaryimage","url":"https:\/\/www.mexicanguitarplayers.com\/wp-content\/uploads\/2025\/04\/IATURTBV118LAN.jpg","contentUrl":"https:\/\/www.mexicanguitarplayers.com\/wp-content\/uploads\/2025\/04\/IATURTBV118LAN.jpg","width":1200,"height":1200},{"@type":"BreadcrumbList","@id":"https:\/\/www.mexicanguitarplayers.com\/tienda\/sin categor\u00eda\/bafle-turbosound-c-poder-sub-tbv118l-an\/#breadcrumb","itemListElement":[{"@type":"ListItem","position":1,"name":"Portada","item":"https:\/\/www.mexicanguitarplayers.com\/"},{"@type":"ListItem","position":2,"name":"Tienda","item":"https:\/\/www.mexicanguitarplayers.com\/tienda\/"},{"@type":"ListItem","position":3,"name":"BAFLE TURBOSOUND C\/PODER SUB. TBV118L-AN"}]},{"@type":"WebSite","@id":"https:\/\/www.mexicanguitarplayers.com\/#website","url":"https:\/\/www.mexicanguitarplayers.com\/","name":"Mexican Guitar Players","description":"Website","publisher":{"@id":"https:\/\/www.mexicanguitarplayers.com\/#organization"},"potentialAction":[{"@type":"SearchAction","target":{"@type":"EntryPoint","urlTemplate":"https:\/\/www.mexicanguitarplayers.com\/?s={search_term_string}"},"query-input":{"@type":"PropertyValueSpecification","valueRequired":true,"valueName":"search_term_string"}}],"inLanguage":"en-US"},{"@type":"Organization","@id":"https:\/\/www.mexicanguitarplayers.com\/#organization","name":"Mexican Guitar Players","url":"https:\/\/www.mexicanguitarplayers.com\/","logo":{"@type":"ImageObject","inLanguage":"en-US","@id":"https:\/\/www.mexicanguitarplayers.com\/#\/schema\/logo\/image\/","url":"","contentUrl":"","caption":"Mexican Guitar Players"},"image":{"@id":"https:\/\/www.mexicanguitarplayers.com\/#\/schema\/logo\/image\/"}}]}},"brands":[{"id":498,"name":"TURBO SOUND","slug":"turbosound"}],"_links":{"self":[{"href":"https:\/\/www.mexicanguitarplayers.com\/en\/wp-json\/wp\/v2\/product\/25257","targetHints":{"allow":["GET"]}}],"collection":[{"href":"https:\/\/www.mexicanguitarplayers.com\/en\/wp-json\/wp\/v2\/product"}],"about":[{"href":"https:\/\/www.mexicanguitarplayers.com\/en\/wp-json\/wp\/v2\/types\/product"}],"replies":[{"embeddable":true,"href":"https:\/\/www.mexicanguitarplayers.com\/en\/wp-json\/wp\/v2\/comments?post=25257"}],"wp:featuredmedia":[{"embeddable":true,"href":"https:\/\/www.mexicanguitarplayers.com\/en\/wp-json\/wp\/v2\/media\/25253"}],"wp:attachment":[{"href":"https:\/\/www.mexicanguitarplayers.com\/en\/wp-json\/wp\/v2\/media?parent=25257"}],"wp:term":[{"taxonomy":"pwb-brand","embeddable":true,"href":"https:\/\/www.mexicanguitarplayers.com\/en\/wp-json\/wp\/v2\/pwb-brand?post=25257"},{"taxonomy":"product_brand","embeddable":true,"href":"https:\/\/www.mexicanguitarplayers.com\/en\/wp-json\/wp\/v2\/product_brand?post=25257"},{"taxonomy":"product_cat","embeddable":true,"href":"https:\/\/www.mexicanguitarplayers.com\/en\/wp-json\/wp\/v2\/product_cat?post=25257"},{"taxonomy":"product_tag","embeddable":true,"href":"https:\/\/www.mexicanguitarplayers.com\/en\/wp-json\/wp\/v2\/product_tag?post=25257"}],"curies":[{"name":"wp","href":"https:\/\/api.w.org\/{rel}","templated":true}]}}