{"id":25267,"date":"2025-04-06T15:49:38","date_gmt":"2025-04-06T21:49:38","guid":{"rendered":"https:\/\/www.mexicanguitarplayers.com\/tienda\/sin categor\u00eda\/piano-casio-digital-px-s1000\/"},"modified":"2025-04-06T15:49:38","modified_gmt":"2025-04-06T21:49:38","slug":"piano-casio-digital-px-s1000","status":"publish","type":"product","link":"https:\/\/www.mexicanguitarplayers.com\/en\/tienda\/teclas\/pianos\/pianos-digitales\/piano-casio-digital-px-s1000\/","title":{"rendered":"PIANO CASIO DIGITAL       PX-S1000"},"content":{"rendered":"<div style=\"text-align: justify\">\n<div>\n<h3>El piano de acci\u00f3n de martillo m\u00e1s delgado en el mundo.<\/h3>\n<\/div>\n<div>Aprovechando al m\u00e1ximo las tecnolog\u00edas de construcci\u00f3n compacta de Casio, el nuevo Privia es significativamente m\u00e1s delgado (20% m\u00e1s profundo que el modelo anterior). El lado de la caja en \u00e1ngulo resalta el dise\u00f1o delgado. Con un acabado claro y brillante y un dise\u00f1o plano sin botones sobresalientes, el panel de operaci\u00f3n LED presenta sensores t\u00e1ctiles gr\u00e1ficos. El dise\u00f1o simple se enfoca en las funciones avanzadas, llamando la atenci\u00f3n sobre el teclado y haciendo que sea m\u00e1s f\u00e1cil concentrarse en su desempe\u00f1o. Fuente de sonido AiR Multidimensional para sonidos ricos y hermosos que recuerdan a un piano de cola. Sonido rico y expresivo para un rendimiento natural. Adem\u00e1s de los cambios en el volumen y el tono que dependen de la fuerza utilizada para tocar las teclas, el tono escuchado a lo largo de las notas sostenidas se ha mejorado dram\u00e1ticamente para un sonido a\u00fan m\u00e1s expresivo. Air: Resonador Ac\u00fastico e Inteligente. El simulador ac\u00fastico expresa el sonido real de un piano de cola. La resonancia simp\u00e1tica de cuerdas expone las relaciones arm\u00f3nicas entre cuerdas vibrantes, mientras que la resonancia m\u00e1s amortiguada simula el cuerpo de un piano de cola. Incluso escuchar\u00e1s los sonidos de las teclas mec\u00e1nicas cuando toques con un toque excepcionalmente ligero o al retirar un dedo de una tecla como si fuera un piano de cola real. El nuevo teclado de acci\u00f3n de martillo a escala inteligente recientemente desarrollado reduce dram\u00e1ticamente el tama\u00f1o sin comprometer la sensaci\u00f3n de toque. El nuevo Privia ofrece una reducci\u00f3n significativa en el tama\u00f1o del mecanismo de acci\u00f3n que simula el peso de los martillos en un piano de cola. En un cuerpo delgado de 232 mm de profundidad, el teclado ofrece un toque natural que recuerda al piano de cola en una forma incre\u00edblemente compacta. KeyOff Response permite una r\u00e1pida repetici\u00f3n de notas. La sintonizaci\u00f3n de las notas desactivadas se controla digitalmente en funci\u00f3n del movimiento de las teclas mientras se toca. Cuando se toca el mismo tono varias veces, se puede producir la siguiente nota antes de que la tecla vuelva a su posici\u00f3n m\u00e1s alta. Escala digital de 88 teclas. El toque de un piano de cola var\u00eda con las diferencias de tama\u00f1o y peso de los martillos en cada una de las 88 teclas. Los nuevos modelos Privia brindan la sensaci\u00f3n de tocar un piano de cola a trav\u00e9s de una meticulosa simulaci\u00f3n digital tecla por tecla de estas sutiles diferencias en el tacto.<\/div>\n<div>\n<h4>Quick look<\/h4>\n<\/div>\n<ul style=\"margin: 0px 0px 0px 25px\">\n<li style=\"list-style-type: circle;margin: 5px\">Teclado.<\/li>\n<li style=\"list-style-type: circle;margin: 5px\">Fuente de sonido.<\/li>\n<li style=\"list-style-type: circle;margin: 5px\">Simulador ac\u00fastico.<\/li>\n<li style=\"list-style-type: circle;margin: 5px\">Modo de sonido.<\/li>\n<li style=\"list-style-type: circle;margin: 5px\">Otros efectos.<\/li>\n<li style=\"list-style-type: circle;margin: 5px\">Canciones Demo.<\/li>\n<li style=\"list-style-type: circle;margin: 5px\">Librer\u00eda musical.<\/li>\n<li style=\"list-style-type: circle;margin: 5px\">Grabador MIDI.<\/li>\n<li style=\"list-style-type: circle;margin: 5px\">Metr\u00f3nomo.<\/li>\n<li style=\"list-style-type: circle;margin: 5px\">Pedales.<\/li>\n<li style=\"list-style-type: circle;margin: 5px\">Otras funciones.<\/li>\n<li style=\"list-style-type: circle;margin: 5px\">Conexi\u00f3n Bluetooth.<\/li>\n<li style=\"list-style-type: circle;margin: 5px\">MIDI.<\/li>\n<li style=\"list-style-type: circle;margin: 5px\">Entrances and exits.<\/li>\n<li style=\"list-style-type: circle;margin: 5px\">Ac\u00fastica.<\/li>\n<li style=\"list-style-type: circle;margin: 5px\">Power supply.<\/li>\n<li style=\"list-style-type: circle;margin: 5px\">Energy consumption.<\/li>\n<li style=\"list-style-type: circle;margin: 5px\">Dimensions.<\/li>\n<li style=\"list-style-type: circle;margin: 5px\">Weight.<\/li>\n<li style=\"list-style-type: circle;margin: 5px\">Accessories included.<\/li>\n<\/ul>\n<div>\n<div style=\"font-weight: bold\">Teclado.<\/div>\n<div>\n<p>Teclado de 88 teclas. Dueto: Rango de tono ajustable (-2 a +2 octavas). Transposici\u00f3n: -12 a 0 a +12 semitonos. Cambio de octava: -2 a 0 a +2 octavas.<\/p>\n<\/div>\n<div style=\"font-weight: bold\">Fuente de sonido.<\/div>\n<div>\n<p>N\u00famero de tonos: 18 (17 tonos completos + 1 rango de tono bajo). Capa (excluyendo el tono bajo). Divisi\u00f3n: Solamente tono bajo en rango grave. Polifon\u00eda m\u00e1xima: 192 notas. Respuesta al tacto: 5 niveles de sensibilidad, Off. Afinaci\u00f3n: 415.5 Hz a 440 Hz a 465.9 Hz (0.1 Hz unidades). Temperamento: Temperamentos iguales adem\u00e1s de 16 tipos.<\/p>\n<\/div>\n<div style=\"font-weight: bold\">Simulador ac\u00fastico.<\/div>\n<div>\n<p>Respuesta de martillo, Respuesta Key-Off, Resonancia de cuerda, Resonancia damper, Ruido damper, Acci\u00f3n Key-On, Ruido de acci\u00f3n Key-Off.<\/p>\n<\/div>\n<div style=\"font-weight: bold\">Modo de sonido.<\/div>\n<div>\n<p>Simulador de sala (4 tipos), Surround (2 tipos).<\/p>\n<\/div>\n<div style=\"font-weight: bold\">Otros efectos.<\/div>\n<div>\n<p>Chorus (4 tipos), DSP, Brillantez (-3 a 0 a +3).<\/p>\n<\/div>\n<div style=\"font-weight: bold\">Canciones Demo.<\/div>\n<div>\n<p>1.<\/p>\n<\/div>\n<div style=\"font-weight: bold\">Librer\u00eda musical.<\/div>\n<div>\n<p>Canciones integradas: 60. Canciones de usuario: 10 (Hasta 90 kb aproximadamente por canci\u00f3n y 900 kb aproximadamente por 10 canciones). 1 kb= 1024 bytes, 1 MB = 10,242 bytes Volumen de canci\u00f3n: Ajustable (El ajuste tambi\u00e9n afecta la reproducci\u00f3n de la canci\u00f3n del grabador MIDI.). Parte On\/Off: L, R.<\/p>\n<\/div>\n<div style=\"font-weight: bold\">Grabador MIDI.<\/div>\n<div>\n<p>Funciones: Grabaci\u00f3n y reproducci\u00f3n en tiempo real. N\u00famero de canciones: 1. N\u00famero de tracks: 2. Capacidad: Aproximadamente 10,000 notas en total. Protecci\u00f3n de datos grabados: Memoria Flash integrada. Volumen de grabador MIDI: Ajustable (La configuraci\u00f3n tambi\u00e9n afecta la reproducci\u00f3n de la canci\u00f3n de la biblioteca musical).<\/p>\n<\/div>\n<div style=\"font-weight: bold\">Metr\u00f3nomo.<\/div>\n<div>\n<p>Beat bell: Off, 1 a 9 (beats). Rango de tempo: 20 a 255. Nivel de volumen del metr\u00f3nomo: Ajustable.<\/p>\n<\/div>\n<div style=\"font-weight: bold\">Pedales.<\/div>\n<div>\n<p>Incluye pedal SP-3 de funciones asignables: Damper (off, on), sostenuto (off, on), soft (off, on), metronome (start, stop), tempo setting. El pedal SP-34 se vende por separado y cuenta con: Damper (off, half, on), sostenuto (off, on), soft (off, on).<\/p>\n<\/div>\n<div style=\"font-weight: bold\">Otras funciones.<\/div>\n<div>\n<p>Auto Resume. Panel Lock. Tonos de notificaci\u00f3n (Sets seleccionables 1, 2, 3; volumen ajustable).<\/p>\n<\/div>\n<div style=\"font-weight: bold\">Conexi\u00f3n Bluetooth.<\/div>\n<div>\n<p>Versi\u00f3n de Bluetooth: 5.0. Perfil soportado: A2DP. Codecs soportados: SBC. Salida inal\u00e1mbrica: Bluetooth Clase 2. Rango de frecuencia de transmisi\u00f3n: 2402 a 2480 MHz. Salida inal\u00e1mbrica m\u00e1xima: 4 dBm.<\/p>\n<\/div>\n<div style=\"font-weight: bold\">MIDI.<\/div>\n<div>\n<p>Receptor multi-timbre de 16 canales.<\/p>\n<\/div>\n<div style=\"font-weight: bold\">Entrances and exits.<\/div>\n<div>\n<p>Jacks de aud\u00edfonos: 2 mini jacks est\u00e9reo (3.5 mm). Power: 12V DC. Entrada de audio: Mini jack est\u00e9reo (3.5 mm). Impedancia de entrada: 10 kilo-ohms. Voltaje de entrada: 200mV  Jacks LINE OUT R, L\/MONO: 2 jacks est\u00e1ndar (6.3 mm). Impedancia de salida: 2.3 kilo-ohms. Voltaje de salida: 1.3V (RMS) m\u00e1ximo. Puerto USB: Tipo B. Jack pedal Damper: Jack est\u00e1ndar (6.3 mm). Jack de unidad de pedal: Jack propietario.<\/p>\n<\/div>\n<div style=\"font-weight: bold\">Ac\u00fastica.<\/div>\n<div>\n<p>Salida de amplificador: 8W + 8W. 2 altavoces de 16 x 8 cm (oval).<\/p>\n<\/div>\n<div style=\"font-weight: bold\">Power supply.<\/div>\n<div>\n<p>2 v\u00edas. 6 pilas alcalinas AAA. Vida de las pilas: Aproximadamente 4 horas continuas de operaci\u00f3n con pilas alcalinas. Adaptador AC: AD-A12150LW. Auto apagado: Aproximadamente 4 horas (con adaptador AC) o 6 minutos (con pilas) despu\u00e9s de la \u00faltima operaci\u00f3n, puede ser deshabilitada.<\/p>\n<\/div>\n<div style=\"font-weight: bold\">Energy consumption.<\/div>\n<div>\n<p>10W.<\/p>\n<\/div>\n<div style=\"font-weight: bold\">Dimensions.<\/div>\n<div>\n<p>132.2 x 23.2 x 10.2 cm.<\/p>\n<\/div>\n<div style=\"font-weight: bold\">Weight.<\/div>\n<div>\n<p>11.2 kg.<\/p>\n<\/div>\n<div style=\"font-weight: bold\">Accessories included.<\/div>\n<div>\n<p>Pedal SP-3, adaptador AC y soporte de partituras.<\/p>\n<\/div>\n<\/div>\n<\/div>","protected":false},"excerpt":{"rendered":"<p>Piano digital de 88 teclas con respuesta al tacto (5 niveles de sensibilidad), 18 tonos, layer\/split, polifon\u00eda m\u00e1xima: 192 notas, simulador ac\u00fastic, respuesta de martillo, efecto simulador de sala y surround, chorus, DSP y brillantez, 1 canci\u00f3n demo, 60 canciones integradas, grabador MIDI, metr\u00f3nomo, conexi\u00f3n Bluetooth, 2 mini jacks de aud\u00edfonos, puerto USB tipo B, 2 altavoces de 16 x 8 cm (oval) y amplificador de 8W + 8W, utiliza 6 pilas alcalinas AAA o adaptador AC: AD-A12150LW, consumo de energ\u00eda: 10W, dimensiones: 132.2 x 23.2 x 10.2 cm, peso: 11.2 kg, incluye pedal SP-3, adaptador AC y soporte de partituras.&hellip; <a class=\"kt-excerpt-readmore more-link\" href=\"https:\/\/www.mexicanguitarplayers.com\/en\/tienda\/teclas\/pianos\/pianos-digitales\/piano-casio-digital-px-s1000\/\">Read more<\/a><\/p>","protected":false},"featured_media":25265,"comment_status":"open","ping_status":"closed","template":"","meta":{"kt_blocks_editor_width":""},"pwb-brand":[274],"product_brand":[],"product_cat":[377,378,376],"product_tag":[],"class_list":{"0":"post-25267","1":"product","2":"type-product","3":"status-publish","4":"has-post-thumbnail","6":"pwb-brand-casio","7":"product_cat-pianos","8":"product_cat-pianos-digitales","9":"product_cat-teclas","10":"product_shipping_class-15-20-kg","12":"first","13":"outofstock","14":"taxable","15":"shipping-taxable","16":"purchasable","17":"product-type-simple"},"yoast_head":"<!-- This site is optimized with the Yoast SEO plugin v27.3 - https:\/\/yoast.com\/product\/yoast-seo-wordpress\/ -->\n<title>PIANO CASIO DIGITAL    PX-S1000 - Mexican Guitar Players<\/title>\n<meta name=\"description\" content=\"Piano digital de 88 teclas con respuesta al tacto (5 niveles de sensibilidad), 18 tonos, layer\/split, polifon\u00eda m\u00e1xima: 192 notas, simulador ac\u00fastic, respuesta de martillo, efecto simulador de sala y surround, chorus, DSP y brillantez, 1 canci\u00f3n demo, 60 canciones integradas, grabador MIDI, metr\u00f3nomo, conexi\u00f3n Bluetooth, 2 mini jacks de aud\u00edfonos, puerto USB tipo B, 2 altavoces de 16 x 8 cm (oval) y amplificador de 8W + 8W, utiliza 6 pilas alcalinas AAA o adaptador AC: AD-A12150LW, consumo de energ\u00eda: 10W, dimensiones: 132.2 x 23.2 x 10.2 cm, peso: 11.2 kg, incluye pedal SP-3, adaptador AC y soporte de partituras.\" \/>\n<meta name=\"robots\" content=\"index, follow, max-snippet:-1, max-image-preview:large, max-video-preview:-1\" \/>\n<link rel=\"canonical\" href=\"https:\/\/www.mexicanguitarplayers.com\/en\/tienda\/sin%20categor\u00eda\/piano-casio-digital-px-s1000\/\" \/>\n<meta property=\"og:locale\" content=\"en_US\" \/>\n<meta property=\"og:type\" content=\"article\" \/>\n<meta property=\"og:title\" content=\"PIANO CASIO DIGITAL    PX-S1000 - Mexican Guitar Players\" \/>\n<meta property=\"og:description\" content=\"Piano digital de 88 teclas con respuesta al tacto (5 niveles de sensibilidad), 18 tonos, layer\/split, polifon\u00eda m\u00e1xima: 192 notas, simulador ac\u00fastic, respuesta de martillo, efecto simulador de sala y surround, chorus, DSP y brillantez, 1 canci\u00f3n demo, 60 canciones integradas, grabador MIDI, metr\u00f3nomo, conexi\u00f3n Bluetooth, 2 mini jacks de aud\u00edfonos, puerto USB tipo B, 2 altavoces de 16 x 8 cm (oval) y amplificador de 8W + 8W, utiliza 6 pilas alcalinas AAA o adaptador AC: AD-A12150LW, consumo de energ\u00eda: 10W, dimensiones: 132.2 x 23.2 x 10.2 cm, peso: 11.2 kg, incluye pedal SP-3, adaptador AC y soporte de partituras.\" \/>\n<meta property=\"og:url\" content=\"https:\/\/www.mexicanguitarplayers.com\/en\/tienda\/sin categor\u00eda\/piano-casio-digital-px-s1000\/\" \/>\n<meta property=\"og:site_name\" content=\"Mexican Guitar Players\" \/>\n<meta name=\"twitter:card\" content=\"summary_large_image\" \/>\n<meta name=\"twitter:label1\" content=\"Est. reading time\" \/>\n\t<meta name=\"twitter:data1\" content=\"5 minutes\" \/>\n<script type=\"application\/ld+json\" class=\"yoast-schema-graph\">{\"@context\":\"https:\\\/\\\/schema.org\",\"@graph\":[{\"@type\":[\"WebPage\",\"ItemPage\"],\"@id\":\"https:\\\/\\\/www.mexicanguitarplayers.com\\\/tienda\\\/sin categor\u00eda\\\/piano-casio-digital-px-s1000\\\/\",\"url\":\"https:\\\/\\\/www.mexicanguitarplayers.com\\\/tienda\\\/sin categor\u00eda\\\/piano-casio-digital-px-s1000\\\/\",\"name\":\"PIANO CASIO DIGITAL PX-S1000 - Mexican Guitar Players\",\"isPartOf\":{\"@id\":\"https:\\\/\\\/www.mexicanguitarplayers.com\\\/#website\"},\"primaryImageOfPage\":{\"@id\":\"https:\\\/\\\/www.mexicanguitarplayers.com\\\/tienda\\\/sin categor\u00eda\\\/piano-casio-digital-px-s1000\\\/#primaryimage\"},\"image\":{\"@id\":\"https:\\\/\\\/www.mexicanguitarplayers.com\\\/tienda\\\/sin categor\u00eda\\\/piano-casio-digital-px-s1000\\\/#primaryimage\"},\"thumbnailUrl\":\"https:\\\/\\\/www.mexicanguitarplayers.com\\\/wp-content\\\/uploads\\\/2025\\\/04\\\/ITCASPXS1000.jpg\",\"datePublished\":\"2025-04-06T21:49:38+00:00\",\"description\":\"Piano digital de 88 teclas con respuesta al tacto (5 niveles de sensibilidad), 18 tonos, layer\\\/split, polifon\u00eda m\u00e1xima: 192 notas, simulador ac\u00fastic, respuesta de martillo, efecto simulador de sala y surround, chorus, DSP y brillantez, 1 canci\u00f3n demo, 60 canciones integradas, grabador MIDI, metr\u00f3nomo, conexi\u00f3n Bluetooth, 2 mini jacks de aud\u00edfonos, puerto USB tipo B, 2 altavoces de 16 x 8 cm (oval) y amplificador de 8W + 8W, utiliza 6 pilas alcalinas AAA o adaptador AC: AD-A12150LW, consumo de energ\u00eda: 10W, dimensiones: 132.2 x 23.2 x 10.2 cm, peso: 11.2 kg, incluye pedal SP-3, adaptador AC y soporte de partituras.\",\"breadcrumb\":{\"@id\":\"https:\\\/\\\/www.mexicanguitarplayers.com\\\/tienda\\\/sin categor\u00eda\\\/piano-casio-digital-px-s1000\\\/#breadcrumb\"},\"inLanguage\":\"en-US\",\"potentialAction\":[{\"@type\":\"ReadAction\",\"target\":[\"https:\\\/\\\/www.mexicanguitarplayers.com\\\/tienda\\\/sin categor\u00eda\\\/piano-casio-digital-px-s1000\\\/\"]}]},{\"@type\":\"ImageObject\",\"inLanguage\":\"en-US\",\"@id\":\"https:\\\/\\\/www.mexicanguitarplayers.com\\\/tienda\\\/sin categor\u00eda\\\/piano-casio-digital-px-s1000\\\/#primaryimage\",\"url\":\"https:\\\/\\\/www.mexicanguitarplayers.com\\\/wp-content\\\/uploads\\\/2025\\\/04\\\/ITCASPXS1000.jpg\",\"contentUrl\":\"https:\\\/\\\/www.mexicanguitarplayers.com\\\/wp-content\\\/uploads\\\/2025\\\/04\\\/ITCASPXS1000.jpg\",\"width\":1600,\"height\":800},{\"@type\":\"BreadcrumbList\",\"@id\":\"https:\\\/\\\/www.mexicanguitarplayers.com\\\/tienda\\\/sin categor\u00eda\\\/piano-casio-digital-px-s1000\\\/#breadcrumb\",\"itemListElement\":[{\"@type\":\"ListItem\",\"position\":1,\"name\":\"Portada\",\"item\":\"https:\\\/\\\/www.mexicanguitarplayers.com\\\/\"},{\"@type\":\"ListItem\",\"position\":2,\"name\":\"Tienda\",\"item\":\"https:\\\/\\\/www.mexicanguitarplayers.com\\\/tienda\\\/\"},{\"@type\":\"ListItem\",\"position\":3,\"name\":\"PIANO CASIO DIGITAL PX-S1000\"}]},{\"@type\":\"WebSite\",\"@id\":\"https:\\\/\\\/www.mexicanguitarplayers.com\\\/#website\",\"url\":\"https:\\\/\\\/www.mexicanguitarplayers.com\\\/\",\"name\":\"Mexican Guitar Players\",\"description\":\"Website\",\"publisher\":{\"@id\":\"https:\\\/\\\/www.mexicanguitarplayers.com\\\/#organization\"},\"potentialAction\":[{\"@type\":\"SearchAction\",\"target\":{\"@type\":\"EntryPoint\",\"urlTemplate\":\"https:\\\/\\\/www.mexicanguitarplayers.com\\\/?s={search_term_string}\"},\"query-input\":{\"@type\":\"PropertyValueSpecification\",\"valueRequired\":true,\"valueName\":\"search_term_string\"}}],\"inLanguage\":\"en-US\"},{\"@type\":\"Organization\",\"@id\":\"https:\\\/\\\/www.mexicanguitarplayers.com\\\/#organization\",\"name\":\"Mexican Guitar Players\",\"url\":\"https:\\\/\\\/www.mexicanguitarplayers.com\\\/\",\"logo\":{\"@type\":\"ImageObject\",\"inLanguage\":\"en-US\",\"@id\":\"https:\\\/\\\/www.mexicanguitarplayers.com\\\/#\\\/schema\\\/logo\\\/image\\\/\",\"url\":\"\",\"contentUrl\":\"\",\"caption\":\"Mexican Guitar Players\"},\"image\":{\"@id\":\"https:\\\/\\\/www.mexicanguitarplayers.com\\\/#\\\/schema\\\/logo\\\/image\\\/\"}}]}<\/script>\n<!-- \/ Yoast SEO plugin. -->","yoast_head_json":{"title":"PIANO CASIO DIGITAL    PX-S1000 - Mexican Guitar Players","description":"Piano digital de 88 teclas con respuesta al tacto (5 niveles de sensibilidad), 18 tonos, layer\/split, polifon\u00eda m\u00e1xima: 192 notas, simulador ac\u00fastic, respuesta de martillo, efecto simulador de sala y surround, chorus, DSP y brillantez, 1 canci\u00f3n demo, 60 canciones integradas, grabador MIDI, metr\u00f3nomo, conexi\u00f3n Bluetooth, 2 mini jacks de aud\u00edfonos, puerto USB tipo B, 2 altavoces de 16 x 8 cm (oval) y amplificador de 8W + 8W, utiliza 6 pilas alcalinas AAA o adaptador AC: AD-A12150LW, consumo de energ\u00eda: 10W, dimensiones: 132.2 x 23.2 x 10.2 cm, peso: 11.2 kg, incluye pedal SP-3, adaptador AC y soporte de partituras.","robots":{"index":"index","follow":"follow","max-snippet":"max-snippet:-1","max-image-preview":"max-image-preview:large","max-video-preview":"max-video-preview:-1"},"canonical":"https:\/\/www.mexicanguitarplayers.com\/en\/tienda\/sin categor\u00eda\/piano-casio-digital-px-s1000\/","og_locale":"en_US","og_type":"article","og_title":"PIANO CASIO DIGITAL    PX-S1000 - Mexican Guitar Players","og_description":"Piano digital de 88 teclas con respuesta al tacto (5 niveles de sensibilidad), 18 tonos, layer\/split, polifon\u00eda m\u00e1xima: 192 notas, simulador ac\u00fastic, respuesta de martillo, efecto simulador de sala y surround, chorus, DSP y brillantez, 1 canci\u00f3n demo, 60 canciones integradas, grabador MIDI, metr\u00f3nomo, conexi\u00f3n Bluetooth, 2 mini jacks de aud\u00edfonos, puerto USB tipo B, 2 altavoces de 16 x 8 cm (oval) y amplificador de 8W + 8W, utiliza 6 pilas alcalinas AAA o adaptador AC: AD-A12150LW, consumo de energ\u00eda: 10W, dimensiones: 132.2 x 23.2 x 10.2 cm, peso: 11.2 kg, incluye pedal SP-3, adaptador AC y soporte de partituras.","og_url":"https:\/\/www.mexicanguitarplayers.com\/en\/tienda\/sin categor\u00eda\/piano-casio-digital-px-s1000\/","og_site_name":"Mexican Guitar Players","twitter_card":"summary_large_image","twitter_misc":{"Est. reading time":"5 minutes"},"schema":{"@context":"https:\/\/schema.org","@graph":[{"@type":["WebPage","ItemPage"],"@id":"https:\/\/www.mexicanguitarplayers.com\/tienda\/sin categor\u00eda\/piano-casio-digital-px-s1000\/","url":"https:\/\/www.mexicanguitarplayers.com\/tienda\/sin categor\u00eda\/piano-casio-digital-px-s1000\/","name":"PIANO CASIO DIGITAL PX-S1000 - Mexican Guitar Players","isPartOf":{"@id":"https:\/\/www.mexicanguitarplayers.com\/#website"},"primaryImageOfPage":{"@id":"https:\/\/www.mexicanguitarplayers.com\/tienda\/sin categor\u00eda\/piano-casio-digital-px-s1000\/#primaryimage"},"image":{"@id":"https:\/\/www.mexicanguitarplayers.com\/tienda\/sin categor\u00eda\/piano-casio-digital-px-s1000\/#primaryimage"},"thumbnailUrl":"https:\/\/www.mexicanguitarplayers.com\/wp-content\/uploads\/2025\/04\/ITCASPXS1000.jpg","datePublished":"2025-04-06T21:49:38+00:00","description":"Piano digital de 88 teclas con respuesta al tacto (5 niveles de sensibilidad), 18 tonos, layer\/split, polifon\u00eda m\u00e1xima: 192 notas, simulador ac\u00fastic, respuesta de martillo, efecto simulador de sala y surround, chorus, DSP y brillantez, 1 canci\u00f3n demo, 60 canciones integradas, grabador MIDI, metr\u00f3nomo, conexi\u00f3n Bluetooth, 2 mini jacks de aud\u00edfonos, puerto USB tipo B, 2 altavoces de 16 x 8 cm (oval) y amplificador de 8W + 8W, utiliza 6 pilas alcalinas AAA o adaptador AC: AD-A12150LW, consumo de energ\u00eda: 10W, dimensiones: 132.2 x 23.2 x 10.2 cm, peso: 11.2 kg, incluye pedal SP-3, adaptador AC y soporte de partituras.","breadcrumb":{"@id":"https:\/\/www.mexicanguitarplayers.com\/tienda\/sin categor\u00eda\/piano-casio-digital-px-s1000\/#breadcrumb"},"inLanguage":"en-US","potentialAction":[{"@type":"ReadAction","target":["https:\/\/www.mexicanguitarplayers.com\/tienda\/sin categor\u00eda\/piano-casio-digital-px-s1000\/"]}]},{"@type":"ImageObject","inLanguage":"en-US","@id":"https:\/\/www.mexicanguitarplayers.com\/tienda\/sin categor\u00eda\/piano-casio-digital-px-s1000\/#primaryimage","url":"https:\/\/www.mexicanguitarplayers.com\/wp-content\/uploads\/2025\/04\/ITCASPXS1000.jpg","contentUrl":"https:\/\/www.mexicanguitarplayers.com\/wp-content\/uploads\/2025\/04\/ITCASPXS1000.jpg","width":1600,"height":800},{"@type":"BreadcrumbList","@id":"https:\/\/www.mexicanguitarplayers.com\/tienda\/sin categor\u00eda\/piano-casio-digital-px-s1000\/#breadcrumb","itemListElement":[{"@type":"ListItem","position":1,"name":"Portada","item":"https:\/\/www.mexicanguitarplayers.com\/"},{"@type":"ListItem","position":2,"name":"Tienda","item":"https:\/\/www.mexicanguitarplayers.com\/tienda\/"},{"@type":"ListItem","position":3,"name":"PIANO CASIO DIGITAL PX-S1000"}]},{"@type":"WebSite","@id":"https:\/\/www.mexicanguitarplayers.com\/#website","url":"https:\/\/www.mexicanguitarplayers.com\/","name":"Mexican Guitar Players","description":"Website","publisher":{"@id":"https:\/\/www.mexicanguitarplayers.com\/#organization"},"potentialAction":[{"@type":"SearchAction","target":{"@type":"EntryPoint","urlTemplate":"https:\/\/www.mexicanguitarplayers.com\/?s={search_term_string}"},"query-input":{"@type":"PropertyValueSpecification","valueRequired":true,"valueName":"search_term_string"}}],"inLanguage":"en-US"},{"@type":"Organization","@id":"https:\/\/www.mexicanguitarplayers.com\/#organization","name":"Mexican Guitar Players","url":"https:\/\/www.mexicanguitarplayers.com\/","logo":{"@type":"ImageObject","inLanguage":"en-US","@id":"https:\/\/www.mexicanguitarplayers.com\/#\/schema\/logo\/image\/","url":"","contentUrl":"","caption":"Mexican Guitar Players"},"image":{"@id":"https:\/\/www.mexicanguitarplayers.com\/#\/schema\/logo\/image\/"}}]}},"brands":[{"id":274,"name":"CASIO","slug":"casio"}],"_links":{"self":[{"href":"https:\/\/www.mexicanguitarplayers.com\/en\/wp-json\/wp\/v2\/product\/25267","targetHints":{"allow":["GET"]}}],"collection":[{"href":"https:\/\/www.mexicanguitarplayers.com\/en\/wp-json\/wp\/v2\/product"}],"about":[{"href":"https:\/\/www.mexicanguitarplayers.com\/en\/wp-json\/wp\/v2\/types\/product"}],"replies":[{"embeddable":true,"href":"https:\/\/www.mexicanguitarplayers.com\/en\/wp-json\/wp\/v2\/comments?post=25267"}],"wp:featuredmedia":[{"embeddable":true,"href":"https:\/\/www.mexicanguitarplayers.com\/en\/wp-json\/wp\/v2\/media\/25265"}],"wp:attachment":[{"href":"https:\/\/www.mexicanguitarplayers.com\/en\/wp-json\/wp\/v2\/media?parent=25267"}],"wp:term":[{"taxonomy":"pwb-brand","embeddable":true,"href":"https:\/\/www.mexicanguitarplayers.com\/en\/wp-json\/wp\/v2\/pwb-brand?post=25267"},{"taxonomy":"product_brand","embeddable":true,"href":"https:\/\/www.mexicanguitarplayers.com\/en\/wp-json\/wp\/v2\/product_brand?post=25267"},{"taxonomy":"product_cat","embeddable":true,"href":"https:\/\/www.mexicanguitarplayers.com\/en\/wp-json\/wp\/v2\/product_cat?post=25267"},{"taxonomy":"product_tag","embeddable":true,"href":"https:\/\/www.mexicanguitarplayers.com\/en\/wp-json\/wp\/v2\/product_tag?post=25267"}],"curies":[{"name":"wp","href":"https:\/\/api.w.org\/{rel}","templated":true}]}}