{"id":25292,"date":"2025-04-06T15:51:25","date_gmt":"2025-04-06T21:51:25","guid":{"rendered":"https:\/\/www.mexicanguitarplayers.com\/tienda\/sin categor\u00eda\/amplificador-bugera-p-guitarra-g20-infin\/"},"modified":"2026-04-10T04:45:55","modified_gmt":"2026-04-10T10:45:55","slug":"amplificador-bugera-p-guitarra-g20-infin","status":"publish","type":"product","link":"https:\/\/www.mexicanguitarplayers.com\/en\/tienda\/cuerdas\/amplificadores-cuerdas\/amps-para-guitarra\/amplificador-bugera-p-guitarra-g20-infin\/","title":{"rendered":"AMPLIFICADOR BUGERA P\/GUITARRA G20 INFIN"},"content":{"rendered":"<div style=\"text-align: justify\">\n<div>\n<h3>El cl\u00e1sico sonido vintage del amplificador de bulbos.<\/h3>\n<\/div>\n<div>El dise\u00f1o atemporal y el sonido del amplificador totalmente de bulbos, ha dejado su huella indeleble en innumerables tracks que abarcan toda la historia de la guitarra el\u00e9ctrica. Con la b\u00fasqueda definitiva de esos maravillosos tonos saturados vintage y modernos en mente, orgullosamente presentamos el G20 INFINIUM. Con un estilo moderno y elegante, el G20 devuelve 20 hermosos watts de clase A en versi\u00f3n vintage, as\u00ed como sabores modernos. Con dos etapas de bulbo de pre-amplificaci\u00f3n para Clean y dos etapas de bulbo dedicadas para Overdrive, el G20 cubre vastos territorios s\u00f3nicos con notable facilidad. Adem\u00e1s el G20 INFINIUM cuenta con una reverb de alta definici\u00f3n integrada y nuestro extremadamente vers\u00e1til ecualizador MORPH para barrido sin interrupciones entre el estilo vintage americano y el sonido del ecualizador brit\u00e1nico. Para aumentar la versatilidad de este cabezal \u201ctono en uno\u201d, nuestra revolucionaria tecnolog\u00eda \u201cTube Life Multiplier\u201d de INFINIUM hace que el reemplazo de bulbos sea incre\u00edblemente simple para que puedas pasar m\u00e1s tiempo tocando tu m\u00fasica. Cl\u00e1sico dise\u00f1o Push-Pull. El G20 INFINIUM presenta un verdadero cabezal de amplificador Clase A con 2 bulbos ECC83 en la etapa de preamplificador y 2 bulbos EL34 en la etapa de potencia. Un amplificador de bulbos push-pull magistralmente dise\u00f1ado, el G20 proporciona arm\u00f3nicos dulcemente balanceados y una compresi\u00f3n natural de bulbo, lo que resulta en una c\u00e1lida distorsi\u00f3n en un port\u00e1til y atractivo paquete. <\/div>\n<div>\n<h4>Quick look<\/h4>\n<\/div>\n<ul style=\"margin: 0px 0px 0px 25px\">\n<li style=\"list-style-type: circle;margin: 5px\">Preamp section.<\/li>\n<li style=\"list-style-type: circle;margin: 5px\">Rear panel.<\/li>\n<li style=\"list-style-type: circle;margin: 5px\">Amplifier section.<\/li>\n<li style=\"list-style-type: circle;margin: 5px\">Power supply.<\/li>\n<li style=\"list-style-type: circle;margin: 5px\">Dimensions.<\/li>\n<li style=\"list-style-type: circle;margin: 5px\">Weight.<\/li>\n<\/ul>\n<div>\n<div style=\"font-weight: bold\">Preamp section.<\/div>\n<div>\n<p>Tipo de bulbo: 2 bulbos ECC83A. Conector de entrada: TS \u00bc\u201d desbalanceado. Impedancia de entrada: 1 mili-ohm.<\/p>\n<\/div>\n<div style=\"font-weight: bold\">Rear panel.<\/div>\n<div>\n<p>Impedancia de env\u00edo de efectos: 1 kilo-ohm. Impedancia de retorno de efectos: 1 kilo-ohm. Sensibilidad de loop de efectos: +4 dB \/ -10 dB. Conector de entrada de l\u00ednea est\u00e9reo: TRS desbalanceado \u00bc\u201d. Impedancia de entrada de l\u00ednea: 10 kilo-ohms. Entrada de footswitch (FSB102A): TRS \u00bc\u201d. Salida de aud\u00edfonos est\u00e9reo: TRS \u00bc\u201d.<\/p>\n<\/div>\n<div style=\"font-weight: bold\">Amplifier section.<\/div>\n<div>\n<p>Tipo de bulbo: 2 bulbos EL34. Potencia de salida: 20W. Switch de impedancia: 4, 8 y 16 ohms. Conector de altavoz: TS \u00bc\u201d.<\/p>\n<\/div>\n<div style=\"font-weight: bold\">Power supply.<\/div>\n<div>\n<p>Consumo de energ\u00eda a 1\/8 de potencia m\u00e1xima: 120W. Fusible: 100-120V T 2A H 250V \/ 220-230V T 1A H 250V. Conexi\u00f3n de energ\u00eda: Recept\u00e1culo IEC est\u00e1ndar.<\/p>\n<\/div>\n<div style=\"font-weight: bold\">Dimensions.<\/div>\n<div>\n<p>240 x 468 x 231 mm.<\/p>\n<\/div>\n<div style=\"font-weight: bold\">Weight.<\/div>\n<div>\n<p>10.3 kg.<\/p>\n<\/div>\n<\/div>\n<\/div>","protected":false},"excerpt":{"rendered":"<p>Amplificador de bulbos Clase A para guitarra, potencia: 20W, 2 bulbos ECC83 y 2 bulbos EL34, revolucionaria tecnolog\u00eda INFINIUM que multiplica la vida del bulbo hasta 20 veces, fiabilidad incre\u00edble y tono uniforme durante toda la vida \u00fatil del bulbo, permite mezclar y realizar cualquier combinaci\u00f3n de tipos de bulbos compatibles y marcas, supervisa el rendimiento de los tubos de alimentaci\u00f3n de forma continua y muestra los tubos defectuosos para permitir un f\u00e1cil reemplazo, revolucionario ecualizador MORPH para ir sin problemas entre el sonido del ecualizador americano y el sonido del ecualizador brit\u00e1nico, incre\u00edble dise\u00f1o cl\u00e1sico de amplificador de potencia push-pull para car\u00e1cter tonal vintage, reverb de alta definici\u00f3n con control de reverb dedicado, pedal de alta resistencia para selecci\u00f3n de canal \/ reverb incluido, salida emulada por bocina con opci\u00f3n de voz de 1 x 12 o 4 x 12, interruptor de impedancia (4, 8 y 16 ohms) para que coincida pr\u00e1cticamente con cualquier gabinete de altavoz, loop de FX con interruptor de nivel de efectos, estilo moderno y apariencia.&hellip; <a class=\"kt-excerpt-readmore more-link\" href=\"https:\/\/www.mexicanguitarplayers.com\/en\/tienda\/cuerdas\/amplificadores-cuerdas\/amps-para-guitarra\/amplificador-bugera-p-guitarra-g20-infin\/\">Read more<\/a><\/p>","protected":false},"featured_media":25287,"comment_status":"open","ping_status":"closed","template":"","meta":{"kt_blocks_editor_width":""},"pwb-brand":[173],"product_brand":[],"product_cat":[219,226,224],"product_tag":[],"class_list":{"0":"post-25292","1":"product","2":"type-product","3":"status-publish","4":"has-post-thumbnail","6":"pwb-brand-bugera","7":"product_cat-amplificadores-audio","8":"product_cat-amps-para-guitarra","9":"product_cat-cuerdas","10":"product_shipping_class-10-15-kg","12":"first","13":"outofstock","14":"taxable","15":"shipping-taxable","16":"purchasable","17":"product-type-simple"},"yoast_head":"<!-- This site is optimized with the Yoast SEO plugin v27.6 - https:\/\/yoast.com\/product\/yoast-seo-wordpress\/ -->\n<title>AMPLIFICADOR BUGERA P\/GUITARRA G20 INFIN - Mexican Guitar Players<\/title>\n<meta name=\"description\" content=\"Amplificador de bulbos Clase A para guitarra, potencia: 20W, 2 bulbos ECC83 y 2 bulbos EL34, revolucionaria tecnolog\u00eda INFINIUM que multiplica la vida del bulbo hasta 20 veces, fiabilidad incre\u00edble y tono uniforme durante toda la vida \u00fatil del bulbo, permite mezclar y realizar cualquier combinaci\u00f3n de tipos de bulbos compatibles y marcas, supervisa el rendimiento de los tubos de alimentaci\u00f3n de forma continua y muestra los tubos defectuosos para permitir un f\u00e1cil reemplazo, revolucionario ecualizador MORPH para ir sin problemas entre el sonido del ecualizador americano y el sonido del ecualizador brit\u00e1nico, incre\u00edble dise\u00f1o cl\u00e1sico de amplificador de potencia push-pull para car\u00e1cter tonal vintage, reverb de alta definici\u00f3n con control de reverb dedicado, pedal de alta resistencia para selecci\u00f3n de canal \/ reverb incluido, salida emulada por bocina con opci\u00f3n de voz de 1 x 12 o 4 x 12, interruptor de impedancia (4, 8 y 16 ohms) para que coincida pr\u00e1cticamente con cualquier gabinete de altavoz, loop de FX con interruptor de nivel de efectos, estilo moderno y apariencia.\" \/>\n<meta name=\"robots\" content=\"index, follow, max-snippet:-1, max-image-preview:large, max-video-preview:-1\" \/>\n<link rel=\"canonical\" href=\"https:\/\/www.mexicanguitarplayers.com\/en\/tienda\/sin%20categor\u00eda\/amplificador-bugera-p-guitarra-g20-infin\/\" \/>\n<meta property=\"og:locale\" content=\"en_US\" \/>\n<meta property=\"og:type\" content=\"article\" \/>\n<meta property=\"og:title\" content=\"AMPLIFICADOR BUGERA P\/GUITARRA G20 INFIN - Mexican Guitar Players\" \/>\n<meta property=\"og:description\" content=\"Amplificador de bulbos Clase A para guitarra, potencia: 20W, 2 bulbos ECC83 y 2 bulbos EL34, revolucionaria tecnolog\u00eda INFINIUM que multiplica la vida del bulbo hasta 20 veces, fiabilidad incre\u00edble y tono uniforme durante toda la vida \u00fatil del bulbo, permite mezclar y realizar cualquier combinaci\u00f3n de tipos de bulbos compatibles y marcas, supervisa el rendimiento de los tubos de alimentaci\u00f3n de forma continua y muestra los tubos defectuosos para permitir un f\u00e1cil reemplazo, revolucionario ecualizador MORPH para ir sin problemas entre el sonido del ecualizador americano y el sonido del ecualizador brit\u00e1nico, incre\u00edble dise\u00f1o cl\u00e1sico de amplificador de potencia push-pull para car\u00e1cter tonal vintage, reverb de alta definici\u00f3n con control de reverb dedicado, pedal de alta resistencia para selecci\u00f3n de canal \/ reverb incluido, salida emulada por bocina con opci\u00f3n de voz de 1 x 12 o 4 x 12, interruptor de impedancia (4, 8 y 16 ohms) para que coincida pr\u00e1cticamente con cualquier gabinete de altavoz, loop de FX con interruptor de nivel de efectos, estilo moderno y apariencia.\" \/>\n<meta property=\"og:url\" content=\"https:\/\/www.mexicanguitarplayers.com\/en\/tienda\/sin categor\u00eda\/amplificador-bugera-p-guitarra-g20-infin\/\" \/>\n<meta property=\"og:site_name\" content=\"Mexican Guitar Players\" \/>\n<meta property=\"article:modified_time\" content=\"2026-04-10T10:45:55+00:00\" \/>\n<meta name=\"twitter:card\" content=\"summary_large_image\" \/>\n<meta name=\"twitter:label1\" content=\"Est. reading time\" \/>\n\t<meta name=\"twitter:data1\" content=\"2 minutes\" \/>\n<script type=\"application\/ld+json\" class=\"yoast-schema-graph\">{\"@context\":\"https:\\\/\\\/schema.org\",\"@graph\":[{\"@type\":[\"WebPage\",\"ItemPage\"],\"@id\":\"https:\\\/\\\/www.mexicanguitarplayers.com\\\/tienda\\\/sin categor\u00eda\\\/amplificador-bugera-p-guitarra-g20-infin\\\/\",\"url\":\"https:\\\/\\\/www.mexicanguitarplayers.com\\\/tienda\\\/sin categor\u00eda\\\/amplificador-bugera-p-guitarra-g20-infin\\\/\",\"name\":\"AMPLIFICADOR BUGERA P\\\/GUITARRA G20 INFIN - Mexican Guitar Players\",\"isPartOf\":{\"@id\":\"https:\\\/\\\/www.mexicanguitarplayers.com\\\/#website\"},\"primaryImageOfPage\":{\"@id\":\"https:\\\/\\\/www.mexicanguitarplayers.com\\\/tienda\\\/sin categor\u00eda\\\/amplificador-bugera-p-guitarra-g20-infin\\\/#primaryimage\"},\"image\":{\"@id\":\"https:\\\/\\\/www.mexicanguitarplayers.com\\\/tienda\\\/sin categor\u00eda\\\/amplificador-bugera-p-guitarra-g20-infin\\\/#primaryimage\"},\"thumbnailUrl\":\"https:\\\/\\\/www.mexicanguitarplayers.com\\\/wp-content\\\/uploads\\\/2025\\\/04\\\/ICBUGG20INFINI.jpg\",\"datePublished\":\"2025-04-06T21:51:25+00:00\",\"dateModified\":\"2026-04-10T10:45:55+00:00\",\"description\":\"Amplificador de bulbos Clase A para guitarra, potencia: 20W, 2 bulbos ECC83 y 2 bulbos EL34, revolucionaria tecnolog\u00eda INFINIUM que multiplica la vida del bulbo hasta 20 veces, fiabilidad incre\u00edble y tono uniforme durante toda la vida \u00fatil del bulbo, permite mezclar y realizar cualquier combinaci\u00f3n de tipos de bulbos compatibles y marcas, supervisa el rendimiento de los tubos de alimentaci\u00f3n de forma continua y muestra los tubos defectuosos para permitir un f\u00e1cil reemplazo, revolucionario ecualizador MORPH para ir sin problemas entre el sonido del ecualizador americano y el sonido del ecualizador brit\u00e1nico, incre\u00edble dise\u00f1o cl\u00e1sico de amplificador de potencia push-pull para car\u00e1cter tonal vintage, reverb de alta definici\u00f3n con control de reverb dedicado, pedal de alta resistencia para selecci\u00f3n de canal \\\/ reverb incluido, salida emulada por bocina con opci\u00f3n de voz de 1 x 12 o 4 x 12, interruptor de impedancia (4, 8 y 16 ohms) para que coincida pr\u00e1cticamente con cualquier gabinete de altavoz, loop de FX con interruptor de nivel de efectos, estilo moderno y apariencia.\",\"breadcrumb\":{\"@id\":\"https:\\\/\\\/www.mexicanguitarplayers.com\\\/tienda\\\/sin categor\u00eda\\\/amplificador-bugera-p-guitarra-g20-infin\\\/#breadcrumb\"},\"inLanguage\":\"en-US\",\"potentialAction\":[{\"@type\":\"ReadAction\",\"target\":[\"https:\\\/\\\/www.mexicanguitarplayers.com\\\/tienda\\\/sin categor\u00eda\\\/amplificador-bugera-p-guitarra-g20-infin\\\/\"]}]},{\"@type\":\"ImageObject\",\"inLanguage\":\"en-US\",\"@id\":\"https:\\\/\\\/www.mexicanguitarplayers.com\\\/tienda\\\/sin categor\u00eda\\\/amplificador-bugera-p-guitarra-g20-infin\\\/#primaryimage\",\"url\":\"https:\\\/\\\/www.mexicanguitarplayers.com\\\/wp-content\\\/uploads\\\/2025\\\/04\\\/ICBUGG20INFINI.jpg\",\"contentUrl\":\"https:\\\/\\\/www.mexicanguitarplayers.com\\\/wp-content\\\/uploads\\\/2025\\\/04\\\/ICBUGG20INFINI.jpg\",\"width\":1600,\"height\":800},{\"@type\":\"BreadcrumbList\",\"@id\":\"https:\\\/\\\/www.mexicanguitarplayers.com\\\/tienda\\\/sin categor\u00eda\\\/amplificador-bugera-p-guitarra-g20-infin\\\/#breadcrumb\",\"itemListElement\":[{\"@type\":\"ListItem\",\"position\":1,\"name\":\"Portada\",\"item\":\"https:\\\/\\\/www.mexicanguitarplayers.com\\\/\"},{\"@type\":\"ListItem\",\"position\":2,\"name\":\"Tienda\",\"item\":\"https:\\\/\\\/www.mexicanguitarplayers.com\\\/tienda\\\/\"},{\"@type\":\"ListItem\",\"position\":3,\"name\":\"AMPLIFICADOR BUGERA P\\\/GUITARRA G20 INFIN\"}]},{\"@type\":\"WebSite\",\"@id\":\"https:\\\/\\\/www.mexicanguitarplayers.com\\\/#website\",\"url\":\"https:\\\/\\\/www.mexicanguitarplayers.com\\\/\",\"name\":\"Mexican Guitar Players\",\"description\":\"Website\",\"publisher\":{\"@id\":\"https:\\\/\\\/www.mexicanguitarplayers.com\\\/#organization\"},\"potentialAction\":[{\"@type\":\"SearchAction\",\"target\":{\"@type\":\"EntryPoint\",\"urlTemplate\":\"https:\\\/\\\/www.mexicanguitarplayers.com\\\/?s={search_term_string}\"},\"query-input\":{\"@type\":\"PropertyValueSpecification\",\"valueRequired\":true,\"valueName\":\"search_term_string\"}}],\"inLanguage\":\"en-US\"},{\"@type\":\"Organization\",\"@id\":\"https:\\\/\\\/www.mexicanguitarplayers.com\\\/#organization\",\"name\":\"Mexican Guitar Players\",\"url\":\"https:\\\/\\\/www.mexicanguitarplayers.com\\\/\",\"logo\":{\"@type\":\"ImageObject\",\"inLanguage\":\"en-US\",\"@id\":\"https:\\\/\\\/www.mexicanguitarplayers.com\\\/#\\\/schema\\\/logo\\\/image\\\/\",\"url\":\"\",\"contentUrl\":\"\",\"caption\":\"Mexican Guitar Players\"},\"image\":{\"@id\":\"https:\\\/\\\/www.mexicanguitarplayers.com\\\/#\\\/schema\\\/logo\\\/image\\\/\"}}]}<\/script>\n<!-- \/ Yoast SEO plugin. -->","yoast_head_json":{"title":"AMPLIFICADOR BUGERA P\/GUITARRA G20 INFIN - Mexican Guitar Players","description":"Amplificador de bulbos Clase A para guitarra, potencia: 20W, 2 bulbos ECC83 y 2 bulbos EL34, revolucionaria tecnolog\u00eda INFINIUM que multiplica la vida del bulbo hasta 20 veces, fiabilidad incre\u00edble y tono uniforme durante toda la vida \u00fatil del bulbo, permite mezclar y realizar cualquier combinaci\u00f3n de tipos de bulbos compatibles y marcas, supervisa el rendimiento de los tubos de alimentaci\u00f3n de forma continua y muestra los tubos defectuosos para permitir un f\u00e1cil reemplazo, revolucionario ecualizador MORPH para ir sin problemas entre el sonido del ecualizador americano y el sonido del ecualizador brit\u00e1nico, incre\u00edble dise\u00f1o cl\u00e1sico de amplificador de potencia push-pull para car\u00e1cter tonal vintage, reverb de alta definici\u00f3n con control de reverb dedicado, pedal de alta resistencia para selecci\u00f3n de canal \/ reverb incluido, salida emulada por bocina con opci\u00f3n de voz de 1 x 12 o 4 x 12, interruptor de impedancia (4, 8 y 16 ohms) para que coincida pr\u00e1cticamente con cualquier gabinete de altavoz, loop de FX con interruptor de nivel de efectos, estilo moderno y apariencia.","robots":{"index":"index","follow":"follow","max-snippet":"max-snippet:-1","max-image-preview":"max-image-preview:large","max-video-preview":"max-video-preview:-1"},"canonical":"https:\/\/www.mexicanguitarplayers.com\/en\/tienda\/sin categor\u00eda\/amplificador-bugera-p-guitarra-g20-infin\/","og_locale":"en_US","og_type":"article","og_title":"AMPLIFICADOR BUGERA P\/GUITARRA G20 INFIN - Mexican Guitar Players","og_description":"Amplificador de bulbos Clase A para guitarra, potencia: 20W, 2 bulbos ECC83 y 2 bulbos EL34, revolucionaria tecnolog\u00eda INFINIUM que multiplica la vida del bulbo hasta 20 veces, fiabilidad incre\u00edble y tono uniforme durante toda la vida \u00fatil del bulbo, permite mezclar y realizar cualquier combinaci\u00f3n de tipos de bulbos compatibles y marcas, supervisa el rendimiento de los tubos de alimentaci\u00f3n de forma continua y muestra los tubos defectuosos para permitir un f\u00e1cil reemplazo, revolucionario ecualizador MORPH para ir sin problemas entre el sonido del ecualizador americano y el sonido del ecualizador brit\u00e1nico, incre\u00edble dise\u00f1o cl\u00e1sico de amplificador de potencia push-pull para car\u00e1cter tonal vintage, reverb de alta definici\u00f3n con control de reverb dedicado, pedal de alta resistencia para selecci\u00f3n de canal \/ reverb incluido, salida emulada por bocina con opci\u00f3n de voz de 1 x 12 o 4 x 12, interruptor de impedancia (4, 8 y 16 ohms) para que coincida pr\u00e1cticamente con cualquier gabinete de altavoz, loop de FX con interruptor de nivel de efectos, estilo moderno y apariencia.","og_url":"https:\/\/www.mexicanguitarplayers.com\/en\/tienda\/sin categor\u00eda\/amplificador-bugera-p-guitarra-g20-infin\/","og_site_name":"Mexican Guitar Players","article_modified_time":"2026-04-10T10:45:55+00:00","twitter_card":"summary_large_image","twitter_misc":{"Est. reading time":"2 minutes"},"schema":{"@context":"https:\/\/schema.org","@graph":[{"@type":["WebPage","ItemPage"],"@id":"https:\/\/www.mexicanguitarplayers.com\/tienda\/sin categor\u00eda\/amplificador-bugera-p-guitarra-g20-infin\/","url":"https:\/\/www.mexicanguitarplayers.com\/tienda\/sin categor\u00eda\/amplificador-bugera-p-guitarra-g20-infin\/","name":"AMPLIFICADOR BUGERA P\/GUITARRA G20 INFIN - Mexican Guitar Players","isPartOf":{"@id":"https:\/\/www.mexicanguitarplayers.com\/#website"},"primaryImageOfPage":{"@id":"https:\/\/www.mexicanguitarplayers.com\/tienda\/sin categor\u00eda\/amplificador-bugera-p-guitarra-g20-infin\/#primaryimage"},"image":{"@id":"https:\/\/www.mexicanguitarplayers.com\/tienda\/sin categor\u00eda\/amplificador-bugera-p-guitarra-g20-infin\/#primaryimage"},"thumbnailUrl":"https:\/\/www.mexicanguitarplayers.com\/wp-content\/uploads\/2025\/04\/ICBUGG20INFINI.jpg","datePublished":"2025-04-06T21:51:25+00:00","dateModified":"2026-04-10T10:45:55+00:00","description":"Amplificador de bulbos Clase A para guitarra, potencia: 20W, 2 bulbos ECC83 y 2 bulbos EL34, revolucionaria tecnolog\u00eda INFINIUM que multiplica la vida del bulbo hasta 20 veces, fiabilidad incre\u00edble y tono uniforme durante toda la vida \u00fatil del bulbo, permite mezclar y realizar cualquier combinaci\u00f3n de tipos de bulbos compatibles y marcas, supervisa el rendimiento de los tubos de alimentaci\u00f3n de forma continua y muestra los tubos defectuosos para permitir un f\u00e1cil reemplazo, revolucionario ecualizador MORPH para ir sin problemas entre el sonido del ecualizador americano y el sonido del ecualizador brit\u00e1nico, incre\u00edble dise\u00f1o cl\u00e1sico de amplificador de potencia push-pull para car\u00e1cter tonal vintage, reverb de alta definici\u00f3n con control de reverb dedicado, pedal de alta resistencia para selecci\u00f3n de canal \/ reverb incluido, salida emulada por bocina con opci\u00f3n de voz de 1 x 12 o 4 x 12, interruptor de impedancia (4, 8 y 16 ohms) para que coincida pr\u00e1cticamente con cualquier gabinete de altavoz, loop de FX con interruptor de nivel de efectos, estilo moderno y apariencia.","breadcrumb":{"@id":"https:\/\/www.mexicanguitarplayers.com\/tienda\/sin categor\u00eda\/amplificador-bugera-p-guitarra-g20-infin\/#breadcrumb"},"inLanguage":"en-US","potentialAction":[{"@type":"ReadAction","target":["https:\/\/www.mexicanguitarplayers.com\/tienda\/sin categor\u00eda\/amplificador-bugera-p-guitarra-g20-infin\/"]}]},{"@type":"ImageObject","inLanguage":"en-US","@id":"https:\/\/www.mexicanguitarplayers.com\/tienda\/sin categor\u00eda\/amplificador-bugera-p-guitarra-g20-infin\/#primaryimage","url":"https:\/\/www.mexicanguitarplayers.com\/wp-content\/uploads\/2025\/04\/ICBUGG20INFINI.jpg","contentUrl":"https:\/\/www.mexicanguitarplayers.com\/wp-content\/uploads\/2025\/04\/ICBUGG20INFINI.jpg","width":1600,"height":800},{"@type":"BreadcrumbList","@id":"https:\/\/www.mexicanguitarplayers.com\/tienda\/sin categor\u00eda\/amplificador-bugera-p-guitarra-g20-infin\/#breadcrumb","itemListElement":[{"@type":"ListItem","position":1,"name":"Portada","item":"https:\/\/www.mexicanguitarplayers.com\/"},{"@type":"ListItem","position":2,"name":"Tienda","item":"https:\/\/www.mexicanguitarplayers.com\/tienda\/"},{"@type":"ListItem","position":3,"name":"AMPLIFICADOR BUGERA P\/GUITARRA G20 INFIN"}]},{"@type":"WebSite","@id":"https:\/\/www.mexicanguitarplayers.com\/#website","url":"https:\/\/www.mexicanguitarplayers.com\/","name":"Mexican Guitar Players","description":"Website","publisher":{"@id":"https:\/\/www.mexicanguitarplayers.com\/#organization"},"potentialAction":[{"@type":"SearchAction","target":{"@type":"EntryPoint","urlTemplate":"https:\/\/www.mexicanguitarplayers.com\/?s={search_term_string}"},"query-input":{"@type":"PropertyValueSpecification","valueRequired":true,"valueName":"search_term_string"}}],"inLanguage":"en-US"},{"@type":"Organization","@id":"https:\/\/www.mexicanguitarplayers.com\/#organization","name":"Mexican Guitar Players","url":"https:\/\/www.mexicanguitarplayers.com\/","logo":{"@type":"ImageObject","inLanguage":"en-US","@id":"https:\/\/www.mexicanguitarplayers.com\/#\/schema\/logo\/image\/","url":"","contentUrl":"","caption":"Mexican Guitar Players"},"image":{"@id":"https:\/\/www.mexicanguitarplayers.com\/#\/schema\/logo\/image\/"}}]}},"brands":[{"id":173,"name":"BUGERA","slug":"bugera"}],"_links":{"self":[{"href":"https:\/\/www.mexicanguitarplayers.com\/en\/wp-json\/wp\/v2\/product\/25292","targetHints":{"allow":["GET"]}}],"collection":[{"href":"https:\/\/www.mexicanguitarplayers.com\/en\/wp-json\/wp\/v2\/product"}],"about":[{"href":"https:\/\/www.mexicanguitarplayers.com\/en\/wp-json\/wp\/v2\/types\/product"}],"replies":[{"embeddable":true,"href":"https:\/\/www.mexicanguitarplayers.com\/en\/wp-json\/wp\/v2\/comments?post=25292"}],"wp:featuredmedia":[{"embeddable":true,"href":"https:\/\/www.mexicanguitarplayers.com\/en\/wp-json\/wp\/v2\/media\/25287"}],"wp:attachment":[{"href":"https:\/\/www.mexicanguitarplayers.com\/en\/wp-json\/wp\/v2\/media?parent=25292"}],"wp:term":[{"taxonomy":"pwb-brand","embeddable":true,"href":"https:\/\/www.mexicanguitarplayers.com\/en\/wp-json\/wp\/v2\/pwb-brand?post=25292"},{"taxonomy":"product_brand","embeddable":true,"href":"https:\/\/www.mexicanguitarplayers.com\/en\/wp-json\/wp\/v2\/product_brand?post=25292"},{"taxonomy":"product_cat","embeddable":true,"href":"https:\/\/www.mexicanguitarplayers.com\/en\/wp-json\/wp\/v2\/product_cat?post=25292"},{"taxonomy":"product_tag","embeddable":true,"href":"https:\/\/www.mexicanguitarplayers.com\/en\/wp-json\/wp\/v2\/product_tag?post=25292"}],"curies":[{"name":"wp","href":"https:\/\/api.w.org\/{rel}","templated":true}]}}