{"id":25316,"date":"2025-04-06T15:52:53","date_gmt":"2025-04-06T21:52:53","guid":{"rendered":"https:\/\/www.mexicanguitarplayers.com\/tienda\/sin categor\u00eda\/columna-electrovoice-mod-evolve50b-gl-system\/"},"modified":"2026-02-06T19:15:20","modified_gmt":"2026-02-07T01:15:20","slug":"columna-electrovoice-mod-evolve50b-gl-system","status":"publish","type":"product","link":"https:\/\/www.mexicanguitarplayers.com\/en\/tienda\/audio\/bafles-y-bocinas\/bocinas-y-componentes\/medios\/columna-electrovoice-mod-evolve50b-gl-system\/","title":{"rendered":"COLUMNA ELECTROVOICE MOD. EVOLVE50B-GL SYSTEM"},"content":{"rendered":"<div style=\"text-align: justify\">\n<div>\n<h3>COLUMNA ELECTROVOICE MOD. EVOLVE50B-GL SYSTEM<\/h3>\n<\/div>\n<div>El sistema de columna port\u00e1til EVOLVE 50 es un sistema de altavoces de tres componentes alimentado por un amplificador Clase D de 1000 W. El sistema consta de una caja de subwoofer autoamplificada con puertos de madera de 15 mm que alberga un subwoofer de 12 pulgadas capaz de ofrecer una salida de frecuencia funcional de hasta 37 Hz. La conexi\u00f3n del poste de aluminio bidireccional al subwoofer se asegura mediante un im\u00e1n y el conjunto de columnas se sujeta por gravedad al subposte. La se\u00f1al se enruta internamente a los componentes. Ocho controladores de neodimio de 3,5&#8243; en el conjunto de columnas junto con el subwoofer de 12&#8243; ofrecen hasta 127 dB SPL. Las ocho gu\u00edas de ondas compuestas controlan las altas frecuencias con 120\u00b0 de cobertura horizontal y 40\u00b0 de cobertura vertical asim\u00e9trica (hacia abajo) para garantizar una salida adecuada para audiencias sentadas y de pie. El subpolo y el conjunto de columnas vienen empaquetados en una bolsa de transporte. El motor de procesamiento permite una f\u00e1cil configuraci\u00f3n a trav\u00e9s de cuatro ajustes preestablecidos (M\u00fasica, Live, Speech y Club), ecualizador de tres bandas, cinco ajustes preestablecidos programables por el usuario (configuraciones de almacenamiento y recuperaci\u00f3n), retardo de salida, alimentaci\u00f3n fantasma (+15 V), monitoreo visual. del estado del limitador, control de nivel de entrada y medidores, y control de volumen maestro para garantizar una estructura de ganancia \u00f3ptima. No incluye Bluetooth.<\/div>\n<div>\n<h4>Quick look<\/h4>\n<\/div>\n<ul style=\"margin: 0px 0px 0px 25px\">\n<li style=\"list-style-type: circle;margin: 5px\">Respuesta de frecuencia (-3 dB) 1<\/li>\n<li style=\"list-style-type: circle;margin: 5px\">Rango de frecuencia (-10 dB) 1<\/li>\n<li style=\"list-style-type: circle;margin: 5px\">SPL m\u00e1ximo 2<\/li>\n<li style=\"list-style-type: circle;margin: 5px\">Cobertura (Al x V)<\/li>\n<li style=\"list-style-type: circle;margin: 5px\">Clasificaci\u00f3n del amplificador<\/li>\n<li style=\"list-style-type: circle;margin: 5px\">Clasificaci\u00f3n del canal LF<\/li>\n<li style=\"list-style-type: circle;margin: 5px\">Clasificaci\u00f3n de canales HF<\/li>\n<li style=\"list-style-type: circle;margin: 5px\">Frecuencia de cruce<\/li>\n<li style=\"list-style-type: circle;margin: 5px\">Connectors<\/li>\n<li style=\"list-style-type: circle;margin: 5px\">Recinto<\/li>\n<li style=\"list-style-type: circle;margin: 5px\">Reja<\/li>\n<li style=\"list-style-type: circle;margin: 5px\">Color<\/li>\n<li style=\"list-style-type: circle;margin: 5px\">Dimensiones (Al x An x Pr): mm (pulg.)<\/li>\n<li style=\"list-style-type: circle;margin: 5px\">Peso neto<\/li>\n<li style=\"list-style-type: circle;margin: 5px\">Peso de env\u00edo<\/li>\n<li style=\"list-style-type: circle;margin: 5px\">Consumo de energ\u00eda 3<\/li>\n<\/ul>\n<div>\n<div style=\"font-weight: bold\">Respuesta de frecuencia (-3 dB) 1<\/div>\n<div>\n<p>43Hz-20KHz<\/p>\n<\/div>\n<div style=\"font-weight: bold\">Rango de frecuencia (-10 dB) 1<\/div>\n<div>\n<p>37Hz-20KHz<\/p>\n<\/div>\n<div style=\"font-weight: bold\">SPL m\u00e1ximo 2<\/div>\n<div>\n<p>127dB<\/p>\n<\/div>\n<div style=\"font-weight: bold\">Cobertura (Al x V)<\/div>\n<div>\n<p>120\u00b0 x 40\u00b0<\/p>\n<\/div>\n<div style=\"font-weight: bold\">Clasificaci\u00f3n del amplificador<\/div>\n<div>\n<p>1000W<\/p>\n<\/div>\n<div style=\"font-weight: bold\">Clasificaci\u00f3n del canal LF<\/div>\n<div>\n<p>500 vatios<\/p>\n<\/div>\n<div style=\"font-weight: bold\">Clasificaci\u00f3n de canales HF<\/div>\n<div>\n<p>500 vatios<\/p>\n<\/div>\n<div style=\"font-weight: bold\">Frecuencia de cruce<\/div>\n<div>\n<p>200Hz<\/p>\n<\/div>\n<div style=\"font-weight: bold\">Connectors<\/div>\n<div>\n<p>2 entradas de conector combinado XLR\/TRS 1 entrada de 3,5 mm 1 entrada RCA est\u00e9reo1 salida XLR THRU 1 salida XLR MIX OUT No incluye Bluetooth ni control remoto por aplicaci\u00f3n.<\/p>\n<\/div>\n<div style=\"font-weight: bold\">Recinto<\/div>\n<div>\n<p>Sub: Contrachapado de 15 mm Columna: Composite Poste: Aluminio<\/p>\n<\/div>\n<div style=\"font-weight: bold\">Reja<\/div>\n<div>\n<p>Acero con recubrimiento en polvo blanco o negro.<\/p>\n<\/div>\n<div style=\"font-weight: bold\">Color<\/div>\n<div>\n<p>Blanco o negro<\/p>\n<\/div>\n<div style=\"font-weight: bold\">Dimensiones (Al x An x Pr): mm (pulg.)<\/div>\n<div>\n<p>Columna: 825 x 102 x 172 (32,5 x 4,0 x 6,9)<\/p>\n<\/div>\n<div style=\"font-weight: bold\">Peso neto<\/div>\n<div>\n<p>Columna: 10,34 lb (4,7 kg)<\/p>\n<\/div>\n<div style=\"font-weight: bold\">Peso de env\u00edo<\/div>\n<div>\n<p>Caja de columna: 18,30 lb (8,3 kg)<\/p>\n<\/div>\n<div style=\"font-weight: bold\">Consumo de energ\u00eda 3<\/div>\n<div>\n<p>100-240 V CA, 50-60 Hz, 1,5-0,6 A<\/p>\n<\/div>\n<\/div>\n<\/div>","protected":false},"excerpt":{"rendered":"<p>El sistema de audio Electro-Voice cuenta con ocho controladores de neodimio de 3,5 pulgadas y un subwoofer de 12 pulgadas alimentados por un amplificador de tres canales para un rendimiento de alto nivel. Con una cobertura horizontal ultra amplia de 120\u00b0 y un control de patr\u00f3n vertical asim\u00e9trico de 40\u00b0, ofrece una excepcional claridad de sonido y cobertura de audiencia. Equipado con una interfaz de usuario de perilla \u00fanica con LCD, ofrece cuatro preajustes, EQ de tres bandas, cinco preajustes programables por el usuario, retardo de salida, alimentaci\u00f3n fantasma y control de volumen maestro. No incluye Bluetooth.&hellip; <a class=\"kt-excerpt-readmore more-link\" href=\"https:\/\/www.mexicanguitarplayers.com\/en\/tienda\/audio\/bafles-y-bocinas\/bocinas-y-componentes\/medios\/columna-electrovoice-mod-evolve50b-gl-system\/\">Read more<\/a><\/p>","protected":false},"featured_media":25310,"comment_status":"open","ping_status":"closed","template":"","meta":{"kt_blocks_editor_width":""},"pwb-brand":[535],"product_brand":[],"product_cat":[213,221,474,534],"product_tag":[],"class_list":{"0":"post-25316","1":"product","2":"type-product","3":"status-publish","4":"has-post-thumbnail","6":"pwb-brand-electrovoice","7":"product_cat-audio","8":"product_cat-bafles-y-bocinas","9":"product_cat-bocinas-y-componentes","10":"product_cat-medios","11":"product_shipping_class-20-25-kg","13":"first","14":"outofstock","15":"taxable","16":"shipping-taxable","17":"purchasable","18":"product-type-simple"},"yoast_head":"<!-- This site is optimized with the Yoast SEO plugin v27.3 - https:\/\/yoast.com\/product\/yoast-seo-wordpress\/ -->\n<title>COLUMNA ELECTROVOICE MOD. EVOLVE50B-GL SYSTEM - Mexican Guitar Players<\/title>\n<meta name=\"description\" content=\"El sistema de audio Electro-Voice cuenta con ocho controladores de neodimio de 3,5 pulgadas y un subwoofer de 12 pulgadas alimentados por un amplificador de tres canales para un rendimiento de alto nivel. Con una cobertura horizontal ultra amplia de 120\u00b0 y un control de patr\u00f3n vertical asim\u00e9trico de 40\u00b0, ofrece una excepcional claridad de sonido y cobertura de audiencia. Equipado con una interfaz de usuario de perilla \u00fanica con LCD, ofrece cuatro preajustes, EQ de tres bandas, cinco preajustes programables por el usuario, retardo de salida, alimentaci\u00f3n fantasma y control de volumen maestro. No incluye Bluetooth.\" \/>\n<meta name=\"robots\" content=\"index, follow, max-snippet:-1, max-image-preview:large, max-video-preview:-1\" \/>\n<link rel=\"canonical\" href=\"https:\/\/www.mexicanguitarplayers.com\/en\/tienda\/sin%20categor\u00eda\/columna-electrovoice-mod-evolve50b-gl-system\/\" \/>\n<meta property=\"og:locale\" content=\"en_US\" \/>\n<meta property=\"og:type\" content=\"article\" \/>\n<meta property=\"og:title\" content=\"COLUMNA ELECTROVOICE MOD. EVOLVE50B-GL SYSTEM - Mexican Guitar Players\" \/>\n<meta property=\"og:description\" content=\"El sistema de audio Electro-Voice cuenta con ocho controladores de neodimio de 3,5 pulgadas y un subwoofer de 12 pulgadas alimentados por un amplificador de tres canales para un rendimiento de alto nivel. Con una cobertura horizontal ultra amplia de 120\u00b0 y un control de patr\u00f3n vertical asim\u00e9trico de 40\u00b0, ofrece una excepcional claridad de sonido y cobertura de audiencia. Equipado con una interfaz de usuario de perilla \u00fanica con LCD, ofrece cuatro preajustes, EQ de tres bandas, cinco preajustes programables por el usuario, retardo de salida, alimentaci\u00f3n fantasma y control de volumen maestro. No incluye Bluetooth.\" \/>\n<meta property=\"og:url\" content=\"https:\/\/www.mexicanguitarplayers.com\/en\/tienda\/sin categor\u00eda\/columna-electrovoice-mod-evolve50b-gl-system\/\" \/>\n<meta property=\"og:site_name\" content=\"Mexican Guitar Players\" \/>\n<meta property=\"article:modified_time\" content=\"2026-02-07T01:15:20+00:00\" \/>\n<meta name=\"twitter:card\" content=\"summary_large_image\" \/>\n<meta name=\"twitter:label1\" content=\"Est. reading time\" \/>\n\t<meta name=\"twitter:data1\" content=\"2 minutes\" \/>\n<script type=\"application\/ld+json\" class=\"yoast-schema-graph\">{\"@context\":\"https:\\\/\\\/schema.org\",\"@graph\":[{\"@type\":[\"WebPage\",\"ItemPage\"],\"@id\":\"https:\\\/\\\/www.mexicanguitarplayers.com\\\/tienda\\\/sin categor\u00eda\\\/columna-electrovoice-mod-evolve50b-gl-system\\\/\",\"url\":\"https:\\\/\\\/www.mexicanguitarplayers.com\\\/tienda\\\/sin categor\u00eda\\\/columna-electrovoice-mod-evolve50b-gl-system\\\/\",\"name\":\"COLUMNA ELECTROVOICE MOD. EVOLVE50B-GL SYSTEM - Mexican Guitar Players\",\"isPartOf\":{\"@id\":\"https:\\\/\\\/www.mexicanguitarplayers.com\\\/#website\"},\"primaryImageOfPage\":{\"@id\":\"https:\\\/\\\/www.mexicanguitarplayers.com\\\/tienda\\\/sin categor\u00eda\\\/columna-electrovoice-mod-evolve50b-gl-system\\\/#primaryimage\"},\"image\":{\"@id\":\"https:\\\/\\\/www.mexicanguitarplayers.com\\\/tienda\\\/sin categor\u00eda\\\/columna-electrovoice-mod-evolve50b-gl-system\\\/#primaryimage\"},\"thumbnailUrl\":\"https:\\\/\\\/www.mexicanguitarplayers.com\\\/wp-content\\\/uploads\\\/2025\\\/04\\\/IAEVOEVOL50BGL.png\",\"datePublished\":\"2025-04-06T21:52:53+00:00\",\"dateModified\":\"2026-02-07T01:15:20+00:00\",\"description\":\"El sistema de audio Electro-Voice cuenta con ocho controladores de neodimio de 3,5 pulgadas y un subwoofer de 12 pulgadas alimentados por un amplificador de tres canales para un rendimiento de alto nivel. Con una cobertura horizontal ultra amplia de 120\u00b0 y un control de patr\u00f3n vertical asim\u00e9trico de 40\u00b0, ofrece una excepcional claridad de sonido y cobertura de audiencia. Equipado con una interfaz de usuario de perilla \u00fanica con LCD, ofrece cuatro preajustes, EQ de tres bandas, cinco preajustes programables por el usuario, retardo de salida, alimentaci\u00f3n fantasma y control de volumen maestro. No incluye Bluetooth.\",\"breadcrumb\":{\"@id\":\"https:\\\/\\\/www.mexicanguitarplayers.com\\\/tienda\\\/sin categor\u00eda\\\/columna-electrovoice-mod-evolve50b-gl-system\\\/#breadcrumb\"},\"inLanguage\":\"en-US\",\"potentialAction\":[{\"@type\":\"ReadAction\",\"target\":[\"https:\\\/\\\/www.mexicanguitarplayers.com\\\/tienda\\\/sin categor\u00eda\\\/columna-electrovoice-mod-evolve50b-gl-system\\\/\"]}]},{\"@type\":\"ImageObject\",\"inLanguage\":\"en-US\",\"@id\":\"https:\\\/\\\/www.mexicanguitarplayers.com\\\/tienda\\\/sin categor\u00eda\\\/columna-electrovoice-mod-evolve50b-gl-system\\\/#primaryimage\",\"url\":\"https:\\\/\\\/www.mexicanguitarplayers.com\\\/wp-content\\\/uploads\\\/2025\\\/04\\\/IAEVOEVOL50BGL.png\",\"contentUrl\":\"https:\\\/\\\/www.mexicanguitarplayers.com\\\/wp-content\\\/uploads\\\/2025\\\/04\\\/IAEVOEVOL50BGL.png\",\"width\":800,\"height\":1600},{\"@type\":\"BreadcrumbList\",\"@id\":\"https:\\\/\\\/www.mexicanguitarplayers.com\\\/tienda\\\/sin categor\u00eda\\\/columna-electrovoice-mod-evolve50b-gl-system\\\/#breadcrumb\",\"itemListElement\":[{\"@type\":\"ListItem\",\"position\":1,\"name\":\"Portada\",\"item\":\"https:\\\/\\\/www.mexicanguitarplayers.com\\\/\"},{\"@type\":\"ListItem\",\"position\":2,\"name\":\"Tienda\",\"item\":\"https:\\\/\\\/www.mexicanguitarplayers.com\\\/tienda\\\/\"},{\"@type\":\"ListItem\",\"position\":3,\"name\":\"COLUMNA ELECTROVOICE MOD. EVOLVE50B-GL SYSTEM\"}]},{\"@type\":\"WebSite\",\"@id\":\"https:\\\/\\\/www.mexicanguitarplayers.com\\\/#website\",\"url\":\"https:\\\/\\\/www.mexicanguitarplayers.com\\\/\",\"name\":\"Mexican Guitar Players\",\"description\":\"Website\",\"publisher\":{\"@id\":\"https:\\\/\\\/www.mexicanguitarplayers.com\\\/#organization\"},\"potentialAction\":[{\"@type\":\"SearchAction\",\"target\":{\"@type\":\"EntryPoint\",\"urlTemplate\":\"https:\\\/\\\/www.mexicanguitarplayers.com\\\/?s={search_term_string}\"},\"query-input\":{\"@type\":\"PropertyValueSpecification\",\"valueRequired\":true,\"valueName\":\"search_term_string\"}}],\"inLanguage\":\"en-US\"},{\"@type\":\"Organization\",\"@id\":\"https:\\\/\\\/www.mexicanguitarplayers.com\\\/#organization\",\"name\":\"Mexican Guitar Players\",\"url\":\"https:\\\/\\\/www.mexicanguitarplayers.com\\\/\",\"logo\":{\"@type\":\"ImageObject\",\"inLanguage\":\"en-US\",\"@id\":\"https:\\\/\\\/www.mexicanguitarplayers.com\\\/#\\\/schema\\\/logo\\\/image\\\/\",\"url\":\"\",\"contentUrl\":\"\",\"caption\":\"Mexican Guitar Players\"},\"image\":{\"@id\":\"https:\\\/\\\/www.mexicanguitarplayers.com\\\/#\\\/schema\\\/logo\\\/image\\\/\"}}]}<\/script>\n<!-- \/ Yoast SEO plugin. -->","yoast_head_json":{"title":"COLUMNA ELECTROVOICE MOD. EVOLVE50B-GL SYSTEM - Mexican Guitar Players","description":"El sistema de audio Electro-Voice cuenta con ocho controladores de neodimio de 3,5 pulgadas y un subwoofer de 12 pulgadas alimentados por un amplificador de tres canales para un rendimiento de alto nivel. Con una cobertura horizontal ultra amplia de 120\u00b0 y un control de patr\u00f3n vertical asim\u00e9trico de 40\u00b0, ofrece una excepcional claridad de sonido y cobertura de audiencia. Equipado con una interfaz de usuario de perilla \u00fanica con LCD, ofrece cuatro preajustes, EQ de tres bandas, cinco preajustes programables por el usuario, retardo de salida, alimentaci\u00f3n fantasma y control de volumen maestro. No incluye Bluetooth.","robots":{"index":"index","follow":"follow","max-snippet":"max-snippet:-1","max-image-preview":"max-image-preview:large","max-video-preview":"max-video-preview:-1"},"canonical":"https:\/\/www.mexicanguitarplayers.com\/en\/tienda\/sin categor\u00eda\/columna-electrovoice-mod-evolve50b-gl-system\/","og_locale":"en_US","og_type":"article","og_title":"COLUMNA ELECTROVOICE MOD. EVOLVE50B-GL SYSTEM - Mexican Guitar Players","og_description":"El sistema de audio Electro-Voice cuenta con ocho controladores de neodimio de 3,5 pulgadas y un subwoofer de 12 pulgadas alimentados por un amplificador de tres canales para un rendimiento de alto nivel. Con una cobertura horizontal ultra amplia de 120\u00b0 y un control de patr\u00f3n vertical asim\u00e9trico de 40\u00b0, ofrece una excepcional claridad de sonido y cobertura de audiencia. Equipado con una interfaz de usuario de perilla \u00fanica con LCD, ofrece cuatro preajustes, EQ de tres bandas, cinco preajustes programables por el usuario, retardo de salida, alimentaci\u00f3n fantasma y control de volumen maestro. No incluye Bluetooth.","og_url":"https:\/\/www.mexicanguitarplayers.com\/en\/tienda\/sin categor\u00eda\/columna-electrovoice-mod-evolve50b-gl-system\/","og_site_name":"Mexican Guitar Players","article_modified_time":"2026-02-07T01:15:20+00:00","twitter_card":"summary_large_image","twitter_misc":{"Est. reading time":"2 minutes"},"schema":{"@context":"https:\/\/schema.org","@graph":[{"@type":["WebPage","ItemPage"],"@id":"https:\/\/www.mexicanguitarplayers.com\/tienda\/sin categor\u00eda\/columna-electrovoice-mod-evolve50b-gl-system\/","url":"https:\/\/www.mexicanguitarplayers.com\/tienda\/sin categor\u00eda\/columna-electrovoice-mod-evolve50b-gl-system\/","name":"COLUMNA ELECTROVOICE MOD. EVOLVE50B-GL SYSTEM - Mexican Guitar Players","isPartOf":{"@id":"https:\/\/www.mexicanguitarplayers.com\/#website"},"primaryImageOfPage":{"@id":"https:\/\/www.mexicanguitarplayers.com\/tienda\/sin categor\u00eda\/columna-electrovoice-mod-evolve50b-gl-system\/#primaryimage"},"image":{"@id":"https:\/\/www.mexicanguitarplayers.com\/tienda\/sin categor\u00eda\/columna-electrovoice-mod-evolve50b-gl-system\/#primaryimage"},"thumbnailUrl":"https:\/\/www.mexicanguitarplayers.com\/wp-content\/uploads\/2025\/04\/IAEVOEVOL50BGL.png","datePublished":"2025-04-06T21:52:53+00:00","dateModified":"2026-02-07T01:15:20+00:00","description":"El sistema de audio Electro-Voice cuenta con ocho controladores de neodimio de 3,5 pulgadas y un subwoofer de 12 pulgadas alimentados por un amplificador de tres canales para un rendimiento de alto nivel. Con una cobertura horizontal ultra amplia de 120\u00b0 y un control de patr\u00f3n vertical asim\u00e9trico de 40\u00b0, ofrece una excepcional claridad de sonido y cobertura de audiencia. Equipado con una interfaz de usuario de perilla \u00fanica con LCD, ofrece cuatro preajustes, EQ de tres bandas, cinco preajustes programables por el usuario, retardo de salida, alimentaci\u00f3n fantasma y control de volumen maestro. No incluye Bluetooth.","breadcrumb":{"@id":"https:\/\/www.mexicanguitarplayers.com\/tienda\/sin categor\u00eda\/columna-electrovoice-mod-evolve50b-gl-system\/#breadcrumb"},"inLanguage":"en-US","potentialAction":[{"@type":"ReadAction","target":["https:\/\/www.mexicanguitarplayers.com\/tienda\/sin categor\u00eda\/columna-electrovoice-mod-evolve50b-gl-system\/"]}]},{"@type":"ImageObject","inLanguage":"en-US","@id":"https:\/\/www.mexicanguitarplayers.com\/tienda\/sin categor\u00eda\/columna-electrovoice-mod-evolve50b-gl-system\/#primaryimage","url":"https:\/\/www.mexicanguitarplayers.com\/wp-content\/uploads\/2025\/04\/IAEVOEVOL50BGL.png","contentUrl":"https:\/\/www.mexicanguitarplayers.com\/wp-content\/uploads\/2025\/04\/IAEVOEVOL50BGL.png","width":800,"height":1600},{"@type":"BreadcrumbList","@id":"https:\/\/www.mexicanguitarplayers.com\/tienda\/sin categor\u00eda\/columna-electrovoice-mod-evolve50b-gl-system\/#breadcrumb","itemListElement":[{"@type":"ListItem","position":1,"name":"Portada","item":"https:\/\/www.mexicanguitarplayers.com\/"},{"@type":"ListItem","position":2,"name":"Tienda","item":"https:\/\/www.mexicanguitarplayers.com\/tienda\/"},{"@type":"ListItem","position":3,"name":"COLUMNA ELECTROVOICE MOD. EVOLVE50B-GL SYSTEM"}]},{"@type":"WebSite","@id":"https:\/\/www.mexicanguitarplayers.com\/#website","url":"https:\/\/www.mexicanguitarplayers.com\/","name":"Mexican Guitar Players","description":"Website","publisher":{"@id":"https:\/\/www.mexicanguitarplayers.com\/#organization"},"potentialAction":[{"@type":"SearchAction","target":{"@type":"EntryPoint","urlTemplate":"https:\/\/www.mexicanguitarplayers.com\/?s={search_term_string}"},"query-input":{"@type":"PropertyValueSpecification","valueRequired":true,"valueName":"search_term_string"}}],"inLanguage":"en-US"},{"@type":"Organization","@id":"https:\/\/www.mexicanguitarplayers.com\/#organization","name":"Mexican Guitar Players","url":"https:\/\/www.mexicanguitarplayers.com\/","logo":{"@type":"ImageObject","inLanguage":"en-US","@id":"https:\/\/www.mexicanguitarplayers.com\/#\/schema\/logo\/image\/","url":"","contentUrl":"","caption":"Mexican Guitar Players"},"image":{"@id":"https:\/\/www.mexicanguitarplayers.com\/#\/schema\/logo\/image\/"}}]}},"brands":[{"id":535,"name":"ELECTROVOICE","slug":"electrovoice"}],"_links":{"self":[{"href":"https:\/\/www.mexicanguitarplayers.com\/en\/wp-json\/wp\/v2\/product\/25316","targetHints":{"allow":["GET"]}}],"collection":[{"href":"https:\/\/www.mexicanguitarplayers.com\/en\/wp-json\/wp\/v2\/product"}],"about":[{"href":"https:\/\/www.mexicanguitarplayers.com\/en\/wp-json\/wp\/v2\/types\/product"}],"replies":[{"embeddable":true,"href":"https:\/\/www.mexicanguitarplayers.com\/en\/wp-json\/wp\/v2\/comments?post=25316"}],"wp:featuredmedia":[{"embeddable":true,"href":"https:\/\/www.mexicanguitarplayers.com\/en\/wp-json\/wp\/v2\/media\/25310"}],"wp:attachment":[{"href":"https:\/\/www.mexicanguitarplayers.com\/en\/wp-json\/wp\/v2\/media?parent=25316"}],"wp:term":[{"taxonomy":"pwb-brand","embeddable":true,"href":"https:\/\/www.mexicanguitarplayers.com\/en\/wp-json\/wp\/v2\/pwb-brand?post=25316"},{"taxonomy":"product_brand","embeddable":true,"href":"https:\/\/www.mexicanguitarplayers.com\/en\/wp-json\/wp\/v2\/product_brand?post=25316"},{"taxonomy":"product_cat","embeddable":true,"href":"https:\/\/www.mexicanguitarplayers.com\/en\/wp-json\/wp\/v2\/product_cat?post=25316"},{"taxonomy":"product_tag","embeddable":true,"href":"https:\/\/www.mexicanguitarplayers.com\/en\/wp-json\/wp\/v2\/product_tag?post=25316"}],"curies":[{"name":"wp","href":"https:\/\/api.w.org\/{rel}","templated":true}]}}