{"id":25382,"date":"2025-04-06T15:59:18","date_gmt":"2025-04-06T21:59:18","guid":{"rendered":"https:\/\/www.mexicanguitarplayers.com\/tienda\/sin categor\u00eda\/pastilla-fishman-p-guitarra-pro-mat-nfv\/"},"modified":"2026-04-10T01:23:16","modified_gmt":"2026-04-10T07:23:16","slug":"pastilla-fishman-p-guitarra-pro-mat-nfv","status":"publish","type":"product","link":"https:\/\/www.mexicanguitarplayers.com\/en\/tienda\/accesorios\/para-guitarras\/pastilla-fishman-p-guitarra-pro-mat-nfv\/","title":{"rendered":"PASTILLA FISHMAN P\/GUITARRA  PRO-MAT-NFV"},"content":{"rendered":"<div style=\"text-align: justify\">\n<div>\n<h3>Sistema de preamplificaci\u00f3n y pastilla Matrix Infinity VT.<\/h3>\n<\/div>\n<div>Ajustado para funcionar a\u00fan mejor con los amplificadores modernos de guitarra ac\u00fastica, el sistema de pre amplificaci\u00f3n y pastilla Matrix Infinity VT es la \u00faltima evoluci\u00f3n de nuestra emblem\u00e1tica serie Matrix. La calidad, claridad y transparencia del tono Fishman y la respuesta din\u00e1mica de la cuerda han sido combinadas con numerosas caracter\u00edsticas nuevas y un rendimiento mejorado. Un recinto sellado redise\u00f1ado para el m\u00f3dulo de tono y volumen montado en la boca de la guitarra permite al guitarrista realizar sin esfuerzo ajustes en su sonido. El switch voicing del preamplificador ha sido reubicado y es f\u00e1cilmente accesible para que los guitarristas puedan usarlo en diferentes tipos de guitarras, opciones de amplificador, estilos de toque y situaciones de show. <\/div>\n<div>\n<h4>Quick look<\/h4>\n<\/div>\n<ul style=\"margin: 0px 0px 0px 25px\">\n<li style=\"list-style-type: circle;margin: 5px\">Formato wide.<\/li>\n<li style=\"list-style-type: circle;margin: 5px\">Formato narrow.<\/li>\n<li style=\"list-style-type: circle;margin: 5px\">Formato split.<\/li>\n<li style=\"list-style-type: circle;margin: 5px\">Formato ukelele.<\/li>\n<li style=\"list-style-type: circle;margin: 5px\">Pastilla de guitarra.<\/li>\n<li style=\"list-style-type: circle;margin: 5px\">Drums.<\/li>\n<li style=\"list-style-type: circle;margin: 5px\">Vida de la bater\u00eda.<\/li>\n<\/ul>\n<div>\n<div style=\"font-weight: bold\">Formato wide.<\/div>\n<div>\n<p>PRO-MAT-NFV.<\/p>\n<\/div>\n<div style=\"font-weight: bold\">Formato narrow.<\/div>\n<div>\n<p>PRO-MAN-NFV.<\/p>\n<\/div>\n<div style=\"font-weight: bold\">Formato split.<\/div>\n<div>\n<p>PRO-MAL-NFV.<\/p>\n<\/div>\n<div style=\"font-weight: bold\">Formato ukelele.<\/div>\n<div>\n<p>PRO-MAK-NFV.<\/p>\n<\/div>\n<div style=\"font-weight: bold\">Pastilla de guitarra.<\/div>\n<div>\n<p>Longitud de pastilla est\u00e1ndar de 2.65&#8243; (67.3 mm) que se ajustar\u00e1 a la mayor\u00eda de las guitarras con espaciado en cuerdas de 2.5&#8243; (63.5 mm).<\/p>\n<\/div>\n<div style=\"font-weight: bold\">Drums.<\/div>\n<div>\n<p>9V.<\/p>\n<\/div>\n<div style=\"font-weight: bold\">Vida de la bater\u00eda.<\/div>\n<div>\n<p>160 horas.<\/p>\n<\/div>\n<\/div>\n<\/div>","protected":false},"excerpt":{"rendered":"<p>Sistema de pre amplificaci\u00f3n y pastilla Matrix Infinity VT, formato WIDE, calidad, claridad y transparencia, respuesta din\u00e1mica, rendimiento mejorado, m\u00f3dulo de tono y volumen montado en la boca de la guitarra, pastilla undersaddle Acoustic Matrix, preamp montado en jack Endpin en una carcasa suave de nuevo dise\u00f1o, caja redise\u00f1ada para montar controles de volumen y tono en la boca de la guitarra, control de tonos Scoop para reducir medios mientras aumenta agudos y graves, indicador LED de baja bater\u00eda, hardware de montaje y botones de tahal\u00ed cromados, conexiones sin soldadura, disponible tambi\u00e9n en formatos narrow, split saddle y ukulele, adecuado para nylon, 12 cuerdas y bajos, se recomienda instalaci\u00f3n profesional.&hellip; <a class=\"kt-excerpt-readmore more-link\" href=\"https:\/\/www.mexicanguitarplayers.com\/en\/tienda\/accesorios\/para-guitarras\/pastilla-fishman-p-guitarra-pro-mat-nfv\/\">Read more<\/a><\/p>","protected":false},"featured_media":25381,"comment_status":"open","ping_status":"closed","template":"","meta":{"kt_blocks_editor_width":""},"pwb-brand":[248],"product_brand":[],"product_cat":[85,336],"product_tag":[],"class_list":{"0":"post-25382","1":"product","2":"type-product","3":"status-publish","4":"has-post-thumbnail","6":"pwb-brand-fishman","7":"product_cat-accesorios","8":"product_cat-para-guitarras","9":"product_shipping_class-0-5-kg","11":"first","12":"outofstock","13":"taxable","14":"shipping-taxable","15":"purchasable","16":"product-type-simple"},"yoast_head":"<!-- This site is optimized with the Yoast SEO plugin v27.6 - https:\/\/yoast.com\/product\/yoast-seo-wordpress\/ -->\n<title>PASTILLA FISHMAN P\/GUITARRA PRO-MAT-NFV - Mexican Guitar Players<\/title>\n<meta name=\"description\" content=\"Sistema de pre amplificaci\u00f3n y pastilla Matrix Infinity VT, formato WIDE, calidad, claridad y transparencia, respuesta din\u00e1mica, rendimiento mejorado, m\u00f3dulo de tono y volumen montado en la boca de la guitarra, pastilla undersaddle Acoustic Matrix, preamp montado en jack Endpin en una carcasa suave de nuevo dise\u00f1o, caja redise\u00f1ada para montar controles de volumen y tono en la boca de la guitarra, control de tonos Scoop para reducir medios mientras aumenta agudos y graves, indicador LED de baja bater\u00eda, hardware de montaje y botones de tahal\u00ed cromados, conexiones sin soldadura, disponible tambi\u00e9n en formatos narrow, split saddle y ukulele, adecuado para nylon, 12 cuerdas y bajos, se recomienda instalaci\u00f3n profesional.\" \/>\n<meta name=\"robots\" content=\"index, follow, max-snippet:-1, max-image-preview:large, max-video-preview:-1\" \/>\n<link rel=\"canonical\" href=\"https:\/\/www.mexicanguitarplayers.com\/en\/tienda\/sin%20categor\u00eda\/pastilla-fishman-p-guitarra-pro-mat-nfv\/\" \/>\n<meta property=\"og:locale\" content=\"en_US\" \/>\n<meta property=\"og:type\" content=\"article\" \/>\n<meta property=\"og:title\" content=\"PASTILLA FISHMAN P\/GUITARRA PRO-MAT-NFV - Mexican Guitar Players\" \/>\n<meta property=\"og:description\" content=\"Sistema de pre amplificaci\u00f3n y pastilla Matrix Infinity VT, formato WIDE, calidad, claridad y transparencia, respuesta din\u00e1mica, rendimiento mejorado, m\u00f3dulo de tono y volumen montado en la boca de la guitarra, pastilla undersaddle Acoustic Matrix, preamp montado en jack Endpin en una carcasa suave de nuevo dise\u00f1o, caja redise\u00f1ada para montar controles de volumen y tono en la boca de la guitarra, control de tonos Scoop para reducir medios mientras aumenta agudos y graves, indicador LED de baja bater\u00eda, hardware de montaje y botones de tahal\u00ed cromados, conexiones sin soldadura, disponible tambi\u00e9n en formatos narrow, split saddle y ukulele, adecuado para nylon, 12 cuerdas y bajos, se recomienda instalaci\u00f3n profesional.\" \/>\n<meta property=\"og:url\" content=\"https:\/\/www.mexicanguitarplayers.com\/en\/tienda\/sin categor\u00eda\/pastilla-fishman-p-guitarra-pro-mat-nfv\/\" \/>\n<meta property=\"og:site_name\" content=\"Mexican Guitar Players\" \/>\n<meta property=\"article:modified_time\" content=\"2026-04-10T07:23:16+00:00\" \/>\n<meta name=\"twitter:card\" content=\"summary_large_image\" \/>\n<meta name=\"twitter:label1\" content=\"Est. reading time\" \/>\n\t<meta name=\"twitter:data1\" content=\"1 minute\" \/>\n<script type=\"application\/ld+json\" class=\"yoast-schema-graph\">{\"@context\":\"https:\\\/\\\/schema.org\",\"@graph\":[{\"@type\":[\"WebPage\",\"ItemPage\"],\"@id\":\"https:\\\/\\\/www.mexicanguitarplayers.com\\\/tienda\\\/sin categor\u00eda\\\/pastilla-fishman-p-guitarra-pro-mat-nfv\\\/\",\"url\":\"https:\\\/\\\/www.mexicanguitarplayers.com\\\/tienda\\\/sin categor\u00eda\\\/pastilla-fishman-p-guitarra-pro-mat-nfv\\\/\",\"name\":\"PASTILLA FISHMAN P\\\/GUITARRA PRO-MAT-NFV - Mexican Guitar Players\",\"isPartOf\":{\"@id\":\"https:\\\/\\\/www.mexicanguitarplayers.com\\\/#website\"},\"primaryImageOfPage\":{\"@id\":\"https:\\\/\\\/www.mexicanguitarplayers.com\\\/tienda\\\/sin categor\u00eda\\\/pastilla-fishman-p-guitarra-pro-mat-nfv\\\/#primaryimage\"},\"image\":{\"@id\":\"https:\\\/\\\/www.mexicanguitarplayers.com\\\/tienda\\\/sin categor\u00eda\\\/pastilla-fishman-p-guitarra-pro-mat-nfv\\\/#primaryimage\"},\"thumbnailUrl\":\"https:\\\/\\\/www.mexicanguitarplayers.com\\\/wp-content\\\/uploads\\\/2025\\\/04\\\/RAFISPROMATNFV.jpg\",\"datePublished\":\"2025-04-06T21:59:18+00:00\",\"dateModified\":\"2026-04-10T07:23:16+00:00\",\"description\":\"Sistema de pre amplificaci\u00f3n y pastilla Matrix Infinity VT, formato WIDE, calidad, claridad y transparencia, respuesta din\u00e1mica, rendimiento mejorado, m\u00f3dulo de tono y volumen montado en la boca de la guitarra, pastilla undersaddle Acoustic Matrix, preamp montado en jack Endpin en una carcasa suave de nuevo dise\u00f1o, caja redise\u00f1ada para montar controles de volumen y tono en la boca de la guitarra, control de tonos Scoop para reducir medios mientras aumenta agudos y graves, indicador LED de baja bater\u00eda, hardware de montaje y botones de tahal\u00ed cromados, conexiones sin soldadura, disponible tambi\u00e9n en formatos narrow, split saddle y ukulele, adecuado para nylon, 12 cuerdas y bajos, se recomienda instalaci\u00f3n profesional.\",\"breadcrumb\":{\"@id\":\"https:\\\/\\\/www.mexicanguitarplayers.com\\\/tienda\\\/sin categor\u00eda\\\/pastilla-fishman-p-guitarra-pro-mat-nfv\\\/#breadcrumb\"},\"inLanguage\":\"en-US\",\"potentialAction\":[{\"@type\":\"ReadAction\",\"target\":[\"https:\\\/\\\/www.mexicanguitarplayers.com\\\/tienda\\\/sin categor\u00eda\\\/pastilla-fishman-p-guitarra-pro-mat-nfv\\\/\"]}]},{\"@type\":\"ImageObject\",\"inLanguage\":\"en-US\",\"@id\":\"https:\\\/\\\/www.mexicanguitarplayers.com\\\/tienda\\\/sin categor\u00eda\\\/pastilla-fishman-p-guitarra-pro-mat-nfv\\\/#primaryimage\",\"url\":\"https:\\\/\\\/www.mexicanguitarplayers.com\\\/wp-content\\\/uploads\\\/2025\\\/04\\\/RAFISPROMATNFV.jpg\",\"contentUrl\":\"https:\\\/\\\/www.mexicanguitarplayers.com\\\/wp-content\\\/uploads\\\/2025\\\/04\\\/RAFISPROMATNFV.jpg\",\"width\":1200,\"height\":1200},{\"@type\":\"BreadcrumbList\",\"@id\":\"https:\\\/\\\/www.mexicanguitarplayers.com\\\/tienda\\\/sin categor\u00eda\\\/pastilla-fishman-p-guitarra-pro-mat-nfv\\\/#breadcrumb\",\"itemListElement\":[{\"@type\":\"ListItem\",\"position\":1,\"name\":\"Portada\",\"item\":\"https:\\\/\\\/www.mexicanguitarplayers.com\\\/\"},{\"@type\":\"ListItem\",\"position\":2,\"name\":\"Tienda\",\"item\":\"https:\\\/\\\/www.mexicanguitarplayers.com\\\/tienda\\\/\"},{\"@type\":\"ListItem\",\"position\":3,\"name\":\"PASTILLA FISHMAN P\\\/GUITARRA PRO-MAT-NFV\"}]},{\"@type\":\"WebSite\",\"@id\":\"https:\\\/\\\/www.mexicanguitarplayers.com\\\/#website\",\"url\":\"https:\\\/\\\/www.mexicanguitarplayers.com\\\/\",\"name\":\"Mexican Guitar Players\",\"description\":\"Website\",\"publisher\":{\"@id\":\"https:\\\/\\\/www.mexicanguitarplayers.com\\\/#organization\"},\"potentialAction\":[{\"@type\":\"SearchAction\",\"target\":{\"@type\":\"EntryPoint\",\"urlTemplate\":\"https:\\\/\\\/www.mexicanguitarplayers.com\\\/?s={search_term_string}\"},\"query-input\":{\"@type\":\"PropertyValueSpecification\",\"valueRequired\":true,\"valueName\":\"search_term_string\"}}],\"inLanguage\":\"en-US\"},{\"@type\":\"Organization\",\"@id\":\"https:\\\/\\\/www.mexicanguitarplayers.com\\\/#organization\",\"name\":\"Mexican Guitar Players\",\"url\":\"https:\\\/\\\/www.mexicanguitarplayers.com\\\/\",\"logo\":{\"@type\":\"ImageObject\",\"inLanguage\":\"en-US\",\"@id\":\"https:\\\/\\\/www.mexicanguitarplayers.com\\\/#\\\/schema\\\/logo\\\/image\\\/\",\"url\":\"\",\"contentUrl\":\"\",\"caption\":\"Mexican Guitar Players\"},\"image\":{\"@id\":\"https:\\\/\\\/www.mexicanguitarplayers.com\\\/#\\\/schema\\\/logo\\\/image\\\/\"}}]}<\/script>\n<!-- \/ Yoast SEO plugin. -->","yoast_head_json":{"title":"PASTILLA FISHMAN P\/GUITARRA PRO-MAT-NFV - Mexican Guitar Players","description":"Sistema de pre amplificaci\u00f3n y pastilla Matrix Infinity VT, formato WIDE, calidad, claridad y transparencia, respuesta din\u00e1mica, rendimiento mejorado, m\u00f3dulo de tono y volumen montado en la boca de la guitarra, pastilla undersaddle Acoustic Matrix, preamp montado en jack Endpin en una carcasa suave de nuevo dise\u00f1o, caja redise\u00f1ada para montar controles de volumen y tono en la boca de la guitarra, control de tonos Scoop para reducir medios mientras aumenta agudos y graves, indicador LED de baja bater\u00eda, hardware de montaje y botones de tahal\u00ed cromados, conexiones sin soldadura, disponible tambi\u00e9n en formatos narrow, split saddle y ukulele, adecuado para nylon, 12 cuerdas y bajos, se recomienda instalaci\u00f3n profesional.","robots":{"index":"index","follow":"follow","max-snippet":"max-snippet:-1","max-image-preview":"max-image-preview:large","max-video-preview":"max-video-preview:-1"},"canonical":"https:\/\/www.mexicanguitarplayers.com\/en\/tienda\/sin categor\u00eda\/pastilla-fishman-p-guitarra-pro-mat-nfv\/","og_locale":"en_US","og_type":"article","og_title":"PASTILLA FISHMAN P\/GUITARRA PRO-MAT-NFV - Mexican Guitar Players","og_description":"Sistema de pre amplificaci\u00f3n y pastilla Matrix Infinity VT, formato WIDE, calidad, claridad y transparencia, respuesta din\u00e1mica, rendimiento mejorado, m\u00f3dulo de tono y volumen montado en la boca de la guitarra, pastilla undersaddle Acoustic Matrix, preamp montado en jack Endpin en una carcasa suave de nuevo dise\u00f1o, caja redise\u00f1ada para montar controles de volumen y tono en la boca de la guitarra, control de tonos Scoop para reducir medios mientras aumenta agudos y graves, indicador LED de baja bater\u00eda, hardware de montaje y botones de tahal\u00ed cromados, conexiones sin soldadura, disponible tambi\u00e9n en formatos narrow, split saddle y ukulele, adecuado para nylon, 12 cuerdas y bajos, se recomienda instalaci\u00f3n profesional.","og_url":"https:\/\/www.mexicanguitarplayers.com\/en\/tienda\/sin categor\u00eda\/pastilla-fishman-p-guitarra-pro-mat-nfv\/","og_site_name":"Mexican Guitar Players","article_modified_time":"2026-04-10T07:23:16+00:00","twitter_card":"summary_large_image","twitter_misc":{"Est. reading time":"1 minute"},"schema":{"@context":"https:\/\/schema.org","@graph":[{"@type":["WebPage","ItemPage"],"@id":"https:\/\/www.mexicanguitarplayers.com\/tienda\/sin categor\u00eda\/pastilla-fishman-p-guitarra-pro-mat-nfv\/","url":"https:\/\/www.mexicanguitarplayers.com\/tienda\/sin categor\u00eda\/pastilla-fishman-p-guitarra-pro-mat-nfv\/","name":"PASTILLA FISHMAN P\/GUITARRA PRO-MAT-NFV - Mexican Guitar Players","isPartOf":{"@id":"https:\/\/www.mexicanguitarplayers.com\/#website"},"primaryImageOfPage":{"@id":"https:\/\/www.mexicanguitarplayers.com\/tienda\/sin categor\u00eda\/pastilla-fishman-p-guitarra-pro-mat-nfv\/#primaryimage"},"image":{"@id":"https:\/\/www.mexicanguitarplayers.com\/tienda\/sin categor\u00eda\/pastilla-fishman-p-guitarra-pro-mat-nfv\/#primaryimage"},"thumbnailUrl":"https:\/\/www.mexicanguitarplayers.com\/wp-content\/uploads\/2025\/04\/RAFISPROMATNFV.jpg","datePublished":"2025-04-06T21:59:18+00:00","dateModified":"2026-04-10T07:23:16+00:00","description":"Sistema de pre amplificaci\u00f3n y pastilla Matrix Infinity VT, formato WIDE, calidad, claridad y transparencia, respuesta din\u00e1mica, rendimiento mejorado, m\u00f3dulo de tono y volumen montado en la boca de la guitarra, pastilla undersaddle Acoustic Matrix, preamp montado en jack Endpin en una carcasa suave de nuevo dise\u00f1o, caja redise\u00f1ada para montar controles de volumen y tono en la boca de la guitarra, control de tonos Scoop para reducir medios mientras aumenta agudos y graves, indicador LED de baja bater\u00eda, hardware de montaje y botones de tahal\u00ed cromados, conexiones sin soldadura, disponible tambi\u00e9n en formatos narrow, split saddle y ukulele, adecuado para nylon, 12 cuerdas y bajos, se recomienda instalaci\u00f3n profesional.","breadcrumb":{"@id":"https:\/\/www.mexicanguitarplayers.com\/tienda\/sin categor\u00eda\/pastilla-fishman-p-guitarra-pro-mat-nfv\/#breadcrumb"},"inLanguage":"en-US","potentialAction":[{"@type":"ReadAction","target":["https:\/\/www.mexicanguitarplayers.com\/tienda\/sin categor\u00eda\/pastilla-fishman-p-guitarra-pro-mat-nfv\/"]}]},{"@type":"ImageObject","inLanguage":"en-US","@id":"https:\/\/www.mexicanguitarplayers.com\/tienda\/sin categor\u00eda\/pastilla-fishman-p-guitarra-pro-mat-nfv\/#primaryimage","url":"https:\/\/www.mexicanguitarplayers.com\/wp-content\/uploads\/2025\/04\/RAFISPROMATNFV.jpg","contentUrl":"https:\/\/www.mexicanguitarplayers.com\/wp-content\/uploads\/2025\/04\/RAFISPROMATNFV.jpg","width":1200,"height":1200},{"@type":"BreadcrumbList","@id":"https:\/\/www.mexicanguitarplayers.com\/tienda\/sin categor\u00eda\/pastilla-fishman-p-guitarra-pro-mat-nfv\/#breadcrumb","itemListElement":[{"@type":"ListItem","position":1,"name":"Portada","item":"https:\/\/www.mexicanguitarplayers.com\/"},{"@type":"ListItem","position":2,"name":"Tienda","item":"https:\/\/www.mexicanguitarplayers.com\/tienda\/"},{"@type":"ListItem","position":3,"name":"PASTILLA FISHMAN P\/GUITARRA PRO-MAT-NFV"}]},{"@type":"WebSite","@id":"https:\/\/www.mexicanguitarplayers.com\/#website","url":"https:\/\/www.mexicanguitarplayers.com\/","name":"Mexican Guitar Players","description":"Website","publisher":{"@id":"https:\/\/www.mexicanguitarplayers.com\/#organization"},"potentialAction":[{"@type":"SearchAction","target":{"@type":"EntryPoint","urlTemplate":"https:\/\/www.mexicanguitarplayers.com\/?s={search_term_string}"},"query-input":{"@type":"PropertyValueSpecification","valueRequired":true,"valueName":"search_term_string"}}],"inLanguage":"en-US"},{"@type":"Organization","@id":"https:\/\/www.mexicanguitarplayers.com\/#organization","name":"Mexican Guitar Players","url":"https:\/\/www.mexicanguitarplayers.com\/","logo":{"@type":"ImageObject","inLanguage":"en-US","@id":"https:\/\/www.mexicanguitarplayers.com\/#\/schema\/logo\/image\/","url":"","contentUrl":"","caption":"Mexican Guitar Players"},"image":{"@id":"https:\/\/www.mexicanguitarplayers.com\/#\/schema\/logo\/image\/"}}]}},"brands":[{"id":248,"name":"FISHMAN","slug":"fishman"}],"_links":{"self":[{"href":"https:\/\/www.mexicanguitarplayers.com\/en\/wp-json\/wp\/v2\/product\/25382","targetHints":{"allow":["GET"]}}],"collection":[{"href":"https:\/\/www.mexicanguitarplayers.com\/en\/wp-json\/wp\/v2\/product"}],"about":[{"href":"https:\/\/www.mexicanguitarplayers.com\/en\/wp-json\/wp\/v2\/types\/product"}],"replies":[{"embeddable":true,"href":"https:\/\/www.mexicanguitarplayers.com\/en\/wp-json\/wp\/v2\/comments?post=25382"}],"wp:featuredmedia":[{"embeddable":true,"href":"https:\/\/www.mexicanguitarplayers.com\/en\/wp-json\/wp\/v2\/media\/25381"}],"wp:attachment":[{"href":"https:\/\/www.mexicanguitarplayers.com\/en\/wp-json\/wp\/v2\/media?parent=25382"}],"wp:term":[{"taxonomy":"pwb-brand","embeddable":true,"href":"https:\/\/www.mexicanguitarplayers.com\/en\/wp-json\/wp\/v2\/pwb-brand?post=25382"},{"taxonomy":"product_brand","embeddable":true,"href":"https:\/\/www.mexicanguitarplayers.com\/en\/wp-json\/wp\/v2\/product_brand?post=25382"},{"taxonomy":"product_cat","embeddable":true,"href":"https:\/\/www.mexicanguitarplayers.com\/en\/wp-json\/wp\/v2\/product_cat?post=25382"},{"taxonomy":"product_tag","embeddable":true,"href":"https:\/\/www.mexicanguitarplayers.com\/en\/wp-json\/wp\/v2\/product_tag?post=25382"}],"curies":[{"name":"wp","href":"https:\/\/api.w.org\/{rel}","templated":true}]}}