{"id":25443,"date":"2025-04-06T16:04:39","date_gmt":"2025-04-06T22:04:39","guid":{"rendered":"https:\/\/www.mexicanguitarplayers.com\/tienda\/sin categor\u00eda\/bajo-schecter-electrico-omen-extreme-4\/"},"modified":"2026-05-01T07:29:18","modified_gmt":"2026-05-01T13:29:18","slug":"bajo-schecter-electrico-omen-extreme-4","status":"publish","type":"product","link":"https:\/\/www.mexicanguitarplayers.com\/en\/tienda\/cuerdas\/bajos\/electricos\/electricos-activos\/bajo-schecter-electrico-omen-extreme-4\/","title":{"rendered":"BAJO SCHECTER ELECTRICO OMEN EXTREME 4"},"content":{"rendered":"<div style=\"text-align: justify\">\n<div>\n<h3>Sonido en serio.<\/h3>\n<\/div>\n<div>Las colecciones Omen y Omen Extreme no deben tomarse a la ligera. Con cuerpo de caoba (parte superior de maple acolchado en la Extreme), pastillas Schecter Diamond Plus y equipada con tal\u00f3n contorneado, estas guitarras pueden embalar un punch serio mientras que siguen siendo extremadamente vers\u00e1tiles.<\/div>\n<div>\n<h4>Quick look<\/h4>\n<\/div>\n<ul style=\"margin: 0px 0px 0px 25px\">\n<li style=\"list-style-type: circle;margin: 5px\">Kind.<\/li>\n<li style=\"list-style-type: circle;margin: 5px\">Cuerpo.<\/li>\n<li style=\"list-style-type: circle;margin: 5px\">Material de la tapa.<\/li>\n<li style=\"list-style-type: circle;margin: 5px\">Contorno de la tapa.<\/li>\n<li style=\"list-style-type: circle;margin: 5px\">Arm.<\/li>\n<li style=\"list-style-type: circle;margin: 5px\">Diapason.<\/li>\n<li style=\"list-style-type: circle;margin: 5px\">Scale.<\/li>\n<li style=\"list-style-type: circle;margin: 5px\">Uni\u00f3n.<\/li>\n<li style=\"list-style-type: circle;margin: 5px\">Scale.<\/li>\n<li style=\"list-style-type: circle;margin: 5px\">Frets<\/li>\n<li style=\"list-style-type: circle;margin: 5px\">Radio del diapas\u00f3n.<\/li>\n<li style=\"list-style-type: circle;margin: 5px\">Forma del brazo.<\/li>\n<li style=\"list-style-type: circle;margin: 5px\">Espesor.<\/li>\n<li style=\"list-style-type: circle;margin: 5px\">Cejuela<\/li>\n<li style=\"list-style-type: circle;margin: 5px\">Ancho de la cejuela.<\/li>\n<li style=\"list-style-type: circle;margin: 5px\">Soul.<\/li>\n<li style=\"list-style-type: circle;margin: 5px\">Tablets<\/li>\n<li style=\"list-style-type: circle;margin: 5px\">Controls<\/li>\n<li style=\"list-style-type: circle;margin: 5px\">Compartimento de la bater\u00eda.<\/li>\n<li style=\"list-style-type: circle;margin: 5px\">Hardware.<\/li>\n<li style=\"list-style-type: circle;margin: 5px\">Bridge.<\/li>\n<li style=\"list-style-type: circle;margin: 5px\">Machinery.<\/li>\n<li style=\"list-style-type: circle;margin: 5px\">Perillas.<\/li>\n<li style=\"list-style-type: circle;margin: 5px\">Construcci\u00f3n.<\/li>\n<\/ul>\n<div>\n<div style=\"font-weight: bold\">Kind.<\/div>\n<div>\n<p>Bajo el\u00e9ctrico activo.<\/p>\n<\/div>\n<div style=\"font-weight: bold\">Cuerpo.<\/div>\n<div>\n<p>Mahogany.<\/p>\n<\/div>\n<div style=\"font-weight: bold\">Material de la tapa.<\/div>\n<div>\n<p>Flamed maple.<\/p>\n<\/div>\n<div style=\"font-weight: bold\">Contorno de la tapa.<\/div>\n<div>\n<p>Tapa arqueada.<\/p>\n<\/div>\n<div style=\"font-weight: bold\">Arm.<\/div>\n<div>\n<p>Maple.<\/p>\n<\/div>\n<div style=\"font-weight: bold\">Diapason.<\/div>\n<div>\n<p>Rosewood.<\/p>\n<\/div>\n<div style=\"font-weight: bold\">Scale.<\/div>\n<div>\n<p>Vector de abalone y pearloid.<\/p>\n<\/div>\n<div style=\"font-weight: bold\">Uni\u00f3n.<\/div>\n<div>\n<p>Cr\u00e8me multicapa.<\/p>\n<\/div>\n<div style=\"font-weight: bold\">Scale.<\/div>\n<div>\n<p>34\u201d (863 mm).<\/p>\n<\/div>\n<div style=\"font-weight: bold\">Frets<\/div>\n<div>\n<p>24 trastes x-jumbo.<\/p>\n<\/div>\n<div style=\"font-weight: bold\">Radio del diapas\u00f3n.<\/div>\n<div>\n<p>16\u201d (406 mm).<\/p>\n<\/div>\n<div style=\"font-weight: bold\">Forma del brazo.<\/div>\n<div>\n<p>C thin.<\/p>\n<\/div>\n<div style=\"font-weight: bold\">Espesor.<\/div>\n<div>\n<p>At the 1st fret: .787 \u201d(20mm) and at the 12th fret: .866\u201d (22mm).<\/p>\n<\/div>\n<div style=\"font-weight: bold\">Cejuela<\/div>\n<div>\n<p>Graph Tech XL Black Tusq.<\/p>\n<\/div>\n<div style=\"font-weight: bold\">Ancho de la cejuela.<\/div>\n<div>\n<p>1.496\u201d (38 mm).<\/p>\n<\/div>\n<div style=\"font-weight: bold\">Soul.<\/div>\n<div>\n<p>Alma de 2 v\u00edas ajustable con tuerca Allen de 5\/32\u201d (4 mm).<\/p>\n<\/div>\n<div style=\"font-weight: bold\">Tablets<\/div>\n<div>\n<p>Puente: Schecter Diamond Bass. Brazo: Schecter Diamond Bass.<\/p>\n<\/div>\n<div style=\"font-weight: bold\">Controls<\/div>\n<div>\n<p>2 vol\u00famenes y ecualizador activo de 2 bandas.<\/p>\n<\/div>\n<div style=\"font-weight: bold\">Compartimento de la bater\u00eda.<\/div>\n<div>\n<p>9V.<\/p>\n<\/div>\n<div style=\"font-weight: bold\">Hardware.<\/div>\n<div>\n<p>Cromado negro.<\/p>\n<\/div>\n<div style=\"font-weight: bold\">Bridge.<\/div>\n<div>\n<p>Diamond Bass.<\/p>\n<\/div>\n<div style=\"font-weight: bold\">Machinery.<\/div>\n<div>\n<p>Schecter.<\/p>\n<\/div>\n<div style=\"font-weight: bold\">Perillas.<\/div>\n<div>\n<p>Perillas de metal moleteado con tornillo de ajuste.<\/p>\n<\/div>\n<div style=\"font-weight: bold\">Construcci\u00f3n.<\/div>\n<div>\n<p>6 Bolt-on.<\/p>\n<\/div>\n<\/div>\n<\/div>","protected":false},"excerpt":{"rendered":"<p>Bajo el\u00e9ctrico activo de 4 cuerdas, cuerpo de caoba, tapa arqueada de maple flameado, brazo C delgado de maple, diapas\u00f3n de palo de rosa, incrustaciones: vector de abalone y pearloid, uni\u00f3n: cr\u00e8me multicapa, escala: 34\u201d (863 mm), 24 trastes x-jumbo, cejuela Graph Tech XL Black Tusq de 1.496\u201d (38 mm) de ancho, alma de 2 v\u00edas ajustable con tuerca Allen de 5\/32\u201d (4 mm), pastilla del puente: Schecter Diamond Bass, pastilla del brazo: Schecter Diamond Bass, 2 vol\u00famenes y ecualizador activo de 2 bandas, compartimento de la bater\u00eda: 9V, hardware cromado negro, puente Diamond Bass, maquinaria Schecter, perillas de metal moleteado con tornillo de ajuste, construcci\u00f3n: 6 Bolt-on.&hellip; <a class=\"kt-excerpt-readmore more-link\" href=\"https:\/\/www.mexicanguitarplayers.com\/en\/tienda\/cuerdas\/bajos\/electricos\/electricos-activos\/bajo-schecter-electrico-omen-extreme-4\/\">Read more<\/a><\/p>","protected":false},"featured_media":25437,"comment_status":"open","ping_status":"closed","template":"","meta":{"kt_blocks_editor_width":""},"pwb-brand":[175],"product_brand":[],"product_cat":[317,224,318,326],"product_tag":[],"class_list":{"0":"post-25443","1":"product","2":"type-product","3":"status-publish","4":"has-post-thumbnail","6":"pwb-brand-schecter","7":"product_cat-bajos","8":"product_cat-cuerdas","9":"product_cat-electricos","10":"product_cat-electricos-activos","11":"product_shipping_class-0-5-kg","13":"first","14":"instock","15":"taxable","16":"shipping-taxable","17":"purchasable","18":"product-type-simple"},"yoast_head":"<!-- This site is optimized with the Yoast SEO plugin v27.5 - https:\/\/yoast.com\/product\/yoast-seo-wordpress\/ -->\n<title>BAJO SCHECTER ELECTRICO OMEN EXTREME 4 - Mexican Guitar Players<\/title>\n<meta name=\"description\" content=\"Bajo el\u00e9ctrico activo de 4 cuerdas, cuerpo de caoba, tapa arqueada de maple flameado, brazo C delgado de maple, diapas\u00f3n de palo de rosa, incrustaciones: vector de abalone y pearloid, uni\u00f3n: cr\u00e8me multicapa, escala: 34\u201d (863 mm), 24 trastes x-jumbo, cejuela Graph Tech XL Black Tusq de 1.496\u201d (38 mm) de ancho, alma de 2 v\u00edas ajustable con tuerca Allen de 5\/32\u201d (4 mm), pastilla del puente: Schecter Diamond Bass, pastilla del brazo: Schecter Diamond Bass, 2 vol\u00famenes y ecualizador activo de 2 bandas, compartimento de la bater\u00eda: 9V, hardware cromado negro, puente Diamond Bass, maquinaria Schecter, perillas de metal moleteado con tornillo de ajuste, construcci\u00f3n: 6 Bolt-on.\" \/>\n<meta name=\"robots\" content=\"index, follow, max-snippet:-1, max-image-preview:large, max-video-preview:-1\" \/>\n<link rel=\"canonical\" href=\"https:\/\/www.mexicanguitarplayers.com\/en\/tienda\/sin%20categor\u00eda\/bajo-schecter-electrico-omen-extreme-4\/\" \/>\n<meta property=\"og:locale\" content=\"en_US\" \/>\n<meta property=\"og:type\" content=\"article\" \/>\n<meta property=\"og:title\" content=\"BAJO SCHECTER ELECTRICO OMEN EXTREME 4 - Mexican Guitar Players\" \/>\n<meta property=\"og:description\" content=\"Bajo el\u00e9ctrico activo de 4 cuerdas, cuerpo de caoba, tapa arqueada de maple flameado, brazo C delgado de maple, diapas\u00f3n de palo de rosa, incrustaciones: vector de abalone y pearloid, uni\u00f3n: cr\u00e8me multicapa, escala: 34\u201d (863 mm), 24 trastes x-jumbo, cejuela Graph Tech XL Black Tusq de 1.496\u201d (38 mm) de ancho, alma de 2 v\u00edas ajustable con tuerca Allen de 5\/32\u201d (4 mm), pastilla del puente: Schecter Diamond Bass, pastilla del brazo: Schecter Diamond Bass, 2 vol\u00famenes y ecualizador activo de 2 bandas, compartimento de la bater\u00eda: 9V, hardware cromado negro, puente Diamond Bass, maquinaria Schecter, perillas de metal moleteado con tornillo de ajuste, construcci\u00f3n: 6 Bolt-on.\" \/>\n<meta property=\"og:url\" content=\"https:\/\/www.mexicanguitarplayers.com\/en\/tienda\/sin categor\u00eda\/bajo-schecter-electrico-omen-extreme-4\/\" \/>\n<meta property=\"og:site_name\" content=\"Mexican Guitar Players\" \/>\n<meta property=\"article:modified_time\" content=\"2026-05-01T13:29:18+00:00\" \/>\n<meta name=\"twitter:card\" content=\"summary_large_image\" \/>\n<meta name=\"twitter:label1\" content=\"Est. reading time\" \/>\n\t<meta name=\"twitter:data1\" content=\"1 minute\" \/>\n<script type=\"application\/ld+json\" class=\"yoast-schema-graph\">{\"@context\":\"https:\\\/\\\/schema.org\",\"@graph\":[{\"@type\":[\"WebPage\",\"ItemPage\"],\"@id\":\"https:\\\/\\\/www.mexicanguitarplayers.com\\\/tienda\\\/sin categor\u00eda\\\/bajo-schecter-electrico-omen-extreme-4\\\/\",\"url\":\"https:\\\/\\\/www.mexicanguitarplayers.com\\\/tienda\\\/sin categor\u00eda\\\/bajo-schecter-electrico-omen-extreme-4\\\/\",\"name\":\"BAJO SCHECTER ELECTRICO OMEN EXTREME 4 - Mexican Guitar Players\",\"isPartOf\":{\"@id\":\"https:\\\/\\\/www.mexicanguitarplayers.com\\\/#website\"},\"primaryImageOfPage\":{\"@id\":\"https:\\\/\\\/www.mexicanguitarplayers.com\\\/tienda\\\/sin categor\u00eda\\\/bajo-schecter-electrico-omen-extreme-4\\\/#primaryimage\"},\"image\":{\"@id\":\"https:\\\/\\\/www.mexicanguitarplayers.com\\\/tienda\\\/sin categor\u00eda\\\/bajo-schecter-electrico-omen-extreme-4\\\/#primaryimage\"},\"thumbnailUrl\":\"https:\\\/\\\/www.mexicanguitarplayers.com\\\/wp-content\\\/uploads\\\/2025\\\/04\\\/ISSCCOMENEXT4.jpg\",\"datePublished\":\"2025-04-06T22:04:39+00:00\",\"dateModified\":\"2026-05-01T13:29:18+00:00\",\"description\":\"Bajo el\u00e9ctrico activo de 4 cuerdas, cuerpo de caoba, tapa arqueada de maple flameado, brazo C delgado de maple, diapas\u00f3n de palo de rosa, incrustaciones: vector de abalone y pearloid, uni\u00f3n: cr\u00e8me multicapa, escala: 34\u201d (863 mm), 24 trastes x-jumbo, cejuela Graph Tech XL Black Tusq de 1.496\u201d (38 mm) de ancho, alma de 2 v\u00edas ajustable con tuerca Allen de 5\\\/32\u201d (4 mm), pastilla del puente: Schecter Diamond Bass, pastilla del brazo: Schecter Diamond Bass, 2 vol\u00famenes y ecualizador activo de 2 bandas, compartimento de la bater\u00eda: 9V, hardware cromado negro, puente Diamond Bass, maquinaria Schecter, perillas de metal moleteado con tornillo de ajuste, construcci\u00f3n: 6 Bolt-on.\",\"breadcrumb\":{\"@id\":\"https:\\\/\\\/www.mexicanguitarplayers.com\\\/tienda\\\/sin categor\u00eda\\\/bajo-schecter-electrico-omen-extreme-4\\\/#breadcrumb\"},\"inLanguage\":\"en-US\",\"potentialAction\":[{\"@type\":\"ReadAction\",\"target\":[\"https:\\\/\\\/www.mexicanguitarplayers.com\\\/tienda\\\/sin categor\u00eda\\\/bajo-schecter-electrico-omen-extreme-4\\\/\"]}]},{\"@type\":\"ImageObject\",\"inLanguage\":\"en-US\",\"@id\":\"https:\\\/\\\/www.mexicanguitarplayers.com\\\/tienda\\\/sin categor\u00eda\\\/bajo-schecter-electrico-omen-extreme-4\\\/#primaryimage\",\"url\":\"https:\\\/\\\/www.mexicanguitarplayers.com\\\/wp-content\\\/uploads\\\/2025\\\/04\\\/ISSCCOMENEXT4.jpg\",\"contentUrl\":\"https:\\\/\\\/www.mexicanguitarplayers.com\\\/wp-content\\\/uploads\\\/2025\\\/04\\\/ISSCCOMENEXT4.jpg\",\"width\":800,\"height\":1600},{\"@type\":\"BreadcrumbList\",\"@id\":\"https:\\\/\\\/www.mexicanguitarplayers.com\\\/tienda\\\/sin categor\u00eda\\\/bajo-schecter-electrico-omen-extreme-4\\\/#breadcrumb\",\"itemListElement\":[{\"@type\":\"ListItem\",\"position\":1,\"name\":\"Portada\",\"item\":\"https:\\\/\\\/www.mexicanguitarplayers.com\\\/\"},{\"@type\":\"ListItem\",\"position\":2,\"name\":\"Tienda\",\"item\":\"https:\\\/\\\/www.mexicanguitarplayers.com\\\/tienda\\\/\"},{\"@type\":\"ListItem\",\"position\":3,\"name\":\"BAJO SCHECTER ELECTRICO OMEN EXTREME 4\"}]},{\"@type\":\"WebSite\",\"@id\":\"https:\\\/\\\/www.mexicanguitarplayers.com\\\/#website\",\"url\":\"https:\\\/\\\/www.mexicanguitarplayers.com\\\/\",\"name\":\"Mexican Guitar Players\",\"description\":\"Website\",\"publisher\":{\"@id\":\"https:\\\/\\\/www.mexicanguitarplayers.com\\\/#organization\"},\"potentialAction\":[{\"@type\":\"SearchAction\",\"target\":{\"@type\":\"EntryPoint\",\"urlTemplate\":\"https:\\\/\\\/www.mexicanguitarplayers.com\\\/?s={search_term_string}\"},\"query-input\":{\"@type\":\"PropertyValueSpecification\",\"valueRequired\":true,\"valueName\":\"search_term_string\"}}],\"inLanguage\":\"en-US\"},{\"@type\":\"Organization\",\"@id\":\"https:\\\/\\\/www.mexicanguitarplayers.com\\\/#organization\",\"name\":\"Mexican Guitar Players\",\"url\":\"https:\\\/\\\/www.mexicanguitarplayers.com\\\/\",\"logo\":{\"@type\":\"ImageObject\",\"inLanguage\":\"en-US\",\"@id\":\"https:\\\/\\\/www.mexicanguitarplayers.com\\\/#\\\/schema\\\/logo\\\/image\\\/\",\"url\":\"\",\"contentUrl\":\"\",\"caption\":\"Mexican Guitar Players\"},\"image\":{\"@id\":\"https:\\\/\\\/www.mexicanguitarplayers.com\\\/#\\\/schema\\\/logo\\\/image\\\/\"}}]}<\/script>\n<!-- \/ Yoast SEO plugin. -->","yoast_head_json":{"title":"BAJO SCHECTER ELECTRICO OMEN EXTREME 4 - Mexican Guitar Players","description":"Bajo el\u00e9ctrico activo de 4 cuerdas, cuerpo de caoba, tapa arqueada de maple flameado, brazo C delgado de maple, diapas\u00f3n de palo de rosa, incrustaciones: vector de abalone y pearloid, uni\u00f3n: cr\u00e8me multicapa, escala: 34\u201d (863 mm), 24 trastes x-jumbo, cejuela Graph Tech XL Black Tusq de 1.496\u201d (38 mm) de ancho, alma de 2 v\u00edas ajustable con tuerca Allen de 5\/32\u201d (4 mm), pastilla del puente: Schecter Diamond Bass, pastilla del brazo: Schecter Diamond Bass, 2 vol\u00famenes y ecualizador activo de 2 bandas, compartimento de la bater\u00eda: 9V, hardware cromado negro, puente Diamond Bass, maquinaria Schecter, perillas de metal moleteado con tornillo de ajuste, construcci\u00f3n: 6 Bolt-on.","robots":{"index":"index","follow":"follow","max-snippet":"max-snippet:-1","max-image-preview":"max-image-preview:large","max-video-preview":"max-video-preview:-1"},"canonical":"https:\/\/www.mexicanguitarplayers.com\/en\/tienda\/sin categor\u00eda\/bajo-schecter-electrico-omen-extreme-4\/","og_locale":"en_US","og_type":"article","og_title":"BAJO SCHECTER ELECTRICO OMEN EXTREME 4 - Mexican Guitar Players","og_description":"Bajo el\u00e9ctrico activo de 4 cuerdas, cuerpo de caoba, tapa arqueada de maple flameado, brazo C delgado de maple, diapas\u00f3n de palo de rosa, incrustaciones: vector de abalone y pearloid, uni\u00f3n: cr\u00e8me multicapa, escala: 34\u201d (863 mm), 24 trastes x-jumbo, cejuela Graph Tech XL Black Tusq de 1.496\u201d (38 mm) de ancho, alma de 2 v\u00edas ajustable con tuerca Allen de 5\/32\u201d (4 mm), pastilla del puente: Schecter Diamond Bass, pastilla del brazo: Schecter Diamond Bass, 2 vol\u00famenes y ecualizador activo de 2 bandas, compartimento de la bater\u00eda: 9V, hardware cromado negro, puente Diamond Bass, maquinaria Schecter, perillas de metal moleteado con tornillo de ajuste, construcci\u00f3n: 6 Bolt-on.","og_url":"https:\/\/www.mexicanguitarplayers.com\/en\/tienda\/sin categor\u00eda\/bajo-schecter-electrico-omen-extreme-4\/","og_site_name":"Mexican Guitar Players","article_modified_time":"2026-05-01T13:29:18+00:00","twitter_card":"summary_large_image","twitter_misc":{"Est. reading time":"1 minute"},"schema":{"@context":"https:\/\/schema.org","@graph":[{"@type":["WebPage","ItemPage"],"@id":"https:\/\/www.mexicanguitarplayers.com\/tienda\/sin categor\u00eda\/bajo-schecter-electrico-omen-extreme-4\/","url":"https:\/\/www.mexicanguitarplayers.com\/tienda\/sin categor\u00eda\/bajo-schecter-electrico-omen-extreme-4\/","name":"BAJO SCHECTER ELECTRICO OMEN EXTREME 4 - Mexican Guitar Players","isPartOf":{"@id":"https:\/\/www.mexicanguitarplayers.com\/#website"},"primaryImageOfPage":{"@id":"https:\/\/www.mexicanguitarplayers.com\/tienda\/sin categor\u00eda\/bajo-schecter-electrico-omen-extreme-4\/#primaryimage"},"image":{"@id":"https:\/\/www.mexicanguitarplayers.com\/tienda\/sin categor\u00eda\/bajo-schecter-electrico-omen-extreme-4\/#primaryimage"},"thumbnailUrl":"https:\/\/www.mexicanguitarplayers.com\/wp-content\/uploads\/2025\/04\/ISSCCOMENEXT4.jpg","datePublished":"2025-04-06T22:04:39+00:00","dateModified":"2026-05-01T13:29:18+00:00","description":"Bajo el\u00e9ctrico activo de 4 cuerdas, cuerpo de caoba, tapa arqueada de maple flameado, brazo C delgado de maple, diapas\u00f3n de palo de rosa, incrustaciones: vector de abalone y pearloid, uni\u00f3n: cr\u00e8me multicapa, escala: 34\u201d (863 mm), 24 trastes x-jumbo, cejuela Graph Tech XL Black Tusq de 1.496\u201d (38 mm) de ancho, alma de 2 v\u00edas ajustable con tuerca Allen de 5\/32\u201d (4 mm), pastilla del puente: Schecter Diamond Bass, pastilla del brazo: Schecter Diamond Bass, 2 vol\u00famenes y ecualizador activo de 2 bandas, compartimento de la bater\u00eda: 9V, hardware cromado negro, puente Diamond Bass, maquinaria Schecter, perillas de metal moleteado con tornillo de ajuste, construcci\u00f3n: 6 Bolt-on.","breadcrumb":{"@id":"https:\/\/www.mexicanguitarplayers.com\/tienda\/sin categor\u00eda\/bajo-schecter-electrico-omen-extreme-4\/#breadcrumb"},"inLanguage":"en-US","potentialAction":[{"@type":"ReadAction","target":["https:\/\/www.mexicanguitarplayers.com\/tienda\/sin categor\u00eda\/bajo-schecter-electrico-omen-extreme-4\/"]}]},{"@type":"ImageObject","inLanguage":"en-US","@id":"https:\/\/www.mexicanguitarplayers.com\/tienda\/sin categor\u00eda\/bajo-schecter-electrico-omen-extreme-4\/#primaryimage","url":"https:\/\/www.mexicanguitarplayers.com\/wp-content\/uploads\/2025\/04\/ISSCCOMENEXT4.jpg","contentUrl":"https:\/\/www.mexicanguitarplayers.com\/wp-content\/uploads\/2025\/04\/ISSCCOMENEXT4.jpg","width":800,"height":1600},{"@type":"BreadcrumbList","@id":"https:\/\/www.mexicanguitarplayers.com\/tienda\/sin categor\u00eda\/bajo-schecter-electrico-omen-extreme-4\/#breadcrumb","itemListElement":[{"@type":"ListItem","position":1,"name":"Portada","item":"https:\/\/www.mexicanguitarplayers.com\/"},{"@type":"ListItem","position":2,"name":"Tienda","item":"https:\/\/www.mexicanguitarplayers.com\/tienda\/"},{"@type":"ListItem","position":3,"name":"BAJO SCHECTER ELECTRICO OMEN EXTREME 4"}]},{"@type":"WebSite","@id":"https:\/\/www.mexicanguitarplayers.com\/#website","url":"https:\/\/www.mexicanguitarplayers.com\/","name":"Mexican Guitar Players","description":"Website","publisher":{"@id":"https:\/\/www.mexicanguitarplayers.com\/#organization"},"potentialAction":[{"@type":"SearchAction","target":{"@type":"EntryPoint","urlTemplate":"https:\/\/www.mexicanguitarplayers.com\/?s={search_term_string}"},"query-input":{"@type":"PropertyValueSpecification","valueRequired":true,"valueName":"search_term_string"}}],"inLanguage":"en-US"},{"@type":"Organization","@id":"https:\/\/www.mexicanguitarplayers.com\/#organization","name":"Mexican Guitar Players","url":"https:\/\/www.mexicanguitarplayers.com\/","logo":{"@type":"ImageObject","inLanguage":"en-US","@id":"https:\/\/www.mexicanguitarplayers.com\/#\/schema\/logo\/image\/","url":"","contentUrl":"","caption":"Mexican Guitar Players"},"image":{"@id":"https:\/\/www.mexicanguitarplayers.com\/#\/schema\/logo\/image\/"}}]}},"brands":[{"id":175,"name":"SCHECTER","slug":"schecter"}],"_links":{"self":[{"href":"https:\/\/www.mexicanguitarplayers.com\/en\/wp-json\/wp\/v2\/product\/25443","targetHints":{"allow":["GET"]}}],"collection":[{"href":"https:\/\/www.mexicanguitarplayers.com\/en\/wp-json\/wp\/v2\/product"}],"about":[{"href":"https:\/\/www.mexicanguitarplayers.com\/en\/wp-json\/wp\/v2\/types\/product"}],"replies":[{"embeddable":true,"href":"https:\/\/www.mexicanguitarplayers.com\/en\/wp-json\/wp\/v2\/comments?post=25443"}],"wp:featuredmedia":[{"embeddable":true,"href":"https:\/\/www.mexicanguitarplayers.com\/en\/wp-json\/wp\/v2\/media\/25437"}],"wp:attachment":[{"href":"https:\/\/www.mexicanguitarplayers.com\/en\/wp-json\/wp\/v2\/media?parent=25443"}],"wp:term":[{"taxonomy":"pwb-brand","embeddable":true,"href":"https:\/\/www.mexicanguitarplayers.com\/en\/wp-json\/wp\/v2\/pwb-brand?post=25443"},{"taxonomy":"product_brand","embeddable":true,"href":"https:\/\/www.mexicanguitarplayers.com\/en\/wp-json\/wp\/v2\/product_brand?post=25443"},{"taxonomy":"product_cat","embeddable":true,"href":"https:\/\/www.mexicanguitarplayers.com\/en\/wp-json\/wp\/v2\/product_cat?post=25443"},{"taxonomy":"product_tag","embeddable":true,"href":"https:\/\/www.mexicanguitarplayers.com\/en\/wp-json\/wp\/v2\/product_tag?post=25443"}],"curies":[{"name":"wp","href":"https:\/\/api.w.org\/{rel}","templated":true}]}}