{"id":25484,"date":"2025-04-06T16:06:43","date_gmt":"2025-04-06T22:06:43","guid":{"rendered":"https:\/\/www.mexicanguitarplayers.com\/tienda\/sin categor\u00eda\/bafle-blackstar-p-guit-htv-212-mkiii\/"},"modified":"2026-05-01T07:29:16","modified_gmt":"2026-05-01T13:29:16","slug":"bafle-blackstar-p-guit-htv-212-mkiii","status":"publish","type":"product","link":"https:\/\/www.mexicanguitarplayers.com\/en\/tienda\/audio\/amplificadores-audio\/amplificadores-de-potencia\/bafle-blackstar-p-guit-htv-212-mkiii\/","title":{"rendered":"BAFLE BLACKSTAR P\/GUIT. HTV-212 MKIII"},"content":{"rendered":"<div style=\"text-align: justify\">\n<div>\n<h3>BAFLE BLACKSTAR P\/GUIT. HTV-212 MKIII<\/h3>\n<\/div>\n<div>La serie HT Venue MK III tiene cuatro excelentes gabinetes de altavoces que est\u00e1n equipados con controladores Celestion y han sido dise\u00f1ados para funcionar con los amplificadores HT Venue MK III, as\u00ed como con una amplia gama de otros productos. Todas las cabinas tienen juntas tipo peine, cableado resistente y un estilo vintage atractivo. El gabinete de extensi\u00f3n de altavoces HTV 212 cuenta con dos altavoces de 12?<\/div>\n<div>\n<h4>Characteristics<\/h4>\n<\/div>\n<div>\n<ul style=\"margin: 0px 0px 0px 25px\">\n<li style=\"list-style-type: circle;margin: 5px\">WATTS<\/li>\n<li style=\"list-style-type: circle;margin: 5px\">OHMS<\/li>\n<li style=\"list-style-type: circle;margin: 5px\">ESPALDA ABIERTA\/CERRADA<\/li>\n<li style=\"list-style-type: circle;margin: 5px\">SPEAKER<\/li>\n<li style=\"list-style-type: circle;margin: 5px\">PESO<\/li>\n<li style=\"list-style-type: circle;margin: 5px\">DIMENSIONES<\/li>\n<\/ul>\n<\/div>\n<\/div>","protected":false},"excerpt":{"rendered":"<p>La serie HT Venue MK III ofrece una selecci\u00f3n de gabinetes de altavoces de primera calidad, dise\u00f1ados para complementar los amplificadores HT Venue MK III y una variedad de otros productos. El gabinete de extensi\u00f3n de altavoces HTV 212 presenta dos altavoces Celestion de 12\u201d, proporcionando una potencia de 160W. Con la flexibilidad de operar en configuraciones de 4 u 16 O en modo mono, o 2 \u00d7 8 O en modo est\u00e9reo, este gabinete se adapta a diversas necesidades de amplificaci\u00f3n. Su dise\u00f1o de espalda abierta ofrece una respuesta de frecuencia equilibrada y un sonido claro y definido. Adem\u00e1s, su construcci\u00f3n robusta asegura durabilidad y fiabilidad en cualquier entorno de interpretaci\u00f3n. Con juntas tipo peine y un estilo vintage atractivo, el HTV 212 es una opci\u00f3n ideal para m\u00fasicos que buscan calidad de sonido y versatilidad en un gabinete de altavoces.&hellip; <a class=\"kt-excerpt-readmore more-link\" href=\"https:\/\/www.mexicanguitarplayers.com\/en\/tienda\/audio\/amplificadores-audio\/amplificadores-de-potencia\/bafle-blackstar-p-guit-htv-212-mkiii\/\">Read more<\/a><\/p>","protected":false},"featured_media":25479,"comment_status":"open","ping_status":"closed","template":"","meta":{"kt_blocks_editor_width":""},"pwb-brand":[172],"product_brand":[],"product_cat":[219,220,213],"product_tag":[],"class_list":{"0":"post-25484","1":"product","2":"type-product","3":"status-publish","4":"has-post-thumbnail","6":"pwb-brand-blackstar","7":"product_cat-amplificadores-audio","8":"product_cat-amplificadores-de-potencia","9":"product_cat-audio","10":"product_shipping_class-25-30-kg","12":"first","13":"instock","14":"taxable","15":"shipping-taxable","16":"purchasable","17":"product-type-simple"},"yoast_head":"<!-- This site is optimized with the Yoast SEO plugin v27.6 - https:\/\/yoast.com\/product\/yoast-seo-wordpress\/ -->\n<title>BAFLE BLACKSTAR P\/GUIT. HTV-212 MKIII - Mexican Guitar Players<\/title>\n<meta name=\"description\" content=\"La serie HT Venue MK III ofrece una selecci\u00f3n de gabinetes de altavoces de primera calidad, dise\u00f1ados para complementar los amplificadores HT Venue MK III y una variedad de otros productos. El gabinete de extensi\u00f3n de altavoces HTV 212 presenta dos altavoces Celestion de 12\u201d, proporcionando una potencia de 160W. Con la flexibilidad de operar en configuraciones de 4 u 16 O en modo mono, o 2 \u00d7 8 O en modo est\u00e9reo, este gabinete se adapta a diversas necesidades de amplificaci\u00f3n. Su dise\u00f1o de espalda abierta ofrece una respuesta de frecuencia equilibrada y un sonido claro y definido. Adem\u00e1s, su construcci\u00f3n robusta asegura durabilidad y fiabilidad en cualquier entorno de interpretaci\u00f3n. Con juntas tipo peine y un estilo vintage atractivo, el HTV 212 es una opci\u00f3n ideal para m\u00fasicos que buscan calidad de sonido y versatilidad en un gabinete de altavoces.\" \/>\n<meta name=\"robots\" content=\"index, follow, max-snippet:-1, max-image-preview:large, max-video-preview:-1\" \/>\n<link rel=\"canonical\" href=\"https:\/\/www.mexicanguitarplayers.com\/en\/tienda\/sin%20categor\u00eda\/bafle-blackstar-p-guit-htv-212-mkiii\/\" \/>\n<meta property=\"og:locale\" content=\"en_US\" \/>\n<meta property=\"og:type\" content=\"article\" \/>\n<meta property=\"og:title\" content=\"BAFLE BLACKSTAR P\/GUIT. HTV-212 MKIII - Mexican Guitar Players\" \/>\n<meta property=\"og:description\" content=\"La serie HT Venue MK III ofrece una selecci\u00f3n de gabinetes de altavoces de primera calidad, dise\u00f1ados para complementar los amplificadores HT Venue MK III y una variedad de otros productos. El gabinete de extensi\u00f3n de altavoces HTV 212 presenta dos altavoces Celestion de 12\u201d, proporcionando una potencia de 160W. Con la flexibilidad de operar en configuraciones de 4 u 16 O en modo mono, o 2 \u00d7 8 O en modo est\u00e9reo, este gabinete se adapta a diversas necesidades de amplificaci\u00f3n. Su dise\u00f1o de espalda abierta ofrece una respuesta de frecuencia equilibrada y un sonido claro y definido. Adem\u00e1s, su construcci\u00f3n robusta asegura durabilidad y fiabilidad en cualquier entorno de interpretaci\u00f3n. Con juntas tipo peine y un estilo vintage atractivo, el HTV 212 es una opci\u00f3n ideal para m\u00fasicos que buscan calidad de sonido y versatilidad en un gabinete de altavoces.\" \/>\n<meta property=\"og:url\" content=\"https:\/\/www.mexicanguitarplayers.com\/en\/tienda\/sin categor\u00eda\/bafle-blackstar-p-guit-htv-212-mkiii\/\" \/>\n<meta property=\"og:site_name\" content=\"Mexican Guitar Players\" \/>\n<meta property=\"article:modified_time\" content=\"2026-05-01T13:29:16+00:00\" \/>\n<meta name=\"twitter:card\" content=\"summary_large_image\" \/>\n<script type=\"application\/ld+json\" class=\"yoast-schema-graph\">{\"@context\":\"https:\\\/\\\/schema.org\",\"@graph\":[{\"@type\":[\"WebPage\",\"ItemPage\"],\"@id\":\"https:\\\/\\\/www.mexicanguitarplayers.com\\\/tienda\\\/sin categor\u00eda\\\/bafle-blackstar-p-guit-htv-212-mkiii\\\/\",\"url\":\"https:\\\/\\\/www.mexicanguitarplayers.com\\\/tienda\\\/sin categor\u00eda\\\/bafle-blackstar-p-guit-htv-212-mkiii\\\/\",\"name\":\"BAFLE BLACKSTAR P\\\/GUIT. HTV-212 MKIII - Mexican Guitar Players\",\"isPartOf\":{\"@id\":\"https:\\\/\\\/www.mexicanguitarplayers.com\\\/#website\"},\"primaryImageOfPage\":{\"@id\":\"https:\\\/\\\/www.mexicanguitarplayers.com\\\/tienda\\\/sin categor\u00eda\\\/bafle-blackstar-p-guit-htv-212-mkiii\\\/#primaryimage\"},\"image\":{\"@id\":\"https:\\\/\\\/www.mexicanguitarplayers.com\\\/tienda\\\/sin categor\u00eda\\\/bafle-blackstar-p-guit-htv-212-mkiii\\\/#primaryimage\"},\"thumbnailUrl\":\"https:\\\/\\\/www.mexicanguitarplayers.com\\\/wp-content\\\/uploads\\\/2025\\\/04\\\/ICBLSHTV212MK3.jpg\",\"datePublished\":\"2025-04-06T22:06:43+00:00\",\"dateModified\":\"2026-05-01T13:29:16+00:00\",\"description\":\"La serie HT Venue MK III ofrece una selecci\u00f3n de gabinetes de altavoces de primera calidad, dise\u00f1ados para complementar los amplificadores HT Venue MK III y una variedad de otros productos. El gabinete de extensi\u00f3n de altavoces HTV 212 presenta dos altavoces Celestion de 12\u201d, proporcionando una potencia de 160W. Con la flexibilidad de operar en configuraciones de 4 u 16 O en modo mono, o 2 \u00d7 8 O en modo est\u00e9reo, este gabinete se adapta a diversas necesidades de amplificaci\u00f3n. Su dise\u00f1o de espalda abierta ofrece una respuesta de frecuencia equilibrada y un sonido claro y definido. Adem\u00e1s, su construcci\u00f3n robusta asegura durabilidad y fiabilidad en cualquier entorno de interpretaci\u00f3n. Con juntas tipo peine y un estilo vintage atractivo, el HTV 212 es una opci\u00f3n ideal para m\u00fasicos que buscan calidad de sonido y versatilidad en un gabinete de altavoces.\",\"breadcrumb\":{\"@id\":\"https:\\\/\\\/www.mexicanguitarplayers.com\\\/tienda\\\/sin categor\u00eda\\\/bafle-blackstar-p-guit-htv-212-mkiii\\\/#breadcrumb\"},\"inLanguage\":\"en-US\",\"potentialAction\":[{\"@type\":\"ReadAction\",\"target\":[\"https:\\\/\\\/www.mexicanguitarplayers.com\\\/tienda\\\/sin categor\u00eda\\\/bafle-blackstar-p-guit-htv-212-mkiii\\\/\"]}]},{\"@type\":\"ImageObject\",\"inLanguage\":\"en-US\",\"@id\":\"https:\\\/\\\/www.mexicanguitarplayers.com\\\/tienda\\\/sin categor\u00eda\\\/bafle-blackstar-p-guit-htv-212-mkiii\\\/#primaryimage\",\"url\":\"https:\\\/\\\/www.mexicanguitarplayers.com\\\/wp-content\\\/uploads\\\/2025\\\/04\\\/ICBLSHTV212MK3.jpg\",\"contentUrl\":\"https:\\\/\\\/www.mexicanguitarplayers.com\\\/wp-content\\\/uploads\\\/2025\\\/04\\\/ICBLSHTV212MK3.jpg\",\"width\":1200,\"height\":1200},{\"@type\":\"BreadcrumbList\",\"@id\":\"https:\\\/\\\/www.mexicanguitarplayers.com\\\/tienda\\\/sin categor\u00eda\\\/bafle-blackstar-p-guit-htv-212-mkiii\\\/#breadcrumb\",\"itemListElement\":[{\"@type\":\"ListItem\",\"position\":1,\"name\":\"Portada\",\"item\":\"https:\\\/\\\/www.mexicanguitarplayers.com\\\/\"},{\"@type\":\"ListItem\",\"position\":2,\"name\":\"Tienda\",\"item\":\"https:\\\/\\\/www.mexicanguitarplayers.com\\\/tienda\\\/\"},{\"@type\":\"ListItem\",\"position\":3,\"name\":\"BAFLE BLACKSTAR P\\\/GUIT. HTV-212 MKIII\"}]},{\"@type\":\"WebSite\",\"@id\":\"https:\\\/\\\/www.mexicanguitarplayers.com\\\/#website\",\"url\":\"https:\\\/\\\/www.mexicanguitarplayers.com\\\/\",\"name\":\"Mexican Guitar Players\",\"description\":\"Website\",\"publisher\":{\"@id\":\"https:\\\/\\\/www.mexicanguitarplayers.com\\\/#organization\"},\"potentialAction\":[{\"@type\":\"SearchAction\",\"target\":{\"@type\":\"EntryPoint\",\"urlTemplate\":\"https:\\\/\\\/www.mexicanguitarplayers.com\\\/?s={search_term_string}\"},\"query-input\":{\"@type\":\"PropertyValueSpecification\",\"valueRequired\":true,\"valueName\":\"search_term_string\"}}],\"inLanguage\":\"en-US\"},{\"@type\":\"Organization\",\"@id\":\"https:\\\/\\\/www.mexicanguitarplayers.com\\\/#organization\",\"name\":\"Mexican Guitar Players\",\"url\":\"https:\\\/\\\/www.mexicanguitarplayers.com\\\/\",\"logo\":{\"@type\":\"ImageObject\",\"inLanguage\":\"en-US\",\"@id\":\"https:\\\/\\\/www.mexicanguitarplayers.com\\\/#\\\/schema\\\/logo\\\/image\\\/\",\"url\":\"\",\"contentUrl\":\"\",\"caption\":\"Mexican Guitar Players\"},\"image\":{\"@id\":\"https:\\\/\\\/www.mexicanguitarplayers.com\\\/#\\\/schema\\\/logo\\\/image\\\/\"}}]}<\/script>\n<!-- \/ Yoast SEO plugin. -->","yoast_head_json":{"title":"BAFLE BLACKSTAR P\/GUIT. HTV-212 MKIII - Mexican Guitar Players","description":"La serie HT Venue MK III ofrece una selecci\u00f3n de gabinetes de altavoces de primera calidad, dise\u00f1ados para complementar los amplificadores HT Venue MK III y una variedad de otros productos. El gabinete de extensi\u00f3n de altavoces HTV 212 presenta dos altavoces Celestion de 12\u201d, proporcionando una potencia de 160W. Con la flexibilidad de operar en configuraciones de 4 u 16 O en modo mono, o 2 \u00d7 8 O en modo est\u00e9reo, este gabinete se adapta a diversas necesidades de amplificaci\u00f3n. Su dise\u00f1o de espalda abierta ofrece una respuesta de frecuencia equilibrada y un sonido claro y definido. Adem\u00e1s, su construcci\u00f3n robusta asegura durabilidad y fiabilidad en cualquier entorno de interpretaci\u00f3n. Con juntas tipo peine y un estilo vintage atractivo, el HTV 212 es una opci\u00f3n ideal para m\u00fasicos que buscan calidad de sonido y versatilidad en un gabinete de altavoces.","robots":{"index":"index","follow":"follow","max-snippet":"max-snippet:-1","max-image-preview":"max-image-preview:large","max-video-preview":"max-video-preview:-1"},"canonical":"https:\/\/www.mexicanguitarplayers.com\/en\/tienda\/sin categor\u00eda\/bafle-blackstar-p-guit-htv-212-mkiii\/","og_locale":"en_US","og_type":"article","og_title":"BAFLE BLACKSTAR P\/GUIT. HTV-212 MKIII - Mexican Guitar Players","og_description":"La serie HT Venue MK III ofrece una selecci\u00f3n de gabinetes de altavoces de primera calidad, dise\u00f1ados para complementar los amplificadores HT Venue MK III y una variedad de otros productos. El gabinete de extensi\u00f3n de altavoces HTV 212 presenta dos altavoces Celestion de 12\u201d, proporcionando una potencia de 160W. Con la flexibilidad de operar en configuraciones de 4 u 16 O en modo mono, o 2 \u00d7 8 O en modo est\u00e9reo, este gabinete se adapta a diversas necesidades de amplificaci\u00f3n. Su dise\u00f1o de espalda abierta ofrece una respuesta de frecuencia equilibrada y un sonido claro y definido. Adem\u00e1s, su construcci\u00f3n robusta asegura durabilidad y fiabilidad en cualquier entorno de interpretaci\u00f3n. Con juntas tipo peine y un estilo vintage atractivo, el HTV 212 es una opci\u00f3n ideal para m\u00fasicos que buscan calidad de sonido y versatilidad en un gabinete de altavoces.","og_url":"https:\/\/www.mexicanguitarplayers.com\/en\/tienda\/sin categor\u00eda\/bafle-blackstar-p-guit-htv-212-mkiii\/","og_site_name":"Mexican Guitar Players","article_modified_time":"2026-05-01T13:29:16+00:00","twitter_card":"summary_large_image","schema":{"@context":"https:\/\/schema.org","@graph":[{"@type":["WebPage","ItemPage"],"@id":"https:\/\/www.mexicanguitarplayers.com\/tienda\/sin categor\u00eda\/bafle-blackstar-p-guit-htv-212-mkiii\/","url":"https:\/\/www.mexicanguitarplayers.com\/tienda\/sin categor\u00eda\/bafle-blackstar-p-guit-htv-212-mkiii\/","name":"BAFLE BLACKSTAR P\/GUIT. HTV-212 MKIII - Mexican Guitar Players","isPartOf":{"@id":"https:\/\/www.mexicanguitarplayers.com\/#website"},"primaryImageOfPage":{"@id":"https:\/\/www.mexicanguitarplayers.com\/tienda\/sin categor\u00eda\/bafle-blackstar-p-guit-htv-212-mkiii\/#primaryimage"},"image":{"@id":"https:\/\/www.mexicanguitarplayers.com\/tienda\/sin categor\u00eda\/bafle-blackstar-p-guit-htv-212-mkiii\/#primaryimage"},"thumbnailUrl":"https:\/\/www.mexicanguitarplayers.com\/wp-content\/uploads\/2025\/04\/ICBLSHTV212MK3.jpg","datePublished":"2025-04-06T22:06:43+00:00","dateModified":"2026-05-01T13:29:16+00:00","description":"La serie HT Venue MK III ofrece una selecci\u00f3n de gabinetes de altavoces de primera calidad, dise\u00f1ados para complementar los amplificadores HT Venue MK III y una variedad de otros productos. El gabinete de extensi\u00f3n de altavoces HTV 212 presenta dos altavoces Celestion de 12\u201d, proporcionando una potencia de 160W. Con la flexibilidad de operar en configuraciones de 4 u 16 O en modo mono, o 2 \u00d7 8 O en modo est\u00e9reo, este gabinete se adapta a diversas necesidades de amplificaci\u00f3n. Su dise\u00f1o de espalda abierta ofrece una respuesta de frecuencia equilibrada y un sonido claro y definido. Adem\u00e1s, su construcci\u00f3n robusta asegura durabilidad y fiabilidad en cualquier entorno de interpretaci\u00f3n. Con juntas tipo peine y un estilo vintage atractivo, el HTV 212 es una opci\u00f3n ideal para m\u00fasicos que buscan calidad de sonido y versatilidad en un gabinete de altavoces.","breadcrumb":{"@id":"https:\/\/www.mexicanguitarplayers.com\/tienda\/sin categor\u00eda\/bafle-blackstar-p-guit-htv-212-mkiii\/#breadcrumb"},"inLanguage":"en-US","potentialAction":[{"@type":"ReadAction","target":["https:\/\/www.mexicanguitarplayers.com\/tienda\/sin categor\u00eda\/bafle-blackstar-p-guit-htv-212-mkiii\/"]}]},{"@type":"ImageObject","inLanguage":"en-US","@id":"https:\/\/www.mexicanguitarplayers.com\/tienda\/sin categor\u00eda\/bafle-blackstar-p-guit-htv-212-mkiii\/#primaryimage","url":"https:\/\/www.mexicanguitarplayers.com\/wp-content\/uploads\/2025\/04\/ICBLSHTV212MK3.jpg","contentUrl":"https:\/\/www.mexicanguitarplayers.com\/wp-content\/uploads\/2025\/04\/ICBLSHTV212MK3.jpg","width":1200,"height":1200},{"@type":"BreadcrumbList","@id":"https:\/\/www.mexicanguitarplayers.com\/tienda\/sin categor\u00eda\/bafle-blackstar-p-guit-htv-212-mkiii\/#breadcrumb","itemListElement":[{"@type":"ListItem","position":1,"name":"Portada","item":"https:\/\/www.mexicanguitarplayers.com\/"},{"@type":"ListItem","position":2,"name":"Tienda","item":"https:\/\/www.mexicanguitarplayers.com\/tienda\/"},{"@type":"ListItem","position":3,"name":"BAFLE BLACKSTAR P\/GUIT. HTV-212 MKIII"}]},{"@type":"WebSite","@id":"https:\/\/www.mexicanguitarplayers.com\/#website","url":"https:\/\/www.mexicanguitarplayers.com\/","name":"Mexican Guitar Players","description":"Website","publisher":{"@id":"https:\/\/www.mexicanguitarplayers.com\/#organization"},"potentialAction":[{"@type":"SearchAction","target":{"@type":"EntryPoint","urlTemplate":"https:\/\/www.mexicanguitarplayers.com\/?s={search_term_string}"},"query-input":{"@type":"PropertyValueSpecification","valueRequired":true,"valueName":"search_term_string"}}],"inLanguage":"en-US"},{"@type":"Organization","@id":"https:\/\/www.mexicanguitarplayers.com\/#organization","name":"Mexican Guitar Players","url":"https:\/\/www.mexicanguitarplayers.com\/","logo":{"@type":"ImageObject","inLanguage":"en-US","@id":"https:\/\/www.mexicanguitarplayers.com\/#\/schema\/logo\/image\/","url":"","contentUrl":"","caption":"Mexican Guitar Players"},"image":{"@id":"https:\/\/www.mexicanguitarplayers.com\/#\/schema\/logo\/image\/"}}]}},"brands":[{"id":172,"name":"BLACKSTAR","slug":"blackstar"}],"_links":{"self":[{"href":"https:\/\/www.mexicanguitarplayers.com\/en\/wp-json\/wp\/v2\/product\/25484","targetHints":{"allow":["GET"]}}],"collection":[{"href":"https:\/\/www.mexicanguitarplayers.com\/en\/wp-json\/wp\/v2\/product"}],"about":[{"href":"https:\/\/www.mexicanguitarplayers.com\/en\/wp-json\/wp\/v2\/types\/product"}],"replies":[{"embeddable":true,"href":"https:\/\/www.mexicanguitarplayers.com\/en\/wp-json\/wp\/v2\/comments?post=25484"}],"wp:featuredmedia":[{"embeddable":true,"href":"https:\/\/www.mexicanguitarplayers.com\/en\/wp-json\/wp\/v2\/media\/25479"}],"wp:attachment":[{"href":"https:\/\/www.mexicanguitarplayers.com\/en\/wp-json\/wp\/v2\/media?parent=25484"}],"wp:term":[{"taxonomy":"pwb-brand","embeddable":true,"href":"https:\/\/www.mexicanguitarplayers.com\/en\/wp-json\/wp\/v2\/pwb-brand?post=25484"},{"taxonomy":"product_brand","embeddable":true,"href":"https:\/\/www.mexicanguitarplayers.com\/en\/wp-json\/wp\/v2\/product_brand?post=25484"},{"taxonomy":"product_cat","embeddable":true,"href":"https:\/\/www.mexicanguitarplayers.com\/en\/wp-json\/wp\/v2\/product_cat?post=25484"},{"taxonomy":"product_tag","embeddable":true,"href":"https:\/\/www.mexicanguitarplayers.com\/en\/wp-json\/wp\/v2\/product_tag?post=25484"}],"curies":[{"name":"wp","href":"https:\/\/api.w.org\/{rel}","templated":true}]}}