{"id":25526,"date":"2025-04-06T16:08:39","date_gmt":"2025-04-06T22:08:39","guid":{"rendered":"https:\/\/www.mexicanguitarplayers.com\/tienda\/sin categor\u00eda\/bafle-proel-subwoofer-mod-ex218sp4\/"},"modified":"2026-04-10T04:45:33","modified_gmt":"2026-04-10T10:45:33","slug":"bafle-proel-subwoofer-mod-ex218sp4","status":"publish","type":"product","link":"https:\/\/www.mexicanguitarplayers.com\/en\/tienda\/audio\/bafles-y-bocinas\/bafles\/bafles-pasivos\/bafle-proel-subwoofer-mod-ex218sp4\/","title":{"rendered":"BAFLE PROEL SUBWOOFER  MOD. EX218SP4"},"content":{"rendered":"<div style=\"text-align: justify\">\n<div>\n<h3>Sencillez y perfecci\u00f3n italiana.<\/h3>\n<\/div>\n<div>La serie EXTREME ha sido dise\u00f1ada para ofrecer una alta calidad de sonido a un precio muy conveniente. A fin de satisfacer este criterio, cada detalle del dise\u00f1o se estudia con cuidado para obtener el m\u00e1ximo provecho de los elementos que definen un altavoz eficaz y confiable y que pueda ofrecer un sonido potente y preciso. El resultado es una l\u00ednea completa de altavoces compactos que cualquier persona que ame la reproducci\u00f3n de sonido de calidad pueda permitirse. La serie EXTREME incluye 10 modelos, de los cuales la mayor\u00eda est\u00e1 disponible en versiones activa y pasiva, que van desde el X10 ultra compacto con woofer de 10&#8243; pulgadas hasta el EX218P con un potente subwoofer doble de 18&#8243; pulgadas. Entre las caracter\u00edsticas m\u00e1s interesantes de la serie son los resistentes gabinetes de 18 mm de MDF con terminado resistente para garantizar la m\u00e1xima durabilidad, nuestra exclusiva gu\u00eda de onda el\u00edptica, drivers de compresi\u00f3n con membrana de titanio para una definici\u00f3n excepcional en altas frecuencias y amplificadores Clase H para una respuesta din\u00e1mica \u00f3ptima en las versiones activas. Las tecnolog\u00edas y conocimientos que Proel ha empleado y probado a trav\u00e9s de los a\u00f1os de dise\u00f1o de sistemas profesionales, ha contribuido a la serie EXTREME y la convirti\u00f3 en un sistema de refuerzo sonoro de alto valor para los m\u00fasicos, DJ&#8217;s o entusiastas del audio en cualquier presupuesto.<\/div>\n<div>\n<h4>Quick look<\/h4>\n<\/div>\n<ul style=\"margin: 0px 0px 0px 25px\">\n<li style=\"list-style-type: circle;margin: 5px\">Tipo de sistema.<\/li>\n<li style=\"list-style-type: circle;margin: 5px\">Power.<\/li>\n<li style=\"list-style-type: circle;margin: 5px\">Nominal impedance.<\/li>\n<li style=\"list-style-type: circle;margin: 5px\">Frequency response.<\/li>\n<li style=\"list-style-type: circle;margin: 5px\">Sensitivity.<\/li>\n<li style=\"list-style-type: circle;margin: 5px\">Fabricaci\u00f3n.<\/li>\n<li style=\"list-style-type: circle;margin: 5px\">Terminado.<\/li>\n<li style=\"list-style-type: circle;margin: 5px\">Color.<\/li>\n<li style=\"list-style-type: circle;margin: 5px\">Dimensions.<\/li>\n<li style=\"list-style-type: circle;margin: 5px\">Weight.<\/li>\n<\/ul>\n<div>\n<div style=\"font-weight: bold\">Tipo de sistema.<\/div>\n<div>\n<p>2 woofers de 18&#8243;.<\/p>\n<\/div>\n<div style=\"font-weight: bold\">Power.<\/div>\n<div>\n<p>Continuo: 500 watts.  Pico: 1000 watts.<\/p>\n<\/div>\n<div style=\"font-weight: bold\">Nominal impedance.<\/div>\n<div>\n<p>4 ohms. <\/p>\n<\/div>\n<div style=\"font-weight: bold\">Frequency response.<\/div>\n<div>\n<p>38 Hz &#8211; 250 kHz. <\/p>\n<\/div>\n<div style=\"font-weight: bold\">Sensitivity.<\/div>\n<div>\n<p>100 dB. <\/p>\n<\/div>\n<div style=\"font-weight: bold\">Fabricaci\u00f3n.<\/div>\n<div>\n<p>Fabricado con madera laminada de abedul. <\/p>\n<\/div>\n<div style=\"font-weight: bold\">Terminado.<\/div>\n<div>\n<p>Resistente acabado anti rasgaduras. <\/p>\n<\/div>\n<div style=\"font-weight: bold\">Color.<\/div>\n<div>\n<p>Black.<\/p>\n<\/div>\n<div style=\"font-weight: bold\">Dimensions.<\/div>\n<div>\n<p>54.8 x 101 x 68.7cm. <\/p>\n<\/div>\n<div style=\"font-weight: bold\">Weight.<\/div>\n<div>\n<p>65 Kg. <\/p>\n<\/div>\n<\/div>\n<div>\n<h4>Characteristics<\/h4>\n<\/div>\n<div>\n<ul style=\"margin: 0px 0px 0px 25px\">\n<li style=\"list-style-type: circle;margin: 5px\">2 recept\u00e1culos para poste. <\/li>\n<li style=\"list-style-type: circle;margin: 5px\">Manijas ergon\u00f3micas retr\u00e1ctiles. <\/li>\n<\/ul>\n<\/div>\n<\/div>","protected":false},"excerpt":{"rendered":"<p>Subwoofer pasivo, 2 woofers de 18\u201d pulgadas, impedancia nominal: 4 ohms, potencia continua: 500 watts, pico: 1000 watts, respuesta de frecuencia: 38 Hz &#8211; 250 kHz, sensibilidad: 100 dB, dimensiones: 54.8 x 101 x 68.7cm, peso: 65 kg, 2 recept\u00e1culos para poste, manijas ergon\u00f3micas retr\u00e1ctiles, fabricado con madera laminada de abedul, resistente acabado anti rasgaduras.&hellip; <a class=\"kt-excerpt-readmore more-link\" href=\"https:\/\/www.mexicanguitarplayers.com\/en\/tienda\/audio\/bafles-y-bocinas\/bafles\/bafles-pasivos\/bafle-proel-subwoofer-mod-ex218sp4\/\">Read more<\/a><\/p>","protected":false},"featured_media":25522,"comment_status":"open","ping_status":"closed","template":"","meta":{"kt_blocks_editor_width":""},"pwb-brand":[252],"product_brand":[],"product_cat":[213,222,223,221],"product_tag":[],"class_list":{"0":"post-25526","1":"product","2":"type-product","3":"status-publish","4":"has-post-thumbnail","6":"pwb-brand-proel","7":"product_cat-audio","8":"product_cat-bafles","9":"product_cat-bafles-pasivos","10":"product_cat-bafles-y-bocinas","12":"first","13":"outofstock","14":"taxable","15":"shipping-taxable","16":"purchasable","17":"product-type-simple"},"yoast_head":"<!-- This site is optimized with the Yoast SEO plugin v27.5 - https:\/\/yoast.com\/product\/yoast-seo-wordpress\/ -->\n<title>BAFLE PROEL SUBWOOFER MOD. EX218SP4 - Mexican Guitar Players<\/title>\n<meta name=\"description\" content=\"Subwoofer pasivo, 2 woofers de 18\u201d pulgadas, impedancia nominal: 4 ohms, potencia continua: 500 watts, pico: 1000 watts, respuesta de frecuencia: 38 Hz - 250 kHz, sensibilidad: 100 dB, dimensiones: 54.8 x 101 x 68.7cm, peso: 65 kg, 2 recept\u00e1culos para poste, manijas ergon\u00f3micas retr\u00e1ctiles, fabricado con madera laminada de abedul, resistente acabado anti rasgaduras.\" \/>\n<meta name=\"robots\" content=\"index, follow, max-snippet:-1, max-image-preview:large, max-video-preview:-1\" \/>\n<link rel=\"canonical\" href=\"https:\/\/www.mexicanguitarplayers.com\/en\/tienda\/sin%20categor\u00eda\/bafle-proel-subwoofer-mod-ex218sp4\/\" \/>\n<meta property=\"og:locale\" content=\"en_US\" \/>\n<meta property=\"og:type\" content=\"article\" \/>\n<meta property=\"og:title\" content=\"BAFLE PROEL SUBWOOFER MOD. EX218SP4 - Mexican Guitar Players\" \/>\n<meta property=\"og:description\" content=\"Subwoofer pasivo, 2 woofers de 18\u201d pulgadas, impedancia nominal: 4 ohms, potencia continua: 500 watts, pico: 1000 watts, respuesta de frecuencia: 38 Hz - 250 kHz, sensibilidad: 100 dB, dimensiones: 54.8 x 101 x 68.7cm, peso: 65 kg, 2 recept\u00e1culos para poste, manijas ergon\u00f3micas retr\u00e1ctiles, fabricado con madera laminada de abedul, resistente acabado anti rasgaduras.\" \/>\n<meta property=\"og:url\" content=\"https:\/\/www.mexicanguitarplayers.com\/en\/tienda\/sin categor\u00eda\/bafle-proel-subwoofer-mod-ex218sp4\/\" \/>\n<meta property=\"og:site_name\" content=\"Mexican Guitar Players\" \/>\n<meta property=\"article:modified_time\" content=\"2026-04-10T10:45:33+00:00\" \/>\n<meta name=\"twitter:card\" content=\"summary_large_image\" \/>\n<meta name=\"twitter:label1\" content=\"Est. reading time\" \/>\n\t<meta name=\"twitter:data1\" content=\"2 minutes\" \/>\n<script type=\"application\/ld+json\" class=\"yoast-schema-graph\">{\"@context\":\"https:\\\/\\\/schema.org\",\"@graph\":[{\"@type\":[\"WebPage\",\"ItemPage\"],\"@id\":\"https:\\\/\\\/www.mexicanguitarplayers.com\\\/tienda\\\/sin categor\u00eda\\\/bafle-proel-subwoofer-mod-ex218sp4\\\/\",\"url\":\"https:\\\/\\\/www.mexicanguitarplayers.com\\\/tienda\\\/sin categor\u00eda\\\/bafle-proel-subwoofer-mod-ex218sp4\\\/\",\"name\":\"BAFLE PROEL SUBWOOFER MOD. EX218SP4 - Mexican Guitar Players\",\"isPartOf\":{\"@id\":\"https:\\\/\\\/www.mexicanguitarplayers.com\\\/#website\"},\"primaryImageOfPage\":{\"@id\":\"https:\\\/\\\/www.mexicanguitarplayers.com\\\/tienda\\\/sin categor\u00eda\\\/bafle-proel-subwoofer-mod-ex218sp4\\\/#primaryimage\"},\"image\":{\"@id\":\"https:\\\/\\\/www.mexicanguitarplayers.com\\\/tienda\\\/sin categor\u00eda\\\/bafle-proel-subwoofer-mod-ex218sp4\\\/#primaryimage\"},\"thumbnailUrl\":\"https:\\\/\\\/www.mexicanguitarplayers.com\\\/wp-content\\\/uploads\\\/2025\\\/04\\\/IAPREEX218SP4.jpg\",\"datePublished\":\"2025-04-06T22:08:39+00:00\",\"dateModified\":\"2026-04-10T10:45:33+00:00\",\"description\":\"Subwoofer pasivo, 2 woofers de 18\u201d pulgadas, impedancia nominal: 4 ohms, potencia continua: 500 watts, pico: 1000 watts, respuesta de frecuencia: 38 Hz - 250 kHz, sensibilidad: 100 dB, dimensiones: 54.8 x 101 x 68.7cm, peso: 65 kg, 2 recept\u00e1culos para poste, manijas ergon\u00f3micas retr\u00e1ctiles, fabricado con madera laminada de abedul, resistente acabado anti rasgaduras.\",\"breadcrumb\":{\"@id\":\"https:\\\/\\\/www.mexicanguitarplayers.com\\\/tienda\\\/sin categor\u00eda\\\/bafle-proel-subwoofer-mod-ex218sp4\\\/#breadcrumb\"},\"inLanguage\":\"en-US\",\"potentialAction\":[{\"@type\":\"ReadAction\",\"target\":[\"https:\\\/\\\/www.mexicanguitarplayers.com\\\/tienda\\\/sin categor\u00eda\\\/bafle-proel-subwoofer-mod-ex218sp4\\\/\"]}]},{\"@type\":\"ImageObject\",\"inLanguage\":\"en-US\",\"@id\":\"https:\\\/\\\/www.mexicanguitarplayers.com\\\/tienda\\\/sin categor\u00eda\\\/bafle-proel-subwoofer-mod-ex218sp4\\\/#primaryimage\",\"url\":\"https:\\\/\\\/www.mexicanguitarplayers.com\\\/wp-content\\\/uploads\\\/2025\\\/04\\\/IAPREEX218SP4.jpg\",\"contentUrl\":\"https:\\\/\\\/www.mexicanguitarplayers.com\\\/wp-content\\\/uploads\\\/2025\\\/04\\\/IAPREEX218SP4.jpg\",\"width\":800,\"height\":1600},{\"@type\":\"BreadcrumbList\",\"@id\":\"https:\\\/\\\/www.mexicanguitarplayers.com\\\/tienda\\\/sin categor\u00eda\\\/bafle-proel-subwoofer-mod-ex218sp4\\\/#breadcrumb\",\"itemListElement\":[{\"@type\":\"ListItem\",\"position\":1,\"name\":\"Portada\",\"item\":\"https:\\\/\\\/www.mexicanguitarplayers.com\\\/\"},{\"@type\":\"ListItem\",\"position\":2,\"name\":\"Tienda\",\"item\":\"https:\\\/\\\/www.mexicanguitarplayers.com\\\/tienda\\\/\"},{\"@type\":\"ListItem\",\"position\":3,\"name\":\"BAFLE PROEL SUBWOOFER MOD. EX218SP4\"}]},{\"@type\":\"WebSite\",\"@id\":\"https:\\\/\\\/www.mexicanguitarplayers.com\\\/#website\",\"url\":\"https:\\\/\\\/www.mexicanguitarplayers.com\\\/\",\"name\":\"Mexican Guitar Players\",\"description\":\"Website\",\"publisher\":{\"@id\":\"https:\\\/\\\/www.mexicanguitarplayers.com\\\/#organization\"},\"potentialAction\":[{\"@type\":\"SearchAction\",\"target\":{\"@type\":\"EntryPoint\",\"urlTemplate\":\"https:\\\/\\\/www.mexicanguitarplayers.com\\\/?s={search_term_string}\"},\"query-input\":{\"@type\":\"PropertyValueSpecification\",\"valueRequired\":true,\"valueName\":\"search_term_string\"}}],\"inLanguage\":\"en-US\"},{\"@type\":\"Organization\",\"@id\":\"https:\\\/\\\/www.mexicanguitarplayers.com\\\/#organization\",\"name\":\"Mexican Guitar Players\",\"url\":\"https:\\\/\\\/www.mexicanguitarplayers.com\\\/\",\"logo\":{\"@type\":\"ImageObject\",\"inLanguage\":\"en-US\",\"@id\":\"https:\\\/\\\/www.mexicanguitarplayers.com\\\/#\\\/schema\\\/logo\\\/image\\\/\",\"url\":\"\",\"contentUrl\":\"\",\"caption\":\"Mexican Guitar Players\"},\"image\":{\"@id\":\"https:\\\/\\\/www.mexicanguitarplayers.com\\\/#\\\/schema\\\/logo\\\/image\\\/\"}}]}<\/script>\n<!-- \/ Yoast SEO plugin. -->","yoast_head_json":{"title":"BAFLE PROEL SUBWOOFER MOD. EX218SP4 - Mexican Guitar Players","description":"Subwoofer pasivo, 2 woofers de 18\u201d pulgadas, impedancia nominal: 4 ohms, potencia continua: 500 watts, pico: 1000 watts, respuesta de frecuencia: 38 Hz - 250 kHz, sensibilidad: 100 dB, dimensiones: 54.8 x 101 x 68.7cm, peso: 65 kg, 2 recept\u00e1culos para poste, manijas ergon\u00f3micas retr\u00e1ctiles, fabricado con madera laminada de abedul, resistente acabado anti rasgaduras.","robots":{"index":"index","follow":"follow","max-snippet":"max-snippet:-1","max-image-preview":"max-image-preview:large","max-video-preview":"max-video-preview:-1"},"canonical":"https:\/\/www.mexicanguitarplayers.com\/en\/tienda\/sin categor\u00eda\/bafle-proel-subwoofer-mod-ex218sp4\/","og_locale":"en_US","og_type":"article","og_title":"BAFLE PROEL SUBWOOFER MOD. EX218SP4 - Mexican Guitar Players","og_description":"Subwoofer pasivo, 2 woofers de 18\u201d pulgadas, impedancia nominal: 4 ohms, potencia continua: 500 watts, pico: 1000 watts, respuesta de frecuencia: 38 Hz - 250 kHz, sensibilidad: 100 dB, dimensiones: 54.8 x 101 x 68.7cm, peso: 65 kg, 2 recept\u00e1culos para poste, manijas ergon\u00f3micas retr\u00e1ctiles, fabricado con madera laminada de abedul, resistente acabado anti rasgaduras.","og_url":"https:\/\/www.mexicanguitarplayers.com\/en\/tienda\/sin categor\u00eda\/bafle-proel-subwoofer-mod-ex218sp4\/","og_site_name":"Mexican Guitar Players","article_modified_time":"2026-04-10T10:45:33+00:00","twitter_card":"summary_large_image","twitter_misc":{"Est. reading time":"2 minutes"},"schema":{"@context":"https:\/\/schema.org","@graph":[{"@type":["WebPage","ItemPage"],"@id":"https:\/\/www.mexicanguitarplayers.com\/tienda\/sin categor\u00eda\/bafle-proel-subwoofer-mod-ex218sp4\/","url":"https:\/\/www.mexicanguitarplayers.com\/tienda\/sin categor\u00eda\/bafle-proel-subwoofer-mod-ex218sp4\/","name":"BAFLE PROEL SUBWOOFER MOD. EX218SP4 - Mexican Guitar Players","isPartOf":{"@id":"https:\/\/www.mexicanguitarplayers.com\/#website"},"primaryImageOfPage":{"@id":"https:\/\/www.mexicanguitarplayers.com\/tienda\/sin categor\u00eda\/bafle-proel-subwoofer-mod-ex218sp4\/#primaryimage"},"image":{"@id":"https:\/\/www.mexicanguitarplayers.com\/tienda\/sin categor\u00eda\/bafle-proel-subwoofer-mod-ex218sp4\/#primaryimage"},"thumbnailUrl":"https:\/\/www.mexicanguitarplayers.com\/wp-content\/uploads\/2025\/04\/IAPREEX218SP4.jpg","datePublished":"2025-04-06T22:08:39+00:00","dateModified":"2026-04-10T10:45:33+00:00","description":"Subwoofer pasivo, 2 woofers de 18\u201d pulgadas, impedancia nominal: 4 ohms, potencia continua: 500 watts, pico: 1000 watts, respuesta de frecuencia: 38 Hz - 250 kHz, sensibilidad: 100 dB, dimensiones: 54.8 x 101 x 68.7cm, peso: 65 kg, 2 recept\u00e1culos para poste, manijas ergon\u00f3micas retr\u00e1ctiles, fabricado con madera laminada de abedul, resistente acabado anti rasgaduras.","breadcrumb":{"@id":"https:\/\/www.mexicanguitarplayers.com\/tienda\/sin categor\u00eda\/bafle-proel-subwoofer-mod-ex218sp4\/#breadcrumb"},"inLanguage":"en-US","potentialAction":[{"@type":"ReadAction","target":["https:\/\/www.mexicanguitarplayers.com\/tienda\/sin categor\u00eda\/bafle-proel-subwoofer-mod-ex218sp4\/"]}]},{"@type":"ImageObject","inLanguage":"en-US","@id":"https:\/\/www.mexicanguitarplayers.com\/tienda\/sin categor\u00eda\/bafle-proel-subwoofer-mod-ex218sp4\/#primaryimage","url":"https:\/\/www.mexicanguitarplayers.com\/wp-content\/uploads\/2025\/04\/IAPREEX218SP4.jpg","contentUrl":"https:\/\/www.mexicanguitarplayers.com\/wp-content\/uploads\/2025\/04\/IAPREEX218SP4.jpg","width":800,"height":1600},{"@type":"BreadcrumbList","@id":"https:\/\/www.mexicanguitarplayers.com\/tienda\/sin categor\u00eda\/bafle-proel-subwoofer-mod-ex218sp4\/#breadcrumb","itemListElement":[{"@type":"ListItem","position":1,"name":"Portada","item":"https:\/\/www.mexicanguitarplayers.com\/"},{"@type":"ListItem","position":2,"name":"Tienda","item":"https:\/\/www.mexicanguitarplayers.com\/tienda\/"},{"@type":"ListItem","position":3,"name":"BAFLE PROEL SUBWOOFER MOD. EX218SP4"}]},{"@type":"WebSite","@id":"https:\/\/www.mexicanguitarplayers.com\/#website","url":"https:\/\/www.mexicanguitarplayers.com\/","name":"Mexican Guitar Players","description":"Website","publisher":{"@id":"https:\/\/www.mexicanguitarplayers.com\/#organization"},"potentialAction":[{"@type":"SearchAction","target":{"@type":"EntryPoint","urlTemplate":"https:\/\/www.mexicanguitarplayers.com\/?s={search_term_string}"},"query-input":{"@type":"PropertyValueSpecification","valueRequired":true,"valueName":"search_term_string"}}],"inLanguage":"en-US"},{"@type":"Organization","@id":"https:\/\/www.mexicanguitarplayers.com\/#organization","name":"Mexican Guitar Players","url":"https:\/\/www.mexicanguitarplayers.com\/","logo":{"@type":"ImageObject","inLanguage":"en-US","@id":"https:\/\/www.mexicanguitarplayers.com\/#\/schema\/logo\/image\/","url":"","contentUrl":"","caption":"Mexican Guitar Players"},"image":{"@id":"https:\/\/www.mexicanguitarplayers.com\/#\/schema\/logo\/image\/"}}]}},"brands":[{"id":252,"name":"PROEL","slug":"proel"}],"_links":{"self":[{"href":"https:\/\/www.mexicanguitarplayers.com\/en\/wp-json\/wp\/v2\/product\/25526","targetHints":{"allow":["GET"]}}],"collection":[{"href":"https:\/\/www.mexicanguitarplayers.com\/en\/wp-json\/wp\/v2\/product"}],"about":[{"href":"https:\/\/www.mexicanguitarplayers.com\/en\/wp-json\/wp\/v2\/types\/product"}],"replies":[{"embeddable":true,"href":"https:\/\/www.mexicanguitarplayers.com\/en\/wp-json\/wp\/v2\/comments?post=25526"}],"wp:featuredmedia":[{"embeddable":true,"href":"https:\/\/www.mexicanguitarplayers.com\/en\/wp-json\/wp\/v2\/media\/25522"}],"wp:attachment":[{"href":"https:\/\/www.mexicanguitarplayers.com\/en\/wp-json\/wp\/v2\/media?parent=25526"}],"wp:term":[{"taxonomy":"pwb-brand","embeddable":true,"href":"https:\/\/www.mexicanguitarplayers.com\/en\/wp-json\/wp\/v2\/pwb-brand?post=25526"},{"taxonomy":"product_brand","embeddable":true,"href":"https:\/\/www.mexicanguitarplayers.com\/en\/wp-json\/wp\/v2\/product_brand?post=25526"},{"taxonomy":"product_cat","embeddable":true,"href":"https:\/\/www.mexicanguitarplayers.com\/en\/wp-json\/wp\/v2\/product_cat?post=25526"},{"taxonomy":"product_tag","embeddable":true,"href":"https:\/\/www.mexicanguitarplayers.com\/en\/wp-json\/wp\/v2\/product_tag?post=25526"}],"curies":[{"name":"wp","href":"https:\/\/api.w.org\/{rel}","templated":true}]}}