{"id":25562,"date":"2025-04-06T16:10:43","date_gmt":"2025-04-06T22:10:43","guid":{"rendered":"https:\/\/www.mexicanguitarplayers.com\/tienda\/sin categor\u00eda\/microfono-behringer-mod-ta-312s\/"},"modified":"2026-04-16T16:15:16","modified_gmt":"2026-04-16T22:15:16","slug":"microfono-behringer-mod-ta-312s","status":"publish","type":"product","link":"https:\/\/www.mexicanguitarplayers.com\/en\/tienda\/audio\/microfonia\/microfonos-alambricos\/de-escritorio\/microfono-behringer-mod-ta-312s\/","title":{"rendered":"MICROFONO BEHRINGER    MOD. TA 312S"},"content":{"rendered":"<div style=\"text-align: justify\">\n<div>\n<h3>Comunicaci\u00f3n flexible.<\/h3>\n<\/div>\n<div>El micr\u00f3fono de cuello de cisne TA 312S aporta un significado completamente nuevo a la palabra flexible. M\u00e1s all\u00e1 de sus cuellos de cisne totalmente ajustables se encuentra un nuevo nivel de flexibilidad. Dise\u00f1ado para un f\u00e1cil reemplazo y disponible en caracter\u00edsticas direccionales cardioides, ofrece una amplia respuesta de frecuencia y una reproducci\u00f3n de sonido precisa para una amplia variedad de aplicaciones, como la comunicaci\u00f3n de m\u00fasicos y stage conectando directamente a tu mezcladora X32, salas de audiencia y centros de conferencias. No m\u00e1s estruendo, s\u00f3lo claridad sintonizada. La reverberaci\u00f3n y la ac\u00fastica de la sala ya no ser\u00e1n tu quebradero de cabeza. Los micr\u00f3fonos TA 312S est\u00e1n ajustados para el habla y garantizan una claridad  cristalina en la comunicaci\u00f3n con un sonido claro e inteligible que todos pueden escuchar y comprender. Sin dolores de cabeza para su instalaci\u00f3n. El altamente compacto TA 312S est\u00e1 dise\u00f1ado para conectarlo directamente en cualquier panel o conector XLR hembra montado en el escritorio.<\/div>\n<div>\n<h4>Quick look<\/h4>\n<\/div>\n<ul style=\"margin: 0px 0px 0px 25px\">\n<li style=\"list-style-type: circle;margin: 5px\">Kind.<\/li>\n<li style=\"list-style-type: circle;margin: 5px\">Frequency response.<\/li>\n<li style=\"list-style-type: circle;margin: 5px\">Impedance.<\/li>\n<li style=\"list-style-type: circle;margin: 5px\">Connector<\/li>\n<li style=\"list-style-type: circle;margin: 5px\">Polar pattern.<\/li>\n<li style=\"list-style-type: circle;margin: 5px\">Sensitivity.<\/li>\n<li style=\"list-style-type: circle;margin: 5px\">Weight.<\/li>\n<\/ul>\n<div>\n<div style=\"font-weight: bold\">Kind.<\/div>\n<div>\n<p>Din\u00e1mico.<\/p>\n<\/div>\n<div style=\"font-weight: bold\">Frequency response.<\/div>\n<div>\n<p>50 Hz a 18 kHz.<\/p>\n<\/div>\n<div style=\"font-weight: bold\">Impedance.<\/div>\n<div>\n<p>500 ohms.<\/p>\n<\/div>\n<div style=\"font-weight: bold\">Connector<\/div>\n<div>\n<p>3-pin XLR.<\/p>\n<\/div>\n<div style=\"font-weight: bold\">Polar pattern.<\/div>\n<div>\n<p>Cardioid.<\/p>\n<\/div>\n<div style=\"font-weight: bold\">Sensitivity.<\/div>\n<div>\n<p>-53 dB \u00b13 dB @ 1 kHz (1 V \/ Pa).<\/p>\n<\/div>\n<div style=\"font-weight: bold\">Weight.<\/div>\n<div>\n<p>236 g.<\/p>\n<\/div>\n<\/div>\n<\/div>","protected":false},"excerpt":{"rendered":"<p>Micr\u00f3fono din\u00e1mico profesional con cuello de cisne para aplicaciones vocales transparentes, ideal como micr\u00f3fono de talkback para estudio, podios, conferencias y escritorio, patr\u00f3n polar cardioide que minimiza el ruido de fondo y la retroalimentaci\u00f3n, cuello de cisne flexible para una mejor experiencia de usuario, conveniente switch On\/Off para mutear durante los descansos, salida de se\u00f1al extremadamente alta, construcci\u00f3n robusta y confiable con cuerpo die-cast, incluye efectivos filtros anti viento y anti pop.&hellip; <a class=\"kt-excerpt-readmore more-link\" href=\"https:\/\/www.mexicanguitarplayers.com\/en\/tienda\/audio\/microfonia\/microfonos-alambricos\/de-escritorio\/microfono-behringer-mod-ta-312s\/\">Read more<\/a><\/p>","protected":false},"featured_media":25557,"comment_status":"open","ping_status":"closed","template":"","meta":{"kt_blocks_editor_width":""},"pwb-brand":[171],"product_brand":[],"product_cat":[213,217,214,215],"product_tag":[],"class_list":{"0":"post-25562","1":"product","2":"type-product","3":"status-publish","4":"has-post-thumbnail","6":"pwb-brand-behringer","7":"product_cat-audio","8":"product_cat-de-escritorio","9":"product_cat-microfonia","10":"product_cat-microfonos-alambricos","11":"product_shipping_class-0-5-kg","13":"first","14":"outofstock","15":"taxable","16":"shipping-taxable","17":"purchasable","18":"product-type-simple"},"yoast_head":"<!-- This site is optimized with the Yoast SEO plugin v27.5 - https:\/\/yoast.com\/product\/yoast-seo-wordpress\/ -->\n<title>MICROFONO BEHRINGER  MOD. TA 312S - Mexican Guitar Players<\/title>\n<meta name=\"description\" content=\"Micr\u00f3fono din\u00e1mico profesional con cuello de cisne para aplicaciones vocales transparentes, ideal como micr\u00f3fono de talkback para estudio, podios, conferencias y escritorio, patr\u00f3n polar cardioide que minimiza el ruido de fondo y la retroalimentaci\u00f3n, cuello de cisne flexible para una mejor experiencia de usuario, conveniente switch On\/Off para mutear durante los descansos, salida de se\u00f1al extremadamente alta, construcci\u00f3n robusta y confiable con cuerpo die-cast, incluye efectivos filtros anti viento y anti pop.\" \/>\n<meta name=\"robots\" content=\"index, follow, max-snippet:-1, max-image-preview:large, max-video-preview:-1\" \/>\n<link rel=\"canonical\" href=\"https:\/\/www.mexicanguitarplayers.com\/en\/tienda\/sin%20categor\u00eda\/microfono-behringer-mod-ta-312s\/\" \/>\n<meta property=\"og:locale\" content=\"en_US\" \/>\n<meta property=\"og:type\" content=\"article\" \/>\n<meta property=\"og:title\" content=\"MICROFONO BEHRINGER  MOD. TA 312S - Mexican Guitar Players\" \/>\n<meta property=\"og:description\" content=\"Micr\u00f3fono din\u00e1mico profesional con cuello de cisne para aplicaciones vocales transparentes, ideal como micr\u00f3fono de talkback para estudio, podios, conferencias y escritorio, patr\u00f3n polar cardioide que minimiza el ruido de fondo y la retroalimentaci\u00f3n, cuello de cisne flexible para una mejor experiencia de usuario, conveniente switch On\/Off para mutear durante los descansos, salida de se\u00f1al extremadamente alta, construcci\u00f3n robusta y confiable con cuerpo die-cast, incluye efectivos filtros anti viento y anti pop.\" \/>\n<meta property=\"og:url\" content=\"https:\/\/www.mexicanguitarplayers.com\/en\/tienda\/sin categor\u00eda\/microfono-behringer-mod-ta-312s\/\" \/>\n<meta property=\"og:site_name\" content=\"Mexican Guitar Players\" \/>\n<meta property=\"article:modified_time\" content=\"2026-04-16T22:15:16+00:00\" \/>\n<meta name=\"twitter:card\" content=\"summary_large_image\" \/>\n<meta name=\"twitter:label1\" content=\"Est. reading time\" \/>\n\t<meta name=\"twitter:data1\" content=\"1 minute\" \/>\n<script type=\"application\/ld+json\" class=\"yoast-schema-graph\">{\"@context\":\"https:\\\/\\\/schema.org\",\"@graph\":[{\"@type\":[\"WebPage\",\"ItemPage\"],\"@id\":\"https:\\\/\\\/www.mexicanguitarplayers.com\\\/tienda\\\/sin categor\u00eda\\\/microfono-behringer-mod-ta-312s\\\/\",\"url\":\"https:\\\/\\\/www.mexicanguitarplayers.com\\\/tienda\\\/sin categor\u00eda\\\/microfono-behringer-mod-ta-312s\\\/\",\"name\":\"MICROFONO BEHRINGER MOD. TA 312S - Mexican Guitar Players\",\"isPartOf\":{\"@id\":\"https:\\\/\\\/www.mexicanguitarplayers.com\\\/#website\"},\"primaryImageOfPage\":{\"@id\":\"https:\\\/\\\/www.mexicanguitarplayers.com\\\/tienda\\\/sin categor\u00eda\\\/microfono-behringer-mod-ta-312s\\\/#primaryimage\"},\"image\":{\"@id\":\"https:\\\/\\\/www.mexicanguitarplayers.com\\\/tienda\\\/sin categor\u00eda\\\/microfono-behringer-mod-ta-312s\\\/#primaryimage\"},\"thumbnailUrl\":\"https:\\\/\\\/www.mexicanguitarplayers.com\\\/wp-content\\\/uploads\\\/2025\\\/04\\\/IABEHTA312S.jpg\",\"datePublished\":\"2025-04-06T22:10:43+00:00\",\"dateModified\":\"2026-04-16T22:15:16+00:00\",\"description\":\"Micr\u00f3fono din\u00e1mico profesional con cuello de cisne para aplicaciones vocales transparentes, ideal como micr\u00f3fono de talkback para estudio, podios, conferencias y escritorio, patr\u00f3n polar cardioide que minimiza el ruido de fondo y la retroalimentaci\u00f3n, cuello de cisne flexible para una mejor experiencia de usuario, conveniente switch On\\\/Off para mutear durante los descansos, salida de se\u00f1al extremadamente alta, construcci\u00f3n robusta y confiable con cuerpo die-cast, incluye efectivos filtros anti viento y anti pop.\",\"breadcrumb\":{\"@id\":\"https:\\\/\\\/www.mexicanguitarplayers.com\\\/tienda\\\/sin categor\u00eda\\\/microfono-behringer-mod-ta-312s\\\/#breadcrumb\"},\"inLanguage\":\"en-US\",\"potentialAction\":[{\"@type\":\"ReadAction\",\"target\":[\"https:\\\/\\\/www.mexicanguitarplayers.com\\\/tienda\\\/sin categor\u00eda\\\/microfono-behringer-mod-ta-312s\\\/\"]}]},{\"@type\":\"ImageObject\",\"inLanguage\":\"en-US\",\"@id\":\"https:\\\/\\\/www.mexicanguitarplayers.com\\\/tienda\\\/sin categor\u00eda\\\/microfono-behringer-mod-ta-312s\\\/#primaryimage\",\"url\":\"https:\\\/\\\/www.mexicanguitarplayers.com\\\/wp-content\\\/uploads\\\/2025\\\/04\\\/IABEHTA312S.jpg\",\"contentUrl\":\"https:\\\/\\\/www.mexicanguitarplayers.com\\\/wp-content\\\/uploads\\\/2025\\\/04\\\/IABEHTA312S.jpg\",\"width\":800,\"height\":1600},{\"@type\":\"BreadcrumbList\",\"@id\":\"https:\\\/\\\/www.mexicanguitarplayers.com\\\/tienda\\\/sin categor\u00eda\\\/microfono-behringer-mod-ta-312s\\\/#breadcrumb\",\"itemListElement\":[{\"@type\":\"ListItem\",\"position\":1,\"name\":\"Portada\",\"item\":\"https:\\\/\\\/www.mexicanguitarplayers.com\\\/\"},{\"@type\":\"ListItem\",\"position\":2,\"name\":\"Tienda\",\"item\":\"https:\\\/\\\/www.mexicanguitarplayers.com\\\/tienda\\\/\"},{\"@type\":\"ListItem\",\"position\":3,\"name\":\"MICROFONO BEHRINGER MOD. TA 312S\"}]},{\"@type\":\"WebSite\",\"@id\":\"https:\\\/\\\/www.mexicanguitarplayers.com\\\/#website\",\"url\":\"https:\\\/\\\/www.mexicanguitarplayers.com\\\/\",\"name\":\"Mexican Guitar Players\",\"description\":\"Website\",\"publisher\":{\"@id\":\"https:\\\/\\\/www.mexicanguitarplayers.com\\\/#organization\"},\"potentialAction\":[{\"@type\":\"SearchAction\",\"target\":{\"@type\":\"EntryPoint\",\"urlTemplate\":\"https:\\\/\\\/www.mexicanguitarplayers.com\\\/?s={search_term_string}\"},\"query-input\":{\"@type\":\"PropertyValueSpecification\",\"valueRequired\":true,\"valueName\":\"search_term_string\"}}],\"inLanguage\":\"en-US\"},{\"@type\":\"Organization\",\"@id\":\"https:\\\/\\\/www.mexicanguitarplayers.com\\\/#organization\",\"name\":\"Mexican Guitar Players\",\"url\":\"https:\\\/\\\/www.mexicanguitarplayers.com\\\/\",\"logo\":{\"@type\":\"ImageObject\",\"inLanguage\":\"en-US\",\"@id\":\"https:\\\/\\\/www.mexicanguitarplayers.com\\\/#\\\/schema\\\/logo\\\/image\\\/\",\"url\":\"\",\"contentUrl\":\"\",\"caption\":\"Mexican Guitar Players\"},\"image\":{\"@id\":\"https:\\\/\\\/www.mexicanguitarplayers.com\\\/#\\\/schema\\\/logo\\\/image\\\/\"}}]}<\/script>\n<!-- \/ Yoast SEO plugin. -->","yoast_head_json":{"title":"MICROFONO BEHRINGER  MOD. TA 312S - Mexican Guitar Players","description":"Micr\u00f3fono din\u00e1mico profesional con cuello de cisne para aplicaciones vocales transparentes, ideal como micr\u00f3fono de talkback para estudio, podios, conferencias y escritorio, patr\u00f3n polar cardioide que minimiza el ruido de fondo y la retroalimentaci\u00f3n, cuello de cisne flexible para una mejor experiencia de usuario, conveniente switch On\/Off para mutear durante los descansos, salida de se\u00f1al extremadamente alta, construcci\u00f3n robusta y confiable con cuerpo die-cast, incluye efectivos filtros anti viento y anti pop.","robots":{"index":"index","follow":"follow","max-snippet":"max-snippet:-1","max-image-preview":"max-image-preview:large","max-video-preview":"max-video-preview:-1"},"canonical":"https:\/\/www.mexicanguitarplayers.com\/en\/tienda\/sin categor\u00eda\/microfono-behringer-mod-ta-312s\/","og_locale":"en_US","og_type":"article","og_title":"MICROFONO BEHRINGER  MOD. TA 312S - Mexican Guitar Players","og_description":"Micr\u00f3fono din\u00e1mico profesional con cuello de cisne para aplicaciones vocales transparentes, ideal como micr\u00f3fono de talkback para estudio, podios, conferencias y escritorio, patr\u00f3n polar cardioide que minimiza el ruido de fondo y la retroalimentaci\u00f3n, cuello de cisne flexible para una mejor experiencia de usuario, conveniente switch On\/Off para mutear durante los descansos, salida de se\u00f1al extremadamente alta, construcci\u00f3n robusta y confiable con cuerpo die-cast, incluye efectivos filtros anti viento y anti pop.","og_url":"https:\/\/www.mexicanguitarplayers.com\/en\/tienda\/sin categor\u00eda\/microfono-behringer-mod-ta-312s\/","og_site_name":"Mexican Guitar Players","article_modified_time":"2026-04-16T22:15:16+00:00","twitter_card":"summary_large_image","twitter_misc":{"Est. reading time":"1 minute"},"schema":{"@context":"https:\/\/schema.org","@graph":[{"@type":["WebPage","ItemPage"],"@id":"https:\/\/www.mexicanguitarplayers.com\/tienda\/sin categor\u00eda\/microfono-behringer-mod-ta-312s\/","url":"https:\/\/www.mexicanguitarplayers.com\/tienda\/sin categor\u00eda\/microfono-behringer-mod-ta-312s\/","name":"MICROFONO BEHRINGER MOD. TA 312S - Mexican Guitar Players","isPartOf":{"@id":"https:\/\/www.mexicanguitarplayers.com\/#website"},"primaryImageOfPage":{"@id":"https:\/\/www.mexicanguitarplayers.com\/tienda\/sin categor\u00eda\/microfono-behringer-mod-ta-312s\/#primaryimage"},"image":{"@id":"https:\/\/www.mexicanguitarplayers.com\/tienda\/sin categor\u00eda\/microfono-behringer-mod-ta-312s\/#primaryimage"},"thumbnailUrl":"https:\/\/www.mexicanguitarplayers.com\/wp-content\/uploads\/2025\/04\/IABEHTA312S.jpg","datePublished":"2025-04-06T22:10:43+00:00","dateModified":"2026-04-16T22:15:16+00:00","description":"Micr\u00f3fono din\u00e1mico profesional con cuello de cisne para aplicaciones vocales transparentes, ideal como micr\u00f3fono de talkback para estudio, podios, conferencias y escritorio, patr\u00f3n polar cardioide que minimiza el ruido de fondo y la retroalimentaci\u00f3n, cuello de cisne flexible para una mejor experiencia de usuario, conveniente switch On\/Off para mutear durante los descansos, salida de se\u00f1al extremadamente alta, construcci\u00f3n robusta y confiable con cuerpo die-cast, incluye efectivos filtros anti viento y anti pop.","breadcrumb":{"@id":"https:\/\/www.mexicanguitarplayers.com\/tienda\/sin categor\u00eda\/microfono-behringer-mod-ta-312s\/#breadcrumb"},"inLanguage":"en-US","potentialAction":[{"@type":"ReadAction","target":["https:\/\/www.mexicanguitarplayers.com\/tienda\/sin categor\u00eda\/microfono-behringer-mod-ta-312s\/"]}]},{"@type":"ImageObject","inLanguage":"en-US","@id":"https:\/\/www.mexicanguitarplayers.com\/tienda\/sin categor\u00eda\/microfono-behringer-mod-ta-312s\/#primaryimage","url":"https:\/\/www.mexicanguitarplayers.com\/wp-content\/uploads\/2025\/04\/IABEHTA312S.jpg","contentUrl":"https:\/\/www.mexicanguitarplayers.com\/wp-content\/uploads\/2025\/04\/IABEHTA312S.jpg","width":800,"height":1600},{"@type":"BreadcrumbList","@id":"https:\/\/www.mexicanguitarplayers.com\/tienda\/sin categor\u00eda\/microfono-behringer-mod-ta-312s\/#breadcrumb","itemListElement":[{"@type":"ListItem","position":1,"name":"Portada","item":"https:\/\/www.mexicanguitarplayers.com\/"},{"@type":"ListItem","position":2,"name":"Tienda","item":"https:\/\/www.mexicanguitarplayers.com\/tienda\/"},{"@type":"ListItem","position":3,"name":"MICROFONO BEHRINGER MOD. TA 312S"}]},{"@type":"WebSite","@id":"https:\/\/www.mexicanguitarplayers.com\/#website","url":"https:\/\/www.mexicanguitarplayers.com\/","name":"Mexican Guitar Players","description":"Website","publisher":{"@id":"https:\/\/www.mexicanguitarplayers.com\/#organization"},"potentialAction":[{"@type":"SearchAction","target":{"@type":"EntryPoint","urlTemplate":"https:\/\/www.mexicanguitarplayers.com\/?s={search_term_string}"},"query-input":{"@type":"PropertyValueSpecification","valueRequired":true,"valueName":"search_term_string"}}],"inLanguage":"en-US"},{"@type":"Organization","@id":"https:\/\/www.mexicanguitarplayers.com\/#organization","name":"Mexican Guitar Players","url":"https:\/\/www.mexicanguitarplayers.com\/","logo":{"@type":"ImageObject","inLanguage":"en-US","@id":"https:\/\/www.mexicanguitarplayers.com\/#\/schema\/logo\/image\/","url":"","contentUrl":"","caption":"Mexican Guitar Players"},"image":{"@id":"https:\/\/www.mexicanguitarplayers.com\/#\/schema\/logo\/image\/"}}]}},"brands":[{"id":171,"name":"BEHRINGER","slug":"behringer"}],"_links":{"self":[{"href":"https:\/\/www.mexicanguitarplayers.com\/en\/wp-json\/wp\/v2\/product\/25562","targetHints":{"allow":["GET"]}}],"collection":[{"href":"https:\/\/www.mexicanguitarplayers.com\/en\/wp-json\/wp\/v2\/product"}],"about":[{"href":"https:\/\/www.mexicanguitarplayers.com\/en\/wp-json\/wp\/v2\/types\/product"}],"replies":[{"embeddable":true,"href":"https:\/\/www.mexicanguitarplayers.com\/en\/wp-json\/wp\/v2\/comments?post=25562"}],"wp:featuredmedia":[{"embeddable":true,"href":"https:\/\/www.mexicanguitarplayers.com\/en\/wp-json\/wp\/v2\/media\/25557"}],"wp:attachment":[{"href":"https:\/\/www.mexicanguitarplayers.com\/en\/wp-json\/wp\/v2\/media?parent=25562"}],"wp:term":[{"taxonomy":"pwb-brand","embeddable":true,"href":"https:\/\/www.mexicanguitarplayers.com\/en\/wp-json\/wp\/v2\/pwb-brand?post=25562"},{"taxonomy":"product_brand","embeddable":true,"href":"https:\/\/www.mexicanguitarplayers.com\/en\/wp-json\/wp\/v2\/product_brand?post=25562"},{"taxonomy":"product_cat","embeddable":true,"href":"https:\/\/www.mexicanguitarplayers.com\/en\/wp-json\/wp\/v2\/product_cat?post=25562"},{"taxonomy":"product_tag","embeddable":true,"href":"https:\/\/www.mexicanguitarplayers.com\/en\/wp-json\/wp\/v2\/product_tag?post=25562"}],"curies":[{"name":"wp","href":"https:\/\/api.w.org\/{rel}","templated":true}]}}