{"id":25567,"date":"2025-04-06T16:10:52","date_gmt":"2025-04-06T22:10:52","guid":{"rendered":"https:\/\/www.mexicanguitarplayers.com\/tienda\/sin categor\u00eda\/amplificador-behringer-poder-nx6000\/"},"modified":"2026-04-27T13:15:11","modified_gmt":"2026-04-27T19:15:11","slug":"amplificador-behringer-poder-nx6000","status":"publish","type":"product","link":"https:\/\/www.mexicanguitarplayers.com\/en\/tienda\/audio\/amplificadores-audio\/amplificadores-de-potencia\/amplificador-behringer-poder-nx6000\/","title":{"rendered":"AMPLIFICADOR BEHRINGER PODER   NX6000"},"content":{"rendered":"<div style=\"text-align: justify\">\n<div>\n<h3>Clase D: poder masivo, sonido perfecto.<\/h3>\n<\/div>\n<div>El amplificador de potencia NX6000 incluye 6000 watts (2 x 3000 W a 4 ohms y 2 x 1600 W a 8 ohms) en un paquete excepcionalmente liviano (5.9 kg) para montaje en rack. Y debido a que el NX6000 es mucho m\u00e1s eficiente que los dise\u00f1os convencionales, funciona m\u00e1s fr\u00edo y no requiere los disipadores de calor masivos y transformadores toroidales pesados t\u00edpicamente asociados con sus contrapartes convencionales. Gracias a nuestros limitadores &#8220;Zero-Attack&#8221; que ofrecen un nivel de salida m\u00e1ximo con protecci\u00f3n de sobrecarga excepcionalmente confiable y compensaci\u00f3n de impedancia del altavoz SmartSense, que proporciona una respuesta de frecuencia completamente lineal a cualquier impedancia de carga de altavoz, puedes usar el NX6000 durante horas. Nuestra revolucionaria tecnolog\u00eda Clase D de alta densidad, combinada con una fuente de alimentaci\u00f3n en modo conmutado ultra eficaz, aseguran que esta potente amplificaci\u00f3n impulsar\u00e1 tu plataforma sin esfuerzo durante muchos a\u00f1os. Gracias a nuestra tecnolog\u00eda de amplificador clase D de alta densidad, podemos ofrecerte una potencia enorme y un incre\u00edble rendimiento s\u00f3nico en un paquete ligero, ultra port\u00e1til y f\u00e1cil de usar. La amplificaci\u00f3n clase D hace toda la diferencia, ofreciendo lo \u00faltimo en eficiencia energ\u00e9tica y eliminando la necesidad de fuentes de alimentaci\u00f3n pesadas y disipadores de calor masivos. Esta asombrosa tecnolog\u00eda hace posible dise\u00f1ar y construir productos extremadamente poderosos significativamente m\u00e1s livianos en peso que sus contrapartes tradicionales, mientras usan menos energ\u00eda y protegen el medioambiente. Los controles e indicadores del panel frontal proporcionan los signos vitales de tu sistema de un s\u00f3lo vistazo. Despu\u00e9s de presionar el bot\u00f3n de encendido, el LED de encendido se enciende para mostrar que el amplificador est\u00e1 listo para la acci\u00f3n. Todos los canales cuentan con controles de ganancia de retenci\u00f3n positiva con LED de se\u00f1al que se iluminan cuando hay una se\u00f1al presente, as\u00ed como LED de l\u00edmite para indicar cuando el amplificador est\u00e1 funcionando a plena capacidad. Tan elegante como la parte delantera, el panel trasero es el hogar de los conectores combo XLR y TRS \u00bc\u201d, lo que hace que el NX6000 sea compatible con pr\u00e1cticamente cualquier fuente, balanceada o desbalanceada. Se proporcionan jacks de altavoz profesionales para garantizar que cada gota de potencia de salida llegar\u00e1 a tus altavoces. El panel trasero es tambi\u00e9n donde encontrar\u00e1s los switches que permiten que el amplificador NX6000 funcione a tu elecci\u00f3n en modos ya sea mono o est\u00e9reo dual. El switch Crossover incorporado del NX6000 configura el amplificador en el modo de rango completo, donde la salida se env\u00eda sin filtrar a los altavoces, o modo Bi-amp, que env\u00eda solo el contenido de baja frecuencia ( 100 Hz) se canaliza a los altavoces de rango completo. Nuestra nueva tecnolog\u00eda SmartSense pone el golpe de vuelta en la amplificaci\u00f3n de Clase-D, proporcionando una respuesta de frecuencia de rango completo ampliamente mejorada con graves m\u00e1s potentes y din\u00e1micos, y una reproducci\u00f3n de alta frecuencia m\u00e1s suave. La salida resultante ya no depende de la carga real, sino que se convierte en regla perfectamente plana a trav\u00e9s de la compensaci\u00f3n de impedancia. El dise\u00f1o del NX6000 tambi\u00e9n incorpora un factor de amortiguaci\u00f3n significativamente mayor que proporciona un mejor control del amplificador sobre el altavoz para una reproducci\u00f3n de audio m\u00e1s fuerte, especialmente en el \u00e1rea de baja frecuencia.<\/div>\n<div>\n<h4>Quick look<\/h4>\n<\/div>\n<ul style=\"margin: 0px 0px 0px 25px\">\n<li style=\"list-style-type: circle;margin: 5px\">Potencia m\u00e1xima de salida.<\/li>\n<li style=\"list-style-type: circle;margin: 5px\">Controls<\/li>\n<li style=\"list-style-type: circle;margin: 5px\">Indicadores.<\/li>\n<li style=\"list-style-type: circle;margin: 5px\">Sensibilidad de entrada.<\/li>\n<li style=\"list-style-type: circle;margin: 5px\">System.<\/li>\n<li style=\"list-style-type: circle;margin: 5px\">Protecci\u00f3n.<\/li>\n<li style=\"list-style-type: circle;margin: 5px\">Fuente de alimentaci\u00f3n, voltaje, consumo de corriente.<\/li>\n<li style=\"list-style-type: circle;margin: 5px\">Dimensions.<\/li>\n<li style=\"list-style-type: circle;margin: 5px\">Weight.<\/li>\n<\/ul>\n<div>\n<div style=\"font-weight: bold\">Potencia m\u00e1xima de salida.<\/div>\n<div>\n<p>4 ohms por canal, est\u00e9reo: 2 x 3000W. 8 ohms por canal, est\u00e9reo: 2 x 1600W.<\/p>\n<\/div>\n<div style=\"font-weight: bold\">Controls<\/div>\n<div>\n<p>Panel frontal: Power Switch, Controles de ganancia (canales A y B). Panel trasero: Switch de modo (mono o est\u00e9reo), switch de Crossover (LF \/ fullrange \/ HF), circuit breaker.<\/p>\n<\/div>\n<div style=\"font-weight: bold\">Indicadores.<\/div>\n<div>\n<p>Encendido: LED \u00e1mbar. L\u00edmite (por canal): 0 dB LED. Se\u00f1al (por canal): -40 \/ -6 \/ -3 dB LEDs. Protecci\u00f3n (por canal): LED rojo.<\/p>\n<\/div>\n<div style=\"font-weight: bold\">Sensibilidad de entrada.<\/div>\n<div>\n<p>Para potencia nominal en 4 ohms: 0.775 V (0 dBu).<\/p>\n<\/div>\n<div style=\"font-weight: bold\">System.<\/div>\n<div>\n<p>Entradas: 2 combo jacks. Impedancia de entrada: 10 kilo-ohms balanceado y 20 kilo-ohms desbalanceado. Salidas: 2 conectores de altavoz locking-style. Circuiter\u00eda de salida: Clase D. Distorsi\u00f3n: 140 @ 8 ohms. Relaci\u00f3n se\u00f1al a ruido: &gt;100 dB.<\/p>\n<\/div>\n<div style=\"font-weight: bold\">Protecci\u00f3n.<\/div>\n<div>\n<p>Enfriamiento: Ventilador de velocidad continuamente variable, flujo de aire de adelante hacia atr\u00e1s. Protecci\u00f3n del amplificador: Protecci\u00f3n t\u00e9rmica y DC estable en cargas reactivas o no coincidentes. Protecci\u00f3n de carga: On\/Off muting, apagado de suministro de energ\u00eda de DC.<\/p>\n<\/div>\n<div style=\"font-weight: bold\">Fuente de alimentaci\u00f3n, voltaje, consumo de corriente.<\/div>\n<div>\n<p>120 V~, 60 Hz, (T 25 A H 250 V). Consumo de energ\u00eda a 4 ohms, 1\/potencia nominal: 620 W. Conector de energ\u00eda: Recept\u00e1culo IEC est\u00e1ndar.<\/p>\n<\/div>\n<div style=\"font-weight: bold\">Dimensions.<\/div>\n<div>\n<p>94 x 483 x 231 mm.<\/p>\n<\/div>\n<div style=\"font-weight: bold\">Weight.<\/div>\n<div>\n<p>5.9 kg.<\/p>\n<\/div>\n<\/div>\n<\/div>","protected":false},"excerpt":{"rendered":"<p>Amplificador de potencia ultraligero con compensaci\u00f3n de impedancia de altavoz Smartsense, proporciona 2 x 3000 watts a 4 ohms y 1600 watts a 8 ohms, tecnolog\u00eda High-Density Clase D de alto rendimiento con acumulaci\u00f3n t\u00e9rmica cercana a cero, fuente de alimentaci\u00f3n conmutada ultra eficaz para audio sin ruidos, respuesta transitoria superior y bajo consumo de energ\u00eda, crossover est\u00e9reo incorporado con modo de rango completo low-cut y high-cut, limitadores \u201dZero-Attack\u201d que ofrecen un nivel de salida m\u00e1ximo con protecci\u00f3n de sobrecarga confiable, controles de ganancia iluminados, LED de se\u00f1al y l\u00edmite precisos de 4 segmentos, conectores de entrada de combo XLR y TRS \u00bc  para compatibilidad con cualquier fuente, conectores profesionales de altavoz profesionales, protecci\u00f3n independiente de CC, LF y sobrecarga t\u00e9rmica en cada canal protege autom\u00e1ticamente el amplificador y los altavoces sin apagar el programa, sistema de ventilaci\u00f3n \u201dback-to-front\u201d previene la acumulaci\u00f3n t\u00e9rmica para un funcionamiento confiable, peso: 5.9 kg.&hellip; <a class=\"kt-excerpt-readmore more-link\" href=\"https:\/\/www.mexicanguitarplayers.com\/en\/tienda\/audio\/amplificadores-audio\/amplificadores-de-potencia\/amplificador-behringer-poder-nx6000\/\">Read more<\/a><\/p>","protected":false},"featured_media":25563,"comment_status":"open","ping_status":"closed","template":"","meta":{"kt_blocks_editor_width":""},"pwb-brand":[171],"product_brand":[],"product_cat":[219,220,213],"product_tag":[],"class_list":{"0":"post-25567","1":"product","2":"type-product","3":"status-publish","4":"has-post-thumbnail","6":"pwb-brand-behringer","7":"product_cat-amplificadores-audio","8":"product_cat-amplificadores-de-potencia","9":"product_cat-audio","10":"product_shipping_class-5-10-kg","12":"first","13":"outofstock","14":"taxable","15":"shipping-taxable","16":"purchasable","17":"product-type-simple"},"yoast_head":"<!-- This site is optimized with the Yoast SEO plugin v27.5 - https:\/\/yoast.com\/product\/yoast-seo-wordpress\/ -->\n<title>AMPLIFICADOR BEHRINGER PODER  NX6000 - Mexican Guitar Players<\/title>\n<meta name=\"description\" content=\"Amplificador de potencia ultraligero con compensaci\u00f3n de impedancia de altavoz Smartsense, proporciona 2 x 3000 watts a 4 ohms y 1600 watts a 8 ohms, tecnolog\u00eda High-Density Clase D de alto rendimiento con acumulaci\u00f3n t\u00e9rmica cercana a cero, fuente de alimentaci\u00f3n conmutada ultra eficaz para audio sin ruidos, respuesta transitoria superior y bajo consumo de energ\u00eda, crossover est\u00e9reo incorporado con modo de rango completo low-cut y high-cut, limitadores \u201dZero-Attack\u201d que ofrecen un nivel de salida m\u00e1ximo con protecci\u00f3n de sobrecarga confiable, controles de ganancia iluminados, LED de se\u00f1al y l\u00edmite precisos de 4 segmentos, conectores de entrada de combo XLR y TRS \u00bc para compatibilidad con cualquier fuente, conectores profesionales de altavoz profesionales, protecci\u00f3n independiente de CC, LF y sobrecarga t\u00e9rmica en cada canal protege autom\u00e1ticamente el amplificador y los altavoces sin apagar el programa, sistema de ventilaci\u00f3n \u201dback-to-front\u201d previene la acumulaci\u00f3n t\u00e9rmica para un funcionamiento confiable, peso: 5.9 kg.\" \/>\n<meta name=\"robots\" content=\"index, follow, max-snippet:-1, max-image-preview:large, max-video-preview:-1\" \/>\n<link rel=\"canonical\" href=\"https:\/\/www.mexicanguitarplayers.com\/en\/tienda\/sin%20categor\u00eda\/amplificador-behringer-poder-nx6000\/\" \/>\n<meta property=\"og:locale\" content=\"en_US\" \/>\n<meta property=\"og:type\" content=\"article\" \/>\n<meta property=\"og:title\" content=\"AMPLIFICADOR BEHRINGER PODER  NX6000 - Mexican Guitar Players\" \/>\n<meta property=\"og:description\" content=\"Amplificador de potencia ultraligero con compensaci\u00f3n de impedancia de altavoz Smartsense, proporciona 2 x 3000 watts a 4 ohms y 1600 watts a 8 ohms, tecnolog\u00eda High-Density Clase D de alto rendimiento con acumulaci\u00f3n t\u00e9rmica cercana a cero, fuente de alimentaci\u00f3n conmutada ultra eficaz para audio sin ruidos, respuesta transitoria superior y bajo consumo de energ\u00eda, crossover est\u00e9reo incorporado con modo de rango completo low-cut y high-cut, limitadores \u201dZero-Attack\u201d que ofrecen un nivel de salida m\u00e1ximo con protecci\u00f3n de sobrecarga confiable, controles de ganancia iluminados, LED de se\u00f1al y l\u00edmite precisos de 4 segmentos, conectores de entrada de combo XLR y TRS \u00bc para compatibilidad con cualquier fuente, conectores profesionales de altavoz profesionales, protecci\u00f3n independiente de CC, LF y sobrecarga t\u00e9rmica en cada canal protege autom\u00e1ticamente el amplificador y los altavoces sin apagar el programa, sistema de ventilaci\u00f3n \u201dback-to-front\u201d previene la acumulaci\u00f3n t\u00e9rmica para un funcionamiento confiable, peso: 5.9 kg.\" \/>\n<meta property=\"og:url\" content=\"https:\/\/www.mexicanguitarplayers.com\/en\/tienda\/sin categor\u00eda\/amplificador-behringer-poder-nx6000\/\" \/>\n<meta property=\"og:site_name\" content=\"Mexican Guitar Players\" \/>\n<meta property=\"article:modified_time\" content=\"2026-04-27T19:15:11+00:00\" \/>\n<meta name=\"twitter:card\" content=\"summary_large_image\" \/>\n<meta name=\"twitter:label1\" content=\"Est. reading time\" \/>\n\t<meta name=\"twitter:data1\" content=\"4 minutes\" \/>\n<script type=\"application\/ld+json\" class=\"yoast-schema-graph\">{\"@context\":\"https:\\\/\\\/schema.org\",\"@graph\":[{\"@type\":[\"WebPage\",\"ItemPage\"],\"@id\":\"https:\\\/\\\/www.mexicanguitarplayers.com\\\/tienda\\\/sin categor\u00eda\\\/amplificador-behringer-poder-nx6000\\\/\",\"url\":\"https:\\\/\\\/www.mexicanguitarplayers.com\\\/tienda\\\/sin categor\u00eda\\\/amplificador-behringer-poder-nx6000\\\/\",\"name\":\"AMPLIFICADOR BEHRINGER PODER NX6000 - Mexican Guitar Players\",\"isPartOf\":{\"@id\":\"https:\\\/\\\/www.mexicanguitarplayers.com\\\/#website\"},\"primaryImageOfPage\":{\"@id\":\"https:\\\/\\\/www.mexicanguitarplayers.com\\\/tienda\\\/sin categor\u00eda\\\/amplificador-behringer-poder-nx6000\\\/#primaryimage\"},\"image\":{\"@id\":\"https:\\\/\\\/www.mexicanguitarplayers.com\\\/tienda\\\/sin categor\u00eda\\\/amplificador-behringer-poder-nx6000\\\/#primaryimage\"},\"thumbnailUrl\":\"https:\\\/\\\/www.mexicanguitarplayers.com\\\/wp-content\\\/uploads\\\/2025\\\/04\\\/IABEHNX6000.jpg\",\"datePublished\":\"2025-04-06T22:10:52+00:00\",\"dateModified\":\"2026-04-27T19:15:11+00:00\",\"description\":\"Amplificador de potencia ultraligero con compensaci\u00f3n de impedancia de altavoz Smartsense, proporciona 2 x 3000 watts a 4 ohms y 1600 watts a 8 ohms, tecnolog\u00eda High-Density Clase D de alto rendimiento con acumulaci\u00f3n t\u00e9rmica cercana a cero, fuente de alimentaci\u00f3n conmutada ultra eficaz para audio sin ruidos, respuesta transitoria superior y bajo consumo de energ\u00eda, crossover est\u00e9reo incorporado con modo de rango completo low-cut y high-cut, limitadores \u201dZero-Attack\u201d que ofrecen un nivel de salida m\u00e1ximo con protecci\u00f3n de sobrecarga confiable, controles de ganancia iluminados, LED de se\u00f1al y l\u00edmite precisos de 4 segmentos, conectores de entrada de combo XLR y TRS \u00bc para compatibilidad con cualquier fuente, conectores profesionales de altavoz profesionales, protecci\u00f3n independiente de CC, LF y sobrecarga t\u00e9rmica en cada canal protege autom\u00e1ticamente el amplificador y los altavoces sin apagar el programa, sistema de ventilaci\u00f3n \u201dback-to-front\u201d previene la acumulaci\u00f3n t\u00e9rmica para un funcionamiento confiable, peso: 5.9 kg.\",\"breadcrumb\":{\"@id\":\"https:\\\/\\\/www.mexicanguitarplayers.com\\\/tienda\\\/sin categor\u00eda\\\/amplificador-behringer-poder-nx6000\\\/#breadcrumb\"},\"inLanguage\":\"en-US\",\"potentialAction\":[{\"@type\":\"ReadAction\",\"target\":[\"https:\\\/\\\/www.mexicanguitarplayers.com\\\/tienda\\\/sin categor\u00eda\\\/amplificador-behringer-poder-nx6000\\\/\"]}]},{\"@type\":\"ImageObject\",\"inLanguage\":\"en-US\",\"@id\":\"https:\\\/\\\/www.mexicanguitarplayers.com\\\/tienda\\\/sin categor\u00eda\\\/amplificador-behringer-poder-nx6000\\\/#primaryimage\",\"url\":\"https:\\\/\\\/www.mexicanguitarplayers.com\\\/wp-content\\\/uploads\\\/2025\\\/04\\\/IABEHNX6000.jpg\",\"contentUrl\":\"https:\\\/\\\/www.mexicanguitarplayers.com\\\/wp-content\\\/uploads\\\/2025\\\/04\\\/IABEHNX6000.jpg\",\"width\":1600,\"height\":800},{\"@type\":\"BreadcrumbList\",\"@id\":\"https:\\\/\\\/www.mexicanguitarplayers.com\\\/tienda\\\/sin categor\u00eda\\\/amplificador-behringer-poder-nx6000\\\/#breadcrumb\",\"itemListElement\":[{\"@type\":\"ListItem\",\"position\":1,\"name\":\"Portada\",\"item\":\"https:\\\/\\\/www.mexicanguitarplayers.com\\\/\"},{\"@type\":\"ListItem\",\"position\":2,\"name\":\"Tienda\",\"item\":\"https:\\\/\\\/www.mexicanguitarplayers.com\\\/tienda\\\/\"},{\"@type\":\"ListItem\",\"position\":3,\"name\":\"AMPLIFICADOR BEHRINGER PODER NX6000\"}]},{\"@type\":\"WebSite\",\"@id\":\"https:\\\/\\\/www.mexicanguitarplayers.com\\\/#website\",\"url\":\"https:\\\/\\\/www.mexicanguitarplayers.com\\\/\",\"name\":\"Mexican Guitar Players\",\"description\":\"Website\",\"publisher\":{\"@id\":\"https:\\\/\\\/www.mexicanguitarplayers.com\\\/#organization\"},\"potentialAction\":[{\"@type\":\"SearchAction\",\"target\":{\"@type\":\"EntryPoint\",\"urlTemplate\":\"https:\\\/\\\/www.mexicanguitarplayers.com\\\/?s={search_term_string}\"},\"query-input\":{\"@type\":\"PropertyValueSpecification\",\"valueRequired\":true,\"valueName\":\"search_term_string\"}}],\"inLanguage\":\"en-US\"},{\"@type\":\"Organization\",\"@id\":\"https:\\\/\\\/www.mexicanguitarplayers.com\\\/#organization\",\"name\":\"Mexican Guitar Players\",\"url\":\"https:\\\/\\\/www.mexicanguitarplayers.com\\\/\",\"logo\":{\"@type\":\"ImageObject\",\"inLanguage\":\"en-US\",\"@id\":\"https:\\\/\\\/www.mexicanguitarplayers.com\\\/#\\\/schema\\\/logo\\\/image\\\/\",\"url\":\"\",\"contentUrl\":\"\",\"caption\":\"Mexican Guitar Players\"},\"image\":{\"@id\":\"https:\\\/\\\/www.mexicanguitarplayers.com\\\/#\\\/schema\\\/logo\\\/image\\\/\"}}]}<\/script>\n<!-- \/ Yoast SEO plugin. -->","yoast_head_json":{"title":"AMPLIFICADOR BEHRINGER PODER  NX6000 - Mexican Guitar Players","description":"Amplificador de potencia ultraligero con compensaci\u00f3n de impedancia de altavoz Smartsense, proporciona 2 x 3000 watts a 4 ohms y 1600 watts a 8 ohms, tecnolog\u00eda High-Density Clase D de alto rendimiento con acumulaci\u00f3n t\u00e9rmica cercana a cero, fuente de alimentaci\u00f3n conmutada ultra eficaz para audio sin ruidos, respuesta transitoria superior y bajo consumo de energ\u00eda, crossover est\u00e9reo incorporado con modo de rango completo low-cut y high-cut, limitadores \u201dZero-Attack\u201d que ofrecen un nivel de salida m\u00e1ximo con protecci\u00f3n de sobrecarga confiable, controles de ganancia iluminados, LED de se\u00f1al y l\u00edmite precisos de 4 segmentos, conectores de entrada de combo XLR y TRS \u00bc para compatibilidad con cualquier fuente, conectores profesionales de altavoz profesionales, protecci\u00f3n independiente de CC, LF y sobrecarga t\u00e9rmica en cada canal protege autom\u00e1ticamente el amplificador y los altavoces sin apagar el programa, sistema de ventilaci\u00f3n \u201dback-to-front\u201d previene la acumulaci\u00f3n t\u00e9rmica para un funcionamiento confiable, peso: 5.9 kg.","robots":{"index":"index","follow":"follow","max-snippet":"max-snippet:-1","max-image-preview":"max-image-preview:large","max-video-preview":"max-video-preview:-1"},"canonical":"https:\/\/www.mexicanguitarplayers.com\/en\/tienda\/sin categor\u00eda\/amplificador-behringer-poder-nx6000\/","og_locale":"en_US","og_type":"article","og_title":"AMPLIFICADOR BEHRINGER PODER  NX6000 - Mexican Guitar Players","og_description":"Amplificador de potencia ultraligero con compensaci\u00f3n de impedancia de altavoz Smartsense, proporciona 2 x 3000 watts a 4 ohms y 1600 watts a 8 ohms, tecnolog\u00eda High-Density Clase D de alto rendimiento con acumulaci\u00f3n t\u00e9rmica cercana a cero, fuente de alimentaci\u00f3n conmutada ultra eficaz para audio sin ruidos, respuesta transitoria superior y bajo consumo de energ\u00eda, crossover est\u00e9reo incorporado con modo de rango completo low-cut y high-cut, limitadores \u201dZero-Attack\u201d que ofrecen un nivel de salida m\u00e1ximo con protecci\u00f3n de sobrecarga confiable, controles de ganancia iluminados, LED de se\u00f1al y l\u00edmite precisos de 4 segmentos, conectores de entrada de combo XLR y TRS \u00bc para compatibilidad con cualquier fuente, conectores profesionales de altavoz profesionales, protecci\u00f3n independiente de CC, LF y sobrecarga t\u00e9rmica en cada canal protege autom\u00e1ticamente el amplificador y los altavoces sin apagar el programa, sistema de ventilaci\u00f3n \u201dback-to-front\u201d previene la acumulaci\u00f3n t\u00e9rmica para un funcionamiento confiable, peso: 5.9 kg.","og_url":"https:\/\/www.mexicanguitarplayers.com\/en\/tienda\/sin categor\u00eda\/amplificador-behringer-poder-nx6000\/","og_site_name":"Mexican Guitar Players","article_modified_time":"2026-04-27T19:15:11+00:00","twitter_card":"summary_large_image","twitter_misc":{"Est. reading time":"4 minutes"},"schema":{"@context":"https:\/\/schema.org","@graph":[{"@type":["WebPage","ItemPage"],"@id":"https:\/\/www.mexicanguitarplayers.com\/tienda\/sin categor\u00eda\/amplificador-behringer-poder-nx6000\/","url":"https:\/\/www.mexicanguitarplayers.com\/tienda\/sin categor\u00eda\/amplificador-behringer-poder-nx6000\/","name":"AMPLIFICADOR BEHRINGER PODER NX6000 - Mexican Guitar Players","isPartOf":{"@id":"https:\/\/www.mexicanguitarplayers.com\/#website"},"primaryImageOfPage":{"@id":"https:\/\/www.mexicanguitarplayers.com\/tienda\/sin categor\u00eda\/amplificador-behringer-poder-nx6000\/#primaryimage"},"image":{"@id":"https:\/\/www.mexicanguitarplayers.com\/tienda\/sin categor\u00eda\/amplificador-behringer-poder-nx6000\/#primaryimage"},"thumbnailUrl":"https:\/\/www.mexicanguitarplayers.com\/wp-content\/uploads\/2025\/04\/IABEHNX6000.jpg","datePublished":"2025-04-06T22:10:52+00:00","dateModified":"2026-04-27T19:15:11+00:00","description":"Amplificador de potencia ultraligero con compensaci\u00f3n de impedancia de altavoz Smartsense, proporciona 2 x 3000 watts a 4 ohms y 1600 watts a 8 ohms, tecnolog\u00eda High-Density Clase D de alto rendimiento con acumulaci\u00f3n t\u00e9rmica cercana a cero, fuente de alimentaci\u00f3n conmutada ultra eficaz para audio sin ruidos, respuesta transitoria superior y bajo consumo de energ\u00eda, crossover est\u00e9reo incorporado con modo de rango completo low-cut y high-cut, limitadores \u201dZero-Attack\u201d que ofrecen un nivel de salida m\u00e1ximo con protecci\u00f3n de sobrecarga confiable, controles de ganancia iluminados, LED de se\u00f1al y l\u00edmite precisos de 4 segmentos, conectores de entrada de combo XLR y TRS \u00bc para compatibilidad con cualquier fuente, conectores profesionales de altavoz profesionales, protecci\u00f3n independiente de CC, LF y sobrecarga t\u00e9rmica en cada canal protege autom\u00e1ticamente el amplificador y los altavoces sin apagar el programa, sistema de ventilaci\u00f3n \u201dback-to-front\u201d previene la acumulaci\u00f3n t\u00e9rmica para un funcionamiento confiable, peso: 5.9 kg.","breadcrumb":{"@id":"https:\/\/www.mexicanguitarplayers.com\/tienda\/sin categor\u00eda\/amplificador-behringer-poder-nx6000\/#breadcrumb"},"inLanguage":"en-US","potentialAction":[{"@type":"ReadAction","target":["https:\/\/www.mexicanguitarplayers.com\/tienda\/sin categor\u00eda\/amplificador-behringer-poder-nx6000\/"]}]},{"@type":"ImageObject","inLanguage":"en-US","@id":"https:\/\/www.mexicanguitarplayers.com\/tienda\/sin categor\u00eda\/amplificador-behringer-poder-nx6000\/#primaryimage","url":"https:\/\/www.mexicanguitarplayers.com\/wp-content\/uploads\/2025\/04\/IABEHNX6000.jpg","contentUrl":"https:\/\/www.mexicanguitarplayers.com\/wp-content\/uploads\/2025\/04\/IABEHNX6000.jpg","width":1600,"height":800},{"@type":"BreadcrumbList","@id":"https:\/\/www.mexicanguitarplayers.com\/tienda\/sin categor\u00eda\/amplificador-behringer-poder-nx6000\/#breadcrumb","itemListElement":[{"@type":"ListItem","position":1,"name":"Portada","item":"https:\/\/www.mexicanguitarplayers.com\/"},{"@type":"ListItem","position":2,"name":"Tienda","item":"https:\/\/www.mexicanguitarplayers.com\/tienda\/"},{"@type":"ListItem","position":3,"name":"AMPLIFICADOR BEHRINGER PODER NX6000"}]},{"@type":"WebSite","@id":"https:\/\/www.mexicanguitarplayers.com\/#website","url":"https:\/\/www.mexicanguitarplayers.com\/","name":"Mexican Guitar Players","description":"Website","publisher":{"@id":"https:\/\/www.mexicanguitarplayers.com\/#organization"},"potentialAction":[{"@type":"SearchAction","target":{"@type":"EntryPoint","urlTemplate":"https:\/\/www.mexicanguitarplayers.com\/?s={search_term_string}"},"query-input":{"@type":"PropertyValueSpecification","valueRequired":true,"valueName":"search_term_string"}}],"inLanguage":"en-US"},{"@type":"Organization","@id":"https:\/\/www.mexicanguitarplayers.com\/#organization","name":"Mexican Guitar Players","url":"https:\/\/www.mexicanguitarplayers.com\/","logo":{"@type":"ImageObject","inLanguage":"en-US","@id":"https:\/\/www.mexicanguitarplayers.com\/#\/schema\/logo\/image\/","url":"","contentUrl":"","caption":"Mexican Guitar Players"},"image":{"@id":"https:\/\/www.mexicanguitarplayers.com\/#\/schema\/logo\/image\/"}}]}},"brands":[{"id":171,"name":"BEHRINGER","slug":"behringer"}],"_links":{"self":[{"href":"https:\/\/www.mexicanguitarplayers.com\/en\/wp-json\/wp\/v2\/product\/25567","targetHints":{"allow":["GET"]}}],"collection":[{"href":"https:\/\/www.mexicanguitarplayers.com\/en\/wp-json\/wp\/v2\/product"}],"about":[{"href":"https:\/\/www.mexicanguitarplayers.com\/en\/wp-json\/wp\/v2\/types\/product"}],"replies":[{"embeddable":true,"href":"https:\/\/www.mexicanguitarplayers.com\/en\/wp-json\/wp\/v2\/comments?post=25567"}],"wp:featuredmedia":[{"embeddable":true,"href":"https:\/\/www.mexicanguitarplayers.com\/en\/wp-json\/wp\/v2\/media\/25563"}],"wp:attachment":[{"href":"https:\/\/www.mexicanguitarplayers.com\/en\/wp-json\/wp\/v2\/media?parent=25567"}],"wp:term":[{"taxonomy":"pwb-brand","embeddable":true,"href":"https:\/\/www.mexicanguitarplayers.com\/en\/wp-json\/wp\/v2\/pwb-brand?post=25567"},{"taxonomy":"product_brand","embeddable":true,"href":"https:\/\/www.mexicanguitarplayers.com\/en\/wp-json\/wp\/v2\/product_brand?post=25567"},{"taxonomy":"product_cat","embeddable":true,"href":"https:\/\/www.mexicanguitarplayers.com\/en\/wp-json\/wp\/v2\/product_cat?post=25567"},{"taxonomy":"product_tag","embeddable":true,"href":"https:\/\/www.mexicanguitarplayers.com\/en\/wp-json\/wp\/v2\/product_tag?post=25567"}],"curies":[{"name":"wp","href":"https:\/\/api.w.org\/{rel}","templated":true}]}}