{"id":25591,"date":"2025-04-06T16:12:09","date_gmt":"2025-04-06T22:12:09","guid":{"rendered":"https:\/\/www.mexicanguitarplayers.com\/tienda\/sin categor\u00eda\/afinador-belcat-mod-ht-60\/"},"modified":"2025-04-06T16:12:09","modified_gmt":"2025-04-06T22:12:09","slug":"afinador-belcat-mod-ht-60","status":"publish","type":"product","link":"https:\/\/www.mexicanguitarplayers.com\/en\/tienda\/accesorios\/afinadores-y-metronomos\/afinadores\/afinadores-cromaticos\/afinador-belcat-mod-ht-60\/","title":{"rendered":"AFINADOR BELCAT         MOD. HT-60"},"content":{"rendered":"<div style=\"text-align: justify\">\n<div>\n<h3>La afinaci\u00f3n m\u00e1s exacta.<\/h3>\n<\/div>\n<div>Con el afinador HT-60 de Belcat obtendr\u00e1s la afinaci\u00f3n m\u00e1s exacta para tu guitarra, bajo o viol\u00edn, cuenta con modo de afinaci\u00f3n manual y autom\u00e1tica y ofrece una gran precisi\u00f3n. Cuenta con panel LCD retro iluminado, un sistema de apagado autom\u00e1tico que funciona luego de 7 minutos y utiliza una pila de bot\u00f3n CR2032. Belcat es una empresa que ha desarrollado una gran l\u00ednea de productos y accesorios muy bien fabricados, ofreciendo una gran relaci\u00f3n en cuanto a precio y calidad. Cuenta con afinadores, aud\u00edfonos, preamps, combos, metr\u00f3nomos, pastillas para guitarras el\u00e9ctricas, ac\u00fasticas y bajos de gran calidad y precisi\u00f3n.<\/div>\n<div>\n<h4>Characteristics<\/h4>\n<\/div>\n<div>\n<ul style=\"margin: 0px 0px 0px 25px\">\n<li style=\"list-style-type: circle;margin: 5px\">Afinador crom\u00e1tico para guitarra, bajo y ukulele.<\/li>\n<li style=\"list-style-type: circle;margin: 5px\">Clip con sensor de vibraci\u00f3n directa.<\/li>\n<li style=\"list-style-type: circle;margin: 5px\">Rango de afinaci\u00f3n: A0 (27.50 Hz) &#8211; C8 (4,186 Hz).<\/li>\n<li style=\"list-style-type: circle;margin: 5px\">Precisi\u00f3n: \u00b10.5 cent\u00e9simas.<\/li>\n<li style=\"list-style-type: circle;margin: 5px\">Panel LCD con iluminaci\u00f3n de fondo.<\/li>\n<li style=\"list-style-type: circle;margin: 5px\">Apagado autom\u00e1tico despu\u00e9s de 7 minutos.<\/li>\n<li style=\"list-style-type: circle;margin: 5px\">Utiliza una pila de bot\u00f3n CR2032.<\/li>\n<li style=\"list-style-type: circle;margin: 5px\">Dimensiones: 56 x 31 x 32 mm.<\/li>\n<\/ul>\n<\/div>\n<\/div>","protected":false},"excerpt":{"rendered":"<p>Afinador crom\u00e1tico para guitarra, bajo y ukulele, clip con sensor de vibraci\u00f3n directa para instrumentos ac\u00fasticos, rango de afinaci\u00f3n: A0 (27.50 Hz) &#8211; C8 (4,186 Hz), precisi\u00f3n: \u00b10.5 cent\u00e9simas, panel LCD con iluminaci\u00f3n de fondo, apagado autom\u00e1tico despu\u00e9s de 7 minutos, utiliza una pila de bot\u00f3n CR2032, dimensiones: 56 x 31 x 32 mm.&hellip; <a class=\"kt-excerpt-readmore more-link\" href=\"https:\/\/www.mexicanguitarplayers.com\/en\/tienda\/accesorios\/afinadores-y-metronomos\/afinadores\/afinadores-cromaticos\/afinador-belcat-mod-ht-60\/\">Read more<\/a><\/p>","protected":false},"featured_media":25590,"comment_status":"open","ping_status":"closed","template":"","meta":{"kt_blocks_editor_width":""},"pwb-brand":[258],"product_brand":[],"product_cat":[85,423,424,422],"product_tag":[],"class_list":{"0":"post-25591","1":"product","2":"type-product","3":"status-publish","4":"has-post-thumbnail","6":"pwb-brand-belcat","7":"product_cat-accesorios","8":"product_cat-afinadores","9":"product_cat-afinadores-cromaticos","10":"product_cat-afinadores-y-metronomos","11":"product_shipping_class-0-5-kg","13":"first","14":"outofstock","15":"taxable","16":"shipping-taxable","17":"purchasable","18":"product-type-simple"},"yoast_head":"<!-- This site is optimized with the Yoast SEO plugin v27.3 - https:\/\/yoast.com\/product\/yoast-seo-wordpress\/ -->\n<title>AFINADOR BELCAT     MOD. HT-60 - Mexican Guitar Players<\/title>\n<meta name=\"description\" content=\"Afinador crom\u00e1tico para guitarra, bajo y ukulele, clip con sensor de vibraci\u00f3n directa para instrumentos ac\u00fasticos, rango de afinaci\u00f3n: A0 (27.50 Hz) - C8 (4,186 Hz), precisi\u00f3n: \u00b10.5 cent\u00e9simas, panel LCD con iluminaci\u00f3n de fondo, apagado autom\u00e1tico despu\u00e9s de 7 minutos, utiliza una pila de bot\u00f3n CR2032, dimensiones: 56 x 31 x 32 mm.\" \/>\n<meta name=\"robots\" content=\"index, follow, max-snippet:-1, max-image-preview:large, max-video-preview:-1\" \/>\n<link rel=\"canonical\" href=\"https:\/\/www.mexicanguitarplayers.com\/en\/tienda\/sin%20categor\u00eda\/afinador-belcat-mod-ht-60\/\" \/>\n<meta property=\"og:locale\" content=\"en_US\" \/>\n<meta property=\"og:type\" content=\"article\" \/>\n<meta property=\"og:title\" content=\"AFINADOR BELCAT     MOD. HT-60 - Mexican Guitar Players\" \/>\n<meta property=\"og:description\" content=\"Afinador crom\u00e1tico para guitarra, bajo y ukulele, clip con sensor de vibraci\u00f3n directa para instrumentos ac\u00fasticos, rango de afinaci\u00f3n: A0 (27.50 Hz) - C8 (4,186 Hz), precisi\u00f3n: \u00b10.5 cent\u00e9simas, panel LCD con iluminaci\u00f3n de fondo, apagado autom\u00e1tico despu\u00e9s de 7 minutos, utiliza una pila de bot\u00f3n CR2032, dimensiones: 56 x 31 x 32 mm.\" \/>\n<meta property=\"og:url\" content=\"https:\/\/www.mexicanguitarplayers.com\/en\/tienda\/sin categor\u00eda\/afinador-belcat-mod-ht-60\/\" \/>\n<meta property=\"og:site_name\" content=\"Mexican Guitar Players\" \/>\n<meta name=\"twitter:card\" content=\"summary_large_image\" \/>\n<meta name=\"twitter:label1\" content=\"Est. reading time\" \/>\n\t<meta name=\"twitter:data1\" content=\"1 minute\" \/>\n<script type=\"application\/ld+json\" class=\"yoast-schema-graph\">{\"@context\":\"https:\\\/\\\/schema.org\",\"@graph\":[{\"@type\":[\"WebPage\",\"ItemPage\"],\"@id\":\"https:\\\/\\\/www.mexicanguitarplayers.com\\\/tienda\\\/sin categor\u00eda\\\/afinador-belcat-mod-ht-60\\\/\",\"url\":\"https:\\\/\\\/www.mexicanguitarplayers.com\\\/tienda\\\/sin categor\u00eda\\\/afinador-belcat-mod-ht-60\\\/\",\"name\":\"AFINADOR BELCAT MOD. HT-60 - Mexican Guitar Players\",\"isPartOf\":{\"@id\":\"https:\\\/\\\/www.mexicanguitarplayers.com\\\/#website\"},\"primaryImageOfPage\":{\"@id\":\"https:\\\/\\\/www.mexicanguitarplayers.com\\\/tienda\\\/sin categor\u00eda\\\/afinador-belcat-mod-ht-60\\\/#primaryimage\"},\"image\":{\"@id\":\"https:\\\/\\\/www.mexicanguitarplayers.com\\\/tienda\\\/sin categor\u00eda\\\/afinador-belcat-mod-ht-60\\\/#primaryimage\"},\"thumbnailUrl\":\"https:\\\/\\\/www.mexicanguitarplayers.com\\\/wp-content\\\/uploads\\\/2025\\\/04\\\/RABELHT60.jpg\",\"datePublished\":\"2025-04-06T22:12:09+00:00\",\"description\":\"Afinador crom\u00e1tico para guitarra, bajo y ukulele, clip con sensor de vibraci\u00f3n directa para instrumentos ac\u00fasticos, rango de afinaci\u00f3n: A0 (27.50 Hz) - C8 (4,186 Hz), precisi\u00f3n: \u00b10.5 cent\u00e9simas, panel LCD con iluminaci\u00f3n de fondo, apagado autom\u00e1tico despu\u00e9s de 7 minutos, utiliza una pila de bot\u00f3n CR2032, dimensiones: 56 x 31 x 32 mm.\",\"breadcrumb\":{\"@id\":\"https:\\\/\\\/www.mexicanguitarplayers.com\\\/tienda\\\/sin categor\u00eda\\\/afinador-belcat-mod-ht-60\\\/#breadcrumb\"},\"inLanguage\":\"en-US\",\"potentialAction\":[{\"@type\":\"ReadAction\",\"target\":[\"https:\\\/\\\/www.mexicanguitarplayers.com\\\/tienda\\\/sin categor\u00eda\\\/afinador-belcat-mod-ht-60\\\/\"]}]},{\"@type\":\"ImageObject\",\"inLanguage\":\"en-US\",\"@id\":\"https:\\\/\\\/www.mexicanguitarplayers.com\\\/tienda\\\/sin categor\u00eda\\\/afinador-belcat-mod-ht-60\\\/#primaryimage\",\"url\":\"https:\\\/\\\/www.mexicanguitarplayers.com\\\/wp-content\\\/uploads\\\/2025\\\/04\\\/RABELHT60.jpg\",\"contentUrl\":\"https:\\\/\\\/www.mexicanguitarplayers.com\\\/wp-content\\\/uploads\\\/2025\\\/04\\\/RABELHT60.jpg\",\"width\":1200,\"height\":1200},{\"@type\":\"BreadcrumbList\",\"@id\":\"https:\\\/\\\/www.mexicanguitarplayers.com\\\/tienda\\\/sin categor\u00eda\\\/afinador-belcat-mod-ht-60\\\/#breadcrumb\",\"itemListElement\":[{\"@type\":\"ListItem\",\"position\":1,\"name\":\"Portada\",\"item\":\"https:\\\/\\\/www.mexicanguitarplayers.com\\\/\"},{\"@type\":\"ListItem\",\"position\":2,\"name\":\"Tienda\",\"item\":\"https:\\\/\\\/www.mexicanguitarplayers.com\\\/tienda\\\/\"},{\"@type\":\"ListItem\",\"position\":3,\"name\":\"AFINADOR BELCAT MOD. HT-60\"}]},{\"@type\":\"WebSite\",\"@id\":\"https:\\\/\\\/www.mexicanguitarplayers.com\\\/#website\",\"url\":\"https:\\\/\\\/www.mexicanguitarplayers.com\\\/\",\"name\":\"Mexican Guitar Players\",\"description\":\"Website\",\"publisher\":{\"@id\":\"https:\\\/\\\/www.mexicanguitarplayers.com\\\/#organization\"},\"potentialAction\":[{\"@type\":\"SearchAction\",\"target\":{\"@type\":\"EntryPoint\",\"urlTemplate\":\"https:\\\/\\\/www.mexicanguitarplayers.com\\\/?s={search_term_string}\"},\"query-input\":{\"@type\":\"PropertyValueSpecification\",\"valueRequired\":true,\"valueName\":\"search_term_string\"}}],\"inLanguage\":\"en-US\"},{\"@type\":\"Organization\",\"@id\":\"https:\\\/\\\/www.mexicanguitarplayers.com\\\/#organization\",\"name\":\"Mexican Guitar Players\",\"url\":\"https:\\\/\\\/www.mexicanguitarplayers.com\\\/\",\"logo\":{\"@type\":\"ImageObject\",\"inLanguage\":\"en-US\",\"@id\":\"https:\\\/\\\/www.mexicanguitarplayers.com\\\/#\\\/schema\\\/logo\\\/image\\\/\",\"url\":\"\",\"contentUrl\":\"\",\"caption\":\"Mexican Guitar Players\"},\"image\":{\"@id\":\"https:\\\/\\\/www.mexicanguitarplayers.com\\\/#\\\/schema\\\/logo\\\/image\\\/\"}}]}<\/script>\n<!-- \/ Yoast SEO plugin. -->","yoast_head_json":{"title":"AFINADOR BELCAT     MOD. HT-60 - Mexican Guitar Players","description":"Afinador crom\u00e1tico para guitarra, bajo y ukulele, clip con sensor de vibraci\u00f3n directa para instrumentos ac\u00fasticos, rango de afinaci\u00f3n: A0 (27.50 Hz) - C8 (4,186 Hz), precisi\u00f3n: \u00b10.5 cent\u00e9simas, panel LCD con iluminaci\u00f3n de fondo, apagado autom\u00e1tico despu\u00e9s de 7 minutos, utiliza una pila de bot\u00f3n CR2032, dimensiones: 56 x 31 x 32 mm.","robots":{"index":"index","follow":"follow","max-snippet":"max-snippet:-1","max-image-preview":"max-image-preview:large","max-video-preview":"max-video-preview:-1"},"canonical":"https:\/\/www.mexicanguitarplayers.com\/en\/tienda\/sin categor\u00eda\/afinador-belcat-mod-ht-60\/","og_locale":"en_US","og_type":"article","og_title":"AFINADOR BELCAT     MOD. HT-60 - Mexican Guitar Players","og_description":"Afinador crom\u00e1tico para guitarra, bajo y ukulele, clip con sensor de vibraci\u00f3n directa para instrumentos ac\u00fasticos, rango de afinaci\u00f3n: A0 (27.50 Hz) - C8 (4,186 Hz), precisi\u00f3n: \u00b10.5 cent\u00e9simas, panel LCD con iluminaci\u00f3n de fondo, apagado autom\u00e1tico despu\u00e9s de 7 minutos, utiliza una pila de bot\u00f3n CR2032, dimensiones: 56 x 31 x 32 mm.","og_url":"https:\/\/www.mexicanguitarplayers.com\/en\/tienda\/sin categor\u00eda\/afinador-belcat-mod-ht-60\/","og_site_name":"Mexican Guitar Players","twitter_card":"summary_large_image","twitter_misc":{"Est. reading time":"1 minute"},"schema":{"@context":"https:\/\/schema.org","@graph":[{"@type":["WebPage","ItemPage"],"@id":"https:\/\/www.mexicanguitarplayers.com\/tienda\/sin categor\u00eda\/afinador-belcat-mod-ht-60\/","url":"https:\/\/www.mexicanguitarplayers.com\/tienda\/sin categor\u00eda\/afinador-belcat-mod-ht-60\/","name":"AFINADOR BELCAT MOD. HT-60 - Mexican Guitar Players","isPartOf":{"@id":"https:\/\/www.mexicanguitarplayers.com\/#website"},"primaryImageOfPage":{"@id":"https:\/\/www.mexicanguitarplayers.com\/tienda\/sin categor\u00eda\/afinador-belcat-mod-ht-60\/#primaryimage"},"image":{"@id":"https:\/\/www.mexicanguitarplayers.com\/tienda\/sin categor\u00eda\/afinador-belcat-mod-ht-60\/#primaryimage"},"thumbnailUrl":"https:\/\/www.mexicanguitarplayers.com\/wp-content\/uploads\/2025\/04\/RABELHT60.jpg","datePublished":"2025-04-06T22:12:09+00:00","description":"Afinador crom\u00e1tico para guitarra, bajo y ukulele, clip con sensor de vibraci\u00f3n directa para instrumentos ac\u00fasticos, rango de afinaci\u00f3n: A0 (27.50 Hz) - C8 (4,186 Hz), precisi\u00f3n: \u00b10.5 cent\u00e9simas, panel LCD con iluminaci\u00f3n de fondo, apagado autom\u00e1tico despu\u00e9s de 7 minutos, utiliza una pila de bot\u00f3n CR2032, dimensiones: 56 x 31 x 32 mm.","breadcrumb":{"@id":"https:\/\/www.mexicanguitarplayers.com\/tienda\/sin categor\u00eda\/afinador-belcat-mod-ht-60\/#breadcrumb"},"inLanguage":"en-US","potentialAction":[{"@type":"ReadAction","target":["https:\/\/www.mexicanguitarplayers.com\/tienda\/sin categor\u00eda\/afinador-belcat-mod-ht-60\/"]}]},{"@type":"ImageObject","inLanguage":"en-US","@id":"https:\/\/www.mexicanguitarplayers.com\/tienda\/sin categor\u00eda\/afinador-belcat-mod-ht-60\/#primaryimage","url":"https:\/\/www.mexicanguitarplayers.com\/wp-content\/uploads\/2025\/04\/RABELHT60.jpg","contentUrl":"https:\/\/www.mexicanguitarplayers.com\/wp-content\/uploads\/2025\/04\/RABELHT60.jpg","width":1200,"height":1200},{"@type":"BreadcrumbList","@id":"https:\/\/www.mexicanguitarplayers.com\/tienda\/sin categor\u00eda\/afinador-belcat-mod-ht-60\/#breadcrumb","itemListElement":[{"@type":"ListItem","position":1,"name":"Portada","item":"https:\/\/www.mexicanguitarplayers.com\/"},{"@type":"ListItem","position":2,"name":"Tienda","item":"https:\/\/www.mexicanguitarplayers.com\/tienda\/"},{"@type":"ListItem","position":3,"name":"AFINADOR BELCAT MOD. HT-60"}]},{"@type":"WebSite","@id":"https:\/\/www.mexicanguitarplayers.com\/#website","url":"https:\/\/www.mexicanguitarplayers.com\/","name":"Mexican Guitar Players","description":"Website","publisher":{"@id":"https:\/\/www.mexicanguitarplayers.com\/#organization"},"potentialAction":[{"@type":"SearchAction","target":{"@type":"EntryPoint","urlTemplate":"https:\/\/www.mexicanguitarplayers.com\/?s={search_term_string}"},"query-input":{"@type":"PropertyValueSpecification","valueRequired":true,"valueName":"search_term_string"}}],"inLanguage":"en-US"},{"@type":"Organization","@id":"https:\/\/www.mexicanguitarplayers.com\/#organization","name":"Mexican Guitar Players","url":"https:\/\/www.mexicanguitarplayers.com\/","logo":{"@type":"ImageObject","inLanguage":"en-US","@id":"https:\/\/www.mexicanguitarplayers.com\/#\/schema\/logo\/image\/","url":"","contentUrl":"","caption":"Mexican Guitar Players"},"image":{"@id":"https:\/\/www.mexicanguitarplayers.com\/#\/schema\/logo\/image\/"}}]}},"brands":[{"id":258,"name":"BELCAT","slug":"belcat"}],"_links":{"self":[{"href":"https:\/\/www.mexicanguitarplayers.com\/en\/wp-json\/wp\/v2\/product\/25591","targetHints":{"allow":["GET"]}}],"collection":[{"href":"https:\/\/www.mexicanguitarplayers.com\/en\/wp-json\/wp\/v2\/product"}],"about":[{"href":"https:\/\/www.mexicanguitarplayers.com\/en\/wp-json\/wp\/v2\/types\/product"}],"replies":[{"embeddable":true,"href":"https:\/\/www.mexicanguitarplayers.com\/en\/wp-json\/wp\/v2\/comments?post=25591"}],"wp:featuredmedia":[{"embeddable":true,"href":"https:\/\/www.mexicanguitarplayers.com\/en\/wp-json\/wp\/v2\/media\/25590"}],"wp:attachment":[{"href":"https:\/\/www.mexicanguitarplayers.com\/en\/wp-json\/wp\/v2\/media?parent=25591"}],"wp:term":[{"taxonomy":"pwb-brand","embeddable":true,"href":"https:\/\/www.mexicanguitarplayers.com\/en\/wp-json\/wp\/v2\/pwb-brand?post=25591"},{"taxonomy":"product_brand","embeddable":true,"href":"https:\/\/www.mexicanguitarplayers.com\/en\/wp-json\/wp\/v2\/product_brand?post=25591"},{"taxonomy":"product_cat","embeddable":true,"href":"https:\/\/www.mexicanguitarplayers.com\/en\/wp-json\/wp\/v2\/product_cat?post=25591"},{"taxonomy":"product_tag","embeddable":true,"href":"https:\/\/www.mexicanguitarplayers.com\/en\/wp-json\/wp\/v2\/product_tag?post=25591"}],"curies":[{"name":"wp","href":"https:\/\/api.w.org\/{rel}","templated":true}]}}