{"id":25623,"date":"2025-04-06T16:13:56","date_gmt":"2025-04-06T22:13:56","guid":{"rendered":"https:\/\/www.mexicanguitarplayers.com\/tienda\/sin categor\u00eda\/amplificador-hotone-mod-nla-1-british-i\/"},"modified":"2026-04-10T04:45:20","modified_gmt":"2026-04-10T10:45:20","slug":"amplificador-hotone-mod-nla-1-british-i","status":"publish","type":"product","link":"https:\/\/www.mexicanguitarplayers.com\/en\/tienda\/cuerdas\/amplificadores-cuerdas\/amps-para-guitarra\/amplificador-hotone-mod-nla-1-british-i\/","title":{"rendered":"AMPLIFICADOR HOTONE MOD. NLA-1 BRITISH I"},"content":{"rendered":"<div style=\"text-align: justify\">\n<div>\n<h3>A giant sound in a small box.<\/h3>\n<\/div>\n<div>British Invation es un peque\u00f1o amplificador port\u00e1til clase AB de 5 watts que captura las principales caracter\u00edsticas del legendario AC30 a un volumen bajo. Puedes ajustar su ecualizador de 3 bandas y las perillas de volumen y ganancia para recrear el aut\u00e9ntico sonido brit\u00e1nico en tu show, grabaci\u00f3n o sala de ensayo.  Hotone Audio es una compa\u00f1\u00eda motivada por el desarrollo y la innovaci\u00f3n tecnol\u00f3gica, considera la excelencia y calidad como una ventaja competitiva y se esfuerza por ofrecer a cada cliente una gran experiencia sensacional. Su lema es &#8220;Dise\u00f1o de Inspiraci\u00f3n&#8221;, cada producto nace de una lluvia de ideas, lo que es y lo que se puede hacer posible, uno de los valores fundamentales para desafiar los l\u00edmites del dise\u00f1o. Hotone fabrica productos de alta calidad, port\u00e1tiles, resistentes y duraderos para que cualquier m\u00fasico, ya sea aficionado o profesional pueda disfrutar e inspirarse por probar cosas nuevas sin comprometer el sonido.<\/div>\n<div>\n<h4>Quick look<\/h4>\n<\/div>\n<ul style=\"margin: 0px 0px 0px 25px\">\n<li style=\"list-style-type: circle;margin: 5px\">Great sound<\/li>\n<li style=\"list-style-type: circle;margin: 5px\">Portability.<\/li>\n<li style=\"list-style-type: circle;margin: 5px\">Controls<\/li>\n<li style=\"list-style-type: circle;margin: 5px\">Equalizer<\/li>\n<li style=\"list-style-type: circle;margin: 5px\">Speaker output.<\/li>\n<li style=\"list-style-type: circle;margin: 5px\">FX loop.<\/li>\n<li style=\"list-style-type: circle;margin: 5px\">Headphone output.<\/li>\n<li style=\"list-style-type: circle;margin: 5px\">Auxiliary input.<\/li>\n<li style=\"list-style-type: circle;margin: 5px\">Power supply.<\/li>\n<li style=\"list-style-type: circle;margin: 5px\">Output power.<\/li>\n<li style=\"list-style-type: circle;margin: 5px\">Dimensions.<\/li>\n<li style=\"list-style-type: circle;margin: 5px\">Weight.<\/li>\n<\/ul>\n<div>\n<div style=\"font-weight: bold\">Great sound<\/div>\n<div>\n<p>Inspirado en el legendario VOX AC30.<\/p>\n<\/div>\n<div style=\"font-weight: bold\">Portability.<\/div>\n<div>\n<p>Extremely compact configuration for portability.<\/p>\n<\/div>\n<div style=\"font-weight: bold\">Controls<\/div>\n<div>\n<p>High quality sound with volume and gain controls.<\/p>\n<\/div>\n<div style=\"font-weight: bold\">Equalizer<\/div>\n<div>\n<p>3-band EQ to shape your sound.<\/p>\n<\/div>\n<div style=\"font-weight: bold\">Speaker output.<\/div>\n<div>\n<p>1\/4 \u2033 mono jack output that can be connected to speakers of various impedances (4 - 16 ohms).<\/p>\n<\/div>\n<div style=\"font-weight: bold\">FX loop.<\/div>\n<div>\n<p>Send: 1\/4 \u2033 jack that sends the signal to the input jack of the connected effects unit (The effects loop is a route point between the preamp and the amp). Return: 1\/4 \u2033 jack that connects the jack output of the connected effects unit.<\/p>\n<\/div>\n<div style=\"font-weight: bold\">Headphone output.<\/div>\n<div>\n<p>1\/8 \u2033 stereo jack for practicing and \/ or recording.<\/p>\n<\/div>\n<div style=\"font-weight: bold\">Auxiliary input.<\/div>\n<div>\n<p>1\/8 \u2033 stereo jack lets you play along with an external music player.<\/p>\n<\/div>\n<div style=\"font-weight: bold\">Power supply.<\/div>\n<div>\n<p>18V DC (center negative).<\/p>\n<\/div>\n<div style=\"font-weight: bold\">Output power.<\/div>\n<div>\n<p>5 watts.<\/p>\n<\/div>\n<div style=\"font-weight: bold\">Dimensions.<\/div>\n<div>\n<p>128 x 75 x 59.5 mm.<\/p>\n<\/div>\n<div style=\"font-weight: bold\">Weight.<\/div>\n<div>\n<p>440 g.<\/p>\n<\/div>\n<\/div>\n<\/div>","protected":false},"excerpt":{"rendered":"<p>Amplificador nano Clase AB de 5 watts para guitarra el\u00e9ctrica, extremadamente compacto, port\u00e1til y resistente, te ofrece un sonido de alta calidad con controles de volumen y ganancia, ecualizador de 3 bandas, salida de altavoz para bafles de diversas impedancias (4 &#8211; 16 ohms), loop de efectos, salida de aud\u00edfonos, entrada auxiliar, fuente de alimentaci\u00f3n de 18V DC incluido.&hellip; <a class=\"kt-excerpt-readmore more-link\" href=\"https:\/\/www.mexicanguitarplayers.com\/en\/tienda\/cuerdas\/amplificadores-cuerdas\/amps-para-guitarra\/amplificador-hotone-mod-nla-1-british-i\/\">Read more<\/a><\/p>","protected":false},"featured_media":25618,"comment_status":"open","ping_status":"closed","template":"","meta":{"kt_blocks_editor_width":""},"pwb-brand":[183],"product_brand":[],"product_cat":[219,226,224],"product_tag":[],"class_list":{"0":"post-25623","1":"product","2":"type-product","3":"status-publish","4":"has-post-thumbnail","6":"pwb-brand-hotone","7":"product_cat-amplificadores-audio","8":"product_cat-amps-para-guitarra","9":"product_cat-cuerdas","10":"product_shipping_class-0-5-kg","12":"first","13":"outofstock","14":"taxable","15":"shipping-taxable","16":"purchasable","17":"product-type-simple"},"yoast_head":"<!-- This site is optimized with the Yoast SEO plugin v27.6 - https:\/\/yoast.com\/product\/yoast-seo-wordpress\/ -->\n<title>AMPLIFICADOR HOTONE MOD. NLA-1 BRITISH I - Mexican Guitar Players<\/title>\n<meta name=\"description\" content=\"Amplificador nano Clase AB de 5 watts para guitarra el\u00e9ctrica, extremadamente compacto, port\u00e1til y resistente, te ofrece un sonido de alta calidad con controles de volumen y ganancia, ecualizador de 3 bandas, salida de altavoz para bafles de diversas impedancias (4 - 16 ohms), loop de efectos, salida de aud\u00edfonos, entrada auxiliar, fuente de alimentaci\u00f3n de 18V DC incluido.\" \/>\n<meta name=\"robots\" content=\"index, follow, max-snippet:-1, max-image-preview:large, max-video-preview:-1\" \/>\n<link rel=\"canonical\" href=\"https:\/\/www.mexicanguitarplayers.com\/en\/tienda\/sin%20categor\u00eda\/amplificador-hotone-mod-nla-1-british-i\/\" \/>\n<meta property=\"og:locale\" content=\"en_US\" \/>\n<meta property=\"og:type\" content=\"article\" \/>\n<meta property=\"og:title\" content=\"AMPLIFICADOR HOTONE MOD. NLA-1 BRITISH I - Mexican Guitar Players\" \/>\n<meta property=\"og:description\" content=\"Amplificador nano Clase AB de 5 watts para guitarra el\u00e9ctrica, extremadamente compacto, port\u00e1til y resistente, te ofrece un sonido de alta calidad con controles de volumen y ganancia, ecualizador de 3 bandas, salida de altavoz para bafles de diversas impedancias (4 - 16 ohms), loop de efectos, salida de aud\u00edfonos, entrada auxiliar, fuente de alimentaci\u00f3n de 18V DC incluido.\" \/>\n<meta property=\"og:url\" content=\"https:\/\/www.mexicanguitarplayers.com\/en\/tienda\/sin categor\u00eda\/amplificador-hotone-mod-nla-1-british-i\/\" \/>\n<meta property=\"og:site_name\" content=\"Mexican Guitar Players\" \/>\n<meta property=\"article:modified_time\" content=\"2026-04-10T10:45:20+00:00\" \/>\n<meta name=\"twitter:card\" content=\"summary_large_image\" \/>\n<meta name=\"twitter:label1\" content=\"Est. reading time\" \/>\n\t<meta name=\"twitter:data1\" content=\"2 minutes\" \/>\n<script type=\"application\/ld+json\" class=\"yoast-schema-graph\">{\"@context\":\"https:\\\/\\\/schema.org\",\"@graph\":[{\"@type\":[\"WebPage\",\"ItemPage\"],\"@id\":\"https:\\\/\\\/www.mexicanguitarplayers.com\\\/tienda\\\/sin categor\u00eda\\\/amplificador-hotone-mod-nla-1-british-i\\\/\",\"url\":\"https:\\\/\\\/www.mexicanguitarplayers.com\\\/tienda\\\/sin categor\u00eda\\\/amplificador-hotone-mod-nla-1-british-i\\\/\",\"name\":\"AMPLIFICADOR HOTONE MOD. NLA-1 BRITISH I - Mexican Guitar Players\",\"isPartOf\":{\"@id\":\"https:\\\/\\\/www.mexicanguitarplayers.com\\\/#website\"},\"primaryImageOfPage\":{\"@id\":\"https:\\\/\\\/www.mexicanguitarplayers.com\\\/tienda\\\/sin categor\u00eda\\\/amplificador-hotone-mod-nla-1-british-i\\\/#primaryimage\"},\"image\":{\"@id\":\"https:\\\/\\\/www.mexicanguitarplayers.com\\\/tienda\\\/sin categor\u00eda\\\/amplificador-hotone-mod-nla-1-british-i\\\/#primaryimage\"},\"thumbnailUrl\":\"https:\\\/\\\/www.mexicanguitarplayers.com\\\/wp-content\\\/uploads\\\/2025\\\/04\\\/IAHOTNLA1.jpg\",\"datePublished\":\"2025-04-06T22:13:56+00:00\",\"dateModified\":\"2026-04-10T10:45:20+00:00\",\"description\":\"Amplificador nano Clase AB de 5 watts para guitarra el\u00e9ctrica, extremadamente compacto, port\u00e1til y resistente, te ofrece un sonido de alta calidad con controles de volumen y ganancia, ecualizador de 3 bandas, salida de altavoz para bafles de diversas impedancias (4 - 16 ohms), loop de efectos, salida de aud\u00edfonos, entrada auxiliar, fuente de alimentaci\u00f3n de 18V DC incluido.\",\"breadcrumb\":{\"@id\":\"https:\\\/\\\/www.mexicanguitarplayers.com\\\/tienda\\\/sin categor\u00eda\\\/amplificador-hotone-mod-nla-1-british-i\\\/#breadcrumb\"},\"inLanguage\":\"en-US\",\"potentialAction\":[{\"@type\":\"ReadAction\",\"target\":[\"https:\\\/\\\/www.mexicanguitarplayers.com\\\/tienda\\\/sin categor\u00eda\\\/amplificador-hotone-mod-nla-1-british-i\\\/\"]}]},{\"@type\":\"ImageObject\",\"inLanguage\":\"en-US\",\"@id\":\"https:\\\/\\\/www.mexicanguitarplayers.com\\\/tienda\\\/sin categor\u00eda\\\/amplificador-hotone-mod-nla-1-british-i\\\/#primaryimage\",\"url\":\"https:\\\/\\\/www.mexicanguitarplayers.com\\\/wp-content\\\/uploads\\\/2025\\\/04\\\/IAHOTNLA1.jpg\",\"contentUrl\":\"https:\\\/\\\/www.mexicanguitarplayers.com\\\/wp-content\\\/uploads\\\/2025\\\/04\\\/IAHOTNLA1.jpg\",\"width\":1600,\"height\":800},{\"@type\":\"BreadcrumbList\",\"@id\":\"https:\\\/\\\/www.mexicanguitarplayers.com\\\/tienda\\\/sin categor\u00eda\\\/amplificador-hotone-mod-nla-1-british-i\\\/#breadcrumb\",\"itemListElement\":[{\"@type\":\"ListItem\",\"position\":1,\"name\":\"Portada\",\"item\":\"https:\\\/\\\/www.mexicanguitarplayers.com\\\/\"},{\"@type\":\"ListItem\",\"position\":2,\"name\":\"Tienda\",\"item\":\"https:\\\/\\\/www.mexicanguitarplayers.com\\\/tienda\\\/\"},{\"@type\":\"ListItem\",\"position\":3,\"name\":\"AMPLIFICADOR HOTONE MOD. NLA-1 BRITISH I\"}]},{\"@type\":\"WebSite\",\"@id\":\"https:\\\/\\\/www.mexicanguitarplayers.com\\\/#website\",\"url\":\"https:\\\/\\\/www.mexicanguitarplayers.com\\\/\",\"name\":\"Mexican Guitar Players\",\"description\":\"Website\",\"publisher\":{\"@id\":\"https:\\\/\\\/www.mexicanguitarplayers.com\\\/#organization\"},\"potentialAction\":[{\"@type\":\"SearchAction\",\"target\":{\"@type\":\"EntryPoint\",\"urlTemplate\":\"https:\\\/\\\/www.mexicanguitarplayers.com\\\/?s={search_term_string}\"},\"query-input\":{\"@type\":\"PropertyValueSpecification\",\"valueRequired\":true,\"valueName\":\"search_term_string\"}}],\"inLanguage\":\"en-US\"},{\"@type\":\"Organization\",\"@id\":\"https:\\\/\\\/www.mexicanguitarplayers.com\\\/#organization\",\"name\":\"Mexican Guitar Players\",\"url\":\"https:\\\/\\\/www.mexicanguitarplayers.com\\\/\",\"logo\":{\"@type\":\"ImageObject\",\"inLanguage\":\"en-US\",\"@id\":\"https:\\\/\\\/www.mexicanguitarplayers.com\\\/#\\\/schema\\\/logo\\\/image\\\/\",\"url\":\"\",\"contentUrl\":\"\",\"caption\":\"Mexican Guitar Players\"},\"image\":{\"@id\":\"https:\\\/\\\/www.mexicanguitarplayers.com\\\/#\\\/schema\\\/logo\\\/image\\\/\"}}]}<\/script>\n<!-- \/ Yoast SEO plugin. -->","yoast_head_json":{"title":"AMPLIFICADOR HOTONE MOD. NLA-1 BRITISH I - Mexican Guitar Players","description":"Amplificador nano Clase AB de 5 watts para guitarra el\u00e9ctrica, extremadamente compacto, port\u00e1til y resistente, te ofrece un sonido de alta calidad con controles de volumen y ganancia, ecualizador de 3 bandas, salida de altavoz para bafles de diversas impedancias (4 - 16 ohms), loop de efectos, salida de aud\u00edfonos, entrada auxiliar, fuente de alimentaci\u00f3n de 18V DC incluido.","robots":{"index":"index","follow":"follow","max-snippet":"max-snippet:-1","max-image-preview":"max-image-preview:large","max-video-preview":"max-video-preview:-1"},"canonical":"https:\/\/www.mexicanguitarplayers.com\/en\/tienda\/sin categor\u00eda\/amplificador-hotone-mod-nla-1-british-i\/","og_locale":"en_US","og_type":"article","og_title":"AMPLIFICADOR HOTONE MOD. NLA-1 BRITISH I - Mexican Guitar Players","og_description":"Amplificador nano Clase AB de 5 watts para guitarra el\u00e9ctrica, extremadamente compacto, port\u00e1til y resistente, te ofrece un sonido de alta calidad con controles de volumen y ganancia, ecualizador de 3 bandas, salida de altavoz para bafles de diversas impedancias (4 - 16 ohms), loop de efectos, salida de aud\u00edfonos, entrada auxiliar, fuente de alimentaci\u00f3n de 18V DC incluido.","og_url":"https:\/\/www.mexicanguitarplayers.com\/en\/tienda\/sin categor\u00eda\/amplificador-hotone-mod-nla-1-british-i\/","og_site_name":"Mexican Guitar Players","article_modified_time":"2026-04-10T10:45:20+00:00","twitter_card":"summary_large_image","twitter_misc":{"Est. reading time":"2 minutes"},"schema":{"@context":"https:\/\/schema.org","@graph":[{"@type":["WebPage","ItemPage"],"@id":"https:\/\/www.mexicanguitarplayers.com\/tienda\/sin categor\u00eda\/amplificador-hotone-mod-nla-1-british-i\/","url":"https:\/\/www.mexicanguitarplayers.com\/tienda\/sin categor\u00eda\/amplificador-hotone-mod-nla-1-british-i\/","name":"AMPLIFICADOR HOTONE MOD. NLA-1 BRITISH I - Mexican Guitar Players","isPartOf":{"@id":"https:\/\/www.mexicanguitarplayers.com\/#website"},"primaryImageOfPage":{"@id":"https:\/\/www.mexicanguitarplayers.com\/tienda\/sin categor\u00eda\/amplificador-hotone-mod-nla-1-british-i\/#primaryimage"},"image":{"@id":"https:\/\/www.mexicanguitarplayers.com\/tienda\/sin categor\u00eda\/amplificador-hotone-mod-nla-1-british-i\/#primaryimage"},"thumbnailUrl":"https:\/\/www.mexicanguitarplayers.com\/wp-content\/uploads\/2025\/04\/IAHOTNLA1.jpg","datePublished":"2025-04-06T22:13:56+00:00","dateModified":"2026-04-10T10:45:20+00:00","description":"Amplificador nano Clase AB de 5 watts para guitarra el\u00e9ctrica, extremadamente compacto, port\u00e1til y resistente, te ofrece un sonido de alta calidad con controles de volumen y ganancia, ecualizador de 3 bandas, salida de altavoz para bafles de diversas impedancias (4 - 16 ohms), loop de efectos, salida de aud\u00edfonos, entrada auxiliar, fuente de alimentaci\u00f3n de 18V DC incluido.","breadcrumb":{"@id":"https:\/\/www.mexicanguitarplayers.com\/tienda\/sin categor\u00eda\/amplificador-hotone-mod-nla-1-british-i\/#breadcrumb"},"inLanguage":"en-US","potentialAction":[{"@type":"ReadAction","target":["https:\/\/www.mexicanguitarplayers.com\/tienda\/sin categor\u00eda\/amplificador-hotone-mod-nla-1-british-i\/"]}]},{"@type":"ImageObject","inLanguage":"en-US","@id":"https:\/\/www.mexicanguitarplayers.com\/tienda\/sin categor\u00eda\/amplificador-hotone-mod-nla-1-british-i\/#primaryimage","url":"https:\/\/www.mexicanguitarplayers.com\/wp-content\/uploads\/2025\/04\/IAHOTNLA1.jpg","contentUrl":"https:\/\/www.mexicanguitarplayers.com\/wp-content\/uploads\/2025\/04\/IAHOTNLA1.jpg","width":1600,"height":800},{"@type":"BreadcrumbList","@id":"https:\/\/www.mexicanguitarplayers.com\/tienda\/sin categor\u00eda\/amplificador-hotone-mod-nla-1-british-i\/#breadcrumb","itemListElement":[{"@type":"ListItem","position":1,"name":"Portada","item":"https:\/\/www.mexicanguitarplayers.com\/"},{"@type":"ListItem","position":2,"name":"Tienda","item":"https:\/\/www.mexicanguitarplayers.com\/tienda\/"},{"@type":"ListItem","position":3,"name":"AMPLIFICADOR HOTONE MOD. NLA-1 BRITISH I"}]},{"@type":"WebSite","@id":"https:\/\/www.mexicanguitarplayers.com\/#website","url":"https:\/\/www.mexicanguitarplayers.com\/","name":"Mexican Guitar Players","description":"Website","publisher":{"@id":"https:\/\/www.mexicanguitarplayers.com\/#organization"},"potentialAction":[{"@type":"SearchAction","target":{"@type":"EntryPoint","urlTemplate":"https:\/\/www.mexicanguitarplayers.com\/?s={search_term_string}"},"query-input":{"@type":"PropertyValueSpecification","valueRequired":true,"valueName":"search_term_string"}}],"inLanguage":"en-US"},{"@type":"Organization","@id":"https:\/\/www.mexicanguitarplayers.com\/#organization","name":"Mexican Guitar Players","url":"https:\/\/www.mexicanguitarplayers.com\/","logo":{"@type":"ImageObject","inLanguage":"en-US","@id":"https:\/\/www.mexicanguitarplayers.com\/#\/schema\/logo\/image\/","url":"","contentUrl":"","caption":"Mexican Guitar Players"},"image":{"@id":"https:\/\/www.mexicanguitarplayers.com\/#\/schema\/logo\/image\/"}}]}},"brands":[{"id":183,"name":"HOTONE","slug":"hotone"}],"_links":{"self":[{"href":"https:\/\/www.mexicanguitarplayers.com\/en\/wp-json\/wp\/v2\/product\/25623","targetHints":{"allow":["GET"]}}],"collection":[{"href":"https:\/\/www.mexicanguitarplayers.com\/en\/wp-json\/wp\/v2\/product"}],"about":[{"href":"https:\/\/www.mexicanguitarplayers.com\/en\/wp-json\/wp\/v2\/types\/product"}],"replies":[{"embeddable":true,"href":"https:\/\/www.mexicanguitarplayers.com\/en\/wp-json\/wp\/v2\/comments?post=25623"}],"wp:featuredmedia":[{"embeddable":true,"href":"https:\/\/www.mexicanguitarplayers.com\/en\/wp-json\/wp\/v2\/media\/25618"}],"wp:attachment":[{"href":"https:\/\/www.mexicanguitarplayers.com\/en\/wp-json\/wp\/v2\/media?parent=25623"}],"wp:term":[{"taxonomy":"pwb-brand","embeddable":true,"href":"https:\/\/www.mexicanguitarplayers.com\/en\/wp-json\/wp\/v2\/pwb-brand?post=25623"},{"taxonomy":"product_brand","embeddable":true,"href":"https:\/\/www.mexicanguitarplayers.com\/en\/wp-json\/wp\/v2\/product_brand?post=25623"},{"taxonomy":"product_cat","embeddable":true,"href":"https:\/\/www.mexicanguitarplayers.com\/en\/wp-json\/wp\/v2\/product_cat?post=25623"},{"taxonomy":"product_tag","embeddable":true,"href":"https:\/\/www.mexicanguitarplayers.com\/en\/wp-json\/wp\/v2\/product_tag?post=25623"}],"curies":[{"name":"wp","href":"https:\/\/api.w.org\/{rel}","templated":true}]}}