{"id":25647,"date":"2025-04-06T16:15:57","date_gmt":"2025-04-06T22:15:57","guid":{"rendered":"https:\/\/www.mexicanguitarplayers.com\/tienda\/sin categor\u00eda\/estuche-gator-p-guitarra-gwe-extreme\/"},"modified":"2026-05-03T10:15:17","modified_gmt":"2026-05-03T16:15:17","slug":"estuche-gator-p-guitarra-gwe-extreme","status":"publish","type":"product","link":"https:\/\/www.mexicanguitarplayers.com\/en\/tienda\/accesorios\/estuches-y-fundas\/para-guitarra\/para-guitarra-electrica\/estuche-gator-p-guitarra-gwe-extreme\/","title":{"rendered":"ESTUCHE GATOR P\/GUITARRA GWE-EXTREME"},"content":{"rendered":"<div style=\"text-align: justify\">\n<div>\n<h3>Protecci\u00f3n cl\u00e1sica probada y verdadera.<\/h3>\n<\/div>\n<div>El estuche de madera GWE-EXTREME Hard Shell para guitarras de forma Radically, es liviano, ultra delgado y est\u00e1 dise\u00f1ado para proteger contra golpes y magulladuras menores del uso diario. La madera contrachapada ultra duradera recubierta de PVC Tolex negro forma una barrera exterior resistente a la humedad y a los impactos, mientras que el forro de tela de felpa mantiene el acabado de tu guitarra de cuerpo ancho elegante y brillante. El gran compartimiento de almacenamiento interior se adapta a todo, desde tahal\u00eds y maquinarias hasta pastillas y capos. Los pestillos con cerradura cromados forman un recinto seguro y el asa de transporte ergon\u00f3mica equilibra perfectamente el peso del estuche y brinda un agarre c\u00f3modo de tu equipo.<\/div>\n<div>\n<h4>Quick look<\/h4>\n<\/div>\n<ul style=\"margin: 0px 0px 0px 25px\">\n<li style=\"list-style-type: circle;margin: 5px\">Dimensiones interiores.<\/li>\n<li style=\"list-style-type: circle;margin: 5px\">Dimensiones exteriores.<\/li>\n<li style=\"list-style-type: circle;margin: 5px\">Weight.<\/li>\n<\/ul>\n<div>\n<div style=\"font-weight: bold\">Dimensiones interiores.<\/div>\n<div>\n<p>Longitud interior: 83.82 mm (3.3&#8243; pulgadas). Longitud del cuerpo: 599.44 mm (23.6&#8243; pulgadas). Altura del cuerpo: 83.82 mm (3.3&#8243; pulgadas). Parte angosta del instrumento: 421.64 mm (16.6&#8243; pulgadas). Parte central del instrumento: 421.64 mm (16.6&#8243; pulgadas). Parte ancha del instrumento: 421.64 mm (16.6&#8243; pulgadas).<\/p>\n<\/div>\n<div style=\"font-weight: bold\">Dimensiones exteriores.<\/div>\n<div>\n<p>Longitud total: 1,214.12 mm (47.8&#8243; pulgadas). Longitud exterior: 1,264.92 mm (49.8&#8243; pulgadas). Ancho exterior: 530.86 mm (20.9&#8243; pulgadas). Altura exterior: 106.68 mm (4.2&#8243; pulgadas).<\/p>\n<\/div>\n<div style=\"font-weight: bold\">Weight.<\/div>\n<div>\n<p>7.5 kg.<\/p>\n<\/div>\n<\/div>\n<div>\n<h4>Characteristics<\/h4>\n<\/div>\n<div>\n<ul style=\"margin: 0px 0px 0px 25px\">\n<li style=\"list-style-type: circle;margin: 5px\">Estuche de madera para guitarra el\u00e9ctrica.<\/li>\n<li style=\"list-style-type: circle;margin: 5px\">Fabricado con madera contrachapada ultra duradera.<\/li>\n<li style=\"list-style-type: circle;margin: 5px\">Revestimiento negro de PVC Tolex.<\/li>\n<li style=\"list-style-type: circle;margin: 5px\">Mango ergon\u00f3mico que ofrece un agarre c\u00f3modo.<\/li>\n<li style=\"list-style-type: circle;margin: 5px\">Forro de felpa gruesa.<\/li>\n<li style=\"list-style-type: circle;margin: 5px\">Espacioso compartimento interior para accesorios.<\/li>\n<li style=\"list-style-type: circle;margin: 5px\">Pestillos cromados con cerradura.<\/li>\n<li style=\"list-style-type: circle;margin: 5px\">Dise\u00f1ado para adaptarse a guitarras Gibson Flying V, Explorer o Dean ML.<\/li>\n<li style=\"list-style-type: circle;margin: 5px\">D&#8217;Angelico<\/li>\n<\/ul>\n<\/div>\n<\/div>","protected":false},"excerpt":{"rendered":"<p>Estuche de madera para guitarra el\u00e9ctrica, fabricado con madera contrachapada ultra duradera que resiste a\u00f1os de uso y abuso, el revestimiento negro de PVC Tolex crea un exterior resistente a la humedad, mango ergon\u00f3mico que ofrece un agarre c\u00f3modo, equilibrando perfectamente el peso de tu instrumento, forro de felpa gruesa que mantiene tu guitarra amortiguada contra los impactos, espacioso compartimento interior para accesorios que organiza todos tus accesorios de guitarra favoritos al tiempo que proporciona soporte adicional para el brazo, pestillos con cerradura cromados que aseguran el estuche, dise\u00f1ado para adaptarse a guitarras Gibson Flying V, Explorer o Dean ML, longitud interior: 83.82 mm (3.3\u201d pulgadas), longitud del cuerpo: 599.44 mm (23.6\u201d pulgadas), altura del cuerpo: 83.82 mm (3.3\u201d pulgadas), parte angosta del instrumento: 421.64 mm (16.6\u201d pulgadas), parte central del instrumento: 421.64 mm (16.6\u201d pulgadas), parte ancha del instrumento: 421.64 mm (16.6\u201d pulgadas), longitud total: 1,214.12 mm (47.8\u201d pulgadas), longitud exterior: 1,264.92 mm (49.8\u201d pulgadas), ancho exterior: 530.86 mm (20.9\u201d pulgadas), altura exterior: 106.68 mm (4.2\u201d pulgadas), peso: 7.5 kg.&hellip; <a class=\"kt-excerpt-readmore more-link\" href=\"https:\/\/www.mexicanguitarplayers.com\/en\/tienda\/accesorios\/estuches-y-fundas\/para-guitarra\/para-guitarra-electrica\/estuche-gator-p-guitarra-gwe-extreme\/\">Read more<\/a><\/p>","protected":false},"featured_media":25636,"comment_status":"open","ping_status":"closed","template":"","meta":{"kt_blocks_editor_width":""},"pwb-brand":[572],"product_brand":[],"product_cat":[85,517,566,567],"product_tag":[],"class_list":{"0":"post-25647","1":"product","2":"type-product","3":"status-publish","4":"has-post-thumbnail","6":"pwb-brand-gator","7":"product_cat-accesorios","8":"product_cat-estuches-y-fundas","9":"product_cat-para-guitarra","10":"product_cat-para-guitarra-electrica","11":"product_shipping_class-5-10-kg","13":"first","14":"outofstock","15":"taxable","16":"shipping-taxable","17":"purchasable","18":"product-type-simple"},"yoast_head":"<!-- This site is optimized with the Yoast SEO plugin v27.5 - https:\/\/yoast.com\/product\/yoast-seo-wordpress\/ -->\n<title>ESTUCHE GATOR P\/GUITARRA GWE-EXTREME - Mexican Guitar Players<\/title>\n<meta name=\"description\" content=\"Estuche de madera para guitarra el\u00e9ctrica, fabricado con madera contrachapada ultra duradera que resiste a\u00f1os de uso y abuso, el revestimiento negro de PVC Tolex crea un exterior resistente a la humedad, mango ergon\u00f3mico que ofrece un agarre c\u00f3modo, equilibrando perfectamente el peso de tu instrumento, forro de felpa gruesa que mantiene tu guitarra amortiguada contra los impactos, espacioso compartimento interior para accesorios que organiza todos tus accesorios de guitarra favoritos al tiempo que proporciona soporte adicional para el brazo, pestillos con cerradura cromados que aseguran el estuche, dise\u00f1ado para adaptarse a guitarras Gibson Flying V, Explorer o Dean ML, longitud interior: 83.82 mm (3.3\u201d pulgadas), longitud del cuerpo: 599.44 mm (23.6\u201d pulgadas), altura del cuerpo: 83.82 mm (3.3\u201d pulgadas), parte angosta del instrumento: 421.64 mm (16.6\u201d pulgadas), parte central del instrumento: 421.64 mm (16.6\u201d pulgadas), parte ancha del instrumento: 421.64 mm (16.6\u201d pulgadas), longitud total: 1,214.12 mm (47.8\u201d pulgadas), longitud exterior: 1,264.92 mm (49.8\u201d pulgadas), ancho exterior: 530.86 mm (20.9\u201d pulgadas), altura exterior: 106.68 mm (4.2\u201d pulgadas), peso: 7.5 kg.\" \/>\n<meta name=\"robots\" content=\"index, follow, max-snippet:-1, max-image-preview:large, max-video-preview:-1\" \/>\n<link rel=\"canonical\" href=\"https:\/\/www.mexicanguitarplayers.com\/en\/tienda\/sin%20categor\u00eda\/estuche-gator-p-guitarra-gwe-extreme\/\" \/>\n<meta property=\"og:locale\" content=\"en_US\" \/>\n<meta property=\"og:type\" content=\"article\" \/>\n<meta property=\"og:title\" content=\"ESTUCHE GATOR P\/GUITARRA GWE-EXTREME - Mexican Guitar Players\" \/>\n<meta property=\"og:description\" content=\"Estuche de madera para guitarra el\u00e9ctrica, fabricado con madera contrachapada ultra duradera que resiste a\u00f1os de uso y abuso, el revestimiento negro de PVC Tolex crea un exterior resistente a la humedad, mango ergon\u00f3mico que ofrece un agarre c\u00f3modo, equilibrando perfectamente el peso de tu instrumento, forro de felpa gruesa que mantiene tu guitarra amortiguada contra los impactos, espacioso compartimento interior para accesorios que organiza todos tus accesorios de guitarra favoritos al tiempo que proporciona soporte adicional para el brazo, pestillos con cerradura cromados que aseguran el estuche, dise\u00f1ado para adaptarse a guitarras Gibson Flying V, Explorer o Dean ML, longitud interior: 83.82 mm (3.3\u201d pulgadas), longitud del cuerpo: 599.44 mm (23.6\u201d pulgadas), altura del cuerpo: 83.82 mm (3.3\u201d pulgadas), parte angosta del instrumento: 421.64 mm (16.6\u201d pulgadas), parte central del instrumento: 421.64 mm (16.6\u201d pulgadas), parte ancha del instrumento: 421.64 mm (16.6\u201d pulgadas), longitud total: 1,214.12 mm (47.8\u201d pulgadas), longitud exterior: 1,264.92 mm (49.8\u201d pulgadas), ancho exterior: 530.86 mm (20.9\u201d pulgadas), altura exterior: 106.68 mm (4.2\u201d pulgadas), peso: 7.5 kg.\" \/>\n<meta property=\"og:url\" content=\"https:\/\/www.mexicanguitarplayers.com\/en\/tienda\/sin categor\u00eda\/estuche-gator-p-guitarra-gwe-extreme\/\" \/>\n<meta property=\"og:site_name\" content=\"Mexican Guitar Players\" \/>\n<meta property=\"article:modified_time\" content=\"2026-05-03T16:15:17+00:00\" \/>\n<meta name=\"twitter:card\" content=\"summary_large_image\" \/>\n<meta name=\"twitter:label1\" content=\"Est. reading time\" \/>\n\t<meta name=\"twitter:data1\" content=\"1 minute\" \/>\n<script type=\"application\/ld+json\" class=\"yoast-schema-graph\">{\"@context\":\"https:\\\/\\\/schema.org\",\"@graph\":[{\"@type\":[\"WebPage\",\"ItemPage\"],\"@id\":\"https:\\\/\\\/www.mexicanguitarplayers.com\\\/tienda\\\/sin categor\u00eda\\\/estuche-gator-p-guitarra-gwe-extreme\\\/\",\"url\":\"https:\\\/\\\/www.mexicanguitarplayers.com\\\/tienda\\\/sin categor\u00eda\\\/estuche-gator-p-guitarra-gwe-extreme\\\/\",\"name\":\"ESTUCHE GATOR P\\\/GUITARRA GWE-EXTREME - Mexican Guitar Players\",\"isPartOf\":{\"@id\":\"https:\\\/\\\/www.mexicanguitarplayers.com\\\/#website\"},\"primaryImageOfPage\":{\"@id\":\"https:\\\/\\\/www.mexicanguitarplayers.com\\\/tienda\\\/sin categor\u00eda\\\/estuche-gator-p-guitarra-gwe-extreme\\\/#primaryimage\"},\"image\":{\"@id\":\"https:\\\/\\\/www.mexicanguitarplayers.com\\\/tienda\\\/sin categor\u00eda\\\/estuche-gator-p-guitarra-gwe-extreme\\\/#primaryimage\"},\"thumbnailUrl\":\"https:\\\/\\\/www.mexicanguitarplayers.com\\\/wp-content\\\/uploads\\\/2025\\\/04\\\/VAGATGWEEXTREM.jpg\",\"datePublished\":\"2025-04-06T22:15:57+00:00\",\"dateModified\":\"2026-05-03T16:15:17+00:00\",\"description\":\"Estuche de madera para guitarra el\u00e9ctrica, fabricado con madera contrachapada ultra duradera que resiste a\u00f1os de uso y abuso, el revestimiento negro de PVC Tolex crea un exterior resistente a la humedad, mango ergon\u00f3mico que ofrece un agarre c\u00f3modo, equilibrando perfectamente el peso de tu instrumento, forro de felpa gruesa que mantiene tu guitarra amortiguada contra los impactos, espacioso compartimento interior para accesorios que organiza todos tus accesorios de guitarra favoritos al tiempo que proporciona soporte adicional para el brazo, pestillos con cerradura cromados que aseguran el estuche, dise\u00f1ado para adaptarse a guitarras Gibson Flying V, Explorer o Dean ML, longitud interior: 83.82 mm (3.3\u201d pulgadas), longitud del cuerpo: 599.44 mm (23.6\u201d pulgadas), altura del cuerpo: 83.82 mm (3.3\u201d pulgadas), parte angosta del instrumento: 421.64 mm (16.6\u201d pulgadas), parte central del instrumento: 421.64 mm (16.6\u201d pulgadas), parte ancha del instrumento: 421.64 mm (16.6\u201d pulgadas), longitud total: 1,214.12 mm (47.8\u201d pulgadas), longitud exterior: 1,264.92 mm (49.8\u201d pulgadas), ancho exterior: 530.86 mm (20.9\u201d pulgadas), altura exterior: 106.68 mm (4.2\u201d pulgadas), peso: 7.5 kg.\",\"breadcrumb\":{\"@id\":\"https:\\\/\\\/www.mexicanguitarplayers.com\\\/tienda\\\/sin categor\u00eda\\\/estuche-gator-p-guitarra-gwe-extreme\\\/#breadcrumb\"},\"inLanguage\":\"en-US\",\"potentialAction\":[{\"@type\":\"ReadAction\",\"target\":[\"https:\\\/\\\/www.mexicanguitarplayers.com\\\/tienda\\\/sin categor\u00eda\\\/estuche-gator-p-guitarra-gwe-extreme\\\/\"]}]},{\"@type\":\"ImageObject\",\"inLanguage\":\"en-US\",\"@id\":\"https:\\\/\\\/www.mexicanguitarplayers.com\\\/tienda\\\/sin categor\u00eda\\\/estuche-gator-p-guitarra-gwe-extreme\\\/#primaryimage\",\"url\":\"https:\\\/\\\/www.mexicanguitarplayers.com\\\/wp-content\\\/uploads\\\/2025\\\/04\\\/VAGATGWEEXTREM.jpg\",\"contentUrl\":\"https:\\\/\\\/www.mexicanguitarplayers.com\\\/wp-content\\\/uploads\\\/2025\\\/04\\\/VAGATGWEEXTREM.jpg\",\"width\":1600,\"height\":800},{\"@type\":\"BreadcrumbList\",\"@id\":\"https:\\\/\\\/www.mexicanguitarplayers.com\\\/tienda\\\/sin categor\u00eda\\\/estuche-gator-p-guitarra-gwe-extreme\\\/#breadcrumb\",\"itemListElement\":[{\"@type\":\"ListItem\",\"position\":1,\"name\":\"Portada\",\"item\":\"https:\\\/\\\/www.mexicanguitarplayers.com\\\/\"},{\"@type\":\"ListItem\",\"position\":2,\"name\":\"Tienda\",\"item\":\"https:\\\/\\\/www.mexicanguitarplayers.com\\\/tienda\\\/\"},{\"@type\":\"ListItem\",\"position\":3,\"name\":\"ESTUCHE GATOR P\\\/GUITARRA GWE-EXTREME\"}]},{\"@type\":\"WebSite\",\"@id\":\"https:\\\/\\\/www.mexicanguitarplayers.com\\\/#website\",\"url\":\"https:\\\/\\\/www.mexicanguitarplayers.com\\\/\",\"name\":\"Mexican Guitar Players\",\"description\":\"Website\",\"publisher\":{\"@id\":\"https:\\\/\\\/www.mexicanguitarplayers.com\\\/#organization\"},\"potentialAction\":[{\"@type\":\"SearchAction\",\"target\":{\"@type\":\"EntryPoint\",\"urlTemplate\":\"https:\\\/\\\/www.mexicanguitarplayers.com\\\/?s={search_term_string}\"},\"query-input\":{\"@type\":\"PropertyValueSpecification\",\"valueRequired\":true,\"valueName\":\"search_term_string\"}}],\"inLanguage\":\"en-US\"},{\"@type\":\"Organization\",\"@id\":\"https:\\\/\\\/www.mexicanguitarplayers.com\\\/#organization\",\"name\":\"Mexican Guitar Players\",\"url\":\"https:\\\/\\\/www.mexicanguitarplayers.com\\\/\",\"logo\":{\"@type\":\"ImageObject\",\"inLanguage\":\"en-US\",\"@id\":\"https:\\\/\\\/www.mexicanguitarplayers.com\\\/#\\\/schema\\\/logo\\\/image\\\/\",\"url\":\"\",\"contentUrl\":\"\",\"caption\":\"Mexican Guitar Players\"},\"image\":{\"@id\":\"https:\\\/\\\/www.mexicanguitarplayers.com\\\/#\\\/schema\\\/logo\\\/image\\\/\"}}]}<\/script>\n<!-- \/ Yoast SEO plugin. -->","yoast_head_json":{"title":"ESTUCHE GATOR P\/GUITARRA GWE-EXTREME - Mexican Guitar Players","description":"Estuche de madera para guitarra el\u00e9ctrica, fabricado con madera contrachapada ultra duradera que resiste a\u00f1os de uso y abuso, el revestimiento negro de PVC Tolex crea un exterior resistente a la humedad, mango ergon\u00f3mico que ofrece un agarre c\u00f3modo, equilibrando perfectamente el peso de tu instrumento, forro de felpa gruesa que mantiene tu guitarra amortiguada contra los impactos, espacioso compartimento interior para accesorios que organiza todos tus accesorios de guitarra favoritos al tiempo que proporciona soporte adicional para el brazo, pestillos con cerradura cromados que aseguran el estuche, dise\u00f1ado para adaptarse a guitarras Gibson Flying V, Explorer o Dean ML, longitud interior: 83.82 mm (3.3\u201d pulgadas), longitud del cuerpo: 599.44 mm (23.6\u201d pulgadas), altura del cuerpo: 83.82 mm (3.3\u201d pulgadas), parte angosta del instrumento: 421.64 mm (16.6\u201d pulgadas), parte central del instrumento: 421.64 mm (16.6\u201d pulgadas), parte ancha del instrumento: 421.64 mm (16.6\u201d pulgadas), longitud total: 1,214.12 mm (47.8\u201d pulgadas), longitud exterior: 1,264.92 mm (49.8\u201d pulgadas), ancho exterior: 530.86 mm (20.9\u201d pulgadas), altura exterior: 106.68 mm (4.2\u201d pulgadas), peso: 7.5 kg.","robots":{"index":"index","follow":"follow","max-snippet":"max-snippet:-1","max-image-preview":"max-image-preview:large","max-video-preview":"max-video-preview:-1"},"canonical":"https:\/\/www.mexicanguitarplayers.com\/en\/tienda\/sin categor\u00eda\/estuche-gator-p-guitarra-gwe-extreme\/","og_locale":"en_US","og_type":"article","og_title":"ESTUCHE GATOR P\/GUITARRA GWE-EXTREME - Mexican Guitar Players","og_description":"Estuche de madera para guitarra el\u00e9ctrica, fabricado con madera contrachapada ultra duradera que resiste a\u00f1os de uso y abuso, el revestimiento negro de PVC Tolex crea un exterior resistente a la humedad, mango ergon\u00f3mico que ofrece un agarre c\u00f3modo, equilibrando perfectamente el peso de tu instrumento, forro de felpa gruesa que mantiene tu guitarra amortiguada contra los impactos, espacioso compartimento interior para accesorios que organiza todos tus accesorios de guitarra favoritos al tiempo que proporciona soporte adicional para el brazo, pestillos con cerradura cromados que aseguran el estuche, dise\u00f1ado para adaptarse a guitarras Gibson Flying V, Explorer o Dean ML, longitud interior: 83.82 mm (3.3\u201d pulgadas), longitud del cuerpo: 599.44 mm (23.6\u201d pulgadas), altura del cuerpo: 83.82 mm (3.3\u201d pulgadas), parte angosta del instrumento: 421.64 mm (16.6\u201d pulgadas), parte central del instrumento: 421.64 mm (16.6\u201d pulgadas), parte ancha del instrumento: 421.64 mm (16.6\u201d pulgadas), longitud total: 1,214.12 mm (47.8\u201d pulgadas), longitud exterior: 1,264.92 mm (49.8\u201d pulgadas), ancho exterior: 530.86 mm (20.9\u201d pulgadas), altura exterior: 106.68 mm (4.2\u201d pulgadas), peso: 7.5 kg.","og_url":"https:\/\/www.mexicanguitarplayers.com\/en\/tienda\/sin categor\u00eda\/estuche-gator-p-guitarra-gwe-extreme\/","og_site_name":"Mexican Guitar Players","article_modified_time":"2026-05-03T16:15:17+00:00","twitter_card":"summary_large_image","twitter_misc":{"Est. reading time":"1 minute"},"schema":{"@context":"https:\/\/schema.org","@graph":[{"@type":["WebPage","ItemPage"],"@id":"https:\/\/www.mexicanguitarplayers.com\/tienda\/sin categor\u00eda\/estuche-gator-p-guitarra-gwe-extreme\/","url":"https:\/\/www.mexicanguitarplayers.com\/tienda\/sin categor\u00eda\/estuche-gator-p-guitarra-gwe-extreme\/","name":"ESTUCHE GATOR P\/GUITARRA GWE-EXTREME - Mexican Guitar Players","isPartOf":{"@id":"https:\/\/www.mexicanguitarplayers.com\/#website"},"primaryImageOfPage":{"@id":"https:\/\/www.mexicanguitarplayers.com\/tienda\/sin categor\u00eda\/estuche-gator-p-guitarra-gwe-extreme\/#primaryimage"},"image":{"@id":"https:\/\/www.mexicanguitarplayers.com\/tienda\/sin categor\u00eda\/estuche-gator-p-guitarra-gwe-extreme\/#primaryimage"},"thumbnailUrl":"https:\/\/www.mexicanguitarplayers.com\/wp-content\/uploads\/2025\/04\/VAGATGWEEXTREM.jpg","datePublished":"2025-04-06T22:15:57+00:00","dateModified":"2026-05-03T16:15:17+00:00","description":"Estuche de madera para guitarra el\u00e9ctrica, fabricado con madera contrachapada ultra duradera que resiste a\u00f1os de uso y abuso, el revestimiento negro de PVC Tolex crea un exterior resistente a la humedad, mango ergon\u00f3mico que ofrece un agarre c\u00f3modo, equilibrando perfectamente el peso de tu instrumento, forro de felpa gruesa que mantiene tu guitarra amortiguada contra los impactos, espacioso compartimento interior para accesorios que organiza todos tus accesorios de guitarra favoritos al tiempo que proporciona soporte adicional para el brazo, pestillos con cerradura cromados que aseguran el estuche, dise\u00f1ado para adaptarse a guitarras Gibson Flying V, Explorer o Dean ML, longitud interior: 83.82 mm (3.3\u201d pulgadas), longitud del cuerpo: 599.44 mm (23.6\u201d pulgadas), altura del cuerpo: 83.82 mm (3.3\u201d pulgadas), parte angosta del instrumento: 421.64 mm (16.6\u201d pulgadas), parte central del instrumento: 421.64 mm (16.6\u201d pulgadas), parte ancha del instrumento: 421.64 mm (16.6\u201d pulgadas), longitud total: 1,214.12 mm (47.8\u201d pulgadas), longitud exterior: 1,264.92 mm (49.8\u201d pulgadas), ancho exterior: 530.86 mm (20.9\u201d pulgadas), altura exterior: 106.68 mm (4.2\u201d pulgadas), peso: 7.5 kg.","breadcrumb":{"@id":"https:\/\/www.mexicanguitarplayers.com\/tienda\/sin categor\u00eda\/estuche-gator-p-guitarra-gwe-extreme\/#breadcrumb"},"inLanguage":"en-US","potentialAction":[{"@type":"ReadAction","target":["https:\/\/www.mexicanguitarplayers.com\/tienda\/sin categor\u00eda\/estuche-gator-p-guitarra-gwe-extreme\/"]}]},{"@type":"ImageObject","inLanguage":"en-US","@id":"https:\/\/www.mexicanguitarplayers.com\/tienda\/sin categor\u00eda\/estuche-gator-p-guitarra-gwe-extreme\/#primaryimage","url":"https:\/\/www.mexicanguitarplayers.com\/wp-content\/uploads\/2025\/04\/VAGATGWEEXTREM.jpg","contentUrl":"https:\/\/www.mexicanguitarplayers.com\/wp-content\/uploads\/2025\/04\/VAGATGWEEXTREM.jpg","width":1600,"height":800},{"@type":"BreadcrumbList","@id":"https:\/\/www.mexicanguitarplayers.com\/tienda\/sin categor\u00eda\/estuche-gator-p-guitarra-gwe-extreme\/#breadcrumb","itemListElement":[{"@type":"ListItem","position":1,"name":"Portada","item":"https:\/\/www.mexicanguitarplayers.com\/"},{"@type":"ListItem","position":2,"name":"Tienda","item":"https:\/\/www.mexicanguitarplayers.com\/tienda\/"},{"@type":"ListItem","position":3,"name":"ESTUCHE GATOR P\/GUITARRA GWE-EXTREME"}]},{"@type":"WebSite","@id":"https:\/\/www.mexicanguitarplayers.com\/#website","url":"https:\/\/www.mexicanguitarplayers.com\/","name":"Mexican Guitar Players","description":"Website","publisher":{"@id":"https:\/\/www.mexicanguitarplayers.com\/#organization"},"potentialAction":[{"@type":"SearchAction","target":{"@type":"EntryPoint","urlTemplate":"https:\/\/www.mexicanguitarplayers.com\/?s={search_term_string}"},"query-input":{"@type":"PropertyValueSpecification","valueRequired":true,"valueName":"search_term_string"}}],"inLanguage":"en-US"},{"@type":"Organization","@id":"https:\/\/www.mexicanguitarplayers.com\/#organization","name":"Mexican Guitar Players","url":"https:\/\/www.mexicanguitarplayers.com\/","logo":{"@type":"ImageObject","inLanguage":"en-US","@id":"https:\/\/www.mexicanguitarplayers.com\/#\/schema\/logo\/image\/","url":"","contentUrl":"","caption":"Mexican Guitar Players"},"image":{"@id":"https:\/\/www.mexicanguitarplayers.com\/#\/schema\/logo\/image\/"}}]}},"brands":[{"id":572,"name":"GATOR","slug":"gator"}],"_links":{"self":[{"href":"https:\/\/www.mexicanguitarplayers.com\/en\/wp-json\/wp\/v2\/product\/25647","targetHints":{"allow":["GET"]}}],"collection":[{"href":"https:\/\/www.mexicanguitarplayers.com\/en\/wp-json\/wp\/v2\/product"}],"about":[{"href":"https:\/\/www.mexicanguitarplayers.com\/en\/wp-json\/wp\/v2\/types\/product"}],"replies":[{"embeddable":true,"href":"https:\/\/www.mexicanguitarplayers.com\/en\/wp-json\/wp\/v2\/comments?post=25647"}],"wp:featuredmedia":[{"embeddable":true,"href":"https:\/\/www.mexicanguitarplayers.com\/en\/wp-json\/wp\/v2\/media\/25636"}],"wp:attachment":[{"href":"https:\/\/www.mexicanguitarplayers.com\/en\/wp-json\/wp\/v2\/media?parent=25647"}],"wp:term":[{"taxonomy":"pwb-brand","embeddable":true,"href":"https:\/\/www.mexicanguitarplayers.com\/en\/wp-json\/wp\/v2\/pwb-brand?post=25647"},{"taxonomy":"product_brand","embeddable":true,"href":"https:\/\/www.mexicanguitarplayers.com\/en\/wp-json\/wp\/v2\/product_brand?post=25647"},{"taxonomy":"product_cat","embeddable":true,"href":"https:\/\/www.mexicanguitarplayers.com\/en\/wp-json\/wp\/v2\/product_cat?post=25647"},{"taxonomy":"product_tag","embeddable":true,"href":"https:\/\/www.mexicanguitarplayers.com\/en\/wp-json\/wp\/v2\/product_tag?post=25647"}],"curies":[{"name":"wp","href":"https:\/\/api.w.org\/{rel}","templated":true}]}}