{"id":25670,"date":"2025-04-06T16:17:31","date_gmt":"2025-04-06T22:17:31","guid":{"rendered":"https:\/\/www.mexicanguitarplayers.com\/tienda\/sin categor\u00eda\/amplificador-behringer-p-audif-ha8000-v2\/"},"modified":"2026-04-22T13:15:10","modified_gmt":"2026-04-22T19:15:10","slug":"amplificador-behringer-p-audif-ha8000-v2","status":"publish","type":"product","link":"https:\/\/www.mexicanguitarplayers.com\/en\/tienda\/audio\/amplificadores-audio\/amplificadores-para-audifonos\/amplificador-behringer-p-audif-ha8000-v2\/","title":{"rendered":"AMPLIFICADOR BEHRINGER P\/AUDIF HA8000 V2"},"content":{"rendered":"<div style=\"text-align: justify\">\n<div>\n<h3>Gran sonido, gran valor.<\/h3>\n<\/div>\n<div>Una mezcla de aud\u00edfonos articulada puede hacer toda la diferencia en el resultado de una sesi\u00f3n de grabaci\u00f3n. El amplificador POWERPLAY PRO-HA8000  de 8 canales cuenta con funciones de rendimiento, enrutamiento y mezcla superiores para acomodar hasta el m\u00e1s exigente sets de aud\u00edfonos. Dos entradas principales est\u00e9reo independientes junto con una entrada directa dedicada en cada canal, permite a los int\u00e9rpretes individuales obtener una mezcla de monitoreo m\u00e1s personalizada. Cuando las mezclas optimizadas tienen que llegar a m\u00e1s oyentes cada uno con sus propios requisitos espec\u00edficos, el HA8000 ofrece una mezcla de aud\u00edfonos de alta calidad, en una clase propia. Todos juntos ya. El HA8000 ofrece 8 amplificadores de alta potencia que pueden conducir cargas de hasta 8 ohms. Cada secci\u00f3n del amplificador incluye su propio medidor de nivel de salida LED de 8 d\u00edgitos, interruptor de selecci\u00f3n Main In 1 \/ Main In 2, un conmutador de selecci\u00f3n est\u00e9reo o dual mono y una entrada directa de 1\/4&#8243; para integrar una fuente de sonido adicional. El panel frontal te da una salida jack de 1\/4&#8243; por canal. La secci\u00f3n principal cuenta con un medidor de entrada LED de 5 segmentos dedicado m\u00e1s perillas de nivel Main In 1 y Main In 2. Conexiones. En el panel posterior se encuentra una salida adicional de 1\/4&#8243; por canal, permitiendo que hasta 16 pares de aud\u00edfonos escuchen 8 mezclas separadas a la vez. El panel posterior tambi\u00e9n proporciona acceso a las entradas directas por canal del HA8000 y a las entradas Main 1 y 2.<\/div>\n<div>\n<h4>Quick look<\/h4>\n<\/div>\n<ul style=\"margin: 0px 0px 0px 25px\">\n<li style=\"list-style-type: circle;margin: 5px\">Audio inputs.<\/li>\n<li style=\"list-style-type: circle;margin: 5px\">Audio outputs.<\/li>\n<li style=\"list-style-type: circle;margin: 5px\">Postamplificador.<\/li>\n<li style=\"list-style-type: circle;margin: 5px\">Datos del sistema.<\/li>\n<li style=\"list-style-type: circle;margin: 5px\">Reguladores de funci\u00f3n.<\/li>\n<li style=\"list-style-type: circle;margin: 5px\">Interruptores de funci\u00f3n.<\/li>\n<li style=\"list-style-type: circle;margin: 5px\">Indicadores.<\/li>\n<li style=\"list-style-type: circle;margin: 5px\">Tensi\u00f3n de red.<\/li>\n<li style=\"list-style-type: circle;margin: 5px\">Dimensions.<\/li>\n<li style=\"list-style-type: circle;margin: 5px\">Weight.<\/li>\n<\/ul>\n<div>\n<div style=\"font-weight: bold\">Audio inputs.<\/div>\n<div>\n<p>MAIN IN:Entradas servo balanceadas supresoras de perturbaciones AF, conectores hembra de 6.3 mm.Impedancia: balanceada: 40 kO \/ desbalanceada: 20 kO.Nivel m\u00e1ximo de entrada: 16 dBu balanceado y desbalanceado.CMRR: T\u00edpico 40 dB, &gt;55 dB @ 1 kHz.DIRECT IN:Conectores jack de 6.3 mm, est\u00e9reo.Impedancia: 15 kO.<\/p>\n<\/div>\n<div style=\"font-weight: bold\">Audio outputs.<\/div>\n<div>\n<p>PHONES OUTPUT: Conectores jack de 6.3 mm, est\u00e9reo.<\/p>\n<\/div>\n<div style=\"font-weight: bold\">Postamplificador.<\/div>\n<div>\n<p>Potencia m\u00e1xima de salida: +24 dBm (impedancia de conexi\u00f3n: 100 O).Impedancia de conexi\u00f3n m\u00ednima: 100 kO.<\/p>\n<\/div>\n<div style=\"font-weight: bold\">Datos del sistema.<\/div>\n<div>\n<p>Respuesta de frecuencia: 10 Hz &#8211; 150 kHz, \u00b13 dB.Relaci\u00f3n se\u00f1al a ruido: 22 Hz &#8211; 22 kHz, &gt;90 dB @ 0 dBu.Din\u00e1mica: 22 Hz &#8211; 22 kHz; 110 dB.Distorsiones (THD): 0.006% t\u00edpico @ +4 dBu, 1 kHz, amplificaci\u00f3n 1.<\/p>\n<\/div>\n<div style=\"font-weight: bold\">Reguladores de funci\u00f3n.<\/div>\n<div>\n<p>Nivel de entrada: Variable.Salida de nivel por canal: Variable.<\/p>\n<\/div>\n<div style=\"font-weight: bold\">Interruptores de funci\u00f3n.<\/div>\n<div>\n<p>Main in 1 \/ Main in 2: Conmuta entre Main Input 1 y Main Input 2.Mono: Conmutaci\u00f3n mono del canal correspondiente.<\/p>\n<\/div>\n<div style=\"font-weight: bold\">Indicadores.<\/div>\n<div>\n<p>Nivel de entrada: Indicador LED de 4 posiciones: -30\/-12\/0 dB, CLIP.Nivel de salida: Indicador LED de 8 posiciones: -30\/-24\/-18\/-12\/-6\/-3\/0 dB\/CLIP.<\/p>\n<\/div>\n<div style=\"font-weight: bold\">Tensi\u00f3n de red.<\/div>\n<div>\n<p>120 V~, 60 Hz.Potencia de consumo: 30 watts.Fusibles: 100 &#8211; 120V~: T630 mA H.Conexi\u00f3n a red: Conexi\u00f3n con cable conector de tres espigas est\u00e1ndar.<\/p>\n<\/div>\n<div style=\"font-weight: bold\">Dimensions.<\/div>\n<div>\n<p>44.5 x 483 x 217 mm.<\/p>\n<\/div>\n<div style=\"font-weight: bold\">Weight.<\/div>\n<div>\n<p>2.6 kg.<\/p>\n<\/div>\n<\/div>\n<\/div>","protected":false},"excerpt":{"rendered":"<p>Amplificador de mezcla de aud\u00edfonos de 8 canales y amplificador de distribuci\u00f3n,sistema profesional de amplificaci\u00f3n multiuso para aplicaciones de estudio y escenario, alta calidad sonora con pr\u00e1cticamente todos los tipos de aud\u00edfonos, incluso a volumen m\u00e1ximo, 8 secciones de amplificador de alta potencia est\u00e9reo totalmente independientes en un espacio de rack, 2 entradas Main est\u00e9reo para dos mezclas independientes, accesibles desde los 8 canales de salida, control de nivelde salida y medidor de salida LED de 8 d\u00edgitos por canal, conmutador mono\/est\u00e9reo por canal para mayor flexibilidad, un conector TRS frontal y uno posterior por canal, conector de entrada directa en cada canal para una f\u00e1cil conexi\u00f3n de cualquier fuente de sonido, salidas Main paralelas que permiten la conexi\u00f3n en cascada de varios amplificadores de aud\u00edfonos, fuente de alimentaci\u00f3n conmutada \u201dPlanet Earth\u201d para una m\u00e1xima flexibilidad (100 &#8211; 240 V~), audio libre sin ruido,respuesta transitoria superior y consumo bajo de energ\u00eda, dimensiones: 44 x 483x 149 mm, peso: 1.9 kg.&hellip; <a class=\"kt-excerpt-readmore more-link\" href=\"https:\/\/www.mexicanguitarplayers.com\/en\/tienda\/audio\/amplificadores-audio\/amplificadores-para-audifonos\/amplificador-behringer-p-audif-ha8000-v2\/\">Read more<\/a><\/p>","protected":false},"featured_media":25666,"comment_status":"open","ping_status":"closed","template":"","meta":{"kt_blocks_editor_width":""},"pwb-brand":[171],"product_brand":[],"product_cat":[219,240,213],"product_tag":[],"class_list":{"0":"post-25670","1":"product","2":"type-product","3":"status-publish","4":"has-post-thumbnail","6":"pwb-brand-behringer","7":"product_cat-amplificadores-audio","8":"product_cat-amplificadores-para-audifonos","9":"product_cat-audio","10":"product_shipping_class-0-5-kg","12":"first","13":"outofstock","14":"taxable","15":"shipping-taxable","16":"purchasable","17":"product-type-simple"},"yoast_head":"<!-- This site is optimized with the Yoast SEO plugin v27.5 - https:\/\/yoast.com\/product\/yoast-seo-wordpress\/ -->\n<title>AMPLIFICADOR BEHRINGER P\/AUDIF HA8000 V2 - Mexican Guitar Players<\/title>\n<meta name=\"description\" content=\"Amplificador de mezcla de aud\u00edfonos de 8 canales y amplificador de distribuci\u00f3n,sistema profesional de amplificaci\u00f3n multiuso para aplicaciones de estudio y escenario, alta calidad sonora con pr\u00e1cticamente todos los tipos de aud\u00edfonos, incluso a volumen m\u00e1ximo, 8 secciones de amplificador de alta potencia est\u00e9reo totalmente independientes en un espacio de rack, 2 entradas Main est\u00e9reo para dos mezclas independientes, accesibles desde los 8 canales de salida, control de nivelde salida y medidor de salida LED de 8 d\u00edgitos por canal, conmutador mono\/est\u00e9reo por canal para mayor flexibilidad, un conector TRS frontal y uno posterior por canal, conector de entrada directa en cada canal para una f\u00e1cil conexi\u00f3n de cualquier fuente de sonido, salidas Main paralelas que permiten la conexi\u00f3n en cascada de varios amplificadores de aud\u00edfonos, fuente de alimentaci\u00f3n conmutada \u201dPlanet Earth\u201d para una m\u00e1xima flexibilidad (100 - 240 V~), audio libre sin ruido,respuesta transitoria superior y consumo bajo de energ\u00eda, dimensiones: 44 x 483x 149 mm, peso: 1.9 kg.\" \/>\n<meta name=\"robots\" content=\"index, follow, max-snippet:-1, max-image-preview:large, max-video-preview:-1\" \/>\n<link rel=\"canonical\" href=\"https:\/\/www.mexicanguitarplayers.com\/en\/tienda\/sin%20categor\u00eda\/amplificador-behringer-p-audif-ha8000-v2\/\" \/>\n<meta property=\"og:locale\" content=\"en_US\" \/>\n<meta property=\"og:type\" content=\"article\" \/>\n<meta property=\"og:title\" content=\"AMPLIFICADOR BEHRINGER P\/AUDIF HA8000 V2 - Mexican Guitar Players\" \/>\n<meta property=\"og:description\" content=\"Amplificador de mezcla de aud\u00edfonos de 8 canales y amplificador de distribuci\u00f3n,sistema profesional de amplificaci\u00f3n multiuso para aplicaciones de estudio y escenario, alta calidad sonora con pr\u00e1cticamente todos los tipos de aud\u00edfonos, incluso a volumen m\u00e1ximo, 8 secciones de amplificador de alta potencia est\u00e9reo totalmente independientes en un espacio de rack, 2 entradas Main est\u00e9reo para dos mezclas independientes, accesibles desde los 8 canales de salida, control de nivelde salida y medidor de salida LED de 8 d\u00edgitos por canal, conmutador mono\/est\u00e9reo por canal para mayor flexibilidad, un conector TRS frontal y uno posterior por canal, conector de entrada directa en cada canal para una f\u00e1cil conexi\u00f3n de cualquier fuente de sonido, salidas Main paralelas que permiten la conexi\u00f3n en cascada de varios amplificadores de aud\u00edfonos, fuente de alimentaci\u00f3n conmutada \u201dPlanet Earth\u201d para una m\u00e1xima flexibilidad (100 - 240 V~), audio libre sin ruido,respuesta transitoria superior y consumo bajo de energ\u00eda, dimensiones: 44 x 483x 149 mm, peso: 1.9 kg.\" \/>\n<meta property=\"og:url\" content=\"https:\/\/www.mexicanguitarplayers.com\/en\/tienda\/sin categor\u00eda\/amplificador-behringer-p-audif-ha8000-v2\/\" \/>\n<meta property=\"og:site_name\" content=\"Mexican Guitar Players\" \/>\n<meta property=\"article:modified_time\" content=\"2026-04-22T19:15:10+00:00\" \/>\n<meta name=\"twitter:card\" content=\"summary_large_image\" \/>\n<meta name=\"twitter:label1\" content=\"Est. reading time\" \/>\n\t<meta name=\"twitter:data1\" content=\"2 minutes\" \/>\n<script type=\"application\/ld+json\" class=\"yoast-schema-graph\">{\"@context\":\"https:\\\/\\\/schema.org\",\"@graph\":[{\"@type\":[\"WebPage\",\"ItemPage\"],\"@id\":\"https:\\\/\\\/www.mexicanguitarplayers.com\\\/tienda\\\/sin categor\u00eda\\\/amplificador-behringer-p-audif-ha8000-v2\\\/\",\"url\":\"https:\\\/\\\/www.mexicanguitarplayers.com\\\/tienda\\\/sin categor\u00eda\\\/amplificador-behringer-p-audif-ha8000-v2\\\/\",\"name\":\"AMPLIFICADOR BEHRINGER P\\\/AUDIF HA8000 V2 - Mexican Guitar Players\",\"isPartOf\":{\"@id\":\"https:\\\/\\\/www.mexicanguitarplayers.com\\\/#website\"},\"primaryImageOfPage\":{\"@id\":\"https:\\\/\\\/www.mexicanguitarplayers.com\\\/tienda\\\/sin categor\u00eda\\\/amplificador-behringer-p-audif-ha8000-v2\\\/#primaryimage\"},\"image\":{\"@id\":\"https:\\\/\\\/www.mexicanguitarplayers.com\\\/tienda\\\/sin categor\u00eda\\\/amplificador-behringer-p-audif-ha8000-v2\\\/#primaryimage\"},\"thumbnailUrl\":\"https:\\\/\\\/www.mexicanguitarplayers.com\\\/wp-content\\\/uploads\\\/2025\\\/04\\\/IABEHHA8000V2.jpg\",\"datePublished\":\"2025-04-06T22:17:31+00:00\",\"dateModified\":\"2026-04-22T19:15:10+00:00\",\"description\":\"Amplificador de mezcla de aud\u00edfonos de 8 canales y amplificador de distribuci\u00f3n,sistema profesional de amplificaci\u00f3n multiuso para aplicaciones de estudio y escenario, alta calidad sonora con pr\u00e1cticamente todos los tipos de aud\u00edfonos, incluso a volumen m\u00e1ximo, 8 secciones de amplificador de alta potencia est\u00e9reo totalmente independientes en un espacio de rack, 2 entradas Main est\u00e9reo para dos mezclas independientes, accesibles desde los 8 canales de salida, control de nivelde salida y medidor de salida LED de 8 d\u00edgitos por canal, conmutador mono\\\/est\u00e9reo por canal para mayor flexibilidad, un conector TRS frontal y uno posterior por canal, conector de entrada directa en cada canal para una f\u00e1cil conexi\u00f3n de cualquier fuente de sonido, salidas Main paralelas que permiten la conexi\u00f3n en cascada de varios amplificadores de aud\u00edfonos, fuente de alimentaci\u00f3n conmutada \u201dPlanet Earth\u201d para una m\u00e1xima flexibilidad (100 - 240 V~), audio libre sin ruido,respuesta transitoria superior y consumo bajo de energ\u00eda, dimensiones: 44 x 483x 149 mm, peso: 1.9 kg.\",\"breadcrumb\":{\"@id\":\"https:\\\/\\\/www.mexicanguitarplayers.com\\\/tienda\\\/sin categor\u00eda\\\/amplificador-behringer-p-audif-ha8000-v2\\\/#breadcrumb\"},\"inLanguage\":\"en-US\",\"potentialAction\":[{\"@type\":\"ReadAction\",\"target\":[\"https:\\\/\\\/www.mexicanguitarplayers.com\\\/tienda\\\/sin categor\u00eda\\\/amplificador-behringer-p-audif-ha8000-v2\\\/\"]}]},{\"@type\":\"ImageObject\",\"inLanguage\":\"en-US\",\"@id\":\"https:\\\/\\\/www.mexicanguitarplayers.com\\\/tienda\\\/sin categor\u00eda\\\/amplificador-behringer-p-audif-ha8000-v2\\\/#primaryimage\",\"url\":\"https:\\\/\\\/www.mexicanguitarplayers.com\\\/wp-content\\\/uploads\\\/2025\\\/04\\\/IABEHHA8000V2.jpg\",\"contentUrl\":\"https:\\\/\\\/www.mexicanguitarplayers.com\\\/wp-content\\\/uploads\\\/2025\\\/04\\\/IABEHHA8000V2.jpg\",\"width\":1600,\"height\":800},{\"@type\":\"BreadcrumbList\",\"@id\":\"https:\\\/\\\/www.mexicanguitarplayers.com\\\/tienda\\\/sin categor\u00eda\\\/amplificador-behringer-p-audif-ha8000-v2\\\/#breadcrumb\",\"itemListElement\":[{\"@type\":\"ListItem\",\"position\":1,\"name\":\"Portada\",\"item\":\"https:\\\/\\\/www.mexicanguitarplayers.com\\\/\"},{\"@type\":\"ListItem\",\"position\":2,\"name\":\"Tienda\",\"item\":\"https:\\\/\\\/www.mexicanguitarplayers.com\\\/tienda\\\/\"},{\"@type\":\"ListItem\",\"position\":3,\"name\":\"AMPLIFICADOR BEHRINGER P\\\/AUDIF HA8000 V2\"}]},{\"@type\":\"WebSite\",\"@id\":\"https:\\\/\\\/www.mexicanguitarplayers.com\\\/#website\",\"url\":\"https:\\\/\\\/www.mexicanguitarplayers.com\\\/\",\"name\":\"Mexican Guitar Players\",\"description\":\"Website\",\"publisher\":{\"@id\":\"https:\\\/\\\/www.mexicanguitarplayers.com\\\/#organization\"},\"potentialAction\":[{\"@type\":\"SearchAction\",\"target\":{\"@type\":\"EntryPoint\",\"urlTemplate\":\"https:\\\/\\\/www.mexicanguitarplayers.com\\\/?s={search_term_string}\"},\"query-input\":{\"@type\":\"PropertyValueSpecification\",\"valueRequired\":true,\"valueName\":\"search_term_string\"}}],\"inLanguage\":\"en-US\"},{\"@type\":\"Organization\",\"@id\":\"https:\\\/\\\/www.mexicanguitarplayers.com\\\/#organization\",\"name\":\"Mexican Guitar Players\",\"url\":\"https:\\\/\\\/www.mexicanguitarplayers.com\\\/\",\"logo\":{\"@type\":\"ImageObject\",\"inLanguage\":\"en-US\",\"@id\":\"https:\\\/\\\/www.mexicanguitarplayers.com\\\/#\\\/schema\\\/logo\\\/image\\\/\",\"url\":\"\",\"contentUrl\":\"\",\"caption\":\"Mexican Guitar Players\"},\"image\":{\"@id\":\"https:\\\/\\\/www.mexicanguitarplayers.com\\\/#\\\/schema\\\/logo\\\/image\\\/\"}}]}<\/script>\n<!-- \/ Yoast SEO plugin. -->","yoast_head_json":{"title":"AMPLIFICADOR BEHRINGER P\/AUDIF HA8000 V2 - Mexican Guitar Players","description":"Amplificador de mezcla de aud\u00edfonos de 8 canales y amplificador de distribuci\u00f3n,sistema profesional de amplificaci\u00f3n multiuso para aplicaciones de estudio y escenario, alta calidad sonora con pr\u00e1cticamente todos los tipos de aud\u00edfonos, incluso a volumen m\u00e1ximo, 8 secciones de amplificador de alta potencia est\u00e9reo totalmente independientes en un espacio de rack, 2 entradas Main est\u00e9reo para dos mezclas independientes, accesibles desde los 8 canales de salida, control de nivelde salida y medidor de salida LED de 8 d\u00edgitos por canal, conmutador mono\/est\u00e9reo por canal para mayor flexibilidad, un conector TRS frontal y uno posterior por canal, conector de entrada directa en cada canal para una f\u00e1cil conexi\u00f3n de cualquier fuente de sonido, salidas Main paralelas que permiten la conexi\u00f3n en cascada de varios amplificadores de aud\u00edfonos, fuente de alimentaci\u00f3n conmutada \u201dPlanet Earth\u201d para una m\u00e1xima flexibilidad (100 - 240 V~), audio libre sin ruido,respuesta transitoria superior y consumo bajo de energ\u00eda, dimensiones: 44 x 483x 149 mm, peso: 1.9 kg.","robots":{"index":"index","follow":"follow","max-snippet":"max-snippet:-1","max-image-preview":"max-image-preview:large","max-video-preview":"max-video-preview:-1"},"canonical":"https:\/\/www.mexicanguitarplayers.com\/en\/tienda\/sin categor\u00eda\/amplificador-behringer-p-audif-ha8000-v2\/","og_locale":"en_US","og_type":"article","og_title":"AMPLIFICADOR BEHRINGER P\/AUDIF HA8000 V2 - Mexican Guitar Players","og_description":"Amplificador de mezcla de aud\u00edfonos de 8 canales y amplificador de distribuci\u00f3n,sistema profesional de amplificaci\u00f3n multiuso para aplicaciones de estudio y escenario, alta calidad sonora con pr\u00e1cticamente todos los tipos de aud\u00edfonos, incluso a volumen m\u00e1ximo, 8 secciones de amplificador de alta potencia est\u00e9reo totalmente independientes en un espacio de rack, 2 entradas Main est\u00e9reo para dos mezclas independientes, accesibles desde los 8 canales de salida, control de nivelde salida y medidor de salida LED de 8 d\u00edgitos por canal, conmutador mono\/est\u00e9reo por canal para mayor flexibilidad, un conector TRS frontal y uno posterior por canal, conector de entrada directa en cada canal para una f\u00e1cil conexi\u00f3n de cualquier fuente de sonido, salidas Main paralelas que permiten la conexi\u00f3n en cascada de varios amplificadores de aud\u00edfonos, fuente de alimentaci\u00f3n conmutada \u201dPlanet Earth\u201d para una m\u00e1xima flexibilidad (100 - 240 V~), audio libre sin ruido,respuesta transitoria superior y consumo bajo de energ\u00eda, dimensiones: 44 x 483x 149 mm, peso: 1.9 kg.","og_url":"https:\/\/www.mexicanguitarplayers.com\/en\/tienda\/sin categor\u00eda\/amplificador-behringer-p-audif-ha8000-v2\/","og_site_name":"Mexican Guitar Players","article_modified_time":"2026-04-22T19:15:10+00:00","twitter_card":"summary_large_image","twitter_misc":{"Est. reading time":"2 minutes"},"schema":{"@context":"https:\/\/schema.org","@graph":[{"@type":["WebPage","ItemPage"],"@id":"https:\/\/www.mexicanguitarplayers.com\/tienda\/sin categor\u00eda\/amplificador-behringer-p-audif-ha8000-v2\/","url":"https:\/\/www.mexicanguitarplayers.com\/tienda\/sin categor\u00eda\/amplificador-behringer-p-audif-ha8000-v2\/","name":"AMPLIFICADOR BEHRINGER P\/AUDIF HA8000 V2 - Mexican Guitar Players","isPartOf":{"@id":"https:\/\/www.mexicanguitarplayers.com\/#website"},"primaryImageOfPage":{"@id":"https:\/\/www.mexicanguitarplayers.com\/tienda\/sin categor\u00eda\/amplificador-behringer-p-audif-ha8000-v2\/#primaryimage"},"image":{"@id":"https:\/\/www.mexicanguitarplayers.com\/tienda\/sin categor\u00eda\/amplificador-behringer-p-audif-ha8000-v2\/#primaryimage"},"thumbnailUrl":"https:\/\/www.mexicanguitarplayers.com\/wp-content\/uploads\/2025\/04\/IABEHHA8000V2.jpg","datePublished":"2025-04-06T22:17:31+00:00","dateModified":"2026-04-22T19:15:10+00:00","description":"Amplificador de mezcla de aud\u00edfonos de 8 canales y amplificador de distribuci\u00f3n,sistema profesional de amplificaci\u00f3n multiuso para aplicaciones de estudio y escenario, alta calidad sonora con pr\u00e1cticamente todos los tipos de aud\u00edfonos, incluso a volumen m\u00e1ximo, 8 secciones de amplificador de alta potencia est\u00e9reo totalmente independientes en un espacio de rack, 2 entradas Main est\u00e9reo para dos mezclas independientes, accesibles desde los 8 canales de salida, control de nivelde salida y medidor de salida LED de 8 d\u00edgitos por canal, conmutador mono\/est\u00e9reo por canal para mayor flexibilidad, un conector TRS frontal y uno posterior por canal, conector de entrada directa en cada canal para una f\u00e1cil conexi\u00f3n de cualquier fuente de sonido, salidas Main paralelas que permiten la conexi\u00f3n en cascada de varios amplificadores de aud\u00edfonos, fuente de alimentaci\u00f3n conmutada \u201dPlanet Earth\u201d para una m\u00e1xima flexibilidad (100 - 240 V~), audio libre sin ruido,respuesta transitoria superior y consumo bajo de energ\u00eda, dimensiones: 44 x 483x 149 mm, peso: 1.9 kg.","breadcrumb":{"@id":"https:\/\/www.mexicanguitarplayers.com\/tienda\/sin categor\u00eda\/amplificador-behringer-p-audif-ha8000-v2\/#breadcrumb"},"inLanguage":"en-US","potentialAction":[{"@type":"ReadAction","target":["https:\/\/www.mexicanguitarplayers.com\/tienda\/sin categor\u00eda\/amplificador-behringer-p-audif-ha8000-v2\/"]}]},{"@type":"ImageObject","inLanguage":"en-US","@id":"https:\/\/www.mexicanguitarplayers.com\/tienda\/sin categor\u00eda\/amplificador-behringer-p-audif-ha8000-v2\/#primaryimage","url":"https:\/\/www.mexicanguitarplayers.com\/wp-content\/uploads\/2025\/04\/IABEHHA8000V2.jpg","contentUrl":"https:\/\/www.mexicanguitarplayers.com\/wp-content\/uploads\/2025\/04\/IABEHHA8000V2.jpg","width":1600,"height":800},{"@type":"BreadcrumbList","@id":"https:\/\/www.mexicanguitarplayers.com\/tienda\/sin categor\u00eda\/amplificador-behringer-p-audif-ha8000-v2\/#breadcrumb","itemListElement":[{"@type":"ListItem","position":1,"name":"Portada","item":"https:\/\/www.mexicanguitarplayers.com\/"},{"@type":"ListItem","position":2,"name":"Tienda","item":"https:\/\/www.mexicanguitarplayers.com\/tienda\/"},{"@type":"ListItem","position":3,"name":"AMPLIFICADOR BEHRINGER P\/AUDIF HA8000 V2"}]},{"@type":"WebSite","@id":"https:\/\/www.mexicanguitarplayers.com\/#website","url":"https:\/\/www.mexicanguitarplayers.com\/","name":"Mexican Guitar Players","description":"Website","publisher":{"@id":"https:\/\/www.mexicanguitarplayers.com\/#organization"},"potentialAction":[{"@type":"SearchAction","target":{"@type":"EntryPoint","urlTemplate":"https:\/\/www.mexicanguitarplayers.com\/?s={search_term_string}"},"query-input":{"@type":"PropertyValueSpecification","valueRequired":true,"valueName":"search_term_string"}}],"inLanguage":"en-US"},{"@type":"Organization","@id":"https:\/\/www.mexicanguitarplayers.com\/#organization","name":"Mexican Guitar Players","url":"https:\/\/www.mexicanguitarplayers.com\/","logo":{"@type":"ImageObject","inLanguage":"en-US","@id":"https:\/\/www.mexicanguitarplayers.com\/#\/schema\/logo\/image\/","url":"","contentUrl":"","caption":"Mexican Guitar Players"},"image":{"@id":"https:\/\/www.mexicanguitarplayers.com\/#\/schema\/logo\/image\/"}}]}},"brands":[{"id":171,"name":"BEHRINGER","slug":"behringer"}],"_links":{"self":[{"href":"https:\/\/www.mexicanguitarplayers.com\/en\/wp-json\/wp\/v2\/product\/25670","targetHints":{"allow":["GET"]}}],"collection":[{"href":"https:\/\/www.mexicanguitarplayers.com\/en\/wp-json\/wp\/v2\/product"}],"about":[{"href":"https:\/\/www.mexicanguitarplayers.com\/en\/wp-json\/wp\/v2\/types\/product"}],"replies":[{"embeddable":true,"href":"https:\/\/www.mexicanguitarplayers.com\/en\/wp-json\/wp\/v2\/comments?post=25670"}],"wp:featuredmedia":[{"embeddable":true,"href":"https:\/\/www.mexicanguitarplayers.com\/en\/wp-json\/wp\/v2\/media\/25666"}],"wp:attachment":[{"href":"https:\/\/www.mexicanguitarplayers.com\/en\/wp-json\/wp\/v2\/media?parent=25670"}],"wp:term":[{"taxonomy":"pwb-brand","embeddable":true,"href":"https:\/\/www.mexicanguitarplayers.com\/en\/wp-json\/wp\/v2\/pwb-brand?post=25670"},{"taxonomy":"product_brand","embeddable":true,"href":"https:\/\/www.mexicanguitarplayers.com\/en\/wp-json\/wp\/v2\/product_brand?post=25670"},{"taxonomy":"product_cat","embeddable":true,"href":"https:\/\/www.mexicanguitarplayers.com\/en\/wp-json\/wp\/v2\/product_cat?post=25670"},{"taxonomy":"product_tag","embeddable":true,"href":"https:\/\/www.mexicanguitarplayers.com\/en\/wp-json\/wp\/v2\/product_tag?post=25670"}],"curies":[{"name":"wp","href":"https:\/\/api.w.org\/{rel}","templated":true}]}}