{"id":25681,"date":"2025-04-06T16:18:06","date_gmt":"2025-04-06T22:18:06","guid":{"rendered":"https:\/\/www.mexicanguitarplayers.com\/tienda\/sin categor\u00eda\/bafle-audiocenter-mod-t45-dsp\/"},"modified":"2026-04-11T04:15:31","modified_gmt":"2026-04-11T10:15:31","slug":"bafle-audiocenter-mod-t45-dsp","status":"publish","type":"product","link":"https:\/\/www.mexicanguitarplayers.com\/en\/tienda\/audio\/bafles-y-bocinas\/bafles\/bafles-activos\/bafle-audiocenter-mod-t45-dsp\/","title":{"rendered":"BAFLE AUDIOCENTER MOD. T45-DSP"},"content":{"rendered":"<div style=\"text-align: justify\">\n<div>\n<h3>La mejor soluci\u00f3n de audio comercial.<\/h3>\n<\/div>\n<div>El bafle para arreglo lineal Artist T45-DSP activo controlado por DSP  adopta un dise\u00f1o bass-reflex frontal y un dise\u00f1o de control elaborado, el gabinete es muy peque\u00f1o y ligero. Con la innovadora tecnolog\u00eda de gu\u00eda de ondas ETE\u2122 wave guide, el bafle T45-DSP ofrece un rendimiento sonoro supremo que no necesita demasiada correcci\u00f3n durante el ajuste. T45-DSP es muy compacto pero cuenta con un SPL muy alto y de largo alcance. Artist T45-DSP est\u00e1 altamente integrado con la tecnolog\u00eda BrainCore. El switch del panel posterior puede recuperar f\u00e1cilmente 3 preajustes. Es un sistema plug&amp;play con accesorios de dise\u00f1o ergon\u00f3mico y f\u00e1cil de usar para garantizar una instalaci\u00f3n f\u00e1cil y r\u00e1pida. El \u00e1ngulo de la fly-bar se puede ajustar a 0.5\u00b0, 1.5\u00b0, 3\u00b0, 5\u00b0, 7\u00b0 o 10\u00b0 seg\u00fan diferentes lugares y necesidades.<\/div>\n<div>\n<h4>Quick look<\/h4>\n<\/div>\n<ul style=\"margin: 0px 0px 0px 25px\">\n<li style=\"list-style-type: circle;margin: 5px\">Driver.<\/li>\n<li style=\"list-style-type: circle;margin: 5px\">Respuesta de frecuencia (-6 dB c\u00e1mara anecoica).<\/li>\n<li style=\"list-style-type: circle;margin: 5px\">Power.<\/li>\n<li style=\"list-style-type: circle;margin: 5px\">SPL m\u00e1ximo calculado\/1M.<\/li>\n<li style=\"list-style-type: circle;margin: 5px\">Cobertura<\/li>\n<li style=\"list-style-type: circle;margin: 5px\">Material del gabinete.<\/li>\n<li style=\"list-style-type: circle;margin: 5px\">Color del gabinete.<\/li>\n<li style=\"list-style-type: circle;margin: 5px\">Dimensions.<\/li>\n<li style=\"list-style-type: circle;margin: 5px\">Weight.<\/li>\n<\/ul>\n<div>\n<div style=\"font-weight: bold\">Driver.<\/div>\n<div>\n<p>4 drivers de 5&#8243; pulgadas y 2 tweeters de 1&#8243; pulgada.<\/p>\n<\/div>\n<div style=\"font-weight: bold\">Respuesta de frecuencia (-6 dB c\u00e1mara anecoica).<\/div>\n<div>\n<p>63 Hz &#8211; 20 kHz.<\/p>\n<\/div>\n<div style=\"font-weight: bold\">Power.<\/div>\n<div>\n<p>AES: 1400W.<\/p>\n<\/div>\n<div style=\"font-weight: bold\">SPL m\u00e1ximo calculado\/1M.<\/div>\n<div>\n<p>136 dB.<\/p>\n<\/div>\n<div style=\"font-weight: bold\">Cobertura<\/div>\n<div>\n<p>Horizontal: 120\u00b0. Vertical: Depende de la cantidad de altavoces y la curvatura del arreglo lineal.<\/p>\n<\/div>\n<div style=\"font-weight: bold\">Material del gabinete.<\/div>\n<div>\n<p>Madera y pl\u00e1stico.<\/p>\n<\/div>\n<div style=\"font-weight: bold\">Color del gabinete.<\/div>\n<div>\n<p>Black.<\/p>\n<\/div>\n<div style=\"font-weight: bold\">Dimensions.<\/div>\n<div>\n<p>458 x 293 x 381 mm.<\/p>\n<\/div>\n<div style=\"font-weight: bold\">Weight.<\/div>\n<div>\n<p>18 kg.<\/p>\n<\/div>\n<\/div>\n<\/div>","protected":false},"excerpt":{"rendered":"<p>Bafle activo para audio comercial, cuatro drivers de 5\u201d pulgadas y 2 tweeters de 1\u201d pulgada, respuesta de frecuencia: 63 Hz &#8211; 20 kHz, potencia AES: 1400W, SPL m\u00e1ximo: 136 dB, cobertura horizontal: 120\u00b0, cobertura vertical dependiendo de la cantidad de altavoces y curvatura en el arreglo lineal, gabinete fabricado con madera y pl\u00e1stico en color negro, dimensiones: 458 x 293 x 381 mm, peso: 18 kg.&hellip; <a class=\"kt-excerpt-readmore more-link\" href=\"https:\/\/www.mexicanguitarplayers.com\/en\/tienda\/audio\/bafles-y-bocinas\/bafles\/bafles-activos\/bafle-audiocenter-mod-t45-dsp\/\">Read more<\/a><\/p>","protected":false},"featured_media":25678,"comment_status":"open","ping_status":"closed","template":"","meta":{"kt_blocks_editor_width":""},"pwb-brand":[525],"product_brand":[],"product_cat":[213,222,472,221],"product_tag":[],"class_list":{"0":"post-25681","1":"product","2":"type-product","3":"status-publish","4":"has-post-thumbnail","6":"pwb-brand-audiocenter","7":"product_cat-audio","8":"product_cat-bafles","9":"product_cat-bafles-activos","10":"product_cat-bafles-y-bocinas","11":"product_shipping_class-20-25-kg","13":"first","14":"outofstock","15":"taxable","16":"shipping-taxable","17":"purchasable","18":"product-type-simple"},"yoast_head":"<!-- This site is optimized with the Yoast SEO plugin v27.5 - https:\/\/yoast.com\/product\/yoast-seo-wordpress\/ -->\n<title>BAFLE AUDIOCENTER MOD. T45-DSP - Mexican Guitar Players<\/title>\n<meta name=\"description\" content=\"Bafle activo para audio comercial, cuatro drivers de 5\u201d pulgadas y 2 tweeters de 1\u201d pulgada, respuesta de frecuencia: 63 Hz - 20 kHz, potencia AES: 1400W, SPL m\u00e1ximo: 136 dB, cobertura horizontal: 120\u00b0, cobertura vertical dependiendo de la cantidad de altavoces y curvatura en el arreglo lineal, gabinete fabricado con madera y pl\u00e1stico en color negro, dimensiones: 458 x 293 x 381 mm, peso: 18 kg.\" \/>\n<meta name=\"robots\" content=\"index, follow, max-snippet:-1, max-image-preview:large, max-video-preview:-1\" \/>\n<link rel=\"canonical\" href=\"https:\/\/www.mexicanguitarplayers.com\/en\/tienda\/sin%20categor\u00eda\/bafle-audiocenter-mod-t45-dsp\/\" \/>\n<meta property=\"og:locale\" content=\"en_US\" \/>\n<meta property=\"og:type\" content=\"article\" \/>\n<meta property=\"og:title\" content=\"BAFLE AUDIOCENTER MOD. T45-DSP - Mexican Guitar Players\" \/>\n<meta property=\"og:description\" content=\"Bafle activo para audio comercial, cuatro drivers de 5\u201d pulgadas y 2 tweeters de 1\u201d pulgada, respuesta de frecuencia: 63 Hz - 20 kHz, potencia AES: 1400W, SPL m\u00e1ximo: 136 dB, cobertura horizontal: 120\u00b0, cobertura vertical dependiendo de la cantidad de altavoces y curvatura en el arreglo lineal, gabinete fabricado con madera y pl\u00e1stico en color negro, dimensiones: 458 x 293 x 381 mm, peso: 18 kg.\" \/>\n<meta property=\"og:url\" content=\"https:\/\/www.mexicanguitarplayers.com\/en\/tienda\/sin categor\u00eda\/bafle-audiocenter-mod-t45-dsp\/\" \/>\n<meta property=\"og:site_name\" content=\"Mexican Guitar Players\" \/>\n<meta property=\"article:modified_time\" content=\"2026-04-11T10:15:31+00:00\" \/>\n<meta name=\"twitter:card\" content=\"summary_large_image\" \/>\n<meta name=\"twitter:label1\" content=\"Est. reading time\" \/>\n\t<meta name=\"twitter:data1\" content=\"1 minute\" \/>\n<script type=\"application\/ld+json\" class=\"yoast-schema-graph\">{\"@context\":\"https:\\\/\\\/schema.org\",\"@graph\":[{\"@type\":[\"WebPage\",\"ItemPage\"],\"@id\":\"https:\\\/\\\/www.mexicanguitarplayers.com\\\/tienda\\\/sin categor\u00eda\\\/bafle-audiocenter-mod-t45-dsp\\\/\",\"url\":\"https:\\\/\\\/www.mexicanguitarplayers.com\\\/tienda\\\/sin categor\u00eda\\\/bafle-audiocenter-mod-t45-dsp\\\/\",\"name\":\"BAFLE AUDIOCENTER MOD. T45-DSP - Mexican Guitar Players\",\"isPartOf\":{\"@id\":\"https:\\\/\\\/www.mexicanguitarplayers.com\\\/#website\"},\"primaryImageOfPage\":{\"@id\":\"https:\\\/\\\/www.mexicanguitarplayers.com\\\/tienda\\\/sin categor\u00eda\\\/bafle-audiocenter-mod-t45-dsp\\\/#primaryimage\"},\"image\":{\"@id\":\"https:\\\/\\\/www.mexicanguitarplayers.com\\\/tienda\\\/sin categor\u00eda\\\/bafle-audiocenter-mod-t45-dsp\\\/#primaryimage\"},\"thumbnailUrl\":\"https:\\\/\\\/www.mexicanguitarplayers.com\\\/wp-content\\\/uploads\\\/2025\\\/04\\\/IAACTT45DSP.jpg\",\"datePublished\":\"2025-04-06T22:18:06+00:00\",\"dateModified\":\"2026-04-11T10:15:31+00:00\",\"description\":\"Bafle activo para audio comercial, cuatro drivers de 5\u201d pulgadas y 2 tweeters de 1\u201d pulgada, respuesta de frecuencia: 63 Hz - 20 kHz, potencia AES: 1400W, SPL m\u00e1ximo: 136 dB, cobertura horizontal: 120\u00b0, cobertura vertical dependiendo de la cantidad de altavoces y curvatura en el arreglo lineal, gabinete fabricado con madera y pl\u00e1stico en color negro, dimensiones: 458 x 293 x 381 mm, peso: 18 kg.\",\"breadcrumb\":{\"@id\":\"https:\\\/\\\/www.mexicanguitarplayers.com\\\/tienda\\\/sin categor\u00eda\\\/bafle-audiocenter-mod-t45-dsp\\\/#breadcrumb\"},\"inLanguage\":\"en-US\",\"potentialAction\":[{\"@type\":\"ReadAction\",\"target\":[\"https:\\\/\\\/www.mexicanguitarplayers.com\\\/tienda\\\/sin categor\u00eda\\\/bafle-audiocenter-mod-t45-dsp\\\/\"]}]},{\"@type\":\"ImageObject\",\"inLanguage\":\"en-US\",\"@id\":\"https:\\\/\\\/www.mexicanguitarplayers.com\\\/tienda\\\/sin categor\u00eda\\\/bafle-audiocenter-mod-t45-dsp\\\/#primaryimage\",\"url\":\"https:\\\/\\\/www.mexicanguitarplayers.com\\\/wp-content\\\/uploads\\\/2025\\\/04\\\/IAACTT45DSP.jpg\",\"contentUrl\":\"https:\\\/\\\/www.mexicanguitarplayers.com\\\/wp-content\\\/uploads\\\/2025\\\/04\\\/IAACTT45DSP.jpg\",\"width\":1200,\"height\":1200},{\"@type\":\"BreadcrumbList\",\"@id\":\"https:\\\/\\\/www.mexicanguitarplayers.com\\\/tienda\\\/sin categor\u00eda\\\/bafle-audiocenter-mod-t45-dsp\\\/#breadcrumb\",\"itemListElement\":[{\"@type\":\"ListItem\",\"position\":1,\"name\":\"Portada\",\"item\":\"https:\\\/\\\/www.mexicanguitarplayers.com\\\/\"},{\"@type\":\"ListItem\",\"position\":2,\"name\":\"Tienda\",\"item\":\"https:\\\/\\\/www.mexicanguitarplayers.com\\\/tienda\\\/\"},{\"@type\":\"ListItem\",\"position\":3,\"name\":\"BAFLE AUDIOCENTER MOD. T45-DSP\"}]},{\"@type\":\"WebSite\",\"@id\":\"https:\\\/\\\/www.mexicanguitarplayers.com\\\/#website\",\"url\":\"https:\\\/\\\/www.mexicanguitarplayers.com\\\/\",\"name\":\"Mexican Guitar Players\",\"description\":\"Website\",\"publisher\":{\"@id\":\"https:\\\/\\\/www.mexicanguitarplayers.com\\\/#organization\"},\"potentialAction\":[{\"@type\":\"SearchAction\",\"target\":{\"@type\":\"EntryPoint\",\"urlTemplate\":\"https:\\\/\\\/www.mexicanguitarplayers.com\\\/?s={search_term_string}\"},\"query-input\":{\"@type\":\"PropertyValueSpecification\",\"valueRequired\":true,\"valueName\":\"search_term_string\"}}],\"inLanguage\":\"en-US\"},{\"@type\":\"Organization\",\"@id\":\"https:\\\/\\\/www.mexicanguitarplayers.com\\\/#organization\",\"name\":\"Mexican Guitar Players\",\"url\":\"https:\\\/\\\/www.mexicanguitarplayers.com\\\/\",\"logo\":{\"@type\":\"ImageObject\",\"inLanguage\":\"en-US\",\"@id\":\"https:\\\/\\\/www.mexicanguitarplayers.com\\\/#\\\/schema\\\/logo\\\/image\\\/\",\"url\":\"\",\"contentUrl\":\"\",\"caption\":\"Mexican Guitar Players\"},\"image\":{\"@id\":\"https:\\\/\\\/www.mexicanguitarplayers.com\\\/#\\\/schema\\\/logo\\\/image\\\/\"}}]}<\/script>\n<!-- \/ Yoast SEO plugin. -->","yoast_head_json":{"title":"BAFLE AUDIOCENTER MOD. T45-DSP - Mexican Guitar Players","description":"Bafle activo para audio comercial, cuatro drivers de 5\u201d pulgadas y 2 tweeters de 1\u201d pulgada, respuesta de frecuencia: 63 Hz - 20 kHz, potencia AES: 1400W, SPL m\u00e1ximo: 136 dB, cobertura horizontal: 120\u00b0, cobertura vertical dependiendo de la cantidad de altavoces y curvatura en el arreglo lineal, gabinete fabricado con madera y pl\u00e1stico en color negro, dimensiones: 458 x 293 x 381 mm, peso: 18 kg.","robots":{"index":"index","follow":"follow","max-snippet":"max-snippet:-1","max-image-preview":"max-image-preview:large","max-video-preview":"max-video-preview:-1"},"canonical":"https:\/\/www.mexicanguitarplayers.com\/en\/tienda\/sin categor\u00eda\/bafle-audiocenter-mod-t45-dsp\/","og_locale":"en_US","og_type":"article","og_title":"BAFLE AUDIOCENTER MOD. T45-DSP - Mexican Guitar Players","og_description":"Bafle activo para audio comercial, cuatro drivers de 5\u201d pulgadas y 2 tweeters de 1\u201d pulgada, respuesta de frecuencia: 63 Hz - 20 kHz, potencia AES: 1400W, SPL m\u00e1ximo: 136 dB, cobertura horizontal: 120\u00b0, cobertura vertical dependiendo de la cantidad de altavoces y curvatura en el arreglo lineal, gabinete fabricado con madera y pl\u00e1stico en color negro, dimensiones: 458 x 293 x 381 mm, peso: 18 kg.","og_url":"https:\/\/www.mexicanguitarplayers.com\/en\/tienda\/sin categor\u00eda\/bafle-audiocenter-mod-t45-dsp\/","og_site_name":"Mexican Guitar Players","article_modified_time":"2026-04-11T10:15:31+00:00","twitter_card":"summary_large_image","twitter_misc":{"Est. reading time":"1 minute"},"schema":{"@context":"https:\/\/schema.org","@graph":[{"@type":["WebPage","ItemPage"],"@id":"https:\/\/www.mexicanguitarplayers.com\/tienda\/sin categor\u00eda\/bafle-audiocenter-mod-t45-dsp\/","url":"https:\/\/www.mexicanguitarplayers.com\/tienda\/sin categor\u00eda\/bafle-audiocenter-mod-t45-dsp\/","name":"BAFLE AUDIOCENTER MOD. T45-DSP - Mexican Guitar Players","isPartOf":{"@id":"https:\/\/www.mexicanguitarplayers.com\/#website"},"primaryImageOfPage":{"@id":"https:\/\/www.mexicanguitarplayers.com\/tienda\/sin categor\u00eda\/bafle-audiocenter-mod-t45-dsp\/#primaryimage"},"image":{"@id":"https:\/\/www.mexicanguitarplayers.com\/tienda\/sin categor\u00eda\/bafle-audiocenter-mod-t45-dsp\/#primaryimage"},"thumbnailUrl":"https:\/\/www.mexicanguitarplayers.com\/wp-content\/uploads\/2025\/04\/IAACTT45DSP.jpg","datePublished":"2025-04-06T22:18:06+00:00","dateModified":"2026-04-11T10:15:31+00:00","description":"Bafle activo para audio comercial, cuatro drivers de 5\u201d pulgadas y 2 tweeters de 1\u201d pulgada, respuesta de frecuencia: 63 Hz - 20 kHz, potencia AES: 1400W, SPL m\u00e1ximo: 136 dB, cobertura horizontal: 120\u00b0, cobertura vertical dependiendo de la cantidad de altavoces y curvatura en el arreglo lineal, gabinete fabricado con madera y pl\u00e1stico en color negro, dimensiones: 458 x 293 x 381 mm, peso: 18 kg.","breadcrumb":{"@id":"https:\/\/www.mexicanguitarplayers.com\/tienda\/sin categor\u00eda\/bafle-audiocenter-mod-t45-dsp\/#breadcrumb"},"inLanguage":"en-US","potentialAction":[{"@type":"ReadAction","target":["https:\/\/www.mexicanguitarplayers.com\/tienda\/sin categor\u00eda\/bafle-audiocenter-mod-t45-dsp\/"]}]},{"@type":"ImageObject","inLanguage":"en-US","@id":"https:\/\/www.mexicanguitarplayers.com\/tienda\/sin categor\u00eda\/bafle-audiocenter-mod-t45-dsp\/#primaryimage","url":"https:\/\/www.mexicanguitarplayers.com\/wp-content\/uploads\/2025\/04\/IAACTT45DSP.jpg","contentUrl":"https:\/\/www.mexicanguitarplayers.com\/wp-content\/uploads\/2025\/04\/IAACTT45DSP.jpg","width":1200,"height":1200},{"@type":"BreadcrumbList","@id":"https:\/\/www.mexicanguitarplayers.com\/tienda\/sin categor\u00eda\/bafle-audiocenter-mod-t45-dsp\/#breadcrumb","itemListElement":[{"@type":"ListItem","position":1,"name":"Portada","item":"https:\/\/www.mexicanguitarplayers.com\/"},{"@type":"ListItem","position":2,"name":"Tienda","item":"https:\/\/www.mexicanguitarplayers.com\/tienda\/"},{"@type":"ListItem","position":3,"name":"BAFLE AUDIOCENTER MOD. T45-DSP"}]},{"@type":"WebSite","@id":"https:\/\/www.mexicanguitarplayers.com\/#website","url":"https:\/\/www.mexicanguitarplayers.com\/","name":"Mexican Guitar Players","description":"Website","publisher":{"@id":"https:\/\/www.mexicanguitarplayers.com\/#organization"},"potentialAction":[{"@type":"SearchAction","target":{"@type":"EntryPoint","urlTemplate":"https:\/\/www.mexicanguitarplayers.com\/?s={search_term_string}"},"query-input":{"@type":"PropertyValueSpecification","valueRequired":true,"valueName":"search_term_string"}}],"inLanguage":"en-US"},{"@type":"Organization","@id":"https:\/\/www.mexicanguitarplayers.com\/#organization","name":"Mexican Guitar Players","url":"https:\/\/www.mexicanguitarplayers.com\/","logo":{"@type":"ImageObject","inLanguage":"en-US","@id":"https:\/\/www.mexicanguitarplayers.com\/#\/schema\/logo\/image\/","url":"","contentUrl":"","caption":"Mexican Guitar Players"},"image":{"@id":"https:\/\/www.mexicanguitarplayers.com\/#\/schema\/logo\/image\/"}}]}},"brands":[{"id":525,"name":"AUDIOCENTER","slug":"audiocenter"}],"_links":{"self":[{"href":"https:\/\/www.mexicanguitarplayers.com\/en\/wp-json\/wp\/v2\/product\/25681","targetHints":{"allow":["GET"]}}],"collection":[{"href":"https:\/\/www.mexicanguitarplayers.com\/en\/wp-json\/wp\/v2\/product"}],"about":[{"href":"https:\/\/www.mexicanguitarplayers.com\/en\/wp-json\/wp\/v2\/types\/product"}],"replies":[{"embeddable":true,"href":"https:\/\/www.mexicanguitarplayers.com\/en\/wp-json\/wp\/v2\/comments?post=25681"}],"wp:featuredmedia":[{"embeddable":true,"href":"https:\/\/www.mexicanguitarplayers.com\/en\/wp-json\/wp\/v2\/media\/25678"}],"wp:attachment":[{"href":"https:\/\/www.mexicanguitarplayers.com\/en\/wp-json\/wp\/v2\/media?parent=25681"}],"wp:term":[{"taxonomy":"pwb-brand","embeddable":true,"href":"https:\/\/www.mexicanguitarplayers.com\/en\/wp-json\/wp\/v2\/pwb-brand?post=25681"},{"taxonomy":"product_brand","embeddable":true,"href":"https:\/\/www.mexicanguitarplayers.com\/en\/wp-json\/wp\/v2\/product_brand?post=25681"},{"taxonomy":"product_cat","embeddable":true,"href":"https:\/\/www.mexicanguitarplayers.com\/en\/wp-json\/wp\/v2\/product_cat?post=25681"},{"taxonomy":"product_tag","embeddable":true,"href":"https:\/\/www.mexicanguitarplayers.com\/en\/wp-json\/wp\/v2\/product_tag?post=25681"}],"curies":[{"name":"wp","href":"https:\/\/api.w.org\/{rel}","templated":true}]}}