{"id":25686,"date":"2025-04-06T16:18:30","date_gmt":"2025-04-06T22:18:30","guid":{"rendered":"https:\/\/www.mexicanguitarplayers.com\/tienda\/sin categor\u00eda\/bafle-proel-subwoofer-mod-sw1800a\/"},"modified":"2026-04-10T04:45:11","modified_gmt":"2026-04-10T10:45:11","slug":"bafle-proel-subwoofer-mod-sw1800a","status":"publish","type":"product","link":"https:\/\/www.mexicanguitarplayers.com\/en\/tienda\/audio\/bafles-y-bocinas\/bafles\/bafles-activos\/bafle-proel-subwoofer-mod-sw1800a\/","title":{"rendered":"BAFLE PROEL SUBWOOFER  MOD. SW1800A"},"content":{"rendered":"<div style=\"text-align: justify\">\n<div>\n<h3>Dise\u00f1o y potencia al m\u00e1ximo.<\/h3>\n<\/div>\n<div>El SW1800A es un subwoofer manifolded amplificado compacto dise\u00f1ado para proporcionar soporte de sub-graves para el arreglo lineal compacto AX800A y cuenta con algunas de las m\u00e1s avanzadas tecnolog\u00edas de reproducci\u00f3n de baja frecuencia. El dise\u00f1o mainfolded bandpass utiliza carga mainfold en el lado frontal de los conos de altavoz para maximizar el acoplamiento entre los dos drivers. Esta innovadora configuraci\u00f3n no utiliza ninguna cavidad resonante larga para cargar los altavoces, sino cavidades muy compactas para obtener ventajas en t\u00e9rminos de definici\u00f3n, tanto en el extremo m\u00e1s bajo como en el agudo superior. Transductores. El sistema de subwoofer SW1800A est\u00e1 equipado con dos transductores de 18\u201d pulgadas (460 mm) de alta potencia con una bobina m\u00f3vil de 3\u201d pulgadas enrolladas en bobinadores de aluminio para una buena disipaci\u00f3n de calor. El cono de altavoz cuenta con un tratamiento resistente a la humedad, lo que hace que el SW1800A sea adecuado para aplicaciones de conciertos en exteriores. Rendimiento s\u00f3nico. El SW1800A representa un dise\u00f1o innovador de subwoofer que cuenta con una definici\u00f3n s\u00f3lida de baja frecuencia y una sensaci\u00f3n de \u201cpunch\u201d en el rango de graves superior. La combinaci\u00f3n de precisi\u00f3n en la respuesta transitoria ac\u00fastica junto con el uso de lo \u00faltimo en tecnolog\u00eda en linealidad de transductor, procesamiento de se\u00f1al y amplificadores de potencia permite al SW1800A entregar una calidad de reproducci\u00f3n de baja frecuencia sin precedentes con una s\u00f3lida profundidad junto con una muy r\u00e1pida y precisa respuesta. Est\u00e1 dise\u00f1ado para complementar el arreglo lineal Axiom AX1800A en una proporci\u00f3n aproximada de 4:1.  Hardware. El gabinete de abedul de 15 mm cuenta con 2 sockets de montaje en polo de 35 mm, uno en la parte superior y otro a un lado, permitiendo que altavoces sat\u00e9lite, como el arreglo lineal compacto AX800A o cualquier altavoz de fuentes puntuales como la serie ED, sean montados de manera segura en la parte superior del subwoofer a una altura \u00f3ptima para entregar la mejor cobertura para la audiencia. Se proporcionan ruedas y manijas para una transportaci\u00f3n y manejo m\u00e1s sencillos, mientras que los rebajes de apilamiento y las patas correspondientes permiten apilar varios altavoces. Procesamiento de se\u00f1al. El procesamiento de la se\u00f1al est\u00e1 basado en la plataforma COR DSP, dise\u00f1ada por los laboratorios R&amp;D de Proel, usando uno de los dispositivos m\u00e1s avanzados SHARC DSP disponibles para aplicaciones de audio. Cuenta con una resoluci\u00f3n de punto flotante de 40 bits a 96 kHz y convertidores AD\/DA de muy alta calidad de 24 bits para entregar una se\u00f1al \u00edntegra perfecta, un rango din\u00e1mico superior a 110 dB y un rendimiento s\u00f3nico superior. Gracias a su procesamiento masivo de potencia, la plataforma CORE es capaz de proporcionar los algoritmos m\u00e1s sofisticados para procesamiento de altavoces, junto con un completo control remoto y capacidades de red. El software de control PRONET trabaja en un protocolo s\u00f3lido y confiable de red CANBUS, proporcionando una interfaz intuitiva para el control remoto de todo el sistema de audio por medio de los conectores etherCON RJ45 en el panel trasero, con la posibilidad de ecualizar y agregar delay individualmente a los dispositivos, as\u00ed como ajustar los par\u00e1metros de protecci\u00f3n del driver y monitorear el estado del amplificador. Se proporcionan cuatro preajustes DSP de f\u00e1brica para cuando el subwoofer SW1800A no est\u00e1 conectado a una red, y permite una configuraci\u00f3n r\u00e1pida y simple: Est\u00e1ndar, para uso de prop\u00f3sito general, Infra Sub, como una banda adicional de baja frecuencia o como efectos sub-bass; Cardioide, para uso en arreglos direccionales de graves y User, permitiendo par\u00e1metros personalizados para ser dise\u00f1ados en PRONET y llamados para situaciones espec\u00edficas cuando est\u00e1 fuera de l\u00ednea. Amplificador de potencia. El SW1800A es amplificado por un m\u00f3dulo digital de potencia DA SERIES, una nueva generaci\u00f3n de amplificaci\u00f3n de potencia clase D con control digital SMPS. La innovadora tecnolog\u00eda usada para estos amplificadores (incluyendo tambi\u00e9n el uso variable de conmutaci\u00f3n de frecuencia) ofreciendo rendimiento en la parte superior del rango, como una definici\u00f3n superior de sonido en cualquier frecuencia de audio, din\u00e1micos muy altos para niveles bajos de se\u00f1al y muy baja distorsi\u00f3n, incluso a la m\u00e1xima potencia. La calidad superior de sonido del amplificador puede comparase con los sistemas an\u00e1logos de rango m\u00e1s alto de Clase AB, mientras que los m\u00f3dulos DA cuentan con un alto rango din\u00e1mico, tama\u00f1o muy compacto, pero ligero y una eficiencia superior al 90%. El amplificador proporciona 1000 watts individualmente en cada driver. Las conexiones de entrada y link son conectores XLR balanceados de 3 pines y un switch ground-lift se proporciona para un funcionamiento libre de zumbidos.<\/div>\n<div>\n<h4>Quick look<\/h4>\n<\/div>\n<ul style=\"margin: 0px 0px 0px 25px\">\n<li style=\"list-style-type: circle;margin: 5px\">System.<\/li>\n<li style=\"list-style-type: circle;margin: 5px\">Transductores.<\/li>\n<li style=\"list-style-type: circle;margin: 5px\">El\u00e9ctrico.<\/li>\n<li style=\"list-style-type: circle;margin: 5px\">Gabinete y construcci\u00f3n.<\/li>\n<\/ul>\n<div>\n<div style=\"font-weight: bold\">System.<\/div>\n<div>\n<p>Principio de ac\u00fastica del sistema: Manifolded Band Pass. Respuesta de frecuencia (\u00b13 dB): 36 Hz &#8211; 115 Hz (Procesado). SPL m\u00e1ximo pico @ 1m: 139 dB.<\/p>\n<\/div>\n<div style=\"font-weight: bold\">Transductores.<\/div>\n<div>\n<p>Tipo: 2 woofers de 18\u201d pulgadas (460 mm) y bobina m\u00f3vil de 3\u201d pulgadas (75 mm) VC. Cono: Alta rigidez, repelente al agua.<\/p>\n<\/div>\n<div style=\"font-weight: bold\">El\u00e9ctrico.<\/div>\n<div>\n<p>Impedancia de entrada: 2 kilo-ohms balanceado \/ 10 kilo-ohms desbalanceado. Sensibilidad de entrada: +4 dBu \/ 1.25 V. Procesamiento de la se\u00f1al: Procesamiento CORE, 96kHz \/ 40bit punto flotante SHARC DSP, convertidores AD\/DA de 24 bit s. Controles de acceso directo: 4 preajustes (Standard\/InfraSub\/Cardioid\/User), terminaci\u00f3n de red, GND Link. Controles remoto: Software de control PRONET. Protocolo de red: CANBUS. Tipo de amplificador: Clase D con SMPS, frecuencia variable conmutable. Potencia de salida: 1000W + 1000W. Rango de voltaje de red (VAC): 230V \u00b115%  &#8211;  115 \u00b115%  50\/60Hz (seleccionable internamente). Conectores I\/O: Neutrik XLR-M \/ XLR-F. Conectores de red I\/O: ETHERCON\u00ae(NE8FAV). Conectores principales: PowerCon\u00ae TRUE1 &#8211; NAC3PX (In\/Out). Enfriamiento: Ventilador DC de velocidad variable.<\/p>\n<\/div>\n<div style=\"font-weight: bold\">Gabinete y construcci\u00f3n.<\/div>\n<div>\n<p>Ancho: 570 mm. Altura: 960 mm. Profundidad: 880 mm. Profundidad incluyendo ruedas: 1008 mm. Material del gabinete: Abedul fen\u00f3lico reforzado de 15 mm. Pintura: Pintura de alta resistencia basada en agua. Transporte: 4 llantas de uso rudo de 100 mm  y 6 manijas. Peso: 70 kg.<\/p>\n<\/div>\n<\/div>\n<\/div>","protected":false},"excerpt":{"rendered":"<p>Subwoofer activo manifolded compacto, dise\u00f1ado para proporcionar soporte de sub-graves para el arreglo lineal compacto Axiom AX800A,ac\u00fastica Manifolded Band Pass, respuesta de frecuencia (\u00b13 dB): 36 Hz &#8211; 115 Hz, SPL m\u00e1ximo pico @ 1m: 139 dB, 2 woofers de 18\u201d pulgadas y bobina m\u00f3vil de 3\u201d pulgadas cono de alta rigidez repelente al agua, controles de acceso directo: 4 preajustes (Standard\/InfraSub\/Cardioid\/User), terminaci\u00f3n de red, GND Link, controles remoto: Software de control PRONET, protocolo de red: CANBUS, amplificador Clase D con SMPS, potencia de salida: 1000W + 1000W, ancho: 570 mm, altura: 960 mm, profundidad: 880 mm, gabinete de abedul fen\u00f3lico reforzado de 15 mm, pintura de alta resistencia basada en agua, 4 llantas de uso rudo de 100 mm  y 6 manijas, peso: 70 kg.&hellip; <a class=\"kt-excerpt-readmore more-link\" href=\"https:\/\/www.mexicanguitarplayers.com\/en\/tienda\/audio\/bafles-y-bocinas\/bafles\/bafles-activos\/bafle-proel-subwoofer-mod-sw1800a\/\">Read more<\/a><\/p>","protected":false},"featured_media":25682,"comment_status":"open","ping_status":"closed","template":"","meta":{"kt_blocks_editor_width":""},"pwb-brand":[252],"product_brand":[],"product_cat":[213,222,472,221],"product_tag":[],"class_list":{"0":"post-25686","1":"product","2":"type-product","3":"status-publish","4":"has-post-thumbnail","6":"pwb-brand-proel","7":"product_cat-audio","8":"product_cat-bafles","9":"product_cat-bafles-activos","10":"product_cat-bafles-y-bocinas","12":"first","13":"outofstock","14":"taxable","15":"shipping-taxable","16":"purchasable","17":"product-type-simple"},"yoast_head":"<!-- This site is optimized with the Yoast SEO plugin v27.5 - https:\/\/yoast.com\/product\/yoast-seo-wordpress\/ -->\n<title>BAFLE PROEL SUBWOOFER MOD. SW1800A - Mexican Guitar Players<\/title>\n<meta name=\"description\" content=\"Subwoofer activo manifolded compacto, dise\u00f1ado para proporcionar soporte de sub-graves para el arreglo lineal compacto Axiom AX800A,ac\u00fastica Manifolded Band Pass, respuesta de frecuencia (\u00b13 dB): 36 Hz - 115 Hz, SPL m\u00e1ximo pico @ 1m: 139 dB, 2 woofers de 18\u201d pulgadas y bobina m\u00f3vil de 3\u201d pulgadas cono de alta rigidez repelente al agua, controles de acceso directo: 4 preajustes (Standard\/InfraSub\/Cardioid\/User), terminaci\u00f3n de red, GND Link, controles remoto: Software de control PRONET, protocolo de red: CANBUS, amplificador Clase D con SMPS, potencia de salida: 1000W + 1000W, ancho: 570 mm, altura: 960 mm, profundidad: 880 mm, gabinete de abedul fen\u00f3lico reforzado de 15 mm, pintura de alta resistencia basada en agua, 4 llantas de uso rudo de 100 mm y 6 manijas, peso: 70 kg.\" \/>\n<meta name=\"robots\" content=\"index, follow, max-snippet:-1, max-image-preview:large, max-video-preview:-1\" \/>\n<link rel=\"canonical\" href=\"https:\/\/www.mexicanguitarplayers.com\/en\/tienda\/sin%20categor\u00eda\/bafle-proel-subwoofer-mod-sw1800a\/\" \/>\n<meta property=\"og:locale\" content=\"en_US\" \/>\n<meta property=\"og:type\" content=\"article\" \/>\n<meta property=\"og:title\" content=\"BAFLE PROEL SUBWOOFER MOD. SW1800A - Mexican Guitar Players\" \/>\n<meta property=\"og:description\" content=\"Subwoofer activo manifolded compacto, dise\u00f1ado para proporcionar soporte de sub-graves para el arreglo lineal compacto Axiom AX800A,ac\u00fastica Manifolded Band Pass, respuesta de frecuencia (\u00b13 dB): 36 Hz - 115 Hz, SPL m\u00e1ximo pico @ 1m: 139 dB, 2 woofers de 18\u201d pulgadas y bobina m\u00f3vil de 3\u201d pulgadas cono de alta rigidez repelente al agua, controles de acceso directo: 4 preajustes (Standard\/InfraSub\/Cardioid\/User), terminaci\u00f3n de red, GND Link, controles remoto: Software de control PRONET, protocolo de red: CANBUS, amplificador Clase D con SMPS, potencia de salida: 1000W + 1000W, ancho: 570 mm, altura: 960 mm, profundidad: 880 mm, gabinete de abedul fen\u00f3lico reforzado de 15 mm, pintura de alta resistencia basada en agua, 4 llantas de uso rudo de 100 mm y 6 manijas, peso: 70 kg.\" \/>\n<meta property=\"og:url\" content=\"https:\/\/www.mexicanguitarplayers.com\/en\/tienda\/sin categor\u00eda\/bafle-proel-subwoofer-mod-sw1800a\/\" \/>\n<meta property=\"og:site_name\" content=\"Mexican Guitar Players\" \/>\n<meta property=\"article:modified_time\" content=\"2026-04-10T10:45:11+00:00\" \/>\n<meta name=\"twitter:card\" content=\"summary_large_image\" \/>\n<meta name=\"twitter:label1\" content=\"Est. reading time\" \/>\n\t<meta name=\"twitter:data1\" content=\"5 minutes\" \/>\n<script type=\"application\/ld+json\" class=\"yoast-schema-graph\">{\"@context\":\"https:\\\/\\\/schema.org\",\"@graph\":[{\"@type\":[\"WebPage\",\"ItemPage\"],\"@id\":\"https:\\\/\\\/www.mexicanguitarplayers.com\\\/tienda\\\/sin categor\u00eda\\\/bafle-proel-subwoofer-mod-sw1800a\\\/\",\"url\":\"https:\\\/\\\/www.mexicanguitarplayers.com\\\/tienda\\\/sin categor\u00eda\\\/bafle-proel-subwoofer-mod-sw1800a\\\/\",\"name\":\"BAFLE PROEL SUBWOOFER MOD. SW1800A - Mexican Guitar Players\",\"isPartOf\":{\"@id\":\"https:\\\/\\\/www.mexicanguitarplayers.com\\\/#website\"},\"primaryImageOfPage\":{\"@id\":\"https:\\\/\\\/www.mexicanguitarplayers.com\\\/tienda\\\/sin categor\u00eda\\\/bafle-proel-subwoofer-mod-sw1800a\\\/#primaryimage\"},\"image\":{\"@id\":\"https:\\\/\\\/www.mexicanguitarplayers.com\\\/tienda\\\/sin categor\u00eda\\\/bafle-proel-subwoofer-mod-sw1800a\\\/#primaryimage\"},\"thumbnailUrl\":\"https:\\\/\\\/www.mexicanguitarplayers.com\\\/wp-content\\\/uploads\\\/2025\\\/04\\\/IAPRESW1800A.jpg\",\"datePublished\":\"2025-04-06T22:18:30+00:00\",\"dateModified\":\"2026-04-10T10:45:11+00:00\",\"description\":\"Subwoofer activo manifolded compacto, dise\u00f1ado para proporcionar soporte de sub-graves para el arreglo lineal compacto Axiom AX800A,ac\u00fastica Manifolded Band Pass, respuesta de frecuencia (\u00b13 dB): 36 Hz - 115 Hz, SPL m\u00e1ximo pico @ 1m: 139 dB, 2 woofers de 18\u201d pulgadas y bobina m\u00f3vil de 3\u201d pulgadas cono de alta rigidez repelente al agua, controles de acceso directo: 4 preajustes (Standard\\\/InfraSub\\\/Cardioid\\\/User), terminaci\u00f3n de red, GND Link, controles remoto: Software de control PRONET, protocolo de red: CANBUS, amplificador Clase D con SMPS, potencia de salida: 1000W + 1000W, ancho: 570 mm, altura: 960 mm, profundidad: 880 mm, gabinete de abedul fen\u00f3lico reforzado de 15 mm, pintura de alta resistencia basada en agua, 4 llantas de uso rudo de 100 mm y 6 manijas, peso: 70 kg.\",\"breadcrumb\":{\"@id\":\"https:\\\/\\\/www.mexicanguitarplayers.com\\\/tienda\\\/sin categor\u00eda\\\/bafle-proel-subwoofer-mod-sw1800a\\\/#breadcrumb\"},\"inLanguage\":\"en-US\",\"potentialAction\":[{\"@type\":\"ReadAction\",\"target\":[\"https:\\\/\\\/www.mexicanguitarplayers.com\\\/tienda\\\/sin categor\u00eda\\\/bafle-proel-subwoofer-mod-sw1800a\\\/\"]}]},{\"@type\":\"ImageObject\",\"inLanguage\":\"en-US\",\"@id\":\"https:\\\/\\\/www.mexicanguitarplayers.com\\\/tienda\\\/sin categor\u00eda\\\/bafle-proel-subwoofer-mod-sw1800a\\\/#primaryimage\",\"url\":\"https:\\\/\\\/www.mexicanguitarplayers.com\\\/wp-content\\\/uploads\\\/2025\\\/04\\\/IAPRESW1800A.jpg\",\"contentUrl\":\"https:\\\/\\\/www.mexicanguitarplayers.com\\\/wp-content\\\/uploads\\\/2025\\\/04\\\/IAPRESW1800A.jpg\",\"width\":1200,\"height\":1200},{\"@type\":\"BreadcrumbList\",\"@id\":\"https:\\\/\\\/www.mexicanguitarplayers.com\\\/tienda\\\/sin categor\u00eda\\\/bafle-proel-subwoofer-mod-sw1800a\\\/#breadcrumb\",\"itemListElement\":[{\"@type\":\"ListItem\",\"position\":1,\"name\":\"Portada\",\"item\":\"https:\\\/\\\/www.mexicanguitarplayers.com\\\/\"},{\"@type\":\"ListItem\",\"position\":2,\"name\":\"Tienda\",\"item\":\"https:\\\/\\\/www.mexicanguitarplayers.com\\\/tienda\\\/\"},{\"@type\":\"ListItem\",\"position\":3,\"name\":\"BAFLE PROEL SUBWOOFER MOD. SW1800A\"}]},{\"@type\":\"WebSite\",\"@id\":\"https:\\\/\\\/www.mexicanguitarplayers.com\\\/#website\",\"url\":\"https:\\\/\\\/www.mexicanguitarplayers.com\\\/\",\"name\":\"Mexican Guitar Players\",\"description\":\"Website\",\"publisher\":{\"@id\":\"https:\\\/\\\/www.mexicanguitarplayers.com\\\/#organization\"},\"potentialAction\":[{\"@type\":\"SearchAction\",\"target\":{\"@type\":\"EntryPoint\",\"urlTemplate\":\"https:\\\/\\\/www.mexicanguitarplayers.com\\\/?s={search_term_string}\"},\"query-input\":{\"@type\":\"PropertyValueSpecification\",\"valueRequired\":true,\"valueName\":\"search_term_string\"}}],\"inLanguage\":\"en-US\"},{\"@type\":\"Organization\",\"@id\":\"https:\\\/\\\/www.mexicanguitarplayers.com\\\/#organization\",\"name\":\"Mexican Guitar Players\",\"url\":\"https:\\\/\\\/www.mexicanguitarplayers.com\\\/\",\"logo\":{\"@type\":\"ImageObject\",\"inLanguage\":\"en-US\",\"@id\":\"https:\\\/\\\/www.mexicanguitarplayers.com\\\/#\\\/schema\\\/logo\\\/image\\\/\",\"url\":\"\",\"contentUrl\":\"\",\"caption\":\"Mexican Guitar Players\"},\"image\":{\"@id\":\"https:\\\/\\\/www.mexicanguitarplayers.com\\\/#\\\/schema\\\/logo\\\/image\\\/\"}}]}<\/script>\n<!-- \/ Yoast SEO plugin. -->","yoast_head_json":{"title":"BAFLE PROEL SUBWOOFER MOD. SW1800A - Mexican Guitar Players","description":"Subwoofer activo manifolded compacto, dise\u00f1ado para proporcionar soporte de sub-graves para el arreglo lineal compacto Axiom AX800A,ac\u00fastica Manifolded Band Pass, respuesta de frecuencia (\u00b13 dB): 36 Hz - 115 Hz, SPL m\u00e1ximo pico @ 1m: 139 dB, 2 woofers de 18\u201d pulgadas y bobina m\u00f3vil de 3\u201d pulgadas cono de alta rigidez repelente al agua, controles de acceso directo: 4 preajustes (Standard\/InfraSub\/Cardioid\/User), terminaci\u00f3n de red, GND Link, controles remoto: Software de control PRONET, protocolo de red: CANBUS, amplificador Clase D con SMPS, potencia de salida: 1000W + 1000W, ancho: 570 mm, altura: 960 mm, profundidad: 880 mm, gabinete de abedul fen\u00f3lico reforzado de 15 mm, pintura de alta resistencia basada en agua, 4 llantas de uso rudo de 100 mm y 6 manijas, peso: 70 kg.","robots":{"index":"index","follow":"follow","max-snippet":"max-snippet:-1","max-image-preview":"max-image-preview:large","max-video-preview":"max-video-preview:-1"},"canonical":"https:\/\/www.mexicanguitarplayers.com\/en\/tienda\/sin categor\u00eda\/bafle-proel-subwoofer-mod-sw1800a\/","og_locale":"en_US","og_type":"article","og_title":"BAFLE PROEL SUBWOOFER MOD. SW1800A - Mexican Guitar Players","og_description":"Subwoofer activo manifolded compacto, dise\u00f1ado para proporcionar soporte de sub-graves para el arreglo lineal compacto Axiom AX800A,ac\u00fastica Manifolded Band Pass, respuesta de frecuencia (\u00b13 dB): 36 Hz - 115 Hz, SPL m\u00e1ximo pico @ 1m: 139 dB, 2 woofers de 18\u201d pulgadas y bobina m\u00f3vil de 3\u201d pulgadas cono de alta rigidez repelente al agua, controles de acceso directo: 4 preajustes (Standard\/InfraSub\/Cardioid\/User), terminaci\u00f3n de red, GND Link, controles remoto: Software de control PRONET, protocolo de red: CANBUS, amplificador Clase D con SMPS, potencia de salida: 1000W + 1000W, ancho: 570 mm, altura: 960 mm, profundidad: 880 mm, gabinete de abedul fen\u00f3lico reforzado de 15 mm, pintura de alta resistencia basada en agua, 4 llantas de uso rudo de 100 mm y 6 manijas, peso: 70 kg.","og_url":"https:\/\/www.mexicanguitarplayers.com\/en\/tienda\/sin categor\u00eda\/bafle-proel-subwoofer-mod-sw1800a\/","og_site_name":"Mexican Guitar Players","article_modified_time":"2026-04-10T10:45:11+00:00","twitter_card":"summary_large_image","twitter_misc":{"Est. reading time":"5 minutes"},"schema":{"@context":"https:\/\/schema.org","@graph":[{"@type":["WebPage","ItemPage"],"@id":"https:\/\/www.mexicanguitarplayers.com\/tienda\/sin categor\u00eda\/bafle-proel-subwoofer-mod-sw1800a\/","url":"https:\/\/www.mexicanguitarplayers.com\/tienda\/sin categor\u00eda\/bafle-proel-subwoofer-mod-sw1800a\/","name":"BAFLE PROEL SUBWOOFER MOD. SW1800A - Mexican Guitar Players","isPartOf":{"@id":"https:\/\/www.mexicanguitarplayers.com\/#website"},"primaryImageOfPage":{"@id":"https:\/\/www.mexicanguitarplayers.com\/tienda\/sin categor\u00eda\/bafle-proel-subwoofer-mod-sw1800a\/#primaryimage"},"image":{"@id":"https:\/\/www.mexicanguitarplayers.com\/tienda\/sin categor\u00eda\/bafle-proel-subwoofer-mod-sw1800a\/#primaryimage"},"thumbnailUrl":"https:\/\/www.mexicanguitarplayers.com\/wp-content\/uploads\/2025\/04\/IAPRESW1800A.jpg","datePublished":"2025-04-06T22:18:30+00:00","dateModified":"2026-04-10T10:45:11+00:00","description":"Subwoofer activo manifolded compacto, dise\u00f1ado para proporcionar soporte de sub-graves para el arreglo lineal compacto Axiom AX800A,ac\u00fastica Manifolded Band Pass, respuesta de frecuencia (\u00b13 dB): 36 Hz - 115 Hz, SPL m\u00e1ximo pico @ 1m: 139 dB, 2 woofers de 18\u201d pulgadas y bobina m\u00f3vil de 3\u201d pulgadas cono de alta rigidez repelente al agua, controles de acceso directo: 4 preajustes (Standard\/InfraSub\/Cardioid\/User), terminaci\u00f3n de red, GND Link, controles remoto: Software de control PRONET, protocolo de red: CANBUS, amplificador Clase D con SMPS, potencia de salida: 1000W + 1000W, ancho: 570 mm, altura: 960 mm, profundidad: 880 mm, gabinete de abedul fen\u00f3lico reforzado de 15 mm, pintura de alta resistencia basada en agua, 4 llantas de uso rudo de 100 mm y 6 manijas, peso: 70 kg.","breadcrumb":{"@id":"https:\/\/www.mexicanguitarplayers.com\/tienda\/sin categor\u00eda\/bafle-proel-subwoofer-mod-sw1800a\/#breadcrumb"},"inLanguage":"en-US","potentialAction":[{"@type":"ReadAction","target":["https:\/\/www.mexicanguitarplayers.com\/tienda\/sin categor\u00eda\/bafle-proel-subwoofer-mod-sw1800a\/"]}]},{"@type":"ImageObject","inLanguage":"en-US","@id":"https:\/\/www.mexicanguitarplayers.com\/tienda\/sin categor\u00eda\/bafle-proel-subwoofer-mod-sw1800a\/#primaryimage","url":"https:\/\/www.mexicanguitarplayers.com\/wp-content\/uploads\/2025\/04\/IAPRESW1800A.jpg","contentUrl":"https:\/\/www.mexicanguitarplayers.com\/wp-content\/uploads\/2025\/04\/IAPRESW1800A.jpg","width":1200,"height":1200},{"@type":"BreadcrumbList","@id":"https:\/\/www.mexicanguitarplayers.com\/tienda\/sin categor\u00eda\/bafle-proel-subwoofer-mod-sw1800a\/#breadcrumb","itemListElement":[{"@type":"ListItem","position":1,"name":"Portada","item":"https:\/\/www.mexicanguitarplayers.com\/"},{"@type":"ListItem","position":2,"name":"Tienda","item":"https:\/\/www.mexicanguitarplayers.com\/tienda\/"},{"@type":"ListItem","position":3,"name":"BAFLE PROEL SUBWOOFER MOD. SW1800A"}]},{"@type":"WebSite","@id":"https:\/\/www.mexicanguitarplayers.com\/#website","url":"https:\/\/www.mexicanguitarplayers.com\/","name":"Mexican Guitar Players","description":"Website","publisher":{"@id":"https:\/\/www.mexicanguitarplayers.com\/#organization"},"potentialAction":[{"@type":"SearchAction","target":{"@type":"EntryPoint","urlTemplate":"https:\/\/www.mexicanguitarplayers.com\/?s={search_term_string}"},"query-input":{"@type":"PropertyValueSpecification","valueRequired":true,"valueName":"search_term_string"}}],"inLanguage":"en-US"},{"@type":"Organization","@id":"https:\/\/www.mexicanguitarplayers.com\/#organization","name":"Mexican Guitar Players","url":"https:\/\/www.mexicanguitarplayers.com\/","logo":{"@type":"ImageObject","inLanguage":"en-US","@id":"https:\/\/www.mexicanguitarplayers.com\/#\/schema\/logo\/image\/","url":"","contentUrl":"","caption":"Mexican Guitar Players"},"image":{"@id":"https:\/\/www.mexicanguitarplayers.com\/#\/schema\/logo\/image\/"}}]}},"brands":[{"id":252,"name":"PROEL","slug":"proel"}],"_links":{"self":[{"href":"https:\/\/www.mexicanguitarplayers.com\/en\/wp-json\/wp\/v2\/product\/25686","targetHints":{"allow":["GET"]}}],"collection":[{"href":"https:\/\/www.mexicanguitarplayers.com\/en\/wp-json\/wp\/v2\/product"}],"about":[{"href":"https:\/\/www.mexicanguitarplayers.com\/en\/wp-json\/wp\/v2\/types\/product"}],"replies":[{"embeddable":true,"href":"https:\/\/www.mexicanguitarplayers.com\/en\/wp-json\/wp\/v2\/comments?post=25686"}],"wp:featuredmedia":[{"embeddable":true,"href":"https:\/\/www.mexicanguitarplayers.com\/en\/wp-json\/wp\/v2\/media\/25682"}],"wp:attachment":[{"href":"https:\/\/www.mexicanguitarplayers.com\/en\/wp-json\/wp\/v2\/media?parent=25686"}],"wp:term":[{"taxonomy":"pwb-brand","embeddable":true,"href":"https:\/\/www.mexicanguitarplayers.com\/en\/wp-json\/wp\/v2\/pwb-brand?post=25686"},{"taxonomy":"product_brand","embeddable":true,"href":"https:\/\/www.mexicanguitarplayers.com\/en\/wp-json\/wp\/v2\/product_brand?post=25686"},{"taxonomy":"product_cat","embeddable":true,"href":"https:\/\/www.mexicanguitarplayers.com\/en\/wp-json\/wp\/v2\/product_cat?post=25686"},{"taxonomy":"product_tag","embeddable":true,"href":"https:\/\/www.mexicanguitarplayers.com\/en\/wp-json\/wp\/v2\/product_tag?post=25686"}],"curies":[{"name":"wp","href":"https:\/\/api.w.org\/{rel}","templated":true}]}}