{"id":25723,"date":"2025-04-06T16:22:05","date_gmt":"2025-04-06T22:22:05","guid":{"rendered":"https:\/\/www.mexicanguitarplayers.com\/tienda\/sin categor\u00eda\/soporte-hercules-p-saxofon-ds-530bb\/"},"modified":"2026-04-10T04:45:07","modified_gmt":"2026-04-10T10:45:07","slug":"soporte-hercules-p-saxofon-ds-530bb","status":"publish","type":"product","link":"https:\/\/www.mexicanguitarplayers.com\/en\/tienda\/accesorios\/stands\/para-instrumento-stands\/soporte-hercules-p-saxofon-ds-530bb\/","title":{"rendered":"SOPORTE HERCULES P\/SAXOFON  DS-530BB"},"content":{"rendered":"<div style=\"text-align: justify\">\n<div>\n<h3>Tu saxof\u00f3n seguro y listo para concierto.<\/h3>\n<\/div>\n<div>El soporte DS530BB de Hercules, para saxof\u00f3n alto o tenor sujeta tu instrumento con seguridad. Cuenta con un apoyo trasero ajustable para saxof\u00f3n alto o tenor, las patas m\u00f3viles se adaptan a otros soportes que haya a su alrededor y tiene 2 agujeros extra para extensiones en las patas que permiten colocar otros instrumentos sin necesidad de disponer de m\u00e1s espacio. Incluye una bolsa de transporte. Los soportes para saxof\u00f3n e instrumentos de aliento de Hercules est\u00e1n dise\u00f1ados para eliminar los problemas asociados con los soportes convencionales gracias a su fuerte construcci\u00f3n en aluminio y a sus sistemas de seguridad.  Grandes figuras de la m\u00fasica, como Sammy Hagar, Dave Matthews Band, Megadeth y Ted Nugent entre otros, prefieren Hercules sobre otras marcas.<\/div>\n<div>\n<h4>Quick look<\/h4>\n<\/div>\n<ul style=\"margin: 0px 0px 0px 25px\">\n<li style=\"list-style-type: circle;margin: 5px\">Apoyo trasero.<\/li>\n<li style=\"list-style-type: circle;margin: 5px\">Patas m\u00f3viles.<\/li>\n<li style=\"list-style-type: circle;margin: 5px\">Cuello plegable.<\/li>\n<li style=\"list-style-type: circle;margin: 5px\">Soporte adicional.<\/li>\n<li style=\"list-style-type: circle;margin: 5px\">Weight.<\/li>\n<li style=\"list-style-type: circle;margin: 5px\">Altura.<\/li>\n<li style=\"list-style-type: circle;margin: 5px\">Capacidad de carga.<\/li>\n<li style=\"list-style-type: circle;margin: 5px\">Tama\u00f1o plegado.<\/li>\n<\/ul>\n<div>\n<div style=\"font-weight: bold\">Apoyo trasero.<\/div>\n<div>\n<p>Levante y deslice arriba o abajo el apoyo trasero para ajustarlo a Saxof\u00f3n Alto o Tenor. El apoyo permite que se recoja en una sola pieza. Va recubierto de caucho SFF.<\/p>\n<\/div>\n<div style=\"font-weight: bold\">Patas m\u00f3viles.<\/div>\n<div>\n<p>Las patas m\u00f3viles se adaptan a otros soportes que haya a su alrededor en escenarios muy masificados.<\/p>\n<\/div>\n<div style=\"font-weight: bold\">Cuello plegable.<\/div>\n<div>\n<p>El cuello plegable se sube y se baja en un instante usando el pin de seguridad. El cuello va cubierto de caucho SFF para proteger tu instrumento.<\/p>\n<\/div>\n<div style=\"font-weight: bold\">Soporte adicional.<\/div>\n<div>\n<p>Un orificio en la base le ofrece la opci\u00f3n de a\u00f1adir otro cono para sujetar un segundo instrumento sin ocupar espacio extra.<\/p>\n<\/div>\n<div style=\"font-weight: bold\">Weight.<\/div>\n<div>\n<p>1.1 Kg.<\/p>\n<\/div>\n<div style=\"font-weight: bold\">Altura.<\/div>\n<div>\n<p>420 mm.<\/p>\n<\/div>\n<div style=\"font-weight: bold\">Capacidad de carga.<\/div>\n<div>\n<p>10 Kg.<\/p>\n<\/div>\n<div style=\"font-weight: bold\">Tama\u00f1o plegado.<\/div>\n<div>\n<p>310 x 135 mm.<\/p>\n<\/div>\n<\/div>\n<div>\n<h4>Characteristics<\/h4>\n<\/div>\n<div>\n<ul style=\"margin: 0px 0px 0px 25px\">\n<li style=\"list-style-type: circle;margin: 5px\">Incluye bolsa de transporte.<\/li>\n<\/ul>\n<\/div>\n<\/div>","protected":false},"excerpt":{"rendered":"<p>Soporte Hercules para saxof\u00f3n alto o tenor. Modelo: DS-530B. F\u00e1cil de transportar. Base tr\u00edpode de maxima estabilidad. Bolsa de transporte. Apoyo plegable. Patas m\u00f3viles. 2 agujeros extra para extensiones en las patas. Peso: 1.1 Kg. Altura:420 mm. Capacidad de carga: 10 Kg. Tama\u00f1o plegado: 310 x 135 mm.&hellip; <a class=\"kt-excerpt-readmore more-link\" href=\"https:\/\/www.mexicanguitarplayers.com\/en\/tienda\/accesorios\/stands\/para-instrumento-stands\/soporte-hercules-p-saxofon-ds-530bb\/\">Read more<\/a><\/p>","protected":false},"featured_media":25722,"comment_status":"open","ping_status":"closed","template":"","meta":{"kt_blocks_editor_width":""},"pwb-brand":[587],"product_brand":[],"product_cat":[85,510,416],"product_tag":[],"class_list":{"0":"post-25723","1":"product","2":"type-product","3":"status-publish","4":"has-post-thumbnail","6":"pwb-brand-hercules","7":"product_cat-accesorios","8":"product_cat-para-instrumento-stands","9":"product_cat-stands","10":"product_shipping_class-0-5-kg","12":"first","13":"outofstock","14":"taxable","15":"shipping-taxable","16":"purchasable","17":"product-type-simple"},"yoast_head":"<!-- This site is optimized with the Yoast SEO plugin v27.6 - https:\/\/yoast.com\/product\/yoast-seo-wordpress\/ -->\n<title>SOPORTE HERCULES P\/SAXOFON DS-530BB - Mexican Guitar Players<\/title>\n<meta name=\"description\" content=\"Soporte Hercules para saxof\u00f3n alto o tenor. Modelo: DS-530B. F\u00e1cil de transportar. Base tr\u00edpode de maxima estabilidad. Bolsa de transporte. Apoyo plegable. Patas m\u00f3viles. 2 agujeros extra para extensiones en las patas. Peso: 1.1 Kg. Altura:420 mm. Capacidad de carga: 10 Kg. Tama\u00f1o plegado: 310 x 135 mm.\" \/>\n<meta name=\"robots\" content=\"index, follow, max-snippet:-1, max-image-preview:large, max-video-preview:-1\" \/>\n<link rel=\"canonical\" href=\"https:\/\/www.mexicanguitarplayers.com\/en\/tienda\/sin%20categor\u00eda\/soporte-hercules-p-saxofon-ds-530bb\/\" \/>\n<meta property=\"og:locale\" content=\"en_US\" \/>\n<meta property=\"og:type\" content=\"article\" \/>\n<meta property=\"og:title\" content=\"SOPORTE HERCULES P\/SAXOFON DS-530BB - Mexican Guitar Players\" \/>\n<meta property=\"og:description\" content=\"Soporte Hercules para saxof\u00f3n alto o tenor. Modelo: DS-530B. F\u00e1cil de transportar. Base tr\u00edpode de maxima estabilidad. Bolsa de transporte. Apoyo plegable. Patas m\u00f3viles. 2 agujeros extra para extensiones en las patas. Peso: 1.1 Kg. Altura:420 mm. Capacidad de carga: 10 Kg. Tama\u00f1o plegado: 310 x 135 mm.\" \/>\n<meta property=\"og:url\" content=\"https:\/\/www.mexicanguitarplayers.com\/en\/tienda\/sin categor\u00eda\/soporte-hercules-p-saxofon-ds-530bb\/\" \/>\n<meta property=\"og:site_name\" content=\"Mexican Guitar Players\" \/>\n<meta property=\"article:modified_time\" content=\"2026-04-10T10:45:07+00:00\" \/>\n<meta name=\"twitter:card\" content=\"summary_large_image\" \/>\n<meta name=\"twitter:label1\" content=\"Est. reading time\" \/>\n\t<meta name=\"twitter:data1\" content=\"1 minute\" \/>\n<script type=\"application\/ld+json\" class=\"yoast-schema-graph\">{\"@context\":\"https:\\\/\\\/schema.org\",\"@graph\":[{\"@type\":[\"WebPage\",\"ItemPage\"],\"@id\":\"https:\\\/\\\/www.mexicanguitarplayers.com\\\/tienda\\\/sin categor\u00eda\\\/soporte-hercules-p-saxofon-ds-530bb\\\/\",\"url\":\"https:\\\/\\\/www.mexicanguitarplayers.com\\\/tienda\\\/sin categor\u00eda\\\/soporte-hercules-p-saxofon-ds-530bb\\\/\",\"name\":\"SOPORTE HERCULES P\\\/SAXOFON DS-530BB - Mexican Guitar Players\",\"isPartOf\":{\"@id\":\"https:\\\/\\\/www.mexicanguitarplayers.com\\\/#website\"},\"primaryImageOfPage\":{\"@id\":\"https:\\\/\\\/www.mexicanguitarplayers.com\\\/tienda\\\/sin categor\u00eda\\\/soporte-hercules-p-saxofon-ds-530bb\\\/#primaryimage\"},\"image\":{\"@id\":\"https:\\\/\\\/www.mexicanguitarplayers.com\\\/tienda\\\/sin categor\u00eda\\\/soporte-hercules-p-saxofon-ds-530bb\\\/#primaryimage\"},\"thumbnailUrl\":\"https:\\\/\\\/www.mexicanguitarplayers.com\\\/wp-content\\\/uploads\\\/2025\\\/04\\\/VAHERDS530BB.jpg\",\"datePublished\":\"2025-04-06T22:22:05+00:00\",\"dateModified\":\"2026-04-10T10:45:07+00:00\",\"description\":\"Soporte Hercules para saxof\u00f3n alto o tenor. Modelo: DS-530B. F\u00e1cil de transportar. Base tr\u00edpode de maxima estabilidad. Bolsa de transporte. Apoyo plegable. Patas m\u00f3viles. 2 agujeros extra para extensiones en las patas. Peso: 1.1 Kg. Altura:420 mm. Capacidad de carga: 10 Kg. Tama\u00f1o plegado: 310 x 135 mm.\",\"breadcrumb\":{\"@id\":\"https:\\\/\\\/www.mexicanguitarplayers.com\\\/tienda\\\/sin categor\u00eda\\\/soporte-hercules-p-saxofon-ds-530bb\\\/#breadcrumb\"},\"inLanguage\":\"en-US\",\"potentialAction\":[{\"@type\":\"ReadAction\",\"target\":[\"https:\\\/\\\/www.mexicanguitarplayers.com\\\/tienda\\\/sin categor\u00eda\\\/soporte-hercules-p-saxofon-ds-530bb\\\/\"]}]},{\"@type\":\"ImageObject\",\"inLanguage\":\"en-US\",\"@id\":\"https:\\\/\\\/www.mexicanguitarplayers.com\\\/tienda\\\/sin categor\u00eda\\\/soporte-hercules-p-saxofon-ds-530bb\\\/#primaryimage\",\"url\":\"https:\\\/\\\/www.mexicanguitarplayers.com\\\/wp-content\\\/uploads\\\/2025\\\/04\\\/VAHERDS530BB.jpg\",\"contentUrl\":\"https:\\\/\\\/www.mexicanguitarplayers.com\\\/wp-content\\\/uploads\\\/2025\\\/04\\\/VAHERDS530BB.jpg\",\"width\":1200,\"height\":1200},{\"@type\":\"BreadcrumbList\",\"@id\":\"https:\\\/\\\/www.mexicanguitarplayers.com\\\/tienda\\\/sin categor\u00eda\\\/soporte-hercules-p-saxofon-ds-530bb\\\/#breadcrumb\",\"itemListElement\":[{\"@type\":\"ListItem\",\"position\":1,\"name\":\"Portada\",\"item\":\"https:\\\/\\\/www.mexicanguitarplayers.com\\\/\"},{\"@type\":\"ListItem\",\"position\":2,\"name\":\"Tienda\",\"item\":\"https:\\\/\\\/www.mexicanguitarplayers.com\\\/tienda\\\/\"},{\"@type\":\"ListItem\",\"position\":3,\"name\":\"SOPORTE HERCULES P\\\/SAXOFON DS-530BB\"}]},{\"@type\":\"WebSite\",\"@id\":\"https:\\\/\\\/www.mexicanguitarplayers.com\\\/#website\",\"url\":\"https:\\\/\\\/www.mexicanguitarplayers.com\\\/\",\"name\":\"Mexican Guitar Players\",\"description\":\"Website\",\"publisher\":{\"@id\":\"https:\\\/\\\/www.mexicanguitarplayers.com\\\/#organization\"},\"potentialAction\":[{\"@type\":\"SearchAction\",\"target\":{\"@type\":\"EntryPoint\",\"urlTemplate\":\"https:\\\/\\\/www.mexicanguitarplayers.com\\\/?s={search_term_string}\"},\"query-input\":{\"@type\":\"PropertyValueSpecification\",\"valueRequired\":true,\"valueName\":\"search_term_string\"}}],\"inLanguage\":\"en-US\"},{\"@type\":\"Organization\",\"@id\":\"https:\\\/\\\/www.mexicanguitarplayers.com\\\/#organization\",\"name\":\"Mexican Guitar Players\",\"url\":\"https:\\\/\\\/www.mexicanguitarplayers.com\\\/\",\"logo\":{\"@type\":\"ImageObject\",\"inLanguage\":\"en-US\",\"@id\":\"https:\\\/\\\/www.mexicanguitarplayers.com\\\/#\\\/schema\\\/logo\\\/image\\\/\",\"url\":\"\",\"contentUrl\":\"\",\"caption\":\"Mexican Guitar Players\"},\"image\":{\"@id\":\"https:\\\/\\\/www.mexicanguitarplayers.com\\\/#\\\/schema\\\/logo\\\/image\\\/\"}}]}<\/script>\n<!-- \/ Yoast SEO plugin. -->","yoast_head_json":{"title":"SOPORTE HERCULES P\/SAXOFON DS-530BB - Mexican Guitar Players","description":"Soporte Hercules para saxof\u00f3n alto o tenor. Modelo: DS-530B. F\u00e1cil de transportar. Base tr\u00edpode de maxima estabilidad. Bolsa de transporte. Apoyo plegable. Patas m\u00f3viles. 2 agujeros extra para extensiones en las patas. Peso: 1.1 Kg. Altura:420 mm. Capacidad de carga: 10 Kg. Tama\u00f1o plegado: 310 x 135 mm.","robots":{"index":"index","follow":"follow","max-snippet":"max-snippet:-1","max-image-preview":"max-image-preview:large","max-video-preview":"max-video-preview:-1"},"canonical":"https:\/\/www.mexicanguitarplayers.com\/en\/tienda\/sin categor\u00eda\/soporte-hercules-p-saxofon-ds-530bb\/","og_locale":"en_US","og_type":"article","og_title":"SOPORTE HERCULES P\/SAXOFON DS-530BB - Mexican Guitar Players","og_description":"Soporte Hercules para saxof\u00f3n alto o tenor. Modelo: DS-530B. F\u00e1cil de transportar. Base tr\u00edpode de maxima estabilidad. Bolsa de transporte. Apoyo plegable. Patas m\u00f3viles. 2 agujeros extra para extensiones en las patas. Peso: 1.1 Kg. Altura:420 mm. Capacidad de carga: 10 Kg. Tama\u00f1o plegado: 310 x 135 mm.","og_url":"https:\/\/www.mexicanguitarplayers.com\/en\/tienda\/sin categor\u00eda\/soporte-hercules-p-saxofon-ds-530bb\/","og_site_name":"Mexican Guitar Players","article_modified_time":"2026-04-10T10:45:07+00:00","twitter_card":"summary_large_image","twitter_misc":{"Est. reading time":"1 minute"},"schema":{"@context":"https:\/\/schema.org","@graph":[{"@type":["WebPage","ItemPage"],"@id":"https:\/\/www.mexicanguitarplayers.com\/tienda\/sin categor\u00eda\/soporte-hercules-p-saxofon-ds-530bb\/","url":"https:\/\/www.mexicanguitarplayers.com\/tienda\/sin categor\u00eda\/soporte-hercules-p-saxofon-ds-530bb\/","name":"SOPORTE HERCULES P\/SAXOFON DS-530BB - Mexican Guitar Players","isPartOf":{"@id":"https:\/\/www.mexicanguitarplayers.com\/#website"},"primaryImageOfPage":{"@id":"https:\/\/www.mexicanguitarplayers.com\/tienda\/sin categor\u00eda\/soporte-hercules-p-saxofon-ds-530bb\/#primaryimage"},"image":{"@id":"https:\/\/www.mexicanguitarplayers.com\/tienda\/sin categor\u00eda\/soporte-hercules-p-saxofon-ds-530bb\/#primaryimage"},"thumbnailUrl":"https:\/\/www.mexicanguitarplayers.com\/wp-content\/uploads\/2025\/04\/VAHERDS530BB.jpg","datePublished":"2025-04-06T22:22:05+00:00","dateModified":"2026-04-10T10:45:07+00:00","description":"Soporte Hercules para saxof\u00f3n alto o tenor. Modelo: DS-530B. F\u00e1cil de transportar. Base tr\u00edpode de maxima estabilidad. Bolsa de transporte. Apoyo plegable. Patas m\u00f3viles. 2 agujeros extra para extensiones en las patas. Peso: 1.1 Kg. Altura:420 mm. Capacidad de carga: 10 Kg. Tama\u00f1o plegado: 310 x 135 mm.","breadcrumb":{"@id":"https:\/\/www.mexicanguitarplayers.com\/tienda\/sin categor\u00eda\/soporte-hercules-p-saxofon-ds-530bb\/#breadcrumb"},"inLanguage":"en-US","potentialAction":[{"@type":"ReadAction","target":["https:\/\/www.mexicanguitarplayers.com\/tienda\/sin categor\u00eda\/soporte-hercules-p-saxofon-ds-530bb\/"]}]},{"@type":"ImageObject","inLanguage":"en-US","@id":"https:\/\/www.mexicanguitarplayers.com\/tienda\/sin categor\u00eda\/soporte-hercules-p-saxofon-ds-530bb\/#primaryimage","url":"https:\/\/www.mexicanguitarplayers.com\/wp-content\/uploads\/2025\/04\/VAHERDS530BB.jpg","contentUrl":"https:\/\/www.mexicanguitarplayers.com\/wp-content\/uploads\/2025\/04\/VAHERDS530BB.jpg","width":1200,"height":1200},{"@type":"BreadcrumbList","@id":"https:\/\/www.mexicanguitarplayers.com\/tienda\/sin categor\u00eda\/soporte-hercules-p-saxofon-ds-530bb\/#breadcrumb","itemListElement":[{"@type":"ListItem","position":1,"name":"Portada","item":"https:\/\/www.mexicanguitarplayers.com\/"},{"@type":"ListItem","position":2,"name":"Tienda","item":"https:\/\/www.mexicanguitarplayers.com\/tienda\/"},{"@type":"ListItem","position":3,"name":"SOPORTE HERCULES P\/SAXOFON DS-530BB"}]},{"@type":"WebSite","@id":"https:\/\/www.mexicanguitarplayers.com\/#website","url":"https:\/\/www.mexicanguitarplayers.com\/","name":"Mexican Guitar Players","description":"Website","publisher":{"@id":"https:\/\/www.mexicanguitarplayers.com\/#organization"},"potentialAction":[{"@type":"SearchAction","target":{"@type":"EntryPoint","urlTemplate":"https:\/\/www.mexicanguitarplayers.com\/?s={search_term_string}"},"query-input":{"@type":"PropertyValueSpecification","valueRequired":true,"valueName":"search_term_string"}}],"inLanguage":"en-US"},{"@type":"Organization","@id":"https:\/\/www.mexicanguitarplayers.com\/#organization","name":"Mexican Guitar Players","url":"https:\/\/www.mexicanguitarplayers.com\/","logo":{"@type":"ImageObject","inLanguage":"en-US","@id":"https:\/\/www.mexicanguitarplayers.com\/#\/schema\/logo\/image\/","url":"","contentUrl":"","caption":"Mexican Guitar Players"},"image":{"@id":"https:\/\/www.mexicanguitarplayers.com\/#\/schema\/logo\/image\/"}}]}},"brands":[{"id":587,"name":"HERCULES","slug":"hercules"}],"_links":{"self":[{"href":"https:\/\/www.mexicanguitarplayers.com\/en\/wp-json\/wp\/v2\/product\/25723","targetHints":{"allow":["GET"]}}],"collection":[{"href":"https:\/\/www.mexicanguitarplayers.com\/en\/wp-json\/wp\/v2\/product"}],"about":[{"href":"https:\/\/www.mexicanguitarplayers.com\/en\/wp-json\/wp\/v2\/types\/product"}],"replies":[{"embeddable":true,"href":"https:\/\/www.mexicanguitarplayers.com\/en\/wp-json\/wp\/v2\/comments?post=25723"}],"wp:featuredmedia":[{"embeddable":true,"href":"https:\/\/www.mexicanguitarplayers.com\/en\/wp-json\/wp\/v2\/media\/25722"}],"wp:attachment":[{"href":"https:\/\/www.mexicanguitarplayers.com\/en\/wp-json\/wp\/v2\/media?parent=25723"}],"wp:term":[{"taxonomy":"pwb-brand","embeddable":true,"href":"https:\/\/www.mexicanguitarplayers.com\/en\/wp-json\/wp\/v2\/pwb-brand?post=25723"},{"taxonomy":"product_brand","embeddable":true,"href":"https:\/\/www.mexicanguitarplayers.com\/en\/wp-json\/wp\/v2\/product_brand?post=25723"},{"taxonomy":"product_cat","embeddable":true,"href":"https:\/\/www.mexicanguitarplayers.com\/en\/wp-json\/wp\/v2\/product_cat?post=25723"},{"taxonomy":"product_tag","embeddable":true,"href":"https:\/\/www.mexicanguitarplayers.com\/en\/wp-json\/wp\/v2\/product_tag?post=25723"}],"curies":[{"name":"wp","href":"https:\/\/api.w.org\/{rel}","templated":true}]}}