{"id":25728,"date":"2025-04-06T16:22:17","date_gmt":"2025-04-06T22:22:17","guid":{"rendered":"https:\/\/www.mexicanguitarplayers.com\/tienda\/sin categor\u00eda\/bafle-behringer-mod-b105d\/"},"modified":"2026-03-08T22:19:08","modified_gmt":"2026-03-09T04:19:08","slug":"bafle-behringer-mod-b105d","status":"publish","type":"product","link":"https:\/\/www.mexicanguitarplayers.com\/en\/tienda\/audio\/bafles-y-bocinas\/bocinas-y-componentes\/medios\/bafle-behringer-mod-b105d\/","title":{"rendered":"BAFLE BEHRINGER MOD. B105D"},"content":{"rendered":"<div style=\"text-align: justify\">\n<div>\n<h3>B105D <\/h3>\n<\/div>\n<div>El Behringer B105D es un altavoz PA\/monitor ultracompacto de 50 W que destaca por su versatilidad y calidad de sonido. Ideal para monitorizaci\u00f3n de voz, teclados, multimedia y conferencias de prensa, este dispositivo ofrece una conectividad inigualable con reproducci\u00f3n de MP3 y transmisi\u00f3n de audio por Bluetooth. Equipado con un amplificador clase D que asegura una potencia considerable y un rendimiento sonoro excepcional, el B105D es liviano y f\u00e1cil de transportar gracias a su dise\u00f1o robusto y asa integrada. Su mezclador de 3 canales, ecualizador de 3 bandas y entradas dedicadas para teclados, micr\u00f3fonos y reproductores de MP3\/CD, proporcionan una flexibilidad inigualable para diversas aplicaciones. La calidad de construcci\u00f3n y las m\u00faltiples opciones de montaje lo convierten en una opci\u00f3n excelente tanto para profesionales como para aficionados del audio.<\/div>\n<div>\n<h4>Characteristics<\/h4>\n<\/div>\n<div>\n<ul style=\"margin: 0px 0px 0px 25px\">\n<li style=\"list-style-type: circle;margin: 5px\">Amplificador<\/li>\n<li style=\"list-style-type: circle;margin: 5px\">Tama\u00f1o del altavoz<\/li>\n<li style=\"list-style-type: circle;margin: 5px\">Entradas de audio<\/li>\n<li style=\"list-style-type: circle;margin: 5px\">Datos del sistema de altavoces<\/li>\n<li style=\"list-style-type: circle;margin: 5px\">Igualada<\/li>\n<li style=\"list-style-type: circle;margin: 5px\">Bluetooth<\/li>\n<li style=\"list-style-type: circle;margin: 5px\">Power supply<\/li>\n<li style=\"list-style-type: circle;margin: 5px\">Dimensiones y peso<\/li>\n<\/ul>\n<\/div>\n<\/div>","protected":false},"excerpt":{"rendered":"<p>El Behringer B105D es un altavoz multiusos de 50 vatios dise\u00f1ado para una variedad de aplicaciones, desde la monitorizaci\u00f3n de voz y teclado hasta multimedia, conferencias de prensa y estudios de grabaci\u00f3n dom\u00e9sticos. Equipado con un reproductor MP3 para memorias USB y conectividad Bluetooth para dispositivos como iPod, iPhone y iPad, este altavoz ofrece una flexibilidad y conveniencia incomparables. Su amplificador de Clase D proporciona una potencia y rendimiento sonoro excepcionales en un dise\u00f1o ligero. Con un controlador de 5\u201d de rango completo, mezclador de 3 canales de ruido ultrabajo, ecualizador de 3 bandas, y entradas dedicadas para teclados y otros dispositivos, el B105D es ideal para cualquier entorno de audio. Su construcci\u00f3n robusta incluye una carcasa resistente a los impactos y un asa de transporte integrada, mientras que su limitador y fuente de alimentaci\u00f3n conmutada interna garantizan un funcionamiento sin ruidos y una eficiencia energ\u00e9tica superior, asegurando una larga vida \u00fatil y una protecci\u00f3n \u00f3ptima para los altavoces.&hellip; <a class=\"kt-excerpt-readmore more-link\" href=\"https:\/\/www.mexicanguitarplayers.com\/en\/tienda\/audio\/bafles-y-bocinas\/bocinas-y-componentes\/medios\/bafle-behringer-mod-b105d\/\">Read more<\/a><\/p>","protected":false},"featured_media":25724,"comment_status":"open","ping_status":"closed","template":"","meta":{"kt_blocks_editor_width":""},"pwb-brand":[171],"product_brand":[],"product_cat":[213,221,474,534],"product_tag":[],"class_list":{"0":"post-25728","1":"product","2":"type-product","3":"status-publish","4":"has-post-thumbnail","6":"pwb-brand-behringer","7":"product_cat-audio","8":"product_cat-bafles-y-bocinas","9":"product_cat-bocinas-y-componentes","10":"product_cat-medios","11":"product_shipping_class-0-5-kg","13":"first","14":"outofstock","15":"taxable","16":"shipping-taxable","17":"purchasable","18":"product-type-simple"},"yoast_head":"<!-- This site is optimized with the Yoast SEO plugin v27.3 - https:\/\/yoast.com\/product\/yoast-seo-wordpress\/ -->\n<title>BAFLE BEHRINGER MOD. B105D - Mexican Guitar Players<\/title>\n<meta name=\"description\" content=\"El Behringer B105D es un altavoz multiusos de 50 vatios dise\u00f1ado para una variedad de aplicaciones, desde la monitorizaci\u00f3n de voz y teclado hasta multimedia, conferencias de prensa y estudios de grabaci\u00f3n dom\u00e9sticos. Equipado con un reproductor MP3 para memorias USB y conectividad Bluetooth para dispositivos como iPod, iPhone y iPad, este altavoz ofrece una flexibilidad y conveniencia incomparables. Su amplificador de Clase D proporciona una potencia y rendimiento sonoro excepcionales en un dise\u00f1o ligero. Con un controlador de 5\u201d de rango completo, mezclador de 3 canales de ruido ultrabajo, ecualizador de 3 bandas, y entradas dedicadas para teclados y otros dispositivos, el B105D es ideal para cualquier entorno de audio. Su construcci\u00f3n robusta incluye una carcasa resistente a los impactos y un asa de transporte integrada, mientras que su limitador y fuente de alimentaci\u00f3n conmutada interna garantizan un funcionamiento sin ruidos y una eficiencia energ\u00e9tica superior, asegurando una larga vida \u00fatil y una protecci\u00f3n \u00f3ptima para los altavoces.\" \/>\n<meta name=\"robots\" content=\"index, follow, max-snippet:-1, max-image-preview:large, max-video-preview:-1\" \/>\n<link rel=\"canonical\" href=\"https:\/\/www.mexicanguitarplayers.com\/en\/tienda\/sin%20categor\u00eda\/bafle-behringer-mod-b105d\/\" \/>\n<meta property=\"og:locale\" content=\"en_US\" \/>\n<meta property=\"og:type\" content=\"article\" \/>\n<meta property=\"og:title\" content=\"BAFLE BEHRINGER MOD. B105D - Mexican Guitar Players\" \/>\n<meta property=\"og:description\" content=\"El Behringer B105D es un altavoz multiusos de 50 vatios dise\u00f1ado para una variedad de aplicaciones, desde la monitorizaci\u00f3n de voz y teclado hasta multimedia, conferencias de prensa y estudios de grabaci\u00f3n dom\u00e9sticos. Equipado con un reproductor MP3 para memorias USB y conectividad Bluetooth para dispositivos como iPod, iPhone y iPad, este altavoz ofrece una flexibilidad y conveniencia incomparables. Su amplificador de Clase D proporciona una potencia y rendimiento sonoro excepcionales en un dise\u00f1o ligero. Con un controlador de 5\u201d de rango completo, mezclador de 3 canales de ruido ultrabajo, ecualizador de 3 bandas, y entradas dedicadas para teclados y otros dispositivos, el B105D es ideal para cualquier entorno de audio. Su construcci\u00f3n robusta incluye una carcasa resistente a los impactos y un asa de transporte integrada, mientras que su limitador y fuente de alimentaci\u00f3n conmutada interna garantizan un funcionamiento sin ruidos y una eficiencia energ\u00e9tica superior, asegurando una larga vida \u00fatil y una protecci\u00f3n \u00f3ptima para los altavoces.\" \/>\n<meta property=\"og:url\" content=\"https:\/\/www.mexicanguitarplayers.com\/en\/tienda\/sin categor\u00eda\/bafle-behringer-mod-b105d\/\" \/>\n<meta property=\"og:site_name\" content=\"Mexican Guitar Players\" \/>\n<meta property=\"article:modified_time\" content=\"2026-03-09T04:19:08+00:00\" \/>\n<meta name=\"twitter:card\" content=\"summary_large_image\" \/>\n<meta name=\"twitter:label1\" content=\"Est. reading time\" \/>\n\t<meta name=\"twitter:data1\" content=\"1 minute\" \/>\n<script type=\"application\/ld+json\" class=\"yoast-schema-graph\">{\"@context\":\"https:\\\/\\\/schema.org\",\"@graph\":[{\"@type\":[\"WebPage\",\"ItemPage\"],\"@id\":\"https:\\\/\\\/www.mexicanguitarplayers.com\\\/tienda\\\/sin categor\u00eda\\\/bafle-behringer-mod-b105d\\\/\",\"url\":\"https:\\\/\\\/www.mexicanguitarplayers.com\\\/tienda\\\/sin categor\u00eda\\\/bafle-behringer-mod-b105d\\\/\",\"name\":\"BAFLE BEHRINGER MOD. B105D - Mexican Guitar Players\",\"isPartOf\":{\"@id\":\"https:\\\/\\\/www.mexicanguitarplayers.com\\\/#website\"},\"primaryImageOfPage\":{\"@id\":\"https:\\\/\\\/www.mexicanguitarplayers.com\\\/tienda\\\/sin categor\u00eda\\\/bafle-behringer-mod-b105d\\\/#primaryimage\"},\"image\":{\"@id\":\"https:\\\/\\\/www.mexicanguitarplayers.com\\\/tienda\\\/sin categor\u00eda\\\/bafle-behringer-mod-b105d\\\/#primaryimage\"},\"thumbnailUrl\":\"https:\\\/\\\/www.mexicanguitarplayers.com\\\/wp-content\\\/uploads\\\/2025\\\/04\\\/IABEHB105D.jpg\",\"datePublished\":\"2025-04-06T22:22:17+00:00\",\"dateModified\":\"2026-03-09T04:19:08+00:00\",\"description\":\"El Behringer B105D es un altavoz multiusos de 50 vatios dise\u00f1ado para una variedad de aplicaciones, desde la monitorizaci\u00f3n de voz y teclado hasta multimedia, conferencias de prensa y estudios de grabaci\u00f3n dom\u00e9sticos. Equipado con un reproductor MP3 para memorias USB y conectividad Bluetooth para dispositivos como iPod, iPhone y iPad, este altavoz ofrece una flexibilidad y conveniencia incomparables. Su amplificador de Clase D proporciona una potencia y rendimiento sonoro excepcionales en un dise\u00f1o ligero. Con un controlador de 5\u201d de rango completo, mezclador de 3 canales de ruido ultrabajo, ecualizador de 3 bandas, y entradas dedicadas para teclados y otros dispositivos, el B105D es ideal para cualquier entorno de audio. Su construcci\u00f3n robusta incluye una carcasa resistente a los impactos y un asa de transporte integrada, mientras que su limitador y fuente de alimentaci\u00f3n conmutada interna garantizan un funcionamiento sin ruidos y una eficiencia energ\u00e9tica superior, asegurando una larga vida \u00fatil y una protecci\u00f3n \u00f3ptima para los altavoces.\",\"breadcrumb\":{\"@id\":\"https:\\\/\\\/www.mexicanguitarplayers.com\\\/tienda\\\/sin categor\u00eda\\\/bafle-behringer-mod-b105d\\\/#breadcrumb\"},\"inLanguage\":\"en-US\",\"potentialAction\":[{\"@type\":\"ReadAction\",\"target\":[\"https:\\\/\\\/www.mexicanguitarplayers.com\\\/tienda\\\/sin categor\u00eda\\\/bafle-behringer-mod-b105d\\\/\"]}]},{\"@type\":\"ImageObject\",\"inLanguage\":\"en-US\",\"@id\":\"https:\\\/\\\/www.mexicanguitarplayers.com\\\/tienda\\\/sin categor\u00eda\\\/bafle-behringer-mod-b105d\\\/#primaryimage\",\"url\":\"https:\\\/\\\/www.mexicanguitarplayers.com\\\/wp-content\\\/uploads\\\/2025\\\/04\\\/IABEHB105D.jpg\",\"contentUrl\":\"https:\\\/\\\/www.mexicanguitarplayers.com\\\/wp-content\\\/uploads\\\/2025\\\/04\\\/IABEHB105D.jpg\",\"width\":1200,\"height\":1200},{\"@type\":\"BreadcrumbList\",\"@id\":\"https:\\\/\\\/www.mexicanguitarplayers.com\\\/tienda\\\/sin categor\u00eda\\\/bafle-behringer-mod-b105d\\\/#breadcrumb\",\"itemListElement\":[{\"@type\":\"ListItem\",\"position\":1,\"name\":\"Portada\",\"item\":\"https:\\\/\\\/www.mexicanguitarplayers.com\\\/\"},{\"@type\":\"ListItem\",\"position\":2,\"name\":\"Tienda\",\"item\":\"https:\\\/\\\/www.mexicanguitarplayers.com\\\/tienda\\\/\"},{\"@type\":\"ListItem\",\"position\":3,\"name\":\"BAFLE BEHRINGER MOD. B105D\"}]},{\"@type\":\"WebSite\",\"@id\":\"https:\\\/\\\/www.mexicanguitarplayers.com\\\/#website\",\"url\":\"https:\\\/\\\/www.mexicanguitarplayers.com\\\/\",\"name\":\"Mexican Guitar Players\",\"description\":\"Website\",\"publisher\":{\"@id\":\"https:\\\/\\\/www.mexicanguitarplayers.com\\\/#organization\"},\"potentialAction\":[{\"@type\":\"SearchAction\",\"target\":{\"@type\":\"EntryPoint\",\"urlTemplate\":\"https:\\\/\\\/www.mexicanguitarplayers.com\\\/?s={search_term_string}\"},\"query-input\":{\"@type\":\"PropertyValueSpecification\",\"valueRequired\":true,\"valueName\":\"search_term_string\"}}],\"inLanguage\":\"en-US\"},{\"@type\":\"Organization\",\"@id\":\"https:\\\/\\\/www.mexicanguitarplayers.com\\\/#organization\",\"name\":\"Mexican Guitar Players\",\"url\":\"https:\\\/\\\/www.mexicanguitarplayers.com\\\/\",\"logo\":{\"@type\":\"ImageObject\",\"inLanguage\":\"en-US\",\"@id\":\"https:\\\/\\\/www.mexicanguitarplayers.com\\\/#\\\/schema\\\/logo\\\/image\\\/\",\"url\":\"\",\"contentUrl\":\"\",\"caption\":\"Mexican Guitar Players\"},\"image\":{\"@id\":\"https:\\\/\\\/www.mexicanguitarplayers.com\\\/#\\\/schema\\\/logo\\\/image\\\/\"}}]}<\/script>\n<!-- \/ Yoast SEO plugin. -->","yoast_head_json":{"title":"BAFLE BEHRINGER MOD. B105D - Mexican Guitar Players","description":"El Behringer B105D es un altavoz multiusos de 50 vatios dise\u00f1ado para una variedad de aplicaciones, desde la monitorizaci\u00f3n de voz y teclado hasta multimedia, conferencias de prensa y estudios de grabaci\u00f3n dom\u00e9sticos. Equipado con un reproductor MP3 para memorias USB y conectividad Bluetooth para dispositivos como iPod, iPhone y iPad, este altavoz ofrece una flexibilidad y conveniencia incomparables. Su amplificador de Clase D proporciona una potencia y rendimiento sonoro excepcionales en un dise\u00f1o ligero. Con un controlador de 5\u201d de rango completo, mezclador de 3 canales de ruido ultrabajo, ecualizador de 3 bandas, y entradas dedicadas para teclados y otros dispositivos, el B105D es ideal para cualquier entorno de audio. Su construcci\u00f3n robusta incluye una carcasa resistente a los impactos y un asa de transporte integrada, mientras que su limitador y fuente de alimentaci\u00f3n conmutada interna garantizan un funcionamiento sin ruidos y una eficiencia energ\u00e9tica superior, asegurando una larga vida \u00fatil y una protecci\u00f3n \u00f3ptima para los altavoces.","robots":{"index":"index","follow":"follow","max-snippet":"max-snippet:-1","max-image-preview":"max-image-preview:large","max-video-preview":"max-video-preview:-1"},"canonical":"https:\/\/www.mexicanguitarplayers.com\/en\/tienda\/sin categor\u00eda\/bafle-behringer-mod-b105d\/","og_locale":"en_US","og_type":"article","og_title":"BAFLE BEHRINGER MOD. B105D - Mexican Guitar Players","og_description":"El Behringer B105D es un altavoz multiusos de 50 vatios dise\u00f1ado para una variedad de aplicaciones, desde la monitorizaci\u00f3n de voz y teclado hasta multimedia, conferencias de prensa y estudios de grabaci\u00f3n dom\u00e9sticos. Equipado con un reproductor MP3 para memorias USB y conectividad Bluetooth para dispositivos como iPod, iPhone y iPad, este altavoz ofrece una flexibilidad y conveniencia incomparables. Su amplificador de Clase D proporciona una potencia y rendimiento sonoro excepcionales en un dise\u00f1o ligero. Con un controlador de 5\u201d de rango completo, mezclador de 3 canales de ruido ultrabajo, ecualizador de 3 bandas, y entradas dedicadas para teclados y otros dispositivos, el B105D es ideal para cualquier entorno de audio. Su construcci\u00f3n robusta incluye una carcasa resistente a los impactos y un asa de transporte integrada, mientras que su limitador y fuente de alimentaci\u00f3n conmutada interna garantizan un funcionamiento sin ruidos y una eficiencia energ\u00e9tica superior, asegurando una larga vida \u00fatil y una protecci\u00f3n \u00f3ptima para los altavoces.","og_url":"https:\/\/www.mexicanguitarplayers.com\/en\/tienda\/sin categor\u00eda\/bafle-behringer-mod-b105d\/","og_site_name":"Mexican Guitar Players","article_modified_time":"2026-03-09T04:19:08+00:00","twitter_card":"summary_large_image","twitter_misc":{"Est. reading time":"1 minute"},"schema":{"@context":"https:\/\/schema.org","@graph":[{"@type":["WebPage","ItemPage"],"@id":"https:\/\/www.mexicanguitarplayers.com\/tienda\/sin categor\u00eda\/bafle-behringer-mod-b105d\/","url":"https:\/\/www.mexicanguitarplayers.com\/tienda\/sin categor\u00eda\/bafle-behringer-mod-b105d\/","name":"BAFLE BEHRINGER MOD. B105D - Mexican Guitar Players","isPartOf":{"@id":"https:\/\/www.mexicanguitarplayers.com\/#website"},"primaryImageOfPage":{"@id":"https:\/\/www.mexicanguitarplayers.com\/tienda\/sin categor\u00eda\/bafle-behringer-mod-b105d\/#primaryimage"},"image":{"@id":"https:\/\/www.mexicanguitarplayers.com\/tienda\/sin categor\u00eda\/bafle-behringer-mod-b105d\/#primaryimage"},"thumbnailUrl":"https:\/\/www.mexicanguitarplayers.com\/wp-content\/uploads\/2025\/04\/IABEHB105D.jpg","datePublished":"2025-04-06T22:22:17+00:00","dateModified":"2026-03-09T04:19:08+00:00","description":"El Behringer B105D es un altavoz multiusos de 50 vatios dise\u00f1ado para una variedad de aplicaciones, desde la monitorizaci\u00f3n de voz y teclado hasta multimedia, conferencias de prensa y estudios de grabaci\u00f3n dom\u00e9sticos. Equipado con un reproductor MP3 para memorias USB y conectividad Bluetooth para dispositivos como iPod, iPhone y iPad, este altavoz ofrece una flexibilidad y conveniencia incomparables. Su amplificador de Clase D proporciona una potencia y rendimiento sonoro excepcionales en un dise\u00f1o ligero. Con un controlador de 5\u201d de rango completo, mezclador de 3 canales de ruido ultrabajo, ecualizador de 3 bandas, y entradas dedicadas para teclados y otros dispositivos, el B105D es ideal para cualquier entorno de audio. Su construcci\u00f3n robusta incluye una carcasa resistente a los impactos y un asa de transporte integrada, mientras que su limitador y fuente de alimentaci\u00f3n conmutada interna garantizan un funcionamiento sin ruidos y una eficiencia energ\u00e9tica superior, asegurando una larga vida \u00fatil y una protecci\u00f3n \u00f3ptima para los altavoces.","breadcrumb":{"@id":"https:\/\/www.mexicanguitarplayers.com\/tienda\/sin categor\u00eda\/bafle-behringer-mod-b105d\/#breadcrumb"},"inLanguage":"en-US","potentialAction":[{"@type":"ReadAction","target":["https:\/\/www.mexicanguitarplayers.com\/tienda\/sin categor\u00eda\/bafle-behringer-mod-b105d\/"]}]},{"@type":"ImageObject","inLanguage":"en-US","@id":"https:\/\/www.mexicanguitarplayers.com\/tienda\/sin categor\u00eda\/bafle-behringer-mod-b105d\/#primaryimage","url":"https:\/\/www.mexicanguitarplayers.com\/wp-content\/uploads\/2025\/04\/IABEHB105D.jpg","contentUrl":"https:\/\/www.mexicanguitarplayers.com\/wp-content\/uploads\/2025\/04\/IABEHB105D.jpg","width":1200,"height":1200},{"@type":"BreadcrumbList","@id":"https:\/\/www.mexicanguitarplayers.com\/tienda\/sin categor\u00eda\/bafle-behringer-mod-b105d\/#breadcrumb","itemListElement":[{"@type":"ListItem","position":1,"name":"Portada","item":"https:\/\/www.mexicanguitarplayers.com\/"},{"@type":"ListItem","position":2,"name":"Tienda","item":"https:\/\/www.mexicanguitarplayers.com\/tienda\/"},{"@type":"ListItem","position":3,"name":"BAFLE BEHRINGER MOD. B105D"}]},{"@type":"WebSite","@id":"https:\/\/www.mexicanguitarplayers.com\/#website","url":"https:\/\/www.mexicanguitarplayers.com\/","name":"Mexican Guitar Players","description":"Website","publisher":{"@id":"https:\/\/www.mexicanguitarplayers.com\/#organization"},"potentialAction":[{"@type":"SearchAction","target":{"@type":"EntryPoint","urlTemplate":"https:\/\/www.mexicanguitarplayers.com\/?s={search_term_string}"},"query-input":{"@type":"PropertyValueSpecification","valueRequired":true,"valueName":"search_term_string"}}],"inLanguage":"en-US"},{"@type":"Organization","@id":"https:\/\/www.mexicanguitarplayers.com\/#organization","name":"Mexican Guitar Players","url":"https:\/\/www.mexicanguitarplayers.com\/","logo":{"@type":"ImageObject","inLanguage":"en-US","@id":"https:\/\/www.mexicanguitarplayers.com\/#\/schema\/logo\/image\/","url":"","contentUrl":"","caption":"Mexican Guitar Players"},"image":{"@id":"https:\/\/www.mexicanguitarplayers.com\/#\/schema\/logo\/image\/"}}]}},"brands":[{"id":171,"name":"BEHRINGER","slug":"behringer"}],"_links":{"self":[{"href":"https:\/\/www.mexicanguitarplayers.com\/en\/wp-json\/wp\/v2\/product\/25728","targetHints":{"allow":["GET"]}}],"collection":[{"href":"https:\/\/www.mexicanguitarplayers.com\/en\/wp-json\/wp\/v2\/product"}],"about":[{"href":"https:\/\/www.mexicanguitarplayers.com\/en\/wp-json\/wp\/v2\/types\/product"}],"replies":[{"embeddable":true,"href":"https:\/\/www.mexicanguitarplayers.com\/en\/wp-json\/wp\/v2\/comments?post=25728"}],"wp:featuredmedia":[{"embeddable":true,"href":"https:\/\/www.mexicanguitarplayers.com\/en\/wp-json\/wp\/v2\/media\/25724"}],"wp:attachment":[{"href":"https:\/\/www.mexicanguitarplayers.com\/en\/wp-json\/wp\/v2\/media?parent=25728"}],"wp:term":[{"taxonomy":"pwb-brand","embeddable":true,"href":"https:\/\/www.mexicanguitarplayers.com\/en\/wp-json\/wp\/v2\/pwb-brand?post=25728"},{"taxonomy":"product_brand","embeddable":true,"href":"https:\/\/www.mexicanguitarplayers.com\/en\/wp-json\/wp\/v2\/product_brand?post=25728"},{"taxonomy":"product_cat","embeddable":true,"href":"https:\/\/www.mexicanguitarplayers.com\/en\/wp-json\/wp\/v2\/product_cat?post=25728"},{"taxonomy":"product_tag","embeddable":true,"href":"https:\/\/www.mexicanguitarplayers.com\/en\/wp-json\/wp\/v2\/product_tag?post=25728"}],"curies":[{"name":"wp","href":"https:\/\/api.w.org\/{rel}","templated":true}]}}