{"id":25731,"date":"2025-04-06T16:22:24","date_gmt":"2025-04-06T22:22:24","guid":{"rendered":"https:\/\/www.mexicanguitarplayers.com\/tienda\/sin categor\u00eda\/rack-proel-8-espacios-mod-foabsr8u\/"},"modified":"2026-05-01T07:29:05","modified_gmt":"2026-05-01T13:29:05","slug":"rack-proel-8-espacios-mod-foabsr8u","status":"publish","type":"product","link":"https:\/\/www.mexicanguitarplayers.com\/en\/tienda\/accesorios\/para-audio\/rack\/rack-proel-8-espacios-mod-foabsr8u\/","title":{"rendered":"RACK PROEL 8 ESPACIOS MOD. FOABSR8U"},"content":{"rendered":"<div style=\"text-align: justify\">\n<div>\n<h3>FOABSR8U<\/h3>\n<\/div>\n<div>Estuche de rack de 19&#8242; &#8211; 8U &#8211; hecho de polietileno FORCE. Profundidad interior del rack: 420 mm<\/div>\n<div>\n<h4>Characteristics<\/h4>\n<\/div>\n<div>\n<ul style=\"margin: 0px 0px 0px 25px\">\n<li style=\"list-style-type: circle;margin: 5px\">Campos de aplicaci\u00f3n<\/li>\n<li style=\"list-style-type: circle;margin: 5px\">Materiales de fabricaci\u00f3n<\/li>\n<li style=\"list-style-type: circle;margin: 5px\">Profundidad interna utilizable<\/li>\n<li style=\"list-style-type: circle;margin: 5px\">Acabado<\/li>\n<li style=\"list-style-type: circle;margin: 5px\">Color<\/li>\n<li style=\"list-style-type: circle;margin: 5px\">Unidades de rack<\/li>\n<li style=\"list-style-type: circle;margin: 5px\">Cierre<\/li>\n<li style=\"list-style-type: circle;margin: 5px\">Asas<\/li>\n<li style=\"list-style-type: circle;margin: 5px\">Colores disponibles<\/li>\n<li style=\"list-style-type: circle;margin: 5px\">Paquete maestro<\/li>\n<li style=\"list-style-type: circle;margin: 5px\">Notas<\/li>\n<\/ul>\n<\/div>\n<\/div>","protected":false},"excerpt":{"rendered":"<p>Estuche de rack de 19&#8242; &#8211; 8U &#8211; hecho de polietileno FORCE. Este art\u00edculo forma parte de la nueva serie de productos que incluye una amplia gama de fundas profesionales para instrumentos musicales y equipos para el escenario y es parte integral de los productos de la marca PROEL. La caracter\u00edstica principal de esta serie es la \u201dcombinaci\u00f3n\u201d de componentes y pol\u00edmeros utilizados, incluyendo la fibra de carbono, para la realizaci\u00f3n de los paneles utilizados en la construcci\u00f3n de las fundas de ABS. El resultado de todo esto es el \u201dPolietileno FORCE\u201d, que combina una excelente resistencia a los qu\u00edmicos y a la intemperie y, al mismo tiempo , es muy ligero y duradero.&hellip; <a class=\"kt-excerpt-readmore more-link\" href=\"https:\/\/www.mexicanguitarplayers.com\/en\/tienda\/accesorios\/para-audio\/rack\/rack-proel-8-espacios-mod-foabsr8u\/\">Read more<\/a><\/p>","protected":false},"featured_media":25729,"comment_status":"open","ping_status":"closed","template":"","meta":{"kt_blocks_editor_width":""},"pwb-brand":[252],"product_brand":[],"product_cat":[85,410,411],"product_tag":[],"class_list":{"0":"post-25731","1":"product","2":"type-product","3":"status-publish","4":"has-post-thumbnail","6":"pwb-brand-proel","7":"product_cat-accesorios","8":"product_cat-para-audio","9":"product_cat-rack","10":"product_shipping_class-5-10-kg","12":"first","13":"instock","14":"taxable","15":"shipping-taxable","16":"purchasable","17":"product-type-simple"},"yoast_head":"<!-- This site is optimized with the Yoast SEO plugin v27.5 - https:\/\/yoast.com\/product\/yoast-seo-wordpress\/ -->\n<title>RACK PROEL 8 ESPACIOS MOD. FOABSR8U - Mexican Guitar Players<\/title>\n<meta name=\"description\" content=\"Estuche de rack de 19&#039; - 8U - hecho de polietileno FORCE. Este art\u00edculo forma parte de la nueva serie de productos que incluye una amplia gama de fundas profesionales para instrumentos musicales y equipos para el escenario y es parte integral de los productos de la marca PROEL. La caracter\u00edstica principal de esta serie es la \u201dcombinaci\u00f3n\u201d de componentes y pol\u00edmeros utilizados, incluyendo la fibra de carbono, para la realizaci\u00f3n de los paneles utilizados en la construcci\u00f3n de las fundas de ABS. El resultado de todo esto es el \u201dPolietileno FORCE\u201d, que combina una excelente resistencia a los qu\u00edmicos y a la intemperie y, al mismo tiempo , es muy ligero y duradero.\" \/>\n<meta name=\"robots\" content=\"index, follow, max-snippet:-1, max-image-preview:large, max-video-preview:-1\" \/>\n<link rel=\"canonical\" href=\"https:\/\/www.mexicanguitarplayers.com\/en\/tienda\/sin%20categor\u00eda\/rack-proel-8-espacios-mod-foabsr8u\/\" \/>\n<meta property=\"og:locale\" content=\"en_US\" \/>\n<meta property=\"og:type\" content=\"article\" \/>\n<meta property=\"og:title\" content=\"RACK PROEL 8 ESPACIOS MOD. FOABSR8U - Mexican Guitar Players\" \/>\n<meta property=\"og:description\" content=\"Estuche de rack de 19&#039; - 8U - hecho de polietileno FORCE. Este art\u00edculo forma parte de la nueva serie de productos que incluye una amplia gama de fundas profesionales para instrumentos musicales y equipos para el escenario y es parte integral de los productos de la marca PROEL. La caracter\u00edstica principal de esta serie es la \u201dcombinaci\u00f3n\u201d de componentes y pol\u00edmeros utilizados, incluyendo la fibra de carbono, para la realizaci\u00f3n de los paneles utilizados en la construcci\u00f3n de las fundas de ABS. El resultado de todo esto es el \u201dPolietileno FORCE\u201d, que combina una excelente resistencia a los qu\u00edmicos y a la intemperie y, al mismo tiempo , es muy ligero y duradero.\" \/>\n<meta property=\"og:url\" content=\"https:\/\/www.mexicanguitarplayers.com\/en\/tienda\/sin categor\u00eda\/rack-proel-8-espacios-mod-foabsr8u\/\" \/>\n<meta property=\"og:site_name\" content=\"Mexican Guitar Players\" \/>\n<meta property=\"article:modified_time\" content=\"2026-05-01T13:29:05+00:00\" \/>\n<meta name=\"twitter:card\" content=\"summary_large_image\" \/>\n<script type=\"application\/ld+json\" class=\"yoast-schema-graph\">{\"@context\":\"https:\\\/\\\/schema.org\",\"@graph\":[{\"@type\":[\"WebPage\",\"ItemPage\"],\"@id\":\"https:\\\/\\\/www.mexicanguitarplayers.com\\\/tienda\\\/sin categor\u00eda\\\/rack-proel-8-espacios-mod-foabsr8u\\\/\",\"url\":\"https:\\\/\\\/www.mexicanguitarplayers.com\\\/tienda\\\/sin categor\u00eda\\\/rack-proel-8-espacios-mod-foabsr8u\\\/\",\"name\":\"RACK PROEL 8 ESPACIOS MOD. FOABSR8U - Mexican Guitar Players\",\"isPartOf\":{\"@id\":\"https:\\\/\\\/www.mexicanguitarplayers.com\\\/#website\"},\"primaryImageOfPage\":{\"@id\":\"https:\\\/\\\/www.mexicanguitarplayers.com\\\/tienda\\\/sin categor\u00eda\\\/rack-proel-8-espacios-mod-foabsr8u\\\/#primaryimage\"},\"image\":{\"@id\":\"https:\\\/\\\/www.mexicanguitarplayers.com\\\/tienda\\\/sin categor\u00eda\\\/rack-proel-8-espacios-mod-foabsr8u\\\/#primaryimage\"},\"thumbnailUrl\":\"https:\\\/\\\/www.mexicanguitarplayers.com\\\/wp-content\\\/uploads\\\/2025\\\/04\\\/VAPREFOABSR8U.jpg\",\"datePublished\":\"2025-04-06T22:22:24+00:00\",\"dateModified\":\"2026-05-01T13:29:05+00:00\",\"description\":\"Estuche de rack de 19' - 8U - hecho de polietileno FORCE. Este art\u00edculo forma parte de la nueva serie de productos que incluye una amplia gama de fundas profesionales para instrumentos musicales y equipos para el escenario y es parte integral de los productos de la marca PROEL. La caracter\u00edstica principal de esta serie es la \u201dcombinaci\u00f3n\u201d de componentes y pol\u00edmeros utilizados, incluyendo la fibra de carbono, para la realizaci\u00f3n de los paneles utilizados en la construcci\u00f3n de las fundas de ABS. El resultado de todo esto es el \u201dPolietileno FORCE\u201d, que combina una excelente resistencia a los qu\u00edmicos y a la intemperie y, al mismo tiempo , es muy ligero y duradero.\",\"breadcrumb\":{\"@id\":\"https:\\\/\\\/www.mexicanguitarplayers.com\\\/tienda\\\/sin categor\u00eda\\\/rack-proel-8-espacios-mod-foabsr8u\\\/#breadcrumb\"},\"inLanguage\":\"en-US\",\"potentialAction\":[{\"@type\":\"ReadAction\",\"target\":[\"https:\\\/\\\/www.mexicanguitarplayers.com\\\/tienda\\\/sin categor\u00eda\\\/rack-proel-8-espacios-mod-foabsr8u\\\/\"]}]},{\"@type\":\"ImageObject\",\"inLanguage\":\"en-US\",\"@id\":\"https:\\\/\\\/www.mexicanguitarplayers.com\\\/tienda\\\/sin categor\u00eda\\\/rack-proel-8-espacios-mod-foabsr8u\\\/#primaryimage\",\"url\":\"https:\\\/\\\/www.mexicanguitarplayers.com\\\/wp-content\\\/uploads\\\/2025\\\/04\\\/VAPREFOABSR8U.jpg\",\"contentUrl\":\"https:\\\/\\\/www.mexicanguitarplayers.com\\\/wp-content\\\/uploads\\\/2025\\\/04\\\/VAPREFOABSR8U.jpg\",\"width\":1200,\"height\":1200},{\"@type\":\"BreadcrumbList\",\"@id\":\"https:\\\/\\\/www.mexicanguitarplayers.com\\\/tienda\\\/sin categor\u00eda\\\/rack-proel-8-espacios-mod-foabsr8u\\\/#breadcrumb\",\"itemListElement\":[{\"@type\":\"ListItem\",\"position\":1,\"name\":\"Portada\",\"item\":\"https:\\\/\\\/www.mexicanguitarplayers.com\\\/\"},{\"@type\":\"ListItem\",\"position\":2,\"name\":\"Tienda\",\"item\":\"https:\\\/\\\/www.mexicanguitarplayers.com\\\/tienda\\\/\"},{\"@type\":\"ListItem\",\"position\":3,\"name\":\"RACK PROEL 8 ESPACIOS MOD. FOABSR8U\"}]},{\"@type\":\"WebSite\",\"@id\":\"https:\\\/\\\/www.mexicanguitarplayers.com\\\/#website\",\"url\":\"https:\\\/\\\/www.mexicanguitarplayers.com\\\/\",\"name\":\"Mexican Guitar Players\",\"description\":\"Website\",\"publisher\":{\"@id\":\"https:\\\/\\\/www.mexicanguitarplayers.com\\\/#organization\"},\"potentialAction\":[{\"@type\":\"SearchAction\",\"target\":{\"@type\":\"EntryPoint\",\"urlTemplate\":\"https:\\\/\\\/www.mexicanguitarplayers.com\\\/?s={search_term_string}\"},\"query-input\":{\"@type\":\"PropertyValueSpecification\",\"valueRequired\":true,\"valueName\":\"search_term_string\"}}],\"inLanguage\":\"en-US\"},{\"@type\":\"Organization\",\"@id\":\"https:\\\/\\\/www.mexicanguitarplayers.com\\\/#organization\",\"name\":\"Mexican Guitar Players\",\"url\":\"https:\\\/\\\/www.mexicanguitarplayers.com\\\/\",\"logo\":{\"@type\":\"ImageObject\",\"inLanguage\":\"en-US\",\"@id\":\"https:\\\/\\\/www.mexicanguitarplayers.com\\\/#\\\/schema\\\/logo\\\/image\\\/\",\"url\":\"\",\"contentUrl\":\"\",\"caption\":\"Mexican Guitar Players\"},\"image\":{\"@id\":\"https:\\\/\\\/www.mexicanguitarplayers.com\\\/#\\\/schema\\\/logo\\\/image\\\/\"}}]}<\/script>\n<!-- \/ Yoast SEO plugin. -->","yoast_head_json":{"title":"RACK PROEL 8 ESPACIOS MOD. FOABSR8U - Mexican Guitar Players","description":"Estuche de rack de 19' - 8U - hecho de polietileno FORCE. Este art\u00edculo forma parte de la nueva serie de productos que incluye una amplia gama de fundas profesionales para instrumentos musicales y equipos para el escenario y es parte integral de los productos de la marca PROEL. La caracter\u00edstica principal de esta serie es la \u201dcombinaci\u00f3n\u201d de componentes y pol\u00edmeros utilizados, incluyendo la fibra de carbono, para la realizaci\u00f3n de los paneles utilizados en la construcci\u00f3n de las fundas de ABS. El resultado de todo esto es el \u201dPolietileno FORCE\u201d, que combina una excelente resistencia a los qu\u00edmicos y a la intemperie y, al mismo tiempo , es muy ligero y duradero.","robots":{"index":"index","follow":"follow","max-snippet":"max-snippet:-1","max-image-preview":"max-image-preview:large","max-video-preview":"max-video-preview:-1"},"canonical":"https:\/\/www.mexicanguitarplayers.com\/en\/tienda\/sin categor\u00eda\/rack-proel-8-espacios-mod-foabsr8u\/","og_locale":"en_US","og_type":"article","og_title":"RACK PROEL 8 ESPACIOS MOD. FOABSR8U - Mexican Guitar Players","og_description":"Estuche de rack de 19' - 8U - hecho de polietileno FORCE. Este art\u00edculo forma parte de la nueva serie de productos que incluye una amplia gama de fundas profesionales para instrumentos musicales y equipos para el escenario y es parte integral de los productos de la marca PROEL. La caracter\u00edstica principal de esta serie es la \u201dcombinaci\u00f3n\u201d de componentes y pol\u00edmeros utilizados, incluyendo la fibra de carbono, para la realizaci\u00f3n de los paneles utilizados en la construcci\u00f3n de las fundas de ABS. El resultado de todo esto es el \u201dPolietileno FORCE\u201d, que combina una excelente resistencia a los qu\u00edmicos y a la intemperie y, al mismo tiempo , es muy ligero y duradero.","og_url":"https:\/\/www.mexicanguitarplayers.com\/en\/tienda\/sin categor\u00eda\/rack-proel-8-espacios-mod-foabsr8u\/","og_site_name":"Mexican Guitar Players","article_modified_time":"2026-05-01T13:29:05+00:00","twitter_card":"summary_large_image","schema":{"@context":"https:\/\/schema.org","@graph":[{"@type":["WebPage","ItemPage"],"@id":"https:\/\/www.mexicanguitarplayers.com\/tienda\/sin categor\u00eda\/rack-proel-8-espacios-mod-foabsr8u\/","url":"https:\/\/www.mexicanguitarplayers.com\/tienda\/sin categor\u00eda\/rack-proel-8-espacios-mod-foabsr8u\/","name":"RACK PROEL 8 ESPACIOS MOD. FOABSR8U - Mexican Guitar Players","isPartOf":{"@id":"https:\/\/www.mexicanguitarplayers.com\/#website"},"primaryImageOfPage":{"@id":"https:\/\/www.mexicanguitarplayers.com\/tienda\/sin categor\u00eda\/rack-proel-8-espacios-mod-foabsr8u\/#primaryimage"},"image":{"@id":"https:\/\/www.mexicanguitarplayers.com\/tienda\/sin categor\u00eda\/rack-proel-8-espacios-mod-foabsr8u\/#primaryimage"},"thumbnailUrl":"https:\/\/www.mexicanguitarplayers.com\/wp-content\/uploads\/2025\/04\/VAPREFOABSR8U.jpg","datePublished":"2025-04-06T22:22:24+00:00","dateModified":"2026-05-01T13:29:05+00:00","description":"Estuche de rack de 19' - 8U - hecho de polietileno FORCE. Este art\u00edculo forma parte de la nueva serie de productos que incluye una amplia gama de fundas profesionales para instrumentos musicales y equipos para el escenario y es parte integral de los productos de la marca PROEL. La caracter\u00edstica principal de esta serie es la \u201dcombinaci\u00f3n\u201d de componentes y pol\u00edmeros utilizados, incluyendo la fibra de carbono, para la realizaci\u00f3n de los paneles utilizados en la construcci\u00f3n de las fundas de ABS. El resultado de todo esto es el \u201dPolietileno FORCE\u201d, que combina una excelente resistencia a los qu\u00edmicos y a la intemperie y, al mismo tiempo , es muy ligero y duradero.","breadcrumb":{"@id":"https:\/\/www.mexicanguitarplayers.com\/tienda\/sin categor\u00eda\/rack-proel-8-espacios-mod-foabsr8u\/#breadcrumb"},"inLanguage":"en-US","potentialAction":[{"@type":"ReadAction","target":["https:\/\/www.mexicanguitarplayers.com\/tienda\/sin categor\u00eda\/rack-proel-8-espacios-mod-foabsr8u\/"]}]},{"@type":"ImageObject","inLanguage":"en-US","@id":"https:\/\/www.mexicanguitarplayers.com\/tienda\/sin categor\u00eda\/rack-proel-8-espacios-mod-foabsr8u\/#primaryimage","url":"https:\/\/www.mexicanguitarplayers.com\/wp-content\/uploads\/2025\/04\/VAPREFOABSR8U.jpg","contentUrl":"https:\/\/www.mexicanguitarplayers.com\/wp-content\/uploads\/2025\/04\/VAPREFOABSR8U.jpg","width":1200,"height":1200},{"@type":"BreadcrumbList","@id":"https:\/\/www.mexicanguitarplayers.com\/tienda\/sin categor\u00eda\/rack-proel-8-espacios-mod-foabsr8u\/#breadcrumb","itemListElement":[{"@type":"ListItem","position":1,"name":"Portada","item":"https:\/\/www.mexicanguitarplayers.com\/"},{"@type":"ListItem","position":2,"name":"Tienda","item":"https:\/\/www.mexicanguitarplayers.com\/tienda\/"},{"@type":"ListItem","position":3,"name":"RACK PROEL 8 ESPACIOS MOD. FOABSR8U"}]},{"@type":"WebSite","@id":"https:\/\/www.mexicanguitarplayers.com\/#website","url":"https:\/\/www.mexicanguitarplayers.com\/","name":"Mexican Guitar Players","description":"Website","publisher":{"@id":"https:\/\/www.mexicanguitarplayers.com\/#organization"},"potentialAction":[{"@type":"SearchAction","target":{"@type":"EntryPoint","urlTemplate":"https:\/\/www.mexicanguitarplayers.com\/?s={search_term_string}"},"query-input":{"@type":"PropertyValueSpecification","valueRequired":true,"valueName":"search_term_string"}}],"inLanguage":"en-US"},{"@type":"Organization","@id":"https:\/\/www.mexicanguitarplayers.com\/#organization","name":"Mexican Guitar Players","url":"https:\/\/www.mexicanguitarplayers.com\/","logo":{"@type":"ImageObject","inLanguage":"en-US","@id":"https:\/\/www.mexicanguitarplayers.com\/#\/schema\/logo\/image\/","url":"","contentUrl":"","caption":"Mexican Guitar Players"},"image":{"@id":"https:\/\/www.mexicanguitarplayers.com\/#\/schema\/logo\/image\/"}}]}},"brands":[{"id":252,"name":"PROEL","slug":"proel"}],"_links":{"self":[{"href":"https:\/\/www.mexicanguitarplayers.com\/en\/wp-json\/wp\/v2\/product\/25731","targetHints":{"allow":["GET"]}}],"collection":[{"href":"https:\/\/www.mexicanguitarplayers.com\/en\/wp-json\/wp\/v2\/product"}],"about":[{"href":"https:\/\/www.mexicanguitarplayers.com\/en\/wp-json\/wp\/v2\/types\/product"}],"replies":[{"embeddable":true,"href":"https:\/\/www.mexicanguitarplayers.com\/en\/wp-json\/wp\/v2\/comments?post=25731"}],"wp:featuredmedia":[{"embeddable":true,"href":"https:\/\/www.mexicanguitarplayers.com\/en\/wp-json\/wp\/v2\/media\/25729"}],"wp:attachment":[{"href":"https:\/\/www.mexicanguitarplayers.com\/en\/wp-json\/wp\/v2\/media?parent=25731"}],"wp:term":[{"taxonomy":"pwb-brand","embeddable":true,"href":"https:\/\/www.mexicanguitarplayers.com\/en\/wp-json\/wp\/v2\/pwb-brand?post=25731"},{"taxonomy":"product_brand","embeddable":true,"href":"https:\/\/www.mexicanguitarplayers.com\/en\/wp-json\/wp\/v2\/product_brand?post=25731"},{"taxonomy":"product_cat","embeddable":true,"href":"https:\/\/www.mexicanguitarplayers.com\/en\/wp-json\/wp\/v2\/product_cat?post=25731"},{"taxonomy":"product_tag","embeddable":true,"href":"https:\/\/www.mexicanguitarplayers.com\/en\/wp-json\/wp\/v2\/product_tag?post=25731"}],"curies":[{"name":"wp","href":"https:\/\/api.w.org\/{rel}","templated":true}]}}