{"id":25759,"date":"2025-04-06T16:25:57","date_gmt":"2025-04-06T22:25:57","guid":{"rendered":"https:\/\/www.mexicanguitarplayers.com\/tienda\/sin categor\u00eda\/sistema-proel-portatil-mod-freepass10\/"},"modified":"2026-04-10T04:45:00","modified_gmt":"2026-04-10T10:45:00","slug":"sistema-proel-portatil-mod-freepass10","status":"publish","type":"product","link":"https:\/\/www.mexicanguitarplayers.com\/en\/tienda\/audio\/sistemas-portatiles\/sistema-proel-portatil-mod-freepass10\/","title":{"rendered":"SISTEMA PROEL PORTATIL MOD. FREEPASS10"},"content":{"rendered":"<div style=\"text-align: justify\">\n<div>\n<h3>Los mejores sistemas todo en uno.<\/h3>\n<\/div>\n<div>Sistema todo en uno con dos altavoces y una mezcladora desmontable. El nuevo FREEPASS10 de Proel es un sistema ultra portable todo en uno que combina un paquete f\u00e1cil de utilizar, todo lo que los m\u00fasicos y otros usuarios de equipo de audio utilizan, una mezcladora con todas las funciones, un potente amplificador, dos altavoces de rango completo y cables de conexi\u00f3n de alta calidad. El FREEPASS10 es un sistema completo de amplificaci\u00f3n de audio que, aunque de tama\u00f1o compacto, r\u00e1pido de instalar y f\u00e1cil de usar, contiene una serie de caracter\u00edsticas innovadoras y proporciona una calidad de sonido inesperada para este tipo de sistemas. Su mezcladora de 8 canales y 2x250W de potencia encaja perfectamente en uno de los dos altavoces y se puede utilizar como tal o separada con una simple operaci\u00f3n. El segundo altavoz incluye un compartimento en donde se pueden guardar todos los cables de conexi\u00f3n y otros accesorios. Se suministran tambi\u00e9n dos cables Proel de alta calidad para altavoz con un durable conector de metal jack 1\/4&#8243;. Los dos altavoces alojados en un gabinete ligero de inyecci\u00f3n de polipropileno cuentan con un controlador de compresi\u00f3n de 1.35&#8243; pulgadas y una bocina de graves de 10&#8243; pulgadas, y son capaces de proporcionar un sonido de rango limpio, completo y de gran alcance. Contiene tambi\u00e9n un asa de mano para facilitar su transporte y asegurar una instalaci\u00f3n r\u00e1pida y f\u00e1cil. Gracias a su portabilidad y su versatilidad, el FREEPASS10 puede ser usado en una gran variedad de aplicaciones, tales como seminarios, eventos de deportes o educacionales y conciertos en vivo para cantantes o bandas peque\u00f1as.<\/div>\n<div>\n<h4>Quick look<\/h4>\n<\/div>\n<ul style=\"margin: 0px 0px 0px 25px\">\n<li style=\"list-style-type: circle;margin: 5px\">System.<\/li>\n<li style=\"list-style-type: circle;margin: 5px\">Entradas mono.<\/li>\n<li style=\"list-style-type: circle;margin: 5px\">Entrada ecualizador HIGH.<\/li>\n<li style=\"list-style-type: circle;margin: 5px\">Phantom power.<\/li>\n<li style=\"list-style-type: circle;margin: 5px\">Procesador din\u00e1mico.<\/li>\n<li style=\"list-style-type: circle;margin: 5px\">Efecto interno.<\/li>\n<li style=\"list-style-type: circle;margin: 5px\">Departures.<\/li>\n<li style=\"list-style-type: circle;margin: 5px\">Ecualizador principal.<\/li>\n<li style=\"list-style-type: circle;margin: 5px\">Medidor.<\/li>\n<li style=\"list-style-type: circle;margin: 5px\">Tipo de amplificador.<\/li>\n<li style=\"list-style-type: circle;margin: 5px\">Salida de potencia m\u00e1xima.<\/li>\n<li style=\"list-style-type: circle;margin: 5px\">Respuesta de frecuencia amplificador.<\/li>\n<li style=\"list-style-type: circle;margin: 5px\">Sistema de altavoces.<\/li>\n<li style=\"list-style-type: circle;margin: 5px\">Dispositivo de alta frecuencia.<\/li>\n<li style=\"list-style-type: circle;margin: 5px\">Cobertura angular.<\/li>\n<li style=\"list-style-type: circle;margin: 5px\">Impedance.<\/li>\n<li style=\"list-style-type: circle;margin: 5px\">Respuesta de frecuencia HF.<\/li>\n<li style=\"list-style-type: circle;margin: 5px\">Maximum SPL.<\/li>\n<li style=\"list-style-type: circle;margin: 5px\">Construcci\u00f3n.<\/li>\n<li style=\"list-style-type: circle;margin: 5px\">Manijas.<\/li>\n<li style=\"list-style-type: circle;margin: 5px\">Agujero de montaje.<\/li>\n<li style=\"list-style-type: circle;margin: 5px\">Dimensions.<\/li>\n<li style=\"list-style-type: circle;margin: 5px\">Weight.<\/li>\n<li style=\"list-style-type: circle;margin: 5px\">Power supply.<\/li>\n<li style=\"list-style-type: circle;margin: 5px\">Energy consumption.<\/li>\n<\/ul>\n<div>\n<div style=\"font-weight: bold\">System.<\/div>\n<div>\n<p>Amplificador clase D dual de 250 watts con SMPS.Altavoces de 2 v\u00edas con driver de compresi\u00f3n de 1.35&#8243; pulgadas y woofer de 10&#8243; pulgadas.2 cables Proel con jack de metal de 1\/4&#8243; de 7.5.<\/p>\n<\/div>\n<div style=\"font-weight: bold\">Entradas mono.<\/div>\n<div>\n<p>(4) Mic In (XLR hembra) + Line in (Jack) : (2) Line In (2 x Jack \/ 2 x RCA).<\/p>\n<\/div>\n<div style=\"font-weight: bold\">Entrada ecualizador HIGH.<\/div>\n<div>\n<p>+\/-15 dB 10 kHz, LOW: +\/- 15dB 100 Hz.<\/p>\n<\/div>\n<div style=\"font-weight: bold\">Phantom power.<\/div>\n<div>\n<p>+ 15 V (CH 1-4).<\/p>\n<\/div>\n<div style=\"font-weight: bold\">Procesador din\u00e1mico.<\/div>\n<div>\n<p>Compresor \/ Limitador (Canal 1-2).<\/p>\n<\/div>\n<div style=\"font-weight: bold\">Efecto interno.<\/div>\n<div>\n<p>Echo \/ Delay (Canal 1-4).<\/p>\n<\/div>\n<div style=\"font-weight: bold\">Departures.<\/div>\n<div>\n<p>Monitor (2 x Jack). Salida de grabaci\u00f3n (2 x RCA). Salida de altavoz (2 x Jack).<\/p>\n<\/div>\n<div style=\"font-weight: bold\">Ecualizador principal.<\/div>\n<div>\n<p>Selector de m\u00fasica o voz.<\/p>\n<\/div>\n<div style=\"font-weight: bold\">Medidor.<\/div>\n<div>\n<p>2&#215;6-Led  Vu-Meter.<\/p>\n<\/div>\n<div style=\"font-weight: bold\">Tipo de amplificador.<\/div>\n<div>\n<p>Clase D con SMPS (Switch Mode Power Supply).<\/p>\n<\/div>\n<div style=\"font-weight: bold\">Salida de potencia m\u00e1xima.<\/div>\n<div>\n<p>2 x 250 W @ 4 ohm (1 kHz, 1% THD).<\/p>\n<\/div>\n<div style=\"font-weight: bold\">Respuesta de frecuencia amplificador.<\/div>\n<div>\n<p>M\u00fasica 20 Hz &#8211; 20 kHz, Voz: 80 Hz &#8211; 20 KHz.<\/p>\n<\/div>\n<div style=\"font-weight: bold\">Sistema de altavoces.<\/div>\n<div>\n<p>Sistema ventilado a dos v\u00edas.<\/p>\n<\/div>\n<div style=\"font-weight: bold\">Dispositivo de alta frecuencia.<\/div>\n<div>\n<p>Driver de compresi\u00f3n de 1\u201d pulgada \/ 1.35&#8243; VC &#8211; horn loaded.<\/p>\n<\/div>\n<div style=\"font-weight: bold\">Cobertura angular.<\/div>\n<div>\n<p>90\u00b0 H x 60\u00b0 V.<\/p>\n<\/div>\n<div style=\"font-weight: bold\">Impedance.<\/div>\n<div>\n<p>4 ohms.<\/p>\n<\/div>\n<div style=\"font-weight: bold\">Respuesta de frecuencia HF.<\/div>\n<div>\n<p>65 Hz &#8211; 20 kHz (-10 dB).<\/p>\n<\/div>\n<div style=\"font-weight: bold\">Maximum SPL.<\/div>\n<div>\n<p>95 dB.<\/p>\n<\/div>\n<div style=\"font-weight: bold\">Construcci\u00f3n.<\/div>\n<div>\n<p>Polipropileno negro, rejilla de metal.<\/p>\n<\/div>\n<div style=\"font-weight: bold\">Manijas.<\/div>\n<div>\n<p>1 arriba.<\/p>\n<\/div>\n<div style=\"font-weight: bold\">Agujero de montaje.<\/div>\n<div>\n<p>1 arriba.<\/p>\n<\/div>\n<div style=\"font-weight: bold\">Dimensions.<\/div>\n<div>\n<p>Altavoz: 50 x 32 x 29 cm \/ Mezcladora: 32 x 18 x 9 cm.<\/p>\n<\/div>\n<div style=\"font-weight: bold\">Weight.<\/div>\n<div>\n<p>Sistema: 25 Kg \/ Altavoz: 10.6 Kg \/ Mezcladora: 2.4 Kg.<\/p>\n<\/div>\n<div style=\"font-weight: bold\">Power supply.<\/div>\n<div>\n<p>230 VAC \/ 120 VAC (conmutable) 50 \/ 60 Hz.<\/p>\n<\/div>\n<div style=\"font-weight: bold\">Energy consumption.<\/div>\n<div>\n<p>400 W.<\/p>\n<\/div>\n<\/div>\n<div>\n<h4>Characteristics<\/h4>\n<\/div>\n<div>\n<ul style=\"margin: 0px 0px 0px 25px\">\n<li style=\"list-style-type: circle;margin: 5px\">4 entradas de l\u00ednea \/ micr\u00f3fono con potencia phantom.<\/li>\n<li style=\"list-style-type: circle;margin: 5px\">2 entradas de l\u00ednea est\u00e9reo.<\/li>\n<li style=\"list-style-type: circle;margin: 5px\">Ecualizador de dos bandas por canal.<\/li>\n<li style=\"list-style-type: circle;margin: 5px\">Efecto Echo\/Delay.<\/li>\n<li style=\"list-style-type: circle;margin: 5px\">Ecualizador principal Music\/Speech.<\/li>\n<li style=\"list-style-type: circle;margin: 5px\">Medidor de 7 leds.<\/li>\n<li style=\"list-style-type: circle;margin: 5px\">Salida de monitor.<\/li>\n<li style=\"list-style-type: circle;margin: 5px\">Compartimento para accesorios.<\/li>\n<\/ul>\n<\/div>\n<\/div>","protected":false},"excerpt":{"rendered":"<p>Sistema port\u00e1til Proel. Modelo FREEPASS10. Salida de monitor. Amplificador claseD dual de 250 watts con SMPS. Altavoces de 2 v\u00edas con driver de compresi\u00f3n de 1.35\u201d pulgadas y woofer de 10\u201d pulgadas. 2 cables Proel con jack de metal de 1\/4\u201dde 7.5. Compartimento para accesorios. Dimensiones: Altavoz: 50 x 32 x 29 cm \/Mezcladora: 32 x 18 x 9 cm. Peso: Sistema: 25 Kg \/ Altavoz: 10.6 Kg \/ Mezcladora: 2.4 Kg.&hellip; <a class=\"kt-excerpt-readmore more-link\" href=\"https:\/\/www.mexicanguitarplayers.com\/en\/tienda\/audio\/sistemas-portatiles\/sistema-proel-portatil-mod-freepass10\/\">Read more<\/a><\/p>","protected":false},"featured_media":25758,"comment_status":"open","ping_status":"closed","template":"","meta":{"kt_blocks_editor_width":""},"pwb-brand":[252],"product_brand":[],"product_cat":[213,571],"product_tag":[],"class_list":{"0":"post-25759","1":"product","2":"type-product","3":"status-publish","4":"has-post-thumbnail","6":"pwb-brand-proel","7":"product_cat-audio","8":"product_cat-sistemas-portatiles","9":"product_shipping_class-0-5-kg","11":"first","12":"outofstock","13":"taxable","14":"shipping-taxable","15":"purchasable","16":"product-type-simple"},"yoast_head":"<!-- This site is optimized with the Yoast SEO plugin v27.6 - https:\/\/yoast.com\/product\/yoast-seo-wordpress\/ -->\n<title>SISTEMA PROEL PORTATIL MOD. FREEPASS10 - Mexican Guitar Players<\/title>\n<meta name=\"description\" content=\"Sistema port\u00e1til Proel. Modelo FREEPASS10. Salida de monitor. Amplificador claseD dual de 250 watts con SMPS. Altavoces de 2 v\u00edas con driver de compresi\u00f3n de 1.35\u201d pulgadas y woofer de 10\u201d pulgadas. 2 cables Proel con jack de metal de 1\/4\u201dde 7.5. Compartimento para accesorios. Dimensiones: Altavoz: 50 x 32 x 29 cm \/Mezcladora: 32 x 18 x 9 cm. Peso: Sistema: 25 Kg \/ Altavoz: 10.6 Kg \/ Mezcladora: 2.4 Kg.\" \/>\n<meta name=\"robots\" content=\"index, follow, max-snippet:-1, max-image-preview:large, max-video-preview:-1\" \/>\n<link rel=\"canonical\" href=\"https:\/\/www.mexicanguitarplayers.com\/en\/tienda\/sin%20categor\u00eda\/sistema-proel-portatil-mod-freepass10\/\" \/>\n<meta property=\"og:locale\" content=\"en_US\" \/>\n<meta property=\"og:type\" content=\"article\" \/>\n<meta property=\"og:title\" content=\"SISTEMA PROEL PORTATIL MOD. FREEPASS10 - Mexican Guitar Players\" \/>\n<meta property=\"og:description\" content=\"Sistema port\u00e1til Proel. Modelo FREEPASS10. Salida de monitor. Amplificador claseD dual de 250 watts con SMPS. Altavoces de 2 v\u00edas con driver de compresi\u00f3n de 1.35\u201d pulgadas y woofer de 10\u201d pulgadas. 2 cables Proel con jack de metal de 1\/4\u201dde 7.5. Compartimento para accesorios. Dimensiones: Altavoz: 50 x 32 x 29 cm \/Mezcladora: 32 x 18 x 9 cm. Peso: Sistema: 25 Kg \/ Altavoz: 10.6 Kg \/ Mezcladora: 2.4 Kg.\" \/>\n<meta property=\"og:url\" content=\"https:\/\/www.mexicanguitarplayers.com\/en\/tienda\/sin categor\u00eda\/sistema-proel-portatil-mod-freepass10\/\" \/>\n<meta property=\"og:site_name\" content=\"Mexican Guitar Players\" \/>\n<meta property=\"article:modified_time\" content=\"2026-04-10T10:45:00+00:00\" \/>\n<meta name=\"twitter:card\" content=\"summary_large_image\" \/>\n<meta name=\"twitter:label1\" content=\"Est. reading time\" \/>\n\t<meta name=\"twitter:data1\" content=\"3 minutes\" \/>\n<script type=\"application\/ld+json\" class=\"yoast-schema-graph\">{\"@context\":\"https:\\\/\\\/schema.org\",\"@graph\":[{\"@type\":[\"WebPage\",\"ItemPage\"],\"@id\":\"https:\\\/\\\/www.mexicanguitarplayers.com\\\/tienda\\\/sin categor\u00eda\\\/sistema-proel-portatil-mod-freepass10\\\/\",\"url\":\"https:\\\/\\\/www.mexicanguitarplayers.com\\\/tienda\\\/sin categor\u00eda\\\/sistema-proel-portatil-mod-freepass10\\\/\",\"name\":\"SISTEMA PROEL PORTATIL MOD. FREEPASS10 - Mexican Guitar Players\",\"isPartOf\":{\"@id\":\"https:\\\/\\\/www.mexicanguitarplayers.com\\\/#website\"},\"primaryImageOfPage\":{\"@id\":\"https:\\\/\\\/www.mexicanguitarplayers.com\\\/tienda\\\/sin categor\u00eda\\\/sistema-proel-portatil-mod-freepass10\\\/#primaryimage\"},\"image\":{\"@id\":\"https:\\\/\\\/www.mexicanguitarplayers.com\\\/tienda\\\/sin categor\u00eda\\\/sistema-proel-portatil-mod-freepass10\\\/#primaryimage\"},\"thumbnailUrl\":\"https:\\\/\\\/www.mexicanguitarplayers.com\\\/wp-content\\\/uploads\\\/2025\\\/04\\\/IAPREFREEPAS10.jpg\",\"datePublished\":\"2025-04-06T22:25:57+00:00\",\"dateModified\":\"2026-04-10T10:45:00+00:00\",\"description\":\"Sistema port\u00e1til Proel. Modelo FREEPASS10. Salida de monitor. Amplificador claseD dual de 250 watts con SMPS. Altavoces de 2 v\u00edas con driver de compresi\u00f3n de 1.35\u201d pulgadas y woofer de 10\u201d pulgadas. 2 cables Proel con jack de metal de 1\\\/4\u201dde 7.5. Compartimento para accesorios. Dimensiones: Altavoz: 50 x 32 x 29 cm \\\/Mezcladora: 32 x 18 x 9 cm. Peso: Sistema: 25 Kg \\\/ Altavoz: 10.6 Kg \\\/ Mezcladora: 2.4 Kg.\",\"breadcrumb\":{\"@id\":\"https:\\\/\\\/www.mexicanguitarplayers.com\\\/tienda\\\/sin categor\u00eda\\\/sistema-proel-portatil-mod-freepass10\\\/#breadcrumb\"},\"inLanguage\":\"en-US\",\"potentialAction\":[{\"@type\":\"ReadAction\",\"target\":[\"https:\\\/\\\/www.mexicanguitarplayers.com\\\/tienda\\\/sin categor\u00eda\\\/sistema-proel-portatil-mod-freepass10\\\/\"]}]},{\"@type\":\"ImageObject\",\"inLanguage\":\"en-US\",\"@id\":\"https:\\\/\\\/www.mexicanguitarplayers.com\\\/tienda\\\/sin categor\u00eda\\\/sistema-proel-portatil-mod-freepass10\\\/#primaryimage\",\"url\":\"https:\\\/\\\/www.mexicanguitarplayers.com\\\/wp-content\\\/uploads\\\/2025\\\/04\\\/IAPREFREEPAS10.jpg\",\"contentUrl\":\"https:\\\/\\\/www.mexicanguitarplayers.com\\\/wp-content\\\/uploads\\\/2025\\\/04\\\/IAPREFREEPAS10.jpg\",\"width\":700,\"height\":700},{\"@type\":\"BreadcrumbList\",\"@id\":\"https:\\\/\\\/www.mexicanguitarplayers.com\\\/tienda\\\/sin categor\u00eda\\\/sistema-proel-portatil-mod-freepass10\\\/#breadcrumb\",\"itemListElement\":[{\"@type\":\"ListItem\",\"position\":1,\"name\":\"Portada\",\"item\":\"https:\\\/\\\/www.mexicanguitarplayers.com\\\/\"},{\"@type\":\"ListItem\",\"position\":2,\"name\":\"Tienda\",\"item\":\"https:\\\/\\\/www.mexicanguitarplayers.com\\\/tienda\\\/\"},{\"@type\":\"ListItem\",\"position\":3,\"name\":\"SISTEMA PROEL PORTATIL MOD. FREEPASS10\"}]},{\"@type\":\"WebSite\",\"@id\":\"https:\\\/\\\/www.mexicanguitarplayers.com\\\/#website\",\"url\":\"https:\\\/\\\/www.mexicanguitarplayers.com\\\/\",\"name\":\"Mexican Guitar Players\",\"description\":\"Website\",\"publisher\":{\"@id\":\"https:\\\/\\\/www.mexicanguitarplayers.com\\\/#organization\"},\"potentialAction\":[{\"@type\":\"SearchAction\",\"target\":{\"@type\":\"EntryPoint\",\"urlTemplate\":\"https:\\\/\\\/www.mexicanguitarplayers.com\\\/?s={search_term_string}\"},\"query-input\":{\"@type\":\"PropertyValueSpecification\",\"valueRequired\":true,\"valueName\":\"search_term_string\"}}],\"inLanguage\":\"en-US\"},{\"@type\":\"Organization\",\"@id\":\"https:\\\/\\\/www.mexicanguitarplayers.com\\\/#organization\",\"name\":\"Mexican Guitar Players\",\"url\":\"https:\\\/\\\/www.mexicanguitarplayers.com\\\/\",\"logo\":{\"@type\":\"ImageObject\",\"inLanguage\":\"en-US\",\"@id\":\"https:\\\/\\\/www.mexicanguitarplayers.com\\\/#\\\/schema\\\/logo\\\/image\\\/\",\"url\":\"\",\"contentUrl\":\"\",\"caption\":\"Mexican Guitar Players\"},\"image\":{\"@id\":\"https:\\\/\\\/www.mexicanguitarplayers.com\\\/#\\\/schema\\\/logo\\\/image\\\/\"}}]}<\/script>\n<!-- \/ Yoast SEO plugin. -->","yoast_head_json":{"title":"SISTEMA PROEL PORTATIL MOD. FREEPASS10 - Mexican Guitar Players","description":"Sistema port\u00e1til Proel. Modelo FREEPASS10. Salida de monitor. Amplificador claseD dual de 250 watts con SMPS. Altavoces de 2 v\u00edas con driver de compresi\u00f3n de 1.35\u201d pulgadas y woofer de 10\u201d pulgadas. 2 cables Proel con jack de metal de 1\/4\u201dde 7.5. Compartimento para accesorios. Dimensiones: Altavoz: 50 x 32 x 29 cm \/Mezcladora: 32 x 18 x 9 cm. Peso: Sistema: 25 Kg \/ Altavoz: 10.6 Kg \/ Mezcladora: 2.4 Kg.","robots":{"index":"index","follow":"follow","max-snippet":"max-snippet:-1","max-image-preview":"max-image-preview:large","max-video-preview":"max-video-preview:-1"},"canonical":"https:\/\/www.mexicanguitarplayers.com\/en\/tienda\/sin categor\u00eda\/sistema-proel-portatil-mod-freepass10\/","og_locale":"en_US","og_type":"article","og_title":"SISTEMA PROEL PORTATIL MOD. FREEPASS10 - Mexican Guitar Players","og_description":"Sistema port\u00e1til Proel. Modelo FREEPASS10. Salida de monitor. Amplificador claseD dual de 250 watts con SMPS. Altavoces de 2 v\u00edas con driver de compresi\u00f3n de 1.35\u201d pulgadas y woofer de 10\u201d pulgadas. 2 cables Proel con jack de metal de 1\/4\u201dde 7.5. Compartimento para accesorios. Dimensiones: Altavoz: 50 x 32 x 29 cm \/Mezcladora: 32 x 18 x 9 cm. Peso: Sistema: 25 Kg \/ Altavoz: 10.6 Kg \/ Mezcladora: 2.4 Kg.","og_url":"https:\/\/www.mexicanguitarplayers.com\/en\/tienda\/sin categor\u00eda\/sistema-proel-portatil-mod-freepass10\/","og_site_name":"Mexican Guitar Players","article_modified_time":"2026-04-10T10:45:00+00:00","twitter_card":"summary_large_image","twitter_misc":{"Est. reading time":"3 minutes"},"schema":{"@context":"https:\/\/schema.org","@graph":[{"@type":["WebPage","ItemPage"],"@id":"https:\/\/www.mexicanguitarplayers.com\/tienda\/sin categor\u00eda\/sistema-proel-portatil-mod-freepass10\/","url":"https:\/\/www.mexicanguitarplayers.com\/tienda\/sin categor\u00eda\/sistema-proel-portatil-mod-freepass10\/","name":"SISTEMA PROEL PORTATIL MOD. FREEPASS10 - Mexican Guitar Players","isPartOf":{"@id":"https:\/\/www.mexicanguitarplayers.com\/#website"},"primaryImageOfPage":{"@id":"https:\/\/www.mexicanguitarplayers.com\/tienda\/sin categor\u00eda\/sistema-proel-portatil-mod-freepass10\/#primaryimage"},"image":{"@id":"https:\/\/www.mexicanguitarplayers.com\/tienda\/sin categor\u00eda\/sistema-proel-portatil-mod-freepass10\/#primaryimage"},"thumbnailUrl":"https:\/\/www.mexicanguitarplayers.com\/wp-content\/uploads\/2025\/04\/IAPREFREEPAS10.jpg","datePublished":"2025-04-06T22:25:57+00:00","dateModified":"2026-04-10T10:45:00+00:00","description":"Sistema port\u00e1til Proel. Modelo FREEPASS10. Salida de monitor. Amplificador claseD dual de 250 watts con SMPS. Altavoces de 2 v\u00edas con driver de compresi\u00f3n de 1.35\u201d pulgadas y woofer de 10\u201d pulgadas. 2 cables Proel con jack de metal de 1\/4\u201dde 7.5. Compartimento para accesorios. Dimensiones: Altavoz: 50 x 32 x 29 cm \/Mezcladora: 32 x 18 x 9 cm. Peso: Sistema: 25 Kg \/ Altavoz: 10.6 Kg \/ Mezcladora: 2.4 Kg.","breadcrumb":{"@id":"https:\/\/www.mexicanguitarplayers.com\/tienda\/sin categor\u00eda\/sistema-proel-portatil-mod-freepass10\/#breadcrumb"},"inLanguage":"en-US","potentialAction":[{"@type":"ReadAction","target":["https:\/\/www.mexicanguitarplayers.com\/tienda\/sin categor\u00eda\/sistema-proel-portatil-mod-freepass10\/"]}]},{"@type":"ImageObject","inLanguage":"en-US","@id":"https:\/\/www.mexicanguitarplayers.com\/tienda\/sin categor\u00eda\/sistema-proel-portatil-mod-freepass10\/#primaryimage","url":"https:\/\/www.mexicanguitarplayers.com\/wp-content\/uploads\/2025\/04\/IAPREFREEPAS10.jpg","contentUrl":"https:\/\/www.mexicanguitarplayers.com\/wp-content\/uploads\/2025\/04\/IAPREFREEPAS10.jpg","width":700,"height":700},{"@type":"BreadcrumbList","@id":"https:\/\/www.mexicanguitarplayers.com\/tienda\/sin categor\u00eda\/sistema-proel-portatil-mod-freepass10\/#breadcrumb","itemListElement":[{"@type":"ListItem","position":1,"name":"Portada","item":"https:\/\/www.mexicanguitarplayers.com\/"},{"@type":"ListItem","position":2,"name":"Tienda","item":"https:\/\/www.mexicanguitarplayers.com\/tienda\/"},{"@type":"ListItem","position":3,"name":"SISTEMA PROEL PORTATIL MOD. FREEPASS10"}]},{"@type":"WebSite","@id":"https:\/\/www.mexicanguitarplayers.com\/#website","url":"https:\/\/www.mexicanguitarplayers.com\/","name":"Mexican Guitar Players","description":"Website","publisher":{"@id":"https:\/\/www.mexicanguitarplayers.com\/#organization"},"potentialAction":[{"@type":"SearchAction","target":{"@type":"EntryPoint","urlTemplate":"https:\/\/www.mexicanguitarplayers.com\/?s={search_term_string}"},"query-input":{"@type":"PropertyValueSpecification","valueRequired":true,"valueName":"search_term_string"}}],"inLanguage":"en-US"},{"@type":"Organization","@id":"https:\/\/www.mexicanguitarplayers.com\/#organization","name":"Mexican Guitar Players","url":"https:\/\/www.mexicanguitarplayers.com\/","logo":{"@type":"ImageObject","inLanguage":"en-US","@id":"https:\/\/www.mexicanguitarplayers.com\/#\/schema\/logo\/image\/","url":"","contentUrl":"","caption":"Mexican Guitar Players"},"image":{"@id":"https:\/\/www.mexicanguitarplayers.com\/#\/schema\/logo\/image\/"}}]}},"brands":[{"id":252,"name":"PROEL","slug":"proel"}],"_links":{"self":[{"href":"https:\/\/www.mexicanguitarplayers.com\/en\/wp-json\/wp\/v2\/product\/25759","targetHints":{"allow":["GET"]}}],"collection":[{"href":"https:\/\/www.mexicanguitarplayers.com\/en\/wp-json\/wp\/v2\/product"}],"about":[{"href":"https:\/\/www.mexicanguitarplayers.com\/en\/wp-json\/wp\/v2\/types\/product"}],"replies":[{"embeddable":true,"href":"https:\/\/www.mexicanguitarplayers.com\/en\/wp-json\/wp\/v2\/comments?post=25759"}],"wp:featuredmedia":[{"embeddable":true,"href":"https:\/\/www.mexicanguitarplayers.com\/en\/wp-json\/wp\/v2\/media\/25758"}],"wp:attachment":[{"href":"https:\/\/www.mexicanguitarplayers.com\/en\/wp-json\/wp\/v2\/media?parent=25759"}],"wp:term":[{"taxonomy":"pwb-brand","embeddable":true,"href":"https:\/\/www.mexicanguitarplayers.com\/en\/wp-json\/wp\/v2\/pwb-brand?post=25759"},{"taxonomy":"product_brand","embeddable":true,"href":"https:\/\/www.mexicanguitarplayers.com\/en\/wp-json\/wp\/v2\/product_brand?post=25759"},{"taxonomy":"product_cat","embeddable":true,"href":"https:\/\/www.mexicanguitarplayers.com\/en\/wp-json\/wp\/v2\/product_cat?post=25759"},{"taxonomy":"product_tag","embeddable":true,"href":"https:\/\/www.mexicanguitarplayers.com\/en\/wp-json\/wp\/v2\/product_tag?post=25759"}],"curies":[{"name":"wp","href":"https:\/\/api.w.org\/{rel}","templated":true}]}}