{"id":25772,"date":"2025-04-06T16:26:52","date_gmt":"2025-04-06T22:26:52","guid":{"rendered":"https:\/\/www.mexicanguitarplayers.com\/tienda\/sin categor\u00eda\/bafle-audiocenter-mod-k-la118a\/"},"modified":"2026-04-10T04:44:58","modified_gmt":"2026-04-10T10:44:58","slug":"bafle-audiocenter-mod-k-la118a","status":"publish","type":"product","link":"https:\/\/www.mexicanguitarplayers.com\/en\/tienda\/audio\/bafles-y-bocinas\/bafles\/bafles-activos\/bafle-audiocenter-mod-k-la118a\/","title":{"rendered":"BAFLE AUDIOCENTER MOD. K-LA118A"},"content":{"rendered":"<div style=\"text-align: justify\">\n<div>\n<h3>Gran potencia y claridad.<\/h3>\n<\/div>\n<div>K-LA118A activo controlado por DSP es un subwoofer compacto y suspendible para usarse don el arreglo lineal activo K-LA12A. Este bafle viene con un driver de ferrita de 18&#8243; pulgadas Audiocenter personalizado con una bobina m\u00f3vil de 4&#8243; pulgadas. Tambi\u00e9n es una buena opci\u00f3n para usar con todos los dem\u00e1s altavoces de gama completa de Audiocenter. Tiene un dise\u00f1o front loaded doble y salida LF dual. Con la funci\u00f3n de filtro de paso de banda de sexto orden, el dise\u00f1o del gabinete del K-LA118A puede mejorar el rendimiento del LF.<\/div>\n<div>\n<h4>Quick look<\/h4>\n<\/div>\n<ul style=\"margin: 0px 0px 0px 25px\">\n<li style=\"list-style-type: circle;margin: 5px\">Kind.<\/li>\n<li style=\"list-style-type: circle;margin: 5px\">Respuesta de frecuencia (-6 dB c\u00e1mara anecoica).<\/li>\n<li style=\"list-style-type: circle;margin: 5px\">Maximum SPL.<\/li>\n<li style=\"list-style-type: circle;margin: 5px\">Driver LF.<\/li>\n<li style=\"list-style-type: circle;margin: 5px\">Circuito de amplificador.<\/li>\n<li style=\"list-style-type: circle;margin: 5px\">Power.<\/li>\n<li style=\"list-style-type: circle;margin: 5px\">Respuesta de frecuencia de amplificador (1W, 8 ohms, 2 canales).<\/li>\n<li style=\"list-style-type: circle;margin: 5px\">Distorsi\u00f3n de intermodulaci\u00f3n.<\/li>\n<li style=\"list-style-type: circle;margin: 5px\">Distorsi\u00f3n arm\u00f3nica total.<\/li>\n<li style=\"list-style-type: circle;margin: 5px\">Protecci\u00f3n.<\/li>\n<li style=\"list-style-type: circle;margin: 5px\">Sistema de enfriamiento.<\/li>\n<li style=\"list-style-type: circle;margin: 5px\">Procesador DSP.<\/li>\n<li style=\"list-style-type: circle;margin: 5px\">Preajustes.<\/li>\n<li style=\"list-style-type: circle;margin: 5px\">Crossover.<\/li>\n<li style=\"list-style-type: circle;margin: 5px\">Entrances and exits.<\/li>\n<li style=\"list-style-type: circle;margin: 5px\">Voltaje de funcionamiento.<\/li>\n<li style=\"list-style-type: circle;margin: 5px\">Gabinete.<\/li>\n<li style=\"list-style-type: circle;margin: 5px\">Dimensions.<\/li>\n<li style=\"list-style-type: circle;margin: 5px\">Weight.<\/li>\n<\/ul>\n<div>\n<div style=\"font-weight: bold\">Kind.<\/div>\n<div>\n<p>Subwoofer compacto activo controlado por DSP.<\/p>\n<\/div>\n<div style=\"font-weight: bold\">Respuesta de frecuencia (-6 dB c\u00e1mara anecoica).<\/div>\n<div>\n<p>31 Hz &#8211; 250 Hz.<\/p>\n<\/div>\n<div style=\"font-weight: bold\">Maximum SPL.<\/div>\n<div>\n<p>139 dB.<\/p>\n<\/div>\n<div style=\"font-weight: bold\">Driver LF.<\/div>\n<div>\n<p>Driver Beyma de ferrita personalizado de 18&#8243; pulgadas con bobina m\u00f3vil de 4&#8243; pulgadas.<\/p>\n<\/div>\n<div style=\"font-weight: bold\">Circuito de amplificador.<\/div>\n<div>\n<p>Clase D.<\/p>\n<\/div>\n<div style=\"font-weight: bold\">Power.<\/div>\n<div>\n<p>RMS est\u00e1ndar: 2000W.<\/p>\n<\/div>\n<div style=\"font-weight: bold\">Respuesta de frecuencia de amplificador (1W, 8 ohms, 2 canales).<\/div>\n<div>\n<p>20 Hz &#8211; 6 kHz (\u00b10.5 dB).<\/p>\n<\/div>\n<div style=\"font-weight: bold\">Distorsi\u00f3n de intermodulaci\u00f3n.<\/div>\n<div>\n<p>&lt;0.05%.<\/p>\n<\/div>\n<div style=\"font-weight: bold\">Distorsi\u00f3n arm\u00f3nica total.<\/div>\n<div>\n<p>&lt;0.05%.<\/p>\n<\/div>\n<div style=\"font-weight: bold\">Protecci\u00f3n.<\/div>\n<div>\n<p>Protecci\u00f3n DC, protecci\u00f3n contra corto circuito, protecci\u00f3n contra sobrecalentamiento, protecci\u00f3n contra sobrecarga de entrada, protecci\u00f3n contra sobrecarga de salida, protecci\u00f3n de arranque suave, protecci\u00f3n contra sobretensi\u00f3n, protecci\u00f3n contra subtensi\u00f3n.<\/p>\n<\/div>\n<div style=\"font-weight: bold\">Sistema de enfriamiento.<\/div>\n<div>\n<p>Enfriamiento con ventiladores.<\/p>\n<\/div>\n<div style=\"font-weight: bold\">Procesador DSP.<\/div>\n<div>\n<p>Frecuencia de muestro de se\u00f1al de 96 kHz, 56 bit precisi\u00f3n.<\/p>\n<\/div>\n<div style=\"font-weight: bold\">Preajustes.<\/div>\n<div>\n<p>Normal, Cardioide F, Cardioide B.<\/p>\n<\/div>\n<div style=\"font-weight: bold\">Crossover.<\/div>\n<div>\n<p>Controlado por DSP.<\/p>\n<\/div>\n<div style=\"font-weight: bold\">Entrances and exits.<\/div>\n<div>\n<p>Entrada: Un conector XLR hembra. Salida: Un conector XLR macho.<\/p>\n<\/div>\n<div style=\"font-weight: bold\">Voltaje de funcionamiento.<\/div>\n<div>\n<p>100 &#8211; 130V 60Hz \/ 220-240V 50Hz.<\/p>\n<\/div>\n<div style=\"font-weight: bold\">Gabinete.<\/div>\n<div>\n<p>CNC de excelente madera.<\/p>\n<\/div>\n<div style=\"font-weight: bold\">Dimensions.<\/div>\n<div>\n<p>693 \u00d7 500 \u00d7 794 mm.<\/p>\n<\/div>\n<div style=\"font-weight: bold\">Weight.<\/div>\n<div>\n<p>54 kg.<\/p>\n<\/div>\n<\/div>\n<\/div>","protected":false},"excerpt":{"rendered":"<p>Subwoofer activo de 18\u201d pulgadas, potencia 2000W, DSP con frecuencia de muestreo de se\u00f1al de 96 kHz, precisi\u00f3n de 56 bits, modo standby autom\u00e1tico si no hay entrada de se\u00f1al durante 15 minutos, amplificador Clase D, sistema avanzado de enfriamiento en el driver, base de 35 mm en la parte superior del gabinete con rosca M20, dise\u00f1o de gabinete optimizado, compacto y liviano  para un uso f\u00e1cil, completos accesorios para diversas aplicaciones, respuesta de frecuencia: 31 Hz &#8211; 250 Hz, SPL m\u00e1ximo: 139 dB, gabinete de madera CNC, dimensiones: 693 \u00d7 500 \u00d7 794 mm, peso: 54 kg.&hellip; <a class=\"kt-excerpt-readmore more-link\" href=\"https:\/\/www.mexicanguitarplayers.com\/en\/tienda\/audio\/bafles-y-bocinas\/bafles\/bafles-activos\/bafle-audiocenter-mod-k-la118a\/\">Read more<\/a><\/p>","protected":false},"featured_media":25771,"comment_status":"open","ping_status":"closed","template":"","meta":{"kt_blocks_editor_width":""},"pwb-brand":[525],"product_brand":[],"product_cat":[213,222,472,221],"product_tag":[],"class_list":{"0":"post-25772","1":"product","2":"type-product","3":"status-publish","4":"has-post-thumbnail","6":"pwb-brand-audiocenter","7":"product_cat-audio","8":"product_cat-bafles","9":"product_cat-bafles-activos","10":"product_cat-bafles-y-bocinas","12":"first","13":"outofstock","14":"taxable","15":"shipping-taxable","16":"purchasable","17":"product-type-simple"},"yoast_head":"<!-- This site is optimized with the Yoast SEO plugin v27.5 - https:\/\/yoast.com\/product\/yoast-seo-wordpress\/ -->\n<title>BAFLE AUDIOCENTER MOD. K-LA118A - Mexican Guitar Players<\/title>\n<meta name=\"description\" content=\"Subwoofer activo de 18\u201d pulgadas, potencia 2000W, DSP con frecuencia de muestreo de se\u00f1al de 96 kHz, precisi\u00f3n de 56 bits, modo standby autom\u00e1tico si no hay entrada de se\u00f1al durante 15 minutos, amplificador Clase D, sistema avanzado de enfriamiento en el driver, base de 35 mm en la parte superior del gabinete con rosca M20, dise\u00f1o de gabinete optimizado, compacto y liviano para un uso f\u00e1cil, completos accesorios para diversas aplicaciones, respuesta de frecuencia: 31 Hz - 250 Hz, SPL m\u00e1ximo: 139 dB, gabinete de madera CNC, dimensiones: 693 \u00d7 500 \u00d7 794 mm, peso: 54 kg.\" \/>\n<meta name=\"robots\" content=\"index, follow, max-snippet:-1, max-image-preview:large, max-video-preview:-1\" \/>\n<link rel=\"canonical\" href=\"https:\/\/www.mexicanguitarplayers.com\/en\/tienda\/sin%20categor\u00eda\/bafle-audiocenter-mod-k-la118a\/\" \/>\n<meta property=\"og:locale\" content=\"en_US\" \/>\n<meta property=\"og:type\" content=\"article\" \/>\n<meta property=\"og:title\" content=\"BAFLE AUDIOCENTER MOD. K-LA118A - Mexican Guitar Players\" \/>\n<meta property=\"og:description\" content=\"Subwoofer activo de 18\u201d pulgadas, potencia 2000W, DSP con frecuencia de muestreo de se\u00f1al de 96 kHz, precisi\u00f3n de 56 bits, modo standby autom\u00e1tico si no hay entrada de se\u00f1al durante 15 minutos, amplificador Clase D, sistema avanzado de enfriamiento en el driver, base de 35 mm en la parte superior del gabinete con rosca M20, dise\u00f1o de gabinete optimizado, compacto y liviano para un uso f\u00e1cil, completos accesorios para diversas aplicaciones, respuesta de frecuencia: 31 Hz - 250 Hz, SPL m\u00e1ximo: 139 dB, gabinete de madera CNC, dimensiones: 693 \u00d7 500 \u00d7 794 mm, peso: 54 kg.\" \/>\n<meta property=\"og:url\" content=\"https:\/\/www.mexicanguitarplayers.com\/en\/tienda\/sin categor\u00eda\/bafle-audiocenter-mod-k-la118a\/\" \/>\n<meta property=\"og:site_name\" content=\"Mexican Guitar Players\" \/>\n<meta property=\"article:modified_time\" content=\"2026-04-10T10:44:58+00:00\" \/>\n<meta name=\"twitter:card\" content=\"summary_large_image\" \/>\n<meta name=\"twitter:label1\" content=\"Est. reading time\" \/>\n\t<meta name=\"twitter:data1\" content=\"2 minutes\" \/>\n<script type=\"application\/ld+json\" class=\"yoast-schema-graph\">{\"@context\":\"https:\\\/\\\/schema.org\",\"@graph\":[{\"@type\":[\"WebPage\",\"ItemPage\"],\"@id\":\"https:\\\/\\\/www.mexicanguitarplayers.com\\\/tienda\\\/sin categor\u00eda\\\/bafle-audiocenter-mod-k-la118a\\\/\",\"url\":\"https:\\\/\\\/www.mexicanguitarplayers.com\\\/tienda\\\/sin categor\u00eda\\\/bafle-audiocenter-mod-k-la118a\\\/\",\"name\":\"BAFLE AUDIOCENTER MOD. K-LA118A - Mexican Guitar Players\",\"isPartOf\":{\"@id\":\"https:\\\/\\\/www.mexicanguitarplayers.com\\\/#website\"},\"primaryImageOfPage\":{\"@id\":\"https:\\\/\\\/www.mexicanguitarplayers.com\\\/tienda\\\/sin categor\u00eda\\\/bafle-audiocenter-mod-k-la118a\\\/#primaryimage\"},\"image\":{\"@id\":\"https:\\\/\\\/www.mexicanguitarplayers.com\\\/tienda\\\/sin categor\u00eda\\\/bafle-audiocenter-mod-k-la118a\\\/#primaryimage\"},\"thumbnailUrl\":\"https:\\\/\\\/www.mexicanguitarplayers.com\\\/wp-content\\\/uploads\\\/2025\\\/04\\\/IAACTKLA118A.jpg\",\"datePublished\":\"2025-04-06T22:26:52+00:00\",\"dateModified\":\"2026-04-10T10:44:58+00:00\",\"description\":\"Subwoofer activo de 18\u201d pulgadas, potencia 2000W, DSP con frecuencia de muestreo de se\u00f1al de 96 kHz, precisi\u00f3n de 56 bits, modo standby autom\u00e1tico si no hay entrada de se\u00f1al durante 15 minutos, amplificador Clase D, sistema avanzado de enfriamiento en el driver, base de 35 mm en la parte superior del gabinete con rosca M20, dise\u00f1o de gabinete optimizado, compacto y liviano para un uso f\u00e1cil, completos accesorios para diversas aplicaciones, respuesta de frecuencia: 31 Hz - 250 Hz, SPL m\u00e1ximo: 139 dB, gabinete de madera CNC, dimensiones: 693 \u00d7 500 \u00d7 794 mm, peso: 54 kg.\",\"breadcrumb\":{\"@id\":\"https:\\\/\\\/www.mexicanguitarplayers.com\\\/tienda\\\/sin categor\u00eda\\\/bafle-audiocenter-mod-k-la118a\\\/#breadcrumb\"},\"inLanguage\":\"en-US\",\"potentialAction\":[{\"@type\":\"ReadAction\",\"target\":[\"https:\\\/\\\/www.mexicanguitarplayers.com\\\/tienda\\\/sin categor\u00eda\\\/bafle-audiocenter-mod-k-la118a\\\/\"]}]},{\"@type\":\"ImageObject\",\"inLanguage\":\"en-US\",\"@id\":\"https:\\\/\\\/www.mexicanguitarplayers.com\\\/tienda\\\/sin categor\u00eda\\\/bafle-audiocenter-mod-k-la118a\\\/#primaryimage\",\"url\":\"https:\\\/\\\/www.mexicanguitarplayers.com\\\/wp-content\\\/uploads\\\/2025\\\/04\\\/IAACTKLA118A.jpg\",\"contentUrl\":\"https:\\\/\\\/www.mexicanguitarplayers.com\\\/wp-content\\\/uploads\\\/2025\\\/04\\\/IAACTKLA118A.jpg\",\"width\":1200,\"height\":1200},{\"@type\":\"BreadcrumbList\",\"@id\":\"https:\\\/\\\/www.mexicanguitarplayers.com\\\/tienda\\\/sin categor\u00eda\\\/bafle-audiocenter-mod-k-la118a\\\/#breadcrumb\",\"itemListElement\":[{\"@type\":\"ListItem\",\"position\":1,\"name\":\"Portada\",\"item\":\"https:\\\/\\\/www.mexicanguitarplayers.com\\\/\"},{\"@type\":\"ListItem\",\"position\":2,\"name\":\"Tienda\",\"item\":\"https:\\\/\\\/www.mexicanguitarplayers.com\\\/tienda\\\/\"},{\"@type\":\"ListItem\",\"position\":3,\"name\":\"BAFLE AUDIOCENTER MOD. K-LA118A\"}]},{\"@type\":\"WebSite\",\"@id\":\"https:\\\/\\\/www.mexicanguitarplayers.com\\\/#website\",\"url\":\"https:\\\/\\\/www.mexicanguitarplayers.com\\\/\",\"name\":\"Mexican Guitar Players\",\"description\":\"Website\",\"publisher\":{\"@id\":\"https:\\\/\\\/www.mexicanguitarplayers.com\\\/#organization\"},\"potentialAction\":[{\"@type\":\"SearchAction\",\"target\":{\"@type\":\"EntryPoint\",\"urlTemplate\":\"https:\\\/\\\/www.mexicanguitarplayers.com\\\/?s={search_term_string}\"},\"query-input\":{\"@type\":\"PropertyValueSpecification\",\"valueRequired\":true,\"valueName\":\"search_term_string\"}}],\"inLanguage\":\"en-US\"},{\"@type\":\"Organization\",\"@id\":\"https:\\\/\\\/www.mexicanguitarplayers.com\\\/#organization\",\"name\":\"Mexican Guitar Players\",\"url\":\"https:\\\/\\\/www.mexicanguitarplayers.com\\\/\",\"logo\":{\"@type\":\"ImageObject\",\"inLanguage\":\"en-US\",\"@id\":\"https:\\\/\\\/www.mexicanguitarplayers.com\\\/#\\\/schema\\\/logo\\\/image\\\/\",\"url\":\"\",\"contentUrl\":\"\",\"caption\":\"Mexican Guitar Players\"},\"image\":{\"@id\":\"https:\\\/\\\/www.mexicanguitarplayers.com\\\/#\\\/schema\\\/logo\\\/image\\\/\"}}]}<\/script>\n<!-- \/ Yoast SEO plugin. -->","yoast_head_json":{"title":"BAFLE AUDIOCENTER MOD. K-LA118A - Mexican Guitar Players","description":"Subwoofer activo de 18\u201d pulgadas, potencia 2000W, DSP con frecuencia de muestreo de se\u00f1al de 96 kHz, precisi\u00f3n de 56 bits, modo standby autom\u00e1tico si no hay entrada de se\u00f1al durante 15 minutos, amplificador Clase D, sistema avanzado de enfriamiento en el driver, base de 35 mm en la parte superior del gabinete con rosca M20, dise\u00f1o de gabinete optimizado, compacto y liviano para un uso f\u00e1cil, completos accesorios para diversas aplicaciones, respuesta de frecuencia: 31 Hz - 250 Hz, SPL m\u00e1ximo: 139 dB, gabinete de madera CNC, dimensiones: 693 \u00d7 500 \u00d7 794 mm, peso: 54 kg.","robots":{"index":"index","follow":"follow","max-snippet":"max-snippet:-1","max-image-preview":"max-image-preview:large","max-video-preview":"max-video-preview:-1"},"canonical":"https:\/\/www.mexicanguitarplayers.com\/en\/tienda\/sin categor\u00eda\/bafle-audiocenter-mod-k-la118a\/","og_locale":"en_US","og_type":"article","og_title":"BAFLE AUDIOCENTER MOD. K-LA118A - Mexican Guitar Players","og_description":"Subwoofer activo de 18\u201d pulgadas, potencia 2000W, DSP con frecuencia de muestreo de se\u00f1al de 96 kHz, precisi\u00f3n de 56 bits, modo standby autom\u00e1tico si no hay entrada de se\u00f1al durante 15 minutos, amplificador Clase D, sistema avanzado de enfriamiento en el driver, base de 35 mm en la parte superior del gabinete con rosca M20, dise\u00f1o de gabinete optimizado, compacto y liviano para un uso f\u00e1cil, completos accesorios para diversas aplicaciones, respuesta de frecuencia: 31 Hz - 250 Hz, SPL m\u00e1ximo: 139 dB, gabinete de madera CNC, dimensiones: 693 \u00d7 500 \u00d7 794 mm, peso: 54 kg.","og_url":"https:\/\/www.mexicanguitarplayers.com\/en\/tienda\/sin categor\u00eda\/bafle-audiocenter-mod-k-la118a\/","og_site_name":"Mexican Guitar Players","article_modified_time":"2026-04-10T10:44:58+00:00","twitter_card":"summary_large_image","twitter_misc":{"Est. reading time":"2 minutes"},"schema":{"@context":"https:\/\/schema.org","@graph":[{"@type":["WebPage","ItemPage"],"@id":"https:\/\/www.mexicanguitarplayers.com\/tienda\/sin categor\u00eda\/bafle-audiocenter-mod-k-la118a\/","url":"https:\/\/www.mexicanguitarplayers.com\/tienda\/sin categor\u00eda\/bafle-audiocenter-mod-k-la118a\/","name":"BAFLE AUDIOCENTER MOD. K-LA118A - Mexican Guitar Players","isPartOf":{"@id":"https:\/\/www.mexicanguitarplayers.com\/#website"},"primaryImageOfPage":{"@id":"https:\/\/www.mexicanguitarplayers.com\/tienda\/sin categor\u00eda\/bafle-audiocenter-mod-k-la118a\/#primaryimage"},"image":{"@id":"https:\/\/www.mexicanguitarplayers.com\/tienda\/sin categor\u00eda\/bafle-audiocenter-mod-k-la118a\/#primaryimage"},"thumbnailUrl":"https:\/\/www.mexicanguitarplayers.com\/wp-content\/uploads\/2025\/04\/IAACTKLA118A.jpg","datePublished":"2025-04-06T22:26:52+00:00","dateModified":"2026-04-10T10:44:58+00:00","description":"Subwoofer activo de 18\u201d pulgadas, potencia 2000W, DSP con frecuencia de muestreo de se\u00f1al de 96 kHz, precisi\u00f3n de 56 bits, modo standby autom\u00e1tico si no hay entrada de se\u00f1al durante 15 minutos, amplificador Clase D, sistema avanzado de enfriamiento en el driver, base de 35 mm en la parte superior del gabinete con rosca M20, dise\u00f1o de gabinete optimizado, compacto y liviano para un uso f\u00e1cil, completos accesorios para diversas aplicaciones, respuesta de frecuencia: 31 Hz - 250 Hz, SPL m\u00e1ximo: 139 dB, gabinete de madera CNC, dimensiones: 693 \u00d7 500 \u00d7 794 mm, peso: 54 kg.","breadcrumb":{"@id":"https:\/\/www.mexicanguitarplayers.com\/tienda\/sin categor\u00eda\/bafle-audiocenter-mod-k-la118a\/#breadcrumb"},"inLanguage":"en-US","potentialAction":[{"@type":"ReadAction","target":["https:\/\/www.mexicanguitarplayers.com\/tienda\/sin categor\u00eda\/bafle-audiocenter-mod-k-la118a\/"]}]},{"@type":"ImageObject","inLanguage":"en-US","@id":"https:\/\/www.mexicanguitarplayers.com\/tienda\/sin categor\u00eda\/bafle-audiocenter-mod-k-la118a\/#primaryimage","url":"https:\/\/www.mexicanguitarplayers.com\/wp-content\/uploads\/2025\/04\/IAACTKLA118A.jpg","contentUrl":"https:\/\/www.mexicanguitarplayers.com\/wp-content\/uploads\/2025\/04\/IAACTKLA118A.jpg","width":1200,"height":1200},{"@type":"BreadcrumbList","@id":"https:\/\/www.mexicanguitarplayers.com\/tienda\/sin categor\u00eda\/bafle-audiocenter-mod-k-la118a\/#breadcrumb","itemListElement":[{"@type":"ListItem","position":1,"name":"Portada","item":"https:\/\/www.mexicanguitarplayers.com\/"},{"@type":"ListItem","position":2,"name":"Tienda","item":"https:\/\/www.mexicanguitarplayers.com\/tienda\/"},{"@type":"ListItem","position":3,"name":"BAFLE AUDIOCENTER MOD. K-LA118A"}]},{"@type":"WebSite","@id":"https:\/\/www.mexicanguitarplayers.com\/#website","url":"https:\/\/www.mexicanguitarplayers.com\/","name":"Mexican Guitar Players","description":"Website","publisher":{"@id":"https:\/\/www.mexicanguitarplayers.com\/#organization"},"potentialAction":[{"@type":"SearchAction","target":{"@type":"EntryPoint","urlTemplate":"https:\/\/www.mexicanguitarplayers.com\/?s={search_term_string}"},"query-input":{"@type":"PropertyValueSpecification","valueRequired":true,"valueName":"search_term_string"}}],"inLanguage":"en-US"},{"@type":"Organization","@id":"https:\/\/www.mexicanguitarplayers.com\/#organization","name":"Mexican Guitar Players","url":"https:\/\/www.mexicanguitarplayers.com\/","logo":{"@type":"ImageObject","inLanguage":"en-US","@id":"https:\/\/www.mexicanguitarplayers.com\/#\/schema\/logo\/image\/","url":"","contentUrl":"","caption":"Mexican Guitar Players"},"image":{"@id":"https:\/\/www.mexicanguitarplayers.com\/#\/schema\/logo\/image\/"}}]}},"brands":[{"id":525,"name":"AUDIOCENTER","slug":"audiocenter"}],"_links":{"self":[{"href":"https:\/\/www.mexicanguitarplayers.com\/en\/wp-json\/wp\/v2\/product\/25772","targetHints":{"allow":["GET"]}}],"collection":[{"href":"https:\/\/www.mexicanguitarplayers.com\/en\/wp-json\/wp\/v2\/product"}],"about":[{"href":"https:\/\/www.mexicanguitarplayers.com\/en\/wp-json\/wp\/v2\/types\/product"}],"replies":[{"embeddable":true,"href":"https:\/\/www.mexicanguitarplayers.com\/en\/wp-json\/wp\/v2\/comments?post=25772"}],"wp:featuredmedia":[{"embeddable":true,"href":"https:\/\/www.mexicanguitarplayers.com\/en\/wp-json\/wp\/v2\/media\/25771"}],"wp:attachment":[{"href":"https:\/\/www.mexicanguitarplayers.com\/en\/wp-json\/wp\/v2\/media?parent=25772"}],"wp:term":[{"taxonomy":"pwb-brand","embeddable":true,"href":"https:\/\/www.mexicanguitarplayers.com\/en\/wp-json\/wp\/v2\/pwb-brand?post=25772"},{"taxonomy":"product_brand","embeddable":true,"href":"https:\/\/www.mexicanguitarplayers.com\/en\/wp-json\/wp\/v2\/product_brand?post=25772"},{"taxonomy":"product_cat","embeddable":true,"href":"https:\/\/www.mexicanguitarplayers.com\/en\/wp-json\/wp\/v2\/product_cat?post=25772"},{"taxonomy":"product_tag","embeddable":true,"href":"https:\/\/www.mexicanguitarplayers.com\/en\/wp-json\/wp\/v2\/product_tag?post=25772"}],"curies":[{"name":"wp","href":"https:\/\/api.w.org\/{rel}","templated":true}]}}