{"id":25815,"date":"2025-04-06T16:29:39","date_gmt":"2025-04-06T22:29:39","guid":{"rendered":"https:\/\/www.mexicanguitarplayers.com\/tienda\/sin categor\u00eda\/microfono-proel-inalambrico-wm202kit\/"},"modified":"2026-04-10T04:44:51","modified_gmt":"2026-04-10T10:44:51","slug":"microfono-proel-inalambrico-wm202kit","status":"publish","type":"product","link":"https:\/\/www.mexicanguitarplayers.com\/en\/tienda\/audio\/microfonia\/microfonos-alambricos\/de-mano\/microfono-proel-inalambrico-wm202kit\/","title":{"rendered":"MICROFONO PROEL INALAMBRICO  WM202KIT"},"content":{"rendered":"<div style=\"text-align: justify\">\n<div>\n<h3>Kit inal\u00e1mbrico de gran alcance y alta calidad.<\/h3>\n<\/div>\n<div>La serie de micr\u00f3fonos inal\u00e1mbricos WM202 es un dispositivo UHF, de frecuencia fija controlada por cuarzo, lo que proporciona una transmisi\u00f3n fiable de se\u00f1al de alta calidad. El sistema WM202 cuenta con 3 unidades: Receptor WM202, transmisor de mano WM2M y transmisor bodypack WM2H. El sistema est\u00e1 disponible en 3 diferentes configuraciones, todas incluyen un estuche de ABS. WM202M: WM202 + WM2M. WM202H: WM202 + WM2H + lavalier + headset. WM202KIT: WM202 + WM2M + WM2H + lavalier + headset. Cuatro frecuencias pre construidas de f\u00e1brica est\u00e1n disponibles, se han seleccionado con precisi\u00f3n para permitir el uso simult\u00e1neo de 4 dispositivos sin interferencia entre ellos. 1. 863.100 MHz. 2. 863.900 MHz. 3. 864.500 MHz. 4. 864.900 MHz.La serie de micr\u00f3fonos inal\u00e1mbricos WM202 es un dispositivo UHF, de frecuencia fija controlada por cuarzo, lo que proporciona una transmisi\u00f3n fiable de se\u00f1al de alta calidad. El sistema WM202 cuenta con 3 unidades: Receptor WM202, transmisor de mano WM2M y transmisor bodypack WM2H. El sistema est\u00e1 disponible en 3 diferentes configuraciones, todas incluyen un estuche de ABS. WM202M: WM202 + WM2M. WM202H: WM202 + WM2H + lavalier + headset. WM202KIT: WM202 + WM2M + WM2H + lavalier + headset. Cuatro frecuencias pre construidas de f\u00e1brica est\u00e1n disponibles, se han seleccionado con precisi\u00f3n para permitir el uso simult\u00e1neo de 4 dispositivos sin interferencia entre ellos. 1. 863.100 MHz. 2. 863.900 MHz. 3. 864.500 MHz. 4. 864.900 MHz.<\/div>\n<div>\n<h4>Quick look<\/h4>\n<\/div>\n<ul style=\"margin: 0px 0px 0px 25px\">\n<li style=\"list-style-type: circle;margin: 5px\">Rango de frecuencia.<\/li>\n<li style=\"list-style-type: circle;margin: 5px\">Alcance.<\/li>\n<li style=\"list-style-type: circle;margin: 5px\">Frequency response.<\/li>\n<li style=\"list-style-type: circle;margin: 5px\">Signal to noise ratio.<\/li>\n<li style=\"list-style-type: circle;margin: 5px\">Estuche de almacenamiento.<\/li>\n<li style=\"list-style-type: circle;margin: 5px\">Separaci\u00f3n de canales.<\/li>\n<\/ul>\n<div>\n<div style=\"font-weight: bold\">Rango de frecuencia.<\/div>\n<div>\n<p>863 &#8211; 865 Mhz.<\/p>\n<\/div>\n<div style=\"font-weight: bold\">Alcance.<\/div>\n<div>\n<p>Hasta 30 metros.<\/p>\n<\/div>\n<div style=\"font-weight: bold\">Frequency response.<\/div>\n<div>\n<p>50 Hz &#8211; 15 KHz.<\/p>\n<\/div>\n<div style=\"font-weight: bold\">Signal to noise ratio.<\/div>\n<div>\n<p>-105 dB.<\/p>\n<\/div>\n<div style=\"font-weight: bold\">Estuche de almacenamiento.<\/div>\n<div>\n<p>ABS.<\/p>\n<\/div>\n<div style=\"font-weight: bold\">Separaci\u00f3n de canales.<\/div>\n<div>\n<p>200 kHz.<\/p>\n<\/div>\n<\/div>\n<div>\n<h4>Characteristics<\/h4>\n<\/div>\n<div>\n<ul style=\"margin: 0px 0px 0px 25px\">\n<li style=\"list-style-type: circle;margin: 5px\">Sistema de microfon\u00eda inal\u00e1mbrica de canal UHF.<\/li>\n<li style=\"list-style-type: circle;margin: 5px\">Receptor de escritorio de bajo perfil con dos antenas plegables.<\/li>\n<li style=\"list-style-type: circle;margin: 5px\">Hasta 4 sistemas utilizables en la misma ubicaci\u00f3n.<\/li>\n<\/ul>\n<\/div>\n<\/div>","protected":false},"excerpt":{"rendered":"<p>Micr\u00f3fono inal\u00e1mbrico Proel. Modelo: WM202KIT. Sistema de microfon\u00eda inal\u00e1mbricade canal UHF. Rango de frecuencia: 863 &#8211; 865 Mhz. Alcance: Hasta 30 metros. Respuesta de frecuencia: 50 Hz &#8211; 15 KHz. Relaci\u00f3n se\u00f1al a ruido: -105 dB. Receptorde escritorio de bajo perfil con dos antenas plegables. Hasta 4 sistemas utilizables en la misma ubicaci\u00f3n. Estuche de almacenamiento de ABS. Separaci\u00f3n de canales: 200 kHz.&hellip; <a class=\"kt-excerpt-readmore more-link\" href=\"https:\/\/www.mexicanguitarplayers.com\/en\/tienda\/audio\/microfonia\/microfonos-alambricos\/de-mano\/microfono-proel-inalambrico-wm202kit\/\">Read more<\/a><\/p>","protected":false},"featured_media":25814,"comment_status":"open","ping_status":"closed","template":"","meta":{"kt_blocks_editor_width":""},"pwb-brand":[252],"product_brand":[],"product_cat":[213,218,214,231],"product_tag":[],"class_list":{"0":"post-25815","1":"product","2":"type-product","3":"status-publish","4":"has-post-thumbnail","6":"pwb-brand-proel","7":"product_cat-audio","8":"product_cat-de-mano","9":"product_cat-microfonia","10":"product_cat-microfonos-inalambricos","11":"product_shipping_class-0-5-kg","13":"first","14":"outofstock","15":"taxable","16":"shipping-taxable","17":"purchasable","18":"product-type-simple"},"yoast_head":"<!-- This site is optimized with the Yoast SEO plugin v27.5 - https:\/\/yoast.com\/product\/yoast-seo-wordpress\/ -->\n<title>MICROFONO PROEL INALAMBRICO WM202KIT - Mexican Guitar Players<\/title>\n<meta name=\"description\" content=\"Micr\u00f3fono inal\u00e1mbrico Proel. Modelo: WM202KIT. Sistema de microfon\u00eda inal\u00e1mbricade canal UHF. Rango de frecuencia: 863 - 865 Mhz. Alcance: Hasta 30 metros. Respuesta de frecuencia: 50 Hz - 15 KHz. Relaci\u00f3n se\u00f1al a ruido: -105 dB. Receptorde escritorio de bajo perfil con dos antenas plegables. Hasta 4 sistemas utilizables en la misma ubicaci\u00f3n. Estuche de almacenamiento de ABS. Separaci\u00f3n de canales: 200 kHz.\" \/>\n<meta name=\"robots\" content=\"index, follow, max-snippet:-1, max-image-preview:large, max-video-preview:-1\" \/>\n<link rel=\"canonical\" href=\"https:\/\/www.mexicanguitarplayers.com\/en\/tienda\/sin%20categor\u00eda\/microfono-proel-inalambrico-wm202kit\/\" \/>\n<meta property=\"og:locale\" content=\"en_US\" \/>\n<meta property=\"og:type\" content=\"article\" \/>\n<meta property=\"og:title\" content=\"MICROFONO PROEL INALAMBRICO WM202KIT - Mexican Guitar Players\" \/>\n<meta property=\"og:description\" content=\"Micr\u00f3fono inal\u00e1mbrico Proel. Modelo: WM202KIT. Sistema de microfon\u00eda inal\u00e1mbricade canal UHF. Rango de frecuencia: 863 - 865 Mhz. Alcance: Hasta 30 metros. Respuesta de frecuencia: 50 Hz - 15 KHz. Relaci\u00f3n se\u00f1al a ruido: -105 dB. Receptorde escritorio de bajo perfil con dos antenas plegables. Hasta 4 sistemas utilizables en la misma ubicaci\u00f3n. Estuche de almacenamiento de ABS. Separaci\u00f3n de canales: 200 kHz.\" \/>\n<meta property=\"og:url\" content=\"https:\/\/www.mexicanguitarplayers.com\/en\/tienda\/sin categor\u00eda\/microfono-proel-inalambrico-wm202kit\/\" \/>\n<meta property=\"og:site_name\" content=\"Mexican Guitar Players\" \/>\n<meta property=\"article:modified_time\" content=\"2026-04-10T10:44:51+00:00\" \/>\n<meta name=\"twitter:card\" content=\"summary_large_image\" \/>\n<meta name=\"twitter:label1\" content=\"Est. reading time\" \/>\n\t<meta name=\"twitter:data1\" content=\"2 minutes\" \/>\n<script type=\"application\/ld+json\" class=\"yoast-schema-graph\">{\"@context\":\"https:\\\/\\\/schema.org\",\"@graph\":[{\"@type\":[\"WebPage\",\"ItemPage\"],\"@id\":\"https:\\\/\\\/www.mexicanguitarplayers.com\\\/tienda\\\/sin categor\u00eda\\\/microfono-proel-inalambrico-wm202kit\\\/\",\"url\":\"https:\\\/\\\/www.mexicanguitarplayers.com\\\/tienda\\\/sin categor\u00eda\\\/microfono-proel-inalambrico-wm202kit\\\/\",\"name\":\"MICROFONO PROEL INALAMBRICO WM202KIT - Mexican Guitar Players\",\"isPartOf\":{\"@id\":\"https:\\\/\\\/www.mexicanguitarplayers.com\\\/#website\"},\"primaryImageOfPage\":{\"@id\":\"https:\\\/\\\/www.mexicanguitarplayers.com\\\/tienda\\\/sin categor\u00eda\\\/microfono-proel-inalambrico-wm202kit\\\/#primaryimage\"},\"image\":{\"@id\":\"https:\\\/\\\/www.mexicanguitarplayers.com\\\/tienda\\\/sin categor\u00eda\\\/microfono-proel-inalambrico-wm202kit\\\/#primaryimage\"},\"thumbnailUrl\":\"https:\\\/\\\/www.mexicanguitarplayers.com\\\/wp-content\\\/uploads\\\/2025\\\/04\\\/IAPREWM202KIT.jpg\",\"datePublished\":\"2025-04-06T22:29:39+00:00\",\"dateModified\":\"2026-04-10T10:44:51+00:00\",\"description\":\"Micr\u00f3fono inal\u00e1mbrico Proel. Modelo: WM202KIT. Sistema de microfon\u00eda inal\u00e1mbricade canal UHF. Rango de frecuencia: 863 - 865 Mhz. Alcance: Hasta 30 metros. Respuesta de frecuencia: 50 Hz - 15 KHz. Relaci\u00f3n se\u00f1al a ruido: -105 dB. Receptorde escritorio de bajo perfil con dos antenas plegables. Hasta 4 sistemas utilizables en la misma ubicaci\u00f3n. Estuche de almacenamiento de ABS. Separaci\u00f3n de canales: 200 kHz.\",\"breadcrumb\":{\"@id\":\"https:\\\/\\\/www.mexicanguitarplayers.com\\\/tienda\\\/sin categor\u00eda\\\/microfono-proel-inalambrico-wm202kit\\\/#breadcrumb\"},\"inLanguage\":\"en-US\",\"potentialAction\":[{\"@type\":\"ReadAction\",\"target\":[\"https:\\\/\\\/www.mexicanguitarplayers.com\\\/tienda\\\/sin categor\u00eda\\\/microfono-proel-inalambrico-wm202kit\\\/\"]}]},{\"@type\":\"ImageObject\",\"inLanguage\":\"en-US\",\"@id\":\"https:\\\/\\\/www.mexicanguitarplayers.com\\\/tienda\\\/sin categor\u00eda\\\/microfono-proel-inalambrico-wm202kit\\\/#primaryimage\",\"url\":\"https:\\\/\\\/www.mexicanguitarplayers.com\\\/wp-content\\\/uploads\\\/2025\\\/04\\\/IAPREWM202KIT.jpg\",\"contentUrl\":\"https:\\\/\\\/www.mexicanguitarplayers.com\\\/wp-content\\\/uploads\\\/2025\\\/04\\\/IAPREWM202KIT.jpg\",\"width\":1200,\"height\":1200},{\"@type\":\"BreadcrumbList\",\"@id\":\"https:\\\/\\\/www.mexicanguitarplayers.com\\\/tienda\\\/sin categor\u00eda\\\/microfono-proel-inalambrico-wm202kit\\\/#breadcrumb\",\"itemListElement\":[{\"@type\":\"ListItem\",\"position\":1,\"name\":\"Portada\",\"item\":\"https:\\\/\\\/www.mexicanguitarplayers.com\\\/\"},{\"@type\":\"ListItem\",\"position\":2,\"name\":\"Tienda\",\"item\":\"https:\\\/\\\/www.mexicanguitarplayers.com\\\/tienda\\\/\"},{\"@type\":\"ListItem\",\"position\":3,\"name\":\"MICROFONO PROEL INALAMBRICO WM202KIT\"}]},{\"@type\":\"WebSite\",\"@id\":\"https:\\\/\\\/www.mexicanguitarplayers.com\\\/#website\",\"url\":\"https:\\\/\\\/www.mexicanguitarplayers.com\\\/\",\"name\":\"Mexican Guitar Players\",\"description\":\"Website\",\"publisher\":{\"@id\":\"https:\\\/\\\/www.mexicanguitarplayers.com\\\/#organization\"},\"potentialAction\":[{\"@type\":\"SearchAction\",\"target\":{\"@type\":\"EntryPoint\",\"urlTemplate\":\"https:\\\/\\\/www.mexicanguitarplayers.com\\\/?s={search_term_string}\"},\"query-input\":{\"@type\":\"PropertyValueSpecification\",\"valueRequired\":true,\"valueName\":\"search_term_string\"}}],\"inLanguage\":\"en-US\"},{\"@type\":\"Organization\",\"@id\":\"https:\\\/\\\/www.mexicanguitarplayers.com\\\/#organization\",\"name\":\"Mexican Guitar Players\",\"url\":\"https:\\\/\\\/www.mexicanguitarplayers.com\\\/\",\"logo\":{\"@type\":\"ImageObject\",\"inLanguage\":\"en-US\",\"@id\":\"https:\\\/\\\/www.mexicanguitarplayers.com\\\/#\\\/schema\\\/logo\\\/image\\\/\",\"url\":\"\",\"contentUrl\":\"\",\"caption\":\"Mexican Guitar Players\"},\"image\":{\"@id\":\"https:\\\/\\\/www.mexicanguitarplayers.com\\\/#\\\/schema\\\/logo\\\/image\\\/\"}}]}<\/script>\n<!-- \/ Yoast SEO plugin. -->","yoast_head_json":{"title":"MICROFONO PROEL INALAMBRICO WM202KIT - Mexican Guitar Players","description":"Micr\u00f3fono inal\u00e1mbrico Proel. Modelo: WM202KIT. Sistema de microfon\u00eda inal\u00e1mbricade canal UHF. Rango de frecuencia: 863 - 865 Mhz. Alcance: Hasta 30 metros. Respuesta de frecuencia: 50 Hz - 15 KHz. Relaci\u00f3n se\u00f1al a ruido: -105 dB. Receptorde escritorio de bajo perfil con dos antenas plegables. Hasta 4 sistemas utilizables en la misma ubicaci\u00f3n. Estuche de almacenamiento de ABS. Separaci\u00f3n de canales: 200 kHz.","robots":{"index":"index","follow":"follow","max-snippet":"max-snippet:-1","max-image-preview":"max-image-preview:large","max-video-preview":"max-video-preview:-1"},"canonical":"https:\/\/www.mexicanguitarplayers.com\/en\/tienda\/sin categor\u00eda\/microfono-proel-inalambrico-wm202kit\/","og_locale":"en_US","og_type":"article","og_title":"MICROFONO PROEL INALAMBRICO WM202KIT - Mexican Guitar Players","og_description":"Micr\u00f3fono inal\u00e1mbrico Proel. Modelo: WM202KIT. Sistema de microfon\u00eda inal\u00e1mbricade canal UHF. Rango de frecuencia: 863 - 865 Mhz. Alcance: Hasta 30 metros. Respuesta de frecuencia: 50 Hz - 15 KHz. Relaci\u00f3n se\u00f1al a ruido: -105 dB. Receptorde escritorio de bajo perfil con dos antenas plegables. Hasta 4 sistemas utilizables en la misma ubicaci\u00f3n. Estuche de almacenamiento de ABS. Separaci\u00f3n de canales: 200 kHz.","og_url":"https:\/\/www.mexicanguitarplayers.com\/en\/tienda\/sin categor\u00eda\/microfono-proel-inalambrico-wm202kit\/","og_site_name":"Mexican Guitar Players","article_modified_time":"2026-04-10T10:44:51+00:00","twitter_card":"summary_large_image","twitter_misc":{"Est. reading time":"2 minutes"},"schema":{"@context":"https:\/\/schema.org","@graph":[{"@type":["WebPage","ItemPage"],"@id":"https:\/\/www.mexicanguitarplayers.com\/tienda\/sin categor\u00eda\/microfono-proel-inalambrico-wm202kit\/","url":"https:\/\/www.mexicanguitarplayers.com\/tienda\/sin categor\u00eda\/microfono-proel-inalambrico-wm202kit\/","name":"MICROFONO PROEL INALAMBRICO WM202KIT - Mexican Guitar Players","isPartOf":{"@id":"https:\/\/www.mexicanguitarplayers.com\/#website"},"primaryImageOfPage":{"@id":"https:\/\/www.mexicanguitarplayers.com\/tienda\/sin categor\u00eda\/microfono-proel-inalambrico-wm202kit\/#primaryimage"},"image":{"@id":"https:\/\/www.mexicanguitarplayers.com\/tienda\/sin categor\u00eda\/microfono-proel-inalambrico-wm202kit\/#primaryimage"},"thumbnailUrl":"https:\/\/www.mexicanguitarplayers.com\/wp-content\/uploads\/2025\/04\/IAPREWM202KIT.jpg","datePublished":"2025-04-06T22:29:39+00:00","dateModified":"2026-04-10T10:44:51+00:00","description":"Micr\u00f3fono inal\u00e1mbrico Proel. Modelo: WM202KIT. Sistema de microfon\u00eda inal\u00e1mbricade canal UHF. Rango de frecuencia: 863 - 865 Mhz. Alcance: Hasta 30 metros. Respuesta de frecuencia: 50 Hz - 15 KHz. Relaci\u00f3n se\u00f1al a ruido: -105 dB. Receptorde escritorio de bajo perfil con dos antenas plegables. Hasta 4 sistemas utilizables en la misma ubicaci\u00f3n. Estuche de almacenamiento de ABS. Separaci\u00f3n de canales: 200 kHz.","breadcrumb":{"@id":"https:\/\/www.mexicanguitarplayers.com\/tienda\/sin categor\u00eda\/microfono-proel-inalambrico-wm202kit\/#breadcrumb"},"inLanguage":"en-US","potentialAction":[{"@type":"ReadAction","target":["https:\/\/www.mexicanguitarplayers.com\/tienda\/sin categor\u00eda\/microfono-proel-inalambrico-wm202kit\/"]}]},{"@type":"ImageObject","inLanguage":"en-US","@id":"https:\/\/www.mexicanguitarplayers.com\/tienda\/sin categor\u00eda\/microfono-proel-inalambrico-wm202kit\/#primaryimage","url":"https:\/\/www.mexicanguitarplayers.com\/wp-content\/uploads\/2025\/04\/IAPREWM202KIT.jpg","contentUrl":"https:\/\/www.mexicanguitarplayers.com\/wp-content\/uploads\/2025\/04\/IAPREWM202KIT.jpg","width":1200,"height":1200},{"@type":"BreadcrumbList","@id":"https:\/\/www.mexicanguitarplayers.com\/tienda\/sin categor\u00eda\/microfono-proel-inalambrico-wm202kit\/#breadcrumb","itemListElement":[{"@type":"ListItem","position":1,"name":"Portada","item":"https:\/\/www.mexicanguitarplayers.com\/"},{"@type":"ListItem","position":2,"name":"Tienda","item":"https:\/\/www.mexicanguitarplayers.com\/tienda\/"},{"@type":"ListItem","position":3,"name":"MICROFONO PROEL INALAMBRICO WM202KIT"}]},{"@type":"WebSite","@id":"https:\/\/www.mexicanguitarplayers.com\/#website","url":"https:\/\/www.mexicanguitarplayers.com\/","name":"Mexican Guitar Players","description":"Website","publisher":{"@id":"https:\/\/www.mexicanguitarplayers.com\/#organization"},"potentialAction":[{"@type":"SearchAction","target":{"@type":"EntryPoint","urlTemplate":"https:\/\/www.mexicanguitarplayers.com\/?s={search_term_string}"},"query-input":{"@type":"PropertyValueSpecification","valueRequired":true,"valueName":"search_term_string"}}],"inLanguage":"en-US"},{"@type":"Organization","@id":"https:\/\/www.mexicanguitarplayers.com\/#organization","name":"Mexican Guitar Players","url":"https:\/\/www.mexicanguitarplayers.com\/","logo":{"@type":"ImageObject","inLanguage":"en-US","@id":"https:\/\/www.mexicanguitarplayers.com\/#\/schema\/logo\/image\/","url":"","contentUrl":"","caption":"Mexican Guitar Players"},"image":{"@id":"https:\/\/www.mexicanguitarplayers.com\/#\/schema\/logo\/image\/"}}]}},"brands":[{"id":252,"name":"PROEL","slug":"proel"}],"_links":{"self":[{"href":"https:\/\/www.mexicanguitarplayers.com\/en\/wp-json\/wp\/v2\/product\/25815","targetHints":{"allow":["GET"]}}],"collection":[{"href":"https:\/\/www.mexicanguitarplayers.com\/en\/wp-json\/wp\/v2\/product"}],"about":[{"href":"https:\/\/www.mexicanguitarplayers.com\/en\/wp-json\/wp\/v2\/types\/product"}],"replies":[{"embeddable":true,"href":"https:\/\/www.mexicanguitarplayers.com\/en\/wp-json\/wp\/v2\/comments?post=25815"}],"wp:featuredmedia":[{"embeddable":true,"href":"https:\/\/www.mexicanguitarplayers.com\/en\/wp-json\/wp\/v2\/media\/25814"}],"wp:attachment":[{"href":"https:\/\/www.mexicanguitarplayers.com\/en\/wp-json\/wp\/v2\/media?parent=25815"}],"wp:term":[{"taxonomy":"pwb-brand","embeddable":true,"href":"https:\/\/www.mexicanguitarplayers.com\/en\/wp-json\/wp\/v2\/pwb-brand?post=25815"},{"taxonomy":"product_brand","embeddable":true,"href":"https:\/\/www.mexicanguitarplayers.com\/en\/wp-json\/wp\/v2\/product_brand?post=25815"},{"taxonomy":"product_cat","embeddable":true,"href":"https:\/\/www.mexicanguitarplayers.com\/en\/wp-json\/wp\/v2\/product_cat?post=25815"},{"taxonomy":"product_tag","embeddable":true,"href":"https:\/\/www.mexicanguitarplayers.com\/en\/wp-json\/wp\/v2\/product_tag?post=25815"}],"curies":[{"name":"wp","href":"https:\/\/api.w.org\/{rel}","templated":true}]}}