{"id":25817,"date":"2025-04-06T16:29:45","date_gmt":"2025-04-06T22:29:45","guid":{"rendered":"https:\/\/www.mexicanguitarplayers.com\/tienda\/sin categor\u00eda\/consola-mezcladora-behringer-pmp550m\/"},"modified":"2026-05-01T07:28:58","modified_gmt":"2026-05-01T13:28:58","slug":"consola-mezcladora-behringer-pmp550m","status":"publish","type":"product","link":"https:\/\/www.mexicanguitarplayers.com\/en\/tienda\/audio\/mezcladoras\/consola-mezcladora-behringer-pmp550m\/","title":{"rendered":"CONSOLA MEZCLADORA BEHRINGER PMP550M"},"content":{"rendered":"<div style=\"text-align: justify\">\n<div>\n<h3>Sonorizaci\u00f3n compacta para tus eventos.<\/h3>\n<\/div>\n<div>La asombrosa mezcladora amplificada EUROPOWER PMP550M de Behringer ofrece una tremenda potencia de (2 x 250 watts dual mono), manteniendo una incre\u00edble relaci\u00f3n potencia\/peso. Estas mezcladoras emplean tecnolog\u00eda de amplificaci\u00f3n Clase D de alta eficiencia y una fuente de alimentaci\u00f3n conmutada, lo que reduca significativamente el peso y el calor. Cuenta con 5 preamplificadores de micr\u00f3fono de alta calidad (2 de los cuales aceptan nuestros micr\u00f3fonos inal\u00e1mbricos digitales ULM, disponibles por separado) y una entrada auxiliar de 1\/8 para reproducir m\u00fasica desde tus dispositivos inteligentes. A\u00f1adimos un procesador Klark Teknik Multi FX de 24 bits con 25 preajustes que incluyen reverbs con calidad de estudio, chorus, flanger, delay, pitch shifter y varios multiefectos, adem\u00e1s de un ecualizador gr\u00e1fico estereof\u00f3nico de 7 bandas con nuestro sistema patentado FBQ (Feedback Detection System) para ofrecerte un gran rendimiento sin retroalimentaci\u00f3n. Clase D: Potencia masiva, sonido perfecto. Gracias a nuestra revolucionaria tecnolog\u00eda de amplificador Clase D, podemos ofrecerte una potencia enorme y un incre\u00edble rendimiento sonoro en un paquete f\u00e1cil de usar, ultra port\u00e1til y ligero. La amplificaci\u00f3n Clase D hace toda la diferencia, ofreciendo lo \u00faltimo en eficiencia energ\u00e9tica y eliminando la necesidad de fuentes de alimentaci\u00f3n pesadas y disipadores de calor masivos. Esta sorprendente tecnolog\u00eda hace posible dise\u00f1ar y construir productos extremadamente potentes que son significativamente m\u00e1s ligeros en peso que sus contrapartes tradicionales, mientras utiliza menos energ\u00eda y protege al ambiente. Soluci\u00f3n todo en uno. La asombrosa mezcladora PMP550M ofrece un rendimiento simple pero asombroso, con salidas dobles de 2&#215;250 watts mono para un total combinado de 500 watts. Ya sea que el centro de atenci\u00f3n sea un discurso en el picnic de la compa\u00f1\u00eda, un improvisado jam ac\u00fastico en la cafeter\u00eda o un coro en un evento social, la PMP550M puede manejarlo todo con facilidad. Esta versatilidad sonora tambi\u00e9n la convierte en una excelente opci\u00f3n para las iglesias, en donde las voces y las grabaciones en est\u00e9reo a menudo se comparten. Klark Teknik &#8211; El reverb que hizo historia. Klark Teknik es reconocido mundialmente como una de las compa\u00f1\u00edas brit\u00e1nicas de audio m\u00e1s prestigiosas, con un pedigr\u00ed de 40 a\u00f1os e incluso en premio TEC Lifetime para respaldarlo. La compa\u00f1\u00eda ha dise\u00f1ado y fabricado productos para artistas de clase mundial y su legendario procesador de reverb DN780 es considerado por los principales ingenieros de audio en todo el mundo como el est\u00e1ndar de la industria. Behringer se enorgullece de incorporar en sus productos los efectos personalizados de Klark Teknik.  Klark Teknik ha creado el motor de efectos de estudio de 24 bits de Behringer para darle a tu interpretaci\u00f3n un acabado realmente profesional, incluyendo preajustes de reverb, chorus, flange, delay, pitch shift y muchos otros incre\u00edbles efectos. Sistema FBQ &#8211; Totalmente libre de retroalimentaci\u00f3n. Por m\u00e1s de 20 a\u00f1os, Behringer ha dise\u00f1ado y fabricado algunos de los procesadores de eliminaci\u00f3n de retroalimentaci\u00f3n FBQ m\u00e1s exitosos. Ahora puedes poder y disfrutar de los beneficios de esta tecnolog\u00eda, ya que hemos integrado el sistema FBQ en este producto, por lo que tu sistema de sonido estar\u00e1 totalmente libre de retroalimentaci\u00f3n, lo que te permitir\u00e1 centrarte en tu show.<\/div>\n<div>\n<h4>Quick look<\/h4>\n<\/div>\n<ul style=\"margin: 0px 0px 0px 25px\">\n<li style=\"list-style-type: circle;margin: 5px\">Entradas de micr\u00f3fono.<\/li>\n<li style=\"list-style-type: circle;margin: 5px\">Entradas de l\u00ednea mono.<\/li>\n<li style=\"list-style-type: circle;margin: 5px\">Equalizer<\/li>\n<li style=\"list-style-type: circle;margin: 5px\">Datos de sistema Main Mix.<\/li>\n<li style=\"list-style-type: circle;margin: 5px\">Amplificador (por canal).<\/li>\n<li style=\"list-style-type: circle;margin: 5px\">Salida de altavoces.<\/li>\n<li style=\"list-style-type: circle;margin: 5px\">DSP.<\/li>\n<li style=\"list-style-type: circle;margin: 5px\">Sistema inal\u00e1mbrico.<\/li>\n<li style=\"list-style-type: circle;margin: 5px\">Display.<\/li>\n<li style=\"list-style-type: circle;margin: 5px\">Power supply.<\/li>\n<li style=\"list-style-type: circle;margin: 5px\">Dimensions.<\/li>\n<li style=\"list-style-type: circle;margin: 5px\">Weight.<\/li>\n<\/ul>\n<div>\n<div style=\"font-weight: bold\">Entradas de micr\u00f3fono.<\/div>\n<div>\n<p>Tipo: XLR electr\u00f3nicamente balanceado. MIC E.I.N. (20 Hz &#8211; 20 kHz): @ 0 ohms, fuente de resistencia: -122 dB \/ -125 dB ponderado A. @ 50 ohms, fuente de resistencia: -122 dB \/ -125 dB ponderado A. @ 150 ohms, fuente de resistencia: -121 dB \/ -124 dB ponderado A. Ganancia: +29 dB, +9 dB con pad. Nivel de entrada m\u00e1ximo: +12 dBu @ +10 dB ganancia. Impedancia: 2 kohms balanceado \/ 1 kohm desbalanceado. Alimentaci\u00f3n phantom: +15 V.<\/p>\n<\/div>\n<div style=\"font-weight: bold\">Entradas de l\u00ednea mono.<\/div>\n<div>\n<p>Tipo: Conector TRS 1\/4&#8243;. Impedancia: Aproximadamente 20 kohms balanceado \/ 10 kohms desbalanceado. Nivel de entrada m\u00e1ximo: +21 dBu.<\/p>\n<\/div>\n<div style=\"font-weight: bold\">Equalizer<\/div>\n<div>\n<p>Grave: 80 Hz \/ \u00b115 dB. Agudo: 12 kHz \/ \u00b115 dB.<\/p>\n<\/div>\n<div style=\"font-weight: bold\">Datos de sistema Main Mix.<\/div>\n<div>\n<p>Ruido: Main mix @ -Infinito, fader de canal @ -Infinito: -106 dB \/ -110 dB ponderado A. Main mix @ 0 dB, fader de canal @ -Infinito: -87 dB \/ -90 dB ponderado A. Main mix @ 0 dB, fader de canal @ 0 dB: -80 dB \/ -82 dB ponderado A. Respuesta de frecuencia (salida de amplificador): 20 Hz &#8211; 20 kHz (+0\/-3 dB).<\/p>\n<\/div>\n<div style=\"font-weight: bold\">Amplificador (por canal).<\/div>\n<div>\n<p>Potencia de salida m\u00e1xima: 250 watts + 250 watts.<\/p>\n<\/div>\n<div style=\"font-weight: bold\">Salida de altavoces.<\/div>\n<div>\n<p>Tipo: Conector TS 1\/4&#8243;. Impedancia de carga: 4 &#8211; 8 ohms.<\/p>\n<\/div>\n<div style=\"font-weight: bold\">DSP.<\/div>\n<div>\n<p>Tipo: Klark Teknik. Convertidor: 24-bit Sigma &#8211; Delta. Frecuencia de muestreo: 40 kHz.<\/p>\n<\/div>\n<div style=\"font-weight: bold\">Sistema inal\u00e1mbrico.<\/div>\n<div>\n<p>Receptor Behringer ULM Series: USB socket acepta se\u00f1al desde 2 micr\u00f3fonos ULM de Behringer independientes.<\/p>\n<\/div>\n<div style=\"font-weight: bold\">Display.<\/div>\n<div>\n<p>Tipo: 2 d\u00edgitos, 7 segmentos LED.<\/p>\n<\/div>\n<div style=\"font-weight: bold\">Power supply.<\/div>\n<div>\n<p>Voltaje: 100-120V~ \/ 220-240V~. Fusible: 100-120V~: T 5 A H 250 V \/ 220-240 V~: T 3.15 A H 250 V. Consumo de energ\u00eda: 90 watts. Conexi\u00f3n de energ\u00eda: Recept\u00e1culo IEC est\u00e1ndar.<\/p>\n<\/div>\n<div style=\"font-weight: bold\">Dimensions.<\/div>\n<div>\n<p>117 x 450 x 185 mm.<\/p>\n<\/div>\n<div style=\"font-weight: bold\">Weight.<\/div>\n<div>\n<p>4.5 kg.<\/p>\n<\/div>\n<\/div>\n<\/div>","protected":false},"excerpt":{"rendered":"<p>Mezcladora montable en rack, serie Europower, potencia de 500 watts, 5 canales mic\/line m\u00e1s entrada auxiliar separada, tecnolog\u00eda de amplificaci\u00f3n Clase D, enorme potencia, incre\u00edble rendimiento sonido, procesador multi FX Klark Teknik con 25 preajustes que incluyen reverb, chorus, flanger, delay, pitch shifter y varios multiefectos, sistema FBQ para detecci\u00f3n de retroalimentaci\u00f3n que revela frecuencias cr\u00edticas, opci\u00f3n Wireless para sistemas inal\u00e1mbricos de Behringer (no incluidos), 5 preamplificadores de micr\u00f3fono de alta calidad con LEDs pad y clip conmutables, ecualizador extremadamente musical de 2 bandas en todos los canales, ecualizador gr\u00e1fico de 7 bandas que permite una correcci\u00f3n de frecuencia precisa, 2 salidas de altavoz en conectores jack 1\/4\u201d, fuente de alimentaci\u00f3n conmutada interna, audio sin ruido, respuesta transitoria superior y bajo consumo de energ\u00eda, incluye brackets de montaje en rack, dimensiones: 117 x 450 x 185 mm, peso:4.5 kg.&hellip; <a class=\"kt-excerpt-readmore more-link\" href=\"https:\/\/www.mexicanguitarplayers.com\/en\/tienda\/audio\/mezcladoras\/consola-mezcladora-behringer-pmp550m\/\">Read more<\/a><\/p>","protected":false},"featured_media":25816,"comment_status":"open","ping_status":"closed","template":"","meta":{"kt_blocks_editor_width":""},"pwb-brand":[171],"product_brand":[],"product_cat":[213,491],"product_tag":[],"class_list":{"0":"post-25817","1":"product","2":"type-product","3":"status-publish","4":"has-post-thumbnail","6":"pwb-brand-behringer","7":"product_cat-audio","8":"product_cat-mezcladoras","9":"product_shipping_class-5-10-kg","11":"first","12":"instock","13":"taxable","14":"shipping-taxable","15":"purchasable","16":"product-type-simple"},"yoast_head":"<!-- This site is optimized with the Yoast SEO plugin v27.5 - https:\/\/yoast.com\/product\/yoast-seo-wordpress\/ -->\n<title>CONSOLA MEZCLADORA BEHRINGER PMP550M - Mexican Guitar Players<\/title>\n<meta name=\"description\" content=\"Mezcladora montable en rack, serie Europower, potencia de 500 watts, 5 canales mic\/line m\u00e1s entrada auxiliar separada, tecnolog\u00eda de amplificaci\u00f3n Clase D, enorme potencia, incre\u00edble rendimiento sonido, procesador multi FX Klark Teknik con 25 preajustes que incluyen reverb, chorus, flanger, delay, pitch shifter y varios multiefectos, sistema FBQ para detecci\u00f3n de retroalimentaci\u00f3n que revela frecuencias cr\u00edticas, opci\u00f3n Wireless para sistemas inal\u00e1mbricos de Behringer (no incluidos), 5 preamplificadores de micr\u00f3fono de alta calidad con LEDs pad y clip conmutables, ecualizador extremadamente musical de 2 bandas en todos los canales, ecualizador gr\u00e1fico de 7 bandas que permite una correcci\u00f3n de frecuencia precisa, 2 salidas de altavoz en conectores jack 1\/4\u201d, fuente de alimentaci\u00f3n conmutada interna, audio sin ruido, respuesta transitoria superior y bajo consumo de energ\u00eda, incluye brackets de montaje en rack, dimensiones: 117 x 450 x 185 mm, peso:4.5 kg.\" \/>\n<meta name=\"robots\" content=\"index, follow, max-snippet:-1, max-image-preview:large, max-video-preview:-1\" \/>\n<link rel=\"canonical\" href=\"https:\/\/www.mexicanguitarplayers.com\/en\/tienda\/sin%20categor\u00eda\/consola-mezcladora-behringer-pmp550m\/\" \/>\n<meta property=\"og:locale\" content=\"en_US\" \/>\n<meta property=\"og:type\" content=\"article\" \/>\n<meta property=\"og:title\" content=\"CONSOLA MEZCLADORA BEHRINGER PMP550M - Mexican Guitar Players\" \/>\n<meta property=\"og:description\" content=\"Mezcladora montable en rack, serie Europower, potencia de 500 watts, 5 canales mic\/line m\u00e1s entrada auxiliar separada, tecnolog\u00eda de amplificaci\u00f3n Clase D, enorme potencia, incre\u00edble rendimiento sonido, procesador multi FX Klark Teknik con 25 preajustes que incluyen reverb, chorus, flanger, delay, pitch shifter y varios multiefectos, sistema FBQ para detecci\u00f3n de retroalimentaci\u00f3n que revela frecuencias cr\u00edticas, opci\u00f3n Wireless para sistemas inal\u00e1mbricos de Behringer (no incluidos), 5 preamplificadores de micr\u00f3fono de alta calidad con LEDs pad y clip conmutables, ecualizador extremadamente musical de 2 bandas en todos los canales, ecualizador gr\u00e1fico de 7 bandas que permite una correcci\u00f3n de frecuencia precisa, 2 salidas de altavoz en conectores jack 1\/4\u201d, fuente de alimentaci\u00f3n conmutada interna, audio sin ruido, respuesta transitoria superior y bajo consumo de energ\u00eda, incluye brackets de montaje en rack, dimensiones: 117 x 450 x 185 mm, peso:4.5 kg.\" \/>\n<meta property=\"og:url\" content=\"https:\/\/www.mexicanguitarplayers.com\/en\/tienda\/sin categor\u00eda\/consola-mezcladora-behringer-pmp550m\/\" \/>\n<meta property=\"og:site_name\" content=\"Mexican Guitar Players\" \/>\n<meta property=\"article:modified_time\" content=\"2026-05-01T13:28:58+00:00\" \/>\n<meta name=\"twitter:card\" content=\"summary_large_image\" \/>\n<meta name=\"twitter:label1\" content=\"Est. reading time\" \/>\n\t<meta name=\"twitter:data1\" content=\"4 minutes\" \/>\n<script type=\"application\/ld+json\" class=\"yoast-schema-graph\">{\"@context\":\"https:\\\/\\\/schema.org\",\"@graph\":[{\"@type\":[\"WebPage\",\"ItemPage\"],\"@id\":\"https:\\\/\\\/www.mexicanguitarplayers.com\\\/tienda\\\/sin categor\u00eda\\\/consola-mezcladora-behringer-pmp550m\\\/\",\"url\":\"https:\\\/\\\/www.mexicanguitarplayers.com\\\/tienda\\\/sin categor\u00eda\\\/consola-mezcladora-behringer-pmp550m\\\/\",\"name\":\"CONSOLA MEZCLADORA BEHRINGER PMP550M - Mexican Guitar Players\",\"isPartOf\":{\"@id\":\"https:\\\/\\\/www.mexicanguitarplayers.com\\\/#website\"},\"primaryImageOfPage\":{\"@id\":\"https:\\\/\\\/www.mexicanguitarplayers.com\\\/tienda\\\/sin categor\u00eda\\\/consola-mezcladora-behringer-pmp550m\\\/#primaryimage\"},\"image\":{\"@id\":\"https:\\\/\\\/www.mexicanguitarplayers.com\\\/tienda\\\/sin categor\u00eda\\\/consola-mezcladora-behringer-pmp550m\\\/#primaryimage\"},\"thumbnailUrl\":\"https:\\\/\\\/www.mexicanguitarplayers.com\\\/wp-content\\\/uploads\\\/2025\\\/04\\\/IABEHPMP550M.jpg\",\"datePublished\":\"2025-04-06T22:29:45+00:00\",\"dateModified\":\"2026-05-01T13:28:58+00:00\",\"description\":\"Mezcladora montable en rack, serie Europower, potencia de 500 watts, 5 canales mic\\\/line m\u00e1s entrada auxiliar separada, tecnolog\u00eda de amplificaci\u00f3n Clase D, enorme potencia, incre\u00edble rendimiento sonido, procesador multi FX Klark Teknik con 25 preajustes que incluyen reverb, chorus, flanger, delay, pitch shifter y varios multiefectos, sistema FBQ para detecci\u00f3n de retroalimentaci\u00f3n que revela frecuencias cr\u00edticas, opci\u00f3n Wireless para sistemas inal\u00e1mbricos de Behringer (no incluidos), 5 preamplificadores de micr\u00f3fono de alta calidad con LEDs pad y clip conmutables, ecualizador extremadamente musical de 2 bandas en todos los canales, ecualizador gr\u00e1fico de 7 bandas que permite una correcci\u00f3n de frecuencia precisa, 2 salidas de altavoz en conectores jack 1\\\/4\u201d, fuente de alimentaci\u00f3n conmutada interna, audio sin ruido, respuesta transitoria superior y bajo consumo de energ\u00eda, incluye brackets de montaje en rack, dimensiones: 117 x 450 x 185 mm, peso:4.5 kg.\",\"breadcrumb\":{\"@id\":\"https:\\\/\\\/www.mexicanguitarplayers.com\\\/tienda\\\/sin categor\u00eda\\\/consola-mezcladora-behringer-pmp550m\\\/#breadcrumb\"},\"inLanguage\":\"en-US\",\"potentialAction\":[{\"@type\":\"ReadAction\",\"target\":[\"https:\\\/\\\/www.mexicanguitarplayers.com\\\/tienda\\\/sin categor\u00eda\\\/consola-mezcladora-behringer-pmp550m\\\/\"]}]},{\"@type\":\"ImageObject\",\"inLanguage\":\"en-US\",\"@id\":\"https:\\\/\\\/www.mexicanguitarplayers.com\\\/tienda\\\/sin categor\u00eda\\\/consola-mezcladora-behringer-pmp550m\\\/#primaryimage\",\"url\":\"https:\\\/\\\/www.mexicanguitarplayers.com\\\/wp-content\\\/uploads\\\/2025\\\/04\\\/IABEHPMP550M.jpg\",\"contentUrl\":\"https:\\\/\\\/www.mexicanguitarplayers.com\\\/wp-content\\\/uploads\\\/2025\\\/04\\\/IABEHPMP550M.jpg\",\"width\":1600,\"height\":800},{\"@type\":\"BreadcrumbList\",\"@id\":\"https:\\\/\\\/www.mexicanguitarplayers.com\\\/tienda\\\/sin categor\u00eda\\\/consola-mezcladora-behringer-pmp550m\\\/#breadcrumb\",\"itemListElement\":[{\"@type\":\"ListItem\",\"position\":1,\"name\":\"Portada\",\"item\":\"https:\\\/\\\/www.mexicanguitarplayers.com\\\/\"},{\"@type\":\"ListItem\",\"position\":2,\"name\":\"Tienda\",\"item\":\"https:\\\/\\\/www.mexicanguitarplayers.com\\\/tienda\\\/\"},{\"@type\":\"ListItem\",\"position\":3,\"name\":\"CONSOLA MEZCLADORA BEHRINGER PMP550M\"}]},{\"@type\":\"WebSite\",\"@id\":\"https:\\\/\\\/www.mexicanguitarplayers.com\\\/#website\",\"url\":\"https:\\\/\\\/www.mexicanguitarplayers.com\\\/\",\"name\":\"Mexican Guitar Players\",\"description\":\"Website\",\"publisher\":{\"@id\":\"https:\\\/\\\/www.mexicanguitarplayers.com\\\/#organization\"},\"potentialAction\":[{\"@type\":\"SearchAction\",\"target\":{\"@type\":\"EntryPoint\",\"urlTemplate\":\"https:\\\/\\\/www.mexicanguitarplayers.com\\\/?s={search_term_string}\"},\"query-input\":{\"@type\":\"PropertyValueSpecification\",\"valueRequired\":true,\"valueName\":\"search_term_string\"}}],\"inLanguage\":\"en-US\"},{\"@type\":\"Organization\",\"@id\":\"https:\\\/\\\/www.mexicanguitarplayers.com\\\/#organization\",\"name\":\"Mexican Guitar Players\",\"url\":\"https:\\\/\\\/www.mexicanguitarplayers.com\\\/\",\"logo\":{\"@type\":\"ImageObject\",\"inLanguage\":\"en-US\",\"@id\":\"https:\\\/\\\/www.mexicanguitarplayers.com\\\/#\\\/schema\\\/logo\\\/image\\\/\",\"url\":\"\",\"contentUrl\":\"\",\"caption\":\"Mexican Guitar Players\"},\"image\":{\"@id\":\"https:\\\/\\\/www.mexicanguitarplayers.com\\\/#\\\/schema\\\/logo\\\/image\\\/\"}}]}<\/script>\n<!-- \/ Yoast SEO plugin. -->","yoast_head_json":{"title":"CONSOLA MEZCLADORA BEHRINGER PMP550M - Mexican Guitar Players","description":"Mezcladora montable en rack, serie Europower, potencia de 500 watts, 5 canales mic\/line m\u00e1s entrada auxiliar separada, tecnolog\u00eda de amplificaci\u00f3n Clase D, enorme potencia, incre\u00edble rendimiento sonido, procesador multi FX Klark Teknik con 25 preajustes que incluyen reverb, chorus, flanger, delay, pitch shifter y varios multiefectos, sistema FBQ para detecci\u00f3n de retroalimentaci\u00f3n que revela frecuencias cr\u00edticas, opci\u00f3n Wireless para sistemas inal\u00e1mbricos de Behringer (no incluidos), 5 preamplificadores de micr\u00f3fono de alta calidad con LEDs pad y clip conmutables, ecualizador extremadamente musical de 2 bandas en todos los canales, ecualizador gr\u00e1fico de 7 bandas que permite una correcci\u00f3n de frecuencia precisa, 2 salidas de altavoz en conectores jack 1\/4\u201d, fuente de alimentaci\u00f3n conmutada interna, audio sin ruido, respuesta transitoria superior y bajo consumo de energ\u00eda, incluye brackets de montaje en rack, dimensiones: 117 x 450 x 185 mm, peso:4.5 kg.","robots":{"index":"index","follow":"follow","max-snippet":"max-snippet:-1","max-image-preview":"max-image-preview:large","max-video-preview":"max-video-preview:-1"},"canonical":"https:\/\/www.mexicanguitarplayers.com\/en\/tienda\/sin categor\u00eda\/consola-mezcladora-behringer-pmp550m\/","og_locale":"en_US","og_type":"article","og_title":"CONSOLA MEZCLADORA BEHRINGER PMP550M - Mexican Guitar Players","og_description":"Mezcladora montable en rack, serie Europower, potencia de 500 watts, 5 canales mic\/line m\u00e1s entrada auxiliar separada, tecnolog\u00eda de amplificaci\u00f3n Clase D, enorme potencia, incre\u00edble rendimiento sonido, procesador multi FX Klark Teknik con 25 preajustes que incluyen reverb, chorus, flanger, delay, pitch shifter y varios multiefectos, sistema FBQ para detecci\u00f3n de retroalimentaci\u00f3n que revela frecuencias cr\u00edticas, opci\u00f3n Wireless para sistemas inal\u00e1mbricos de Behringer (no incluidos), 5 preamplificadores de micr\u00f3fono de alta calidad con LEDs pad y clip conmutables, ecualizador extremadamente musical de 2 bandas en todos los canales, ecualizador gr\u00e1fico de 7 bandas que permite una correcci\u00f3n de frecuencia precisa, 2 salidas de altavoz en conectores jack 1\/4\u201d, fuente de alimentaci\u00f3n conmutada interna, audio sin ruido, respuesta transitoria superior y bajo consumo de energ\u00eda, incluye brackets de montaje en rack, dimensiones: 117 x 450 x 185 mm, peso:4.5 kg.","og_url":"https:\/\/www.mexicanguitarplayers.com\/en\/tienda\/sin categor\u00eda\/consola-mezcladora-behringer-pmp550m\/","og_site_name":"Mexican Guitar Players","article_modified_time":"2026-05-01T13:28:58+00:00","twitter_card":"summary_large_image","twitter_misc":{"Est. reading time":"4 minutes"},"schema":{"@context":"https:\/\/schema.org","@graph":[{"@type":["WebPage","ItemPage"],"@id":"https:\/\/www.mexicanguitarplayers.com\/tienda\/sin categor\u00eda\/consola-mezcladora-behringer-pmp550m\/","url":"https:\/\/www.mexicanguitarplayers.com\/tienda\/sin categor\u00eda\/consola-mezcladora-behringer-pmp550m\/","name":"CONSOLA MEZCLADORA BEHRINGER PMP550M - Mexican Guitar Players","isPartOf":{"@id":"https:\/\/www.mexicanguitarplayers.com\/#website"},"primaryImageOfPage":{"@id":"https:\/\/www.mexicanguitarplayers.com\/tienda\/sin categor\u00eda\/consola-mezcladora-behringer-pmp550m\/#primaryimage"},"image":{"@id":"https:\/\/www.mexicanguitarplayers.com\/tienda\/sin categor\u00eda\/consola-mezcladora-behringer-pmp550m\/#primaryimage"},"thumbnailUrl":"https:\/\/www.mexicanguitarplayers.com\/wp-content\/uploads\/2025\/04\/IABEHPMP550M.jpg","datePublished":"2025-04-06T22:29:45+00:00","dateModified":"2026-05-01T13:28:58+00:00","description":"Mezcladora montable en rack, serie Europower, potencia de 500 watts, 5 canales mic\/line m\u00e1s entrada auxiliar separada, tecnolog\u00eda de amplificaci\u00f3n Clase D, enorme potencia, incre\u00edble rendimiento sonido, procesador multi FX Klark Teknik con 25 preajustes que incluyen reverb, chorus, flanger, delay, pitch shifter y varios multiefectos, sistema FBQ para detecci\u00f3n de retroalimentaci\u00f3n que revela frecuencias cr\u00edticas, opci\u00f3n Wireless para sistemas inal\u00e1mbricos de Behringer (no incluidos), 5 preamplificadores de micr\u00f3fono de alta calidad con LEDs pad y clip conmutables, ecualizador extremadamente musical de 2 bandas en todos los canales, ecualizador gr\u00e1fico de 7 bandas que permite una correcci\u00f3n de frecuencia precisa, 2 salidas de altavoz en conectores jack 1\/4\u201d, fuente de alimentaci\u00f3n conmutada interna, audio sin ruido, respuesta transitoria superior y bajo consumo de energ\u00eda, incluye brackets de montaje en rack, dimensiones: 117 x 450 x 185 mm, peso:4.5 kg.","breadcrumb":{"@id":"https:\/\/www.mexicanguitarplayers.com\/tienda\/sin categor\u00eda\/consola-mezcladora-behringer-pmp550m\/#breadcrumb"},"inLanguage":"en-US","potentialAction":[{"@type":"ReadAction","target":["https:\/\/www.mexicanguitarplayers.com\/tienda\/sin categor\u00eda\/consola-mezcladora-behringer-pmp550m\/"]}]},{"@type":"ImageObject","inLanguage":"en-US","@id":"https:\/\/www.mexicanguitarplayers.com\/tienda\/sin categor\u00eda\/consola-mezcladora-behringer-pmp550m\/#primaryimage","url":"https:\/\/www.mexicanguitarplayers.com\/wp-content\/uploads\/2025\/04\/IABEHPMP550M.jpg","contentUrl":"https:\/\/www.mexicanguitarplayers.com\/wp-content\/uploads\/2025\/04\/IABEHPMP550M.jpg","width":1600,"height":800},{"@type":"BreadcrumbList","@id":"https:\/\/www.mexicanguitarplayers.com\/tienda\/sin categor\u00eda\/consola-mezcladora-behringer-pmp550m\/#breadcrumb","itemListElement":[{"@type":"ListItem","position":1,"name":"Portada","item":"https:\/\/www.mexicanguitarplayers.com\/"},{"@type":"ListItem","position":2,"name":"Tienda","item":"https:\/\/www.mexicanguitarplayers.com\/tienda\/"},{"@type":"ListItem","position":3,"name":"CONSOLA MEZCLADORA BEHRINGER PMP550M"}]},{"@type":"WebSite","@id":"https:\/\/www.mexicanguitarplayers.com\/#website","url":"https:\/\/www.mexicanguitarplayers.com\/","name":"Mexican Guitar Players","description":"Website","publisher":{"@id":"https:\/\/www.mexicanguitarplayers.com\/#organization"},"potentialAction":[{"@type":"SearchAction","target":{"@type":"EntryPoint","urlTemplate":"https:\/\/www.mexicanguitarplayers.com\/?s={search_term_string}"},"query-input":{"@type":"PropertyValueSpecification","valueRequired":true,"valueName":"search_term_string"}}],"inLanguage":"en-US"},{"@type":"Organization","@id":"https:\/\/www.mexicanguitarplayers.com\/#organization","name":"Mexican Guitar Players","url":"https:\/\/www.mexicanguitarplayers.com\/","logo":{"@type":"ImageObject","inLanguage":"en-US","@id":"https:\/\/www.mexicanguitarplayers.com\/#\/schema\/logo\/image\/","url":"","contentUrl":"","caption":"Mexican Guitar Players"},"image":{"@id":"https:\/\/www.mexicanguitarplayers.com\/#\/schema\/logo\/image\/"}}]}},"brands":[{"id":171,"name":"BEHRINGER","slug":"behringer"}],"_links":{"self":[{"href":"https:\/\/www.mexicanguitarplayers.com\/en\/wp-json\/wp\/v2\/product\/25817","targetHints":{"allow":["GET"]}}],"collection":[{"href":"https:\/\/www.mexicanguitarplayers.com\/en\/wp-json\/wp\/v2\/product"}],"about":[{"href":"https:\/\/www.mexicanguitarplayers.com\/en\/wp-json\/wp\/v2\/types\/product"}],"replies":[{"embeddable":true,"href":"https:\/\/www.mexicanguitarplayers.com\/en\/wp-json\/wp\/v2\/comments?post=25817"}],"wp:featuredmedia":[{"embeddable":true,"href":"https:\/\/www.mexicanguitarplayers.com\/en\/wp-json\/wp\/v2\/media\/25816"}],"wp:attachment":[{"href":"https:\/\/www.mexicanguitarplayers.com\/en\/wp-json\/wp\/v2\/media?parent=25817"}],"wp:term":[{"taxonomy":"pwb-brand","embeddable":true,"href":"https:\/\/www.mexicanguitarplayers.com\/en\/wp-json\/wp\/v2\/pwb-brand?post=25817"},{"taxonomy":"product_brand","embeddable":true,"href":"https:\/\/www.mexicanguitarplayers.com\/en\/wp-json\/wp\/v2\/product_brand?post=25817"},{"taxonomy":"product_cat","embeddable":true,"href":"https:\/\/www.mexicanguitarplayers.com\/en\/wp-json\/wp\/v2\/product_cat?post=25817"},{"taxonomy":"product_tag","embeddable":true,"href":"https:\/\/www.mexicanguitarplayers.com\/en\/wp-json\/wp\/v2\/product_tag?post=25817"}],"curies":[{"name":"wp","href":"https:\/\/api.w.org\/{rel}","templated":true}]}}