{"id":25852,"date":"2025-04-06T16:32:47","date_gmt":"2025-04-06T22:32:47","guid":{"rendered":"https:\/\/www.mexicanguitarplayers.com\/tienda\/sin categor\u00eda\/estuche-gator-p-guitarra-gl-classic\/"},"modified":"2026-05-01T07:28:56","modified_gmt":"2026-05-01T13:28:56","slug":"estuche-gator-p-guitarra-gl-classic","status":"publish","type":"product","link":"https:\/\/www.mexicanguitarplayers.com\/en\/tienda\/accesorios\/estuches-y-fundas\/para-guitarra\/para-guitarra-clasica\/estuche-gator-p-guitarra-gl-classic\/","title":{"rendered":"ESTUCHE GATOR P\/GUITARRA  GL-CLASSIC"},"content":{"rendered":"<div style=\"text-align: justify\">\n<div>\n<h3>Peso medio y resistente a impactos.<\/h3>\n<\/div>\n<div>El estuche r\u00edgido de madera de espuma de polietileno EPS de la serie GL de Gator, protege a fondo tu guitarra cl\u00e1sica son agobiarte. El estuche est\u00e1 equipado con nylon resistente que forma una capa exterior duradera y resistente a la humedad. El forro de felpa y el n\u00facleo de espuma EPS proporcionan un refugio seguro sin ara\u00f1azos y que se ajusta a la forma. Este estuche de guitarra cl\u00e1sica de Gator incluye dos compartimentos de accesorios con cierre para guardar cualquier cosa, desde capos hasta cuerdas, cuenta tambi\u00e9n con asas de tela y una correa extra\u00edble para hombro que hace llevar tu equipo sea m\u00e1s f\u00e1cil.<\/div>\n<div>\n<h4>Quick look<\/h4>\n<\/div>\n<ul style=\"margin: 0px 0px 0px 25px\">\n<li style=\"list-style-type: circle;margin: 5px\">Dimensiones interiores.<\/li>\n<li style=\"list-style-type: circle;margin: 5px\">Dimensiones exteriores.<\/li>\n<li style=\"list-style-type: circle;margin: 5px\">Weight.<\/li>\n<\/ul>\n<div>\n<div style=\"font-weight: bold\">Dimensiones interiores.<\/div>\n<div>\n<p>Altura interior: 4.3&#8243; (109.22 mm). Longitud del cuerpo: 19.7&#8243; (500.38 mm). Ancho de la parte inferior: 15.5&#8243; (393.7 mm). Ancho de la parte del medio: 10.3&#8243; (261.62 mm). Ancho de la parte superior: 11.6&#8243; (294.64 mm). Longitud total: 40.2&#8243; (1021.08 mm).<\/p>\n<\/div>\n<div style=\"font-weight: bold\">Dimensiones exteriores.<\/div>\n<div>\n<p>Longitud exterior: 42.7&#8243; (1084.58 mm). Ancho exterior: 17.9&#8243; (454.66 mm). Altura exterior: 7.9&#8243; (200.66 mm).<\/p>\n<\/div>\n<div style=\"font-weight: bold\">Weight.<\/div>\n<div>\n<p>2.4 kg.<\/p>\n<\/div>\n<\/div>\n<div>\n<h4>Characteristics<\/h4>\n<\/div>\n<div>\n<ul style=\"margin: 0px 0px 0px 25px\">\n<li style=\"list-style-type: circle;margin: 5px\">Estuche h\u00edbrido ligero para guitarra cl\u00e1sica.<\/li>\n<li style=\"list-style-type: circle;margin: 5px\">Exterior de nylon Denier 600.<\/li>\n<li style=\"list-style-type: circle;margin: 5px\">N\u00facleo de espuma EPS.<\/li>\n<li style=\"list-style-type: circle;margin: 5px\">Forro de felpa.<\/li>\n<li style=\"list-style-type: circle;margin: 5px\">Dos espaciosos compartimentos internos de almacenamiento.<\/li>\n<li style=\"list-style-type: circle;margin: 5px\">Asa de transporte de nylon de alta resistencia.<\/li>\n<li style=\"list-style-type: circle;margin: 5px\">Correa extra\u00edble para hombro extra\u00edble.<\/li>\n<\/ul>\n<\/div>\n<\/div>","protected":false},"excerpt":{"rendered":"<p>Estuche h\u00edbrido ligero para guitarra cl\u00e1sica, ofrece la portabilidad de una funda y la protecci\u00f3n de un estuche r\u00edgido, exterior de nylon Denier 600 que forma un escudo duradero y es resistente al agua, n\u00facleo de espuma EPS denso y forro de felpa que mantienen tu guitarra a salvo de golpes y rasgu\u00f1os, dos espaciosos compartimentos internos de almacenamiento que ofrecen escondites seguros para capos, cuerdas, p\u00faas y peque\u00f1os accesorios, asa de transporte de nylon de alta resistencia que brinda un agarre firme, correa extra\u00edble para hombro que hace que sea c\u00f3modo y f\u00e1cil llevar tu estuche.&hellip; <a class=\"kt-excerpt-readmore more-link\" href=\"https:\/\/www.mexicanguitarplayers.com\/en\/tienda\/accesorios\/estuches-y-fundas\/para-guitarra\/para-guitarra-clasica\/estuche-gator-p-guitarra-gl-classic\/\">Read more<\/a><\/p>","protected":false},"featured_media":25841,"comment_status":"open","ping_status":"closed","template":"","meta":{"kt_blocks_editor_width":""},"pwb-brand":[572],"product_brand":[],"product_cat":[85,517,566,577],"product_tag":[],"class_list":{"0":"post-25852","1":"product","2":"type-product","3":"status-publish","4":"has-post-thumbnail","6":"pwb-brand-gator","7":"product_cat-accesorios","8":"product_cat-estuches-y-fundas","9":"product_cat-para-guitarra","10":"product_cat-para-guitarra-clasica","11":"product_shipping_class-0-5-kg","13":"first","14":"instock","15":"taxable","16":"shipping-taxable","17":"purchasable","18":"product-type-simple"},"yoast_head":"<!-- This site is optimized with the Yoast SEO plugin v27.5 - https:\/\/yoast.com\/product\/yoast-seo-wordpress\/ -->\n<title>ESTUCHE GATOR P\/GUITARRA GL-CLASSIC - Mexican Guitar Players<\/title>\n<meta name=\"description\" content=\"Estuche h\u00edbrido ligero para guitarra cl\u00e1sica, ofrece la portabilidad de una funda y la protecci\u00f3n de un estuche r\u00edgido, exterior de nylon Denier 600 que forma un escudo duradero y es resistente al agua, n\u00facleo de espuma EPS denso y forro de felpa que mantienen tu guitarra a salvo de golpes y rasgu\u00f1os, dos espaciosos compartimentos internos de almacenamiento que ofrecen escondites seguros para capos, cuerdas, p\u00faas y peque\u00f1os accesorios, asa de transporte de nylon de alta resistencia que brinda un agarre firme, correa extra\u00edble para hombro que hace que sea c\u00f3modo y f\u00e1cil llevar tu estuche.\" \/>\n<meta name=\"robots\" content=\"index, follow, max-snippet:-1, max-image-preview:large, max-video-preview:-1\" \/>\n<link rel=\"canonical\" href=\"https:\/\/www.mexicanguitarplayers.com\/en\/tienda\/sin%20categor\u00eda\/estuche-gator-p-guitarra-gl-classic\/\" \/>\n<meta property=\"og:locale\" content=\"en_US\" \/>\n<meta property=\"og:type\" content=\"article\" \/>\n<meta property=\"og:title\" content=\"ESTUCHE GATOR P\/GUITARRA GL-CLASSIC - Mexican Guitar Players\" \/>\n<meta property=\"og:description\" content=\"Estuche h\u00edbrido ligero para guitarra cl\u00e1sica, ofrece la portabilidad de una funda y la protecci\u00f3n de un estuche r\u00edgido, exterior de nylon Denier 600 que forma un escudo duradero y es resistente al agua, n\u00facleo de espuma EPS denso y forro de felpa que mantienen tu guitarra a salvo de golpes y rasgu\u00f1os, dos espaciosos compartimentos internos de almacenamiento que ofrecen escondites seguros para capos, cuerdas, p\u00faas y peque\u00f1os accesorios, asa de transporte de nylon de alta resistencia que brinda un agarre firme, correa extra\u00edble para hombro que hace que sea c\u00f3modo y f\u00e1cil llevar tu estuche.\" \/>\n<meta property=\"og:url\" content=\"https:\/\/www.mexicanguitarplayers.com\/en\/tienda\/sin categor\u00eda\/estuche-gator-p-guitarra-gl-classic\/\" \/>\n<meta property=\"og:site_name\" content=\"Mexican Guitar Players\" \/>\n<meta property=\"article:modified_time\" content=\"2026-05-01T13:28:56+00:00\" \/>\n<meta name=\"twitter:card\" content=\"summary_large_image\" \/>\n<meta name=\"twitter:label1\" content=\"Est. reading time\" \/>\n\t<meta name=\"twitter:data1\" content=\"1 minute\" \/>\n<script type=\"application\/ld+json\" class=\"yoast-schema-graph\">{\"@context\":\"https:\\\/\\\/schema.org\",\"@graph\":[{\"@type\":[\"WebPage\",\"ItemPage\"],\"@id\":\"https:\\\/\\\/www.mexicanguitarplayers.com\\\/tienda\\\/sin categor\u00eda\\\/estuche-gator-p-guitarra-gl-classic\\\/\",\"url\":\"https:\\\/\\\/www.mexicanguitarplayers.com\\\/tienda\\\/sin categor\u00eda\\\/estuche-gator-p-guitarra-gl-classic\\\/\",\"name\":\"ESTUCHE GATOR P\\\/GUITARRA GL-CLASSIC - Mexican Guitar Players\",\"isPartOf\":{\"@id\":\"https:\\\/\\\/www.mexicanguitarplayers.com\\\/#website\"},\"primaryImageOfPage\":{\"@id\":\"https:\\\/\\\/www.mexicanguitarplayers.com\\\/tienda\\\/sin categor\u00eda\\\/estuche-gator-p-guitarra-gl-classic\\\/#primaryimage\"},\"image\":{\"@id\":\"https:\\\/\\\/www.mexicanguitarplayers.com\\\/tienda\\\/sin categor\u00eda\\\/estuche-gator-p-guitarra-gl-classic\\\/#primaryimage\"},\"thumbnailUrl\":\"https:\\\/\\\/www.mexicanguitarplayers.com\\\/wp-content\\\/uploads\\\/2025\\\/04\\\/VAGATGLCLASSIC.jpg\",\"datePublished\":\"2025-04-06T22:32:47+00:00\",\"dateModified\":\"2026-05-01T13:28:56+00:00\",\"description\":\"Estuche h\u00edbrido ligero para guitarra cl\u00e1sica, ofrece la portabilidad de una funda y la protecci\u00f3n de un estuche r\u00edgido, exterior de nylon Denier 600 que forma un escudo duradero y es resistente al agua, n\u00facleo de espuma EPS denso y forro de felpa que mantienen tu guitarra a salvo de golpes y rasgu\u00f1os, dos espaciosos compartimentos internos de almacenamiento que ofrecen escondites seguros para capos, cuerdas, p\u00faas y peque\u00f1os accesorios, asa de transporte de nylon de alta resistencia que brinda un agarre firme, correa extra\u00edble para hombro que hace que sea c\u00f3modo y f\u00e1cil llevar tu estuche.\",\"breadcrumb\":{\"@id\":\"https:\\\/\\\/www.mexicanguitarplayers.com\\\/tienda\\\/sin categor\u00eda\\\/estuche-gator-p-guitarra-gl-classic\\\/#breadcrumb\"},\"inLanguage\":\"en-US\",\"potentialAction\":[{\"@type\":\"ReadAction\",\"target\":[\"https:\\\/\\\/www.mexicanguitarplayers.com\\\/tienda\\\/sin categor\u00eda\\\/estuche-gator-p-guitarra-gl-classic\\\/\"]}]},{\"@type\":\"ImageObject\",\"inLanguage\":\"en-US\",\"@id\":\"https:\\\/\\\/www.mexicanguitarplayers.com\\\/tienda\\\/sin categor\u00eda\\\/estuche-gator-p-guitarra-gl-classic\\\/#primaryimage\",\"url\":\"https:\\\/\\\/www.mexicanguitarplayers.com\\\/wp-content\\\/uploads\\\/2025\\\/04\\\/VAGATGLCLASSIC.jpg\",\"contentUrl\":\"https:\\\/\\\/www.mexicanguitarplayers.com\\\/wp-content\\\/uploads\\\/2025\\\/04\\\/VAGATGLCLASSIC.jpg\",\"width\":800,\"height\":1600},{\"@type\":\"BreadcrumbList\",\"@id\":\"https:\\\/\\\/www.mexicanguitarplayers.com\\\/tienda\\\/sin categor\u00eda\\\/estuche-gator-p-guitarra-gl-classic\\\/#breadcrumb\",\"itemListElement\":[{\"@type\":\"ListItem\",\"position\":1,\"name\":\"Portada\",\"item\":\"https:\\\/\\\/www.mexicanguitarplayers.com\\\/\"},{\"@type\":\"ListItem\",\"position\":2,\"name\":\"Tienda\",\"item\":\"https:\\\/\\\/www.mexicanguitarplayers.com\\\/tienda\\\/\"},{\"@type\":\"ListItem\",\"position\":3,\"name\":\"ESTUCHE GATOR P\\\/GUITARRA GL-CLASSIC\"}]},{\"@type\":\"WebSite\",\"@id\":\"https:\\\/\\\/www.mexicanguitarplayers.com\\\/#website\",\"url\":\"https:\\\/\\\/www.mexicanguitarplayers.com\\\/\",\"name\":\"Mexican Guitar Players\",\"description\":\"Website\",\"publisher\":{\"@id\":\"https:\\\/\\\/www.mexicanguitarplayers.com\\\/#organization\"},\"potentialAction\":[{\"@type\":\"SearchAction\",\"target\":{\"@type\":\"EntryPoint\",\"urlTemplate\":\"https:\\\/\\\/www.mexicanguitarplayers.com\\\/?s={search_term_string}\"},\"query-input\":{\"@type\":\"PropertyValueSpecification\",\"valueRequired\":true,\"valueName\":\"search_term_string\"}}],\"inLanguage\":\"en-US\"},{\"@type\":\"Organization\",\"@id\":\"https:\\\/\\\/www.mexicanguitarplayers.com\\\/#organization\",\"name\":\"Mexican Guitar Players\",\"url\":\"https:\\\/\\\/www.mexicanguitarplayers.com\\\/\",\"logo\":{\"@type\":\"ImageObject\",\"inLanguage\":\"en-US\",\"@id\":\"https:\\\/\\\/www.mexicanguitarplayers.com\\\/#\\\/schema\\\/logo\\\/image\\\/\",\"url\":\"\",\"contentUrl\":\"\",\"caption\":\"Mexican Guitar Players\"},\"image\":{\"@id\":\"https:\\\/\\\/www.mexicanguitarplayers.com\\\/#\\\/schema\\\/logo\\\/image\\\/\"}}]}<\/script>\n<!-- \/ Yoast SEO plugin. -->","yoast_head_json":{"title":"ESTUCHE GATOR P\/GUITARRA GL-CLASSIC - Mexican Guitar Players","description":"Estuche h\u00edbrido ligero para guitarra cl\u00e1sica, ofrece la portabilidad de una funda y la protecci\u00f3n de un estuche r\u00edgido, exterior de nylon Denier 600 que forma un escudo duradero y es resistente al agua, n\u00facleo de espuma EPS denso y forro de felpa que mantienen tu guitarra a salvo de golpes y rasgu\u00f1os, dos espaciosos compartimentos internos de almacenamiento que ofrecen escondites seguros para capos, cuerdas, p\u00faas y peque\u00f1os accesorios, asa de transporte de nylon de alta resistencia que brinda un agarre firme, correa extra\u00edble para hombro que hace que sea c\u00f3modo y f\u00e1cil llevar tu estuche.","robots":{"index":"index","follow":"follow","max-snippet":"max-snippet:-1","max-image-preview":"max-image-preview:large","max-video-preview":"max-video-preview:-1"},"canonical":"https:\/\/www.mexicanguitarplayers.com\/en\/tienda\/sin categor\u00eda\/estuche-gator-p-guitarra-gl-classic\/","og_locale":"en_US","og_type":"article","og_title":"ESTUCHE GATOR P\/GUITARRA GL-CLASSIC - Mexican Guitar Players","og_description":"Estuche h\u00edbrido ligero para guitarra cl\u00e1sica, ofrece la portabilidad de una funda y la protecci\u00f3n de un estuche r\u00edgido, exterior de nylon Denier 600 que forma un escudo duradero y es resistente al agua, n\u00facleo de espuma EPS denso y forro de felpa que mantienen tu guitarra a salvo de golpes y rasgu\u00f1os, dos espaciosos compartimentos internos de almacenamiento que ofrecen escondites seguros para capos, cuerdas, p\u00faas y peque\u00f1os accesorios, asa de transporte de nylon de alta resistencia que brinda un agarre firme, correa extra\u00edble para hombro que hace que sea c\u00f3modo y f\u00e1cil llevar tu estuche.","og_url":"https:\/\/www.mexicanguitarplayers.com\/en\/tienda\/sin categor\u00eda\/estuche-gator-p-guitarra-gl-classic\/","og_site_name":"Mexican Guitar Players","article_modified_time":"2026-05-01T13:28:56+00:00","twitter_card":"summary_large_image","twitter_misc":{"Est. reading time":"1 minute"},"schema":{"@context":"https:\/\/schema.org","@graph":[{"@type":["WebPage","ItemPage"],"@id":"https:\/\/www.mexicanguitarplayers.com\/tienda\/sin categor\u00eda\/estuche-gator-p-guitarra-gl-classic\/","url":"https:\/\/www.mexicanguitarplayers.com\/tienda\/sin categor\u00eda\/estuche-gator-p-guitarra-gl-classic\/","name":"ESTUCHE GATOR P\/GUITARRA GL-CLASSIC - Mexican Guitar Players","isPartOf":{"@id":"https:\/\/www.mexicanguitarplayers.com\/#website"},"primaryImageOfPage":{"@id":"https:\/\/www.mexicanguitarplayers.com\/tienda\/sin categor\u00eda\/estuche-gator-p-guitarra-gl-classic\/#primaryimage"},"image":{"@id":"https:\/\/www.mexicanguitarplayers.com\/tienda\/sin categor\u00eda\/estuche-gator-p-guitarra-gl-classic\/#primaryimage"},"thumbnailUrl":"https:\/\/www.mexicanguitarplayers.com\/wp-content\/uploads\/2025\/04\/VAGATGLCLASSIC.jpg","datePublished":"2025-04-06T22:32:47+00:00","dateModified":"2026-05-01T13:28:56+00:00","description":"Estuche h\u00edbrido ligero para guitarra cl\u00e1sica, ofrece la portabilidad de una funda y la protecci\u00f3n de un estuche r\u00edgido, exterior de nylon Denier 600 que forma un escudo duradero y es resistente al agua, n\u00facleo de espuma EPS denso y forro de felpa que mantienen tu guitarra a salvo de golpes y rasgu\u00f1os, dos espaciosos compartimentos internos de almacenamiento que ofrecen escondites seguros para capos, cuerdas, p\u00faas y peque\u00f1os accesorios, asa de transporte de nylon de alta resistencia que brinda un agarre firme, correa extra\u00edble para hombro que hace que sea c\u00f3modo y f\u00e1cil llevar tu estuche.","breadcrumb":{"@id":"https:\/\/www.mexicanguitarplayers.com\/tienda\/sin categor\u00eda\/estuche-gator-p-guitarra-gl-classic\/#breadcrumb"},"inLanguage":"en-US","potentialAction":[{"@type":"ReadAction","target":["https:\/\/www.mexicanguitarplayers.com\/tienda\/sin categor\u00eda\/estuche-gator-p-guitarra-gl-classic\/"]}]},{"@type":"ImageObject","inLanguage":"en-US","@id":"https:\/\/www.mexicanguitarplayers.com\/tienda\/sin categor\u00eda\/estuche-gator-p-guitarra-gl-classic\/#primaryimage","url":"https:\/\/www.mexicanguitarplayers.com\/wp-content\/uploads\/2025\/04\/VAGATGLCLASSIC.jpg","contentUrl":"https:\/\/www.mexicanguitarplayers.com\/wp-content\/uploads\/2025\/04\/VAGATGLCLASSIC.jpg","width":800,"height":1600},{"@type":"BreadcrumbList","@id":"https:\/\/www.mexicanguitarplayers.com\/tienda\/sin categor\u00eda\/estuche-gator-p-guitarra-gl-classic\/#breadcrumb","itemListElement":[{"@type":"ListItem","position":1,"name":"Portada","item":"https:\/\/www.mexicanguitarplayers.com\/"},{"@type":"ListItem","position":2,"name":"Tienda","item":"https:\/\/www.mexicanguitarplayers.com\/tienda\/"},{"@type":"ListItem","position":3,"name":"ESTUCHE GATOR P\/GUITARRA GL-CLASSIC"}]},{"@type":"WebSite","@id":"https:\/\/www.mexicanguitarplayers.com\/#website","url":"https:\/\/www.mexicanguitarplayers.com\/","name":"Mexican Guitar Players","description":"Website","publisher":{"@id":"https:\/\/www.mexicanguitarplayers.com\/#organization"},"potentialAction":[{"@type":"SearchAction","target":{"@type":"EntryPoint","urlTemplate":"https:\/\/www.mexicanguitarplayers.com\/?s={search_term_string}"},"query-input":{"@type":"PropertyValueSpecification","valueRequired":true,"valueName":"search_term_string"}}],"inLanguage":"en-US"},{"@type":"Organization","@id":"https:\/\/www.mexicanguitarplayers.com\/#organization","name":"Mexican Guitar Players","url":"https:\/\/www.mexicanguitarplayers.com\/","logo":{"@type":"ImageObject","inLanguage":"en-US","@id":"https:\/\/www.mexicanguitarplayers.com\/#\/schema\/logo\/image\/","url":"","contentUrl":"","caption":"Mexican Guitar Players"},"image":{"@id":"https:\/\/www.mexicanguitarplayers.com\/#\/schema\/logo\/image\/"}}]}},"brands":[{"id":572,"name":"GATOR","slug":"gator"}],"_links":{"self":[{"href":"https:\/\/www.mexicanguitarplayers.com\/en\/wp-json\/wp\/v2\/product\/25852","targetHints":{"allow":["GET"]}}],"collection":[{"href":"https:\/\/www.mexicanguitarplayers.com\/en\/wp-json\/wp\/v2\/product"}],"about":[{"href":"https:\/\/www.mexicanguitarplayers.com\/en\/wp-json\/wp\/v2\/types\/product"}],"replies":[{"embeddable":true,"href":"https:\/\/www.mexicanguitarplayers.com\/en\/wp-json\/wp\/v2\/comments?post=25852"}],"wp:featuredmedia":[{"embeddable":true,"href":"https:\/\/www.mexicanguitarplayers.com\/en\/wp-json\/wp\/v2\/media\/25841"}],"wp:attachment":[{"href":"https:\/\/www.mexicanguitarplayers.com\/en\/wp-json\/wp\/v2\/media?parent=25852"}],"wp:term":[{"taxonomy":"pwb-brand","embeddable":true,"href":"https:\/\/www.mexicanguitarplayers.com\/en\/wp-json\/wp\/v2\/pwb-brand?post=25852"},{"taxonomy":"product_brand","embeddable":true,"href":"https:\/\/www.mexicanguitarplayers.com\/en\/wp-json\/wp\/v2\/product_brand?post=25852"},{"taxonomy":"product_cat","embeddable":true,"href":"https:\/\/www.mexicanguitarplayers.com\/en\/wp-json\/wp\/v2\/product_cat?post=25852"},{"taxonomy":"product_tag","embeddable":true,"href":"https:\/\/www.mexicanguitarplayers.com\/en\/wp-json\/wp\/v2\/product_tag?post=25852"}],"curies":[{"name":"wp","href":"https:\/\/api.w.org\/{rel}","templated":true}]}}