{"id":25892,"date":"2025-04-06T16:35:20","date_gmt":"2025-04-06T22:35:20","guid":{"rendered":"https:\/\/www.mexicanguitarplayers.com\/tienda\/sin categor\u00eda\/bafle-audiocenter-mod-k-la218-dsp-ac-iii\/"},"modified":"2026-04-11T04:15:30","modified_gmt":"2026-04-11T10:15:30","slug":"bafle-audiocenter-mod-k-la218-dsp-ac-iii","status":"publish","type":"product","link":"https:\/\/www.mexicanguitarplayers.com\/en\/tienda\/audio\/bafles-y-bocinas\/bafles\/bafles-pasivos\/bafle-audiocenter-mod-k-la218-dsp-ac-iii\/","title":{"rendered":"BAFLE AUDIOCENTER MOD. K-LA218-DSP-AC III"},"content":{"rendered":"<div style=\"text-align: justify\">\n<div>\n<h3>Simplicidad en configuraci\u00f3n y operaci\u00f3n.<\/h3>\n<\/div>\n<div>Los sistemas lineales K-LA de Audiocenter ofrecen la m\u00e1xima simplicidad en configuraci\u00f3n y operaci\u00f3n. Un sistema compacto y portable para renta, instalaci\u00f3n y touring que ofrece una tecnolog\u00eda de arreglo lineal para una facilidad accesible de uso y precio. Un sonido din\u00e1mico bien embalado en un tama\u00f1o compacto por el precio correcto. Esto es la serie K-LA. <\/div>\n<div>\n<h4>Quick look<\/h4>\n<\/div>\n<ul style=\"margin: 0px 0px 0px 25px\">\n<li style=\"list-style-type: circle;margin: 5px\">Respuesta de frecuencia<\/li>\n<li style=\"list-style-type: circle;margin: 5px\">SPL m\u00e1ximo<\/li>\n<li style=\"list-style-type: circle;margin: 5px\">Driver LF<\/li>\n<li style=\"list-style-type: circle;margin: 5px\">Crossover y pendiente<\/li>\n<li style=\"list-style-type: circle;margin: 5px\">Conector de E\/S de se\u00f1al<\/li>\n<li style=\"list-style-type: circle;margin: 5px\">Conector de E\/S de potencia<\/li>\n<li style=\"list-style-type: circle;margin: 5px\">Operating voltage<\/li>\n<li style=\"list-style-type: circle;margin: 5px\">Distorsi\u00f3n media <\/li>\n<li style=\"list-style-type: circle;margin: 5px\">Distorsi\u00f3n media <\/li>\n<li style=\"list-style-type: circle;margin: 5px\">Enfriamiento<\/li>\n<li style=\"list-style-type: circle;margin: 5px\">Procesador DSP<\/li>\n<li style=\"list-style-type: circle;margin: 5px\">Amplificador<\/li>\n<li style=\"list-style-type: circle;margin: 5px\">Protecci\u00f3n<\/li>\n<li style=\"list-style-type: circle;margin: 5px\">Gabinete<\/li>\n<li style=\"list-style-type: circle;margin: 5px\">Terminado<\/li>\n<li style=\"list-style-type: circle;margin: 5px\">Dimensions.<\/li>\n<li style=\"list-style-type: circle;margin: 5px\">Weight<\/li>\n<\/ul>\n<div>\n<div style=\"font-weight: bold\">Respuesta de frecuencia<\/div>\n<div>\n<p>32 Hz &#8211; 300 Hz<\/p>\n<\/div>\n<div style=\"font-weight: bold\">SPL m\u00e1ximo<\/div>\n<div>\n<p>Continuo: 134 dB. Programa: 137 dB. Pico: 140 dB. <\/p>\n<\/div>\n<div style=\"font-weight: bold\">Driver LF<\/div>\n<div>\n<p>Driver Beyma personalizado de ferrita con bobina m\u00f3vil de 4&#8243; pulgadas.<\/p>\n<\/div>\n<div style=\"font-weight: bold\">Crossover y pendiente<\/div>\n<div>\n<p>Controlado por DSP<\/p>\n<\/div>\n<div style=\"font-weight: bold\">Conector de E\/S de se\u00f1al<\/div>\n<div>\n<p>Entrada XLR hembra, salida XLR macho.<\/p>\n<\/div>\n<div style=\"font-weight: bold\">Conector de E\/S de potencia<\/div>\n<div>\n<p>Powercon NAC3MPA \/ NAC3MPB<\/p>\n<\/div>\n<div style=\"font-weight: bold\">Operating voltage<\/div>\n<div>\n<p>100V &#8211; 130V AC 50\/60 Hz<\/p>\n<\/div>\n<div style=\"font-weight: bold\">Distorsi\u00f3n media <\/div>\n<div>\n<p>H2 (200 Hz &#8211; 10 kHz).&lt;1.8% a 1 watt.<\/p>\n<\/div>\n<div style=\"font-weight: bold\">Distorsi\u00f3n media <\/div>\n<div>\n<p>H3 (200 Hz &#8211; 10 kHz).&lt; 0.3% a 1 watt<\/p>\n<\/div>\n<div style=\"font-weight: bold\">Enfriamiento<\/div>\n<div>\n<p>Enfriamiento con ventiladores<\/p>\n<\/div>\n<div style=\"font-weight: bold\">Procesador DSP<\/div>\n<div>\n<p>Se\u00f1al de frecuencia de muestreo de 48 kHz, precisi\u00f3n de 56 bits.<\/p>\n<\/div>\n<div style=\"font-weight: bold\">Amplificador<\/div>\n<div>\n<p>Clase D. Potencia AES: 2800 watts. Respuesta de frecuencia: 20 Hz &#8211; 20 kHz (+- 1 dB). Distorsi\u00f3n de intermodulaci\u00f3n: &lt;0.05% Distorsi\u00f3n arm\u00f3nica total a 4O de potencia nominal (-3 dB): &lt;0.05% <\/p>\n<\/div>\n<div style=\"font-weight: bold\">Protecci\u00f3n<\/div>\n<div>\n<p>Protecci\u00f3n DC: +- 3V. Corto circuito. Sobrecalentamiento: 85 C. Sobrecarga. Arranque suave. Bajo voltaje. <\/p>\n<\/div>\n<div style=\"font-weight: bold\">Gabinete<\/div>\n<div>\n<p>CNC de abedul ruso de alta densidad<\/p>\n<\/div>\n<div style=\"font-weight: bold\">Terminado<\/div>\n<div>\n<p>Pintura en spray amigable con el medio ambiente<\/p>\n<\/div>\n<div style=\"font-weight: bold\">Dimensions.<\/div>\n<div>\n<p>984 \u00d7 650 \u00d7 760 mm<\/p>\n<\/div>\n<div style=\"font-weight: bold\">Weight<\/div>\n<div>\n<p>95 kg<\/p>\n<\/div>\n<\/div>\n<div>\n<h4>Characteristics<\/h4>\n<\/div>\n<div>\n<ul style=\"margin: 0px 0px 0px 25px\">\n<li style=\"list-style-type: circle;margin: 5px\">Dise\u00f1o<\/li>\n<\/ul>\n<\/div>\n<\/div>","protected":false},"excerpt":{"rendered":"<p>Bafle activo para lineal, potencia AES: 2800 watts, respuesta de frecuencia (-6dB c\u00e1mara anecr\u00f3ica): 32 Hz &#8211; 300 Hz, distorsi\u00f3n media H2: &lt;1.8% a 1 watt, distorsi\u00f3n media H3: &lt; 0.3% a 1 watt, driver LF: Driver Beyma personalizado de ferrita con bobina m\u00f3vil de 4\u201d pulgadas, conector de E\/S de se\u00f1al: entrada XLR hembra, salidaXLR macho, conector de E\/S de potencia: Powercon NAC3MPA \/ NAC3MPB, gabinete CNCde abedul ruso de alta densidad, terminado con pintura en spray amigable con el medio ambiente, dimensiones: 984 \u00d7 650 \u00d7 760 mm, peso: 95 kg. Incluye un nuevo recubrimiento, cubrepolvo y agarraderas de metal.&hellip; <a class=\"kt-excerpt-readmore more-link\" href=\"https:\/\/www.mexicanguitarplayers.com\/en\/tienda\/audio\/bafles-y-bocinas\/bafles\/bafles-pasivos\/bafle-audiocenter-mod-k-la218-dsp-ac-iii\/\">Read more<\/a><\/p>","protected":false},"featured_media":25882,"comment_status":"open","ping_status":"closed","template":"","meta":{"kt_blocks_editor_width":""},"pwb-brand":[525],"product_brand":[],"product_cat":[213,222,223,221],"product_tag":[],"class_list":{"0":"post-25892","1":"product","2":"type-product","3":"status-publish","4":"has-post-thumbnail","6":"pwb-brand-audiocenter","7":"product_cat-audio","8":"product_cat-bafles","9":"product_cat-bafles-pasivos","10":"product_cat-bafles-y-bocinas","12":"first","13":"outofstock","14":"taxable","15":"shipping-taxable","16":"purchasable","17":"product-type-simple"},"yoast_head":"<!-- This site is optimized with the Yoast SEO plugin v27.5 - https:\/\/yoast.com\/product\/yoast-seo-wordpress\/ -->\n<title>BAFLE AUDIOCENTER MOD. K-LA218-DSP-AC III - Mexican Guitar Players<\/title>\n<meta name=\"description\" content=\"Bafle activo para lineal, potencia AES: 2800 watts, respuesta de frecuencia (-6dB c\u00e1mara anecr\u00f3ica): 32 Hz - 300 Hz, distorsi\u00f3n media H2: &lt;1.8% a 1 watt, distorsi\u00f3n media H3: &lt; 0.3% a 1 watt, driver LF: Driver Beyma personalizado de ferrita con bobina m\u00f3vil de 4\u201d pulgadas, conector de E\/S de se\u00f1al: entrada XLR hembra, salidaXLR macho, conector de E\/S de potencia: Powercon NAC3MPA \/ NAC3MPB, gabinete CNCde abedul ruso de alta densidad, terminado con pintura en spray amigable con el medio ambiente, dimensiones: 984 \u00d7 650 \u00d7 760 mm, peso: 95 kg. Incluye un nuevo recubrimiento, cubrepolvo y agarraderas de metal.\" \/>\n<meta name=\"robots\" content=\"index, follow, max-snippet:-1, max-image-preview:large, max-video-preview:-1\" \/>\n<link rel=\"canonical\" href=\"https:\/\/www.mexicanguitarplayers.com\/en\/tienda\/sin%20categor\u00eda\/bafle-audiocenter-mod-k-la218-dsp-ac-iii\/\" \/>\n<meta property=\"og:locale\" content=\"en_US\" \/>\n<meta property=\"og:type\" content=\"article\" \/>\n<meta property=\"og:title\" content=\"BAFLE AUDIOCENTER MOD. K-LA218-DSP-AC III - Mexican Guitar Players\" \/>\n<meta property=\"og:description\" content=\"Bafle activo para lineal, potencia AES: 2800 watts, respuesta de frecuencia (-6dB c\u00e1mara anecr\u00f3ica): 32 Hz - 300 Hz, distorsi\u00f3n media H2: &lt;1.8% a 1 watt, distorsi\u00f3n media H3: &lt; 0.3% a 1 watt, driver LF: Driver Beyma personalizado de ferrita con bobina m\u00f3vil de 4\u201d pulgadas, conector de E\/S de se\u00f1al: entrada XLR hembra, salidaXLR macho, conector de E\/S de potencia: Powercon NAC3MPA \/ NAC3MPB, gabinete CNCde abedul ruso de alta densidad, terminado con pintura en spray amigable con el medio ambiente, dimensiones: 984 \u00d7 650 \u00d7 760 mm, peso: 95 kg. Incluye un nuevo recubrimiento, cubrepolvo y agarraderas de metal.\" \/>\n<meta property=\"og:url\" content=\"https:\/\/www.mexicanguitarplayers.com\/en\/tienda\/sin categor\u00eda\/bafle-audiocenter-mod-k-la218-dsp-ac-iii\/\" \/>\n<meta property=\"og:site_name\" content=\"Mexican Guitar Players\" \/>\n<meta property=\"article:modified_time\" content=\"2026-04-11T10:15:30+00:00\" \/>\n<meta name=\"twitter:card\" content=\"summary_large_image\" \/>\n<meta name=\"twitter:label1\" content=\"Est. reading time\" \/>\n\t<meta name=\"twitter:data1\" content=\"1 minute\" \/>\n<script type=\"application\/ld+json\" class=\"yoast-schema-graph\">{\"@context\":\"https:\\\/\\\/schema.org\",\"@graph\":[{\"@type\":[\"WebPage\",\"ItemPage\"],\"@id\":\"https:\\\/\\\/www.mexicanguitarplayers.com\\\/tienda\\\/sin categor\u00eda\\\/bafle-audiocenter-mod-k-la218-dsp-ac-iii\\\/\",\"url\":\"https:\\\/\\\/www.mexicanguitarplayers.com\\\/tienda\\\/sin categor\u00eda\\\/bafle-audiocenter-mod-k-la218-dsp-ac-iii\\\/\",\"name\":\"BAFLE AUDIOCENTER MOD. K-LA218-DSP-AC III - Mexican Guitar Players\",\"isPartOf\":{\"@id\":\"https:\\\/\\\/www.mexicanguitarplayers.com\\\/#website\"},\"primaryImageOfPage\":{\"@id\":\"https:\\\/\\\/www.mexicanguitarplayers.com\\\/tienda\\\/sin categor\u00eda\\\/bafle-audiocenter-mod-k-la218-dsp-ac-iii\\\/#primaryimage\"},\"image\":{\"@id\":\"https:\\\/\\\/www.mexicanguitarplayers.com\\\/tienda\\\/sin categor\u00eda\\\/bafle-audiocenter-mod-k-la218-dsp-ac-iii\\\/#primaryimage\"},\"thumbnailUrl\":\"https:\\\/\\\/www.mexicanguitarplayers.com\\\/wp-content\\\/uploads\\\/2025\\\/04\\\/IAACTKLA218III.jpg\",\"datePublished\":\"2025-04-06T22:35:20+00:00\",\"dateModified\":\"2026-04-11T10:15:30+00:00\",\"description\":\"Bafle activo para lineal, potencia AES: 2800 watts, respuesta de frecuencia (-6dB c\u00e1mara anecr\u00f3ica): 32 Hz - 300 Hz, distorsi\u00f3n media H2: &lt;1.8% a 1 watt, distorsi\u00f3n media H3: &lt; 0.3% a 1 watt, driver LF: Driver Beyma personalizado de ferrita con bobina m\u00f3vil de 4\u201d pulgadas, conector de E\\\/S de se\u00f1al: entrada XLR hembra, salidaXLR macho, conector de E\\\/S de potencia: Powercon NAC3MPA \\\/ NAC3MPB, gabinete CNCde abedul ruso de alta densidad, terminado con pintura en spray amigable con el medio ambiente, dimensiones: 984 \u00d7 650 \u00d7 760 mm, peso: 95 kg. Incluye un nuevo recubrimiento, cubrepolvo y agarraderas de metal.\",\"breadcrumb\":{\"@id\":\"https:\\\/\\\/www.mexicanguitarplayers.com\\\/tienda\\\/sin categor\u00eda\\\/bafle-audiocenter-mod-k-la218-dsp-ac-iii\\\/#breadcrumb\"},\"inLanguage\":\"en-US\",\"potentialAction\":[{\"@type\":\"ReadAction\",\"target\":[\"https:\\\/\\\/www.mexicanguitarplayers.com\\\/tienda\\\/sin categor\u00eda\\\/bafle-audiocenter-mod-k-la218-dsp-ac-iii\\\/\"]}]},{\"@type\":\"ImageObject\",\"inLanguage\":\"en-US\",\"@id\":\"https:\\\/\\\/www.mexicanguitarplayers.com\\\/tienda\\\/sin categor\u00eda\\\/bafle-audiocenter-mod-k-la218-dsp-ac-iii\\\/#primaryimage\",\"url\":\"https:\\\/\\\/www.mexicanguitarplayers.com\\\/wp-content\\\/uploads\\\/2025\\\/04\\\/IAACTKLA218III.jpg\",\"contentUrl\":\"https:\\\/\\\/www.mexicanguitarplayers.com\\\/wp-content\\\/uploads\\\/2025\\\/04\\\/IAACTKLA218III.jpg\",\"width\":1600,\"height\":800},{\"@type\":\"BreadcrumbList\",\"@id\":\"https:\\\/\\\/www.mexicanguitarplayers.com\\\/tienda\\\/sin categor\u00eda\\\/bafle-audiocenter-mod-k-la218-dsp-ac-iii\\\/#breadcrumb\",\"itemListElement\":[{\"@type\":\"ListItem\",\"position\":1,\"name\":\"Portada\",\"item\":\"https:\\\/\\\/www.mexicanguitarplayers.com\\\/\"},{\"@type\":\"ListItem\",\"position\":2,\"name\":\"Tienda\",\"item\":\"https:\\\/\\\/www.mexicanguitarplayers.com\\\/tienda\\\/\"},{\"@type\":\"ListItem\",\"position\":3,\"name\":\"BAFLE AUDIOCENTER MOD. K-LA218-DSP-AC III\"}]},{\"@type\":\"WebSite\",\"@id\":\"https:\\\/\\\/www.mexicanguitarplayers.com\\\/#website\",\"url\":\"https:\\\/\\\/www.mexicanguitarplayers.com\\\/\",\"name\":\"Mexican Guitar Players\",\"description\":\"Website\",\"publisher\":{\"@id\":\"https:\\\/\\\/www.mexicanguitarplayers.com\\\/#organization\"},\"potentialAction\":[{\"@type\":\"SearchAction\",\"target\":{\"@type\":\"EntryPoint\",\"urlTemplate\":\"https:\\\/\\\/www.mexicanguitarplayers.com\\\/?s={search_term_string}\"},\"query-input\":{\"@type\":\"PropertyValueSpecification\",\"valueRequired\":true,\"valueName\":\"search_term_string\"}}],\"inLanguage\":\"en-US\"},{\"@type\":\"Organization\",\"@id\":\"https:\\\/\\\/www.mexicanguitarplayers.com\\\/#organization\",\"name\":\"Mexican Guitar Players\",\"url\":\"https:\\\/\\\/www.mexicanguitarplayers.com\\\/\",\"logo\":{\"@type\":\"ImageObject\",\"inLanguage\":\"en-US\",\"@id\":\"https:\\\/\\\/www.mexicanguitarplayers.com\\\/#\\\/schema\\\/logo\\\/image\\\/\",\"url\":\"\",\"contentUrl\":\"\",\"caption\":\"Mexican Guitar Players\"},\"image\":{\"@id\":\"https:\\\/\\\/www.mexicanguitarplayers.com\\\/#\\\/schema\\\/logo\\\/image\\\/\"}}]}<\/script>\n<!-- \/ Yoast SEO plugin. -->","yoast_head_json":{"title":"BAFLE AUDIOCENTER MOD. K-LA218-DSP-AC III - Mexican Guitar Players","description":"Bafle activo para lineal, potencia AES: 2800 watts, respuesta de frecuencia (-6dB c\u00e1mara anecr\u00f3ica): 32 Hz - 300 Hz, distorsi\u00f3n media H2: &lt;1.8% a 1 watt, distorsi\u00f3n media H3: &lt; 0.3% a 1 watt, driver LF: Driver Beyma personalizado de ferrita con bobina m\u00f3vil de 4\u201d pulgadas, conector de E\/S de se\u00f1al: entrada XLR hembra, salidaXLR macho, conector de E\/S de potencia: Powercon NAC3MPA \/ NAC3MPB, gabinete CNCde abedul ruso de alta densidad, terminado con pintura en spray amigable con el medio ambiente, dimensiones: 984 \u00d7 650 \u00d7 760 mm, peso: 95 kg. Incluye un nuevo recubrimiento, cubrepolvo y agarraderas de metal.","robots":{"index":"index","follow":"follow","max-snippet":"max-snippet:-1","max-image-preview":"max-image-preview:large","max-video-preview":"max-video-preview:-1"},"canonical":"https:\/\/www.mexicanguitarplayers.com\/en\/tienda\/sin categor\u00eda\/bafle-audiocenter-mod-k-la218-dsp-ac-iii\/","og_locale":"en_US","og_type":"article","og_title":"BAFLE AUDIOCENTER MOD. K-LA218-DSP-AC III - Mexican Guitar Players","og_description":"Bafle activo para lineal, potencia AES: 2800 watts, respuesta de frecuencia (-6dB c\u00e1mara anecr\u00f3ica): 32 Hz - 300 Hz, distorsi\u00f3n media H2: &lt;1.8% a 1 watt, distorsi\u00f3n media H3: &lt; 0.3% a 1 watt, driver LF: Driver Beyma personalizado de ferrita con bobina m\u00f3vil de 4\u201d pulgadas, conector de E\/S de se\u00f1al: entrada XLR hembra, salidaXLR macho, conector de E\/S de potencia: Powercon NAC3MPA \/ NAC3MPB, gabinete CNCde abedul ruso de alta densidad, terminado con pintura en spray amigable con el medio ambiente, dimensiones: 984 \u00d7 650 \u00d7 760 mm, peso: 95 kg. Incluye un nuevo recubrimiento, cubrepolvo y agarraderas de metal.","og_url":"https:\/\/www.mexicanguitarplayers.com\/en\/tienda\/sin categor\u00eda\/bafle-audiocenter-mod-k-la218-dsp-ac-iii\/","og_site_name":"Mexican Guitar Players","article_modified_time":"2026-04-11T10:15:30+00:00","twitter_card":"summary_large_image","twitter_misc":{"Est. reading time":"1 minute"},"schema":{"@context":"https:\/\/schema.org","@graph":[{"@type":["WebPage","ItemPage"],"@id":"https:\/\/www.mexicanguitarplayers.com\/tienda\/sin categor\u00eda\/bafle-audiocenter-mod-k-la218-dsp-ac-iii\/","url":"https:\/\/www.mexicanguitarplayers.com\/tienda\/sin categor\u00eda\/bafle-audiocenter-mod-k-la218-dsp-ac-iii\/","name":"BAFLE AUDIOCENTER MOD. K-LA218-DSP-AC III - Mexican Guitar Players","isPartOf":{"@id":"https:\/\/www.mexicanguitarplayers.com\/#website"},"primaryImageOfPage":{"@id":"https:\/\/www.mexicanguitarplayers.com\/tienda\/sin categor\u00eda\/bafle-audiocenter-mod-k-la218-dsp-ac-iii\/#primaryimage"},"image":{"@id":"https:\/\/www.mexicanguitarplayers.com\/tienda\/sin categor\u00eda\/bafle-audiocenter-mod-k-la218-dsp-ac-iii\/#primaryimage"},"thumbnailUrl":"https:\/\/www.mexicanguitarplayers.com\/wp-content\/uploads\/2025\/04\/IAACTKLA218III.jpg","datePublished":"2025-04-06T22:35:20+00:00","dateModified":"2026-04-11T10:15:30+00:00","description":"Bafle activo para lineal, potencia AES: 2800 watts, respuesta de frecuencia (-6dB c\u00e1mara anecr\u00f3ica): 32 Hz - 300 Hz, distorsi\u00f3n media H2: &lt;1.8% a 1 watt, distorsi\u00f3n media H3: &lt; 0.3% a 1 watt, driver LF: Driver Beyma personalizado de ferrita con bobina m\u00f3vil de 4\u201d pulgadas, conector de E\/S de se\u00f1al: entrada XLR hembra, salidaXLR macho, conector de E\/S de potencia: Powercon NAC3MPA \/ NAC3MPB, gabinete CNCde abedul ruso de alta densidad, terminado con pintura en spray amigable con el medio ambiente, dimensiones: 984 \u00d7 650 \u00d7 760 mm, peso: 95 kg. Incluye un nuevo recubrimiento, cubrepolvo y agarraderas de metal.","breadcrumb":{"@id":"https:\/\/www.mexicanguitarplayers.com\/tienda\/sin categor\u00eda\/bafle-audiocenter-mod-k-la218-dsp-ac-iii\/#breadcrumb"},"inLanguage":"en-US","potentialAction":[{"@type":"ReadAction","target":["https:\/\/www.mexicanguitarplayers.com\/tienda\/sin categor\u00eda\/bafle-audiocenter-mod-k-la218-dsp-ac-iii\/"]}]},{"@type":"ImageObject","inLanguage":"en-US","@id":"https:\/\/www.mexicanguitarplayers.com\/tienda\/sin categor\u00eda\/bafle-audiocenter-mod-k-la218-dsp-ac-iii\/#primaryimage","url":"https:\/\/www.mexicanguitarplayers.com\/wp-content\/uploads\/2025\/04\/IAACTKLA218III.jpg","contentUrl":"https:\/\/www.mexicanguitarplayers.com\/wp-content\/uploads\/2025\/04\/IAACTKLA218III.jpg","width":1600,"height":800},{"@type":"BreadcrumbList","@id":"https:\/\/www.mexicanguitarplayers.com\/tienda\/sin categor\u00eda\/bafle-audiocenter-mod-k-la218-dsp-ac-iii\/#breadcrumb","itemListElement":[{"@type":"ListItem","position":1,"name":"Portada","item":"https:\/\/www.mexicanguitarplayers.com\/"},{"@type":"ListItem","position":2,"name":"Tienda","item":"https:\/\/www.mexicanguitarplayers.com\/tienda\/"},{"@type":"ListItem","position":3,"name":"BAFLE AUDIOCENTER MOD. K-LA218-DSP-AC III"}]},{"@type":"WebSite","@id":"https:\/\/www.mexicanguitarplayers.com\/#website","url":"https:\/\/www.mexicanguitarplayers.com\/","name":"Mexican Guitar Players","description":"Website","publisher":{"@id":"https:\/\/www.mexicanguitarplayers.com\/#organization"},"potentialAction":[{"@type":"SearchAction","target":{"@type":"EntryPoint","urlTemplate":"https:\/\/www.mexicanguitarplayers.com\/?s={search_term_string}"},"query-input":{"@type":"PropertyValueSpecification","valueRequired":true,"valueName":"search_term_string"}}],"inLanguage":"en-US"},{"@type":"Organization","@id":"https:\/\/www.mexicanguitarplayers.com\/#organization","name":"Mexican Guitar Players","url":"https:\/\/www.mexicanguitarplayers.com\/","logo":{"@type":"ImageObject","inLanguage":"en-US","@id":"https:\/\/www.mexicanguitarplayers.com\/#\/schema\/logo\/image\/","url":"","contentUrl":"","caption":"Mexican Guitar Players"},"image":{"@id":"https:\/\/www.mexicanguitarplayers.com\/#\/schema\/logo\/image\/"}}]}},"brands":[{"id":525,"name":"AUDIOCENTER","slug":"audiocenter"}],"_links":{"self":[{"href":"https:\/\/www.mexicanguitarplayers.com\/en\/wp-json\/wp\/v2\/product\/25892","targetHints":{"allow":["GET"]}}],"collection":[{"href":"https:\/\/www.mexicanguitarplayers.com\/en\/wp-json\/wp\/v2\/product"}],"about":[{"href":"https:\/\/www.mexicanguitarplayers.com\/en\/wp-json\/wp\/v2\/types\/product"}],"replies":[{"embeddable":true,"href":"https:\/\/www.mexicanguitarplayers.com\/en\/wp-json\/wp\/v2\/comments?post=25892"}],"wp:featuredmedia":[{"embeddable":true,"href":"https:\/\/www.mexicanguitarplayers.com\/en\/wp-json\/wp\/v2\/media\/25882"}],"wp:attachment":[{"href":"https:\/\/www.mexicanguitarplayers.com\/en\/wp-json\/wp\/v2\/media?parent=25892"}],"wp:term":[{"taxonomy":"pwb-brand","embeddable":true,"href":"https:\/\/www.mexicanguitarplayers.com\/en\/wp-json\/wp\/v2\/pwb-brand?post=25892"},{"taxonomy":"product_brand","embeddable":true,"href":"https:\/\/www.mexicanguitarplayers.com\/en\/wp-json\/wp\/v2\/product_brand?post=25892"},{"taxonomy":"product_cat","embeddable":true,"href":"https:\/\/www.mexicanguitarplayers.com\/en\/wp-json\/wp\/v2\/product_cat?post=25892"},{"taxonomy":"product_tag","embeddable":true,"href":"https:\/\/www.mexicanguitarplayers.com\/en\/wp-json\/wp\/v2\/product_tag?post=25892"}],"curies":[{"name":"wp","href":"https:\/\/api.w.org\/{rel}","templated":true}]}}