{"id":25911,"date":"2025-04-06T16:36:12","date_gmt":"2025-04-06T22:36:12","guid":{"rendered":"https:\/\/www.mexicanguitarplayers.com\/tienda\/sin categor\u00eda\/bafle-turbosound-c-poder-mod-iq10\/"},"modified":"2026-03-10T16:16:18","modified_gmt":"2026-03-10T22:16:18","slug":"bafle-turbosound-c-poder-mod-iq10","status":"publish","type":"product","link":"https:\/\/www.mexicanguitarplayers.com\/en\/tienda\/audio\/bafles-y-bocinas\/bafles\/bafles-activos\/bafle-turbosound-c-poder-mod-iq10\/","title":{"rendered":"BAFLE TURBOSOUND C\/PODER MOD. IQ10"},"content":{"rendered":"<div style=\"text-align: justify\">\n<div>\n<h3>Una gran potencia con una incre\u00edble claridad.<\/h3>\n<\/div>\n<div>El IQ10 es un bafle activo de 2500 watts de 2 v\u00edas, ideal para una amplia gama de aplicaciones port\u00e1tiles y fijas, m\u00fasica y aplicaciones de refuerzo vocal. Cuenta con un woofer de 10&#8243; pulgadas con una bobina m\u00f3vil de baja masa para mejorar la respuesta transitoria y un driver de compresi\u00f3n de 1&#8243; pulgada con bobina m\u00f3vil de aluminio chapada en cobre para una reproducci\u00f3n de alta frecuencia extendida. Equipado con un amplificador KLARK TEKNIK Clase D de alta eficiencia y peso ligero de 2 canales, el IQ10 ofrece una impresionante potencia de 2,500 watts de salida. Un alto grado de control sobre el desempe\u00f1o del sistema de altavoces es gestionado por un procesador KLARK TEKNIK de se\u00f1al digital (DSP) sofisticado pero de uso sencillo, que proporciona un ecualizador din\u00e1mico para una notable respuesta de rango completo y un limitador transparente para ofrecer lo \u00faltimo en claridad a niveles altos de salida y fiabilidad a largo plazo. El modelado de altavoces del IQ10 incluye modelos detallados y precisos de algunos de los altavoces m\u00e1s respetados en la industria del audio.<\/div>\n<div>\n<h4>Quick look<\/h4>\n<\/div>\n<ul style=\"margin: 0px 0px 0px 25px\">\n<li style=\"list-style-type: circle;margin: 5px\">Tipo de sistema.<\/li>\n<li style=\"list-style-type: circle;margin: 5px\">Configuraci\u00f3n de potencia.<\/li>\n<li style=\"list-style-type: circle;margin: 5px\">Speakers.<\/li>\n<li style=\"list-style-type: circle;margin: 5px\">Potencia de amplificador.<\/li>\n<li style=\"list-style-type: circle;margin: 5px\">Rango de frecuencia.<\/li>\n<li style=\"list-style-type: circle;margin: 5px\">Maximum SPL.<\/li>\n<li style=\"list-style-type: circle;margin: 5px\">Material del gabinete.<\/li>\n<li style=\"list-style-type: circle;margin: 5px\">Opciones de montaje.<\/li>\n<li style=\"list-style-type: circle;margin: 5px\">Tickets.<\/li>\n<li style=\"list-style-type: circle;margin: 5px\">Departures.<\/li>\n<li style=\"list-style-type: circle;margin: 5px\">Dimensions.<\/li>\n<li style=\"list-style-type: circle;margin: 5px\">Weight.<\/li>\n<\/ul>\n<div>\n<div style=\"font-weight: bold\">Tipo de sistema.<\/div>\n<div>\n<p>Bafle activo de 2 v\u00edas.<\/p>\n<\/div>\n<div style=\"font-weight: bold\">Configuraci\u00f3n de potencia.<\/div>\n<div>\n<p>Biamplificado.<\/p>\n<\/div>\n<div style=\"font-weight: bold\">Speakers.<\/div>\n<div>\n<p>Woofer de 10&#8243; pulgadas. Driver de compresi\u00f3n de 1&#8243; pulgada.<\/p>\n<\/div>\n<div style=\"font-weight: bold\">Potencia de amplificador.<\/div>\n<div>\n<p>2500 watts (Clase D).<\/p>\n<\/div>\n<div style=\"font-weight: bold\">Rango de frecuencia.<\/div>\n<div>\n<p>50 Hz &#8211; 20 kHz (-10 dB).<\/p>\n<\/div>\n<div style=\"font-weight: bold\">Maximum SPL.<\/div>\n<div>\n<p>124 dB.<\/p>\n<\/div>\n<div style=\"font-weight: bold\">Material del gabinete.<\/div>\n<div>\n<p>Compuesto.<\/p>\n<\/div>\n<div style=\"font-weight: bold\">Opciones de montaje.<\/div>\n<div>\n<p>Polo, suelo.<\/p>\n<\/div>\n<div style=\"font-weight: bold\">Tickets.<\/div>\n<div>\n<p>2 XLR.<\/p>\n<\/div>\n<div style=\"font-weight: bold\">Departures.<\/div>\n<div>\n<p>3 XLR.<\/p>\n<\/div>\n<div style=\"font-weight: bold\">Dimensions.<\/div>\n<div>\n<p>525.7 x 325.1 x 317.5 mm.<\/p>\n<\/div>\n<div style=\"font-weight: bold\">Weight.<\/div>\n<div>\n<p>16.5 kg.<\/p>\n<\/div>\n<\/div>\n<\/div>","protected":false},"excerpt":{"rendered":"<p>Bafle activo de 2 v\u00edas, woofer de 10\u201d pulgadas con bobina m\u00f3vil de masa baja y driver de compresi\u00f3n de 1\u201d pulgada con bobina m\u00f3vil de aluminio, potencia: 2500 watts, rango de frecuencia: 50 Hz &#8211; 20 kHz (-10 dB), SPL m\u00e1ximo: 124 dB, tecnolog\u00eda Klark Teknik, Clase D, modelado de altavoces, SSC (Spatial Contour Control) para compensar respuesta de frecuencia en relaci\u00f3n con la ubicaci\u00f3n f\u00edsica de los altavoces, display LCD, software de control remoto descargable, gabinete de fibra de vidrio, rejilla de malla anti polvo, m\u00faltiples puntos de suspensi\u00f3n, conectores Neutrik de entrada y salida, fabricada en Inglaterra.&hellip; <a class=\"kt-excerpt-readmore more-link\" href=\"https:\/\/www.mexicanguitarplayers.com\/en\/tienda\/audio\/bafles-y-bocinas\/bafles\/bafles-activos\/bafle-turbosound-c-poder-mod-iq10\/\">Read more<\/a><\/p>","protected":false},"featured_media":25906,"comment_status":"open","ping_status":"closed","template":"","meta":{"kt_blocks_editor_width":""},"pwb-brand":[498],"product_brand":[],"product_cat":[213,222,472,221],"product_tag":[],"class_list":{"0":"post-25911","1":"product","2":"type-product","3":"status-publish","4":"has-post-thumbnail","6":"pwb-brand-turbosound","7":"product_cat-audio","8":"product_cat-bafles","9":"product_cat-bafles-activos","10":"product_cat-bafles-y-bocinas","11":"product_shipping_class-15-20-kg","13":"first","14":"outofstock","15":"taxable","16":"shipping-taxable","17":"purchasable","18":"product-type-simple"},"yoast_head":"<!-- This site is optimized with the Yoast SEO plugin v27.3 - https:\/\/yoast.com\/product\/yoast-seo-wordpress\/ -->\n<title>BAFLE TURBOSOUND C\/PODER MOD. IQ10 - Mexican Guitar Players<\/title>\n<meta name=\"description\" content=\"Bafle activo de 2 v\u00edas, woofer de 10\u201d pulgadas con bobina m\u00f3vil de masa baja y driver de compresi\u00f3n de 1\u201d pulgada con bobina m\u00f3vil de aluminio, potencia: 2500 watts, rango de frecuencia: 50 Hz - 20 kHz (-10 dB), SPL m\u00e1ximo: 124 dB, tecnolog\u00eda Klark Teknik, Clase D, modelado de altavoces, SSC (Spatial Contour Control) para compensar respuesta de frecuencia en relaci\u00f3n con la ubicaci\u00f3n f\u00edsica de los altavoces, display LCD, software de control remoto descargable, gabinete de fibra de vidrio, rejilla de malla anti polvo, m\u00faltiples puntos de suspensi\u00f3n, conectores Neutrik de entrada y salida, fabricada en Inglaterra.\" \/>\n<meta name=\"robots\" content=\"index, follow, max-snippet:-1, max-image-preview:large, max-video-preview:-1\" \/>\n<link rel=\"canonical\" href=\"https:\/\/www.mexicanguitarplayers.com\/en\/tienda\/sin%20categor\u00eda\/bafle-turbosound-c-poder-mod-iq10\/\" \/>\n<meta property=\"og:locale\" content=\"en_US\" \/>\n<meta property=\"og:type\" content=\"article\" \/>\n<meta property=\"og:title\" content=\"BAFLE TURBOSOUND C\/PODER MOD. IQ10 - Mexican Guitar Players\" \/>\n<meta property=\"og:description\" content=\"Bafle activo de 2 v\u00edas, woofer de 10\u201d pulgadas con bobina m\u00f3vil de masa baja y driver de compresi\u00f3n de 1\u201d pulgada con bobina m\u00f3vil de aluminio, potencia: 2500 watts, rango de frecuencia: 50 Hz - 20 kHz (-10 dB), SPL m\u00e1ximo: 124 dB, tecnolog\u00eda Klark Teknik, Clase D, modelado de altavoces, SSC (Spatial Contour Control) para compensar respuesta de frecuencia en relaci\u00f3n con la ubicaci\u00f3n f\u00edsica de los altavoces, display LCD, software de control remoto descargable, gabinete de fibra de vidrio, rejilla de malla anti polvo, m\u00faltiples puntos de suspensi\u00f3n, conectores Neutrik de entrada y salida, fabricada en Inglaterra.\" \/>\n<meta property=\"og:url\" content=\"https:\/\/www.mexicanguitarplayers.com\/en\/tienda\/sin categor\u00eda\/bafle-turbosound-c-poder-mod-iq10\/\" \/>\n<meta property=\"og:site_name\" content=\"Mexican Guitar Players\" \/>\n<meta property=\"article:modified_time\" content=\"2026-03-10T22:16:18+00:00\" \/>\n<meta name=\"twitter:card\" content=\"summary_large_image\" \/>\n<meta name=\"twitter:label1\" content=\"Est. reading time\" \/>\n\t<meta name=\"twitter:data1\" content=\"1 minute\" \/>\n<script type=\"application\/ld+json\" class=\"yoast-schema-graph\">{\"@context\":\"https:\\\/\\\/schema.org\",\"@graph\":[{\"@type\":[\"WebPage\",\"ItemPage\"],\"@id\":\"https:\\\/\\\/www.mexicanguitarplayers.com\\\/tienda\\\/sin categor\u00eda\\\/bafle-turbosound-c-poder-mod-iq10\\\/\",\"url\":\"https:\\\/\\\/www.mexicanguitarplayers.com\\\/tienda\\\/sin categor\u00eda\\\/bafle-turbosound-c-poder-mod-iq10\\\/\",\"name\":\"BAFLE TURBOSOUND C\\\/PODER MOD. IQ10 - Mexican Guitar Players\",\"isPartOf\":{\"@id\":\"https:\\\/\\\/www.mexicanguitarplayers.com\\\/#website\"},\"primaryImageOfPage\":{\"@id\":\"https:\\\/\\\/www.mexicanguitarplayers.com\\\/tienda\\\/sin categor\u00eda\\\/bafle-turbosound-c-poder-mod-iq10\\\/#primaryimage\"},\"image\":{\"@id\":\"https:\\\/\\\/www.mexicanguitarplayers.com\\\/tienda\\\/sin categor\u00eda\\\/bafle-turbosound-c-poder-mod-iq10\\\/#primaryimage\"},\"thumbnailUrl\":\"https:\\\/\\\/www.mexicanguitarplayers.com\\\/wp-content\\\/uploads\\\/2025\\\/04\\\/IATURIQ10.jpg\",\"datePublished\":\"2025-04-06T22:36:12+00:00\",\"dateModified\":\"2026-03-10T22:16:18+00:00\",\"description\":\"Bafle activo de 2 v\u00edas, woofer de 10\u201d pulgadas con bobina m\u00f3vil de masa baja y driver de compresi\u00f3n de 1\u201d pulgada con bobina m\u00f3vil de aluminio, potencia: 2500 watts, rango de frecuencia: 50 Hz - 20 kHz (-10 dB), SPL m\u00e1ximo: 124 dB, tecnolog\u00eda Klark Teknik, Clase D, modelado de altavoces, SSC (Spatial Contour Control) para compensar respuesta de frecuencia en relaci\u00f3n con la ubicaci\u00f3n f\u00edsica de los altavoces, display LCD, software de control remoto descargable, gabinete de fibra de vidrio, rejilla de malla anti polvo, m\u00faltiples puntos de suspensi\u00f3n, conectores Neutrik de entrada y salida, fabricada en Inglaterra.\",\"breadcrumb\":{\"@id\":\"https:\\\/\\\/www.mexicanguitarplayers.com\\\/tienda\\\/sin categor\u00eda\\\/bafle-turbosound-c-poder-mod-iq10\\\/#breadcrumb\"},\"inLanguage\":\"en-US\",\"potentialAction\":[{\"@type\":\"ReadAction\",\"target\":[\"https:\\\/\\\/www.mexicanguitarplayers.com\\\/tienda\\\/sin categor\u00eda\\\/bafle-turbosound-c-poder-mod-iq10\\\/\"]}]},{\"@type\":\"ImageObject\",\"inLanguage\":\"en-US\",\"@id\":\"https:\\\/\\\/www.mexicanguitarplayers.com\\\/tienda\\\/sin categor\u00eda\\\/bafle-turbosound-c-poder-mod-iq10\\\/#primaryimage\",\"url\":\"https:\\\/\\\/www.mexicanguitarplayers.com\\\/wp-content\\\/uploads\\\/2025\\\/04\\\/IATURIQ10.jpg\",\"contentUrl\":\"https:\\\/\\\/www.mexicanguitarplayers.com\\\/wp-content\\\/uploads\\\/2025\\\/04\\\/IATURIQ10.jpg\",\"width\":1200,\"height\":1200},{\"@type\":\"BreadcrumbList\",\"@id\":\"https:\\\/\\\/www.mexicanguitarplayers.com\\\/tienda\\\/sin categor\u00eda\\\/bafle-turbosound-c-poder-mod-iq10\\\/#breadcrumb\",\"itemListElement\":[{\"@type\":\"ListItem\",\"position\":1,\"name\":\"Portada\",\"item\":\"https:\\\/\\\/www.mexicanguitarplayers.com\\\/\"},{\"@type\":\"ListItem\",\"position\":2,\"name\":\"Tienda\",\"item\":\"https:\\\/\\\/www.mexicanguitarplayers.com\\\/tienda\\\/\"},{\"@type\":\"ListItem\",\"position\":3,\"name\":\"BAFLE TURBOSOUND C\\\/PODER MOD. IQ10\"}]},{\"@type\":\"WebSite\",\"@id\":\"https:\\\/\\\/www.mexicanguitarplayers.com\\\/#website\",\"url\":\"https:\\\/\\\/www.mexicanguitarplayers.com\\\/\",\"name\":\"Mexican Guitar Players\",\"description\":\"Website\",\"publisher\":{\"@id\":\"https:\\\/\\\/www.mexicanguitarplayers.com\\\/#organization\"},\"potentialAction\":[{\"@type\":\"SearchAction\",\"target\":{\"@type\":\"EntryPoint\",\"urlTemplate\":\"https:\\\/\\\/www.mexicanguitarplayers.com\\\/?s={search_term_string}\"},\"query-input\":{\"@type\":\"PropertyValueSpecification\",\"valueRequired\":true,\"valueName\":\"search_term_string\"}}],\"inLanguage\":\"en-US\"},{\"@type\":\"Organization\",\"@id\":\"https:\\\/\\\/www.mexicanguitarplayers.com\\\/#organization\",\"name\":\"Mexican Guitar Players\",\"url\":\"https:\\\/\\\/www.mexicanguitarplayers.com\\\/\",\"logo\":{\"@type\":\"ImageObject\",\"inLanguage\":\"en-US\",\"@id\":\"https:\\\/\\\/www.mexicanguitarplayers.com\\\/#\\\/schema\\\/logo\\\/image\\\/\",\"url\":\"\",\"contentUrl\":\"\",\"caption\":\"Mexican Guitar Players\"},\"image\":{\"@id\":\"https:\\\/\\\/www.mexicanguitarplayers.com\\\/#\\\/schema\\\/logo\\\/image\\\/\"}}]}<\/script>\n<!-- \/ Yoast SEO plugin. -->","yoast_head_json":{"title":"BAFLE TURBOSOUND C\/PODER MOD. IQ10 - Mexican Guitar Players","description":"Bafle activo de 2 v\u00edas, woofer de 10\u201d pulgadas con bobina m\u00f3vil de masa baja y driver de compresi\u00f3n de 1\u201d pulgada con bobina m\u00f3vil de aluminio, potencia: 2500 watts, rango de frecuencia: 50 Hz - 20 kHz (-10 dB), SPL m\u00e1ximo: 124 dB, tecnolog\u00eda Klark Teknik, Clase D, modelado de altavoces, SSC (Spatial Contour Control) para compensar respuesta de frecuencia en relaci\u00f3n con la ubicaci\u00f3n f\u00edsica de los altavoces, display LCD, software de control remoto descargable, gabinete de fibra de vidrio, rejilla de malla anti polvo, m\u00faltiples puntos de suspensi\u00f3n, conectores Neutrik de entrada y salida, fabricada en Inglaterra.","robots":{"index":"index","follow":"follow","max-snippet":"max-snippet:-1","max-image-preview":"max-image-preview:large","max-video-preview":"max-video-preview:-1"},"canonical":"https:\/\/www.mexicanguitarplayers.com\/en\/tienda\/sin categor\u00eda\/bafle-turbosound-c-poder-mod-iq10\/","og_locale":"en_US","og_type":"article","og_title":"BAFLE TURBOSOUND C\/PODER MOD. IQ10 - Mexican Guitar Players","og_description":"Bafle activo de 2 v\u00edas, woofer de 10\u201d pulgadas con bobina m\u00f3vil de masa baja y driver de compresi\u00f3n de 1\u201d pulgada con bobina m\u00f3vil de aluminio, potencia: 2500 watts, rango de frecuencia: 50 Hz - 20 kHz (-10 dB), SPL m\u00e1ximo: 124 dB, tecnolog\u00eda Klark Teknik, Clase D, modelado de altavoces, SSC (Spatial Contour Control) para compensar respuesta de frecuencia en relaci\u00f3n con la ubicaci\u00f3n f\u00edsica de los altavoces, display LCD, software de control remoto descargable, gabinete de fibra de vidrio, rejilla de malla anti polvo, m\u00faltiples puntos de suspensi\u00f3n, conectores Neutrik de entrada y salida, fabricada en Inglaterra.","og_url":"https:\/\/www.mexicanguitarplayers.com\/en\/tienda\/sin categor\u00eda\/bafle-turbosound-c-poder-mod-iq10\/","og_site_name":"Mexican Guitar Players","article_modified_time":"2026-03-10T22:16:18+00:00","twitter_card":"summary_large_image","twitter_misc":{"Est. reading time":"1 minute"},"schema":{"@context":"https:\/\/schema.org","@graph":[{"@type":["WebPage","ItemPage"],"@id":"https:\/\/www.mexicanguitarplayers.com\/tienda\/sin categor\u00eda\/bafle-turbosound-c-poder-mod-iq10\/","url":"https:\/\/www.mexicanguitarplayers.com\/tienda\/sin categor\u00eda\/bafle-turbosound-c-poder-mod-iq10\/","name":"BAFLE TURBOSOUND C\/PODER MOD. IQ10 - Mexican Guitar Players","isPartOf":{"@id":"https:\/\/www.mexicanguitarplayers.com\/#website"},"primaryImageOfPage":{"@id":"https:\/\/www.mexicanguitarplayers.com\/tienda\/sin categor\u00eda\/bafle-turbosound-c-poder-mod-iq10\/#primaryimage"},"image":{"@id":"https:\/\/www.mexicanguitarplayers.com\/tienda\/sin categor\u00eda\/bafle-turbosound-c-poder-mod-iq10\/#primaryimage"},"thumbnailUrl":"https:\/\/www.mexicanguitarplayers.com\/wp-content\/uploads\/2025\/04\/IATURIQ10.jpg","datePublished":"2025-04-06T22:36:12+00:00","dateModified":"2026-03-10T22:16:18+00:00","description":"Bafle activo de 2 v\u00edas, woofer de 10\u201d pulgadas con bobina m\u00f3vil de masa baja y driver de compresi\u00f3n de 1\u201d pulgada con bobina m\u00f3vil de aluminio, potencia: 2500 watts, rango de frecuencia: 50 Hz - 20 kHz (-10 dB), SPL m\u00e1ximo: 124 dB, tecnolog\u00eda Klark Teknik, Clase D, modelado de altavoces, SSC (Spatial Contour Control) para compensar respuesta de frecuencia en relaci\u00f3n con la ubicaci\u00f3n f\u00edsica de los altavoces, display LCD, software de control remoto descargable, gabinete de fibra de vidrio, rejilla de malla anti polvo, m\u00faltiples puntos de suspensi\u00f3n, conectores Neutrik de entrada y salida, fabricada en Inglaterra.","breadcrumb":{"@id":"https:\/\/www.mexicanguitarplayers.com\/tienda\/sin categor\u00eda\/bafle-turbosound-c-poder-mod-iq10\/#breadcrumb"},"inLanguage":"en-US","potentialAction":[{"@type":"ReadAction","target":["https:\/\/www.mexicanguitarplayers.com\/tienda\/sin categor\u00eda\/bafle-turbosound-c-poder-mod-iq10\/"]}]},{"@type":"ImageObject","inLanguage":"en-US","@id":"https:\/\/www.mexicanguitarplayers.com\/tienda\/sin categor\u00eda\/bafle-turbosound-c-poder-mod-iq10\/#primaryimage","url":"https:\/\/www.mexicanguitarplayers.com\/wp-content\/uploads\/2025\/04\/IATURIQ10.jpg","contentUrl":"https:\/\/www.mexicanguitarplayers.com\/wp-content\/uploads\/2025\/04\/IATURIQ10.jpg","width":1200,"height":1200},{"@type":"BreadcrumbList","@id":"https:\/\/www.mexicanguitarplayers.com\/tienda\/sin categor\u00eda\/bafle-turbosound-c-poder-mod-iq10\/#breadcrumb","itemListElement":[{"@type":"ListItem","position":1,"name":"Portada","item":"https:\/\/www.mexicanguitarplayers.com\/"},{"@type":"ListItem","position":2,"name":"Tienda","item":"https:\/\/www.mexicanguitarplayers.com\/tienda\/"},{"@type":"ListItem","position":3,"name":"BAFLE TURBOSOUND C\/PODER MOD. IQ10"}]},{"@type":"WebSite","@id":"https:\/\/www.mexicanguitarplayers.com\/#website","url":"https:\/\/www.mexicanguitarplayers.com\/","name":"Mexican Guitar Players","description":"Website","publisher":{"@id":"https:\/\/www.mexicanguitarplayers.com\/#organization"},"potentialAction":[{"@type":"SearchAction","target":{"@type":"EntryPoint","urlTemplate":"https:\/\/www.mexicanguitarplayers.com\/?s={search_term_string}"},"query-input":{"@type":"PropertyValueSpecification","valueRequired":true,"valueName":"search_term_string"}}],"inLanguage":"en-US"},{"@type":"Organization","@id":"https:\/\/www.mexicanguitarplayers.com\/#organization","name":"Mexican Guitar Players","url":"https:\/\/www.mexicanguitarplayers.com\/","logo":{"@type":"ImageObject","inLanguage":"en-US","@id":"https:\/\/www.mexicanguitarplayers.com\/#\/schema\/logo\/image\/","url":"","contentUrl":"","caption":"Mexican Guitar Players"},"image":{"@id":"https:\/\/www.mexicanguitarplayers.com\/#\/schema\/logo\/image\/"}}]}},"brands":[{"id":498,"name":"TURBO SOUND","slug":"turbosound"}],"_links":{"self":[{"href":"https:\/\/www.mexicanguitarplayers.com\/en\/wp-json\/wp\/v2\/product\/25911","targetHints":{"allow":["GET"]}}],"collection":[{"href":"https:\/\/www.mexicanguitarplayers.com\/en\/wp-json\/wp\/v2\/product"}],"about":[{"href":"https:\/\/www.mexicanguitarplayers.com\/en\/wp-json\/wp\/v2\/types\/product"}],"replies":[{"embeddable":true,"href":"https:\/\/www.mexicanguitarplayers.com\/en\/wp-json\/wp\/v2\/comments?post=25911"}],"wp:featuredmedia":[{"embeddable":true,"href":"https:\/\/www.mexicanguitarplayers.com\/en\/wp-json\/wp\/v2\/media\/25906"}],"wp:attachment":[{"href":"https:\/\/www.mexicanguitarplayers.com\/en\/wp-json\/wp\/v2\/media?parent=25911"}],"wp:term":[{"taxonomy":"pwb-brand","embeddable":true,"href":"https:\/\/www.mexicanguitarplayers.com\/en\/wp-json\/wp\/v2\/pwb-brand?post=25911"},{"taxonomy":"product_brand","embeddable":true,"href":"https:\/\/www.mexicanguitarplayers.com\/en\/wp-json\/wp\/v2\/product_brand?post=25911"},{"taxonomy":"product_cat","embeddable":true,"href":"https:\/\/www.mexicanguitarplayers.com\/en\/wp-json\/wp\/v2\/product_cat?post=25911"},{"taxonomy":"product_tag","embeddable":true,"href":"https:\/\/www.mexicanguitarplayers.com\/en\/wp-json\/wp\/v2\/product_tag?post=25911"}],"curies":[{"name":"wp","href":"https:\/\/api.w.org\/{rel}","templated":true}]}}