{"id":25923,"date":"2025-04-06T16:36:39","date_gmt":"2025-04-06T22:36:39","guid":{"rendered":"https:\/\/www.mexicanguitarplayers.com\/tienda\/sin categor\u00eda\/guitarra-cruzer-electrica-st-100-pack\/"},"modified":"2026-04-10T04:44:42","modified_gmt":"2026-04-10T10:44:42","slug":"guitarra-cruzer-electrica-st-100-pack","status":"publish","type":"product","link":"https:\/\/www.mexicanguitarplayers.com\/en\/tienda\/cuerdas\/guitarras-cuerdas\/paquetes-guitarras-cuerdas\/paquetes-de-guitarra-electrica\/guitarra-cruzer-electrica-st-100-pack\/","title":{"rendered":"GUITARRA CRUZER  ELECTRICA ST-100 PACK"},"content":{"rendered":"<div style=\"text-align: justify\">\n<div>\n<h3>El equipamiento completo.<\/h3>\n<\/div>\n<div>Con la guitarra el\u00e9ctrica  ST-100 Pack de Cruzer  estar\u00e1s  totalmente  completo, esta dise\u00f1ada para practicar y tocar en vivo  es ideal para  rock cl\u00e1sico, blues, pop y  jazz. La guitarra el\u00e9ctrica  ST-100 es pensada para quien quiere tener un buen instrumento desde su iniciaci\u00f3n musical, cuenta con un dise\u00f1o atractivo y todos los accesorios necesarios para que comiences a tocar de inmediato, su combo de 10W es perfecto para ensayar, estudiar e inclusive para tocar en vivo en lugares peque\u00f1os.  Potentencia, fidelidad y definici\u00f3n, sus poderosas pastillas tienen una lectura perfecta a la distorsi\u00f3n al igual que una estupenda definici\u00f3n en el canal limpio.  Solos estremecedores y definidos riffs corpulentos y demoledores es lo que conseguir\u00e1s con la guitarra el\u00e9ctrica  ST-100 Pack  de Cruzer adem\u00e1s de contar con todo el equipamiento necesario. Cruzer cuenta con el material de la m\u00e1s alta calidad en el mercado y un control de calidad  estricto. <\/div>\n<div>\n<h4>Quick look<\/h4>\n<\/div>\n<ul style=\"margin: 0px 0px 0px 25px\">\n<li style=\"list-style-type: circle;margin: 5px\">Maquinaria Diecast.<\/li>\n<li style=\"list-style-type: circle;margin: 5px\">Cuerpo de basswood<\/li>\n<\/ul>\n<div>\n<div style=\"font-weight: bold\">Maquinaria Diecast.<\/div>\n<div>\n<p>Cuentas con la maquinaria mas precisa, tendr\u00e1s una afinaci\u00f3n  perfecta y no tendr\u00e1s que preocuparte en afinar mientras est\u00e9s tocando.<\/p>\n<\/div>\n<div style=\"font-weight: bold\">Cuerpo de basswood<\/div>\n<div>\n<p>El basswood es una madera con gran sonoridad y gran durabilidad, es ideal para la construcci\u00f3n de instrumentos<\/p>\n<\/div>\n<\/div>\n<div>\n<h4>Characteristics<\/h4>\n<\/div>\n<div>\n<ul style=\"margin: 0px 0px 0px 25px\">\n<li style=\"list-style-type: circle;margin: 5px\">22 trastes.<\/li>\n<li style=\"list-style-type: circle;margin: 5px\"> Tremolo vintage.<\/li>\n<li style=\"list-style-type: circle;margin: 5px\">Combo de 10W.<\/li>\n<\/ul>\n<\/div>\n<\/div>","protected":false},"excerpt":{"rendered":"<p>Guitarra el\u00e9ctrica CRUZER mod. ST-100 Pack. Cuerpo de basswood, brazo de maple,diapas\u00f3n de rosewood, 3 pickups SC, selector de 5 pasos, 2 tonos y 1 volumen, tremolo vintage, maquinaria Diecast Cromada, potente combo de 10W, afinador digital, cable, funda, p\u00faas.&hellip; <a class=\"kt-excerpt-readmore more-link\" href=\"https:\/\/www.mexicanguitarplayers.com\/en\/tienda\/cuerdas\/guitarras-cuerdas\/paquetes-guitarras-cuerdas\/paquetes-de-guitarra-electrica\/guitarra-cruzer-electrica-st-100-pack\/\">Read more<\/a><\/p>","protected":false},"featured_media":25922,"comment_status":"open","ping_status":"closed","template":"","meta":{"kt_blocks_editor_width":""},"pwb-brand":[259],"product_brand":[],"product_cat":[224,312,437,371],"product_tag":[],"class_list":{"0":"post-25923","1":"product","2":"type-product","3":"status-publish","4":"has-post-thumbnail","6":"pwb-brand-cruzer","7":"product_cat-cuerdas","8":"product_cat-guitarras-cuerdas","9":"product_cat-paquetes-parches","10":"product_cat-paquetes-de-guitarra-electrica","11":"product_shipping_class-0-5-kg","13":"first","14":"outofstock","15":"taxable","16":"shipping-taxable","17":"purchasable","18":"product-type-simple"},"yoast_head":"<!-- This site is optimized with the Yoast SEO plugin v27.5 - https:\/\/yoast.com\/product\/yoast-seo-wordpress\/ -->\n<title>GUITARRA CRUZER ELECTRICA ST-100 PACK - Mexican Guitar Players<\/title>\n<meta name=\"description\" content=\"Guitarra el\u00e9ctrica CRUZER mod. ST-100 Pack. Cuerpo de basswood, brazo de maple,diapas\u00f3n de rosewood, 3 pickups SC, selector de 5 pasos, 2 tonos y 1 volumen, tremolo vintage, maquinaria Diecast Cromada, potente combo de 10W, afinador digital, cable, funda, p\u00faas.\" \/>\n<meta name=\"robots\" content=\"index, follow, max-snippet:-1, max-image-preview:large, max-video-preview:-1\" \/>\n<link rel=\"canonical\" href=\"https:\/\/www.mexicanguitarplayers.com\/en\/tienda\/sin%20categor\u00eda\/guitarra-cruzer-electrica-st-100-pack\/\" \/>\n<meta property=\"og:locale\" content=\"en_US\" \/>\n<meta property=\"og:type\" content=\"article\" \/>\n<meta property=\"og:title\" content=\"GUITARRA CRUZER ELECTRICA ST-100 PACK - Mexican Guitar Players\" \/>\n<meta property=\"og:description\" content=\"Guitarra el\u00e9ctrica CRUZER mod. ST-100 Pack. Cuerpo de basswood, brazo de maple,diapas\u00f3n de rosewood, 3 pickups SC, selector de 5 pasos, 2 tonos y 1 volumen, tremolo vintage, maquinaria Diecast Cromada, potente combo de 10W, afinador digital, cable, funda, p\u00faas.\" \/>\n<meta property=\"og:url\" content=\"https:\/\/www.mexicanguitarplayers.com\/en\/tienda\/sin categor\u00eda\/guitarra-cruzer-electrica-st-100-pack\/\" \/>\n<meta property=\"og:site_name\" content=\"Mexican Guitar Players\" \/>\n<meta property=\"article:modified_time\" content=\"2026-04-10T10:44:42+00:00\" \/>\n<meta name=\"twitter:card\" content=\"summary_large_image\" \/>\n<meta name=\"twitter:label1\" content=\"Est. reading time\" \/>\n\t<meta name=\"twitter:data1\" content=\"1 minute\" \/>\n<script type=\"application\/ld+json\" class=\"yoast-schema-graph\">{\"@context\":\"https:\\\/\\\/schema.org\",\"@graph\":[{\"@type\":[\"WebPage\",\"ItemPage\"],\"@id\":\"https:\\\/\\\/www.mexicanguitarplayers.com\\\/tienda\\\/sin categor\u00eda\\\/guitarra-cruzer-electrica-st-100-pack\\\/\",\"url\":\"https:\\\/\\\/www.mexicanguitarplayers.com\\\/tienda\\\/sin categor\u00eda\\\/guitarra-cruzer-electrica-st-100-pack\\\/\",\"name\":\"GUITARRA CRUZER ELECTRICA ST-100 PACK - Mexican Guitar Players\",\"isPartOf\":{\"@id\":\"https:\\\/\\\/www.mexicanguitarplayers.com\\\/#website\"},\"primaryImageOfPage\":{\"@id\":\"https:\\\/\\\/www.mexicanguitarplayers.com\\\/tienda\\\/sin categor\u00eda\\\/guitarra-cruzer-electrica-st-100-pack\\\/#primaryimage\"},\"image\":{\"@id\":\"https:\\\/\\\/www.mexicanguitarplayers.com\\\/tienda\\\/sin categor\u00eda\\\/guitarra-cruzer-electrica-st-100-pack\\\/#primaryimage\"},\"thumbnailUrl\":\"https:\\\/\\\/www.mexicanguitarplayers.com\\\/wp-content\\\/uploads\\\/2025\\\/04\\\/ISCRZST100PACK.jpg\",\"datePublished\":\"2025-04-06T22:36:39+00:00\",\"dateModified\":\"2026-04-10T10:44:42+00:00\",\"description\":\"Guitarra el\u00e9ctrica CRUZER mod. ST-100 Pack. Cuerpo de basswood, brazo de maple,diapas\u00f3n de rosewood, 3 pickups SC, selector de 5 pasos, 2 tonos y 1 volumen, tremolo vintage, maquinaria Diecast Cromada, potente combo de 10W, afinador digital, cable, funda, p\u00faas.\",\"breadcrumb\":{\"@id\":\"https:\\\/\\\/www.mexicanguitarplayers.com\\\/tienda\\\/sin categor\u00eda\\\/guitarra-cruzer-electrica-st-100-pack\\\/#breadcrumb\"},\"inLanguage\":\"en-US\",\"potentialAction\":[{\"@type\":\"ReadAction\",\"target\":[\"https:\\\/\\\/www.mexicanguitarplayers.com\\\/tienda\\\/sin categor\u00eda\\\/guitarra-cruzer-electrica-st-100-pack\\\/\"]}]},{\"@type\":\"ImageObject\",\"inLanguage\":\"en-US\",\"@id\":\"https:\\\/\\\/www.mexicanguitarplayers.com\\\/tienda\\\/sin categor\u00eda\\\/guitarra-cruzer-electrica-st-100-pack\\\/#primaryimage\",\"url\":\"https:\\\/\\\/www.mexicanguitarplayers.com\\\/wp-content\\\/uploads\\\/2025\\\/04\\\/ISCRZST100PACK.jpg\",\"contentUrl\":\"https:\\\/\\\/www.mexicanguitarplayers.com\\\/wp-content\\\/uploads\\\/2025\\\/04\\\/ISCRZST100PACK.jpg\",\"width\":500,\"height\":600},{\"@type\":\"BreadcrumbList\",\"@id\":\"https:\\\/\\\/www.mexicanguitarplayers.com\\\/tienda\\\/sin categor\u00eda\\\/guitarra-cruzer-electrica-st-100-pack\\\/#breadcrumb\",\"itemListElement\":[{\"@type\":\"ListItem\",\"position\":1,\"name\":\"Portada\",\"item\":\"https:\\\/\\\/www.mexicanguitarplayers.com\\\/\"},{\"@type\":\"ListItem\",\"position\":2,\"name\":\"Tienda\",\"item\":\"https:\\\/\\\/www.mexicanguitarplayers.com\\\/tienda\\\/\"},{\"@type\":\"ListItem\",\"position\":3,\"name\":\"GUITARRA CRUZER ELECTRICA ST-100 PACK\"}]},{\"@type\":\"WebSite\",\"@id\":\"https:\\\/\\\/www.mexicanguitarplayers.com\\\/#website\",\"url\":\"https:\\\/\\\/www.mexicanguitarplayers.com\\\/\",\"name\":\"Mexican Guitar Players\",\"description\":\"Website\",\"publisher\":{\"@id\":\"https:\\\/\\\/www.mexicanguitarplayers.com\\\/#organization\"},\"potentialAction\":[{\"@type\":\"SearchAction\",\"target\":{\"@type\":\"EntryPoint\",\"urlTemplate\":\"https:\\\/\\\/www.mexicanguitarplayers.com\\\/?s={search_term_string}\"},\"query-input\":{\"@type\":\"PropertyValueSpecification\",\"valueRequired\":true,\"valueName\":\"search_term_string\"}}],\"inLanguage\":\"en-US\"},{\"@type\":\"Organization\",\"@id\":\"https:\\\/\\\/www.mexicanguitarplayers.com\\\/#organization\",\"name\":\"Mexican Guitar Players\",\"url\":\"https:\\\/\\\/www.mexicanguitarplayers.com\\\/\",\"logo\":{\"@type\":\"ImageObject\",\"inLanguage\":\"en-US\",\"@id\":\"https:\\\/\\\/www.mexicanguitarplayers.com\\\/#\\\/schema\\\/logo\\\/image\\\/\",\"url\":\"\",\"contentUrl\":\"\",\"caption\":\"Mexican Guitar Players\"},\"image\":{\"@id\":\"https:\\\/\\\/www.mexicanguitarplayers.com\\\/#\\\/schema\\\/logo\\\/image\\\/\"}}]}<\/script>\n<!-- \/ Yoast SEO plugin. -->","yoast_head_json":{"title":"GUITARRA CRUZER ELECTRICA ST-100 PACK - Mexican Guitar Players","description":"Guitarra el\u00e9ctrica CRUZER mod. ST-100 Pack. Cuerpo de basswood, brazo de maple,diapas\u00f3n de rosewood, 3 pickups SC, selector de 5 pasos, 2 tonos y 1 volumen, tremolo vintage, maquinaria Diecast Cromada, potente combo de 10W, afinador digital, cable, funda, p\u00faas.","robots":{"index":"index","follow":"follow","max-snippet":"max-snippet:-1","max-image-preview":"max-image-preview:large","max-video-preview":"max-video-preview:-1"},"canonical":"https:\/\/www.mexicanguitarplayers.com\/en\/tienda\/sin categor\u00eda\/guitarra-cruzer-electrica-st-100-pack\/","og_locale":"en_US","og_type":"article","og_title":"GUITARRA CRUZER ELECTRICA ST-100 PACK - Mexican Guitar Players","og_description":"Guitarra el\u00e9ctrica CRUZER mod. ST-100 Pack. Cuerpo de basswood, brazo de maple,diapas\u00f3n de rosewood, 3 pickups SC, selector de 5 pasos, 2 tonos y 1 volumen, tremolo vintage, maquinaria Diecast Cromada, potente combo de 10W, afinador digital, cable, funda, p\u00faas.","og_url":"https:\/\/www.mexicanguitarplayers.com\/en\/tienda\/sin categor\u00eda\/guitarra-cruzer-electrica-st-100-pack\/","og_site_name":"Mexican Guitar Players","article_modified_time":"2026-04-10T10:44:42+00:00","twitter_card":"summary_large_image","twitter_misc":{"Est. reading time":"1 minute"},"schema":{"@context":"https:\/\/schema.org","@graph":[{"@type":["WebPage","ItemPage"],"@id":"https:\/\/www.mexicanguitarplayers.com\/tienda\/sin categor\u00eda\/guitarra-cruzer-electrica-st-100-pack\/","url":"https:\/\/www.mexicanguitarplayers.com\/tienda\/sin categor\u00eda\/guitarra-cruzer-electrica-st-100-pack\/","name":"GUITARRA CRUZER ELECTRICA ST-100 PACK - Mexican Guitar Players","isPartOf":{"@id":"https:\/\/www.mexicanguitarplayers.com\/#website"},"primaryImageOfPage":{"@id":"https:\/\/www.mexicanguitarplayers.com\/tienda\/sin categor\u00eda\/guitarra-cruzer-electrica-st-100-pack\/#primaryimage"},"image":{"@id":"https:\/\/www.mexicanguitarplayers.com\/tienda\/sin categor\u00eda\/guitarra-cruzer-electrica-st-100-pack\/#primaryimage"},"thumbnailUrl":"https:\/\/www.mexicanguitarplayers.com\/wp-content\/uploads\/2025\/04\/ISCRZST100PACK.jpg","datePublished":"2025-04-06T22:36:39+00:00","dateModified":"2026-04-10T10:44:42+00:00","description":"Guitarra el\u00e9ctrica CRUZER mod. ST-100 Pack. Cuerpo de basswood, brazo de maple,diapas\u00f3n de rosewood, 3 pickups SC, selector de 5 pasos, 2 tonos y 1 volumen, tremolo vintage, maquinaria Diecast Cromada, potente combo de 10W, afinador digital, cable, funda, p\u00faas.","breadcrumb":{"@id":"https:\/\/www.mexicanguitarplayers.com\/tienda\/sin categor\u00eda\/guitarra-cruzer-electrica-st-100-pack\/#breadcrumb"},"inLanguage":"en-US","potentialAction":[{"@type":"ReadAction","target":["https:\/\/www.mexicanguitarplayers.com\/tienda\/sin categor\u00eda\/guitarra-cruzer-electrica-st-100-pack\/"]}]},{"@type":"ImageObject","inLanguage":"en-US","@id":"https:\/\/www.mexicanguitarplayers.com\/tienda\/sin categor\u00eda\/guitarra-cruzer-electrica-st-100-pack\/#primaryimage","url":"https:\/\/www.mexicanguitarplayers.com\/wp-content\/uploads\/2025\/04\/ISCRZST100PACK.jpg","contentUrl":"https:\/\/www.mexicanguitarplayers.com\/wp-content\/uploads\/2025\/04\/ISCRZST100PACK.jpg","width":500,"height":600},{"@type":"BreadcrumbList","@id":"https:\/\/www.mexicanguitarplayers.com\/tienda\/sin categor\u00eda\/guitarra-cruzer-electrica-st-100-pack\/#breadcrumb","itemListElement":[{"@type":"ListItem","position":1,"name":"Portada","item":"https:\/\/www.mexicanguitarplayers.com\/"},{"@type":"ListItem","position":2,"name":"Tienda","item":"https:\/\/www.mexicanguitarplayers.com\/tienda\/"},{"@type":"ListItem","position":3,"name":"GUITARRA CRUZER ELECTRICA ST-100 PACK"}]},{"@type":"WebSite","@id":"https:\/\/www.mexicanguitarplayers.com\/#website","url":"https:\/\/www.mexicanguitarplayers.com\/","name":"Mexican Guitar Players","description":"Website","publisher":{"@id":"https:\/\/www.mexicanguitarplayers.com\/#organization"},"potentialAction":[{"@type":"SearchAction","target":{"@type":"EntryPoint","urlTemplate":"https:\/\/www.mexicanguitarplayers.com\/?s={search_term_string}"},"query-input":{"@type":"PropertyValueSpecification","valueRequired":true,"valueName":"search_term_string"}}],"inLanguage":"en-US"},{"@type":"Organization","@id":"https:\/\/www.mexicanguitarplayers.com\/#organization","name":"Mexican Guitar Players","url":"https:\/\/www.mexicanguitarplayers.com\/","logo":{"@type":"ImageObject","inLanguage":"en-US","@id":"https:\/\/www.mexicanguitarplayers.com\/#\/schema\/logo\/image\/","url":"","contentUrl":"","caption":"Mexican Guitar Players"},"image":{"@id":"https:\/\/www.mexicanguitarplayers.com\/#\/schema\/logo\/image\/"}}]}},"brands":[{"id":259,"name":"CRUISE","slug":"cruzer"}],"_links":{"self":[{"href":"https:\/\/www.mexicanguitarplayers.com\/en\/wp-json\/wp\/v2\/product\/25923","targetHints":{"allow":["GET"]}}],"collection":[{"href":"https:\/\/www.mexicanguitarplayers.com\/en\/wp-json\/wp\/v2\/product"}],"about":[{"href":"https:\/\/www.mexicanguitarplayers.com\/en\/wp-json\/wp\/v2\/types\/product"}],"replies":[{"embeddable":true,"href":"https:\/\/www.mexicanguitarplayers.com\/en\/wp-json\/wp\/v2\/comments?post=25923"}],"wp:featuredmedia":[{"embeddable":true,"href":"https:\/\/www.mexicanguitarplayers.com\/en\/wp-json\/wp\/v2\/media\/25922"}],"wp:attachment":[{"href":"https:\/\/www.mexicanguitarplayers.com\/en\/wp-json\/wp\/v2\/media?parent=25923"}],"wp:term":[{"taxonomy":"pwb-brand","embeddable":true,"href":"https:\/\/www.mexicanguitarplayers.com\/en\/wp-json\/wp\/v2\/pwb-brand?post=25923"},{"taxonomy":"product_brand","embeddable":true,"href":"https:\/\/www.mexicanguitarplayers.com\/en\/wp-json\/wp\/v2\/product_brand?post=25923"},{"taxonomy":"product_cat","embeddable":true,"href":"https:\/\/www.mexicanguitarplayers.com\/en\/wp-json\/wp\/v2\/product_cat?post=25923"},{"taxonomy":"product_tag","embeddable":true,"href":"https:\/\/www.mexicanguitarplayers.com\/en\/wp-json\/wp\/v2\/product_tag?post=25923"}],"curies":[{"name":"wp","href":"https:\/\/api.w.org\/{rel}","templated":true}]}}