{"id":25963,"date":"2025-04-06T16:38:42","date_gmt":"2025-04-06T22:38:42","guid":{"rendered":"https:\/\/www.mexicanguitarplayers.com\/tienda\/sin categor\u00eda\/bafle-audiocenter-mod-v-hla12mkii\/"},"modified":"2026-04-10T04:44:38","modified_gmt":"2026-04-10T10:44:38","slug":"bafle-audiocenter-mod-v-hla12mkii","status":"publish","type":"product","link":"https:\/\/www.mexicanguitarplayers.com\/en\/tienda\/audio\/bafles-y-bocinas\/bafles\/lineal\/bafle-audiocenter-mod-v-hla12mkii\/","title":{"rendered":"BAFLE AUDIOCENTER   MOD. V-HLA12MKII"},"content":{"rendered":"<div style=\"text-align: justify\">\n<div>\n<h3>Sistemas de gama alta.<\/h3>\n<\/div>\n<div>Los sistemas V-HLA MKII son ideales para compa\u00f1\u00edas de renta profesional e instaladores profesionales que utilizan sistemas de sonido complejos e innovadores. En dondequiera que se necesite una calidad de sonido de gama muy alta, los sistemas V-HLA MKII son la mejor soluci\u00f3n. Una de las mayores ventajas es la flexibilidad del sistema. Desde aplicaciones peque\u00f1as hasta muy grandes, todas tendr\u00e1n el mismo rendimiento de alta gama.<\/div>\n<div>\n<h4>Quick look<\/h4>\n<\/div>\n<ul style=\"margin: 0px 0px 0px 25px\">\n<li style=\"list-style-type: circle;margin: 5px\">Power.<\/li>\n<li style=\"list-style-type: circle;margin: 5px\">Impedance.<\/li>\n<li style=\"list-style-type: circle;margin: 5px\">Respuesta de frecuencia. (-6 dB c\u00e1mara anec\u00f3ica).<\/li>\n<li style=\"list-style-type: circle;margin: 5px\">Consistencia.<\/li>\n<li style=\"list-style-type: circle;margin: 5px\">Sensitivity.<\/li>\n<li style=\"list-style-type: circle;margin: 5px\">Directividad.<\/li>\n<li style=\"list-style-type: circle;margin: 5px\">Maximum SPL.<\/li>\n<li style=\"list-style-type: circle;margin: 5px\">Drivers.<\/li>\n<li style=\"list-style-type: circle;margin: 5px\">Gabinete.<\/li>\n<li style=\"list-style-type: circle;margin: 5px\">Dimensions.<\/li>\n<li style=\"list-style-type: circle;margin: 5px\">Weight.<\/li>\n<\/ul>\n<div>\n<div style=\"font-weight: bold\">Power.<\/div>\n<div>\n<p>Driver LF: RMS: 700 watts. Programa: 1400 watts. Pico: 2800 watts. Driver HF: RMS:70 watts. Programa: 140 watts. Pico: 280 watts.<\/p>\n<\/div>\n<div style=\"font-weight: bold\">Impedance.<\/div>\n<div>\n<p>8 ohms.<\/p>\n<\/div>\n<div style=\"font-weight: bold\">Respuesta de frecuencia. (-6 dB c\u00e1mara anec\u00f3ica).<\/div>\n<div>\n<p>54 hz &#8211; 20 kHz.<\/p>\n<\/div>\n<div style=\"font-weight: bold\">Consistencia.<\/div>\n<div>\n<p>\u00b11.5 dB (20 Hz &#8211; 10 kHz).<\/p>\n<\/div>\n<div style=\"font-weight: bold\">Sensitivity.<\/div>\n<div>\n<p>Driver LF: 101 dB. Driver HF: 109 dB.<\/p>\n<\/div>\n<div style=\"font-weight: bold\">Directividad.<\/div>\n<div>\n<p>90\u00b0\u00d715\u00b0.<\/p>\n<\/div>\n<div style=\"font-weight: bold\">Maximum SPL.<\/div>\n<div>\n<p>Driver LF: Continuo: 129 dB. Pico: 135 dB. Driver HF: Continuo: 127 dB. Pico: 133 dB.<\/p>\n<\/div>\n<div style=\"font-weight: bold\">Drivers.<\/div>\n<div>\n<p>Driver HF: Beyma, (bobina m\u00f3vil de 2.84\u201d y salida de 1.4). Driver LF: Faital (bobina m\u00f3vil de 4\u201d).<\/p>\n<\/div>\n<div style=\"font-weight: bold\">Gabinete.<\/div>\n<div>\n<p>Abedul ruso de alta densidad CNC.<\/p>\n<\/div>\n<div style=\"font-weight: bold\">Dimensions.<\/div>\n<div>\n<p>331 \u00d7 700 \u00d7 437 mm.<\/p>\n<\/div>\n<div style=\"font-weight: bold\">Weight.<\/div>\n<div>\n<p>29 kg.<\/p>\n<\/div>\n<\/div>\n<\/div>","protected":false},"excerpt":{"rendered":"<p>Bafle pasivo para arreglo lineal, driver HF Beyma de 12\u201d pulgadas con bobina m\u00f3vil de 2.84\u201d y salida de 1.4\u201d, driver LF Faital con bobina m\u00f3vil de 4\u201d, potencia del driver LF: AES:700 watts, programa: 1400 watts, pico: 2800 watts, potencia del driver HF: AES:70 watts, programa: 140 watts, pico: 280 watts, impedancia: 8 ohms, respuesta de frecuencia: 54 Hz &#8211; 20 kHz, sensibilidad LF: 101 dB, sensibilidad HF: 109 dB, directividad: 90 x 15, SPL M\u00e1ximo LF: 129 dB, SPL m\u00e1ximo HF: 127 dB, gabinete de abedul ruso de alta densidad CNC, dimensiones: 331 x 700 x 437 mm, peso: 29 kg.&hellip; <a class=\"kt-excerpt-readmore more-link\" href=\"https:\/\/www.mexicanguitarplayers.com\/en\/tienda\/audio\/bafles-y-bocinas\/bafles\/lineal\/bafle-audiocenter-mod-v-hla12mkii\/\">Read more<\/a><\/p>","protected":false},"featured_media":25961,"comment_status":"open","ping_status":"closed","template":"","meta":{"kt_blocks_editor_width":""},"pwb-brand":[525],"product_brand":[],"product_cat":[213,222,221,520],"product_tag":[],"class_list":{"0":"post-25963","1":"product","2":"type-product","3":"status-publish","4":"has-post-thumbnail","6":"pwb-brand-audiocenter","7":"product_cat-audio","8":"product_cat-bafles","9":"product_cat-bafles-y-bocinas","10":"product_cat-lineal","11":"product_shipping_class-25-30-kg","13":"first","14":"outofstock","15":"taxable","16":"shipping-taxable","17":"purchasable","18":"product-type-simple"},"yoast_head":"<!-- This site is optimized with the Yoast SEO plugin v27.6 - https:\/\/yoast.com\/product\/yoast-seo-wordpress\/ -->\n<title>BAFLE AUDIOCENTER  MOD. V-HLA12MKII - Mexican Guitar Players<\/title>\n<meta name=\"description\" content=\"Bafle pasivo para arreglo lineal, driver HF Beyma de 12\u201d pulgadas con bobina m\u00f3vil de 2.84\u201d y salida de 1.4\u201d, driver LF Faital con bobina m\u00f3vil de 4\u201d, potencia del driver LF: AES:700 watts, programa: 1400 watts, pico: 2800 watts, potencia del driver HF: AES:70 watts, programa: 140 watts, pico: 280 watts, impedancia: 8 ohms, respuesta de frecuencia: 54 Hz - 20 kHz, sensibilidad LF: 101 dB, sensibilidad HF: 109 dB, directividad: 90 x 15, SPL M\u00e1ximo LF: 129 dB, SPL m\u00e1ximo HF: 127 dB, gabinete de abedul ruso de alta densidad CNC, dimensiones: 331 x 700 x 437 mm, peso: 29 kg.\" \/>\n<meta name=\"robots\" content=\"index, follow, max-snippet:-1, max-image-preview:large, max-video-preview:-1\" \/>\n<link rel=\"canonical\" href=\"https:\/\/www.mexicanguitarplayers.com\/en\/tienda\/sin%20categor\u00eda\/bafle-audiocenter-mod-v-hla12mkii\/\" \/>\n<meta property=\"og:locale\" content=\"en_US\" \/>\n<meta property=\"og:type\" content=\"article\" \/>\n<meta property=\"og:title\" content=\"BAFLE AUDIOCENTER  MOD. V-HLA12MKII - Mexican Guitar Players\" \/>\n<meta property=\"og:description\" content=\"Bafle pasivo para arreglo lineal, driver HF Beyma de 12\u201d pulgadas con bobina m\u00f3vil de 2.84\u201d y salida de 1.4\u201d, driver LF Faital con bobina m\u00f3vil de 4\u201d, potencia del driver LF: AES:700 watts, programa: 1400 watts, pico: 2800 watts, potencia del driver HF: AES:70 watts, programa: 140 watts, pico: 280 watts, impedancia: 8 ohms, respuesta de frecuencia: 54 Hz - 20 kHz, sensibilidad LF: 101 dB, sensibilidad HF: 109 dB, directividad: 90 x 15, SPL M\u00e1ximo LF: 129 dB, SPL m\u00e1ximo HF: 127 dB, gabinete de abedul ruso de alta densidad CNC, dimensiones: 331 x 700 x 437 mm, peso: 29 kg.\" \/>\n<meta property=\"og:url\" content=\"https:\/\/www.mexicanguitarplayers.com\/en\/tienda\/sin categor\u00eda\/bafle-audiocenter-mod-v-hla12mkii\/\" \/>\n<meta property=\"og:site_name\" content=\"Mexican Guitar Players\" \/>\n<meta property=\"article:modified_time\" content=\"2026-04-10T10:44:38+00:00\" \/>\n<meta name=\"twitter:card\" content=\"summary_large_image\" \/>\n<meta name=\"twitter:label1\" content=\"Est. reading time\" \/>\n\t<meta name=\"twitter:data1\" content=\"1 minute\" \/>\n<script type=\"application\/ld+json\" class=\"yoast-schema-graph\">{\"@context\":\"https:\\\/\\\/schema.org\",\"@graph\":[{\"@type\":[\"WebPage\",\"ItemPage\"],\"@id\":\"https:\\\/\\\/www.mexicanguitarplayers.com\\\/tienda\\\/sin categor\u00eda\\\/bafle-audiocenter-mod-v-hla12mkii\\\/\",\"url\":\"https:\\\/\\\/www.mexicanguitarplayers.com\\\/tienda\\\/sin categor\u00eda\\\/bafle-audiocenter-mod-v-hla12mkii\\\/\",\"name\":\"BAFLE AUDIOCENTER MOD. V-HLA12MKII - Mexican Guitar Players\",\"isPartOf\":{\"@id\":\"https:\\\/\\\/www.mexicanguitarplayers.com\\\/#website\"},\"primaryImageOfPage\":{\"@id\":\"https:\\\/\\\/www.mexicanguitarplayers.com\\\/tienda\\\/sin categor\u00eda\\\/bafle-audiocenter-mod-v-hla12mkii\\\/#primaryimage\"},\"image\":{\"@id\":\"https:\\\/\\\/www.mexicanguitarplayers.com\\\/tienda\\\/sin categor\u00eda\\\/bafle-audiocenter-mod-v-hla12mkii\\\/#primaryimage\"},\"thumbnailUrl\":\"https:\\\/\\\/www.mexicanguitarplayers.com\\\/wp-content\\\/uploads\\\/2025\\\/04\\\/IAACTVHLA12MK.jpg\",\"datePublished\":\"2025-04-06T22:38:42+00:00\",\"dateModified\":\"2026-04-10T10:44:38+00:00\",\"description\":\"Bafle pasivo para arreglo lineal, driver HF Beyma de 12\u201d pulgadas con bobina m\u00f3vil de 2.84\u201d y salida de 1.4\u201d, driver LF Faital con bobina m\u00f3vil de 4\u201d, potencia del driver LF: AES:700 watts, programa: 1400 watts, pico: 2800 watts, potencia del driver HF: AES:70 watts, programa: 140 watts, pico: 280 watts, impedancia: 8 ohms, respuesta de frecuencia: 54 Hz - 20 kHz, sensibilidad LF: 101 dB, sensibilidad HF: 109 dB, directividad: 90 x 15, SPL M\u00e1ximo LF: 129 dB, SPL m\u00e1ximo HF: 127 dB, gabinete de abedul ruso de alta densidad CNC, dimensiones: 331 x 700 x 437 mm, peso: 29 kg.\",\"breadcrumb\":{\"@id\":\"https:\\\/\\\/www.mexicanguitarplayers.com\\\/tienda\\\/sin categor\u00eda\\\/bafle-audiocenter-mod-v-hla12mkii\\\/#breadcrumb\"},\"inLanguage\":\"en-US\",\"potentialAction\":[{\"@type\":\"ReadAction\",\"target\":[\"https:\\\/\\\/www.mexicanguitarplayers.com\\\/tienda\\\/sin categor\u00eda\\\/bafle-audiocenter-mod-v-hla12mkii\\\/\"]}]},{\"@type\":\"ImageObject\",\"inLanguage\":\"en-US\",\"@id\":\"https:\\\/\\\/www.mexicanguitarplayers.com\\\/tienda\\\/sin categor\u00eda\\\/bafle-audiocenter-mod-v-hla12mkii\\\/#primaryimage\",\"url\":\"https:\\\/\\\/www.mexicanguitarplayers.com\\\/wp-content\\\/uploads\\\/2025\\\/04\\\/IAACTVHLA12MK.jpg\",\"contentUrl\":\"https:\\\/\\\/www.mexicanguitarplayers.com\\\/wp-content\\\/uploads\\\/2025\\\/04\\\/IAACTVHLA12MK.jpg\",\"width\":800,\"height\":1600},{\"@type\":\"BreadcrumbList\",\"@id\":\"https:\\\/\\\/www.mexicanguitarplayers.com\\\/tienda\\\/sin categor\u00eda\\\/bafle-audiocenter-mod-v-hla12mkii\\\/#breadcrumb\",\"itemListElement\":[{\"@type\":\"ListItem\",\"position\":1,\"name\":\"Portada\",\"item\":\"https:\\\/\\\/www.mexicanguitarplayers.com\\\/\"},{\"@type\":\"ListItem\",\"position\":2,\"name\":\"Tienda\",\"item\":\"https:\\\/\\\/www.mexicanguitarplayers.com\\\/tienda\\\/\"},{\"@type\":\"ListItem\",\"position\":3,\"name\":\"BAFLE AUDIOCENTER MOD. V-HLA12MKII\"}]},{\"@type\":\"WebSite\",\"@id\":\"https:\\\/\\\/www.mexicanguitarplayers.com\\\/#website\",\"url\":\"https:\\\/\\\/www.mexicanguitarplayers.com\\\/\",\"name\":\"Mexican Guitar Players\",\"description\":\"Website\",\"publisher\":{\"@id\":\"https:\\\/\\\/www.mexicanguitarplayers.com\\\/#organization\"},\"potentialAction\":[{\"@type\":\"SearchAction\",\"target\":{\"@type\":\"EntryPoint\",\"urlTemplate\":\"https:\\\/\\\/www.mexicanguitarplayers.com\\\/?s={search_term_string}\"},\"query-input\":{\"@type\":\"PropertyValueSpecification\",\"valueRequired\":true,\"valueName\":\"search_term_string\"}}],\"inLanguage\":\"en-US\"},{\"@type\":\"Organization\",\"@id\":\"https:\\\/\\\/www.mexicanguitarplayers.com\\\/#organization\",\"name\":\"Mexican Guitar Players\",\"url\":\"https:\\\/\\\/www.mexicanguitarplayers.com\\\/\",\"logo\":{\"@type\":\"ImageObject\",\"inLanguage\":\"en-US\",\"@id\":\"https:\\\/\\\/www.mexicanguitarplayers.com\\\/#\\\/schema\\\/logo\\\/image\\\/\",\"url\":\"\",\"contentUrl\":\"\",\"caption\":\"Mexican Guitar Players\"},\"image\":{\"@id\":\"https:\\\/\\\/www.mexicanguitarplayers.com\\\/#\\\/schema\\\/logo\\\/image\\\/\"}}]}<\/script>\n<!-- \/ Yoast SEO plugin. -->","yoast_head_json":{"title":"BAFLE AUDIOCENTER  MOD. V-HLA12MKII - Mexican Guitar Players","description":"Bafle pasivo para arreglo lineal, driver HF Beyma de 12\u201d pulgadas con bobina m\u00f3vil de 2.84\u201d y salida de 1.4\u201d, driver LF Faital con bobina m\u00f3vil de 4\u201d, potencia del driver LF: AES:700 watts, programa: 1400 watts, pico: 2800 watts, potencia del driver HF: AES:70 watts, programa: 140 watts, pico: 280 watts, impedancia: 8 ohms, respuesta de frecuencia: 54 Hz - 20 kHz, sensibilidad LF: 101 dB, sensibilidad HF: 109 dB, directividad: 90 x 15, SPL M\u00e1ximo LF: 129 dB, SPL m\u00e1ximo HF: 127 dB, gabinete de abedul ruso de alta densidad CNC, dimensiones: 331 x 700 x 437 mm, peso: 29 kg.","robots":{"index":"index","follow":"follow","max-snippet":"max-snippet:-1","max-image-preview":"max-image-preview:large","max-video-preview":"max-video-preview:-1"},"canonical":"https:\/\/www.mexicanguitarplayers.com\/en\/tienda\/sin categor\u00eda\/bafle-audiocenter-mod-v-hla12mkii\/","og_locale":"en_US","og_type":"article","og_title":"BAFLE AUDIOCENTER  MOD. V-HLA12MKII - Mexican Guitar Players","og_description":"Bafle pasivo para arreglo lineal, driver HF Beyma de 12\u201d pulgadas con bobina m\u00f3vil de 2.84\u201d y salida de 1.4\u201d, driver LF Faital con bobina m\u00f3vil de 4\u201d, potencia del driver LF: AES:700 watts, programa: 1400 watts, pico: 2800 watts, potencia del driver HF: AES:70 watts, programa: 140 watts, pico: 280 watts, impedancia: 8 ohms, respuesta de frecuencia: 54 Hz - 20 kHz, sensibilidad LF: 101 dB, sensibilidad HF: 109 dB, directividad: 90 x 15, SPL M\u00e1ximo LF: 129 dB, SPL m\u00e1ximo HF: 127 dB, gabinete de abedul ruso de alta densidad CNC, dimensiones: 331 x 700 x 437 mm, peso: 29 kg.","og_url":"https:\/\/www.mexicanguitarplayers.com\/en\/tienda\/sin categor\u00eda\/bafle-audiocenter-mod-v-hla12mkii\/","og_site_name":"Mexican Guitar Players","article_modified_time":"2026-04-10T10:44:38+00:00","twitter_card":"summary_large_image","twitter_misc":{"Est. reading time":"1 minute"},"schema":{"@context":"https:\/\/schema.org","@graph":[{"@type":["WebPage","ItemPage"],"@id":"https:\/\/www.mexicanguitarplayers.com\/tienda\/sin categor\u00eda\/bafle-audiocenter-mod-v-hla12mkii\/","url":"https:\/\/www.mexicanguitarplayers.com\/tienda\/sin categor\u00eda\/bafle-audiocenter-mod-v-hla12mkii\/","name":"BAFLE AUDIOCENTER MOD. V-HLA12MKII - Mexican Guitar Players","isPartOf":{"@id":"https:\/\/www.mexicanguitarplayers.com\/#website"},"primaryImageOfPage":{"@id":"https:\/\/www.mexicanguitarplayers.com\/tienda\/sin categor\u00eda\/bafle-audiocenter-mod-v-hla12mkii\/#primaryimage"},"image":{"@id":"https:\/\/www.mexicanguitarplayers.com\/tienda\/sin categor\u00eda\/bafle-audiocenter-mod-v-hla12mkii\/#primaryimage"},"thumbnailUrl":"https:\/\/www.mexicanguitarplayers.com\/wp-content\/uploads\/2025\/04\/IAACTVHLA12MK.jpg","datePublished":"2025-04-06T22:38:42+00:00","dateModified":"2026-04-10T10:44:38+00:00","description":"Bafle pasivo para arreglo lineal, driver HF Beyma de 12\u201d pulgadas con bobina m\u00f3vil de 2.84\u201d y salida de 1.4\u201d, driver LF Faital con bobina m\u00f3vil de 4\u201d, potencia del driver LF: AES:700 watts, programa: 1400 watts, pico: 2800 watts, potencia del driver HF: AES:70 watts, programa: 140 watts, pico: 280 watts, impedancia: 8 ohms, respuesta de frecuencia: 54 Hz - 20 kHz, sensibilidad LF: 101 dB, sensibilidad HF: 109 dB, directividad: 90 x 15, SPL M\u00e1ximo LF: 129 dB, SPL m\u00e1ximo HF: 127 dB, gabinete de abedul ruso de alta densidad CNC, dimensiones: 331 x 700 x 437 mm, peso: 29 kg.","breadcrumb":{"@id":"https:\/\/www.mexicanguitarplayers.com\/tienda\/sin categor\u00eda\/bafle-audiocenter-mod-v-hla12mkii\/#breadcrumb"},"inLanguage":"en-US","potentialAction":[{"@type":"ReadAction","target":["https:\/\/www.mexicanguitarplayers.com\/tienda\/sin categor\u00eda\/bafle-audiocenter-mod-v-hla12mkii\/"]}]},{"@type":"ImageObject","inLanguage":"en-US","@id":"https:\/\/www.mexicanguitarplayers.com\/tienda\/sin categor\u00eda\/bafle-audiocenter-mod-v-hla12mkii\/#primaryimage","url":"https:\/\/www.mexicanguitarplayers.com\/wp-content\/uploads\/2025\/04\/IAACTVHLA12MK.jpg","contentUrl":"https:\/\/www.mexicanguitarplayers.com\/wp-content\/uploads\/2025\/04\/IAACTVHLA12MK.jpg","width":800,"height":1600},{"@type":"BreadcrumbList","@id":"https:\/\/www.mexicanguitarplayers.com\/tienda\/sin categor\u00eda\/bafle-audiocenter-mod-v-hla12mkii\/#breadcrumb","itemListElement":[{"@type":"ListItem","position":1,"name":"Portada","item":"https:\/\/www.mexicanguitarplayers.com\/"},{"@type":"ListItem","position":2,"name":"Tienda","item":"https:\/\/www.mexicanguitarplayers.com\/tienda\/"},{"@type":"ListItem","position":3,"name":"BAFLE AUDIOCENTER MOD. V-HLA12MKII"}]},{"@type":"WebSite","@id":"https:\/\/www.mexicanguitarplayers.com\/#website","url":"https:\/\/www.mexicanguitarplayers.com\/","name":"Mexican Guitar Players","description":"Website","publisher":{"@id":"https:\/\/www.mexicanguitarplayers.com\/#organization"},"potentialAction":[{"@type":"SearchAction","target":{"@type":"EntryPoint","urlTemplate":"https:\/\/www.mexicanguitarplayers.com\/?s={search_term_string}"},"query-input":{"@type":"PropertyValueSpecification","valueRequired":true,"valueName":"search_term_string"}}],"inLanguage":"en-US"},{"@type":"Organization","@id":"https:\/\/www.mexicanguitarplayers.com\/#organization","name":"Mexican Guitar Players","url":"https:\/\/www.mexicanguitarplayers.com\/","logo":{"@type":"ImageObject","inLanguage":"en-US","@id":"https:\/\/www.mexicanguitarplayers.com\/#\/schema\/logo\/image\/","url":"","contentUrl":"","caption":"Mexican Guitar Players"},"image":{"@id":"https:\/\/www.mexicanguitarplayers.com\/#\/schema\/logo\/image\/"}}]}},"brands":[{"id":525,"name":"AUDIOCENTER","slug":"audiocenter"}],"_links":{"self":[{"href":"https:\/\/www.mexicanguitarplayers.com\/en\/wp-json\/wp\/v2\/product\/25963","targetHints":{"allow":["GET"]}}],"collection":[{"href":"https:\/\/www.mexicanguitarplayers.com\/en\/wp-json\/wp\/v2\/product"}],"about":[{"href":"https:\/\/www.mexicanguitarplayers.com\/en\/wp-json\/wp\/v2\/types\/product"}],"replies":[{"embeddable":true,"href":"https:\/\/www.mexicanguitarplayers.com\/en\/wp-json\/wp\/v2\/comments?post=25963"}],"wp:featuredmedia":[{"embeddable":true,"href":"https:\/\/www.mexicanguitarplayers.com\/en\/wp-json\/wp\/v2\/media\/25961"}],"wp:attachment":[{"href":"https:\/\/www.mexicanguitarplayers.com\/en\/wp-json\/wp\/v2\/media?parent=25963"}],"wp:term":[{"taxonomy":"pwb-brand","embeddable":true,"href":"https:\/\/www.mexicanguitarplayers.com\/en\/wp-json\/wp\/v2\/pwb-brand?post=25963"},{"taxonomy":"product_brand","embeddable":true,"href":"https:\/\/www.mexicanguitarplayers.com\/en\/wp-json\/wp\/v2\/product_brand?post=25963"},{"taxonomy":"product_cat","embeddable":true,"href":"https:\/\/www.mexicanguitarplayers.com\/en\/wp-json\/wp\/v2\/product_cat?post=25963"},{"taxonomy":"product_tag","embeddable":true,"href":"https:\/\/www.mexicanguitarplayers.com\/en\/wp-json\/wp\/v2\/product_tag?post=25963"}],"curies":[{"name":"wp","href":"https:\/\/api.w.org\/{rel}","templated":true}]}}